{"id":697,"date":"2019-06-03T18:29:34","date_gmt":"2019-06-03T18:29:34","guid":{"rendered":"http:\/\/wordpress.ft.unicamp.br\/ecoedu\/?page_id=697"},"modified":"2019-06-06T18:42:46","modified_gmt":"2019-06-06T18:42:46","slug":"2006-2","status":"publish","type":"page","link":"https:\/\/wordpress.ft.unicamp.br\/ecoedu\/2006-2\/","title":{"rendered":"Equipe 2006"},"content":{"rendered":"\n<div class=\"wp-block-image\"><figure class=\"aligncenter is-resized\"><img fetchpriority=\"high\" decoding=\"async\" src=\"https:\/\/wordpress.ft.unicamp.br\/ecoedu\/wp-content\/uploads\/sites\/28\/2019\/06\/Equipe-2006-1.png\" alt=\"\" class=\"wp-image-705\" width=\"413\" height=\"243\" srcset=\"https:\/\/wordpress.ft.unicamp.br\/ecoedu\/wp-content\/uploads\/sites\/28\/2019\/06\/Equipe-2006-1.png 505w, https:\/\/wordpress.ft.unicamp.br\/ecoedu\/wp-content\/uploads\/sites\/28\/2019\/06\/Equipe-2006-1-300x176.png 300w\" sizes=\"(max-width: 413px) 100vw, 413px\" \/><\/figure><\/div>\n\n\n\n<table class=\"wp-block-table aligncenter\"><tbody><tr><td><strong>NOME<\/strong><\/td><td><strong>CURSO\/FORMA\u00c7\u00c3O<\/strong><\/td><\/tr><tr><td>Marciela\n  Justino<\/td><td>Curso Superior de\n  Tecnologia em Constru\u00e7\u00e3o de Edif\u00edcios<\/td><\/tr><tr><td>Daniel Makino<\/td><td>Curso Superior de\n  Tecnologia em Saneamento Ambiental<\/td><\/tr><tr><td>Angela<\/td><td>Curso Superior de\n  Tecnologia em Saneamento Ambiental<\/td><\/tr><tr><td>P\u00e2mela<\/td><td>Curso Superior de\n  Tecnologia em Saneamento Ambiental<\/td><\/tr><tr><td>Thalita Ivi\n  de Azevedo<\/td><td>Curso Superior de\n  Tecnologia em Saneamento Ambiental<\/td><\/tr><tr><td>C\u00edcera\n  Gon\u00e7alvez<\/td><td>Curso Superior de\n  Tecnologia em Saneamento Ambiental<\/td><\/tr><tr><td>Lucas<\/td><td>Curso Superior de\n  Tecnologia em Constru\u00e7\u00e3o de Edif\u00edcios<\/td><\/tr><tr><td>Danilo<\/td><td>Curso Superior de\n  Tecnologia em Constru\u00e7\u00e3o de Edif\u00edcios<\/td><\/tr><tr><td>Guilherme<\/td><td>Curso Superior de\n  Tecnologia em Constru\u00e7\u00e3o de Edif\u00edcios<\/td><\/tr><tr><td>Angela Albino<\/td><td>Colaborador<\/td><\/tr><tr><td>Wagner Guidi<\/td><td>Colaborador<\/td><\/tr><\/tbody><\/table>\n","protected":false},"excerpt":{"rendered":"<p>NOME CURSO\/FORMA\u00c7\u00c3O Marciela Justino Curso Superior de Tecnologia em Constru\u00e7\u00e3o de Edif\u00edcios Daniel Makino Curso Superior de Tecnologia em Saneamento Ambiental Angela Curso Superior de Tecnologia em Saneamento Ambiental P\u00e2mela Curso Superior de Tecnologia em Saneamento Ambiental Thalita Ivi de Azevedo Curso Superior de Tecnologia em Saneamento Ambiental C\u00edcera Gon\u00e7alvez Curso Superior de Tecnologia em<a class=\"read-more\" href=\"https:\/\/wordpress.ft.unicamp.br\/ecoedu\/2006-2\/\"><br \/>-> Continue reading<span class=\"screen-reader-text\">  Equipe 2006<\/span><\/a><\/p>\n","protected":false},"author":17,"featured_media":0,"parent":0,"menu_order":0,"comment_status":"closed","ping_status":"closed","template":"template-fullwidth-no-title.php","meta":{"footnotes":""},"class_list":["post-697","page","type-page","status-publish","hentry"],"yoast_head":"<!-- This site is optimized with the Yoast SEO plugin v27.5 - https:\/\/yoast.com\/product\/yoast-seo-wordpress\/ -->\n<title>Equipe 2006 - Ecoedu Ambiental<\/title>\n<meta name=\"robots\" content=\"index, follow, max-snippet:-1, max-image-preview:large, max-video-preview:-1\" \/>\n<link rel=\"canonical\" href=\"https:\/\/wordpress.ft.unicamp.br\/ecoedu\/2006-2\/\" \/>\n<meta property=\"og:locale\" content=\"pt_BR\" \/>\n<meta property=\"og:type\" content=\"article\" \/>\n<meta property=\"og:title\" content=\"Equipe 2006 - Ecoedu Ambiental\" \/>\n<meta property=\"og:description\" content=\"NOME CURSO\/FORMA\u00c7\u00c3O Marciela Justino Curso Superior de Tecnologia em Constru\u00e7\u00e3o de Edif\u00edcios Daniel Makino Curso Superior de Tecnologia em Saneamento Ambiental Angela Curso Superior de Tecnologia em Saneamento Ambiental P\u00e2mela Curso Superior de Tecnologia em Saneamento Ambiental Thalita Ivi de Azevedo Curso Superior de Tecnologia em Saneamento Ambiental C\u00edcera Gon\u00e7alvez Curso Superior de Tecnologia em-&gt; Continue reading Equipe 2006\" \/>\n<meta property=\"og:url\" content=\"https:\/\/wordpress.ft.unicamp.br\/ecoedu\/2006-2\/\" \/>\n<meta property=\"og:site_name\" content=\"Ecoedu Ambiental\" \/>\n<meta property=\"article:modified_time\" content=\"2019-06-06T18:42:46+00:00\" \/>\n<meta property=\"og:image\" content=\"https:\/\/wordpress.ft.unicamp.br\/ecoedu\/wp-content\/uploads\/sites\/28\/2019\/06\/Equipe-2006-1.png\" \/>\n<meta name=\"twitter:card\" content=\"summary_large_image\" \/>\n<script type=\"application\/ld+json\" class=\"yoast-schema-graph\">{\"@context\":\"https:\\\/\\\/schema.org\",\"@graph\":[{\"@type\":\"WebPage\",\"@id\":\"https:\\\/\\\/wordpress.ft.unicamp.br\\\/ecoedu\\\/2006-2\\\/\",\"url\":\"https:\\\/\\\/wordpress.ft.unicamp.br\\\/ecoedu\\\/2006-2\\\/\",\"name\":\"Equipe 2006 - Ecoedu Ambiental\",\"isPartOf\":{\"@id\":\"https:\\\/\\\/wordpress.ft.unicamp.br\\\/ecoedu\\\/#website\"},\"primaryImageOfPage\":{\"@id\":\"https:\\\/\\\/wordpress.ft.unicamp.br\\\/ecoedu\\\/2006-2\\\/#primaryimage\"},\"image\":{\"@id\":\"https:\\\/\\\/wordpress.ft.unicamp.br\\\/ecoedu\\\/2006-2\\\/#primaryimage\"},\"thumbnailUrl\":\"https:\\\/\\\/wordpress.ft.unicamp.br\\\/ecoedu\\\/wp-content\\\/uploads\\\/sites\\\/28\\\/2019\\\/06\\\/Equipe-2006-1.png\",\"datePublished\":\"2019-06-03T18:29:34+00:00\",\"dateModified\":\"2019-06-06T18:42:46+00:00\",\"breadcrumb\":{\"@id\":\"https:\\\/\\\/wordpress.ft.unicamp.br\\\/ecoedu\\\/2006-2\\\/#breadcrumb\"},\"inLanguage\":\"pt-BR\",\"potentialAction\":[{\"@type\":\"ReadAction\",\"target\":[\"https:\\\/\\\/wordpress.ft.unicamp.br\\\/ecoedu\\\/2006-2\\\/\"]}]},{\"@type\":\"ImageObject\",\"inLanguage\":\"pt-BR\",\"@id\":\"https:\\\/\\\/wordpress.ft.unicamp.br\\\/ecoedu\\\/2006-2\\\/#primaryimage\",\"url\":\"https:\\\/\\\/wordpress.ft.unicamp.br\\\/ecoedu\\\/wp-content\\\/uploads\\\/sites\\\/28\\\/2019\\\/06\\\/Equipe-2006-1.png\",\"contentUrl\":\"https:\\\/\\\/wordpress.ft.unicamp.br\\\/ecoedu\\\/wp-content\\\/uploads\\\/sites\\\/28\\\/2019\\\/06\\\/Equipe-2006-1.png\"},{\"@type\":\"BreadcrumbList\",\"@id\":\"https:\\\/\\\/wordpress.ft.unicamp.br\\\/ecoedu\\\/2006-2\\\/#breadcrumb\",\"itemListElement\":[{\"@type\":\"ListItem\",\"position\":1,\"name\":\"Home\",\"item\":\"https:\\\/\\\/wordpress.ft.unicamp.br\\\/ecoedu\\\/\"},{\"@type\":\"ListItem\",\"position\":2,\"name\":\"Equipe 2006\"}]},{\"@type\":\"WebSite\",\"@id\":\"https:\\\/\\\/wordpress.ft.unicamp.br\\\/ecoedu\\\/#website\",\"url\":\"https:\\\/\\\/wordpress.ft.unicamp.br\\\/ecoedu\\\/\",\"name\":\"Ecoedu Ambiental\",\"description\":\"\",\"potentialAction\":[{\"@type\":\"SearchAction\",\"target\":{\"@type\":\"EntryPoint\",\"urlTemplate\":\"https:\\\/\\\/wordpress.ft.unicamp.br\\\/ecoedu\\\/?s={search_term_string}\"},\"query-input\":{\"@type\":\"PropertyValueSpecification\",\"valueRequired\":true,\"valueName\":\"search_term_string\"}}],\"inLanguage\":\"pt-BR\"}]}<\/script>\n<!-- \/ Yoast SEO plugin. -->","yoast_head_json":{"title":"Equipe 2006 - Ecoedu Ambiental","robots":{"index":"index","follow":"follow","max-snippet":"max-snippet:-1","max-image-preview":"max-image-preview:large","max-video-preview":"max-video-preview:-1"},"canonical":"https:\/\/wordpress.ft.unicamp.br\/ecoedu\/2006-2\/","og_locale":"pt_BR","og_type":"article","og_title":"Equipe 2006 - Ecoedu Ambiental","og_description":"NOME CURSO\/FORMA\u00c7\u00c3O Marciela Justino Curso Superior de Tecnologia em Constru\u00e7\u00e3o de Edif\u00edcios Daniel Makino Curso Superior de Tecnologia em Saneamento Ambiental Angela Curso Superior de Tecnologia em Saneamento Ambiental P\u00e2mela Curso Superior de Tecnologia em Saneamento Ambiental Thalita Ivi de Azevedo Curso Superior de Tecnologia em Saneamento Ambiental C\u00edcera Gon\u00e7alvez Curso Superior de Tecnologia em-> Continue reading Equipe 2006","og_url":"https:\/\/wordpress.ft.unicamp.br\/ecoedu\/2006-2\/","og_site_name":"Ecoedu Ambiental","article_modified_time":"2019-06-06T18:42:46+00:00","og_image":[{"url":"https:\/\/wordpress.ft.unicamp.br\/ecoedu\/wp-content\/uploads\/sites\/28\/2019\/06\/Equipe-2006-1.png","type":"","width":"","height":""}],"twitter_card":"summary_large_image","schema":{"@context":"https:\/\/schema.org","@graph":[{"@type":"WebPage","@id":"https:\/\/wordpress.ft.unicamp.br\/ecoedu\/2006-2\/","url":"https:\/\/wordpress.ft.unicamp.br\/ecoedu\/2006-2\/","name":"Equipe 2006 - Ecoedu Ambiental","isPartOf":{"@id":"https:\/\/wordpress.ft.unicamp.br\/ecoedu\/#website"},"primaryImageOfPage":{"@id":"https:\/\/wordpress.ft.unicamp.br\/ecoedu\/2006-2\/#primaryimage"},"image":{"@id":"https:\/\/wordpress.ft.unicamp.br\/ecoedu\/2006-2\/#primaryimage"},"thumbnailUrl":"https:\/\/wordpress.ft.unicamp.br\/ecoedu\/wp-content\/uploads\/sites\/28\/2019\/06\/Equipe-2006-1.png","datePublished":"2019-06-03T18:29:34+00:00","dateModified":"2019-06-06T18:42:46+00:00","breadcrumb":{"@id":"https:\/\/wordpress.ft.unicamp.br\/ecoedu\/2006-2\/#breadcrumb"},"inLanguage":"pt-BR","potentialAction":[{"@type":"ReadAction","target":["https:\/\/wordpress.ft.unicamp.br\/ecoedu\/2006-2\/"]}]},{"@type":"ImageObject","inLanguage":"pt-BR","@id":"https:\/\/wordpress.ft.unicamp.br\/ecoedu\/2006-2\/#primaryimage","url":"https:\/\/wordpress.ft.unicamp.br\/ecoedu\/wp-content\/uploads\/sites\/28\/2019\/06\/Equipe-2006-1.png","contentUrl":"https:\/\/wordpress.ft.unicamp.br\/ecoedu\/wp-content\/uploads\/sites\/28\/2019\/06\/Equipe-2006-1.png"},{"@type":"BreadcrumbList","@id":"https:\/\/wordpress.ft.unicamp.br\/ecoedu\/2006-2\/#breadcrumb","itemListElement":[{"@type":"ListItem","position":1,"name":"Home","item":"https:\/\/wordpress.ft.unicamp.br\/ecoedu\/"},{"@type":"ListItem","position":2,"name":"Equipe 2006"}]},{"@type":"WebSite","@id":"https:\/\/wordpress.ft.unicamp.br\/ecoedu\/#website","url":"https:\/\/wordpress.ft.unicamp.br\/ecoedu\/","name":"Ecoedu Ambiental","description":"","potentialAction":[{"@type":"SearchAction","target":{"@type":"EntryPoint","urlTemplate":"https:\/\/wordpress.ft.unicamp.br\/ecoedu\/?s={search_term_string}"},"query-input":{"@type":"PropertyValueSpecification","valueRequired":true,"valueName":"search_term_string"}}],"inLanguage":"pt-BR"}]}},"_links":{"self":[{"href":"https:\/\/wordpress.ft.unicamp.br\/ecoedu\/wp-json\/wp\/v2\/pages\/697","targetHints":{"allow":["GET"]}}],"collection":[{"href":"https:\/\/wordpress.ft.unicamp.br\/ecoedu\/wp-json\/wp\/v2\/pages"}],"about":[{"href":"https:\/\/wordpress.ft.unicamp.br\/ecoedu\/wp-json\/wp\/v2\/types\/page"}],"author":[{"embeddable":true,"href":"https:\/\/wordpress.ft.unicamp.br\/ecoedu\/wp-json\/wp\/v2\/users\/17"}],"replies":[{"embeddable":true,"href":"https:\/\/wordpress.ft.unicamp.br\/ecoedu\/wp-json\/wp\/v2\/comments?post=697"}],"version-history":[{"count":4,"href":"https:\/\/wordpress.ft.unicamp.br\/ecoedu\/wp-json\/wp\/v2\/pages\/697\/revisions"}],"predecessor-version":[{"id":858,"href":"https:\/\/wordpress.ft.unicamp.br\/ecoedu\/wp-json\/wp\/v2\/pages\/697\/revisions\/858"}],"wp:attachment":[{"href":"https:\/\/wordpress.ft.unicamp.br\/ecoedu\/wp-json\/wp\/v2\/media?parent=697"}],"curies":[{"name":"wp","href":"https:\/\/api.w.org\/{rel}","templated":true}]}}