{"id":978,"date":"2019-08-26T12:42:47","date_gmt":"2019-08-26T12:42:47","guid":{"rendered":"http:\/\/wordpress.ft.unicamp.br\/ecoedu\/?page_id=978"},"modified":"2019-10-08T20:55:48","modified_gmt":"2019-10-08T20:55:48","slug":"trilha-da-vida-3","status":"publish","type":"page","link":"https:\/\/wordpress.ft.unicamp.br\/ecoedu\/trilha-da-vida-3\/","title":{"rendered":"Trilha da Vida"},"content":{"rendered":"\n<p style=\"text-align:center\"> Projeto\u00a0\u201cTrilha da Vida\u201d \u2013 tem como objetivo utilizar a educa\u00e7\u00e3o ambiental para trazer uma viv\u00eancia diferencia e gerar infinitas reflex\u00f5es para cada participante, com cen\u00e1rio preparado, sala fechada, olhos vendados, sem cal\u00e7ados e sem descri\u00e7\u00f5es pr\u00e9vias. Resgatando os cinco sentidos e passando pelas diferentes eras. <\/p>\n\n\n\n<ul class=\"wp-block-gallery aligncenter columns-5 is-cropped wp-block-gallery-1 is-layout-flex wp-block-gallery-is-layout-flex\"><li class=\"blocks-gallery-item\"><figure><a href=\"https:\/\/wordpress.ft.unicamp.br\/ecoedu\/wp-content\/uploads\/sites\/28\/2019\/10\/C\u00f3pia-de-7f98c9fc-ac15-44f6-9322-12814410b872-768x1024.jpg\"><img fetchpriority=\"high\" decoding=\"async\" width=\"768\" height=\"1024\" src=\"https:\/\/wordpress.ft.unicamp.br\/ecoedu\/wp-content\/uploads\/sites\/28\/2019\/10\/C\u00f3pia-de-7f98c9fc-ac15-44f6-9322-12814410b872-768x1024.jpg\" alt=\"\" data-id=\"1046\" data-link=\"https:\/\/wordpress.ft.unicamp.br\/ecoedu\/trilha-da-vida-3\/copia-de-7f98c9fc-ac15-44f6-9322-12814410b872\/\" class=\"wp-image-1046\" srcset=\"https:\/\/wordpress.ft.unicamp.br\/ecoedu\/wp-content\/uploads\/sites\/28\/2019\/10\/C\u00f3pia-de-7f98c9fc-ac15-44f6-9322-12814410b872-768x1024.jpg 768w, https:\/\/wordpress.ft.unicamp.br\/ecoedu\/wp-content\/uploads\/sites\/28\/2019\/10\/C\u00f3pia-de-7f98c9fc-ac15-44f6-9322-12814410b872-225x300.jpg 225w, https:\/\/wordpress.ft.unicamp.br\/ecoedu\/wp-content\/uploads\/sites\/28\/2019\/10\/C\u00f3pia-de-7f98c9fc-ac15-44f6-9322-12814410b872.jpg 960w\" sizes=\"(max-width: 768px) 100vw, 768px\" \/><\/a><\/figure><\/li><li class=\"blocks-gallery-item\"><figure><a href=\"https:\/\/wordpress.ft.unicamp.br\/ecoedu\/wp-content\/uploads\/sites\/28\/2019\/10\/C\u00f3pia-de-8a17e3fd-60a4-4d0c-bfd4-7c25e7c2319e-565x1024.jpg\"><img decoding=\"async\" width=\"565\" height=\"1024\" src=\"https:\/\/wordpress.ft.unicamp.br\/ecoedu\/wp-content\/uploads\/sites\/28\/2019\/10\/C\u00f3pia-de-8a17e3fd-60a4-4d0c-bfd4-7c25e7c2319e-565x1024.jpg\" alt=\"\" data-id=\"1047\" data-link=\"https:\/\/wordpress.ft.unicamp.br\/ecoedu\/trilha-da-vida-3\/copia-de-8a17e3fd-60a4-4d0c-bfd4-7c25e7c2319e\/\" class=\"wp-image-1047\" srcset=\"https:\/\/wordpress.ft.unicamp.br\/ecoedu\/wp-content\/uploads\/sites\/28\/2019\/10\/C\u00f3pia-de-8a17e3fd-60a4-4d0c-bfd4-7c25e7c2319e-565x1024.jpg 565w, https:\/\/wordpress.ft.unicamp.br\/ecoedu\/wp-content\/uploads\/sites\/28\/2019\/10\/C\u00f3pia-de-8a17e3fd-60a4-4d0c-bfd4-7c25e7c2319e-165x300.jpg 165w, https:\/\/wordpress.ft.unicamp.br\/ecoedu\/wp-content\/uploads\/sites\/28\/2019\/10\/C\u00f3pia-de-8a17e3fd-60a4-4d0c-bfd4-7c25e7c2319e.jpg 706w\" sizes=\"(max-width: 565px) 100vw, 565px\" \/><\/a><\/figure><\/li><li class=\"blocks-gallery-item\"><figure><a href=\"https:\/\/wordpress.ft.unicamp.br\/ecoedu\/wp-content\/uploads\/sites\/28\/2019\/10\/C\u00f3pia-de-460313c5-fecd-44d3-827b-67a9efc30a25-576x1024.jpg\"><img decoding=\"async\" width=\"576\" height=\"1024\" src=\"https:\/\/wordpress.ft.unicamp.br\/ecoedu\/wp-content\/uploads\/sites\/28\/2019\/10\/C\u00f3pia-de-460313c5-fecd-44d3-827b-67a9efc30a25-576x1024.jpg\" alt=\"\" data-id=\"1048\" data-link=\"https:\/\/wordpress.ft.unicamp.br\/ecoedu\/trilha-da-vida-3\/copia-de-460313c5-fecd-44d3-827b-67a9efc30a25\/\" class=\"wp-image-1048\" srcset=\"https:\/\/wordpress.ft.unicamp.br\/ecoedu\/wp-content\/uploads\/sites\/28\/2019\/10\/C\u00f3pia-de-460313c5-fecd-44d3-827b-67a9efc30a25-576x1024.jpg 576w, https:\/\/wordpress.ft.unicamp.br\/ecoedu\/wp-content\/uploads\/sites\/28\/2019\/10\/C\u00f3pia-de-460313c5-fecd-44d3-827b-67a9efc30a25-169x300.jpg 169w, https:\/\/wordpress.ft.unicamp.br\/ecoedu\/wp-content\/uploads\/sites\/28\/2019\/10\/C\u00f3pia-de-460313c5-fecd-44d3-827b-67a9efc30a25.jpg 720w\" sizes=\"(max-width: 576px) 100vw, 576px\" \/><\/a><\/figure><\/li><li class=\"blocks-gallery-item\"><figure><a href=\"https:\/\/wordpress.ft.unicamp.br\/ecoedu\/wp-content\/uploads\/sites\/28\/2019\/10\/C\u00f3pia-de-bb110b4e-4640-4fcc-a03b-37f77315aaec-1024x768.jpg\"><img loading=\"lazy\" decoding=\"async\" width=\"1024\" height=\"768\" src=\"https:\/\/wordpress.ft.unicamp.br\/ecoedu\/wp-content\/uploads\/sites\/28\/2019\/10\/C\u00f3pia-de-bb110b4e-4640-4fcc-a03b-37f77315aaec-1024x768.jpg\" alt=\"\" data-id=\"1049\" data-link=\"https:\/\/wordpress.ft.unicamp.br\/ecoedu\/trilha-da-vida-3\/copia-de-bb110b4e-4640-4fcc-a03b-37f77315aaec\/\" class=\"wp-image-1049\" srcset=\"https:\/\/wordpress.ft.unicamp.br\/ecoedu\/wp-content\/uploads\/sites\/28\/2019\/10\/C\u00f3pia-de-bb110b4e-4640-4fcc-a03b-37f77315aaec-1024x768.jpg 1024w, https:\/\/wordpress.ft.unicamp.br\/ecoedu\/wp-content\/uploads\/sites\/28\/2019\/10\/C\u00f3pia-de-bb110b4e-4640-4fcc-a03b-37f77315aaec-300x225.jpg 300w, https:\/\/wordpress.ft.unicamp.br\/ecoedu\/wp-content\/uploads\/sites\/28\/2019\/10\/C\u00f3pia-de-bb110b4e-4640-4fcc-a03b-37f77315aaec-768x576.jpg 768w, https:\/\/wordpress.ft.unicamp.br\/ecoedu\/wp-content\/uploads\/sites\/28\/2019\/10\/C\u00f3pia-de-bb110b4e-4640-4fcc-a03b-37f77315aaec-285x214.jpg 285w, https:\/\/wordpress.ft.unicamp.br\/ecoedu\/wp-content\/uploads\/sites\/28\/2019\/10\/C\u00f3pia-de-bb110b4e-4640-4fcc-a03b-37f77315aaec.jpg 1280w\" sizes=\"(max-width: 1024px) 100vw, 1024px\" \/><\/a><\/figure><\/li><li class=\"blocks-gallery-item\"><figure><a href=\"https:\/\/wordpress.ft.unicamp.br\/ecoedu\/wp-content\/uploads\/sites\/28\/2019\/10\/C\u00f3pia-de-d280528b-6794-44db-891e-71767813a189-768x1024.jpg\"><img loading=\"lazy\" decoding=\"async\" width=\"768\" height=\"1024\" src=\"https:\/\/wordpress.ft.unicamp.br\/ecoedu\/wp-content\/uploads\/sites\/28\/2019\/10\/C\u00f3pia-de-d280528b-6794-44db-891e-71767813a189-768x1024.jpg\" alt=\"\" data-id=\"1050\" data-link=\"https:\/\/wordpress.ft.unicamp.br\/ecoedu\/trilha-da-vida-3\/copia-de-d280528b-6794-44db-891e-71767813a189\/\" class=\"wp-image-1050\" srcset=\"https:\/\/wordpress.ft.unicamp.br\/ecoedu\/wp-content\/uploads\/sites\/28\/2019\/10\/C\u00f3pia-de-d280528b-6794-44db-891e-71767813a189-768x1024.jpg 768w, https:\/\/wordpress.ft.unicamp.br\/ecoedu\/wp-content\/uploads\/sites\/28\/2019\/10\/C\u00f3pia-de-d280528b-6794-44db-891e-71767813a189-225x300.jpg 225w, https:\/\/wordpress.ft.unicamp.br\/ecoedu\/wp-content\/uploads\/sites\/28\/2019\/10\/C\u00f3pia-de-d280528b-6794-44db-891e-71767813a189.jpg 960w\" sizes=\"(max-width: 768px) 100vw, 768px\" \/><\/a><\/figure><\/li><li class=\"blocks-gallery-item\"><figure><a href=\"https:\/\/wordpress.ft.unicamp.br\/ecoedu\/wp-content\/uploads\/sites\/28\/2019\/10\/C\u00f3pia-de-fe94429c-26ed-4ffc-ae9d-75bcea123b66-1024x768.jpg\"><img loading=\"lazy\" decoding=\"async\" width=\"1024\" height=\"768\" src=\"https:\/\/wordpress.ft.unicamp.br\/ecoedu\/wp-content\/uploads\/sites\/28\/2019\/10\/C\u00f3pia-de-fe94429c-26ed-4ffc-ae9d-75bcea123b66-1024x768.jpg\" alt=\"\" data-id=\"1051\" data-link=\"https:\/\/wordpress.ft.unicamp.br\/ecoedu\/trilha-da-vida-3\/copia-de-fe94429c-26ed-4ffc-ae9d-75bcea123b66\/\" class=\"wp-image-1051\" srcset=\"https:\/\/wordpress.ft.unicamp.br\/ecoedu\/wp-content\/uploads\/sites\/28\/2019\/10\/C\u00f3pia-de-fe94429c-26ed-4ffc-ae9d-75bcea123b66-1024x768.jpg 1024w, https:\/\/wordpress.ft.unicamp.br\/ecoedu\/wp-content\/uploads\/sites\/28\/2019\/10\/C\u00f3pia-de-fe94429c-26ed-4ffc-ae9d-75bcea123b66-300x225.jpg 300w, https:\/\/wordpress.ft.unicamp.br\/ecoedu\/wp-content\/uploads\/sites\/28\/2019\/10\/C\u00f3pia-de-fe94429c-26ed-4ffc-ae9d-75bcea123b66-768x576.jpg 768w, https:\/\/wordpress.ft.unicamp.br\/ecoedu\/wp-content\/uploads\/sites\/28\/2019\/10\/C\u00f3pia-de-fe94429c-26ed-4ffc-ae9d-75bcea123b66-285x214.jpg 285w, https:\/\/wordpress.ft.unicamp.br\/ecoedu\/wp-content\/uploads\/sites\/28\/2019\/10\/C\u00f3pia-de-fe94429c-26ed-4ffc-ae9d-75bcea123b66.jpg 1280w\" sizes=\"(max-width: 1024px) 100vw, 1024px\" \/><\/a><\/figure><\/li><li class=\"blocks-gallery-item\"><figure><a href=\"https:\/\/wordpress.ft.unicamp.br\/ecoedu\/wp-content\/uploads\/sites\/28\/2019\/10\/C\u00f3pia-de-IMG-20190129-WA0006-1024x768.jpg\"><img loading=\"lazy\" decoding=\"async\" width=\"1024\" height=\"768\" src=\"https:\/\/wordpress.ft.unicamp.br\/ecoedu\/wp-content\/uploads\/sites\/28\/2019\/10\/C\u00f3pia-de-IMG-20190129-WA0006-1024x768.jpg\" alt=\"\" data-id=\"1052\" data-link=\"https:\/\/wordpress.ft.unicamp.br\/ecoedu\/trilha-da-vida-3\/copia-de-img-20190129-wa0006\/\" class=\"wp-image-1052\" srcset=\"https:\/\/wordpress.ft.unicamp.br\/ecoedu\/wp-content\/uploads\/sites\/28\/2019\/10\/C\u00f3pia-de-IMG-20190129-WA0006-1024x768.jpg 1024w, https:\/\/wordpress.ft.unicamp.br\/ecoedu\/wp-content\/uploads\/sites\/28\/2019\/10\/C\u00f3pia-de-IMG-20190129-WA0006-300x225.jpg 300w, https:\/\/wordpress.ft.unicamp.br\/ecoedu\/wp-content\/uploads\/sites\/28\/2019\/10\/C\u00f3pia-de-IMG-20190129-WA0006-768x576.jpg 768w, https:\/\/wordpress.ft.unicamp.br\/ecoedu\/wp-content\/uploads\/sites\/28\/2019\/10\/C\u00f3pia-de-IMG-20190129-WA0006-285x214.jpg 285w, https:\/\/wordpress.ft.unicamp.br\/ecoedu\/wp-content\/uploads\/sites\/28\/2019\/10\/C\u00f3pia-de-IMG-20190129-WA0006.jpg 1280w\" sizes=\"(max-width: 1024px) 100vw, 1024px\" \/><\/a><\/figure><\/li><li class=\"blocks-gallery-item\"><figure><a href=\"https:\/\/wordpress.ft.unicamp.br\/ecoedu\/wp-content\/uploads\/sites\/28\/2019\/10\/C\u00f3pia-de-IMG-20190129-WA0007-768x1024.jpg\"><img loading=\"lazy\" decoding=\"async\" width=\"768\" height=\"1024\" src=\"https:\/\/wordpress.ft.unicamp.br\/ecoedu\/wp-content\/uploads\/sites\/28\/2019\/10\/C\u00f3pia-de-IMG-20190129-WA0007-768x1024.jpg\" alt=\"\" data-id=\"1053\" data-link=\"https:\/\/wordpress.ft.unicamp.br\/ecoedu\/trilha-da-vida-3\/copia-de-img-20190129-wa0007\/\" class=\"wp-image-1053\" srcset=\"https:\/\/wordpress.ft.unicamp.br\/ecoedu\/wp-content\/uploads\/sites\/28\/2019\/10\/C\u00f3pia-de-IMG-20190129-WA0007-768x1024.jpg 768w, https:\/\/wordpress.ft.unicamp.br\/ecoedu\/wp-content\/uploads\/sites\/28\/2019\/10\/C\u00f3pia-de-IMG-20190129-WA0007-225x300.jpg 225w, https:\/\/wordpress.ft.unicamp.br\/ecoedu\/wp-content\/uploads\/sites\/28\/2019\/10\/C\u00f3pia-de-IMG-20190129-WA0007.jpg 960w\" sizes=\"(max-width: 768px) 100vw, 768px\" \/><\/a><\/figure><\/li><\/ul>\n\n\n\n<p><\/p>\n","protected":false},"excerpt":{"rendered":"<p>Projeto\u00a0\u201cTrilha da Vida\u201d \u2013 tem como objetivo utilizar a educa\u00e7\u00e3o ambiental para trazer uma viv\u00eancia diferencia e gerar infinitas reflex\u00f5es para cada participante, com cen\u00e1rio preparado, sala fechada, olhos vendados, sem cal\u00e7ados e sem descri\u00e7\u00f5es pr\u00e9vias. Resgatando os cinco sentidos e passando pelas diferentes eras.<\/p>\n","protected":false},"author":17,"featured_media":0,"parent":0,"menu_order":0,"comment_status":"closed","ping_status":"closed","template":"template-fullwidth-no-title.php","meta":{"footnotes":""},"class_list":["post-978","page","type-page","status-publish","hentry"],"yoast_head":"<!-- This site is optimized with the Yoast SEO plugin v27.5 - https:\/\/yoast.com\/product\/yoast-seo-wordpress\/ -->\n<title>Trilha da Vida - Ecoedu Ambiental<\/title>\n<meta name=\"robots\" content=\"index, follow, max-snippet:-1, max-image-preview:large, max-video-preview:-1\" \/>\n<link rel=\"canonical\" href=\"https:\/\/wordpress.ft.unicamp.br\/ecoedu\/trilha-da-vida-3\/\" \/>\n<meta property=\"og:locale\" content=\"pt_BR\" \/>\n<meta property=\"og:type\" content=\"article\" \/>\n<meta property=\"og:title\" content=\"Trilha da Vida - Ecoedu Ambiental\" \/>\n<meta property=\"og:description\" content=\"Projeto\u00a0\u201cTrilha da Vida\u201d \u2013 tem como objetivo utilizar a educa\u00e7\u00e3o ambiental para trazer uma viv\u00eancia diferencia e gerar infinitas reflex\u00f5es para cada participante, com cen\u00e1rio preparado, sala fechada, olhos vendados, sem cal\u00e7ados e sem descri\u00e7\u00f5es pr\u00e9vias. Resgatando os cinco sentidos e passando pelas diferentes eras.\" \/>\n<meta property=\"og:url\" content=\"https:\/\/wordpress.ft.unicamp.br\/ecoedu\/trilha-da-vida-3\/\" \/>\n<meta property=\"og:site_name\" content=\"Ecoedu Ambiental\" \/>\n<meta property=\"article:modified_time\" content=\"2019-10-08T20:55:48+00:00\" \/>\n<meta property=\"og:image\" content=\"https:\/\/wordpress.ft.unicamp.br\/ecoedu\/wp-content\/uploads\/sites\/28\/2019\/10\/C\u00f3pia-de-7f98c9fc-ac15-44f6-9322-12814410b872-768x1024.jpg\" \/>\n<meta name=\"twitter:card\" content=\"summary_large_image\" \/>\n<script type=\"application\/ld+json\" class=\"yoast-schema-graph\">{\"@context\":\"https:\\\/\\\/schema.org\",\"@graph\":[{\"@type\":\"WebPage\",\"@id\":\"https:\\\/\\\/wordpress.ft.unicamp.br\\\/ecoedu\\\/trilha-da-vida-3\\\/\",\"url\":\"https:\\\/\\\/wordpress.ft.unicamp.br\\\/ecoedu\\\/trilha-da-vida-3\\\/\",\"name\":\"Trilha da Vida - Ecoedu Ambiental\",\"isPartOf\":{\"@id\":\"https:\\\/\\\/wordpress.ft.unicamp.br\\\/ecoedu\\\/#website\"},\"datePublished\":\"2019-08-26T12:42:47+00:00\",\"dateModified\":\"2019-10-08T20:55:48+00:00\",\"breadcrumb\":{\"@id\":\"https:\\\/\\\/wordpress.ft.unicamp.br\\\/ecoedu\\\/trilha-da-vida-3\\\/#breadcrumb\"},\"inLanguage\":\"pt-BR\",\"potentialAction\":[{\"@type\":\"ReadAction\",\"target\":[\"https:\\\/\\\/wordpress.ft.unicamp.br\\\/ecoedu\\\/trilha-da-vida-3\\\/\"]}]},{\"@type\":\"BreadcrumbList\",\"@id\":\"https:\\\/\\\/wordpress.ft.unicamp.br\\\/ecoedu\\\/trilha-da-vida-3\\\/#breadcrumb\",\"itemListElement\":[{\"@type\":\"ListItem\",\"position\":1,\"name\":\"Home\",\"item\":\"https:\\\/\\\/wordpress.ft.unicamp.br\\\/ecoedu\\\/\"},{\"@type\":\"ListItem\",\"position\":2,\"name\":\"Trilha da Vida\"}]},{\"@type\":\"WebSite\",\"@id\":\"https:\\\/\\\/wordpress.ft.unicamp.br\\\/ecoedu\\\/#website\",\"url\":\"https:\\\/\\\/wordpress.ft.unicamp.br\\\/ecoedu\\\/\",\"name\":\"Ecoedu Ambiental\",\"description\":\"\",\"potentialAction\":[{\"@type\":\"SearchAction\",\"target\":{\"@type\":\"EntryPoint\",\"urlTemplate\":\"https:\\\/\\\/wordpress.ft.unicamp.br\\\/ecoedu\\\/?s={search_term_string}\"},\"query-input\":{\"@type\":\"PropertyValueSpecification\",\"valueRequired\":true,\"valueName\":\"search_term_string\"}}],\"inLanguage\":\"pt-BR\"}]}<\/script>\n<!-- \/ Yoast SEO plugin. -->","yoast_head_json":{"title":"Trilha da Vida - Ecoedu Ambiental","robots":{"index":"index","follow":"follow","max-snippet":"max-snippet:-1","max-image-preview":"max-image-preview:large","max-video-preview":"max-video-preview:-1"},"canonical":"https:\/\/wordpress.ft.unicamp.br\/ecoedu\/trilha-da-vida-3\/","og_locale":"pt_BR","og_type":"article","og_title":"Trilha da Vida - Ecoedu Ambiental","og_description":"Projeto\u00a0\u201cTrilha da Vida\u201d \u2013 tem como objetivo utilizar a educa\u00e7\u00e3o ambiental para trazer uma viv\u00eancia diferencia e gerar infinitas reflex\u00f5es para cada participante, com cen\u00e1rio preparado, sala fechada, olhos vendados, sem cal\u00e7ados e sem descri\u00e7\u00f5es pr\u00e9vias. Resgatando os cinco sentidos e passando pelas diferentes eras.","og_url":"https:\/\/wordpress.ft.unicamp.br\/ecoedu\/trilha-da-vida-3\/","og_site_name":"Ecoedu Ambiental","article_modified_time":"2019-10-08T20:55:48+00:00","og_image":[{"url":"https:\/\/wordpress.ft.unicamp.br\/ecoedu\/wp-content\/uploads\/sites\/28\/2019\/10\/C\u00f3pia-de-7f98c9fc-ac15-44f6-9322-12814410b872-768x1024.jpg","type":"","width":"","height":""}],"twitter_card":"summary_large_image","schema":{"@context":"https:\/\/schema.org","@graph":[{"@type":"WebPage","@id":"https:\/\/wordpress.ft.unicamp.br\/ecoedu\/trilha-da-vida-3\/","url":"https:\/\/wordpress.ft.unicamp.br\/ecoedu\/trilha-da-vida-3\/","name":"Trilha da Vida - Ecoedu Ambiental","isPartOf":{"@id":"https:\/\/wordpress.ft.unicamp.br\/ecoedu\/#website"},"datePublished":"2019-08-26T12:42:47+00:00","dateModified":"2019-10-08T20:55:48+00:00","breadcrumb":{"@id":"https:\/\/wordpress.ft.unicamp.br\/ecoedu\/trilha-da-vida-3\/#breadcrumb"},"inLanguage":"pt-BR","potentialAction":[{"@type":"ReadAction","target":["https:\/\/wordpress.ft.unicamp.br\/ecoedu\/trilha-da-vida-3\/"]}]},{"@type":"BreadcrumbList","@id":"https:\/\/wordpress.ft.unicamp.br\/ecoedu\/trilha-da-vida-3\/#breadcrumb","itemListElement":[{"@type":"ListItem","position":1,"name":"Home","item":"https:\/\/wordpress.ft.unicamp.br\/ecoedu\/"},{"@type":"ListItem","position":2,"name":"Trilha da Vida"}]},{"@type":"WebSite","@id":"https:\/\/wordpress.ft.unicamp.br\/ecoedu\/#website","url":"https:\/\/wordpress.ft.unicamp.br\/ecoedu\/","name":"Ecoedu Ambiental","description":"","potentialAction":[{"@type":"SearchAction","target":{"@type":"EntryPoint","urlTemplate":"https:\/\/wordpress.ft.unicamp.br\/ecoedu\/?s={search_term_string}"},"query-input":{"@type":"PropertyValueSpecification","valueRequired":true,"valueName":"search_term_string"}}],"inLanguage":"pt-BR"}]}},"_links":{"self":[{"href":"https:\/\/wordpress.ft.unicamp.br\/ecoedu\/wp-json\/wp\/v2\/pages\/978","targetHints":{"allow":["GET"]}}],"collection":[{"href":"https:\/\/wordpress.ft.unicamp.br\/ecoedu\/wp-json\/wp\/v2\/pages"}],"about":[{"href":"https:\/\/wordpress.ft.unicamp.br\/ecoedu\/wp-json\/wp\/v2\/types\/page"}],"author":[{"embeddable":true,"href":"https:\/\/wordpress.ft.unicamp.br\/ecoedu\/wp-json\/wp\/v2\/users\/17"}],"replies":[{"embeddable":true,"href":"https:\/\/wordpress.ft.unicamp.br\/ecoedu\/wp-json\/wp\/v2\/comments?post=978"}],"version-history":[{"count":6,"href":"https:\/\/wordpress.ft.unicamp.br\/ecoedu\/wp-json\/wp\/v2\/pages\/978\/revisions"}],"predecessor-version":[{"id":1073,"href":"https:\/\/wordpress.ft.unicamp.br\/ecoedu\/wp-json\/wp\/v2\/pages\/978\/revisions\/1073"}],"wp:attachment":[{"href":"https:\/\/wordpress.ft.unicamp.br\/ecoedu\/wp-json\/wp\/v2\/media?parent=978"}],"curies":[{"name":"wp","href":"https:\/\/api.w.org\/{rel}","templated":true}]}}