{"id":16,"date":"2017-10-30T13:23:06","date_gmt":"2017-10-30T13:23:06","guid":{"rendered":"http:\/\/wordpress.ft.unicamp.br\/enelton\/?page_id=16"},"modified":"2017-12-12T20:04:56","modified_gmt":"2017-12-12T20:04:56","slug":"biografia","status":"publish","type":"page","link":"https:\/\/wordpress.ft.unicamp.br\/enelton\/biografia\/","title":{"rendered":"Biografia"},"content":{"rendered":"<p><strong>Forma\u00e7\u00e3o Acad\u00eamica<\/strong><\/p>\n<table>\n<tbody>\n<tr>\n<td width=\"121\"><strong>2004 &#8211; 2009<\/strong><\/td>\n<td width=\"531\">Universidade Estadual de Campinas (UNICAMP) &#8211; Faculdade de Engenharia Civil, Arquitetura e Urbanismo, Campinas SP.<\/p>\n<p>Doutorado pelo Programa de P\u00f3s-gradua\u00e7\u00e3o em Engenharia Civil.<\/p>\n<p>\u00c1rea de concentra\u00e7\u00e3o: Saneamento e Ambiente.<\/p>\n<p>T\u00edtulo da tese: Merc\u00fario e sulfetos volatiliz\u00e1veis por acidifica\u00e7\u00e3o na bacia do Rio JUndia\u00ed &#8211; SP.<\/td>\n<\/tr>\n<tr>\n<td width=\"121\"><strong>\u00a0<\/strong><\/td>\n<\/tr>\n<tr>\n<td width=\"121\"><strong>2000 &#8211; 2001<\/strong><\/td>\n<td width=\"531\">Universidade Estadual Paulista J\u00falio de Mesquita Filho (UNESP) &#8211; Instituto de Qu\u00edmica, Araraquara SP.<\/p>\n<p>Mestrado pelo Programa de P\u00f3s-gradua\u00e7\u00e3o em Qu\u00edmica.<\/p>\n<p>\u00c1rea de concentra\u00e7\u00e3o: Qu\u00edmica Anal\u00edtica.<\/p>\n<p>T\u00edtulo da disserta\u00e7\u00e3o: Estudo da rea\u00e7\u00e3o entre formalde\u00eddo e \u00e1cido cromotr\u00f3pico visando aplica\u00e7\u00f5es anal\u00edticas.<\/td>\n<\/tr>\n<tr>\n<td width=\"121\"><strong>\u00a0<\/strong><\/td>\n<td width=\"531\"><strong>\u00a0<\/strong><\/td>\n<\/tr>\n<tr>\n<td width=\"121\"><strong>1996 &#8211; 1999<\/strong><\/td>\n<td width=\"531\">Universidade Estadual Paulista J\u00falio de Mesquita Filho (UNESP) &#8211; Instituto de Qu\u00edmica, Araraquara SP.<\/p>\n<p>Gradua\u00e7\u00e3o: Bacharelado em Qu\u00edmica<\/p>\n<p>T\u00edtulo da monografia: Desenvolvimento e aplica\u00e7\u00e3o anal\u00edtica de um eletrodo de segunda esp\u00e9cie, sens\u00edvel a salicilatos.<\/td>\n<\/tr>\n<\/tbody>\n<\/table>\n<p><strong>Atua\u00e7\u00e3o\u00a0<\/strong><strong>Profissional<\/strong><\/p>\n<p><strong>2014 &#8211; atual\u00a0 \u00a0 \u00a0 \u00a0 \u00a0\u00a0<\/strong>Professor Doutor I (MS 3). Universidade Estadual de Campinas (UNICAMP) &#8211; Faculdade de Tecnologia, Limeira SP.<\/p>\n<p><strong>2002 &#8211; 2014\u00a0\u00a0 <\/strong>\u00a0\u00a0\u00a0\u00a0\u00a0\u00a0\u00a0 Qu\u00edmico. Universidade Estadual de Campinas (UNICAMP) &#8211; Faculdade de Engenharia Civil, Arquitetura e Urbanismo. Laborat\u00f3rio de Saneamento.<\/p>\n<p>&nbsp;<\/p>\n","protected":false},"excerpt":{"rendered":"<p>Forma\u00e7\u00e3o Acad\u00eamica 2004 &#8211; 2009 Universidade Estadual de Campinas (UNICAMP) &#8211; Faculdade de Engenharia Civil, Arquitetura e Urbanismo, Campinas SP. Doutorado pelo Programa de P\u00f3s-gradua\u00e7\u00e3o em Engenharia Civil. \u00c1rea de concentra\u00e7\u00e3o: Saneamento e Ambiente. T\u00edtulo da tese: Merc\u00fario e sulfetos&hellip; <\/p>\n","protected":false},"author":1,"featured_media":0,"parent":0,"menu_order":0,"comment_status":"closed","ping_status":"closed","template":"","meta":{"footnotes":""},"class_list":["post-16","page","type-page","status-publish","hentry"],"yoast_head":"<!-- This site is optimized with the Yoast SEO plugin v27.3 - https:\/\/yoast.com\/product\/yoast-seo-wordpress\/ -->\n<title>Biografia - Prof. Enelton<\/title>\n<meta name=\"robots\" content=\"index, follow, max-snippet:-1, max-image-preview:large, max-video-preview:-1\" \/>\n<link rel=\"canonical\" href=\"https:\/\/wordpress.ft.unicamp.br\/enelton\/biografia\/\" \/>\n<meta property=\"og:locale\" content=\"pt_BR\" \/>\n<meta property=\"og:type\" content=\"article\" \/>\n<meta property=\"og:title\" content=\"Biografia - Prof. Enelton\" \/>\n<meta property=\"og:description\" content=\"Forma\u00e7\u00e3o Acad\u00eamica 2004 &#8211; 2009 Universidade Estadual de Campinas (UNICAMP) &#8211; Faculdade de Engenharia Civil, Arquitetura e Urbanismo, Campinas SP. Doutorado pelo Programa de P\u00f3s-gradua\u00e7\u00e3o em Engenharia Civil. \u00c1rea de concentra\u00e7\u00e3o: Saneamento e Ambiente. T\u00edtulo da tese: Merc\u00fario e sulfetos&hellip;\" \/>\n<meta property=\"og:url\" content=\"https:\/\/wordpress.ft.unicamp.br\/enelton\/biografia\/\" \/>\n<meta property=\"og:site_name\" content=\"Prof. Enelton\" \/>\n<meta property=\"article:modified_time\" content=\"2017-12-12T20:04:56+00:00\" \/>\n<meta name=\"twitter:card\" content=\"summary_large_image\" \/>\n<meta name=\"twitter:label1\" content=\"Est. tempo de leitura\" \/>\n\t<meta name=\"twitter:data1\" content=\"1 minuto\" \/>\n<script type=\"application\/ld+json\" class=\"yoast-schema-graph\">{\"@context\":\"https:\\\/\\\/schema.org\",\"@graph\":[{\"@type\":\"WebPage\",\"@id\":\"https:\\\/\\\/wordpress.ft.unicamp.br\\\/enelton\\\/biografia\\\/\",\"url\":\"https:\\\/\\\/wordpress.ft.unicamp.br\\\/enelton\\\/biografia\\\/\",\"name\":\"Biografia - Prof. Enelton\",\"isPartOf\":{\"@id\":\"https:\\\/\\\/wordpress.ft.unicamp.br\\\/enelton\\\/#website\"},\"datePublished\":\"2017-10-30T13:23:06+00:00\",\"dateModified\":\"2017-12-12T20:04:56+00:00\",\"breadcrumb\":{\"@id\":\"https:\\\/\\\/wordpress.ft.unicamp.br\\\/enelton\\\/biografia\\\/#breadcrumb\"},\"inLanguage\":\"pt-BR\",\"potentialAction\":[{\"@type\":\"ReadAction\",\"target\":[\"https:\\\/\\\/wordpress.ft.unicamp.br\\\/enelton\\\/biografia\\\/\"]}]},{\"@type\":\"BreadcrumbList\",\"@id\":\"https:\\\/\\\/wordpress.ft.unicamp.br\\\/enelton\\\/biografia\\\/#breadcrumb\",\"itemListElement\":[{\"@type\":\"ListItem\",\"position\":1,\"name\":\"Home\",\"item\":\"https:\\\/\\\/wordpress.ft.unicamp.br\\\/enelton\\\/\"},{\"@type\":\"ListItem\",\"position\":2,\"name\":\"Biografia\"}]},{\"@type\":\"WebSite\",\"@id\":\"https:\\\/\\\/wordpress.ft.unicamp.br\\\/enelton\\\/#website\",\"url\":\"https:\\\/\\\/wordpress.ft.unicamp.br\\\/enelton\\\/\",\"name\":\"Prof. Enelton\",\"description\":\"\",\"potentialAction\":[{\"@type\":\"SearchAction\",\"target\":{\"@type\":\"EntryPoint\",\"urlTemplate\":\"https:\\\/\\\/wordpress.ft.unicamp.br\\\/enelton\\\/?s={search_term_string}\"},\"query-input\":{\"@type\":\"PropertyValueSpecification\",\"valueRequired\":true,\"valueName\":\"search_term_string\"}}],\"inLanguage\":\"pt-BR\"}]}<\/script>\n<!-- \/ Yoast SEO plugin. -->","yoast_head_json":{"title":"Biografia - Prof. Enelton","robots":{"index":"index","follow":"follow","max-snippet":"max-snippet:-1","max-image-preview":"max-image-preview:large","max-video-preview":"max-video-preview:-1"},"canonical":"https:\/\/wordpress.ft.unicamp.br\/enelton\/biografia\/","og_locale":"pt_BR","og_type":"article","og_title":"Biografia - Prof. Enelton","og_description":"Forma\u00e7\u00e3o Acad\u00eamica 2004 &#8211; 2009 Universidade Estadual de Campinas (UNICAMP) &#8211; Faculdade de Engenharia Civil, Arquitetura e Urbanismo, Campinas SP. Doutorado pelo Programa de P\u00f3s-gradua\u00e7\u00e3o em Engenharia Civil. \u00c1rea de concentra\u00e7\u00e3o: Saneamento e Ambiente. T\u00edtulo da tese: Merc\u00fario e sulfetos&hellip;","og_url":"https:\/\/wordpress.ft.unicamp.br\/enelton\/biografia\/","og_site_name":"Prof. Enelton","article_modified_time":"2017-12-12T20:04:56+00:00","twitter_card":"summary_large_image","twitter_misc":{"Est. tempo de leitura":"1 minuto"},"schema":{"@context":"https:\/\/schema.org","@graph":[{"@type":"WebPage","@id":"https:\/\/wordpress.ft.unicamp.br\/enelton\/biografia\/","url":"https:\/\/wordpress.ft.unicamp.br\/enelton\/biografia\/","name":"Biografia - Prof. Enelton","isPartOf":{"@id":"https:\/\/wordpress.ft.unicamp.br\/enelton\/#website"},"datePublished":"2017-10-30T13:23:06+00:00","dateModified":"2017-12-12T20:04:56+00:00","breadcrumb":{"@id":"https:\/\/wordpress.ft.unicamp.br\/enelton\/biografia\/#breadcrumb"},"inLanguage":"pt-BR","potentialAction":[{"@type":"ReadAction","target":["https:\/\/wordpress.ft.unicamp.br\/enelton\/biografia\/"]}]},{"@type":"BreadcrumbList","@id":"https:\/\/wordpress.ft.unicamp.br\/enelton\/biografia\/#breadcrumb","itemListElement":[{"@type":"ListItem","position":1,"name":"Home","item":"https:\/\/wordpress.ft.unicamp.br\/enelton\/"},{"@type":"ListItem","position":2,"name":"Biografia"}]},{"@type":"WebSite","@id":"https:\/\/wordpress.ft.unicamp.br\/enelton\/#website","url":"https:\/\/wordpress.ft.unicamp.br\/enelton\/","name":"Prof. Enelton","description":"","potentialAction":[{"@type":"SearchAction","target":{"@type":"EntryPoint","urlTemplate":"https:\/\/wordpress.ft.unicamp.br\/enelton\/?s={search_term_string}"},"query-input":{"@type":"PropertyValueSpecification","valueRequired":true,"valueName":"search_term_string"}}],"inLanguage":"pt-BR"}]}},"_links":{"self":[{"href":"https:\/\/wordpress.ft.unicamp.br\/enelton\/wp-json\/wp\/v2\/pages\/16","targetHints":{"allow":["GET"]}}],"collection":[{"href":"https:\/\/wordpress.ft.unicamp.br\/enelton\/wp-json\/wp\/v2\/pages"}],"about":[{"href":"https:\/\/wordpress.ft.unicamp.br\/enelton\/wp-json\/wp\/v2\/types\/page"}],"author":[{"embeddable":true,"href":"https:\/\/wordpress.ft.unicamp.br\/enelton\/wp-json\/wp\/v2\/users\/1"}],"replies":[{"embeddable":true,"href":"https:\/\/wordpress.ft.unicamp.br\/enelton\/wp-json\/wp\/v2\/comments?post=16"}],"version-history":[{"count":5,"href":"https:\/\/wordpress.ft.unicamp.br\/enelton\/wp-json\/wp\/v2\/pages\/16\/revisions"}],"predecessor-version":[{"id":123,"href":"https:\/\/wordpress.ft.unicamp.br\/enelton\/wp-json\/wp\/v2\/pages\/16\/revisions\/123"}],"wp:attachment":[{"href":"https:\/\/wordpress.ft.unicamp.br\/enelton\/wp-json\/wp\/v2\/media?parent=16"}],"curies":[{"name":"wp","href":"https:\/\/api.w.org\/{rel}","templated":true}]}}