{"id":29,"date":"2017-10-30T13:24:30","date_gmt":"2017-10-30T13:24:30","guid":{"rendered":"http:\/\/wordpress.ft.unicamp.br\/enelton\/?page_id=29"},"modified":"2024-11-13T17:49:46","modified_gmt":"2024-11-13T17:49:46","slug":"publicacoes","status":"publish","type":"page","link":"https:\/\/wordpress.ft.unicamp.br\/enelton\/publicacoes\/","title":{"rendered":"Publica\u00e7\u00f5es"},"content":{"rendered":"<ul>\n<li>TEDESCO, G.C., SOARES, B.L.,<span style=\"text-decoration: underline\">FAGNANI<\/span>, <span style=\"text-decoration: underline\">E<\/span>., CRISTALE, J., JOLL, C.A., HENRY, D.J.\u00a0 <a href=\"https:\/\/link.springer.com\/article\/10.1007\/s11356-024-35465-2\">Photoelectrocatalytic degradation of organophosphate esters using TiO<sub>2<\/sub> electrodes produced from 3D-printed Ti substrates<\/a>. <strong>Environ. Sci. Pollut. Res<\/strong>., 2024 (DOI: 10.1007\/s11356-024-35465-2)<\/li>\n<li>SANTOS, G.R., <span style=\"text-decoration: underline\">FAGNANI, E<\/span>. <a href=\"https:\/\/link.springer.com\/article\/10.1007\/s10661-024-13257-y\">Statistical assessment for reusing permeate from dewatering water treatment sludge process: more sustainability in environmental sanitation<\/a>. <strong>Environ. Monit. Assess.<\/strong>, 196, 1066, 2024 (DOI: 10.1007\/s10661-024-13257-y)<\/li>\n<li>SOLDERA, P.E.S., DANTAS, R.F.,\u00a0<span style=\"text-decoration: underline\">FAGNANI, E<\/span>. <a href=\"https:\/\/pubs.rsc.org\/en\/content\/articlelanding\/2024\/ew\/d4ew00557k\">Mathematical modeling to size anaerobic stabilization ponds intended for slaughterhouse wastewater treatment &#8211; the role of temperature and hydraulic retention time<\/a>. <strong>Environ. Sci.: Water Res. Technol.<\/strong>, 10, 2882-2896, 2024 (DOI: 10.1039\/D4EW00557K)<\/li>\n<li>SILVA, A.A.,\u00a0<span style=\"text-decoration: underline\">FAGNANI, E<\/span>., CRISTALE, J. <a href=\"https:\/\/authors.elsevier.com\/c\/1h7XaAOMA1Pj3\">A modified QuEChERS method for determination of organophosphate esters in milk by GC-MS<\/a>. <strong>Chemosphere<\/strong>, 334, 138974, 2023 (DOI: 10.1016\/j.chemosphere.2023.138974)<\/li>\n<li><span style=\"text-decoration: underline\">FAGNANI, E<\/span>., MONTEMURRO, N., P\u00c9REZ, S. <a href=\"https:\/\/www.sciencedirect.com\/science\/article\/pii\/S0021967321008827?via%3Dihub\">Multilayered solid phase extraction and ultra performance liquid chromatographic method for suspect screening of halogenated pharmaceuticals and photo-transformation products in freshwater &#8211; comparison between data-dependent and data-independent acquisition mass spectrometry<\/a>. <strong>J. Chrom. A<\/strong>, 1663, 462760,<strong> 2022<\/strong> (DOI: 10.1016\/j.chroma.2021.462760)<\/li>\n<li>NUNES, W.B., DANTAS, R.F., <span style=\"text-decoration: underline\">FAGNANI, E<\/span>. <a href=\"https:\/\/iwaponline.com\/wst\/article\/doi\/10.2166\/wst.2021.311\/83312\/Ferroin-in-dyes-degradation-by-Fenton-like-process\">Ferroin in dyes degradation by Fenton-like process: a chemical waste recycling perspective<\/a>. <strong>Water Science and Technology, <\/strong>84(5), 1217-1227, <strong>2021<\/strong> (DOI: 10.2166\/wst.2021.311)<\/li>\n<li>AISSAOUI, S., <span style=\"text-decoration: underline\">FAGNANI, E<\/span>., P\u00c9REZ, S., OULED-HADDAR, H., SIFOUR, M. <a href=\"https:\/\/rdcu.be\/chvkO\"><span style=\"color: #3366ff\">Removal of diclofenac by a local baterial consortium: UHPLC-ESI-MS\/MS analysis of metabolites and ecotoxicity assessment<\/span><\/a>. <span style=\"color: #3366ff\"><span style=\"color: #000000\"><strong>Brazilian Journal of Microbiology, <\/strong>52, 749-759, <strong>2021<\/strong> (DOI: 10.1007\/s42770-021-00464-9)<\/span><\/span><\/li>\n<li>CRISTALE, J., SANTOS, I.O., UMBUZEIRO, G.A., <span style=\"text-decoration: underline\">FAGNANI, E<\/span>. <span style=\"color: #3366ff\">Ocurrence and risk assessment of organophosphate esters in urban rivers from Piracicaba watershed (Brazil). <span style=\"color: #000000\"><strong>Environmental Science and Pollution Research<\/strong>, 28, 59244-59255, <strong>2021<\/strong>\u00a0(DOI: 10.1007\/s11356-020-10150-2)<\/span><\/span><\/li>\n<li>SOLDERA, P.E.S., FIGUEIREDO, T.S., DANTAS, R.F., <span style=\"text-decoration: underline\">FAGNANI, E<\/span>. <span style=\"color: #3366ff\"><a href=\"http:\/\/revistadae.com.br\/artigos\/artigo_edicao_225_n_1888.pdf\">Respirometria de Bartha como ferramenta na avalia\u00e7\u00e3o da decomposi\u00e7\u00e3o anaer\u00f3bia de efluentes de abatedouros<\/a>. <span style=\"color: #000000\"><strong>Revista DAE<\/strong>, 68 (225), 80-92, <strong>2020<\/strong> (DOI: 10.36659\/dae.2020.054)<\/span><\/span><\/li>\n<li>CRISTALE, J., SANTOS, I.O., <span style=\"text-decoration: underline\">FAGNANI, E<\/span>. <span style=\"color: #3366ff\">Organophosphate esters by GC-MS: an optimized method for aquatic risk assessment<\/span>. <strong>Journal of Separation Science<\/strong>, 43, 748-755, <strong>2020<\/strong> (DOI: 10.1002\/jssc.201900875)<\/li>\n<li>ARRUDA, P.M., PEREIRA-FILHO, E.R., LIB\u00c2NIO, M., <u>FAGNANI, E<\/u>. <span style=\"color: #3366ff\">Response surface methodology applied to tropical freshwater treatment<\/span>. <strong>Environmental Technology<\/strong>, 41(7), 901-911, <strong>2020<\/strong> (DOI: 10.1080\/09593330.2018.1514072).<\/li>\n<li>MALVESTITI, J.A., <u>FAGNANI, E<\/u>., SIM\u00c3O, D., DANTAS, R.F. <span style=\"color: #3366ff\">Optimization of UV\/H<sub>2<\/sub>O<sub>2<\/sub> and ozone wastewater treatment by experimental design methodology<\/span>. <strong>Environmental Technology<\/strong>, 40(15), 1910-1922, <strong>2019<\/strong> (DOI: 10.1080\/09593330.2018.1432698).<\/li>\n<li>QUINTANA, G.O., <u>FAGNANI, E<\/u>, CANDELLO, F.P., GUIMAR\u00c3ES, J.R. <span style=\"color: #3366ff\"><a style=\"color: #3366ff\" href=\"http:\/\/jbcs.sbq.org.br\/imagebank\/pdf\/2017-0298AR.pdf\">The dichromate method <em>versus<\/em> the photoelectrochemical method: synergistic influence of turbidity and chlorides on chemical oxygen demand analysis<\/a><\/span>. <strong>Journal of the Brazilian Chemical Society<\/strong>, 29(3), 490-498, <strong>2018<\/strong> (DOI: 10.21577\/0103-5053.20170161)<\/li>\n<li><u>FAGNANI, E<\/u>., GUIMAR\u00c3ES, J.R.<span style=\"color: #3366ff\"> Waste management plan for higher education institutions in developing countries: the Continuous Improvement Cycle model<\/span>. <strong>Journal of Cleaner Production<\/strong>, 147, 108-118, <strong>2017<\/strong> (DOI: 10.1016\/j.jclepro.2017.01.080)<\/li>\n<li><u>FAGNANI, E.<\/u> ; GUADAGNINI, R.A.; SILVA, G.A.; GUIMAR\u00c3ES, J.R. <a href=\"https:\/\/www.cea-unesp.org.br\/holos\/article\/view\/5775\">Degrada\u00e7\u00e3o de cafe\u00edna e azul de metileno por processos oxidativos avan\u00e7ados (POA)<\/a>. <strong>Holos Environment<\/strong>, 13(1), 85-97, <strong>2013<\/strong>. (DOI: <a id=\"pub-id::doi\" href=\"https:\/\/doi.org\/10.14295\/holos.v13i1.5775\">10.14295\/holos.v13i1.5775<\/a>)<\/li>\n<li><u>FAGNANI, E.<\/u> ; GUIMAR\u00c3ES, J. R.; FADINI, P. S. <a href=\"https:\/\/link.springer.com\/article\/10.1007\/s10498-012-9169-0\">Mercury in the waters of the Jundia\u00ed river, SP, Brazil: the role of dissolved organic matter<\/a>. <strong>Aquatic Geochemistry<\/strong>, 18(5), 445-456, <strong>2012<\/strong>. (DOI: 10.1007\/s10498-012-9169-0)<\/li>\n<li><u>FAGNANI, E.<\/u> ; GUIMAR\u00c3ES, J. R.; GRASSI, M. T. ; FADINI, P. S. <a href=\"http:\/\/www.scielo.br\/scielo.php?pid=S0100-40422012000400033&amp;script=sci_abstract&amp;tlng=es\">Controle da qualidade na determina\u00e7\u00e3o potenciom\u00e9trica de sulfetos volatiliz\u00e1veis por acidifica\u00e7\u00e3o (SVA) utilizando adi\u00e7\u00f5es de padr\u00e3o<\/a>. <strong>Qu\u00edmica Nova<\/strong>, 35, 832-836, <strong>2012<\/strong>. (DOI: 10.1590\/S0100-40422012000400033)<\/li>\n<li><u>FAGNANI, E.<\/u> ; GUIMAR\u00c3ES, J. R.; MOZETO, A. A. ; FADINI, P. S. <a href=\"http:\/\/www.scielo.br\/scielo.php?script=sci_arttext&amp;pid=S0100-40422011000900022\">Sulfetos volatiliz\u00e1veis por acidifica\u00e7\u00e3o e metais extra\u00eddos simultaneamente na avalia\u00e7\u00e3o de sedimentos de \u00e1gua doce<\/a>. <strong>Qu\u00edmica Nova<\/strong>, 34, 1618-1628, <strong>2011<\/strong>. (DOI: 10.1590\/S0100-40422011000900022)<\/li>\n<li><u>FAGNANI, E.<\/u> ;PEZZA, L.\u00a0;\u00a0PEZZA, H. R. <a href=\"http:\/\/www.scielo.br\/scielo.php?pid=S0100-40422009000900039&amp;script=sci_abstract&amp;tlng=ES\">Determina\u00e7\u00e3o espectrofotom\u00e9trica de hexametilenotetramina (HMT) em medicamentos, utilizando \u00e1cido cromotr\u00f3pico e forno de micro-ondas<\/a>. <strong>Qu\u00edmica Nova<\/strong>, 32, 2458-2463, <strong>2009<\/strong>. (DOI: 10.1590\/S0100-40422009000900039)<\/li>\n<li><u>FAGNANI, E.<\/u> ;MELIOS, C. B. ; PEZZA, L. ; PEZZA, H. R. <a href=\"http:\/\/www.scielo.br\/scielo.php?pid=S0100-46702002000100018&amp;script=sci_abstract&amp;tlng=pt\">Desenvolvimento de m\u00e9todo espectrofotom\u00e9trico para an\u00e1lise de paraformalde\u00eddo presente em saneantes comerciais e industriais<\/a>. <strong>Ecl\u00e9tica Qu\u00edmica<\/strong>, 27, 211-221, <strong>2002<\/strong>. (DOI: 10.1590\/S0100-46702002000100018)<\/li>\n<li><u>FAGNANI, E.<\/u> ;MELIOS, C. B. ; PEZZA, L. ; PEZZA, H. R. <a href=\"https:\/\/www.sciencedirect.com\/science\/article\/pii\/S0039914003001218?via%3Dihub\">Chromotropic acid-formaldehyde reaction in strongly acidic media. The role of molecular dissolved oxygen and replacement of concentrated sulphuric acid<\/a>. <strong>Talanta<\/strong>, 60, 171-176, <strong>2002<\/strong>. (DOI: <a id=\"article--doi--link-metadataSec\" href=\"https:\/\/doi.org\/10.1016\/s0039-9140(03)00121-8\" data-v-d3a5356a=\"\">10.1016\/s0039-9140(03)00121-8<\/a>)<\/li>\n<li>TININIS, A. G.;\u00a0SANTINI, A. O.\u00a0; <u>FAGNANI, E<\/u>. ; MELIOS, C. B. ; PEZZA, L. ; PEZZA, H. R. <a href=\"http:\/\/www.scielo.br\/scielo.php?pid=S0100-46702001000100013&amp;script=sci_abstract&amp;tlng=es\">Desenvolvimento de metodologia simplificada para an\u00e1lise de hexametilenotetramina (HMT) em medicamentos contendo corantes em sua formula\u00e7\u00e3o<\/a>. <strong>Ecl\u00e9tica Qu\u00edmica<\/strong>, 26, 175-184, <strong>2001<\/strong>. (DOI: 10.1590\/S0100-46702001000100013)<\/li>\n<li>FERREIRA, V. J. F. ;CAVALHEIRO, A. C. V.\u00a0; <u>FAGNANI, E<\/u>. ; MORAES, M. ; PEZZA, L. ; PEZZA, H. R. ; MELIOS, C. B.\u00a0<a href=\"https:\/\/www.jstage.jst.go.jp\/article\/analsci\/15\/3\/15_3_249\/_article\">\u00a0An electrode of the second kind for aspirin determination in tablet formulations<\/a>. <strong>Analytical Sciences<\/strong>, 15, 249-253, <strong>1999. (DOI: <a title=\"http:\/\/dx.doi.org\/10.2116\/analsci.15.249\" href=\"http:\/\/dx.doi.org\/10.2116\/analsci.15.249\" target=\"_blank\" rel=\"noopener\">10.2116\/analsci.15.249<\/a>)<\/strong><\/li>\n<\/ul>\n","protected":false},"excerpt":{"rendered":"<p>TEDESCO, G.C., SOARES, B.L.,FAGNANI, E., CRISTALE, J., JOLL, C.A., HENRY, D.J.\u00a0 Photoelectrocatalytic degradation of organophosphate esters using TiO2 electrodes produced from 3D-printed Ti substrates. Environ. Sci. Pollut. Res., 2024 (DOI: 10.1007\/s11356-024-35465-2) SANTOS, G.R., FAGNANI, E. Statistical assessment for reusing permeate&hellip; <\/p>\n","protected":false},"author":1,"featured_media":0,"parent":0,"menu_order":0,"comment_status":"closed","ping_status":"closed","template":"","meta":{"footnotes":""},"class_list":["post-29","page","type-page","status-publish","hentry"],"yoast_head":"<!-- This site is optimized with the Yoast SEO plugin v27.3 - https:\/\/yoast.com\/product\/yoast-seo-wordpress\/ -->\n<title>Publica\u00e7\u00f5es - Prof. Enelton<\/title>\n<meta name=\"robots\" content=\"index, follow, max-snippet:-1, max-image-preview:large, max-video-preview:-1\" \/>\n<link rel=\"canonical\" href=\"https:\/\/wordpress.ft.unicamp.br\/enelton\/publicacoes\/\" \/>\n<meta property=\"og:locale\" content=\"pt_BR\" \/>\n<meta property=\"og:type\" content=\"article\" \/>\n<meta property=\"og:title\" content=\"Publica\u00e7\u00f5es - Prof. Enelton\" \/>\n<meta property=\"og:description\" content=\"TEDESCO, G.C., SOARES, B.L.,FAGNANI, E., CRISTALE, J., JOLL, C.A., HENRY, D.J.\u00a0 Photoelectrocatalytic degradation of organophosphate esters using TiO2 electrodes produced from 3D-printed Ti substrates. Environ. Sci. Pollut. Res., 2024 (DOI: 10.1007\/s11356-024-35465-2) SANTOS, G.R., FAGNANI, E. Statistical assessment for reusing permeate&hellip;\" \/>\n<meta property=\"og:url\" content=\"https:\/\/wordpress.ft.unicamp.br\/enelton\/publicacoes\/\" \/>\n<meta property=\"og:site_name\" content=\"Prof. Enelton\" \/>\n<meta property=\"article:modified_time\" content=\"2024-11-13T17:49:46+00:00\" \/>\n<meta name=\"twitter:card\" content=\"summary_large_image\" \/>\n<meta name=\"twitter:label1\" content=\"Est. tempo de leitura\" \/>\n\t<meta name=\"twitter:data1\" content=\"5 minutos\" \/>\n<script type=\"application\/ld+json\" class=\"yoast-schema-graph\">{\"@context\":\"https:\\\/\\\/schema.org\",\"@graph\":[{\"@type\":\"WebPage\",\"@id\":\"https:\\\/\\\/wordpress.ft.unicamp.br\\\/enelton\\\/publicacoes\\\/\",\"url\":\"https:\\\/\\\/wordpress.ft.unicamp.br\\\/enelton\\\/publicacoes\\\/\",\"name\":\"Publica\u00e7\u00f5es - Prof. Enelton\",\"isPartOf\":{\"@id\":\"https:\\\/\\\/wordpress.ft.unicamp.br\\\/enelton\\\/#website\"},\"datePublished\":\"2017-10-30T13:24:30+00:00\",\"dateModified\":\"2024-11-13T17:49:46+00:00\",\"breadcrumb\":{\"@id\":\"https:\\\/\\\/wordpress.ft.unicamp.br\\\/enelton\\\/publicacoes\\\/#breadcrumb\"},\"inLanguage\":\"pt-BR\",\"potentialAction\":[{\"@type\":\"ReadAction\",\"target\":[\"https:\\\/\\\/wordpress.ft.unicamp.br\\\/enelton\\\/publicacoes\\\/\"]}]},{\"@type\":\"BreadcrumbList\",\"@id\":\"https:\\\/\\\/wordpress.ft.unicamp.br\\\/enelton\\\/publicacoes\\\/#breadcrumb\",\"itemListElement\":[{\"@type\":\"ListItem\",\"position\":1,\"name\":\"Home\",\"item\":\"https:\\\/\\\/wordpress.ft.unicamp.br\\\/enelton\\\/\"},{\"@type\":\"ListItem\",\"position\":2,\"name\":\"Publica\u00e7\u00f5es\"}]},{\"@type\":\"WebSite\",\"@id\":\"https:\\\/\\\/wordpress.ft.unicamp.br\\\/enelton\\\/#website\",\"url\":\"https:\\\/\\\/wordpress.ft.unicamp.br\\\/enelton\\\/\",\"name\":\"Prof. Enelton\",\"description\":\"\",\"potentialAction\":[{\"@type\":\"SearchAction\",\"target\":{\"@type\":\"EntryPoint\",\"urlTemplate\":\"https:\\\/\\\/wordpress.ft.unicamp.br\\\/enelton\\\/?s={search_term_string}\"},\"query-input\":{\"@type\":\"PropertyValueSpecification\",\"valueRequired\":true,\"valueName\":\"search_term_string\"}}],\"inLanguage\":\"pt-BR\"}]}<\/script>\n<!-- \/ Yoast SEO plugin. -->","yoast_head_json":{"title":"Publica\u00e7\u00f5es - Prof. Enelton","robots":{"index":"index","follow":"follow","max-snippet":"max-snippet:-1","max-image-preview":"max-image-preview:large","max-video-preview":"max-video-preview:-1"},"canonical":"https:\/\/wordpress.ft.unicamp.br\/enelton\/publicacoes\/","og_locale":"pt_BR","og_type":"article","og_title":"Publica\u00e7\u00f5es - Prof. Enelton","og_description":"TEDESCO, G.C., SOARES, B.L.,FAGNANI, E., CRISTALE, J., JOLL, C.A., HENRY, D.J.\u00a0 Photoelectrocatalytic degradation of organophosphate esters using TiO2 electrodes produced from 3D-printed Ti substrates. Environ. Sci. Pollut. Res., 2024 (DOI: 10.1007\/s11356-024-35465-2) SANTOS, G.R., FAGNANI, E. Statistical assessment for reusing permeate&hellip;","og_url":"https:\/\/wordpress.ft.unicamp.br\/enelton\/publicacoes\/","og_site_name":"Prof. Enelton","article_modified_time":"2024-11-13T17:49:46+00:00","twitter_card":"summary_large_image","twitter_misc":{"Est. tempo de leitura":"5 minutos"},"schema":{"@context":"https:\/\/schema.org","@graph":[{"@type":"WebPage","@id":"https:\/\/wordpress.ft.unicamp.br\/enelton\/publicacoes\/","url":"https:\/\/wordpress.ft.unicamp.br\/enelton\/publicacoes\/","name":"Publica\u00e7\u00f5es - Prof. Enelton","isPartOf":{"@id":"https:\/\/wordpress.ft.unicamp.br\/enelton\/#website"},"datePublished":"2017-10-30T13:24:30+00:00","dateModified":"2024-11-13T17:49:46+00:00","breadcrumb":{"@id":"https:\/\/wordpress.ft.unicamp.br\/enelton\/publicacoes\/#breadcrumb"},"inLanguage":"pt-BR","potentialAction":[{"@type":"ReadAction","target":["https:\/\/wordpress.ft.unicamp.br\/enelton\/publicacoes\/"]}]},{"@type":"BreadcrumbList","@id":"https:\/\/wordpress.ft.unicamp.br\/enelton\/publicacoes\/#breadcrumb","itemListElement":[{"@type":"ListItem","position":1,"name":"Home","item":"https:\/\/wordpress.ft.unicamp.br\/enelton\/"},{"@type":"ListItem","position":2,"name":"Publica\u00e7\u00f5es"}]},{"@type":"WebSite","@id":"https:\/\/wordpress.ft.unicamp.br\/enelton\/#website","url":"https:\/\/wordpress.ft.unicamp.br\/enelton\/","name":"Prof. Enelton","description":"","potentialAction":[{"@type":"SearchAction","target":{"@type":"EntryPoint","urlTemplate":"https:\/\/wordpress.ft.unicamp.br\/enelton\/?s={search_term_string}"},"query-input":{"@type":"PropertyValueSpecification","valueRequired":true,"valueName":"search_term_string"}}],"inLanguage":"pt-BR"}]}},"_links":{"self":[{"href":"https:\/\/wordpress.ft.unicamp.br\/enelton\/wp-json\/wp\/v2\/pages\/29","targetHints":{"allow":["GET"]}}],"collection":[{"href":"https:\/\/wordpress.ft.unicamp.br\/enelton\/wp-json\/wp\/v2\/pages"}],"about":[{"href":"https:\/\/wordpress.ft.unicamp.br\/enelton\/wp-json\/wp\/v2\/types\/page"}],"author":[{"embeddable":true,"href":"https:\/\/wordpress.ft.unicamp.br\/enelton\/wp-json\/wp\/v2\/users\/1"}],"replies":[{"embeddable":true,"href":"https:\/\/wordpress.ft.unicamp.br\/enelton\/wp-json\/wp\/v2\/comments?post=29"}],"version-history":[{"count":25,"href":"https:\/\/wordpress.ft.unicamp.br\/enelton\/wp-json\/wp\/v2\/pages\/29\/revisions"}],"predecessor-version":[{"id":154,"href":"https:\/\/wordpress.ft.unicamp.br\/enelton\/wp-json\/wp\/v2\/pages\/29\/revisions\/154"}],"wp:attachment":[{"href":"https:\/\/wordpress.ft.unicamp.br\/enelton\/wp-json\/wp\/v2\/media?parent=29"}],"curies":[{"name":"wp","href":"https:\/\/api.w.org\/{rel}","templated":true}]}}