{"id":53,"date":"2017-11-10T16:47:03","date_gmt":"2017-11-10T18:47:03","guid":{"rendered":"http:\/\/wordpress.ft.unicamp.br\/escience\/?page_id=53"},"modified":"2017-11-22T15:15:33","modified_gmt":"2017-11-22T17:15:33","slug":"nossa-equipe","status":"publish","type":"page","link":"https:\/\/wordpress.ft.unicamp.br\/escience\/nossa-equipe\/","title":{"rendered":"Nossa Equipe"},"content":{"rendered":"<div id=\"attachment_74\" style=\"width: 232px\" class=\"wp-caption aligncenter\"><img fetchpriority=\"high\" decoding=\"async\" aria-describedby=\"caption-attachment-74\" class=\"size-medium wp-image-74\" src=\"http:\/\/wordpress.ft.unicamp.br\/escience\/wp-content\/uploads\/sites\/26\/2017\/11\/elosia-222x300.jpg\" alt=\"\" width=\"222\" height=\"300\" srcset=\"https:\/\/wordpress.ft.unicamp.br\/escience\/wp-content\/uploads\/sites\/26\/2017\/11\/elosia-222x300.jpg 222w, https:\/\/wordpress.ft.unicamp.br\/escience\/wp-content\/uploads\/sites\/26\/2017\/11\/elosia.jpg 614w\" sizes=\"(max-width: 222px) 100vw, 222px\" \/><p id=\"caption-attachment-74\" class=\"wp-caption-text\">Eloisa Dezen Kempter, professora doutora em Regime de Dedica\u00e7\u00e3o Integral \u00e0 Doc\u00eancia e \u00e0 Pesquisa na Faculdade de Tecnologia da UNICAMP.<\/p><\/div>\n<p>&nbsp;<\/p>\n<div id=\"attachment_90\" style=\"width: 310px\" class=\"wp-caption aligncenter\"><img decoding=\"async\" aria-describedby=\"caption-attachment-90\" class=\"size-medium wp-image-90\" src=\"http:\/\/wordpress.ft.unicamp.br\/escience\/wp-content\/uploads\/sites\/26\/2017\/11\/11988633_881120815289456_8948114352252012620_n-300x300.jpg\" alt=\"\" width=\"300\" height=\"300\" srcset=\"https:\/\/wordpress.ft.unicamp.br\/escience\/wp-content\/uploads\/sites\/26\/2017\/11\/11988633_881120815289456_8948114352252012620_n-300x300.jpg 300w, https:\/\/wordpress.ft.unicamp.br\/escience\/wp-content\/uploads\/sites\/26\/2017\/11\/11988633_881120815289456_8948114352252012620_n-150x150.jpg 150w, https:\/\/wordpress.ft.unicamp.br\/escience\/wp-content\/uploads\/sites\/26\/2017\/11\/11988633_881120815289456_8948114352252012620_n.jpg 725w\" sizes=\"(max-width: 300px) 100vw, 300px\" \/><p id=\"caption-attachment-90\" class=\"wp-caption-text\">Camila Cogima, formada em Tecnologia de Edifica\u00e7\u00f5es, aluna de Mestrado<\/p><\/div>\n<p>&nbsp;<\/p>\n<div id=\"attachment_69\" style=\"width: 310px\" class=\"wp-caption aligncenter\"><img decoding=\"async\" aria-describedby=\"caption-attachment-69\" class=\"size-medium wp-image-69\" src=\"http:\/\/wordpress.ft.unicamp.br\/escience\/wp-content\/uploads\/sites\/26\/2017\/11\/13775611_1264978606848552_3508363255539278733_n-300x300.jpg\" alt=\"Super Legal\" width=\"300\" height=\"300\" srcset=\"https:\/\/wordpress.ft.unicamp.br\/escience\/wp-content\/uploads\/sites\/26\/2017\/11\/13775611_1264978606848552_3508363255539278733_n-300x300.jpg 300w, https:\/\/wordpress.ft.unicamp.br\/escience\/wp-content\/uploads\/sites\/26\/2017\/11\/13775611_1264978606848552_3508363255539278733_n-150x150.jpg 150w, https:\/\/wordpress.ft.unicamp.br\/escience\/wp-content\/uploads\/sites\/26\/2017\/11\/13775611_1264978606848552_3508363255539278733_n.jpg 720w\" sizes=\"(max-width: 300px) 100vw, 300px\" \/><p id=\"caption-attachment-69\" class=\"wp-caption-text\"><em>Tamires Rosa Almeida, aluna de Tecnologia em Edifica\u00e7\u00f5es na Unicamp. Desenvolvendo Inicia\u00e7\u00e3o Cient\u00edfica em BIM<\/em><\/p><\/div>\n<p>&nbsp;<\/p>\n<div id=\"attachment_91\" style=\"width: 283px\" class=\"wp-caption aligncenter\"><img loading=\"lazy\" decoding=\"async\" aria-describedby=\"caption-attachment-91\" class=\"size-medium wp-image-91\" src=\"http:\/\/wordpress.ft.unicamp.br\/escience\/wp-content\/uploads\/sites\/26\/2017\/11\/23897668_1755797481099993_1058874223_n-273x300.png\" alt=\"\" width=\"273\" height=\"300\" srcset=\"https:\/\/wordpress.ft.unicamp.br\/escience\/wp-content\/uploads\/sites\/26\/2017\/11\/23897668_1755797481099993_1058874223_n-273x300.png 273w, https:\/\/wordpress.ft.unicamp.br\/escience\/wp-content\/uploads\/sites\/26\/2017\/11\/23897668_1755797481099993_1058874223_n.png 719w\" sizes=\"(max-width: 273px) 100vw, 273px\" \/><p id=\"caption-attachment-91\" class=\"wp-caption-text\"><em>Rodrigo Vin\u00edcius aluno em Tecnologia de Edifica\u00e7\u00f5es na Unicamp. Desenvolvendo Inicia\u00e7\u00e3o Cient\u00edfica em Drones.<\/em><\/p><\/div>\n<p>&nbsp;<\/p>\n<div id=\"attachment_71\" style=\"width: 308px\" class=\"wp-caption aligncenter\"><img loading=\"lazy\" decoding=\"async\" aria-describedby=\"caption-attachment-71\" class=\"size-medium wp-image-71\" src=\"http:\/\/wordpress.ft.unicamp.br\/escience\/wp-content\/uploads\/sites\/26\/2017\/11\/raissa-298x300.jpg\" alt=\"\" width=\"298\" height=\"300\" srcset=\"https:\/\/wordpress.ft.unicamp.br\/escience\/wp-content\/uploads\/sites\/26\/2017\/11\/raissa-298x300.jpg 298w, https:\/\/wordpress.ft.unicamp.br\/escience\/wp-content\/uploads\/sites\/26\/2017\/11\/raissa-150x150.jpg 150w, https:\/\/wordpress.ft.unicamp.br\/escience\/wp-content\/uploads\/sites\/26\/2017\/11\/raissa-768x774.jpg 768w, https:\/\/wordpress.ft.unicamp.br\/escience\/wp-content\/uploads\/sites\/26\/2017\/11\/raissa.jpg 953w\" sizes=\"(max-width: 298px) 100vw, 298px\" \/><p id=\"caption-attachment-71\" class=\"wp-caption-text\"><em>Rayssa Jhuliany Oliveira de Paula, aluna do Ensino M\u00e9dio, desenvolvendo Inicia\u00e7\u00e3o Cientifica em Edifica\u00e7\u00f5es Hist\u00f3ricas<\/em><\/p><\/div>\n<p>&nbsp;<\/p>\n<p>&nbsp;<\/p>\n<p>&nbsp;<\/p>\n","protected":false},"excerpt":{"rendered":"<p>&nbsp; &nbsp; &nbsp; &nbsp; &nbsp; &nbsp; &nbsp;<\/p>\n","protected":false},"author":19,"featured_media":0,"parent":0,"menu_order":0,"comment_status":"closed","ping_status":"closed","template":"","meta":{"footnotes":""},"class_list":["post-53","page","type-page","status-publish","hentry"],"yoast_head":"<!-- This site is optimized with the Yoast SEO plugin v27.5 - https:\/\/yoast.com\/product\/yoast-seo-wordpress\/ -->\n<title>Nossa Equipe - eScience<\/title>\n<meta name=\"robots\" content=\"index, follow, max-snippet:-1, max-image-preview:large, max-video-preview:-1\" \/>\n<link rel=\"canonical\" href=\"https:\/\/wordpress.ft.unicamp.br\/escience\/nossa-equipe\/\" \/>\n<meta property=\"og:locale\" content=\"pt_BR\" \/>\n<meta property=\"og:type\" content=\"article\" \/>\n<meta property=\"og:title\" content=\"Nossa Equipe - eScience\" \/>\n<meta property=\"og:description\" content=\"&nbsp; &nbsp; &nbsp; &nbsp; &nbsp; &nbsp; &nbsp;\" \/>\n<meta property=\"og:url\" content=\"https:\/\/wordpress.ft.unicamp.br\/escience\/nossa-equipe\/\" \/>\n<meta property=\"og:site_name\" content=\"eScience\" \/>\n<meta property=\"article:modified_time\" content=\"2017-11-22T17:15:33+00:00\" \/>\n<meta property=\"og:image\" content=\"http:\/\/wordpress.ft.unicamp.br\/escience\/wp-content\/uploads\/sites\/26\/2017\/11\/elosia-222x300.jpg\" \/>\n<meta name=\"twitter:card\" content=\"summary_large_image\" \/>\n<meta name=\"twitter:label1\" content=\"Est. tempo de leitura\" \/>\n\t<meta name=\"twitter:data1\" content=\"1 minuto\" \/>\n<script type=\"application\/ld+json\" class=\"yoast-schema-graph\">{\"@context\":\"https:\\\/\\\/schema.org\",\"@graph\":[{\"@type\":\"WebPage\",\"@id\":\"https:\\\/\\\/wordpress.ft.unicamp.br\\\/escience\\\/nossa-equipe\\\/\",\"url\":\"https:\\\/\\\/wordpress.ft.unicamp.br\\\/escience\\\/nossa-equipe\\\/\",\"name\":\"Nossa Equipe - eScience\",\"isPartOf\":{\"@id\":\"https:\\\/\\\/wordpress.ft.unicamp.br\\\/escience\\\/#website\"},\"primaryImageOfPage\":{\"@id\":\"https:\\\/\\\/wordpress.ft.unicamp.br\\\/escience\\\/nossa-equipe\\\/#primaryimage\"},\"image\":{\"@id\":\"https:\\\/\\\/wordpress.ft.unicamp.br\\\/escience\\\/nossa-equipe\\\/#primaryimage\"},\"thumbnailUrl\":\"http:\\\/\\\/wordpress.ft.unicamp.br\\\/escience\\\/wp-content\\\/uploads\\\/sites\\\/26\\\/2017\\\/11\\\/elosia-222x300.jpg\",\"datePublished\":\"2017-11-10T18:47:03+00:00\",\"dateModified\":\"2017-11-22T17:15:33+00:00\",\"breadcrumb\":{\"@id\":\"https:\\\/\\\/wordpress.ft.unicamp.br\\\/escience\\\/nossa-equipe\\\/#breadcrumb\"},\"inLanguage\":\"pt-BR\",\"potentialAction\":[{\"@type\":\"ReadAction\",\"target\":[\"https:\\\/\\\/wordpress.ft.unicamp.br\\\/escience\\\/nossa-equipe\\\/\"]}]},{\"@type\":\"ImageObject\",\"inLanguage\":\"pt-BR\",\"@id\":\"https:\\\/\\\/wordpress.ft.unicamp.br\\\/escience\\\/nossa-equipe\\\/#primaryimage\",\"url\":\"https:\\\/\\\/wordpress.ft.unicamp.br\\\/escience\\\/wp-content\\\/uploads\\\/sites\\\/26\\\/2017\\\/11\\\/elosia.jpg\",\"contentUrl\":\"https:\\\/\\\/wordpress.ft.unicamp.br\\\/escience\\\/wp-content\\\/uploads\\\/sites\\\/26\\\/2017\\\/11\\\/elosia.jpg\",\"width\":614,\"height\":831,\"caption\":\"Rodrigo Vin\u00edcius aluno em Tecnologia de Edifica\u00e7\u00f5es na Unicamp. Desenvolvendo Inicia\u00e7\u00e3o Cient\u00edfica em Drones\"},{\"@type\":\"BreadcrumbList\",\"@id\":\"https:\\\/\\\/wordpress.ft.unicamp.br\\\/escience\\\/nossa-equipe\\\/#breadcrumb\",\"itemListElement\":[{\"@type\":\"ListItem\",\"position\":1,\"name\":\"Home\",\"item\":\"https:\\\/\\\/wordpress.ft.unicamp.br\\\/escience\\\/\"},{\"@type\":\"ListItem\",\"position\":2,\"name\":\"Nossa Equipe\"}]},{\"@type\":\"WebSite\",\"@id\":\"https:\\\/\\\/wordpress.ft.unicamp.br\\\/escience\\\/#website\",\"url\":\"https:\\\/\\\/wordpress.ft.unicamp.br\\\/escience\\\/\",\"name\":\"eScience\",\"description\":\"\",\"potentialAction\":[{\"@type\":\"SearchAction\",\"target\":{\"@type\":\"EntryPoint\",\"urlTemplate\":\"https:\\\/\\\/wordpress.ft.unicamp.br\\\/escience\\\/?s={search_term_string}\"},\"query-input\":{\"@type\":\"PropertyValueSpecification\",\"valueRequired\":true,\"valueName\":\"search_term_string\"}}],\"inLanguage\":\"pt-BR\"}]}<\/script>\n<!-- \/ Yoast SEO plugin. -->","yoast_head_json":{"title":"Nossa Equipe - eScience","robots":{"index":"index","follow":"follow","max-snippet":"max-snippet:-1","max-image-preview":"max-image-preview:large","max-video-preview":"max-video-preview:-1"},"canonical":"https:\/\/wordpress.ft.unicamp.br\/escience\/nossa-equipe\/","og_locale":"pt_BR","og_type":"article","og_title":"Nossa Equipe - eScience","og_description":"&nbsp; &nbsp; &nbsp; &nbsp; &nbsp; &nbsp; &nbsp;","og_url":"https:\/\/wordpress.ft.unicamp.br\/escience\/nossa-equipe\/","og_site_name":"eScience","article_modified_time":"2017-11-22T17:15:33+00:00","og_image":[{"url":"http:\/\/wordpress.ft.unicamp.br\/escience\/wp-content\/uploads\/sites\/26\/2017\/11\/elosia-222x300.jpg","type":"","width":"","height":""}],"twitter_card":"summary_large_image","twitter_misc":{"Est. tempo de leitura":"1 minuto"},"schema":{"@context":"https:\/\/schema.org","@graph":[{"@type":"WebPage","@id":"https:\/\/wordpress.ft.unicamp.br\/escience\/nossa-equipe\/","url":"https:\/\/wordpress.ft.unicamp.br\/escience\/nossa-equipe\/","name":"Nossa Equipe - eScience","isPartOf":{"@id":"https:\/\/wordpress.ft.unicamp.br\/escience\/#website"},"primaryImageOfPage":{"@id":"https:\/\/wordpress.ft.unicamp.br\/escience\/nossa-equipe\/#primaryimage"},"image":{"@id":"https:\/\/wordpress.ft.unicamp.br\/escience\/nossa-equipe\/#primaryimage"},"thumbnailUrl":"http:\/\/wordpress.ft.unicamp.br\/escience\/wp-content\/uploads\/sites\/26\/2017\/11\/elosia-222x300.jpg","datePublished":"2017-11-10T18:47:03+00:00","dateModified":"2017-11-22T17:15:33+00:00","breadcrumb":{"@id":"https:\/\/wordpress.ft.unicamp.br\/escience\/nossa-equipe\/#breadcrumb"},"inLanguage":"pt-BR","potentialAction":[{"@type":"ReadAction","target":["https:\/\/wordpress.ft.unicamp.br\/escience\/nossa-equipe\/"]}]},{"@type":"ImageObject","inLanguage":"pt-BR","@id":"https:\/\/wordpress.ft.unicamp.br\/escience\/nossa-equipe\/#primaryimage","url":"https:\/\/wordpress.ft.unicamp.br\/escience\/wp-content\/uploads\/sites\/26\/2017\/11\/elosia.jpg","contentUrl":"https:\/\/wordpress.ft.unicamp.br\/escience\/wp-content\/uploads\/sites\/26\/2017\/11\/elosia.jpg","width":614,"height":831,"caption":"Rodrigo Vin\u00edcius aluno em Tecnologia de Edifica\u00e7\u00f5es na Unicamp. Desenvolvendo Inicia\u00e7\u00e3o Cient\u00edfica em Drones"},{"@type":"BreadcrumbList","@id":"https:\/\/wordpress.ft.unicamp.br\/escience\/nossa-equipe\/#breadcrumb","itemListElement":[{"@type":"ListItem","position":1,"name":"Home","item":"https:\/\/wordpress.ft.unicamp.br\/escience\/"},{"@type":"ListItem","position":2,"name":"Nossa Equipe"}]},{"@type":"WebSite","@id":"https:\/\/wordpress.ft.unicamp.br\/escience\/#website","url":"https:\/\/wordpress.ft.unicamp.br\/escience\/","name":"eScience","description":"","potentialAction":[{"@type":"SearchAction","target":{"@type":"EntryPoint","urlTemplate":"https:\/\/wordpress.ft.unicamp.br\/escience\/?s={search_term_string}"},"query-input":{"@type":"PropertyValueSpecification","valueRequired":true,"valueName":"search_term_string"}}],"inLanguage":"pt-BR"}]}},"_links":{"self":[{"href":"https:\/\/wordpress.ft.unicamp.br\/escience\/wp-json\/wp\/v2\/pages\/53","targetHints":{"allow":["GET"]}}],"collection":[{"href":"https:\/\/wordpress.ft.unicamp.br\/escience\/wp-json\/wp\/v2\/pages"}],"about":[{"href":"https:\/\/wordpress.ft.unicamp.br\/escience\/wp-json\/wp\/v2\/types\/page"}],"author":[{"embeddable":true,"href":"https:\/\/wordpress.ft.unicamp.br\/escience\/wp-json\/wp\/v2\/users\/19"}],"replies":[{"embeddable":true,"href":"https:\/\/wordpress.ft.unicamp.br\/escience\/wp-json\/wp\/v2\/comments?post=53"}],"version-history":[{"count":23,"href":"https:\/\/wordpress.ft.unicamp.br\/escience\/wp-json\/wp\/v2\/pages\/53\/revisions"}],"predecessor-version":[{"id":97,"href":"https:\/\/wordpress.ft.unicamp.br\/escience\/wp-json\/wp\/v2\/pages\/53\/revisions\/97"}],"wp:attachment":[{"href":"https:\/\/wordpress.ft.unicamp.br\/escience\/wp-json\/wp\/v2\/media?parent=53"}],"curies":[{"name":"wp","href":"https:\/\/api.w.org\/{rel}","templated":true}]}}