{"id":4,"date":"2018-08-02T13:55:47","date_gmt":"2018-08-02T13:55:47","guid":{"rendered":"http:\/\/wordpress.ft.unicamp.br\/espbd\/?page_id=4"},"modified":"2024-09-16T15:51:34","modified_gmt":"2024-09-16T15:51:34","slug":"teste","status":"publish","type":"page","link":"https:\/\/wordpress.ft.unicamp.br\/espbd\/?page_id=4","title":{"rendered":"Docentes"},"content":{"rendered":"<h2><span style=\"font-size: x-small;color: #0000ff;background-color: #0000ff\">&#8212;&#8212;&#8212;&#8212;&#8212;&#8212;&#8212;&#8212;&#8212;&#8212;&#8212;&#8212;&#8212;&#8212;&#8212;&#8212;&#8212;&#8212;&#8212;&#8212;&#8212;<\/span><\/h2>\n<h2><strong>Professores da UNICAMP<\/strong><\/h2>\n<ul>\n<li>Dr. Andr\u00e9 Franceschi de Angelis (Doutorado, USP)<\/li>\n<li>Dr. Celmar Guimar\u00e3es da Silva (Doutorado, UNICAMP)<\/li>\n<li>Dr. Guilherme P. Coelho (Doutorado, UNICAMP)<\/li>\n<li>Dra. Gisele Busichia Baioco (Doutorado, USP)<\/li>\n<li>Dr. J\u00falio Cesar dos Reis (Doutorado, UNICAMP)<\/li>\n<li>Dr. Luiz Camolesi J\u00fanior (Doutorado, USP)<\/li>\n<li>Dr. Plinio Roberto Souza Vilela (Doutorado, UNICAMP)<\/li>\n<\/ul>\n<h2><strong>Profissionais de Organiza\u00e7\u00f5es<br \/>\n<\/strong><\/h2>\n<ul>\n<li>Ms. Edson Luiz Avanzi<\/li>\n<li>Ms. Franklin Anderson de Amorim<\/li>\n<li>Dr. Jos\u00e9 Lu\u00eds Zem<\/li>\n<li>Ms. Manuel Augusto da Silva J\u00fanior<\/li>\n<li>Esp Rog\u00e9rio Yukio Iwashita<\/li>\n<li>Ms. Rubens Thiago de Oliveira<\/li>\n<li>entre outros<\/li>\n<\/ul>\n<p>Entre estes dois grupos s\u00e3o selecionados os professores de uma determinada turma. Preza-se por um equil\u00edbrio entre profissionais da UNICAMP e externos para a composi\u00e7\u00e3o dos professores de uma turma.<\/p>\n","protected":false},"excerpt":{"rendered":"<p>&#8212;&#8212;&#8212;&#8212;&#8212;&#8212;&#8212;&#8212;&#8212;&#8212;&#8212;&#8212;&#8212;&#8212;&#8212;&#8212;&#8212;&#8212;&#8212;&#8212;&#8212; Professores da UNICAMP Dr. Andr\u00e9 Franceschi de Angelis (Doutorado, USP) Dr. Celmar Guimar\u00e3es da Silva (Doutorado, UNICAMP) Dr. Guilherme P. Coelho (Doutorado, UNICAMP) Dra. Gisele Busichia Baioco (Doutorado, USP) <a class=\"more-link\" href=\"https:\/\/wordpress.ft.unicamp.br\/espbd\/?page_id=4\">Continue Reading &rarr;<\/a><\/p>\n","protected":false},"author":1,"featured_media":0,"parent":0,"menu_order":0,"comment_status":"closed","ping_status":"closed","template":"","meta":{"footnotes":""},"class_list":["post-4","page","type-page","status-publish","hentry"],"yoast_head":"<!-- This site is optimized with the Yoast SEO plugin v27.3 - https:\/\/yoast.com\/product\/yoast-seo-wordpress\/ -->\n<title>Docentes - Engenharia e Adm. de Banco de Dados<\/title>\n<meta name=\"robots\" content=\"index, follow, max-snippet:-1, max-image-preview:large, max-video-preview:-1\" \/>\n<link rel=\"canonical\" href=\"https:\/\/wordpress.ft.unicamp.br\/espbd\/?page_id=4\" \/>\n<meta property=\"og:locale\" content=\"pt_BR\" \/>\n<meta property=\"og:type\" content=\"article\" \/>\n<meta property=\"og:title\" content=\"Docentes - Engenharia e Adm. de Banco de Dados\" \/>\n<meta property=\"og:description\" content=\"&#8212;&#8212;&#8212;&#8212;&#8212;&#8212;&#8212;&#8212;&#8212;&#8212;&#8212;&#8212;&#8212;&#8212;&#8212;&#8212;&#8212;&#8212;&#8212;&#8212;&#8212; Professores da UNICAMP Dr. Andr\u00e9 Franceschi de Angelis (Doutorado, USP) Dr. Celmar Guimar\u00e3es da Silva (Doutorado, UNICAMP) Dr. Guilherme P. Coelho (Doutorado, UNICAMP) Dra. Gisele Busichia Baioco (Doutorado, USP) Continue Reading &rarr;\" \/>\n<meta property=\"og:url\" content=\"https:\/\/wordpress.ft.unicamp.br\/espbd\/?page_id=4\" \/>\n<meta property=\"og:site_name\" content=\"Engenharia e Adm. de Banco de Dados\" \/>\n<meta property=\"article:modified_time\" content=\"2024-09-16T15:51:34+00:00\" \/>\n<meta name=\"twitter:card\" content=\"summary_large_image\" \/>\n<meta name=\"twitter:label1\" content=\"Est. tempo de leitura\" \/>\n\t<meta name=\"twitter:data1\" content=\"1 minuto\" \/>\n<script type=\"application\/ld+json\" class=\"yoast-schema-graph\">{\"@context\":\"https:\\\/\\\/schema.org\",\"@graph\":[{\"@type\":\"WebPage\",\"@id\":\"https:\\\/\\\/wordpress.ft.unicamp.br\\\/espbd\\\/?page_id=4\",\"url\":\"https:\\\/\\\/wordpress.ft.unicamp.br\\\/espbd\\\/?page_id=4\",\"name\":\"Docentes - Engenharia e Adm. de Banco de Dados\",\"isPartOf\":{\"@id\":\"https:\\\/\\\/wordpress.ft.unicamp.br\\\/espbd\\\/#website\"},\"datePublished\":\"2018-08-02T13:55:47+00:00\",\"dateModified\":\"2024-09-16T15:51:34+00:00\",\"breadcrumb\":{\"@id\":\"https:\\\/\\\/wordpress.ft.unicamp.br\\\/espbd\\\/?page_id=4#breadcrumb\"},\"inLanguage\":\"pt-BR\",\"potentialAction\":[{\"@type\":\"ReadAction\",\"target\":[\"https:\\\/\\\/wordpress.ft.unicamp.br\\\/espbd\\\/?page_id=4\"]}]},{\"@type\":\"BreadcrumbList\",\"@id\":\"https:\\\/\\\/wordpress.ft.unicamp.br\\\/espbd\\\/?page_id=4#breadcrumb\",\"itemListElement\":[{\"@type\":\"ListItem\",\"position\":1,\"name\":\"Home\",\"item\":\"https:\\\/\\\/wordpress.ft.unicamp.br\\\/espbd\\\/\"},{\"@type\":\"ListItem\",\"position\":2,\"name\":\"Docentes\"}]},{\"@type\":\"WebSite\",\"@id\":\"https:\\\/\\\/wordpress.ft.unicamp.br\\\/espbd\\\/#website\",\"url\":\"https:\\\/\\\/wordpress.ft.unicamp.br\\\/espbd\\\/\",\"name\":\"Engenharia e Adm. de Banco de Dados\",\"description\":\"Engenharia de Dados (pr\u00e9 e p\u00f3s); Administra\u00e7\u00e3o de Dados; Seguran\u00e7a; Arquitetura; Ci\u00eancia dos Dados; Gest\u00e3o de Dados\",\"publisher\":{\"@id\":\"https:\\\/\\\/wordpress.ft.unicamp.br\\\/espbd\\\/#organization\"},\"potentialAction\":[{\"@type\":\"SearchAction\",\"target\":{\"@type\":\"EntryPoint\",\"urlTemplate\":\"https:\\\/\\\/wordpress.ft.unicamp.br\\\/espbd\\\/?s={search_term_string}\"},\"query-input\":{\"@type\":\"PropertyValueSpecification\",\"valueRequired\":true,\"valueName\":\"search_term_string\"}}],\"inLanguage\":\"pt-BR\"},{\"@type\":\"Organization\",\"@id\":\"https:\\\/\\\/wordpress.ft.unicamp.br\\\/espbd\\\/#organization\",\"name\":\"UNICAMP\",\"url\":\"https:\\\/\\\/wordpress.ft.unicamp.br\\\/espbd\\\/\",\"logo\":{\"@type\":\"ImageObject\",\"inLanguage\":\"pt-BR\",\"@id\":\"https:\\\/\\\/wordpress.ft.unicamp.br\\\/espbd\\\/#\\\/schema\\\/logo\\\/image\\\/\",\"url\":\"https:\\\/\\\/wordpress.ft.unicamp.br\\\/espbd\\\/wp-content\\\/uploads\\\/sites\\\/48\\\/2022\\\/04\\\/logo-Unicamp.jpg\",\"contentUrl\":\"https:\\\/\\\/wordpress.ft.unicamp.br\\\/espbd\\\/wp-content\\\/uploads\\\/sites\\\/48\\\/2022\\\/04\\\/logo-Unicamp.jpg\",\"width\":200,\"height\":225,\"caption\":\"UNICAMP\"},\"image\":{\"@id\":\"https:\\\/\\\/wordpress.ft.unicamp.br\\\/espbd\\\/#\\\/schema\\\/logo\\\/image\\\/\"}}]}<\/script>\n<!-- \/ Yoast SEO plugin. -->","yoast_head_json":{"title":"Docentes - Engenharia e Adm. de Banco de Dados","robots":{"index":"index","follow":"follow","max-snippet":"max-snippet:-1","max-image-preview":"max-image-preview:large","max-video-preview":"max-video-preview:-1"},"canonical":"https:\/\/wordpress.ft.unicamp.br\/espbd\/?page_id=4","og_locale":"pt_BR","og_type":"article","og_title":"Docentes - Engenharia e Adm. de Banco de Dados","og_description":"&#8212;&#8212;&#8212;&#8212;&#8212;&#8212;&#8212;&#8212;&#8212;&#8212;&#8212;&#8212;&#8212;&#8212;&#8212;&#8212;&#8212;&#8212;&#8212;&#8212;&#8212; Professores da UNICAMP Dr. Andr\u00e9 Franceschi de Angelis (Doutorado, USP) Dr. Celmar Guimar\u00e3es da Silva (Doutorado, UNICAMP) Dr. Guilherme P. Coelho (Doutorado, UNICAMP) Dra. Gisele Busichia Baioco (Doutorado, USP) Continue Reading &rarr;","og_url":"https:\/\/wordpress.ft.unicamp.br\/espbd\/?page_id=4","og_site_name":"Engenharia e Adm. de Banco de Dados","article_modified_time":"2024-09-16T15:51:34+00:00","twitter_card":"summary_large_image","twitter_misc":{"Est. tempo de leitura":"1 minuto"},"schema":{"@context":"https:\/\/schema.org","@graph":[{"@type":"WebPage","@id":"https:\/\/wordpress.ft.unicamp.br\/espbd\/?page_id=4","url":"https:\/\/wordpress.ft.unicamp.br\/espbd\/?page_id=4","name":"Docentes - Engenharia e Adm. de Banco de Dados","isPartOf":{"@id":"https:\/\/wordpress.ft.unicamp.br\/espbd\/#website"},"datePublished":"2018-08-02T13:55:47+00:00","dateModified":"2024-09-16T15:51:34+00:00","breadcrumb":{"@id":"https:\/\/wordpress.ft.unicamp.br\/espbd\/?page_id=4#breadcrumb"},"inLanguage":"pt-BR","potentialAction":[{"@type":"ReadAction","target":["https:\/\/wordpress.ft.unicamp.br\/espbd\/?page_id=4"]}]},{"@type":"BreadcrumbList","@id":"https:\/\/wordpress.ft.unicamp.br\/espbd\/?page_id=4#breadcrumb","itemListElement":[{"@type":"ListItem","position":1,"name":"Home","item":"https:\/\/wordpress.ft.unicamp.br\/espbd\/"},{"@type":"ListItem","position":2,"name":"Docentes"}]},{"@type":"WebSite","@id":"https:\/\/wordpress.ft.unicamp.br\/espbd\/#website","url":"https:\/\/wordpress.ft.unicamp.br\/espbd\/","name":"Engenharia e Adm. de Banco de Dados","description":"Engenharia de Dados (pr\u00e9 e p\u00f3s); Administra\u00e7\u00e3o de Dados; Seguran\u00e7a; Arquitetura; Ci\u00eancia dos Dados; Gest\u00e3o de Dados","publisher":{"@id":"https:\/\/wordpress.ft.unicamp.br\/espbd\/#organization"},"potentialAction":[{"@type":"SearchAction","target":{"@type":"EntryPoint","urlTemplate":"https:\/\/wordpress.ft.unicamp.br\/espbd\/?s={search_term_string}"},"query-input":{"@type":"PropertyValueSpecification","valueRequired":true,"valueName":"search_term_string"}}],"inLanguage":"pt-BR"},{"@type":"Organization","@id":"https:\/\/wordpress.ft.unicamp.br\/espbd\/#organization","name":"UNICAMP","url":"https:\/\/wordpress.ft.unicamp.br\/espbd\/","logo":{"@type":"ImageObject","inLanguage":"pt-BR","@id":"https:\/\/wordpress.ft.unicamp.br\/espbd\/#\/schema\/logo\/image\/","url":"https:\/\/wordpress.ft.unicamp.br\/espbd\/wp-content\/uploads\/sites\/48\/2022\/04\/logo-Unicamp.jpg","contentUrl":"https:\/\/wordpress.ft.unicamp.br\/espbd\/wp-content\/uploads\/sites\/48\/2022\/04\/logo-Unicamp.jpg","width":200,"height":225,"caption":"UNICAMP"},"image":{"@id":"https:\/\/wordpress.ft.unicamp.br\/espbd\/#\/schema\/logo\/image\/"}}]}},"_links":{"self":[{"href":"https:\/\/wordpress.ft.unicamp.br\/espbd\/index.php?rest_route=\/wp\/v2\/pages\/4","targetHints":{"allow":["GET"]}}],"collection":[{"href":"https:\/\/wordpress.ft.unicamp.br\/espbd\/index.php?rest_route=\/wp\/v2\/pages"}],"about":[{"href":"https:\/\/wordpress.ft.unicamp.br\/espbd\/index.php?rest_route=\/wp\/v2\/types\/page"}],"author":[{"embeddable":true,"href":"https:\/\/wordpress.ft.unicamp.br\/espbd\/index.php?rest_route=\/wp\/v2\/users\/1"}],"replies":[{"embeddable":true,"href":"https:\/\/wordpress.ft.unicamp.br\/espbd\/index.php?rest_route=%2Fwp%2Fv2%2Fcomments&post=4"}],"version-history":[{"count":20,"href":"https:\/\/wordpress.ft.unicamp.br\/espbd\/index.php?rest_route=\/wp\/v2\/pages\/4\/revisions"}],"predecessor-version":[{"id":1241,"href":"https:\/\/wordpress.ft.unicamp.br\/espbd\/index.php?rest_route=\/wp\/v2\/pages\/4\/revisions\/1241"}],"wp:attachment":[{"href":"https:\/\/wordpress.ft.unicamp.br\/espbd\/index.php?rest_route=%2Fwp%2Fv2%2Fmedia&parent=4"}],"curies":[{"name":"wp","href":"https:\/\/api.w.org\/{rel}","templated":true}]}}