{"id":44,"date":"2018-08-02T21:38:37","date_gmt":"2018-08-02T21:38:37","guid":{"rendered":"http:\/\/wordpress.ft.unicamp.br\/espbd\/?page_id=44"},"modified":"2023-07-14T19:14:05","modified_gmt":"2023-07-14T19:14:05","slug":"sobre","status":"publish","type":"page","link":"https:\/\/wordpress.ft.unicamp.br\/espbd\/?page_id=44","title":{"rendered":"Contato"},"content":{"rendered":"<p><span style=\"font-size: x-small;color: #f0160b;background-color: #f0160b\">&#8212;&#8212;&#8212;&#8212;&#8212;&#8212;&#8212;&#8212;&#8212;&#8212;&#8212;&#8212;&#8212;&#8212;&#8212;&#8212;&#8212;&#8211;<\/span><\/p>\n<p><span style=\"color: #f0160b\"><strong>COORDENA\u00c7\u00c3O DO CURSO<\/strong><\/span><br \/>\n<span style=\"color: #00ff00\"><strong>Prof. Dr. Luiz Camolesi Jr.<\/strong><\/span><br \/>\ncamolesi (@) unicamp.br<\/p>\n<p><span style=\"color: #f0160b\"><strong>SECRETARIA DE EXTENS\u00c3O &#8211;\u00a0<\/strong><strong>FT<br \/>\n<\/strong><\/span><span style=\"color: #00ff00\"><strong>Helton Alexandre In\u00e1cio Batista<\/strong><\/span><br \/>\nextensao@ft.unicamp.br<\/p>\n<p>Secretaria Telefone: (19) 2113-3353<br \/>\nHor\u00e1rios (segunda-feira a sexta-feira):<br \/>\nmanh\u00e3 ou tarde<\/p>\n<hr \/>\n<hr \/>\n<p><span style=\"color: #ff0000\">Endere\u00e7o para Correspond\u00eancias:<\/span><br \/>\nFaculdade de Tecnologia &#8211; FT \/ Secretaria de Extens\u00e3o<br \/>\nUNICAMP &#8211; Campus I<br \/>\nRua Paschoal Marmo, 1888<br \/>\nJardim Nova It\u00e1lia, CEP 13484-332<br \/>\nLimeira &#8211; SP<\/p>\n","protected":false},"excerpt":{"rendered":"<p>&#8212;&#8212;&#8212;&#8212;&#8212;&#8212;&#8212;&#8212;&#8212;&#8212;&#8212;&#8212;&#8212;&#8212;&#8212;&#8212;&#8212;&#8211; COORDENA\u00c7\u00c3O DO CURSO Prof. Dr. Luiz Camolesi Jr. camolesi (@) unicamp.br SECRETARIA DE EXTENS\u00c3O &#8211;\u00a0FT Helton Alexandre In\u00e1cio Batista extensao@ft.unicamp.br Secretaria Telefone: (19) 2113-3353 Hor\u00e1rios (segunda-feira a sexta-feira): manh\u00e3 <a class=\"more-link\" href=\"https:\/\/wordpress.ft.unicamp.br\/espbd\/?page_id=44\">Continue Reading &rarr;<\/a><\/p>\n","protected":false},"author":31,"featured_media":0,"parent":0,"menu_order":0,"comment_status":"closed","ping_status":"closed","template":"","meta":{"footnotes":""},"class_list":["post-44","page","type-page","status-publish","hentry"],"yoast_head":"<!-- This site is optimized with the Yoast SEO plugin v27.3 - https:\/\/yoast.com\/product\/yoast-seo-wordpress\/ -->\n<title>Contato - Engenharia e Adm. de Banco de Dados<\/title>\n<meta name=\"robots\" content=\"index, follow, max-snippet:-1, max-image-preview:large, max-video-preview:-1\" \/>\n<link rel=\"canonical\" href=\"https:\/\/wordpress.ft.unicamp.br\/espbd\/?page_id=44\" \/>\n<meta property=\"og:locale\" content=\"pt_BR\" \/>\n<meta property=\"og:type\" content=\"article\" \/>\n<meta property=\"og:title\" content=\"Contato - Engenharia e Adm. de Banco de Dados\" \/>\n<meta property=\"og:description\" content=\"&#8212;&#8212;&#8212;&#8212;&#8212;&#8212;&#8212;&#8212;&#8212;&#8212;&#8212;&#8212;&#8212;&#8212;&#8212;&#8212;&#8212;&#8211; COORDENA\u00c7\u00c3O DO CURSO Prof. Dr. Luiz Camolesi Jr. camolesi (@) unicamp.br SECRETARIA DE EXTENS\u00c3O &#8211;\u00a0FT Helton Alexandre In\u00e1cio Batista extensao@ft.unicamp.br Secretaria Telefone: (19) 2113-3353 Hor\u00e1rios (segunda-feira a sexta-feira): manh\u00e3 Continue Reading &rarr;\" \/>\n<meta property=\"og:url\" content=\"https:\/\/wordpress.ft.unicamp.br\/espbd\/?page_id=44\" \/>\n<meta property=\"og:site_name\" content=\"Engenharia e Adm. de Banco de Dados\" \/>\n<meta property=\"article:modified_time\" content=\"2023-07-14T19:14:05+00:00\" \/>\n<meta name=\"twitter:card\" content=\"summary_large_image\" \/>\n<meta name=\"twitter:label1\" content=\"Est. tempo de leitura\" \/>\n\t<meta name=\"twitter:data1\" content=\"1 minuto\" \/>\n<script type=\"application\/ld+json\" class=\"yoast-schema-graph\">{\"@context\":\"https:\\\/\\\/schema.org\",\"@graph\":[{\"@type\":\"WebPage\",\"@id\":\"https:\\\/\\\/wordpress.ft.unicamp.br\\\/espbd\\\/?page_id=44\",\"url\":\"https:\\\/\\\/wordpress.ft.unicamp.br\\\/espbd\\\/?page_id=44\",\"name\":\"Contato - Engenharia e Adm. de Banco de Dados\",\"isPartOf\":{\"@id\":\"https:\\\/\\\/wordpress.ft.unicamp.br\\\/espbd\\\/#website\"},\"datePublished\":\"2018-08-02T21:38:37+00:00\",\"dateModified\":\"2023-07-14T19:14:05+00:00\",\"breadcrumb\":{\"@id\":\"https:\\\/\\\/wordpress.ft.unicamp.br\\\/espbd\\\/?page_id=44#breadcrumb\"},\"inLanguage\":\"pt-BR\",\"potentialAction\":[{\"@type\":\"ReadAction\",\"target\":[\"https:\\\/\\\/wordpress.ft.unicamp.br\\\/espbd\\\/?page_id=44\"]}]},{\"@type\":\"BreadcrumbList\",\"@id\":\"https:\\\/\\\/wordpress.ft.unicamp.br\\\/espbd\\\/?page_id=44#breadcrumb\",\"itemListElement\":[{\"@type\":\"ListItem\",\"position\":1,\"name\":\"Home\",\"item\":\"https:\\\/\\\/wordpress.ft.unicamp.br\\\/espbd\\\/\"},{\"@type\":\"ListItem\",\"position\":2,\"name\":\"Contato\"}]},{\"@type\":\"WebSite\",\"@id\":\"https:\\\/\\\/wordpress.ft.unicamp.br\\\/espbd\\\/#website\",\"url\":\"https:\\\/\\\/wordpress.ft.unicamp.br\\\/espbd\\\/\",\"name\":\"Engenharia e Adm. de Banco de Dados\",\"description\":\"Engenharia de Dados (pr\u00e9 e p\u00f3s); Administra\u00e7\u00e3o de Dados; Seguran\u00e7a; Arquitetura; Ci\u00eancia dos Dados; Gest\u00e3o de Dados\",\"publisher\":{\"@id\":\"https:\\\/\\\/wordpress.ft.unicamp.br\\\/espbd\\\/#organization\"},\"potentialAction\":[{\"@type\":\"SearchAction\",\"target\":{\"@type\":\"EntryPoint\",\"urlTemplate\":\"https:\\\/\\\/wordpress.ft.unicamp.br\\\/espbd\\\/?s={search_term_string}\"},\"query-input\":{\"@type\":\"PropertyValueSpecification\",\"valueRequired\":true,\"valueName\":\"search_term_string\"}}],\"inLanguage\":\"pt-BR\"},{\"@type\":\"Organization\",\"@id\":\"https:\\\/\\\/wordpress.ft.unicamp.br\\\/espbd\\\/#organization\",\"name\":\"UNICAMP\",\"url\":\"https:\\\/\\\/wordpress.ft.unicamp.br\\\/espbd\\\/\",\"logo\":{\"@type\":\"ImageObject\",\"inLanguage\":\"pt-BR\",\"@id\":\"https:\\\/\\\/wordpress.ft.unicamp.br\\\/espbd\\\/#\\\/schema\\\/logo\\\/image\\\/\",\"url\":\"https:\\\/\\\/wordpress.ft.unicamp.br\\\/espbd\\\/wp-content\\\/uploads\\\/sites\\\/48\\\/2022\\\/04\\\/logo-Unicamp.jpg\",\"contentUrl\":\"https:\\\/\\\/wordpress.ft.unicamp.br\\\/espbd\\\/wp-content\\\/uploads\\\/sites\\\/48\\\/2022\\\/04\\\/logo-Unicamp.jpg\",\"width\":200,\"height\":225,\"caption\":\"UNICAMP\"},\"image\":{\"@id\":\"https:\\\/\\\/wordpress.ft.unicamp.br\\\/espbd\\\/#\\\/schema\\\/logo\\\/image\\\/\"}}]}<\/script>\n<!-- \/ Yoast SEO plugin. -->","yoast_head_json":{"title":"Contato - Engenharia e Adm. de Banco de Dados","robots":{"index":"index","follow":"follow","max-snippet":"max-snippet:-1","max-image-preview":"max-image-preview:large","max-video-preview":"max-video-preview:-1"},"canonical":"https:\/\/wordpress.ft.unicamp.br\/espbd\/?page_id=44","og_locale":"pt_BR","og_type":"article","og_title":"Contato - Engenharia e Adm. de Banco de Dados","og_description":"&#8212;&#8212;&#8212;&#8212;&#8212;&#8212;&#8212;&#8212;&#8212;&#8212;&#8212;&#8212;&#8212;&#8212;&#8212;&#8212;&#8212;&#8211; COORDENA\u00c7\u00c3O DO CURSO Prof. Dr. Luiz Camolesi Jr. camolesi (@) unicamp.br SECRETARIA DE EXTENS\u00c3O &#8211;\u00a0FT Helton Alexandre In\u00e1cio Batista extensao@ft.unicamp.br Secretaria Telefone: (19) 2113-3353 Hor\u00e1rios (segunda-feira a sexta-feira): manh\u00e3 Continue Reading &rarr;","og_url":"https:\/\/wordpress.ft.unicamp.br\/espbd\/?page_id=44","og_site_name":"Engenharia e Adm. de Banco de Dados","article_modified_time":"2023-07-14T19:14:05+00:00","twitter_card":"summary_large_image","twitter_misc":{"Est. tempo de leitura":"1 minuto"},"schema":{"@context":"https:\/\/schema.org","@graph":[{"@type":"WebPage","@id":"https:\/\/wordpress.ft.unicamp.br\/espbd\/?page_id=44","url":"https:\/\/wordpress.ft.unicamp.br\/espbd\/?page_id=44","name":"Contato - Engenharia e Adm. de Banco de Dados","isPartOf":{"@id":"https:\/\/wordpress.ft.unicamp.br\/espbd\/#website"},"datePublished":"2018-08-02T21:38:37+00:00","dateModified":"2023-07-14T19:14:05+00:00","breadcrumb":{"@id":"https:\/\/wordpress.ft.unicamp.br\/espbd\/?page_id=44#breadcrumb"},"inLanguage":"pt-BR","potentialAction":[{"@type":"ReadAction","target":["https:\/\/wordpress.ft.unicamp.br\/espbd\/?page_id=44"]}]},{"@type":"BreadcrumbList","@id":"https:\/\/wordpress.ft.unicamp.br\/espbd\/?page_id=44#breadcrumb","itemListElement":[{"@type":"ListItem","position":1,"name":"Home","item":"https:\/\/wordpress.ft.unicamp.br\/espbd\/"},{"@type":"ListItem","position":2,"name":"Contato"}]},{"@type":"WebSite","@id":"https:\/\/wordpress.ft.unicamp.br\/espbd\/#website","url":"https:\/\/wordpress.ft.unicamp.br\/espbd\/","name":"Engenharia e Adm. de Banco de Dados","description":"Engenharia de Dados (pr\u00e9 e p\u00f3s); Administra\u00e7\u00e3o de Dados; Seguran\u00e7a; Arquitetura; Ci\u00eancia dos Dados; Gest\u00e3o de Dados","publisher":{"@id":"https:\/\/wordpress.ft.unicamp.br\/espbd\/#organization"},"potentialAction":[{"@type":"SearchAction","target":{"@type":"EntryPoint","urlTemplate":"https:\/\/wordpress.ft.unicamp.br\/espbd\/?s={search_term_string}"},"query-input":{"@type":"PropertyValueSpecification","valueRequired":true,"valueName":"search_term_string"}}],"inLanguage":"pt-BR"},{"@type":"Organization","@id":"https:\/\/wordpress.ft.unicamp.br\/espbd\/#organization","name":"UNICAMP","url":"https:\/\/wordpress.ft.unicamp.br\/espbd\/","logo":{"@type":"ImageObject","inLanguage":"pt-BR","@id":"https:\/\/wordpress.ft.unicamp.br\/espbd\/#\/schema\/logo\/image\/","url":"https:\/\/wordpress.ft.unicamp.br\/espbd\/wp-content\/uploads\/sites\/48\/2022\/04\/logo-Unicamp.jpg","contentUrl":"https:\/\/wordpress.ft.unicamp.br\/espbd\/wp-content\/uploads\/sites\/48\/2022\/04\/logo-Unicamp.jpg","width":200,"height":225,"caption":"UNICAMP"},"image":{"@id":"https:\/\/wordpress.ft.unicamp.br\/espbd\/#\/schema\/logo\/image\/"}}]}},"_links":{"self":[{"href":"https:\/\/wordpress.ft.unicamp.br\/espbd\/index.php?rest_route=\/wp\/v2\/pages\/44","targetHints":{"allow":["GET"]}}],"collection":[{"href":"https:\/\/wordpress.ft.unicamp.br\/espbd\/index.php?rest_route=\/wp\/v2\/pages"}],"about":[{"href":"https:\/\/wordpress.ft.unicamp.br\/espbd\/index.php?rest_route=\/wp\/v2\/types\/page"}],"author":[{"embeddable":true,"href":"https:\/\/wordpress.ft.unicamp.br\/espbd\/index.php?rest_route=\/wp\/v2\/users\/31"}],"replies":[{"embeddable":true,"href":"https:\/\/wordpress.ft.unicamp.br\/espbd\/index.php?rest_route=%2Fwp%2Fv2%2Fcomments&post=44"}],"version-history":[{"count":16,"href":"https:\/\/wordpress.ft.unicamp.br\/espbd\/index.php?rest_route=\/wp\/v2\/pages\/44\/revisions"}],"predecessor-version":[{"id":1142,"href":"https:\/\/wordpress.ft.unicamp.br\/espbd\/index.php?rest_route=\/wp\/v2\/pages\/44\/revisions\/1142"}],"wp:attachment":[{"href":"https:\/\/wordpress.ft.unicamp.br\/espbd\/index.php?rest_route=%2Fwp%2Fv2%2Fmedia&parent=44"}],"curies":[{"name":"wp","href":"https:\/\/api.w.org\/{rel}","templated":true}]}}