{"id":47,"date":"2018-08-02T21:46:12","date_gmt":"2018-08-02T21:46:12","guid":{"rendered":"http:\/\/wordpress.ft.unicamp.br\/espbd\/?page_id=47"},"modified":"2025-11-18T12:27:23","modified_gmt":"2025-11-18T12:27:23","slug":"home","status":"publish","type":"page","link":"https:\/\/wordpress.ft.unicamp.br\/espbd\/","title":{"rendered":"Home"},"content":{"rendered":"<p><span style=\"font-size: x-small;color: #ff0000;background-color: #ff0000\">&#8212;&#8212;&#8212;&#8212;&#8212;&#8212;&#8212;&#8212;&#8212;&#8212;&#8212;&#8212;&#8212;&#8212;&#8212;&#8212;&#8212;&#8212;&#8212;&#8212;&#8212;&#8212;&#8212;&#8212;&#8212;&#8212;&#8212;&#8212;&#8212;-<\/span><\/p>\n<h4><strong><span style=\"color: #ff0000\">Acesse<\/span><\/strong><\/h4>\n<ul>\n<li><span style=\"color: #00ff00\"><strong><a style=\"color: #00ff00\" href=\"https:\/\/www.ft.unicamp.br\/~espbd\/?page_id=100\">Inscri\u00e7\u00f5es e <span style=\"color: #00ffff\">Bolsas de Estudos<\/span><\/a><\/strong><\/span><strong><span style=\"color: #ff6600\"><br \/>\n<a href=\"https:\/\/www.ft.unicamp.br\/~espbd\/?page_id=100\">\u00a0 \u00a0 \u00a0 \u00a0<span style=\"color: #ff6600\">Fa\u00e7a sua Inscri\u00e7\u00e3o<\/span><\/a><\/span><\/strong><\/li>\n<li><span style=\"color: #00ff00\"><strong><a style=\"color: #00ff00\" href=\"https:\/\/www.ft.unicamp.br\/espbd\/?page_id=12\">Disciplinas e Ementas<\/a><\/strong><br \/>\n<\/span><\/li>\n<li><span style=\"color: #00ff00\"><strong><a style=\"color: #00ff00\" href=\"https:\/\/www.ft.unicamp.br\/espbd\/?page_id=127\">P\u00fablico de Interesse<\/a><\/strong><\/span><\/li>\n<li><span style=\"color: #00ff00\"><strong><a style=\"color: #00ff00\" href=\"https:\/\/wordpress.ft.unicamp.br\/espbd\/?page_id=96\">Certificado de Conclus\u00e3o\u00a0<\/a><\/strong><\/span><\/li>\n<li><span style=\"color: #00ff00\"><strong><a style=\"color: #00ff00\" href=\"https:\/\/wordpress.ft.unicamp.br\/espbd\/?page_id=459\">Turmas formadas<\/a><\/strong><\/span><\/li>\n<li><span style=\"color: #00ff00\"><a style=\"color: #00ff00\" href=\"https:\/\/wordpress.ft.unicamp.br\/espbd\/?page_id=157\"><strong>Conhe\u00e7a a UNICAMP<\/strong><\/a><\/span><\/li>\n<li><a href=\"https:\/\/wordpress.ft.unicamp.br\/espbd\/?page_id=4\"><strong><span style=\"color: #00ff00\">Professores\u00a0<\/span><\/strong><\/a><\/li>\n<\/ul>\n<p><span style=\"font-size: x-small;color: #ff0000;background-color: #ff0000\">&#8212;&#8212;&#8212;&#8212;&#8212;&#8212;&#8212;&#8212;&#8212;&#8212;&#8212;&#8212;&#8212;&#8212;&#8212;&#8212;&#8212;&#8212;&#8212;&#8212;&#8212;&#8212;&#8212;&#8212;&#8212;&#8212;&#8212;&#8212;&#8212;-<\/span><\/p>\n<h2><strong>Objetivo<\/strong><\/h2>\n<p>O curso de <strong><span style=\"color: #ff6600\">Engenharia e Administra\u00e7\u00e3o de Sistemas de Banco de Dados<\/span><\/strong>, com as aulas realizadas online e ao vivo, propicia grande intera\u00e7\u00e3o entre alunos e professores.\u00a0 O curso oferece a forma\u00e7\u00e3o de uma <strong><span style=\"color: #33cccc\">Especialidade Profissional<\/span><\/strong> com o objetivo de qualificar o discente para atuar na \u00e1rea de dados, em contextos nos quais a informa\u00e7\u00e3o \u00e9 considerada um ativo estrat\u00e9gico para a organiza\u00e7\u00e3o.<br \/>\nPara atua\u00e7\u00e3o no mercado, esta qualifica\u00e7\u00e3o profissional proporciona consci\u00eancia e dom\u00ednio da integra\u00e7\u00e3o de diversos macro-processos relacionados \u00e0:<\/p>\n<ul>\n<li><span style=\"color: #00ff00\"><strong>Engenharia de Dados<\/strong><\/span><\/li>\n<li><span style=\"color: #00ff00\"><strong>Administra\u00e7\u00e3o de Bancos de Dados<\/strong><\/span><\/li>\n<li><span style=\"color: #00ff00\"><strong>Seguran\u00e7a de Bancos de Dados<\/strong><\/span><\/li>\n<li><span style=\"color: #00ff00\"><strong>Arquitetura de Dados<\/strong><\/span><\/li>\n<li><span style=\"color: #00ff00\"><strong>Gest\u00e3o e Governan\u00e7a de Dados<\/strong><\/span><\/li>\n<li><span style=\"color: #00ff00\"><strong>Ci\u00eancia dos Dados (An\u00e1lise de Dados)<\/strong><\/span><\/li>\n<\/ul>\n<p>Tendo em vista a import\u00e2ncia do profissional qualificado na atua\u00e7\u00e3o nestes macro-processos, o curso tem entre seus objetivos gerais:<\/p>\n<ul>\n<li>Propiciar uma vis\u00e3o ampla das atividades relacionadas, destacando suas responsabilidades freq\u00fcentes e estrat\u00e9gicas para empresas usu\u00e1rias de tecnologias de bancos de dados;<\/li>\n<li>Habilitar o profissional no dom\u00ednio e utiliza\u00e7\u00e3o de M\u00e9todos, Procedimentos e Ferramentas;<\/li>\n<li>Formar profissionais com compet\u00eancia para conceber, especificar, analisar, desenvolver, implementar, adaptar e manter sistemas de bancos de dados voltados \u00e0s necessidades de organiza\u00e7\u00f5es comerciais e ind\u00fastrias em diversos ramos, cujas demandas por sistemas de bancos de dados s\u00e3o bastante expressiva;<\/li>\n<li>Formar agentes de mudan\u00e7a, profissionais com uma vis\u00e3o cr\u00edtica das atuais tecnologias e m\u00e9todos relacionados com bancos de dados e em condi\u00e7\u00f5es de apresentar e conduzir mudan\u00e7as (melhorias) que proporcionar\u00e3o bens e servi\u00e7os com uma elevada qualidade;<\/li>\n<li>Analisar dados em bancos de dados para avalia\u00e7\u00e3o de padr\u00f5es, visando a predi\u00e7\u00e3o de comportamentos em busca de oportunidades de melhoria de consumo, produ\u00e7\u00e3o e trabalho;<\/li>\n<li>Reconhecer problemas organizacionais relacionados com a seguran\u00e7a e qualidade dos dados, que impactam na produtividade organizacional e na dificuldade de maior participa\u00e7\u00e3o no mercado competitivo.<\/li>\n<\/ul>\n","protected":false},"excerpt":{"rendered":"<p>&#8212;&#8212;&#8212;&#8212;&#8212;&#8212;&#8212;&#8212;&#8212;&#8212;&#8212;&#8212;&#8212;&#8212;&#8212;&#8212;&#8212;&#8212;&#8212;&#8212;&#8212;&#8212;&#8212;&#8212;&#8212;&#8212;&#8212;&#8212;&#8212;- Acesse Inscri\u00e7\u00f5es e Bolsas de Estudos \u00a0 \u00a0 \u00a0 \u00a0Fa\u00e7a sua Inscri\u00e7\u00e3o Disciplinas e Ementas P\u00fablico de Interesse Certificado de Conclus\u00e3o\u00a0 Turmas formadas Conhe\u00e7a a UNICAMP Professores\u00a0 &#8212;&#8212;&#8212;&#8212;&#8212;&#8212;&#8212;&#8212;&#8212;&#8212;&#8212;&#8212;&#8212;&#8212;&#8212;&#8212;&#8212;&#8212;&#8212;&#8212;&#8212;&#8212;&#8212;&#8212;&#8212;&#8212;&#8212;&#8212;&#8212;- Objetivo <a class=\"more-link\" href=\"https:\/\/wordpress.ft.unicamp.br\/espbd\/\">Continue Reading &rarr;<\/a><\/p>\n","protected":false},"author":31,"featured_media":0,"parent":0,"menu_order":0,"comment_status":"closed","ping_status":"closed","template":"","meta":{"footnotes":""},"class_list":["post-47","page","type-page","status-publish","hentry"],"yoast_head":"<!-- This site is optimized with the Yoast SEO plugin v27.3 - https:\/\/yoast.com\/product\/yoast-seo-wordpress\/ -->\n<title>UNICAMP - Engenharia e Adm. de Banco de Dados<\/title>\n<meta name=\"description\" content=\"Curso de forma\u00e7\u00e3o de especialidade profissional para atua\u00e7\u00e3o em engenharia de dados, administra\u00e7\u00e3o de dados, ci\u00eancia de dados e gest\u00e3o de dados.\" \/>\n<meta name=\"robots\" content=\"index, follow, max-snippet:-1, max-image-preview:large, max-video-preview:-1\" \/>\n<link rel=\"canonical\" href=\"https:\/\/wordpress.ft.unicamp.br\/espbd\/\" \/>\n<meta property=\"og:locale\" content=\"pt_BR\" \/>\n<meta property=\"og:type\" content=\"article\" \/>\n<meta property=\"og:title\" content=\"Especialidade Profissional em Banco de Dados - UNICAMP\" \/>\n<meta property=\"og:description\" content=\"Curso de especialidade tem o objetivo de qualificar o profissional para atuar na \u00e1rea de dados, em contextos nos quais a informa\u00e7\u00e3o \u00e9 considerada um ativo estrat\u00e9gico para a organiza\u00e7\u00e3o.\" \/>\n<meta property=\"og:url\" content=\"https:\/\/wordpress.ft.unicamp.br\/espbd\/\" \/>\n<meta property=\"og:site_name\" content=\"Engenharia e Adm. de Banco de Dados\" \/>\n<meta property=\"article:modified_time\" content=\"2025-11-18T12:27:23+00:00\" \/>\n<meta property=\"og:image\" content=\"https:\/\/wordpress.ft.unicamp.br\/espbd\/wp-content\/uploads\/sites\/48\/2018\/08\/cropped-logo3d-7.png\" \/>\n\t<meta property=\"og:image:width\" content=\"250\" \/>\n\t<meta property=\"og:image:height\" content=\"250\" \/>\n\t<meta property=\"og:image:type\" content=\"image\/png\" \/>\n<meta name=\"twitter:card\" content=\"summary_large_image\" \/>\n<meta name=\"twitter:title\" content=\"Especialidade Profissional em Banco de Dados - UNICAMP\" \/>\n<meta name=\"twitter:description\" content=\"Curso de especialidade tem o objetivo de qualificar o profissional para atuar na \u00e1rea de dados, em contextos nos quais a informa\u00e7\u00e3o \u00e9 considerada um ativo estrat\u00e9gico para a organiza\u00e7\u00e3o.\" \/>\n<meta name=\"twitter:image\" content=\"https:\/\/wordpress.ft.unicamp.br\/espbd\/wp-content\/uploads\/sites\/48\/2018\/09\/logo2018bd.png\" \/>\n<meta name=\"twitter:label1\" content=\"Est. tempo de leitura\" \/>\n\t<meta name=\"twitter:data1\" content=\"2 minutos\" \/>\n<script type=\"application\/ld+json\" class=\"yoast-schema-graph\">{\"@context\":\"https:\\\/\\\/schema.org\",\"@graph\":[{\"@type\":\"WebPage\",\"@id\":\"https:\\\/\\\/wordpress.ft.unicamp.br\\\/espbd\\\/\",\"url\":\"https:\\\/\\\/wordpress.ft.unicamp.br\\\/espbd\\\/\",\"name\":\"UNICAMP - Engenharia e Adm. de Banco de Dados\",\"isPartOf\":{\"@id\":\"https:\\\/\\\/wordpress.ft.unicamp.br\\\/espbd\\\/#website\"},\"datePublished\":\"2018-08-02T21:46:12+00:00\",\"dateModified\":\"2025-11-18T12:27:23+00:00\",\"description\":\"Curso de forma\u00e7\u00e3o de especialidade profissional para atua\u00e7\u00e3o em engenharia de dados, administra\u00e7\u00e3o de dados, ci\u00eancia de dados e gest\u00e3o de dados.\",\"breadcrumb\":{\"@id\":\"https:\\\/\\\/wordpress.ft.unicamp.br\\\/espbd\\\/#breadcrumb\"},\"inLanguage\":\"pt-BR\",\"potentialAction\":[{\"@type\":\"ReadAction\",\"target\":[\"https:\\\/\\\/wordpress.ft.unicamp.br\\\/espbd\\\/\"]}]},{\"@type\":\"BreadcrumbList\",\"@id\":\"https:\\\/\\\/wordpress.ft.unicamp.br\\\/espbd\\\/#breadcrumb\",\"itemListElement\":[{\"@type\":\"ListItem\",\"position\":1,\"name\":\"Home\",\"item\":\"https:\\\/\\\/wordpress.ft.unicamp.br\\\/espbd\\\/\"},{\"@type\":\"ListItem\",\"position\":2,\"name\":\"Home\"}]},{\"@type\":\"WebSite\",\"@id\":\"https:\\\/\\\/wordpress.ft.unicamp.br\\\/espbd\\\/#website\",\"url\":\"https:\\\/\\\/wordpress.ft.unicamp.br\\\/espbd\\\/\",\"name\":\"Engenharia e Adm. de Banco de Dados\",\"description\":\"Engenharia de Dados (pr\u00e9 e p\u00f3s); Administra\u00e7\u00e3o de Dados; Seguran\u00e7a; Arquitetura; Ci\u00eancia dos Dados; Gest\u00e3o de Dados\",\"publisher\":{\"@id\":\"https:\\\/\\\/wordpress.ft.unicamp.br\\\/espbd\\\/#organization\"},\"potentialAction\":[{\"@type\":\"SearchAction\",\"target\":{\"@type\":\"EntryPoint\",\"urlTemplate\":\"https:\\\/\\\/wordpress.ft.unicamp.br\\\/espbd\\\/?s={search_term_string}\"},\"query-input\":{\"@type\":\"PropertyValueSpecification\",\"valueRequired\":true,\"valueName\":\"search_term_string\"}}],\"inLanguage\":\"pt-BR\"},{\"@type\":\"Organization\",\"@id\":\"https:\\\/\\\/wordpress.ft.unicamp.br\\\/espbd\\\/#organization\",\"name\":\"UNICAMP\",\"url\":\"https:\\\/\\\/wordpress.ft.unicamp.br\\\/espbd\\\/\",\"logo\":{\"@type\":\"ImageObject\",\"inLanguage\":\"pt-BR\",\"@id\":\"https:\\\/\\\/wordpress.ft.unicamp.br\\\/espbd\\\/#\\\/schema\\\/logo\\\/image\\\/\",\"url\":\"https:\\\/\\\/wordpress.ft.unicamp.br\\\/espbd\\\/wp-content\\\/uploads\\\/sites\\\/48\\\/2022\\\/04\\\/logo-Unicamp.jpg\",\"contentUrl\":\"https:\\\/\\\/wordpress.ft.unicamp.br\\\/espbd\\\/wp-content\\\/uploads\\\/sites\\\/48\\\/2022\\\/04\\\/logo-Unicamp.jpg\",\"width\":200,\"height\":225,\"caption\":\"UNICAMP\"},\"image\":{\"@id\":\"https:\\\/\\\/wordpress.ft.unicamp.br\\\/espbd\\\/#\\\/schema\\\/logo\\\/image\\\/\"}}]}<\/script>\n<!-- \/ Yoast SEO plugin. -->","yoast_head_json":{"title":"UNICAMP - Engenharia e Adm. de Banco de Dados","description":"Curso de forma\u00e7\u00e3o de especialidade profissional para atua\u00e7\u00e3o em engenharia de dados, administra\u00e7\u00e3o de dados, ci\u00eancia de dados e gest\u00e3o de dados.","robots":{"index":"index","follow":"follow","max-snippet":"max-snippet:-1","max-image-preview":"max-image-preview:large","max-video-preview":"max-video-preview:-1"},"canonical":"https:\/\/wordpress.ft.unicamp.br\/espbd\/","og_locale":"pt_BR","og_type":"article","og_title":"Especialidade Profissional em Banco de Dados - UNICAMP","og_description":"Curso de especialidade tem o objetivo de qualificar o profissional para atuar na \u00e1rea de dados, em contextos nos quais a informa\u00e7\u00e3o \u00e9 considerada um ativo estrat\u00e9gico para a organiza\u00e7\u00e3o.","og_url":"https:\/\/wordpress.ft.unicamp.br\/espbd\/","og_site_name":"Engenharia e Adm. de Banco de Dados","article_modified_time":"2025-11-18T12:27:23+00:00","og_image":[{"width":250,"height":250,"url":"https:\/\/wordpress.ft.unicamp.br\/espbd\/wp-content\/uploads\/sites\/48\/2018\/08\/cropped-logo3d-7.png","type":"image\/png"}],"twitter_card":"summary_large_image","twitter_title":"Especialidade Profissional em Banco de Dados - UNICAMP","twitter_description":"Curso de especialidade tem o objetivo de qualificar o profissional para atuar na \u00e1rea de dados, em contextos nos quais a informa\u00e7\u00e3o \u00e9 considerada um ativo estrat\u00e9gico para a organiza\u00e7\u00e3o.","twitter_image":"https:\/\/wordpress.ft.unicamp.br\/espbd\/wp-content\/uploads\/sites\/48\/2018\/09\/logo2018bd.png","twitter_misc":{"Est. tempo de leitura":"2 minutos"},"schema":{"@context":"https:\/\/schema.org","@graph":[{"@type":"WebPage","@id":"https:\/\/wordpress.ft.unicamp.br\/espbd\/","url":"https:\/\/wordpress.ft.unicamp.br\/espbd\/","name":"UNICAMP - Engenharia e Adm. de Banco de Dados","isPartOf":{"@id":"https:\/\/wordpress.ft.unicamp.br\/espbd\/#website"},"datePublished":"2018-08-02T21:46:12+00:00","dateModified":"2025-11-18T12:27:23+00:00","description":"Curso de forma\u00e7\u00e3o de especialidade profissional para atua\u00e7\u00e3o em engenharia de dados, administra\u00e7\u00e3o de dados, ci\u00eancia de dados e gest\u00e3o de dados.","breadcrumb":{"@id":"https:\/\/wordpress.ft.unicamp.br\/espbd\/#breadcrumb"},"inLanguage":"pt-BR","potentialAction":[{"@type":"ReadAction","target":["https:\/\/wordpress.ft.unicamp.br\/espbd\/"]}]},{"@type":"BreadcrumbList","@id":"https:\/\/wordpress.ft.unicamp.br\/espbd\/#breadcrumb","itemListElement":[{"@type":"ListItem","position":1,"name":"Home","item":"https:\/\/wordpress.ft.unicamp.br\/espbd\/"},{"@type":"ListItem","position":2,"name":"Home"}]},{"@type":"WebSite","@id":"https:\/\/wordpress.ft.unicamp.br\/espbd\/#website","url":"https:\/\/wordpress.ft.unicamp.br\/espbd\/","name":"Engenharia e Adm. de Banco de Dados","description":"Engenharia de Dados (pr\u00e9 e p\u00f3s); Administra\u00e7\u00e3o de Dados; Seguran\u00e7a; Arquitetura; Ci\u00eancia dos Dados; Gest\u00e3o de Dados","publisher":{"@id":"https:\/\/wordpress.ft.unicamp.br\/espbd\/#organization"},"potentialAction":[{"@type":"SearchAction","target":{"@type":"EntryPoint","urlTemplate":"https:\/\/wordpress.ft.unicamp.br\/espbd\/?s={search_term_string}"},"query-input":{"@type":"PropertyValueSpecification","valueRequired":true,"valueName":"search_term_string"}}],"inLanguage":"pt-BR"},{"@type":"Organization","@id":"https:\/\/wordpress.ft.unicamp.br\/espbd\/#organization","name":"UNICAMP","url":"https:\/\/wordpress.ft.unicamp.br\/espbd\/","logo":{"@type":"ImageObject","inLanguage":"pt-BR","@id":"https:\/\/wordpress.ft.unicamp.br\/espbd\/#\/schema\/logo\/image\/","url":"https:\/\/wordpress.ft.unicamp.br\/espbd\/wp-content\/uploads\/sites\/48\/2022\/04\/logo-Unicamp.jpg","contentUrl":"https:\/\/wordpress.ft.unicamp.br\/espbd\/wp-content\/uploads\/sites\/48\/2022\/04\/logo-Unicamp.jpg","width":200,"height":225,"caption":"UNICAMP"},"image":{"@id":"https:\/\/wordpress.ft.unicamp.br\/espbd\/#\/schema\/logo\/image\/"}}]}},"_links":{"self":[{"href":"https:\/\/wordpress.ft.unicamp.br\/espbd\/index.php?rest_route=\/wp\/v2\/pages\/47","targetHints":{"allow":["GET"]}}],"collection":[{"href":"https:\/\/wordpress.ft.unicamp.br\/espbd\/index.php?rest_route=\/wp\/v2\/pages"}],"about":[{"href":"https:\/\/wordpress.ft.unicamp.br\/espbd\/index.php?rest_route=\/wp\/v2\/types\/page"}],"author":[{"embeddable":true,"href":"https:\/\/wordpress.ft.unicamp.br\/espbd\/index.php?rest_route=\/wp\/v2\/users\/31"}],"replies":[{"embeddable":true,"href":"https:\/\/wordpress.ft.unicamp.br\/espbd\/index.php?rest_route=%2Fwp%2Fv2%2Fcomments&post=47"}],"version-history":[{"count":101,"href":"https:\/\/wordpress.ft.unicamp.br\/espbd\/index.php?rest_route=\/wp\/v2\/pages\/47\/revisions"}],"predecessor-version":[{"id":1390,"href":"https:\/\/wordpress.ft.unicamp.br\/espbd\/index.php?rest_route=\/wp\/v2\/pages\/47\/revisions\/1390"}],"wp:attachment":[{"href":"https:\/\/wordpress.ft.unicamp.br\/espbd\/index.php?rest_route=%2Fwp%2Fv2%2Fmedia&parent=47"}],"curies":[{"name":"wp","href":"https:\/\/api.w.org\/{rel}","templated":true}]}}