{"id":60,"date":"2018-08-02T22:52:32","date_gmt":"2018-08-02T22:52:32","guid":{"rendered":"http:\/\/wordpress.ft.unicamp.br\/espbd\/?page_id=60"},"modified":"2026-02-26T18:36:10","modified_gmt":"2026-02-26T18:36:10","slug":"moodle","status":"publish","type":"page","link":"https:\/\/wordpress.ft.unicamp.br\/espbd\/?page_id=60","title":{"rendered":"Moodle"},"content":{"rendered":"<p><span style=\"font-size: x-small;color: #44be66;background-color: #44be66\">&#8212;&#8212;&#8212;&#8212;&#8212;&#8212;&#8212;&#8212;&#8212;&#8212;&#8212;&#8212;&#8212;&#8212;&#8212;&#8212;&#8212;&#8211;<\/span><\/p>\n<p>As aulas do curso s\u00e3o s\u00edncronas, <strong><span style=\"color: #ffff00\">remotas e ao vivo<\/span><\/strong>, com utiliza\u00e7\u00e3o dos ambientes virtuais de aprendizagem:<\/p>\n<ul>\n<li><span style=\"color: #008000\"><strong>Moodle<\/strong>\u00a0<\/span>\u00e9 usado para disponibiliza\u00e7\u00e3o de conte\u00fado de estudos e realiza\u00e7\u00e3o de atividades, al\u00e9m de proporcionar facilidade de integra\u00e7\u00e3o entre os alunos do curso.\u00a0<a href=\"https:\/\/moodle.ft.unicamp.br\/\">http:\/\/moodle.ft.unicamp.br<\/a><\/li>\n<\/ul>\n<p><img decoding=\"async\" class=\" wp-image-234 aligncenter\" src=\"https:\/\/www.ft.unicamp.br\/~espgov\/wp-content\/uploads\/sites\/49\/2018\/10\/moodle-logo-300x77.png\" alt=\"\" width=\"351\" height=\"90\" \/><\/p>\n<ul>\n<li><strong><span style=\"color: #008000\">Google Suite<\/span>\u00a0<\/strong>\u00e9 usado para aulas e reuni\u00e3o virtuais.<\/li>\n<\/ul>\n<p><img decoding=\"async\" class=\"aligncenter wp-image-511 size-full\" src=\"https:\/\/www.ft.unicamp.br\/~espgov\/wp-content\/uploads\/sites\/49\/2020\/04\/gsuite.png\" alt=\"\" width=\"300\" height=\"165\" \/><\/p>\n<ul>\n<li><strong><span style=\"color: #008000\">Microsoft Office 365<\/span>\u00a0<\/strong>\u00e9 usado para aulas e reuni\u00e3o virtuais.<\/li>\n<\/ul>\n<p><img decoding=\"async\" class=\"size-medium wp-image-512 aligncenter\" src=\"https:\/\/www.ft.unicamp.br\/~espgov\/wp-content\/uploads\/sites\/49\/2020\/04\/Office365-300x143.jpg\" alt=\"\" width=\"300\" height=\"143\" \/><\/p>\n<p>O curso n\u00e3o se dedica exclusivamente a um Sistema de Gerenciamento de Banco de Dados &#8211; SGBD. Adotamos diversas ferramentas, com a explora\u00e7\u00e3o de seus recursos para o aprendizado das atividades (programa\u00e7\u00e3o, engenharia, administra\u00e7\u00e3o, an\u00e1lise e configura\u00e7\u00e3o). No curso podem ser utilizados os seguintes recursos:<\/p>\n<ul>\n<li>Oracle Database<\/li>\n<li>SQL Server<\/li>\n<li>MySQL<\/li>\n<li>Databricks<\/li>\n<li>MongoDB<\/li>\n<li>Weka<\/li>\n<li>Tableau<\/li>\n<li>Orange<\/li>\n<li>entre outros &#8230;<\/li>\n<\/ul>\n","protected":false},"excerpt":{"rendered":"<p>&#8212;&#8212;&#8212;&#8212;&#8212;&#8212;&#8212;&#8212;&#8212;&#8212;&#8212;&#8212;&#8212;&#8212;&#8212;&#8212;&#8212;&#8211; As aulas do curso s\u00e3o s\u00edncronas, remotas e ao vivo, com utiliza\u00e7\u00e3o dos ambientes virtuais de aprendizagem: Moodle\u00a0\u00e9 usado para disponibiliza\u00e7\u00e3o de conte\u00fado de estudos e realiza\u00e7\u00e3o de atividades, <a class=\"more-link\" href=\"https:\/\/wordpress.ft.unicamp.br\/espbd\/?page_id=60\">Continue Reading &rarr;<\/a><\/p>\n","protected":false},"author":31,"featured_media":0,"parent":0,"menu_order":0,"comment_status":"closed","ping_status":"closed","template":"","meta":{"footnotes":""},"class_list":["post-60","page","type-page","status-publish","hentry"],"yoast_head":"<!-- This site is optimized with the Yoast SEO plugin v27.3 - https:\/\/yoast.com\/product\/yoast-seo-wordpress\/ -->\n<title>Moodle - Engenharia e Adm. de Banco de Dados<\/title>\n<meta name=\"robots\" content=\"index, follow, max-snippet:-1, max-image-preview:large, max-video-preview:-1\" \/>\n<link rel=\"canonical\" href=\"https:\/\/wordpress.ft.unicamp.br\/espbd\/?page_id=60\" \/>\n<meta property=\"og:locale\" content=\"pt_BR\" \/>\n<meta property=\"og:type\" content=\"article\" \/>\n<meta property=\"og:title\" content=\"Moodle - Engenharia e Adm. de Banco de Dados\" \/>\n<meta property=\"og:description\" content=\"&#8212;&#8212;&#8212;&#8212;&#8212;&#8212;&#8212;&#8212;&#8212;&#8212;&#8212;&#8212;&#8212;&#8212;&#8212;&#8212;&#8212;&#8211; As aulas do curso s\u00e3o s\u00edncronas, remotas e ao vivo, com utiliza\u00e7\u00e3o dos ambientes virtuais de aprendizagem: Moodle\u00a0\u00e9 usado para disponibiliza\u00e7\u00e3o de conte\u00fado de estudos e realiza\u00e7\u00e3o de atividades, Continue Reading &rarr;\" \/>\n<meta property=\"og:url\" content=\"https:\/\/wordpress.ft.unicamp.br\/espbd\/?page_id=60\" \/>\n<meta property=\"og:site_name\" content=\"Engenharia e Adm. de Banco de Dados\" \/>\n<meta property=\"article:modified_time\" content=\"2026-02-26T18:36:10+00:00\" \/>\n<meta name=\"twitter:card\" content=\"summary_large_image\" \/>\n<meta name=\"twitter:label1\" content=\"Est. tempo de leitura\" \/>\n\t<meta name=\"twitter:data1\" content=\"2 minutos\" \/>\n<script type=\"application\/ld+json\" class=\"yoast-schema-graph\">{\"@context\":\"https:\\\/\\\/schema.org\",\"@graph\":[{\"@type\":\"WebPage\",\"@id\":\"https:\\\/\\\/wordpress.ft.unicamp.br\\\/espbd\\\/?page_id=60\",\"url\":\"https:\\\/\\\/wordpress.ft.unicamp.br\\\/espbd\\\/?page_id=60\",\"name\":\"Moodle - Engenharia e Adm. de Banco de Dados\",\"isPartOf\":{\"@id\":\"https:\\\/\\\/wordpress.ft.unicamp.br\\\/espbd\\\/#website\"},\"primaryImageOfPage\":{\"@id\":\"https:\\\/\\\/wordpress.ft.unicamp.br\\\/espbd\\\/?page_id=60#primaryimage\"},\"image\":{\"@id\":\"https:\\\/\\\/wordpress.ft.unicamp.br\\\/espbd\\\/?page_id=60#primaryimage\"},\"thumbnailUrl\":\"https:\\\/\\\/www.ft.unicamp.br\\\/~espgov\\\/wp-content\\\/uploads\\\/sites\\\/49\\\/2018\\\/10\\\/moodle-logo-300x77.png\",\"datePublished\":\"2018-08-02T22:52:32+00:00\",\"dateModified\":\"2026-02-26T18:36:10+00:00\",\"breadcrumb\":{\"@id\":\"https:\\\/\\\/wordpress.ft.unicamp.br\\\/espbd\\\/?page_id=60#breadcrumb\"},\"inLanguage\":\"pt-BR\",\"potentialAction\":[{\"@type\":\"ReadAction\",\"target\":[\"https:\\\/\\\/wordpress.ft.unicamp.br\\\/espbd\\\/?page_id=60\"]}]},{\"@type\":\"ImageObject\",\"inLanguage\":\"pt-BR\",\"@id\":\"https:\\\/\\\/wordpress.ft.unicamp.br\\\/espbd\\\/?page_id=60#primaryimage\",\"url\":\"https:\\\/\\\/www.ft.unicamp.br\\\/~espgov\\\/wp-content\\\/uploads\\\/sites\\\/49\\\/2018\\\/10\\\/moodle-logo-300x77.png\",\"contentUrl\":\"https:\\\/\\\/www.ft.unicamp.br\\\/~espgov\\\/wp-content\\\/uploads\\\/sites\\\/49\\\/2018\\\/10\\\/moodle-logo-300x77.png\"},{\"@type\":\"BreadcrumbList\",\"@id\":\"https:\\\/\\\/wordpress.ft.unicamp.br\\\/espbd\\\/?page_id=60#breadcrumb\",\"itemListElement\":[{\"@type\":\"ListItem\",\"position\":1,\"name\":\"Home\",\"item\":\"https:\\\/\\\/wordpress.ft.unicamp.br\\\/espbd\\\/\"},{\"@type\":\"ListItem\",\"position\":2,\"name\":\"Moodle\"}]},{\"@type\":\"WebSite\",\"@id\":\"https:\\\/\\\/wordpress.ft.unicamp.br\\\/espbd\\\/#website\",\"url\":\"https:\\\/\\\/wordpress.ft.unicamp.br\\\/espbd\\\/\",\"name\":\"Engenharia e Adm. de Banco de Dados\",\"description\":\"Engenharia de Dados (pr\u00e9 e p\u00f3s); Administra\u00e7\u00e3o de Dados; Seguran\u00e7a; Arquitetura; Ci\u00eancia dos Dados; Gest\u00e3o de Dados\",\"publisher\":{\"@id\":\"https:\\\/\\\/wordpress.ft.unicamp.br\\\/espbd\\\/#organization\"},\"potentialAction\":[{\"@type\":\"SearchAction\",\"target\":{\"@type\":\"EntryPoint\",\"urlTemplate\":\"https:\\\/\\\/wordpress.ft.unicamp.br\\\/espbd\\\/?s={search_term_string}\"},\"query-input\":{\"@type\":\"PropertyValueSpecification\",\"valueRequired\":true,\"valueName\":\"search_term_string\"}}],\"inLanguage\":\"pt-BR\"},{\"@type\":\"Organization\",\"@id\":\"https:\\\/\\\/wordpress.ft.unicamp.br\\\/espbd\\\/#organization\",\"name\":\"UNICAMP\",\"url\":\"https:\\\/\\\/wordpress.ft.unicamp.br\\\/espbd\\\/\",\"logo\":{\"@type\":\"ImageObject\",\"inLanguage\":\"pt-BR\",\"@id\":\"https:\\\/\\\/wordpress.ft.unicamp.br\\\/espbd\\\/#\\\/schema\\\/logo\\\/image\\\/\",\"url\":\"https:\\\/\\\/wordpress.ft.unicamp.br\\\/espbd\\\/wp-content\\\/uploads\\\/sites\\\/48\\\/2022\\\/04\\\/logo-Unicamp.jpg\",\"contentUrl\":\"https:\\\/\\\/wordpress.ft.unicamp.br\\\/espbd\\\/wp-content\\\/uploads\\\/sites\\\/48\\\/2022\\\/04\\\/logo-Unicamp.jpg\",\"width\":200,\"height\":225,\"caption\":\"UNICAMP\"},\"image\":{\"@id\":\"https:\\\/\\\/wordpress.ft.unicamp.br\\\/espbd\\\/#\\\/schema\\\/logo\\\/image\\\/\"}}]}<\/script>\n<!-- \/ Yoast SEO plugin. -->","yoast_head_json":{"title":"Moodle - Engenharia e Adm. de Banco de Dados","robots":{"index":"index","follow":"follow","max-snippet":"max-snippet:-1","max-image-preview":"max-image-preview:large","max-video-preview":"max-video-preview:-1"},"canonical":"https:\/\/wordpress.ft.unicamp.br\/espbd\/?page_id=60","og_locale":"pt_BR","og_type":"article","og_title":"Moodle - Engenharia e Adm. de Banco de Dados","og_description":"&#8212;&#8212;&#8212;&#8212;&#8212;&#8212;&#8212;&#8212;&#8212;&#8212;&#8212;&#8212;&#8212;&#8212;&#8212;&#8212;&#8212;&#8211; As aulas do curso s\u00e3o s\u00edncronas, remotas e ao vivo, com utiliza\u00e7\u00e3o dos ambientes virtuais de aprendizagem: Moodle\u00a0\u00e9 usado para disponibiliza\u00e7\u00e3o de conte\u00fado de estudos e realiza\u00e7\u00e3o de atividades, Continue Reading &rarr;","og_url":"https:\/\/wordpress.ft.unicamp.br\/espbd\/?page_id=60","og_site_name":"Engenharia e Adm. de Banco de Dados","article_modified_time":"2026-02-26T18:36:10+00:00","twitter_card":"summary_large_image","twitter_misc":{"Est. tempo de leitura":"2 minutos"},"schema":{"@context":"https:\/\/schema.org","@graph":[{"@type":"WebPage","@id":"https:\/\/wordpress.ft.unicamp.br\/espbd\/?page_id=60","url":"https:\/\/wordpress.ft.unicamp.br\/espbd\/?page_id=60","name":"Moodle - Engenharia e Adm. de Banco de Dados","isPartOf":{"@id":"https:\/\/wordpress.ft.unicamp.br\/espbd\/#website"},"primaryImageOfPage":{"@id":"https:\/\/wordpress.ft.unicamp.br\/espbd\/?page_id=60#primaryimage"},"image":{"@id":"https:\/\/wordpress.ft.unicamp.br\/espbd\/?page_id=60#primaryimage"},"thumbnailUrl":"https:\/\/www.ft.unicamp.br\/~espgov\/wp-content\/uploads\/sites\/49\/2018\/10\/moodle-logo-300x77.png","datePublished":"2018-08-02T22:52:32+00:00","dateModified":"2026-02-26T18:36:10+00:00","breadcrumb":{"@id":"https:\/\/wordpress.ft.unicamp.br\/espbd\/?page_id=60#breadcrumb"},"inLanguage":"pt-BR","potentialAction":[{"@type":"ReadAction","target":["https:\/\/wordpress.ft.unicamp.br\/espbd\/?page_id=60"]}]},{"@type":"ImageObject","inLanguage":"pt-BR","@id":"https:\/\/wordpress.ft.unicamp.br\/espbd\/?page_id=60#primaryimage","url":"https:\/\/www.ft.unicamp.br\/~espgov\/wp-content\/uploads\/sites\/49\/2018\/10\/moodle-logo-300x77.png","contentUrl":"https:\/\/www.ft.unicamp.br\/~espgov\/wp-content\/uploads\/sites\/49\/2018\/10\/moodle-logo-300x77.png"},{"@type":"BreadcrumbList","@id":"https:\/\/wordpress.ft.unicamp.br\/espbd\/?page_id=60#breadcrumb","itemListElement":[{"@type":"ListItem","position":1,"name":"Home","item":"https:\/\/wordpress.ft.unicamp.br\/espbd\/"},{"@type":"ListItem","position":2,"name":"Moodle"}]},{"@type":"WebSite","@id":"https:\/\/wordpress.ft.unicamp.br\/espbd\/#website","url":"https:\/\/wordpress.ft.unicamp.br\/espbd\/","name":"Engenharia e Adm. de Banco de Dados","description":"Engenharia de Dados (pr\u00e9 e p\u00f3s); Administra\u00e7\u00e3o de Dados; Seguran\u00e7a; Arquitetura; Ci\u00eancia dos Dados; Gest\u00e3o de Dados","publisher":{"@id":"https:\/\/wordpress.ft.unicamp.br\/espbd\/#organization"},"potentialAction":[{"@type":"SearchAction","target":{"@type":"EntryPoint","urlTemplate":"https:\/\/wordpress.ft.unicamp.br\/espbd\/?s={search_term_string}"},"query-input":{"@type":"PropertyValueSpecification","valueRequired":true,"valueName":"search_term_string"}}],"inLanguage":"pt-BR"},{"@type":"Organization","@id":"https:\/\/wordpress.ft.unicamp.br\/espbd\/#organization","name":"UNICAMP","url":"https:\/\/wordpress.ft.unicamp.br\/espbd\/","logo":{"@type":"ImageObject","inLanguage":"pt-BR","@id":"https:\/\/wordpress.ft.unicamp.br\/espbd\/#\/schema\/logo\/image\/","url":"https:\/\/wordpress.ft.unicamp.br\/espbd\/wp-content\/uploads\/sites\/48\/2022\/04\/logo-Unicamp.jpg","contentUrl":"https:\/\/wordpress.ft.unicamp.br\/espbd\/wp-content\/uploads\/sites\/48\/2022\/04\/logo-Unicamp.jpg","width":200,"height":225,"caption":"UNICAMP"},"image":{"@id":"https:\/\/wordpress.ft.unicamp.br\/espbd\/#\/schema\/logo\/image\/"}}]}},"_links":{"self":[{"href":"https:\/\/wordpress.ft.unicamp.br\/espbd\/index.php?rest_route=\/wp\/v2\/pages\/60","targetHints":{"allow":["GET"]}}],"collection":[{"href":"https:\/\/wordpress.ft.unicamp.br\/espbd\/index.php?rest_route=\/wp\/v2\/pages"}],"about":[{"href":"https:\/\/wordpress.ft.unicamp.br\/espbd\/index.php?rest_route=\/wp\/v2\/types\/page"}],"author":[{"embeddable":true,"href":"https:\/\/wordpress.ft.unicamp.br\/espbd\/index.php?rest_route=\/wp\/v2\/users\/31"}],"replies":[{"embeddable":true,"href":"https:\/\/wordpress.ft.unicamp.br\/espbd\/index.php?rest_route=%2Fwp%2Fv2%2Fcomments&post=60"}],"version-history":[{"count":23,"href":"https:\/\/wordpress.ft.unicamp.br\/espbd\/index.php?rest_route=\/wp\/v2\/pages\/60\/revisions"}],"predecessor-version":[{"id":1445,"href":"https:\/\/wordpress.ft.unicamp.br\/espbd\/index.php?rest_route=\/wp\/v2\/pages\/60\/revisions\/1445"}],"wp:attachment":[{"href":"https:\/\/wordpress.ft.unicamp.br\/espbd\/index.php?rest_route=%2Fwp%2Fv2%2Fmedia&parent=60"}],"curies":[{"name":"wp","href":"https:\/\/api.w.org\/{rel}","templated":true}]}}