{"id":18,"date":"2018-08-07T18:41:44","date_gmt":"2018-08-07T18:41:44","guid":{"rendered":"http:\/\/wordpress.ft.unicamp.br\/espgov\/?page_id=18"},"modified":"2025-11-15T00:59:40","modified_gmt":"2025-11-15T00:59:40","slug":"home","status":"publish","type":"page","link":"https:\/\/wordpress.ft.unicamp.br\/espgov\/","title":{"rendered":"Home"},"content":{"rendered":"<p><span style=\"font-size: x-small;color: #ff0000;background-color: #ff0000\">&#8212;&#8212;&#8212;&#8212;&#8212;&#8212;&#8212;&#8212;&#8212;&#8212;&#8212;&#8212;&#8212;&#8212;&#8212;&#8212;&#8212;&#8212;&#8212;&#8212;&#8212;&#8212;&#8212;&#8212;&#8212;&#8212;&#8212;&#8212;&#8212;-<\/span><\/p>\n<h4><strong><span style=\"color: #ff0000\">Acesse<\/span><\/strong><\/h4>\n<ul>\n<li><span style=\"color: #00ffff\"><strong><span style=\"color: #ff6600\"><a style=\"color: #ff6600\" href=\"https:\/\/www.ft.unicamp.br\/espgov\/?page_id=33\">Inscri\u00e7\u00f5es e <span style=\"color: #33cccc\">Bolsas de Estudos<\/span>\u00a0<\/a><\/span><br \/>\n<\/strong><\/span><a href=\"https:\/\/www.ft.unicamp.br\/espgov\/?page_id=33\"><span style=\"color: #00ff00\"><span style=\"color: #00ff00\"><strong><span style=\"color: #ff6600\">\u00a0 \u00a0<span style=\"color: #00ff00\">Fa\u00e7a sua Inscri\u00e7\u00e3o<\/span><\/span><\/strong><\/span><\/span><\/a><span style=\"color: #00ff00\"><span style=\"color: #ffff99\"><br \/>\n<\/span><\/span><\/li>\n<li><span style=\"color: #00ffff\"><strong><a style=\"color: #00ffff\" href=\"https:\/\/www.ft.unicamp.br\/espgov\/?page_id=29\"><span style=\"color: #ff6600\">Disciplinas e Ementas\u00a0<\/span><\/a><br \/>\n<\/strong><\/span><\/li>\n<li><span style=\"color: #ff6600\"><strong><a style=\"color: #ff6600\" href=\"https:\/\/www.ft.unicamp.br\/espgov\/?page_id=27\">P\u00fablico de Interesse<\/a><\/strong><\/span><\/li>\n<li><strong><span style=\"color: #00ffff\"><a style=\"color: #00ffff\" href=\"https:\/\/wordpress.ft.unicamp.br\/espgov\/?page_id=52\"><span style=\"color: #ff6600\">Certificado de Conclus\u00e3o<\/span>\u00a0<\/a><\/span><\/strong><\/li>\n<li><span style=\"color: #00ffff\"><strong><a style=\"color: #00ffff\" href=\"https:\/\/wordpress.ft.unicamp.br\/espgov\/?page_id=302\"><span style=\"color: #ff6600\">Turmas Formadas<\/span><\/a><\/strong><\/span><\/li>\n<li><a href=\"https:\/\/wordpress.ft.unicamp.br\/espgov\/?page_id=40\"><strong><span style=\"color: #00ffff\"><span style=\"color: #ff6600\">Conhe\u00e7a a UNICAM<\/span><\/span><\/strong><\/a><span style=\"color: #ff6600\"><a style=\"color: #ff6600\" href=\"https:\/\/wordpress.ft.unicamp.br\/espgov\/?page_id=40\"><strong>P<\/strong><\/a><\/span><\/li>\n<li><a href=\"https:\/\/wordpress.ft.unicamp.br\/espgov\/?page_id=31\"><span style=\"color: #00ffff\"><strong><span style=\"color: #ff6600\">Professores e Colaboradores<\/span>\u00a0<\/strong><\/span><\/a><\/li>\n<\/ul>\n<h2><span style=\"font-size: x-small;color: #ff0000;background-color: #ff0000\">&#8212;&#8212;&#8212;&#8212;&#8212;&#8212;&#8212;&#8212;&#8212;&#8212;&#8212;&#8212;&#8212;&#8212;&#8212;&#8212;&#8212;&#8212;&#8212;&#8212;&#8212;&#8212;&#8212;&#8212;&#8212;&#8212;&#8212;&#8212;&#8212;-<\/span><\/h2>\n<h2><strong>Objetivo do Curso<\/strong><\/h2>\n<p>O curso de <strong><span style=\"color: #ff9900\">Governan\u00e7a de Tecnologia da Informa\u00e7\u00e3o<\/span><\/strong>, com as aulas realizadas online e ao vivo, propicia grande intera\u00e7\u00e3o entre alunos e professores.\u00a0 O curso oferece a forma\u00e7\u00e3o de uma <strong><span style=\"color: #00ffff\">Especialidade Profissional<\/span><\/strong> com o objetivo de qualificar o aluno nas diversas dimens\u00f5es da gest\u00e3o relacionadas \u00e0 Tecnologia da Informa\u00e7\u00e3o e Comunica\u00e7\u00e3o (TIC).<\/p>\n<p>Entre as dimens\u00f5es abordadas no curso est\u00e3o: a Gest\u00e3o de Servi\u00e7os; a Gest\u00e3o de Projetos em TI ou envolvendo Tecnologia da Informa\u00e7\u00e3o; o Alinhamento dos Processos Estrat\u00e9gicos de Neg\u00f3cios com os procedimentos, programas de investimento e recursos da \u00e1rea de TIC; a Gest\u00e3o de Conhecimentos consolidados na cultura organizacional; a Gest\u00e3o de Seguran\u00e7a e Confiabilidade de Recursos Tecnol\u00f3gicos; a Gest\u00e3o de Dados; Gest\u00e3o de Aquisi\u00e7\u00f5es e Contratos; a Arquitetura Organizacional baseada na Maturidade de Processos e Pessoas.<\/p>\n<h2><strong>Conte\u00fados Abordados<\/strong><\/h2>\n<p>As disciplinas do curso apoiam-se nos seguintes conte\u00fados:<\/p>\n<ul>\n<li><strong><span style=\"color: #7e96e0\"><span style=\"color: #ffcc00\">COBIT<\/span> &#8211;\u00a0\u00a0Control Objectives for Information and Related Technologies. ISACA.<\/span><\/strong><\/li>\n<li><strong><span style=\"color: #7e96e0\"><span style=\"color: #ffcc00\">PMBoK<\/span> &#8211;\u00a0 Project Management Body of Knowledge. PMI.<\/span><\/strong><\/li>\n<li><strong><span style=\"color: #7e96e0\"><span style=\"color: #ffcc00\">TOGAF <\/span><\/span><span style=\"color: #7e96e0\">&#8211;\u00a0 The Open Group Architecture Framework. The Open Group.<\/span><\/strong><\/li>\n<li><strong><span style=\"color: #7e96e0\"><span style=\"color: #ffcc00\">DMBoK<\/span>\u00a0&#8211;\u00a0 Data Management Body of Knowledge. DAMA.<\/span><\/strong><\/li>\n<li><strong><span style=\"color: #7e96e0\"><span style=\"color: #ffcc00\">CBoK<\/span>\u00a0&#8211;\u00a0Business Process Management Common Book of Knowledge.\u00a0ABPMP.<\/span><\/strong><\/li>\n<li><strong><span style=\"color: #7e96e0\"><span style=\"color: #ffcc00\">BPMN<\/span> &#8211; Business Process Modeling and Notation. OMG.<\/span><\/strong><\/li>\n<li><strong><span style=\"color: #7e96e0\"><span style=\"color: #ffcc00\">ITIL<\/span> &#8211;\u00a0\u00a0Technology Infrastructure Library. PeapleCert.<\/span><\/strong><\/li>\n<li><strong><span style=\"color: #7e96e0\"><span style=\"color: #ffcc00\">ISO\/IEC 20000<\/span> &#8211; Gerenciamento de Servi\u00e7os em TI.<\/span><\/strong><\/li>\n<li><strong><span style=\"color: #7e96e0\"><span style=\"color: #ffcc00\">ISO\/IEC 25000<\/span> &#8211;\u00a0Requisitos e avalia\u00e7\u00e3o da qualidade de produtos de software.<\/span><\/strong><\/li>\n<li><strong><span style=\"color: #7e96e0\"><span style=\"color: #ffcc00\">ISO\/IEC 27000<\/span> &#8211; Sistema de Gest\u00e3o da Seguran\u00e7a da Informa\u00e7\u00e3o.<\/span><\/strong><\/li>\n<li><strong><span style=\"color: #7e96e0\"><span style=\"color: #ffcc00\">ISO\/IEC 38500<\/span> &#8211; Framework para a governan\u00e7a eficaz de TI.<\/span><\/strong><\/li>\n<li><span style=\"color: #7e96e0\">entre outros ..<\/span><\/li>\n<\/ul>\n","protected":false},"excerpt":{"rendered":"<p>&#8212;&#8212;&#8212;&#8212;&#8212;&#8212;&#8212;&#8212;&#8212;&#8212;&#8212;&#8212;&#8212;&#8212;&#8212;&#8212;&#8212;&#8212;&#8212;&#8212;&#8212;&#8212;&#8212;&#8212;&#8212;&#8212;&#8212;&#8212;&#8212;- Acesse Inscri\u00e7\u00f5es e Bolsas de Estudos\u00a0 \u00a0 \u00a0Fa\u00e7a sua Inscri\u00e7\u00e3o Disciplinas e Ementas\u00a0 P\u00fablico de Interesse Certificado de Conclus\u00e3o\u00a0 Turmas Formadas Conhe\u00e7a a UNICAMP Professores e Colaboradores\u00a0 &#8212;&#8212;&#8212;&#8212;&#8212;&#8212;&#8212;&#8212;&#8212;&#8212;&#8212;&#8212;&#8212;&#8212;&#8212;&#8212;&#8212;&#8212;&#8212;&#8212;&#8212;&#8212;&#8212;&#8212;&#8212;&#8212;&#8212;&#8212;&#8212;- Objetivo <a class=\"more-link\" href=\"https:\/\/wordpress.ft.unicamp.br\/espgov\/\">Continue Reading &rarr;<\/a><\/p>\n","protected":false},"author":31,"featured_media":0,"parent":0,"menu_order":0,"comment_status":"closed","ping_status":"closed","template":"","meta":{"footnotes":""},"class_list":["post-18","page","type-page","status-publish","hentry"],"yoast_head":"<!-- This site is optimized with the Yoast SEO plugin v27.5 - https:\/\/yoast.com\/product\/yoast-seo-wordpress\/ -->\n<title>UNICAMP - Governan\u00e7a de Tecnologia da Informa\u00e7\u00e3o<\/title>\n<meta name=\"description\" content=\"Curso de em Governan\u00e7a de Tecnologia da Informa\u00e7\u00e3o - UNICAMP. \u00canfase nos principais processo de Gest\u00e3o de TI a serem implantados pelas organiza\u00e7\u00f5es\" \/>\n<meta name=\"robots\" content=\"index, follow, max-snippet:-1, max-image-preview:large, max-video-preview:-1\" \/>\n<link rel=\"canonical\" href=\"https:\/\/wordpress.ft.unicamp.br\/espgov\/\" \/>\n<meta property=\"og:locale\" content=\"pt_BR\" \/>\n<meta property=\"og:type\" content=\"article\" \/>\n<meta property=\"og:title\" content=\"Especialidade Profissional em Governan\u00e7a de TI - UNICAMP\" \/>\n<meta property=\"og:description\" content=\"Princ\u00edpios e Pr\u00e1ticas nos principais processos de Gest\u00e3o de TI, com \u00eanfase em Servi\u00e7os, Pessoas, Dados, Processos, Inova\u00e7\u00e3o. Conhecimento e Seguran\u00e7a.\" \/>\n<meta property=\"og:url\" content=\"https:\/\/wordpress.ft.unicamp.br\/espgov\/\" \/>\n<meta property=\"og:site_name\" content=\"Governan\u00e7a de Tecnologia da Informa\u00e7\u00e3o\" \/>\n<meta property=\"article:modified_time\" content=\"2025-11-15T00:59:40+00:00\" \/>\n<meta property=\"og:image\" content=\"https:\/\/wordpress.ft.unicamp.br\/espgov\/wp-content\/uploads\/sites\/49\/2021\/09\/logo-gov-preto.png\" \/>\n\t<meta property=\"og:image:width\" content=\"252\" \/>\n\t<meta property=\"og:image:height\" content=\"204\" \/>\n\t<meta property=\"og:image:type\" content=\"image\/png\" \/>\n<meta name=\"twitter:card\" content=\"summary_large_image\" \/>\n<meta name=\"twitter:title\" content=\"Especialidade Profissional em Governan\u00e7a de TI - UNICAMP\" \/>\n<meta name=\"twitter:description\" content=\"Princ\u00edpios e Pr\u00e1ticas nos principais processos de Gest\u00e3o de TI, com \u00eanfase em Servi\u00e7os, Pessoas, Dados, Processos, Inova\u00e7\u00e3o. Conhecimento e Seguran\u00e7a.\" \/>\n<meta name=\"twitter:image\" content=\"https:\/\/wordpress.ft.unicamp.br\/espgov\/wp-content\/uploads\/sites\/49\/2021\/09\/logo-gov-preto.png\" \/>\n<meta name=\"twitter:label1\" content=\"Est. tempo de leitura\" \/>\n\t<meta name=\"twitter:data1\" content=\"2 minutos\" \/>\n<script type=\"application\/ld+json\" class=\"yoast-schema-graph\">{\"@context\":\"https:\\\/\\\/schema.org\",\"@graph\":[{\"@type\":\"WebPage\",\"@id\":\"https:\\\/\\\/wordpress.ft.unicamp.br\\\/espgov\\\/\",\"url\":\"https:\\\/\\\/wordpress.ft.unicamp.br\\\/espgov\\\/\",\"name\":\"UNICAMP - Governan\u00e7a de Tecnologia da Informa\u00e7\u00e3o\",\"isPartOf\":{\"@id\":\"https:\\\/\\\/wordpress.ft.unicamp.br\\\/espgov\\\/#website\"},\"datePublished\":\"2018-08-07T18:41:44+00:00\",\"dateModified\":\"2025-11-15T00:59:40+00:00\",\"description\":\"Curso de em Governan\u00e7a de Tecnologia da Informa\u00e7\u00e3o - UNICAMP. \u00canfase nos principais processo de Gest\u00e3o de TI a serem implantados pelas organiza\u00e7\u00f5es\",\"breadcrumb\":{\"@id\":\"https:\\\/\\\/wordpress.ft.unicamp.br\\\/espgov\\\/#breadcrumb\"},\"inLanguage\":\"pt-BR\",\"potentialAction\":[{\"@type\":\"ReadAction\",\"target\":[\"https:\\\/\\\/wordpress.ft.unicamp.br\\\/espgov\\\/\"]}]},{\"@type\":\"BreadcrumbList\",\"@id\":\"https:\\\/\\\/wordpress.ft.unicamp.br\\\/espgov\\\/#breadcrumb\",\"itemListElement\":[{\"@type\":\"ListItem\",\"position\":1,\"name\":\"Home\",\"item\":\"https:\\\/\\\/wordpress.ft.unicamp.br\\\/espgov\\\/\"},{\"@type\":\"ListItem\",\"position\":2,\"name\":\"Home\"}]},{\"@type\":\"WebSite\",\"@id\":\"https:\\\/\\\/wordpress.ft.unicamp.br\\\/espgov\\\/#website\",\"url\":\"https:\\\/\\\/wordpress.ft.unicamp.br\\\/espgov\\\/\",\"name\":\"Especializa\u00e7\u00e3o em Governan\u00e7a de TI\",\"description\":\"Gest\u00e3o de TI: Servi\u00e7os; Dados; Seguran\u00e7a; (pr\u00e9 e p\u00f3s) Projetos; Inova\u00e7\u00e3o; Pessoas; Processos e Conhecimento\",\"publisher\":{\"@id\":\"https:\\\/\\\/wordpress.ft.unicamp.br\\\/espgov\\\/#organization\"},\"potentialAction\":[{\"@type\":\"SearchAction\",\"target\":{\"@type\":\"EntryPoint\",\"urlTemplate\":\"https:\\\/\\\/wordpress.ft.unicamp.br\\\/espgov\\\/?s={search_term_string}\"},\"query-input\":{\"@type\":\"PropertyValueSpecification\",\"valueRequired\":true,\"valueName\":\"search_term_string\"}}],\"inLanguage\":\"pt-BR\"},{\"@type\":\"Organization\",\"@id\":\"https:\\\/\\\/wordpress.ft.unicamp.br\\\/espgov\\\/#organization\",\"name\":\"UNICAMP\",\"url\":\"https:\\\/\\\/wordpress.ft.unicamp.br\\\/espgov\\\/\",\"logo\":{\"@type\":\"ImageObject\",\"inLanguage\":\"pt-BR\",\"@id\":\"https:\\\/\\\/wordpress.ft.unicamp.br\\\/espgov\\\/#\\\/schema\\\/logo\\\/image\\\/\",\"url\":\"https:\\\/\\\/www.ft.unicamp.br\\\/~espgov\\\/wp-content\\\/uploads\\\/sites\\\/49\\\/2019\\\/09\\\/Unicamp-logo-2019.jpg\",\"contentUrl\":\"https:\\\/\\\/www.ft.unicamp.br\\\/~espgov\\\/wp-content\\\/uploads\\\/sites\\\/49\\\/2019\\\/09\\\/Unicamp-logo-2019.jpg\",\"width\":200,\"height\":225,\"caption\":\"UNICAMP\"},\"image\":{\"@id\":\"https:\\\/\\\/wordpress.ft.unicamp.br\\\/espgov\\\/#\\\/schema\\\/logo\\\/image\\\/\"},\"sameAs\":[\"https:\\\/\\\/www.linkedin.com\\\/groups\\\/4397147\"]}]}<\/script>\n<!-- \/ Yoast SEO plugin. -->","yoast_head_json":{"title":"UNICAMP - Governan\u00e7a de Tecnologia da Informa\u00e7\u00e3o","description":"Curso de em Governan\u00e7a de Tecnologia da Informa\u00e7\u00e3o - UNICAMP. \u00canfase nos principais processo de Gest\u00e3o de TI a serem implantados pelas organiza\u00e7\u00f5es","robots":{"index":"index","follow":"follow","max-snippet":"max-snippet:-1","max-image-preview":"max-image-preview:large","max-video-preview":"max-video-preview:-1"},"canonical":"https:\/\/wordpress.ft.unicamp.br\/espgov\/","og_locale":"pt_BR","og_type":"article","og_title":"Especialidade Profissional em Governan\u00e7a de TI - UNICAMP","og_description":"Princ\u00edpios e Pr\u00e1ticas nos principais processos de Gest\u00e3o de TI, com \u00eanfase em Servi\u00e7os, Pessoas, Dados, Processos, Inova\u00e7\u00e3o. Conhecimento e Seguran\u00e7a.","og_url":"https:\/\/wordpress.ft.unicamp.br\/espgov\/","og_site_name":"Governan\u00e7a de Tecnologia da Informa\u00e7\u00e3o","article_modified_time":"2025-11-15T00:59:40+00:00","og_image":[{"width":252,"height":204,"url":"https:\/\/wordpress.ft.unicamp.br\/espgov\/wp-content\/uploads\/sites\/49\/2021\/09\/logo-gov-preto.png","type":"image\/png"}],"twitter_card":"summary_large_image","twitter_title":"Especialidade Profissional em Governan\u00e7a de TI - UNICAMP","twitter_description":"Princ\u00edpios e Pr\u00e1ticas nos principais processos de Gest\u00e3o de TI, com \u00eanfase em Servi\u00e7os, Pessoas, Dados, Processos, Inova\u00e7\u00e3o. Conhecimento e Seguran\u00e7a.","twitter_image":"https:\/\/wordpress.ft.unicamp.br\/espgov\/wp-content\/uploads\/sites\/49\/2021\/09\/logo-gov-preto.png","twitter_misc":{"Est. tempo de leitura":"2 minutos"},"schema":{"@context":"https:\/\/schema.org","@graph":[{"@type":"WebPage","@id":"https:\/\/wordpress.ft.unicamp.br\/espgov\/","url":"https:\/\/wordpress.ft.unicamp.br\/espgov\/","name":"UNICAMP - Governan\u00e7a de Tecnologia da Informa\u00e7\u00e3o","isPartOf":{"@id":"https:\/\/wordpress.ft.unicamp.br\/espgov\/#website"},"datePublished":"2018-08-07T18:41:44+00:00","dateModified":"2025-11-15T00:59:40+00:00","description":"Curso de em Governan\u00e7a de Tecnologia da Informa\u00e7\u00e3o - UNICAMP. \u00canfase nos principais processo de Gest\u00e3o de TI a serem implantados pelas organiza\u00e7\u00f5es","breadcrumb":{"@id":"https:\/\/wordpress.ft.unicamp.br\/espgov\/#breadcrumb"},"inLanguage":"pt-BR","potentialAction":[{"@type":"ReadAction","target":["https:\/\/wordpress.ft.unicamp.br\/espgov\/"]}]},{"@type":"BreadcrumbList","@id":"https:\/\/wordpress.ft.unicamp.br\/espgov\/#breadcrumb","itemListElement":[{"@type":"ListItem","position":1,"name":"Home","item":"https:\/\/wordpress.ft.unicamp.br\/espgov\/"},{"@type":"ListItem","position":2,"name":"Home"}]},{"@type":"WebSite","@id":"https:\/\/wordpress.ft.unicamp.br\/espgov\/#website","url":"https:\/\/wordpress.ft.unicamp.br\/espgov\/","name":"Especializa\u00e7\u00e3o em Governan\u00e7a de TI","description":"Gest\u00e3o de TI: Servi\u00e7os; Dados; Seguran\u00e7a; (pr\u00e9 e p\u00f3s) Projetos; Inova\u00e7\u00e3o; Pessoas; Processos e Conhecimento","publisher":{"@id":"https:\/\/wordpress.ft.unicamp.br\/espgov\/#organization"},"potentialAction":[{"@type":"SearchAction","target":{"@type":"EntryPoint","urlTemplate":"https:\/\/wordpress.ft.unicamp.br\/espgov\/?s={search_term_string}"},"query-input":{"@type":"PropertyValueSpecification","valueRequired":true,"valueName":"search_term_string"}}],"inLanguage":"pt-BR"},{"@type":"Organization","@id":"https:\/\/wordpress.ft.unicamp.br\/espgov\/#organization","name":"UNICAMP","url":"https:\/\/wordpress.ft.unicamp.br\/espgov\/","logo":{"@type":"ImageObject","inLanguage":"pt-BR","@id":"https:\/\/wordpress.ft.unicamp.br\/espgov\/#\/schema\/logo\/image\/","url":"https:\/\/www.ft.unicamp.br\/~espgov\/wp-content\/uploads\/sites\/49\/2019\/09\/Unicamp-logo-2019.jpg","contentUrl":"https:\/\/www.ft.unicamp.br\/~espgov\/wp-content\/uploads\/sites\/49\/2019\/09\/Unicamp-logo-2019.jpg","width":200,"height":225,"caption":"UNICAMP"},"image":{"@id":"https:\/\/wordpress.ft.unicamp.br\/espgov\/#\/schema\/logo\/image\/"},"sameAs":["https:\/\/www.linkedin.com\/groups\/4397147"]}]}},"_links":{"self":[{"href":"https:\/\/wordpress.ft.unicamp.br\/espgov\/index.php?rest_route=\/wp\/v2\/pages\/18","targetHints":{"allow":["GET"]}}],"collection":[{"href":"https:\/\/wordpress.ft.unicamp.br\/espgov\/index.php?rest_route=\/wp\/v2\/pages"}],"about":[{"href":"https:\/\/wordpress.ft.unicamp.br\/espgov\/index.php?rest_route=\/wp\/v2\/types\/page"}],"author":[{"embeddable":true,"href":"https:\/\/wordpress.ft.unicamp.br\/espgov\/index.php?rest_route=\/wp\/v2\/users\/31"}],"replies":[{"embeddable":true,"href":"https:\/\/wordpress.ft.unicamp.br\/espgov\/index.php?rest_route=%2Fwp%2Fv2%2Fcomments&post=18"}],"version-history":[{"count":122,"href":"https:\/\/wordpress.ft.unicamp.br\/espgov\/index.php?rest_route=\/wp\/v2\/pages\/18\/revisions"}],"predecessor-version":[{"id":1394,"href":"https:\/\/wordpress.ft.unicamp.br\/espgov\/index.php?rest_route=\/wp\/v2\/pages\/18\/revisions\/1394"}],"wp:attachment":[{"href":"https:\/\/wordpress.ft.unicamp.br\/espgov\/index.php?rest_route=%2Fwp%2Fv2%2Fmedia&parent=18"}],"curies":[{"name":"wp","href":"https:\/\/api.w.org\/{rel}","templated":true}]}}