{"id":29,"date":"2018-08-07T19:51:41","date_gmt":"2018-08-07T19:51:41","guid":{"rendered":"http:\/\/wordpress.ft.unicamp.br\/espgov\/?page_id=29"},"modified":"2025-06-13T23:21:22","modified_gmt":"2025-06-13T23:21:22","slug":"disciplinas","status":"publish","type":"page","link":"https:\/\/wordpress.ft.unicamp.br\/espgov\/?page_id=29","title":{"rendered":"Disciplina"},"content":{"rendered":"<h2><span style=\"font-size: x-small;color: #99cc00;background-color: #99cc00\">&#8212;&#8212;&#8212;&#8212;&#8212;&#8212;&#8212;&#8212;&#8212;&#8212;&#8212;&#8212;&#8212;&#8212;&#8212;&#8212;&#8212;&#8212;&#8212;&#8212;&#8212;<\/span><\/h2>\n<p>O curso \u00e9 composto por:<\/p>\n<ul>\n<li>16 disciplinas oferecidas em 46 s\u00e1bados n\u00e3o consecutivos.<\/li>\n<li>1 M\u00f3dulo de TCC ao final do curso<\/li>\n<\/ul>\n<p><span style=\"color: #99cc00\"><strong>Carga hor\u00e1ria de Disciplinas: 368 horas (46 s\u00e1bados) + 32 horas (TCC)<\/strong><br \/>\n<span style=\"color: #33cccc\"><strong style=\"font-size: 16px\">Durante o curso ocorrem s\u00e1bados de recesso, n\u00e3o tendo nenhuma atividade.<br \/>\nConsulte o calend\u00e1rio da turma neste site.<\/strong><\/span><br \/>\n<\/span><\/p>\n<h4>Blocos de forma\u00e7\u00e3o profissional:<\/h4>\n<ul>\n<li><span style=\"color: #ffff99\"><strong>Bloco \u2013 Governan\u00e7a:<\/strong><\/span><br \/>\no Dimens\u00f5es da Governan\u00e7a de TI<br \/>\no Governan\u00e7a Corporativa e Sustentabilidade (ESG)<br \/>\no Transforma\u00e7\u00e3o Digital<br \/>\no Arquitetura Corporativa Organizacional<br \/>\no Pol\u00edticas, Planejamentos Estrat\u00e9gicos e Planos<br \/>\no Inova\u00e7\u00e3o Estrat\u00e9gica e Empreendedorismos<br \/>\no Direito Digital<\/li>\n<li><span style=\"color: #ffff99\"><strong>Bloco \u2013 Gest\u00e3o:<\/strong><\/span><br \/>\no Gest\u00e3o do Conhecimento<br \/>\no Gest\u00e3o de Servi\u00e7os de TI<br \/>\no Qualidade dos Ativos em TI<br \/>\no Gest\u00e3o de Seguran\u00e7a e Continuidade<br \/>\no Gest\u00e3o Or\u00e7ament\u00e1ria e Financeira<br \/>\no Gest\u00e3o de Informa\u00e7\u00f5es<br \/>\no Gest\u00e3o de Projetos e Programas em TIC<br \/>\no Gest\u00e3o Estrat\u00e9gica de Pessoas<br \/>\no Engenharia e Gest\u00e3o de Processos<\/li>\n<\/ul>\n<table style=\"height: 588px\" border=\"1\" width=\"677\">\n<tbody>\n<tr>\n<td style=\"width: 100px\"><span style=\"color: #99cc00\"><strong>C\u00f3digo\u00a0 \u00a0<\/strong><\/span><\/td>\n<td><span style=\"color: #99cc00\"><strong>Disciplina<\/strong><\/span><\/td>\n<td style=\"width: 100px\"><strong style=\"color: #99cc00\">Carga (hs)<\/strong><\/td>\n<\/tr>\n<tr>\n<td>CET 801<\/td>\n<td><span style=\"color: #d2d973\"><strong><span style=\"color: #00ff00\">Dimens\u00f5es da Governan\u00e7a de Tec. da Informa\u00e7\u00e3o<br \/>\n<\/span><\/strong><\/span>Conceito de Governan\u00e7a Corporativa e de TI. Governan\u00e7a de TI e objetivos estrat\u00e9gicos. Responsabilidade e estruturas de decis\u00e3o. Modelos e Normas relativos \u00e0 Governan\u00e7a de TI. <span style=\"color: #ffcc00\"><strong>COBIT\u00a0\u2013\u00a0\u00a0Control Objectives for Information and Related Technologies<\/strong><\/span><\/td>\n<td>\u00a024 horas<\/td>\n<\/tr>\n<tr>\n<td>CET 804<\/td>\n<td><span style=\"color: #d2d973\"><strong><span style=\"color: #00ff00\">Gest\u00e3o do Conhecimento<br \/>\n<\/span><\/strong><\/span>Gest\u00e3o do Conhecimento Estrat\u00e9gico. O capital intelectual. Avalia\u00e7\u00e3o da Cultura Empresarial. Rela\u00e7\u00e3o entre Mudan\u00e7a, Inova\u00e7\u00e3o e Conhecimento. Cadeia de produ\u00e7\u00e3o e transfer\u00eancia de Conhecimento.<\/td>\n<td>\u00a024 horas<\/td>\n<\/tr>\n<tr>\n<td>CET 805<\/td>\n<td><span style=\"color: #00ff00\"><strong>Gest\u00e3o de Servi\u00e7os em Tecnologia de Informa\u00e7\u00e3o<br \/>\n<\/strong><\/span>Gerenciamento da Infraestrutura de TI. Central de Servi\u00e7os. Dimens\u00f5es do processo de servi\u00e7os de TI. Riscos (Incidentes e Problemas). Mudan\u00e7as e Continuidade. <span style=\"color: #ffcc00\"><strong>ITIL\u00a0\u2013\u00a0\u00a0Technology Infrastructure Library<\/strong><\/span><\/td>\n<td>\u00a024 horas<\/td>\n<\/tr>\n<tr>\n<td>CET 807<\/td>\n<td><span style=\"color: #00ff00\"><strong>Gest\u00e3o da Seguran\u00e7a e Continuidade<br \/>\n<\/strong><\/span>Riscos de descontinuidade de produtos e servi\u00e7os. Modelos de Recupera\u00e7\u00e3o de Desastres. Modelos de Seguran\u00e7a F\u00edsica e L\u00f3gica. Modelos de Alta Disponibilidade de Produtos e Servi\u00e7os. <strong><span style=\"color: #ffcc00\">ISO\/IEC 27000 \u2013 Sistema de Gest\u00e3o da Seguran\u00e7a da Informa\u00e7\u00e3o<\/span>.<\/strong><\/td>\n<td>\u00a024 horas<\/td>\n<\/tr>\n<tr>\n<td>CET 817<\/td>\n<td><span style=\"color: #00ff00\"><strong>Gest\u00e3o de Informa\u00e7\u00f5es<br \/>\n<\/strong><\/span>Dimens\u00f5es da Qualidade de Informa\u00e7\u00f5es. Confiabilidade de fontes de dados. Processo de tratamento de inconsist\u00eancias de dados. An\u00e1lise do fluxo de informa\u00e7\u00f5es entre colaboradores. <span style=\"color: #ffcc00\"><strong>DMBoK\u00a0\u2013\u00a0 Data Management Body of Knowledge<\/strong><\/span><\/td>\n<td>\u00a024 horas<\/td>\n<\/tr>\n<tr>\n<td>CET 819<\/td>\n<td><span style=\"color: #00ff00\"><strong>Engenharia e Gest\u00e3o de Processos<br \/>\n<\/strong><\/span>Projeto de Processos. Modelagem dos processos da<br \/>\n\u00e1rea de TI baseado no <strong><span style=\"color: #ffcc00\">BPMN \u2013 Business Process Modeling and Notation<\/span>.<\/strong> Identifica\u00e7\u00e3o das fam\u00edlias de processos. Defini\u00e7\u00e3o de atividades e riscos agregados. Reengenharia de processos. Perfis de atribui\u00e7\u00f5es de responsabilidades. M\u00e9tricas de desempenho de processos. Monitoramento e Controle de Processos. Gest\u00e3o da Qualidade de Processos.<\/td>\n<td>\u00a024 horas<\/td>\n<\/tr>\n<tr>\n<td>CET 820<\/td>\n<td><span style=\"color: #00ff00\"><strong>Gest\u00e3o Estrat\u00e9gica de Pessoas<br \/>\n<\/strong><\/span>Comportamento Organizacional: Aspectos Individuais<br \/>\ncomo motiva\u00e7\u00e3o, satisfa\u00e7\u00e3o, comprometimento e engajamento; Trabalho em equipe e conflitos; Lideran\u00e7a; Aspectos Organizacional: Cultura Organizacional. Gest\u00e3o de pessoas: Papel dos Gestores X Papel do RH; Recrutamento e Sele\u00e7\u00e3o; Avalia\u00e7\u00e3o de Desempenho; Desenvolvimento.<\/td>\n<td>\u00a024 horas<\/td>\n<\/tr>\n<tr>\n<td>CET 821<\/td>\n<td><span style=\"color: #00ff00\"><strong>Direito Digital (<em>legisla\u00e7\u00f5es pertinentes<\/em>)<br \/>\n<\/strong><\/span>Princ\u00edpios e normas legais no direito brasileiro. Responsabilidade civil e penal. Certifica\u00e7\u00e3o digital na seguran\u00e7a da informa\u00e7\u00e3o. Direito da personalidade e da imagem. Intimidade e Privacidade. <span style=\"color: #ffcc00\"><strong>Lei Geral de Prote\u00e7\u00e3o de Dados &#8211;<\/strong> <strong>LGPD<\/strong><\/span>. Marco civil da internet. Crimes digitais. Laudos periciais. Legisla\u00e7\u00e3o e jurisprud\u00eancias<\/td>\n<td>\u00a016 horas<\/td>\n<\/tr>\n<tr>\n<td>CET 822<\/td>\n<td><span style=\"color: #00ff00\"><strong>Arquitetura Corporativa Organizacional<br \/>\n<\/strong><\/span>Arquitetura organizacional e os n\u00edveis <strong><span style=\"color: #ffcc00\">TOGAF &#8211; The Open Group Architecture Framework<\/span><\/strong> (aplica\u00e7\u00e3o, dados, tecnologia e neg\u00f3cios). An\u00e1lise dos ambientes interno e externo. Responsabilidade social corporativa. Advocacy. An\u00e1lise de stakeholders. An\u00e1lise de riscos corporativos considerando COSO &#8211; The Committee of Sponsoring Organizations.<\/td>\n<td>\u00a024 horas<\/td>\n<\/tr>\n<tr>\n<td>CET 823<\/td>\n<td><span style=\"color: #00ff00\"><strong>Qualidade dos Ativos de Tecnologia da Informa\u00e7\u00e3o<br \/>\n<\/strong><\/span>Qualidade de produto e de processo. M\u00e9tricas para qualidade: KPIs e OKR. Programas de melhoria de qualidade: Lean e Seis Sigma. Ferramentas da qualidade. Pr\u00e1ticas atuais de qualidade em TI.<\/td>\n<td>\u00a024 horas<\/td>\n<\/tr>\n<tr>\n<td>CET 824<\/td>\n<td><span style=\"color: #00ff00\"><strong>Governan\u00e7a Corporativa e Sustentabilidade (ESG)<br \/>\n<\/strong><\/span>Conceito de gest\u00e3o sustent\u00e1vel, desenvolvimento sustent\u00e1vel e Governan\u00e7a Corporativa e Sustentabilidade (ESG). Planejamento, gest\u00e3o e desempenho sustent\u00e1vel. Indicadores de sustentabilidade. Ferramentas e metodologias de gest\u00e3o sustent\u00e1vel. Inova\u00e7\u00e3o para sustentabilidade. Quest\u00f5es atuais de gest\u00e3o sustent\u00e1vel.<\/td>\n<td>\u00a016 horas<\/td>\n<\/tr>\n<tr>\n<td>CET 825<\/td>\n<td><span style=\"color: #00ff00\"><strong>Inova\u00e7\u00e3o Estrat\u00e9gica e Empreendedorismo<br \/>\n<\/strong><\/span>Plano de Neg\u00f3cios e a rela\u00e7\u00e3o com o Empreendedorismo e a Inova\u00e7\u00e3o. Desenvolvimento e difus\u00e3o de processos voltados ao empreendedorismo e inova\u00e7\u00e3o. Lean Startup. Value Proposition Canvas (VPC). Business Model Canvas (BMC). Minimum Viable Product (MVP). Elevator Pitch.<\/td>\n<td>\u00a024 horas<\/td>\n<\/tr>\n<tr>\n<td>CET 826<\/td>\n<td><span style=\"color: #00ff00\"><strong>Transforma\u00e7\u00e3o Digital<br \/>\n<\/strong><\/span>Contexto de Mundo VUCA\/BANI. Pensamento e organiza\u00e7\u00f5es exponenciais. A abordagem do Design Thinking para resolu\u00e7\u00e3o de problemas complexos. Lean Inception e Prototipa\u00e7\u00e3o. Metodologias \u00e1geis com foco em resultados.<\/td>\n<td>\u00a024 horas<\/td>\n<\/tr>\n<tr>\n<td>CET 827<\/td>\n<td><span style=\"color: #00ff00\"><strong>Pol\u00edticas, Planejamentos Estrat\u00e9gicos e Planos<br \/>\n<\/strong><\/span>Pol\u00edticas de Neg\u00f3cio: elabora\u00e7\u00e3o, implanta\u00e7\u00e3o e monitoramento. Planejamento Estrat\u00e9gico: elabora\u00e7\u00e3o, implanta\u00e7\u00e3o e monitoramento. Planos T\u00e1ticos e Operacionais: elabora\u00e7\u00e3o,<br \/>\nimplanta\u00e7\u00e3o e monitoramento. Alinhamento entre Pol\u00edticas, Planos Estrat\u00e9gicos, Planos T\u00e1ticos e Operacionais.<\/td>\n<td>\u00a024 horas<\/td>\n<\/tr>\n<tr>\n<td>CET 828<\/td>\n<td><span style=\"color: #00ff00\"><strong>Gest\u00e3o Or\u00e7ament\u00e1ria e Financeira<br \/>\n<\/strong><\/span>Gest\u00e3o de Custos. An\u00e1lise de Custos e PV. Estrutura de capital e an\u00e1lise. Financiamento e investimento. Aplica\u00e7\u00e3o na \u00e1rea de Tecnologia da Informa\u00e7\u00e3o.<\/td>\n<td>\u00a024 horas<\/td>\n<\/tr>\n<tr>\n<td>CET 829<\/td>\n<td><span style=\"color: #00ff00\"><strong>Gest\u00e3o de Projetos e Programas em TIC<br \/>\n<\/strong><\/span>Gest\u00e3o cl\u00e1ssica e gest\u00e3o \u00e1gil na atualidade. Gest\u00e3o de Riscos. Gest\u00e3o de Comunica\u00e7\u00e3o. Princ\u00edpios de gest\u00e3o \u00e1gil. Metodologias \u00e1geis: Scrum, Kanban, XP, Spotify, Lean IT. Desafios e pr\u00e1ticas atuais de gest\u00e3o de Tecnologia da Informa\u00e7\u00e3o. <span style=\"color: #d9c72b\"><strong><span style=\"color: #ffcc00\">PMBoK \u2013\u00a0 Project Management Body of Knowledge<\/span><\/strong><\/span><\/td>\n<td>\u00a024 horas<\/td>\n<\/tr>\n<\/tbody>\n<\/table>\n<h4><span style=\"color: #99cc00\"><span style=\"color: #33cccc\">Carga hor\u00e1ria total do Curso: 400 horas<\/span><br \/>\n<\/span><\/h4>\n<h5><a href=\"https:\/\/wordpress.ft.unicamp.br\/espgov\/wp-content\/uploads\/sites\/49\/2023\/07\/Ementas-2023.pdf\">Ement\u00e1rio (link)<br \/>\n<\/a><\/h5>\n<h4><\/h4>\n<p><span style=\"color: #ff6600\"><strong>O TCC \u00e9 um m\u00f3dulo realizado nos \u00faltimos meses do curso, com determinados s\u00e1bados de orienta\u00e7\u00e3o remota. No TCC s\u00e3o colocados em pr\u00e1tica os conhecimentos adquiridos.<br \/>\n<span style=\"color: #99cc00\">Carga hor\u00e1ria de TCC: 32 horas<\/span><\/strong><\/span><\/p>\n","protected":false},"excerpt":{"rendered":"<p>&#8212;&#8212;&#8212;&#8212;&#8212;&#8212;&#8212;&#8212;&#8212;&#8212;&#8212;&#8212;&#8212;&#8212;&#8212;&#8212;&#8212;&#8212;&#8212;&#8212;&#8212; O curso \u00e9 composto por: 16 disciplinas oferecidas em 46 s\u00e1bados n\u00e3o consecutivos. 1 M\u00f3dulo de TCC ao final do curso Carga hor\u00e1ria de Disciplinas: 368 horas (46 s\u00e1bados) <a class=\"more-link\" href=\"https:\/\/wordpress.ft.unicamp.br\/espgov\/?page_id=29\">Continue Reading &rarr;<\/a><\/p>\n","protected":false},"author":31,"featured_media":0,"parent":0,"menu_order":0,"comment_status":"closed","ping_status":"closed","template":"","meta":{"footnotes":""},"class_list":["post-29","page","type-page","status-publish","hentry"],"yoast_head":"<!-- This site is optimized with the Yoast SEO plugin v27.5 - https:\/\/yoast.com\/product\/yoast-seo-wordpress\/ -->\n<title>Disciplina - Governan\u00e7a de Tecnologia da Informa\u00e7\u00e3o<\/title>\n<meta name=\"robots\" content=\"index, follow, max-snippet:-1, max-image-preview:large, max-video-preview:-1\" \/>\n<link rel=\"canonical\" href=\"https:\/\/wordpress.ft.unicamp.br\/espgov\/?page_id=29\" \/>\n<meta property=\"og:locale\" content=\"pt_BR\" \/>\n<meta property=\"og:type\" content=\"article\" \/>\n<meta property=\"og:title\" content=\"Disciplina - Governan\u00e7a de Tecnologia da Informa\u00e7\u00e3o\" \/>\n<meta property=\"og:description\" content=\"&#8212;&#8212;&#8212;&#8212;&#8212;&#8212;&#8212;&#8212;&#8212;&#8212;&#8212;&#8212;&#8212;&#8212;&#8212;&#8212;&#8212;&#8212;&#8212;&#8212;&#8212; O curso \u00e9 composto por: 16 disciplinas oferecidas em 46 s\u00e1bados n\u00e3o consecutivos. 1 M\u00f3dulo de TCC ao final do curso Carga hor\u00e1ria de Disciplinas: 368 horas (46 s\u00e1bados) Continue Reading &rarr;\" \/>\n<meta property=\"og:url\" content=\"https:\/\/wordpress.ft.unicamp.br\/espgov\/?page_id=29\" \/>\n<meta property=\"og:site_name\" content=\"Governan\u00e7a de Tecnologia da Informa\u00e7\u00e3o\" \/>\n<meta property=\"article:modified_time\" content=\"2025-06-13T23:21:22+00:00\" \/>\n<meta name=\"twitter:card\" content=\"summary_large_image\" \/>\n<meta name=\"twitter:label1\" content=\"Est. tempo de leitura\" \/>\n\t<meta name=\"twitter:data1\" content=\"5 minutos\" \/>\n<script type=\"application\/ld+json\" class=\"yoast-schema-graph\">{\"@context\":\"https:\\\/\\\/schema.org\",\"@graph\":[{\"@type\":\"WebPage\",\"@id\":\"https:\\\/\\\/wordpress.ft.unicamp.br\\\/espgov\\\/?page_id=29\",\"url\":\"https:\\\/\\\/wordpress.ft.unicamp.br\\\/espgov\\\/?page_id=29\",\"name\":\"Disciplina - Governan\u00e7a de Tecnologia da Informa\u00e7\u00e3o\",\"isPartOf\":{\"@id\":\"https:\\\/\\\/wordpress.ft.unicamp.br\\\/espgov\\\/#website\"},\"datePublished\":\"2018-08-07T19:51:41+00:00\",\"dateModified\":\"2025-06-13T23:21:22+00:00\",\"breadcrumb\":{\"@id\":\"https:\\\/\\\/wordpress.ft.unicamp.br\\\/espgov\\\/?page_id=29#breadcrumb\"},\"inLanguage\":\"pt-BR\",\"potentialAction\":[{\"@type\":\"ReadAction\",\"target\":[\"https:\\\/\\\/wordpress.ft.unicamp.br\\\/espgov\\\/?page_id=29\"]}]},{\"@type\":\"BreadcrumbList\",\"@id\":\"https:\\\/\\\/wordpress.ft.unicamp.br\\\/espgov\\\/?page_id=29#breadcrumb\",\"itemListElement\":[{\"@type\":\"ListItem\",\"position\":1,\"name\":\"Home\",\"item\":\"https:\\\/\\\/wordpress.ft.unicamp.br\\\/espgov\\\/\"},{\"@type\":\"ListItem\",\"position\":2,\"name\":\"Disciplina\"}]},{\"@type\":\"WebSite\",\"@id\":\"https:\\\/\\\/wordpress.ft.unicamp.br\\\/espgov\\\/#website\",\"url\":\"https:\\\/\\\/wordpress.ft.unicamp.br\\\/espgov\\\/\",\"name\":\"Especializa\u00e7\u00e3o em Governan\u00e7a de TI\",\"description\":\"Gest\u00e3o de TI: Servi\u00e7os; Dados; Seguran\u00e7a; (pr\u00e9 e p\u00f3s) Projetos; Inova\u00e7\u00e3o; Pessoas; Processos e Conhecimento\",\"publisher\":{\"@id\":\"https:\\\/\\\/wordpress.ft.unicamp.br\\\/espgov\\\/#organization\"},\"potentialAction\":[{\"@type\":\"SearchAction\",\"target\":{\"@type\":\"EntryPoint\",\"urlTemplate\":\"https:\\\/\\\/wordpress.ft.unicamp.br\\\/espgov\\\/?s={search_term_string}\"},\"query-input\":{\"@type\":\"PropertyValueSpecification\",\"valueRequired\":true,\"valueName\":\"search_term_string\"}}],\"inLanguage\":\"pt-BR\"},{\"@type\":\"Organization\",\"@id\":\"https:\\\/\\\/wordpress.ft.unicamp.br\\\/espgov\\\/#organization\",\"name\":\"UNICAMP\",\"url\":\"https:\\\/\\\/wordpress.ft.unicamp.br\\\/espgov\\\/\",\"logo\":{\"@type\":\"ImageObject\",\"inLanguage\":\"pt-BR\",\"@id\":\"https:\\\/\\\/wordpress.ft.unicamp.br\\\/espgov\\\/#\\\/schema\\\/logo\\\/image\\\/\",\"url\":\"https:\\\/\\\/www.ft.unicamp.br\\\/~espgov\\\/wp-content\\\/uploads\\\/sites\\\/49\\\/2019\\\/09\\\/Unicamp-logo-2019.jpg\",\"contentUrl\":\"https:\\\/\\\/www.ft.unicamp.br\\\/~espgov\\\/wp-content\\\/uploads\\\/sites\\\/49\\\/2019\\\/09\\\/Unicamp-logo-2019.jpg\",\"width\":200,\"height\":225,\"caption\":\"UNICAMP\"},\"image\":{\"@id\":\"https:\\\/\\\/wordpress.ft.unicamp.br\\\/espgov\\\/#\\\/schema\\\/logo\\\/image\\\/\"},\"sameAs\":[\"https:\\\/\\\/www.linkedin.com\\\/groups\\\/4397147\"]}]}<\/script>\n<!-- \/ Yoast SEO plugin. -->","yoast_head_json":{"title":"Disciplina - Governan\u00e7a de Tecnologia da Informa\u00e7\u00e3o","robots":{"index":"index","follow":"follow","max-snippet":"max-snippet:-1","max-image-preview":"max-image-preview:large","max-video-preview":"max-video-preview:-1"},"canonical":"https:\/\/wordpress.ft.unicamp.br\/espgov\/?page_id=29","og_locale":"pt_BR","og_type":"article","og_title":"Disciplina - Governan\u00e7a de Tecnologia da Informa\u00e7\u00e3o","og_description":"&#8212;&#8212;&#8212;&#8212;&#8212;&#8212;&#8212;&#8212;&#8212;&#8212;&#8212;&#8212;&#8212;&#8212;&#8212;&#8212;&#8212;&#8212;&#8212;&#8212;&#8212; O curso \u00e9 composto por: 16 disciplinas oferecidas em 46 s\u00e1bados n\u00e3o consecutivos. 1 M\u00f3dulo de TCC ao final do curso Carga hor\u00e1ria de Disciplinas: 368 horas (46 s\u00e1bados) Continue Reading &rarr;","og_url":"https:\/\/wordpress.ft.unicamp.br\/espgov\/?page_id=29","og_site_name":"Governan\u00e7a de Tecnologia da Informa\u00e7\u00e3o","article_modified_time":"2025-06-13T23:21:22+00:00","twitter_card":"summary_large_image","twitter_misc":{"Est. tempo de leitura":"5 minutos"},"schema":{"@context":"https:\/\/schema.org","@graph":[{"@type":"WebPage","@id":"https:\/\/wordpress.ft.unicamp.br\/espgov\/?page_id=29","url":"https:\/\/wordpress.ft.unicamp.br\/espgov\/?page_id=29","name":"Disciplina - Governan\u00e7a de Tecnologia da Informa\u00e7\u00e3o","isPartOf":{"@id":"https:\/\/wordpress.ft.unicamp.br\/espgov\/#website"},"datePublished":"2018-08-07T19:51:41+00:00","dateModified":"2025-06-13T23:21:22+00:00","breadcrumb":{"@id":"https:\/\/wordpress.ft.unicamp.br\/espgov\/?page_id=29#breadcrumb"},"inLanguage":"pt-BR","potentialAction":[{"@type":"ReadAction","target":["https:\/\/wordpress.ft.unicamp.br\/espgov\/?page_id=29"]}]},{"@type":"BreadcrumbList","@id":"https:\/\/wordpress.ft.unicamp.br\/espgov\/?page_id=29#breadcrumb","itemListElement":[{"@type":"ListItem","position":1,"name":"Home","item":"https:\/\/wordpress.ft.unicamp.br\/espgov\/"},{"@type":"ListItem","position":2,"name":"Disciplina"}]},{"@type":"WebSite","@id":"https:\/\/wordpress.ft.unicamp.br\/espgov\/#website","url":"https:\/\/wordpress.ft.unicamp.br\/espgov\/","name":"Especializa\u00e7\u00e3o em Governan\u00e7a de TI","description":"Gest\u00e3o de TI: Servi\u00e7os; Dados; Seguran\u00e7a; (pr\u00e9 e p\u00f3s) Projetos; Inova\u00e7\u00e3o; Pessoas; Processos e Conhecimento","publisher":{"@id":"https:\/\/wordpress.ft.unicamp.br\/espgov\/#organization"},"potentialAction":[{"@type":"SearchAction","target":{"@type":"EntryPoint","urlTemplate":"https:\/\/wordpress.ft.unicamp.br\/espgov\/?s={search_term_string}"},"query-input":{"@type":"PropertyValueSpecification","valueRequired":true,"valueName":"search_term_string"}}],"inLanguage":"pt-BR"},{"@type":"Organization","@id":"https:\/\/wordpress.ft.unicamp.br\/espgov\/#organization","name":"UNICAMP","url":"https:\/\/wordpress.ft.unicamp.br\/espgov\/","logo":{"@type":"ImageObject","inLanguage":"pt-BR","@id":"https:\/\/wordpress.ft.unicamp.br\/espgov\/#\/schema\/logo\/image\/","url":"https:\/\/www.ft.unicamp.br\/~espgov\/wp-content\/uploads\/sites\/49\/2019\/09\/Unicamp-logo-2019.jpg","contentUrl":"https:\/\/www.ft.unicamp.br\/~espgov\/wp-content\/uploads\/sites\/49\/2019\/09\/Unicamp-logo-2019.jpg","width":200,"height":225,"caption":"UNICAMP"},"image":{"@id":"https:\/\/wordpress.ft.unicamp.br\/espgov\/#\/schema\/logo\/image\/"},"sameAs":["https:\/\/www.linkedin.com\/groups\/4397147"]}]}},"_links":{"self":[{"href":"https:\/\/wordpress.ft.unicamp.br\/espgov\/index.php?rest_route=\/wp\/v2\/pages\/29","targetHints":{"allow":["GET"]}}],"collection":[{"href":"https:\/\/wordpress.ft.unicamp.br\/espgov\/index.php?rest_route=\/wp\/v2\/pages"}],"about":[{"href":"https:\/\/wordpress.ft.unicamp.br\/espgov\/index.php?rest_route=\/wp\/v2\/types\/page"}],"author":[{"embeddable":true,"href":"https:\/\/wordpress.ft.unicamp.br\/espgov\/index.php?rest_route=\/wp\/v2\/users\/31"}],"replies":[{"embeddable":true,"href":"https:\/\/wordpress.ft.unicamp.br\/espgov\/index.php?rest_route=%2Fwp%2Fv2%2Fcomments&post=29"}],"version-history":[{"count":91,"href":"https:\/\/wordpress.ft.unicamp.br\/espgov\/index.php?rest_route=\/wp\/v2\/pages\/29\/revisions"}],"predecessor-version":[{"id":1305,"href":"https:\/\/wordpress.ft.unicamp.br\/espgov\/index.php?rest_route=\/wp\/v2\/pages\/29\/revisions\/1305"}],"wp:attachment":[{"href":"https:\/\/wordpress.ft.unicamp.br\/espgov\/index.php?rest_route=%2Fwp%2Fv2%2Fmedia&parent=29"}],"curies":[{"name":"wp","href":"https:\/\/api.w.org\/{rel}","templated":true}]}}