{"id":33,"date":"2018-08-07T19:52:06","date_gmt":"2018-08-07T19:52:06","guid":{"rendered":"http:\/\/wordpress.ft.unicamp.br\/espgov\/?page_id=33"},"modified":"2026-05-07T12:06:55","modified_gmt":"2026-05-07T12:06:55","slug":"inscricao","status":"publish","type":"page","link":"https:\/\/wordpress.ft.unicamp.br\/espgov\/?page_id=33","title":{"rendered":"Inscri\u00e7\u00e3o"},"content":{"rendered":"<p><span style=\"font-size: x-small;color: #ff0000;background-color: #ff0000\">&#8212;&#8212;&#8212;&#8212;&#8212;&#8212;&#8212;&#8212;&#8212;&#8212;&#8212;&#8212;&#8212;&#8212;&#8212;&#8212;&#8212;&#8212;&#8212;&#8212;&#8212;&#8212;&#8212;&#8212;&#8212;&#8212;&#8212;&#8212;&#8212;-<\/span><\/p>\n<h2><strong><span style=\"color: #0066ff\">19a. Turma<br \/>\n<\/span><\/strong><a href=\"https:\/\/www.extecamp.unicamp.br\/dados.asp?sigla=%84g%CD%C2%5E%EA%DD%9E&amp;of=%F7%13%A0\"><span style=\"color: #000000\"><strong><span style=\"color: #ff6600\">Link de Inscri\u00e7\u00e3o<\/span><\/strong><\/span><\/a><\/h2>\n<h6><span style=\"color: #000000\">.<\/span><\/h6>\n<h6><span style=\"color: #ffff00\">Investimento:\u00a0<\/span><\/h6>\n<p>Taxa de Inscri\u00e7\u00e3o: R$ 69,00<br \/>\nMatr\u00edcula: R$ 386,66<br \/>\n23 Parcelas (boletos banc.): R$ 386,66<\/p>\n<p><span style=\"color: #ffff00\">Bolsas de Estudos de 20% ou 30% dispon\u00edveis.<br \/>\n<\/span><span style=\"color: #33cccc\">Valores de matricula e parcelas: R$ 309,33 ou R$ 270,66, conforme o percentual de desconto aplicado. Outros valores de bolsas podem ser considerados caso solicitados.<br \/>\n<\/span><\/p>\n<ul>\n<li>O Formul\u00e1rio de Bolsa de Estudos deve ser enviado por email \u00e0 coordena\u00e7\u00e3o &#8211; Prof. Camolesi (camolesi@ft.unicamp.br). <a href=\"https:\/\/www.extecamp.unicamp.br\/documentos-extecamp\/formularios\/bolsa.pdf\">F\u00f3rmul\u00e1rio de Solicita\u00e7\u00e3o de Bolsa (link)<\/a><\/li>\n<li>N\u00c2O \u00e9 necess\u00e1rio o envio do comprovante de renda junto com o formul\u00e1rio, mas apenas quando for solicitado para que seja fundamentado o pedido de bolsa.<\/li>\n<li>O(a) solicitante de bolsa deve realizar a inscri\u00e7\u00e3o normalmente submetendo todos os documentos pelo sistema de Extecamp.<\/li>\n<li>O desconto da Bolsa de Estudos \u00e9 aplicado na matr\u00edcula e parcelas do curso.<\/li>\n<\/ul>\n<p><span style=\"color: #ffff00\">A inscri\u00e7\u00e3o est\u00e1 APROVADA se todos os documentos foram submetidos e confirmados pela secretaria. A assinatura do formul\u00e1rio\/Termo online \u00e9 parte da documenta\u00e7\u00e3o.<br \/>\nA lista de todos os documentos de inscri\u00e7\u00e3o est\u00e1 publicada nessa p\u00e1gina.<br \/>\nDiante da inscri\u00e7\u00e3o APROVADA, ser\u00e1 realizada a an\u00e1lise para MATR\u00cdCULA.<\/span><\/p>\n<h6><span style=\"color: #00ff00\">Aulas 100% on-line (ao vivo) e mantidas gravadas.<\/span><\/h6>\n<h6><span style=\"color: #00ff00\">Requisitos de Tecnologia<\/span><\/h6>\n<p><span style=\"color: #99cc00\">O curso envolve grande quantidade de horas de atividades pr\u00e1ticas com intera\u00e7\u00e3o com professores e colegas de turma. O aluno(a), para realizar o curso, deve dispor de computador com configura\u00e7\u00e3o de mem\u00f3ria e processador atualizada, incluindo c\u00e2mera de v\u00eddeo e microfone, al\u00e9m de uma conex\u00e3o de Internet de boa velocidade.<\/span><\/p>\n<h4 style=\"text-align: right\"><\/h4>\n<table style=\"height: 1028px\" width=\"678\">\n<tbody>\n<tr>\n<th>&#8212;&#8212;&#8212;&#8212;&#8212;&#8212;&#8212;&#8212;&#8212;<\/th>\n<th>\n<h5 style=\"text-align: left\">Calend\u00e1rio<\/h5>\n<\/th>\n<\/tr>\n<tr>\n<td><span style=\"color: #00ff00\"><strong>Etapa I &#8211;<br \/>\nInscri\u00e7\u00e3o<br \/>\n<\/strong><\/span><\/td>\n<td>\n<ul>\n<li><span style=\"color: #ff6600\">In\u00edcio<\/span>: <strong><span style=\"color: #ffff00\">14, novembro de 2025<\/span><\/strong><\/li>\n<li><span style=\"color: #ffff00\"><span style=\"color: #ff6600\">T\u00e9rmino<\/span>: <strong>14, maio de 2026<\/strong><\/span><span style=\"color: #ffff00\"><strong><br \/>\n<\/strong><span style=\"color: #99cc00\">A\u00e7\u00f5es:<\/span><br \/>\n<span style=\"color: #99cc00\">&#8211; Realizar o preenchimento de Formul\u00e1rio online (Termo);<br \/>\n&#8211; Assinar o Formul\u00e1rio online (Termo);<\/span><br \/>\n<span style=\"color: #99cc00\">&#8211; Submeter toda a Documenta\u00e7\u00e3o pelo Sistema da Extecamp;<\/span><\/span><\/li>\n<li><span style=\"color: #ffff00\"><span style=\"color: #99cc00\">Secretaria notifica se algum documento requerer corre\u00e7\u00e3o.<\/span><strong><br \/>\n<\/strong><\/span><\/li>\n<\/ul>\n<p><strong><span style=\"color: #ff6600\">Documenta\u00e7\u00e3o :<\/span><\/strong><\/p>\n<ul>\n<li><strong>Formul\u00e1rio de Inscri\u00e7\u00e3o e Termo de Compromisso\u00a0<span style=\"color: #ff6600\">Assinado<\/span><\/strong><br \/>\n<span style=\"color: #99cc00\"><strong>\/Enviado pelo Sistema da Extecamp<\/strong><\/span><em><br \/>\n<\/em><\/li>\n<li><strong>RG \/<span style=\"color: #99cc00\">C\u00f3pia (frente e verso)<\/span><br \/>\n<\/strong><\/li>\n<li><strong>CPF \/<\/strong><span style=\"color: #99cc00\"><strong>C\u00f3pia Simples<\/strong><\/span><\/li>\n<li><strong>Diploma do Curso Superior (ou Declara\u00e7\u00e3o de Conclus\u00e3o)<br \/>\n<\/strong><strong>\/<span style=\"color: #99cc00\">C\u00f3pia (frente e verso)<\/span><\/strong><\/li>\n<li><strong>Curr\u00edculo profissional \/Forma\u00e7\u00e3o superior e atua\u00e7\u00f5es profissionais <span style=\"color: #99cc00\">(m\u00e1ximo 2 p\u00e1ginas)<\/span><\/strong><\/li>\n<\/ul>\n<\/td>\n<\/tr>\n<tr>\n<td><span style=\"color: #00ff00\"><strong>Etapa II &#8211;<br \/>\nSele\u00e7\u00e3o<\/strong><\/span><\/td>\n<td>\n<ul>\n<li><span style=\"color: #ff6600\">In\u00edcio<\/span>: <strong><span style=\"color: #ffff00\">14, abril de 2026<\/span><\/strong><\/li>\n<li><span style=\"color: #ff6600\">T\u00e9rmino<\/span>: <strong><span style=\"color: #ffff00\">14, maio de 2026<br \/>\n<\/span><\/strong><span style=\"color: #ffff00\"><span style=\"color: #99cc00\">A\u00e7\u00f5es:<\/span><\/span><span style=\"color: #ffff00\"><br \/>\n<span style=\"color: #99cc00\">\u2013 Coordena\u00e7\u00e3o notifica por email os aprovados<\/span><br \/>\n<\/span><span style=\"color: #ffff00\"><span style=\"color: #99cc00\">\u2013 Aprovados aguardam instru\u00e7\u00f5es de matr\u00edcula<\/span><\/span><strong><span style=\"color: #ffff00\"><br \/>\n<\/span><\/strong><\/li>\n<li>A sele\u00e7\u00e3o ocorre somente para as inscri\u00e7\u00f5es efetivas.<\/li>\n<li>Na sele\u00e7\u00e3o \u00e9 usada a ordem cronol\u00f3gica das inscri\u00e7\u00f5es efetivas.<\/li>\n<\/ul>\n<\/td>\n<\/tr>\n<tr>\n<td><span style=\"color: #00ff00\"><b>Etapa III &#8211;<br \/>\nMatr\u00edcula<br \/>\n<\/b><\/span><\/td>\n<td>\n<ul>\n<li><span style=\"color: #ff6600\">In\u00edcio<\/span>: <strong><span style=\"color: #ffff00\">14, abril de 2026<\/span><\/strong><\/li>\n<li><span style=\"color: #ff6600\">T\u00e9rmino<\/span>: <strong><span style=\"color: #ffff00\">14, maio de 2026<br \/>\n<\/span><\/strong><span style=\"color: #99cc00\">A\u00e7\u00f5es:<br \/>\n&#8211; Aprovados realizam o pagamento do boleto de Matr\u00edcula;<br \/>\n&#8211; Aprovados aguardam instru\u00e7\u00f5es de acessos aos ambientes do curso (Moodle e Teams)<\/span><strong><span style=\"color: #ffff00\"><br \/>\n<\/span><\/strong><\/li>\n<\/ul>\n<\/td>\n<\/tr>\n<tr>\n<td><\/td>\n<td><\/td>\n<\/tr>\n<tr>\n<td><span style=\"color: #00ff00\"><b>Etapa IV &#8211;<br \/>\nAcad\u00eamica<\/b><\/span><\/td>\n<td><strong>Consulte calend\u00e1rio preliminar de aulas neste site.<\/strong><\/td>\n<\/tr>\n<tr>\n<td><span style=\"color: #ff6600\"><strong>IV. Aulas<\/strong><\/span><\/td>\n<td>\n<h6><\/h6>\n<ul>\n<li><span style=\"color: #ffff00\"><strong><span style=\"color: #ff6600\">In\u00edcio<span style=\"color: #ffffff\">: <\/span><\/span>16, maio de 2026<\/strong><\/span><\/li>\n<li><strong><span style=\"color: #ff6600\">T\u00e9rmino<\/span><\/strong><span style=\"color: #ffffff\">:<\/span> <strong><span style=\"color: #ffff00\">20, maio de 2028<\/span><\/strong><\/li>\n<\/ul>\n<p>Hor\u00e1rio das aulas: 9hs \u00e0s 18hs<br \/>\nDias das aulas: S\u00e1bados<\/p>\n<p><span style=\"color: #99cc00\">Aulas Remotas\u2013 100% on-line (ao vivo), com orienta\u00e7\u00e3o de pr\u00e1ticas.<\/span><\/p>\n<p><strong><span style=\"color: #ffffff\">As aulas ministradas permanecem gravadas para que nos demais dias da semana possam ser revistas pelos alunos.<\/span><\/strong><br \/>\n<strong><span style=\"color: #ffffff\">Os alunos que n\u00e3o conseguirem presen\u00e7a aos s\u00e1bados poder\u00e3o acompanhar e repor durante a semana seguinte, utilizando as aulas que ficam gravadas.<\/span><\/strong><\/td>\n<\/tr>\n<tr>\n<td><span style=\"color: #ff6600\"><strong>IV. TCC<br \/>\n<\/strong><\/span><\/td>\n<td><span style=\"color: #ffff00\">Acompanhamento entre mar\u00e7o de 2028 e julho de 2028<\/span><\/td>\n<\/tr>\n<tr>\n<td><\/td>\n<td><\/td>\n<\/tr>\n<\/tbody>\n<\/table>\n","protected":false},"excerpt":{"rendered":"<p>&#8212;&#8212;&#8212;&#8212;&#8212;&#8212;&#8212;&#8212;&#8212;&#8212;&#8212;&#8212;&#8212;&#8212;&#8212;&#8212;&#8212;&#8212;&#8212;&#8212;&#8212;&#8212;&#8212;&#8212;&#8212;&#8212;&#8212;&#8212;&#8212;- 19a. Turma Link de Inscri\u00e7\u00e3o . Investimento:\u00a0 Taxa de Inscri\u00e7\u00e3o: R$ 69,00 Matr\u00edcula: R$ 386,66 23 Parcelas (boletos banc.): R$ 386,66 Bolsas de Estudos de 20% ou 30% dispon\u00edveis. <a class=\"more-link\" href=\"https:\/\/wordpress.ft.unicamp.br\/espgov\/?page_id=33\">Continue Reading &rarr;<\/a><\/p>\n","protected":false},"author":31,"featured_media":0,"parent":0,"menu_order":0,"comment_status":"closed","ping_status":"closed","template":"","meta":{"footnotes":""},"class_list":["post-33","page","type-page","status-publish","hentry"],"yoast_head":"<!-- This site is optimized with the Yoast SEO plugin v27.5 - https:\/\/yoast.com\/product\/yoast-seo-wordpress\/ -->\n<title>Inscri\u00e7\u00e3o - Governan\u00e7a de Tecnologia da Informa\u00e7\u00e3o<\/title>\n<meta name=\"robots\" content=\"index, follow, max-snippet:-1, max-image-preview:large, max-video-preview:-1\" \/>\n<link rel=\"canonical\" href=\"https:\/\/wordpress.ft.unicamp.br\/espgov\/?page_id=33\" \/>\n<meta property=\"og:locale\" content=\"pt_BR\" \/>\n<meta property=\"og:type\" content=\"article\" \/>\n<meta property=\"og:title\" content=\"Inscri\u00e7\u00e3o - Governan\u00e7a de Tecnologia da Informa\u00e7\u00e3o\" \/>\n<meta property=\"og:description\" content=\"&#8212;&#8212;&#8212;&#8212;&#8212;&#8212;&#8212;&#8212;&#8212;&#8212;&#8212;&#8212;&#8212;&#8212;&#8212;&#8212;&#8212;&#8212;&#8212;&#8212;&#8212;&#8212;&#8212;&#8212;&#8212;&#8212;&#8212;&#8212;&#8212;- 19a. Turma Link de Inscri\u00e7\u00e3o . Investimento:\u00a0 Taxa de Inscri\u00e7\u00e3o: R$ 69,00 Matr\u00edcula: R$ 386,66 23 Parcelas (boletos banc.): R$ 386,66 Bolsas de Estudos de 20% ou 30% dispon\u00edveis. Continue Reading &rarr;\" \/>\n<meta property=\"og:url\" content=\"https:\/\/wordpress.ft.unicamp.br\/espgov\/?page_id=33\" \/>\n<meta property=\"og:site_name\" content=\"Governan\u00e7a de Tecnologia da Informa\u00e7\u00e3o\" \/>\n<meta property=\"article:modified_time\" content=\"2026-05-07T12:06:55+00:00\" \/>\n<meta name=\"twitter:card\" content=\"summary_large_image\" \/>\n<meta name=\"twitter:label1\" content=\"Est. tempo de leitura\" \/>\n\t<meta name=\"twitter:data1\" content=\"3 minutos\" \/>\n<script type=\"application\/ld+json\" class=\"yoast-schema-graph\">{\"@context\":\"https:\\\/\\\/schema.org\",\"@graph\":[{\"@type\":\"WebPage\",\"@id\":\"https:\\\/\\\/wordpress.ft.unicamp.br\\\/espgov\\\/?page_id=33\",\"url\":\"https:\\\/\\\/wordpress.ft.unicamp.br\\\/espgov\\\/?page_id=33\",\"name\":\"Inscri\u00e7\u00e3o - Governan\u00e7a de Tecnologia da Informa\u00e7\u00e3o\",\"isPartOf\":{\"@id\":\"https:\\\/\\\/wordpress.ft.unicamp.br\\\/espgov\\\/#website\"},\"datePublished\":\"2018-08-07T19:52:06+00:00\",\"dateModified\":\"2026-05-07T12:06:55+00:00\",\"breadcrumb\":{\"@id\":\"https:\\\/\\\/wordpress.ft.unicamp.br\\\/espgov\\\/?page_id=33#breadcrumb\"},\"inLanguage\":\"pt-BR\",\"potentialAction\":[{\"@type\":\"ReadAction\",\"target\":[\"https:\\\/\\\/wordpress.ft.unicamp.br\\\/espgov\\\/?page_id=33\"]}]},{\"@type\":\"BreadcrumbList\",\"@id\":\"https:\\\/\\\/wordpress.ft.unicamp.br\\\/espgov\\\/?page_id=33#breadcrumb\",\"itemListElement\":[{\"@type\":\"ListItem\",\"position\":1,\"name\":\"Home\",\"item\":\"https:\\\/\\\/wordpress.ft.unicamp.br\\\/espgov\\\/\"},{\"@type\":\"ListItem\",\"position\":2,\"name\":\"Inscri\u00e7\u00e3o\"}]},{\"@type\":\"WebSite\",\"@id\":\"https:\\\/\\\/wordpress.ft.unicamp.br\\\/espgov\\\/#website\",\"url\":\"https:\\\/\\\/wordpress.ft.unicamp.br\\\/espgov\\\/\",\"name\":\"Especializa\u00e7\u00e3o em Governan\u00e7a de TI\",\"description\":\"Gest\u00e3o de TI: Servi\u00e7os; Dados; Seguran\u00e7a; (pr\u00e9 e p\u00f3s) Projetos; Inova\u00e7\u00e3o; Pessoas; Processos e Conhecimento\",\"publisher\":{\"@id\":\"https:\\\/\\\/wordpress.ft.unicamp.br\\\/espgov\\\/#organization\"},\"potentialAction\":[{\"@type\":\"SearchAction\",\"target\":{\"@type\":\"EntryPoint\",\"urlTemplate\":\"https:\\\/\\\/wordpress.ft.unicamp.br\\\/espgov\\\/?s={search_term_string}\"},\"query-input\":{\"@type\":\"PropertyValueSpecification\",\"valueRequired\":true,\"valueName\":\"search_term_string\"}}],\"inLanguage\":\"pt-BR\"},{\"@type\":\"Organization\",\"@id\":\"https:\\\/\\\/wordpress.ft.unicamp.br\\\/espgov\\\/#organization\",\"name\":\"UNICAMP\",\"url\":\"https:\\\/\\\/wordpress.ft.unicamp.br\\\/espgov\\\/\",\"logo\":{\"@type\":\"ImageObject\",\"inLanguage\":\"pt-BR\",\"@id\":\"https:\\\/\\\/wordpress.ft.unicamp.br\\\/espgov\\\/#\\\/schema\\\/logo\\\/image\\\/\",\"url\":\"https:\\\/\\\/www.ft.unicamp.br\\\/~espgov\\\/wp-content\\\/uploads\\\/sites\\\/49\\\/2019\\\/09\\\/Unicamp-logo-2019.jpg\",\"contentUrl\":\"https:\\\/\\\/www.ft.unicamp.br\\\/~espgov\\\/wp-content\\\/uploads\\\/sites\\\/49\\\/2019\\\/09\\\/Unicamp-logo-2019.jpg\",\"width\":200,\"height\":225,\"caption\":\"UNICAMP\"},\"image\":{\"@id\":\"https:\\\/\\\/wordpress.ft.unicamp.br\\\/espgov\\\/#\\\/schema\\\/logo\\\/image\\\/\"},\"sameAs\":[\"https:\\\/\\\/www.linkedin.com\\\/groups\\\/4397147\"]}]}<\/script>\n<!-- \/ Yoast SEO plugin. -->","yoast_head_json":{"title":"Inscri\u00e7\u00e3o - Governan\u00e7a de Tecnologia da Informa\u00e7\u00e3o","robots":{"index":"index","follow":"follow","max-snippet":"max-snippet:-1","max-image-preview":"max-image-preview:large","max-video-preview":"max-video-preview:-1"},"canonical":"https:\/\/wordpress.ft.unicamp.br\/espgov\/?page_id=33","og_locale":"pt_BR","og_type":"article","og_title":"Inscri\u00e7\u00e3o - Governan\u00e7a de Tecnologia da Informa\u00e7\u00e3o","og_description":"&#8212;&#8212;&#8212;&#8212;&#8212;&#8212;&#8212;&#8212;&#8212;&#8212;&#8212;&#8212;&#8212;&#8212;&#8212;&#8212;&#8212;&#8212;&#8212;&#8212;&#8212;&#8212;&#8212;&#8212;&#8212;&#8212;&#8212;&#8212;&#8212;- 19a. Turma Link de Inscri\u00e7\u00e3o . Investimento:\u00a0 Taxa de Inscri\u00e7\u00e3o: R$ 69,00 Matr\u00edcula: R$ 386,66 23 Parcelas (boletos banc.): R$ 386,66 Bolsas de Estudos de 20% ou 30% dispon\u00edveis. Continue Reading &rarr;","og_url":"https:\/\/wordpress.ft.unicamp.br\/espgov\/?page_id=33","og_site_name":"Governan\u00e7a de Tecnologia da Informa\u00e7\u00e3o","article_modified_time":"2026-05-07T12:06:55+00:00","twitter_card":"summary_large_image","twitter_misc":{"Est. tempo de leitura":"3 minutos"},"schema":{"@context":"https:\/\/schema.org","@graph":[{"@type":"WebPage","@id":"https:\/\/wordpress.ft.unicamp.br\/espgov\/?page_id=33","url":"https:\/\/wordpress.ft.unicamp.br\/espgov\/?page_id=33","name":"Inscri\u00e7\u00e3o - Governan\u00e7a de Tecnologia da Informa\u00e7\u00e3o","isPartOf":{"@id":"https:\/\/wordpress.ft.unicamp.br\/espgov\/#website"},"datePublished":"2018-08-07T19:52:06+00:00","dateModified":"2026-05-07T12:06:55+00:00","breadcrumb":{"@id":"https:\/\/wordpress.ft.unicamp.br\/espgov\/?page_id=33#breadcrumb"},"inLanguage":"pt-BR","potentialAction":[{"@type":"ReadAction","target":["https:\/\/wordpress.ft.unicamp.br\/espgov\/?page_id=33"]}]},{"@type":"BreadcrumbList","@id":"https:\/\/wordpress.ft.unicamp.br\/espgov\/?page_id=33#breadcrumb","itemListElement":[{"@type":"ListItem","position":1,"name":"Home","item":"https:\/\/wordpress.ft.unicamp.br\/espgov\/"},{"@type":"ListItem","position":2,"name":"Inscri\u00e7\u00e3o"}]},{"@type":"WebSite","@id":"https:\/\/wordpress.ft.unicamp.br\/espgov\/#website","url":"https:\/\/wordpress.ft.unicamp.br\/espgov\/","name":"Especializa\u00e7\u00e3o em Governan\u00e7a de TI","description":"Gest\u00e3o de TI: Servi\u00e7os; Dados; Seguran\u00e7a; (pr\u00e9 e p\u00f3s) Projetos; Inova\u00e7\u00e3o; Pessoas; Processos e Conhecimento","publisher":{"@id":"https:\/\/wordpress.ft.unicamp.br\/espgov\/#organization"},"potentialAction":[{"@type":"SearchAction","target":{"@type":"EntryPoint","urlTemplate":"https:\/\/wordpress.ft.unicamp.br\/espgov\/?s={search_term_string}"},"query-input":{"@type":"PropertyValueSpecification","valueRequired":true,"valueName":"search_term_string"}}],"inLanguage":"pt-BR"},{"@type":"Organization","@id":"https:\/\/wordpress.ft.unicamp.br\/espgov\/#organization","name":"UNICAMP","url":"https:\/\/wordpress.ft.unicamp.br\/espgov\/","logo":{"@type":"ImageObject","inLanguage":"pt-BR","@id":"https:\/\/wordpress.ft.unicamp.br\/espgov\/#\/schema\/logo\/image\/","url":"https:\/\/www.ft.unicamp.br\/~espgov\/wp-content\/uploads\/sites\/49\/2019\/09\/Unicamp-logo-2019.jpg","contentUrl":"https:\/\/www.ft.unicamp.br\/~espgov\/wp-content\/uploads\/sites\/49\/2019\/09\/Unicamp-logo-2019.jpg","width":200,"height":225,"caption":"UNICAMP"},"image":{"@id":"https:\/\/wordpress.ft.unicamp.br\/espgov\/#\/schema\/logo\/image\/"},"sameAs":["https:\/\/www.linkedin.com\/groups\/4397147"]}]}},"_links":{"self":[{"href":"https:\/\/wordpress.ft.unicamp.br\/espgov\/index.php?rest_route=\/wp\/v2\/pages\/33","targetHints":{"allow":["GET"]}}],"collection":[{"href":"https:\/\/wordpress.ft.unicamp.br\/espgov\/index.php?rest_route=\/wp\/v2\/pages"}],"about":[{"href":"https:\/\/wordpress.ft.unicamp.br\/espgov\/index.php?rest_route=\/wp\/v2\/types\/page"}],"author":[{"embeddable":true,"href":"https:\/\/wordpress.ft.unicamp.br\/espgov\/index.php?rest_route=\/wp\/v2\/users\/31"}],"replies":[{"embeddable":true,"href":"https:\/\/wordpress.ft.unicamp.br\/espgov\/index.php?rest_route=%2Fwp%2Fv2%2Fcomments&post=33"}],"version-history":[{"count":356,"href":"https:\/\/wordpress.ft.unicamp.br\/espgov\/index.php?rest_route=\/wp\/v2\/pages\/33\/revisions"}],"predecessor-version":[{"id":1452,"href":"https:\/\/wordpress.ft.unicamp.br\/espgov\/index.php?rest_route=\/wp\/v2\/pages\/33\/revisions\/1452"}],"wp:attachment":[{"href":"https:\/\/wordpress.ft.unicamp.br\/espgov\/index.php?rest_route=%2Fwp%2Fv2%2Fmedia&parent=33"}],"curies":[{"name":"wp","href":"https:\/\/api.w.org\/{rel}","templated":true}]}}