{"id":35,"date":"2018-08-07T19:52:22","date_gmt":"2018-08-07T19:52:22","guid":{"rendered":"http:\/\/wordpress.ft.unicamp.br\/espgov\/?page_id=35"},"modified":"2025-06-13T23:23:05","modified_gmt":"2025-06-13T23:23:05","slug":"certificado","status":"publish","type":"page","link":"https:\/\/wordpress.ft.unicamp.br\/espgov\/?page_id=35","title":{"rendered":"Moodle"},"content":{"rendered":"<p><span style=\"font-size: x-small;color: #44be66;background-color: #44be66\">&#8212;&#8212;&#8212;&#8212;&#8212;&#8212;&#8212;&#8212;&#8212;&#8212;&#8212;&#8212;&#8212;&#8212;&#8212;&#8212;&#8212;&#8211;<\/span><\/p>\n<p><span style=\"font-weight: 300\">As aulas do curso s\u00e3o realizadas <span style=\"color: #ffcc00\">online<\/span> com a utiliza\u00e7\u00e3o de ambientes virtuais de aprendizagem, entre os quais:<\/span><\/p>\n<ul>\n<li><span style=\"color: #99cc00\"><span style=\"color: #0000ff\"><strong>Moodle<\/strong><\/span> <span style=\"font-weight: 300\">\u00e9 usado para disponibiliza\u00e7\u00e3o de conte\u00fado de estudos e realiza\u00e7\u00e3o de atividades, al\u00e9m de proporcionar facilidade de integra\u00e7\u00e3o entre os alunos do curso. <\/span><\/span><span style=\"color: #ffffff;font-size: medium\"><a href=\"http:\/\/moodle.ft.unicamp.br\/\">http:\/\/moodle.ft.unicamp.br<\/a><\/span><\/li>\n<\/ul>\n<p><img decoding=\"async\" class=\" wp-image-234 aligncenter\" src=\"https:\/\/www.ft.unicamp.br\/~espgov\/wp-content\/uploads\/sites\/49\/2018\/10\/moodle-logo-300x77.png\" alt=\"\" width=\"351\" height=\"90\" srcset=\"https:\/\/wordpress.ft.unicamp.br\/espgov\/wp-content\/uploads\/sites\/49\/2018\/10\/moodle-logo-300x77.png 300w, https:\/\/wordpress.ft.unicamp.br\/espgov\/wp-content\/uploads\/sites\/49\/2018\/10\/moodle-logo-768x196.png 768w, https:\/\/wordpress.ft.unicamp.br\/espgov\/wp-content\/uploads\/sites\/49\/2018\/10\/moodle-logo-1024x261.png 1024w\" sizes=\"(max-width: 351px) 100vw, 351px\" \/><\/p>\n<ul>\n<li><span style=\"color: #99cc00\"><strong><span style=\"color: #0000ff\">Google Suite <\/span><span style=\"font-weight: 300\">\u00e9 usado para aulas e reuni\u00e3o virtuais.<\/span><\/strong><\/span><\/li>\n<\/ul>\n<p><img decoding=\"async\" class=\"aligncenter wp-image-511 size-full\" src=\"https:\/\/www.ft.unicamp.br\/~espgov\/wp-content\/uploads\/sites\/49\/2020\/04\/gsuite.png\" alt=\"\" width=\"300\" height=\"165\" \/><\/p>\n<ul>\n<li><span style=\"color: #99cc00\"><strong><span style=\"color: #0000ff\">TEAMS \/ Microsoft Office 365 <\/span><span style=\"font-weight: 300\">\u00e9 usado para aulas e reuni\u00e3o virtuais.<\/span><\/strong><\/span><\/li>\n<\/ul>\n<p><img decoding=\"async\" class=\"size-medium wp-image-512 aligncenter\" src=\"https:\/\/www.ft.unicamp.br\/~espgov\/wp-content\/uploads\/sites\/49\/2020\/04\/Office365-300x143.jpg\" alt=\"\" width=\"300\" height=\"143\" srcset=\"https:\/\/wordpress.ft.unicamp.br\/espgov\/wp-content\/uploads\/sites\/49\/2020\/04\/Office365-300x143.jpg 300w, https:\/\/wordpress.ft.unicamp.br\/espgov\/wp-content\/uploads\/sites\/49\/2020\/04\/Office365-768x366.jpg 768w, https:\/\/wordpress.ft.unicamp.br\/espgov\/wp-content\/uploads\/sites\/49\/2020\/04\/Office365.jpg 1024w\" sizes=\"(max-width: 300px) 100vw, 300px\" \/><\/p>\n<p>Equil\u00edbrio entre teoria e pr\u00e1tica \u00e9 alcan\u00e7ado nas aulas em que os alunos s\u00e3o desafiados no uso dos processos estudados e nas discuss\u00f5es sobre as pr\u00e1ticas realizadas no mercado e nas organiza\u00e7\u00f5es em que atuam.<\/p>\n","protected":false},"excerpt":{"rendered":"<p>&#8212;&#8212;&#8212;&#8212;&#8212;&#8212;&#8212;&#8212;&#8212;&#8212;&#8212;&#8212;&#8212;&#8212;&#8212;&#8212;&#8212;&#8211; As aulas do curso s\u00e3o realizadas online com a utiliza\u00e7\u00e3o de ambientes virtuais de aprendizagem, entre os quais: Moodle \u00e9 usado para disponibiliza\u00e7\u00e3o de conte\u00fado de estudos e realiza\u00e7\u00e3o <a class=\"more-link\" href=\"https:\/\/wordpress.ft.unicamp.br\/espgov\/?page_id=35\">Continue Reading &rarr;<\/a><\/p>\n","protected":false},"author":31,"featured_media":0,"parent":0,"menu_order":0,"comment_status":"closed","ping_status":"closed","template":"","meta":{"footnotes":""},"class_list":["post-35","page","type-page","status-publish","hentry"],"yoast_head":"<!-- This site is optimized with the Yoast SEO plugin v27.5 - https:\/\/yoast.com\/product\/yoast-seo-wordpress\/ -->\n<title>Moodle - Governan\u00e7a de Tecnologia da Informa\u00e7\u00e3o<\/title>\n<meta name=\"robots\" content=\"index, follow, max-snippet:-1, max-image-preview:large, max-video-preview:-1\" \/>\n<link rel=\"canonical\" href=\"https:\/\/wordpress.ft.unicamp.br\/espgov\/?page_id=35\" \/>\n<meta property=\"og:locale\" content=\"pt_BR\" \/>\n<meta property=\"og:type\" content=\"article\" \/>\n<meta property=\"og:title\" content=\"Moodle - Governan\u00e7a de Tecnologia da Informa\u00e7\u00e3o\" \/>\n<meta property=\"og:description\" content=\"&#8212;&#8212;&#8212;&#8212;&#8212;&#8212;&#8212;&#8212;&#8212;&#8212;&#8212;&#8212;&#8212;&#8212;&#8212;&#8212;&#8212;&#8211; As aulas do curso s\u00e3o realizadas online com a utiliza\u00e7\u00e3o de ambientes virtuais de aprendizagem, entre os quais: Moodle \u00e9 usado para disponibiliza\u00e7\u00e3o de conte\u00fado de estudos e realiza\u00e7\u00e3o Continue Reading &rarr;\" \/>\n<meta property=\"og:url\" content=\"https:\/\/wordpress.ft.unicamp.br\/espgov\/?page_id=35\" \/>\n<meta property=\"og:site_name\" content=\"Governan\u00e7a de Tecnologia da Informa\u00e7\u00e3o\" \/>\n<meta property=\"article:modified_time\" content=\"2025-06-13T23:23:05+00:00\" \/>\n<meta property=\"og:image\" content=\"https:\/\/wordpress.ft.unicamp.br\/espgov\/wp-content\/uploads\/sites\/49\/2018\/10\/moodle-logo.png\" \/>\n\t<meta property=\"og:image:width\" content=\"4010\" \/>\n\t<meta property=\"og:image:height\" content=\"1023\" \/>\n\t<meta property=\"og:image:type\" content=\"image\/png\" \/>\n<meta name=\"twitter:card\" content=\"summary_large_image\" \/>\n<meta name=\"twitter:label1\" content=\"Est. tempo de leitura\" \/>\n\t<meta name=\"twitter:data1\" content=\"2 minutos\" \/>\n<script type=\"application\/ld+json\" class=\"yoast-schema-graph\">{\"@context\":\"https:\\\/\\\/schema.org\",\"@graph\":[{\"@type\":\"WebPage\",\"@id\":\"https:\\\/\\\/wordpress.ft.unicamp.br\\\/espgov\\\/?page_id=35\",\"url\":\"https:\\\/\\\/wordpress.ft.unicamp.br\\\/espgov\\\/?page_id=35\",\"name\":\"Moodle - Governan\u00e7a de Tecnologia da Informa\u00e7\u00e3o\",\"isPartOf\":{\"@id\":\"https:\\\/\\\/wordpress.ft.unicamp.br\\\/espgov\\\/#website\"},\"primaryImageOfPage\":{\"@id\":\"https:\\\/\\\/wordpress.ft.unicamp.br\\\/espgov\\\/?page_id=35#primaryimage\"},\"image\":{\"@id\":\"https:\\\/\\\/wordpress.ft.unicamp.br\\\/espgov\\\/?page_id=35#primaryimage\"},\"thumbnailUrl\":\"https:\\\/\\\/www.ft.unicamp.br\\\/~espgov\\\/wp-content\\\/uploads\\\/sites\\\/49\\\/2018\\\/10\\\/moodle-logo-300x77.png\",\"datePublished\":\"2018-08-07T19:52:22+00:00\",\"dateModified\":\"2025-06-13T23:23:05+00:00\",\"breadcrumb\":{\"@id\":\"https:\\\/\\\/wordpress.ft.unicamp.br\\\/espgov\\\/?page_id=35#breadcrumb\"},\"inLanguage\":\"pt-BR\",\"potentialAction\":[{\"@type\":\"ReadAction\",\"target\":[\"https:\\\/\\\/wordpress.ft.unicamp.br\\\/espgov\\\/?page_id=35\"]}]},{\"@type\":\"ImageObject\",\"inLanguage\":\"pt-BR\",\"@id\":\"https:\\\/\\\/wordpress.ft.unicamp.br\\\/espgov\\\/?page_id=35#primaryimage\",\"url\":\"https:\\\/\\\/www.ft.unicamp.br\\\/~espgov\\\/wp-content\\\/uploads\\\/sites\\\/49\\\/2018\\\/10\\\/moodle-logo-300x77.png\",\"contentUrl\":\"https:\\\/\\\/www.ft.unicamp.br\\\/~espgov\\\/wp-content\\\/uploads\\\/sites\\\/49\\\/2018\\\/10\\\/moodle-logo-300x77.png\"},{\"@type\":\"BreadcrumbList\",\"@id\":\"https:\\\/\\\/wordpress.ft.unicamp.br\\\/espgov\\\/?page_id=35#breadcrumb\",\"itemListElement\":[{\"@type\":\"ListItem\",\"position\":1,\"name\":\"Home\",\"item\":\"https:\\\/\\\/wordpress.ft.unicamp.br\\\/espgov\\\/\"},{\"@type\":\"ListItem\",\"position\":2,\"name\":\"Moodle\"}]},{\"@type\":\"WebSite\",\"@id\":\"https:\\\/\\\/wordpress.ft.unicamp.br\\\/espgov\\\/#website\",\"url\":\"https:\\\/\\\/wordpress.ft.unicamp.br\\\/espgov\\\/\",\"name\":\"Especializa\u00e7\u00e3o em Governan\u00e7a de TI\",\"description\":\"Gest\u00e3o de TI: Servi\u00e7os; Dados; Seguran\u00e7a; (pr\u00e9 e p\u00f3s) Projetos; Inova\u00e7\u00e3o; Pessoas; Processos e Conhecimento\",\"publisher\":{\"@id\":\"https:\\\/\\\/wordpress.ft.unicamp.br\\\/espgov\\\/#organization\"},\"potentialAction\":[{\"@type\":\"SearchAction\",\"target\":{\"@type\":\"EntryPoint\",\"urlTemplate\":\"https:\\\/\\\/wordpress.ft.unicamp.br\\\/espgov\\\/?s={search_term_string}\"},\"query-input\":{\"@type\":\"PropertyValueSpecification\",\"valueRequired\":true,\"valueName\":\"search_term_string\"}}],\"inLanguage\":\"pt-BR\"},{\"@type\":\"Organization\",\"@id\":\"https:\\\/\\\/wordpress.ft.unicamp.br\\\/espgov\\\/#organization\",\"name\":\"UNICAMP\",\"url\":\"https:\\\/\\\/wordpress.ft.unicamp.br\\\/espgov\\\/\",\"logo\":{\"@type\":\"ImageObject\",\"inLanguage\":\"pt-BR\",\"@id\":\"https:\\\/\\\/wordpress.ft.unicamp.br\\\/espgov\\\/#\\\/schema\\\/logo\\\/image\\\/\",\"url\":\"https:\\\/\\\/www.ft.unicamp.br\\\/~espgov\\\/wp-content\\\/uploads\\\/sites\\\/49\\\/2019\\\/09\\\/Unicamp-logo-2019.jpg\",\"contentUrl\":\"https:\\\/\\\/www.ft.unicamp.br\\\/~espgov\\\/wp-content\\\/uploads\\\/sites\\\/49\\\/2019\\\/09\\\/Unicamp-logo-2019.jpg\",\"width\":200,\"height\":225,\"caption\":\"UNICAMP\"},\"image\":{\"@id\":\"https:\\\/\\\/wordpress.ft.unicamp.br\\\/espgov\\\/#\\\/schema\\\/logo\\\/image\\\/\"},\"sameAs\":[\"https:\\\/\\\/www.linkedin.com\\\/groups\\\/4397147\"]}]}<\/script>\n<!-- \/ Yoast SEO plugin. -->","yoast_head_json":{"title":"Moodle - Governan\u00e7a de Tecnologia da Informa\u00e7\u00e3o","robots":{"index":"index","follow":"follow","max-snippet":"max-snippet:-1","max-image-preview":"max-image-preview:large","max-video-preview":"max-video-preview:-1"},"canonical":"https:\/\/wordpress.ft.unicamp.br\/espgov\/?page_id=35","og_locale":"pt_BR","og_type":"article","og_title":"Moodle - Governan\u00e7a de Tecnologia da Informa\u00e7\u00e3o","og_description":"&#8212;&#8212;&#8212;&#8212;&#8212;&#8212;&#8212;&#8212;&#8212;&#8212;&#8212;&#8212;&#8212;&#8212;&#8212;&#8212;&#8212;&#8211; As aulas do curso s\u00e3o realizadas online com a utiliza\u00e7\u00e3o de ambientes virtuais de aprendizagem, entre os quais: Moodle \u00e9 usado para disponibiliza\u00e7\u00e3o de conte\u00fado de estudos e realiza\u00e7\u00e3o Continue Reading &rarr;","og_url":"https:\/\/wordpress.ft.unicamp.br\/espgov\/?page_id=35","og_site_name":"Governan\u00e7a de Tecnologia da Informa\u00e7\u00e3o","article_modified_time":"2025-06-13T23:23:05+00:00","og_image":[{"width":4010,"height":1023,"url":"https:\/\/wordpress.ft.unicamp.br\/espgov\/wp-content\/uploads\/sites\/49\/2018\/10\/moodle-logo.png","type":"image\/png"}],"twitter_card":"summary_large_image","twitter_misc":{"Est. tempo de leitura":"2 minutos"},"schema":{"@context":"https:\/\/schema.org","@graph":[{"@type":"WebPage","@id":"https:\/\/wordpress.ft.unicamp.br\/espgov\/?page_id=35","url":"https:\/\/wordpress.ft.unicamp.br\/espgov\/?page_id=35","name":"Moodle - Governan\u00e7a de Tecnologia da Informa\u00e7\u00e3o","isPartOf":{"@id":"https:\/\/wordpress.ft.unicamp.br\/espgov\/#website"},"primaryImageOfPage":{"@id":"https:\/\/wordpress.ft.unicamp.br\/espgov\/?page_id=35#primaryimage"},"image":{"@id":"https:\/\/wordpress.ft.unicamp.br\/espgov\/?page_id=35#primaryimage"},"thumbnailUrl":"https:\/\/www.ft.unicamp.br\/~espgov\/wp-content\/uploads\/sites\/49\/2018\/10\/moodle-logo-300x77.png","datePublished":"2018-08-07T19:52:22+00:00","dateModified":"2025-06-13T23:23:05+00:00","breadcrumb":{"@id":"https:\/\/wordpress.ft.unicamp.br\/espgov\/?page_id=35#breadcrumb"},"inLanguage":"pt-BR","potentialAction":[{"@type":"ReadAction","target":["https:\/\/wordpress.ft.unicamp.br\/espgov\/?page_id=35"]}]},{"@type":"ImageObject","inLanguage":"pt-BR","@id":"https:\/\/wordpress.ft.unicamp.br\/espgov\/?page_id=35#primaryimage","url":"https:\/\/www.ft.unicamp.br\/~espgov\/wp-content\/uploads\/sites\/49\/2018\/10\/moodle-logo-300x77.png","contentUrl":"https:\/\/www.ft.unicamp.br\/~espgov\/wp-content\/uploads\/sites\/49\/2018\/10\/moodle-logo-300x77.png"},{"@type":"BreadcrumbList","@id":"https:\/\/wordpress.ft.unicamp.br\/espgov\/?page_id=35#breadcrumb","itemListElement":[{"@type":"ListItem","position":1,"name":"Home","item":"https:\/\/wordpress.ft.unicamp.br\/espgov\/"},{"@type":"ListItem","position":2,"name":"Moodle"}]},{"@type":"WebSite","@id":"https:\/\/wordpress.ft.unicamp.br\/espgov\/#website","url":"https:\/\/wordpress.ft.unicamp.br\/espgov\/","name":"Especializa\u00e7\u00e3o em Governan\u00e7a de TI","description":"Gest\u00e3o de TI: Servi\u00e7os; Dados; Seguran\u00e7a; (pr\u00e9 e p\u00f3s) Projetos; Inova\u00e7\u00e3o; Pessoas; Processos e Conhecimento","publisher":{"@id":"https:\/\/wordpress.ft.unicamp.br\/espgov\/#organization"},"potentialAction":[{"@type":"SearchAction","target":{"@type":"EntryPoint","urlTemplate":"https:\/\/wordpress.ft.unicamp.br\/espgov\/?s={search_term_string}"},"query-input":{"@type":"PropertyValueSpecification","valueRequired":true,"valueName":"search_term_string"}}],"inLanguage":"pt-BR"},{"@type":"Organization","@id":"https:\/\/wordpress.ft.unicamp.br\/espgov\/#organization","name":"UNICAMP","url":"https:\/\/wordpress.ft.unicamp.br\/espgov\/","logo":{"@type":"ImageObject","inLanguage":"pt-BR","@id":"https:\/\/wordpress.ft.unicamp.br\/espgov\/#\/schema\/logo\/image\/","url":"https:\/\/www.ft.unicamp.br\/~espgov\/wp-content\/uploads\/sites\/49\/2019\/09\/Unicamp-logo-2019.jpg","contentUrl":"https:\/\/www.ft.unicamp.br\/~espgov\/wp-content\/uploads\/sites\/49\/2019\/09\/Unicamp-logo-2019.jpg","width":200,"height":225,"caption":"UNICAMP"},"image":{"@id":"https:\/\/wordpress.ft.unicamp.br\/espgov\/#\/schema\/logo\/image\/"},"sameAs":["https:\/\/www.linkedin.com\/groups\/4397147"]}]}},"_links":{"self":[{"href":"https:\/\/wordpress.ft.unicamp.br\/espgov\/index.php?rest_route=\/wp\/v2\/pages\/35","targetHints":{"allow":["GET"]}}],"collection":[{"href":"https:\/\/wordpress.ft.unicamp.br\/espgov\/index.php?rest_route=\/wp\/v2\/pages"}],"about":[{"href":"https:\/\/wordpress.ft.unicamp.br\/espgov\/index.php?rest_route=\/wp\/v2\/types\/page"}],"author":[{"embeddable":true,"href":"https:\/\/wordpress.ft.unicamp.br\/espgov\/index.php?rest_route=\/wp\/v2\/users\/31"}],"replies":[{"embeddable":true,"href":"https:\/\/wordpress.ft.unicamp.br\/espgov\/index.php?rest_route=%2Fwp%2Fv2%2Fcomments&post=35"}],"version-history":[{"count":25,"href":"https:\/\/wordpress.ft.unicamp.br\/espgov\/index.php?rest_route=\/wp\/v2\/pages\/35\/revisions"}],"predecessor-version":[{"id":1307,"href":"https:\/\/wordpress.ft.unicamp.br\/espgov\/index.php?rest_route=\/wp\/v2\/pages\/35\/revisions\/1307"}],"wp:attachment":[{"href":"https:\/\/wordpress.ft.unicamp.br\/espgov\/index.php?rest_route=%2Fwp%2Fv2%2Fmedia&parent=35"}],"curies":[{"name":"wp","href":"https:\/\/api.w.org\/{rel}","templated":true}]}}