{"id":42,"date":"2018-08-07T19:53:19","date_gmt":"2018-08-07T19:53:19","guid":{"rendered":"http:\/\/wordpress.ft.unicamp.br\/espgov\/?page_id=42"},"modified":"2025-11-18T14:16:06","modified_gmt":"2025-11-18T14:16:06","slug":"faq","status":"publish","type":"page","link":"https:\/\/wordpress.ft.unicamp.br\/espgov\/?page_id=42","title":{"rendered":"FAQ"},"content":{"rendered":"<p><span style=\"font-size: x-small;color: #0000ff;background-color: #0000ff\">&#8212;&#8212;&#8212;&#8212;&#8212;&#8212;&#8212;&#8212;&#8212;&#8212;&#8212;&#8212;&#8212;&#8212;&#8212;&#8212;&#8212;&#8212;&#8212;&#8212;&#8212;<\/span><\/p>\n<ul>\n<li><span style=\"color: #66e0ff\">N\u00e3o tenho disponibilidade (total ou parcialmente) de tempo aos s\u00e1bados para estar nas aulas on-line aos s\u00e1bados, mesmo assim, posso realizar o curso?<br \/>\n<\/span>Sim. O(a) aluno(a) pode assistir durante a semana a todas as aulas ao vivo pois permanecem gravadas. Ao assisti-las poder\u00e1 registrar a sua presen\u00e7a no ambiente de estudo. As atividades avaliativas tamb\u00e9m podem ser entregues durante a semana.<\/li>\n<\/ul>\n<ul>\n<li><span style=\"color: #66e0ff\">Em que n\u00edvel de forma\u00e7\u00e3o continuada est\u00e1 posicionado o curso?<br \/>\n<\/span>O curso se coloca em posi\u00e7\u00e3o de interface entre a gradua\u00e7\u00e3o e as certifica\u00e7\u00f5es profissionais, preocupando-se com a empregabilidade ao aluno. O aluno que possui a gradua\u00e7\u00e3o encontrar\u00e1 no curso a oportunidade de aumentar o seu n\u00edvel de forma\u00e7\u00e3o profissional obtendo conhecimentos detalhados sobre a \u00e1rea de Governan\u00e7a e Gest\u00e3o de TI. Assim, poder\u00e1 se posicionar mais adequadamente para escolhas de tecnologias e solu\u00e7\u00f5es, que podem incluir a necessidade de certifica\u00e7\u00f5es.<br \/>\nO aluno que j\u00e1 possui certifica\u00e7\u00f5es encontrar\u00e1 no curso a oportunidade de generalizar os seus conhecimentos, ampliando sua vis\u00e3o de diversas tecnologias relacionadas com Governan\u00e7a e Gest\u00e3o de TI, desvinculando-se de solu\u00e7\u00f5es espec\u00edficas adotadas por empresas de tecnologia.<\/li>\n<\/ul>\n<ul>\n<li><span style=\"color: #66e0ff\">Como est\u00e1 a demanda no mercado de trabalho para um especialista em Governan\u00e7a e Gest\u00e3o de TI?<br \/>\n<\/span>De modo geral, a valoriza\u00e7\u00e3o do profissional especializado tem sido crescente no mercado de trabalho. Diversas pesquisas apontam uma demanda elevada e diversificada para os profissionais especialistas, al\u00e9m de boas remunera\u00e7\u00f5es.<\/li>\n<\/ul>\n<ul>\n<li><span style=\"color: #66e0ff\">O Curso tem oferecimento de turma no meio de um ano, para inicio no 2o. semestre?<br \/>\n<\/span>Sim. O curso de especialidade profissional tem dois oferecimentos ao ano, com inscri\u00e7\u00f5es sendo abertas a cada semestre.<\/li>\n<\/ul>\n<ul>\n<li><span style=\"color: #66e0ff\">H\u00e1 um limite m\u00e1ximo de alunos por turma. Ao fazer minha inscri\u00e7\u00e3o, notei que j\u00e1 h\u00e1 uma quantidade de inscritos acima da quantidade m\u00e1xima. \u00c9 poss\u00edvel que se consiga uma vaga para matricula mesmo neste caso ?<br \/>\n<\/span>Sim. Mesmo que j\u00e1 existam uma quantidade de inscritos acima do limite m\u00e1ximo de alunos, a ordem de inscri\u00e7\u00e3o n\u00e3o representa a ordem de sele\u00e7\u00e3o para matricula. Al\u00e9m disso, alunos selecionados podem n\u00e3o efetivar a matricula e tamb\u00e9m no conjunto de inscritos podem existir alunos n\u00e3o selecionados por n\u00e3o atender ao perfil.<\/li>\n<\/ul>\n<ul>\n<li><span style=\"color: #66e0ff\">Qual o n\u00edvel de conhecimento de Governan\u00e7a e Gest\u00e3o de TI necess\u00e1rio para realizar o curso?<br \/>\n<\/span>\u00c9 dif\u00edcil precisar um n\u00edvel de conhecimento, sem usar um m\u00e9todo de avalia\u00e7\u00e3o, mas espera-se que o aluno tenha\u00a0cursado ao menos 1 disciplina de Governan\u00e7a e Gest\u00e3o de TI em seu curso de gradua\u00e7\u00e3o, ou\u00a0realizado algum treinamento em qualquer n\u00edvel de atividade<\/li>\n<\/ul>\n<ul>\n<li><span style=\"color: #66e0ff\">A sele\u00e7\u00e3o de aceitos para matricula ocorre seguindo a ordem de inscri\u00e7\u00e3o do sistema da EXTECAMP?<br \/>\n<\/span>N\u00e3o. A sele\u00e7\u00e3o n\u00e3o prioriza o ordem das inscri\u00e7\u00f5es. A sele\u00e7\u00e3o de aceitos para matr\u00edcula segue crit\u00e9rios t\u00e9cnicos, com a avalia\u00e7\u00e3o do hist\u00f3rico acad\u00eamico e curr\u00edculo dos inscritos. A an\u00e1lise curricular envolve a avalia\u00e7\u00e3o das atividades profissionais exercidas pelos candidatos e o tempo de experi\u00eancia.<\/li>\n<\/ul>\n<ul>\n<li><span style=\"color: #66e0ff\">Qual \u00e9 a fase de carreira ideal para se fazer o curso?<br \/>\n<\/span>Depende do projeto de vida, mas entre as situa\u00e7\u00f5es mais comuns temos: O curso pode ser utilizando por rec\u00e9m-formados para potencializar o ingresso no mercado de trabalho; O curso pode destacar as compet\u00eancias que sustentam uma carreira em estabiliza\u00e7\u00e3o ou progress\u00e3o; O curso pode reciclar os conhecimentos daqueles que n\u00e3o acompanham as inova\u00e7\u00f5es tecnol\u00f3gicas a algum tempo; O curso pode ser utilizado para alterar os rumos profissionais, estabelecendo novos caminhos e fronteiras.<\/li>\n<\/ul>\n<ul>\n<li><span style=\"color: #66e0ff\">H\u00e1 possibilidade de bolsa de estudos ?<br \/>\n<\/span>Sim. O curso oferece bolsa de estudo parcial (em pequena quantidade) apenas para candidatos aceitos para matr\u00edcula que comprovem (por documentos) terem renda baixa, em compara\u00e7\u00e3o com o valor das parcelas mensais do curso, mas que tenham condi\u00e7\u00f5es de realizar e completar o curso pagando uma porcentagem do custo do curso. Toda solicita\u00e7\u00e3o de bolsa \u00e9 avaliada, ap\u00f3s aceita\u00e7\u00e3o de matricula, considerando a documenta\u00e7\u00e3o de renda apresentada e a disponibilidade de bolsa, dentro da cota dispon\u00edvel.<\/li>\n<\/ul>\n<ul>\n<li><span style=\"color: #66e0ff\">Al\u00e9m da mensalidade, terei custos com o material did\u00e1tico?<br \/>\n<\/span>N\u00e3o. Os materiais did\u00e1ticos utilizados no curso ficam dispon\u00edveis em formato digital, em webgroup site com acesso exclusivo. Al\u00e9m disso, como aluno da UNICAMP, voc\u00ea tem acesso a um grande acervo de livros das diversas bibliotecas da universidade para complementar os estudos.<\/li>\n<\/ul>\n<ul>\n<li><span style=\"color: #66e0ff\">Al\u00e9m do hor\u00e1rio programado para as aulas, o curso ir\u00e1 requer horas adicionais para atividades?<br \/>\n<\/span>Sim, \u00e9 necess\u00e1rio tempo adicional durante a semana para realiza\u00e7\u00e3o das pr\u00e1ticas, mas em quantidade vi\u00e1vel para quem tem que se dedicar ao trabalho e fam\u00edlia. O aluno deve gerenciar o seu tempo de dedica\u00e7\u00e3o ao curso. Considerando o volume e complexidade de conhecimento exigidos de um profissional que deseja ser um especialista em Governan\u00e7a e Gest\u00e3o de TI, ser\u00e1 necess\u00e1rio um tempo de dedica\u00e7\u00e3o, de acordo com cada disciplina, para a realiza\u00e7\u00e3o de estudos, pesquisas, programa\u00e7\u00e3o, projetos, instala\u00e7\u00f5es, simula\u00e7\u00f5es e etc., que podem ser realizadas individualmente ou em equipe, a crit\u00e9rio do professor. O aluno deve gerenciar o seu tempo para que aproveite ao m\u00e1ximo o curso sem preju\u00edzo de suas atividades profissionais, familiares e sociais.<\/li>\n<\/ul>\n<ul>\n<li><span style=\"color: #66e0ff\">Quais s\u00e3o as formas de pagamento ?<br \/>\n<\/span>H\u00e1 somente duas formas de pagamento. O pagamento do valor total do curso, na matr\u00edcula, ou o mesmo valor parcelado mensalmente at\u00e9 o termino do curso. Ambas as formas de pagamento s\u00e3o realizadas por boleto banc\u00e1rio. A empresa em que o aluno trabalha pode assumir total ou parcialmente o pagamento.<\/li>\n<\/ul>\n<ul>\n<li><span style=\"color: #66e0ff\">Onde \u00e9 realizado o curso ?<br \/>\n<\/span>O curso \u00e9 realizado com as aulas online sendo de responsabilidade da Faculdade de Tecnologia &#8211; FT da UNICAMP, cujo campus est\u00e1 localizado na cidade de Limeira\/SP.<\/li>\n<\/ul>\n<ul>\n<li><span style=\"color: #66e0ff\">O curso est\u00e1 inserido na modalidade p\u00f3s-gradua\u00e7\u00e3o Lato-Sensu ?<br \/>\n<\/span>N\u00e3o. A UNICAMP tem diversos modelos de oferecimento de cursos de extens\u00e3o. A Especialidade Profissional em Governan\u00e7a de TI est\u00e1 na modalidade Extens\u00e3o Universit\u00e1ria, sendo regulamentada pela Pr\u00f3-Reitoria de Extens\u00e3o. Os cursos desta modalidade s\u00e3o integrantes do sistema de ensino da UNICAMP com oferecimento sob demanda, quando h\u00e1 quantidade suficiente de alunos inscritos\/matriculados. Com disponibilidade abrangente em diversas \u00e1reas do conhecimento, estes cursos n\u00e3o s\u00e3o gratuitos e s\u00e3o destinados a portadores de diploma superior que tenham interesse pelo setor produtivo privado (cargos e fun\u00e7\u00f5es em empresas), para efeito de ingresso ou progress\u00e3o de carreira em empresas e corpora\u00e7\u00f5es que concorrem no mercado de trabalho.<br \/>\nDezenas de cursos oferecidos pela UNICAMP s\u00e3o na modalidade extens\u00e3o universit\u00e1ria. S\u00e3o cursos oferecidos a mais de 20 anos, tendo ampla aceita\u00e7\u00e3o e reconhecimento no setor produtivo privado, em todas as \u00e1reas de atua\u00e7\u00e3o, incluindo inform\u00e1tica e computa\u00e7\u00e3o.<\/li>\n<\/ul>\n<ul>\n<li><span style=\"color: #66e0ff\">O formado no curso pode ministrar aulas em institui\u00e7\u00f5es de ensino de n\u00edvel superior ?<br \/>\n<\/span>N\u00e3o. O curso de Governan\u00e7a de TI n\u00e3o tem o objetivo de preparar o aluno para a docente, pois todas as disciplinas s\u00e3o estritamente tecnol\u00f3gicas, n\u00e3o havendo disciplinas de cunho educacional\/pedag\u00f3gico. Contudo, o aluno pode ter as compet\u00eancias para a doc\u00eancia oriundas de outro curso e desta forma, agregar ambas as capacita\u00e7\u00f5es.<\/li>\n<\/ul>\n<ul>\n<li><span style=\"color: #66e0ff\">Porque o curso requer um trabalho de conclus\u00e3o, se ele n\u00e3o \u00e9 obrigat\u00f3rio para o modelo extens\u00e3o ?<br \/>\n<\/span>Para atingir ao objetivo pedag\u00f3gico, a coordena\u00e7\u00e3o elaborou o Projeto Pedag\u00f3gico do Curso (PPC) contemplando a realiza\u00e7\u00e3o obrigat\u00f3ria de um trabalho final, para que o aluno realize uma pesquisa pr\u00e1tica, com profundidade, sobre um tema de seu interesse dentro da \u00e1rea de Governan\u00e7a e Gest\u00e3o de TI, aplicando-o sobre as demandas atuais e futuras de seu trabalho em empresas.<\/li>\n<\/ul>\n<ul>\n<li><span style=\"color: #66e0ff\">Estou no \u00faltimo semestre de meu curso de gradua\u00e7\u00e3o. Posso realizar a inscri\u00e7\u00e3o mesmo n\u00e3o tendo conclu\u00eddo o curso ?<br \/>\n<\/span>N\u00e3o. O interessado dever\u00e1 ter conclu\u00eddo a sua gradua\u00e7\u00e3o at\u00e9 o in\u00edcio do curso. Recomenda-se que o interessado aguarde at\u00e9 possuir a confirma\u00e7\u00e3o, de sua institui\u00e7\u00e3o, que concluiu o curso de gradua\u00e7\u00e3o para ent\u00e3o fazer a inscri\u00e7\u00e3o e poder consolid\u00e1-la com o envio de todos os documentos.<\/li>\n<\/ul>\n<ul>\n<li><span style=\"color: #66e0ff\">N\u00e3o disponho de um dos documentos solicitados. Por exemplo, ainda n\u00e3o possuo declara\u00e7\u00e3o de conclus\u00e3o de curso. A matr\u00edcula \u00e9 poss\u00edvel neste caso ?<br \/>\n<\/span>N\u00e3o. Todos os documentos solicitados nas instru\u00e7\u00f5es de inscri\u00e7\u00e3o devem ser obrigatoriamente entregues. Caso haja falta de algum documento ao final do per\u00edodo de inscri\u00e7\u00e3o, a inscri\u00e7\u00e3o n\u00e3o ser\u00e1 aceita para o processo de sele\u00e7\u00e3o de matricula.<\/li>\n<\/ul>\n","protected":false},"excerpt":{"rendered":"<p>&#8212;&#8212;&#8212;&#8212;&#8212;&#8212;&#8212;&#8212;&#8212;&#8212;&#8212;&#8212;&#8212;&#8212;&#8212;&#8212;&#8212;&#8212;&#8212;&#8212;&#8212; N\u00e3o tenho disponibilidade (total ou parcialmente) de tempo aos s\u00e1bados para estar nas aulas on-line aos s\u00e1bados, mesmo assim, posso realizar o curso? Sim. O(a) aluno(a) pode assistir durante <a class=\"more-link\" href=\"https:\/\/wordpress.ft.unicamp.br\/espgov\/?page_id=42\">Continue Reading &rarr;<\/a><\/p>\n","protected":false},"author":31,"featured_media":0,"parent":0,"menu_order":0,"comment_status":"closed","ping_status":"closed","template":"","meta":{"footnotes":""},"class_list":["post-42","page","type-page","status-publish","hentry"],"yoast_head":"<!-- This site is optimized with the Yoast SEO plugin v27.5 - https:\/\/yoast.com\/product\/yoast-seo-wordpress\/ -->\n<title>FAQ - Governan\u00e7a de Tecnologia da Informa\u00e7\u00e3o<\/title>\n<meta name=\"robots\" content=\"index, follow, max-snippet:-1, max-image-preview:large, max-video-preview:-1\" \/>\n<link rel=\"canonical\" href=\"https:\/\/wordpress.ft.unicamp.br\/espgov\/?page_id=42\" \/>\n<meta property=\"og:locale\" content=\"pt_BR\" \/>\n<meta property=\"og:type\" content=\"article\" \/>\n<meta property=\"og:title\" content=\"FAQ - Governan\u00e7a de Tecnologia da Informa\u00e7\u00e3o\" \/>\n<meta property=\"og:description\" content=\"&#8212;&#8212;&#8212;&#8212;&#8212;&#8212;&#8212;&#8212;&#8212;&#8212;&#8212;&#8212;&#8212;&#8212;&#8212;&#8212;&#8212;&#8212;&#8212;&#8212;&#8212; N\u00e3o tenho disponibilidade (total ou parcialmente) de tempo aos s\u00e1bados para estar nas aulas on-line aos s\u00e1bados, mesmo assim, posso realizar o curso? Sim. O(a) aluno(a) pode assistir durante Continue Reading &rarr;\" \/>\n<meta property=\"og:url\" content=\"https:\/\/wordpress.ft.unicamp.br\/espgov\/?page_id=42\" \/>\n<meta property=\"og:site_name\" content=\"Governan\u00e7a de Tecnologia da Informa\u00e7\u00e3o\" \/>\n<meta property=\"article:modified_time\" content=\"2025-11-18T14:16:06+00:00\" \/>\n<meta name=\"twitter:card\" content=\"summary_large_image\" \/>\n<meta name=\"twitter:label1\" content=\"Est. tempo de leitura\" \/>\n\t<meta name=\"twitter:data1\" content=\"8 minutos\" \/>\n<script type=\"application\/ld+json\" class=\"yoast-schema-graph\">{\"@context\":\"https:\\\/\\\/schema.org\",\"@graph\":[{\"@type\":\"WebPage\",\"@id\":\"https:\\\/\\\/wordpress.ft.unicamp.br\\\/espgov\\\/?page_id=42\",\"url\":\"https:\\\/\\\/wordpress.ft.unicamp.br\\\/espgov\\\/?page_id=42\",\"name\":\"FAQ - Governan\u00e7a de Tecnologia da Informa\u00e7\u00e3o\",\"isPartOf\":{\"@id\":\"https:\\\/\\\/wordpress.ft.unicamp.br\\\/espgov\\\/#website\"},\"datePublished\":\"2018-08-07T19:53:19+00:00\",\"dateModified\":\"2025-11-18T14:16:06+00:00\",\"breadcrumb\":{\"@id\":\"https:\\\/\\\/wordpress.ft.unicamp.br\\\/espgov\\\/?page_id=42#breadcrumb\"},\"inLanguage\":\"pt-BR\",\"potentialAction\":[{\"@type\":\"ReadAction\",\"target\":[\"https:\\\/\\\/wordpress.ft.unicamp.br\\\/espgov\\\/?page_id=42\"]}]},{\"@type\":\"BreadcrumbList\",\"@id\":\"https:\\\/\\\/wordpress.ft.unicamp.br\\\/espgov\\\/?page_id=42#breadcrumb\",\"itemListElement\":[{\"@type\":\"ListItem\",\"position\":1,\"name\":\"Home\",\"item\":\"https:\\\/\\\/wordpress.ft.unicamp.br\\\/espgov\\\/\"},{\"@type\":\"ListItem\",\"position\":2,\"name\":\"FAQ\"}]},{\"@type\":\"WebSite\",\"@id\":\"https:\\\/\\\/wordpress.ft.unicamp.br\\\/espgov\\\/#website\",\"url\":\"https:\\\/\\\/wordpress.ft.unicamp.br\\\/espgov\\\/\",\"name\":\"Especializa\u00e7\u00e3o em Governan\u00e7a de TI\",\"description\":\"Gest\u00e3o de TI: Servi\u00e7os; Dados; Seguran\u00e7a; (pr\u00e9 e p\u00f3s) Projetos; Inova\u00e7\u00e3o; Pessoas; Processos e Conhecimento\",\"publisher\":{\"@id\":\"https:\\\/\\\/wordpress.ft.unicamp.br\\\/espgov\\\/#organization\"},\"potentialAction\":[{\"@type\":\"SearchAction\",\"target\":{\"@type\":\"EntryPoint\",\"urlTemplate\":\"https:\\\/\\\/wordpress.ft.unicamp.br\\\/espgov\\\/?s={search_term_string}\"},\"query-input\":{\"@type\":\"PropertyValueSpecification\",\"valueRequired\":true,\"valueName\":\"search_term_string\"}}],\"inLanguage\":\"pt-BR\"},{\"@type\":\"Organization\",\"@id\":\"https:\\\/\\\/wordpress.ft.unicamp.br\\\/espgov\\\/#organization\",\"name\":\"UNICAMP\",\"url\":\"https:\\\/\\\/wordpress.ft.unicamp.br\\\/espgov\\\/\",\"logo\":{\"@type\":\"ImageObject\",\"inLanguage\":\"pt-BR\",\"@id\":\"https:\\\/\\\/wordpress.ft.unicamp.br\\\/espgov\\\/#\\\/schema\\\/logo\\\/image\\\/\",\"url\":\"https:\\\/\\\/www.ft.unicamp.br\\\/~espgov\\\/wp-content\\\/uploads\\\/sites\\\/49\\\/2019\\\/09\\\/Unicamp-logo-2019.jpg\",\"contentUrl\":\"https:\\\/\\\/www.ft.unicamp.br\\\/~espgov\\\/wp-content\\\/uploads\\\/sites\\\/49\\\/2019\\\/09\\\/Unicamp-logo-2019.jpg\",\"width\":200,\"height\":225,\"caption\":\"UNICAMP\"},\"image\":{\"@id\":\"https:\\\/\\\/wordpress.ft.unicamp.br\\\/espgov\\\/#\\\/schema\\\/logo\\\/image\\\/\"},\"sameAs\":[\"https:\\\/\\\/www.linkedin.com\\\/groups\\\/4397147\"]}]}<\/script>\n<!-- \/ Yoast SEO plugin. -->","yoast_head_json":{"title":"FAQ - Governan\u00e7a de Tecnologia da Informa\u00e7\u00e3o","robots":{"index":"index","follow":"follow","max-snippet":"max-snippet:-1","max-image-preview":"max-image-preview:large","max-video-preview":"max-video-preview:-1"},"canonical":"https:\/\/wordpress.ft.unicamp.br\/espgov\/?page_id=42","og_locale":"pt_BR","og_type":"article","og_title":"FAQ - Governan\u00e7a de Tecnologia da Informa\u00e7\u00e3o","og_description":"&#8212;&#8212;&#8212;&#8212;&#8212;&#8212;&#8212;&#8212;&#8212;&#8212;&#8212;&#8212;&#8212;&#8212;&#8212;&#8212;&#8212;&#8212;&#8212;&#8212;&#8212; N\u00e3o tenho disponibilidade (total ou parcialmente) de tempo aos s\u00e1bados para estar nas aulas on-line aos s\u00e1bados, mesmo assim, posso realizar o curso? Sim. O(a) aluno(a) pode assistir durante Continue Reading &rarr;","og_url":"https:\/\/wordpress.ft.unicamp.br\/espgov\/?page_id=42","og_site_name":"Governan\u00e7a de Tecnologia da Informa\u00e7\u00e3o","article_modified_time":"2025-11-18T14:16:06+00:00","twitter_card":"summary_large_image","twitter_misc":{"Est. tempo de leitura":"8 minutos"},"schema":{"@context":"https:\/\/schema.org","@graph":[{"@type":"WebPage","@id":"https:\/\/wordpress.ft.unicamp.br\/espgov\/?page_id=42","url":"https:\/\/wordpress.ft.unicamp.br\/espgov\/?page_id=42","name":"FAQ - Governan\u00e7a de Tecnologia da Informa\u00e7\u00e3o","isPartOf":{"@id":"https:\/\/wordpress.ft.unicamp.br\/espgov\/#website"},"datePublished":"2018-08-07T19:53:19+00:00","dateModified":"2025-11-18T14:16:06+00:00","breadcrumb":{"@id":"https:\/\/wordpress.ft.unicamp.br\/espgov\/?page_id=42#breadcrumb"},"inLanguage":"pt-BR","potentialAction":[{"@type":"ReadAction","target":["https:\/\/wordpress.ft.unicamp.br\/espgov\/?page_id=42"]}]},{"@type":"BreadcrumbList","@id":"https:\/\/wordpress.ft.unicamp.br\/espgov\/?page_id=42#breadcrumb","itemListElement":[{"@type":"ListItem","position":1,"name":"Home","item":"https:\/\/wordpress.ft.unicamp.br\/espgov\/"},{"@type":"ListItem","position":2,"name":"FAQ"}]},{"@type":"WebSite","@id":"https:\/\/wordpress.ft.unicamp.br\/espgov\/#website","url":"https:\/\/wordpress.ft.unicamp.br\/espgov\/","name":"Especializa\u00e7\u00e3o em Governan\u00e7a de TI","description":"Gest\u00e3o de TI: Servi\u00e7os; Dados; Seguran\u00e7a; (pr\u00e9 e p\u00f3s) Projetos; Inova\u00e7\u00e3o; Pessoas; Processos e Conhecimento","publisher":{"@id":"https:\/\/wordpress.ft.unicamp.br\/espgov\/#organization"},"potentialAction":[{"@type":"SearchAction","target":{"@type":"EntryPoint","urlTemplate":"https:\/\/wordpress.ft.unicamp.br\/espgov\/?s={search_term_string}"},"query-input":{"@type":"PropertyValueSpecification","valueRequired":true,"valueName":"search_term_string"}}],"inLanguage":"pt-BR"},{"@type":"Organization","@id":"https:\/\/wordpress.ft.unicamp.br\/espgov\/#organization","name":"UNICAMP","url":"https:\/\/wordpress.ft.unicamp.br\/espgov\/","logo":{"@type":"ImageObject","inLanguage":"pt-BR","@id":"https:\/\/wordpress.ft.unicamp.br\/espgov\/#\/schema\/logo\/image\/","url":"https:\/\/www.ft.unicamp.br\/~espgov\/wp-content\/uploads\/sites\/49\/2019\/09\/Unicamp-logo-2019.jpg","contentUrl":"https:\/\/www.ft.unicamp.br\/~espgov\/wp-content\/uploads\/sites\/49\/2019\/09\/Unicamp-logo-2019.jpg","width":200,"height":225,"caption":"UNICAMP"},"image":{"@id":"https:\/\/wordpress.ft.unicamp.br\/espgov\/#\/schema\/logo\/image\/"},"sameAs":["https:\/\/www.linkedin.com\/groups\/4397147"]}]}},"_links":{"self":[{"href":"https:\/\/wordpress.ft.unicamp.br\/espgov\/index.php?rest_route=\/wp\/v2\/pages\/42","targetHints":{"allow":["GET"]}}],"collection":[{"href":"https:\/\/wordpress.ft.unicamp.br\/espgov\/index.php?rest_route=\/wp\/v2\/pages"}],"about":[{"href":"https:\/\/wordpress.ft.unicamp.br\/espgov\/index.php?rest_route=\/wp\/v2\/types\/page"}],"author":[{"embeddable":true,"href":"https:\/\/wordpress.ft.unicamp.br\/espgov\/index.php?rest_route=\/wp\/v2\/users\/31"}],"replies":[{"embeddable":true,"href":"https:\/\/wordpress.ft.unicamp.br\/espgov\/index.php?rest_route=%2Fwp%2Fv2%2Fcomments&post=42"}],"version-history":[{"count":23,"href":"https:\/\/wordpress.ft.unicamp.br\/espgov\/index.php?rest_route=\/wp\/v2\/pages\/42\/revisions"}],"predecessor-version":[{"id":1423,"href":"https:\/\/wordpress.ft.unicamp.br\/espgov\/index.php?rest_route=\/wp\/v2\/pages\/42\/revisions\/1423"}],"wp:attachment":[{"href":"https:\/\/wordpress.ft.unicamp.br\/espgov\/index.php?rest_route=%2Fwp%2Fv2%2Fmedia&parent=42"}],"curies":[{"name":"wp","href":"https:\/\/api.w.org\/{rel}","templated":true}]}}