{"id":104,"date":"2021-11-24T13:27:25","date_gmt":"2021-11-24T13:27:25","guid":{"rendered":"https:\/\/wordpress.ft.unicamp.br\/espho\/?page_id=104"},"modified":"2021-11-24T13:27:25","modified_gmt":"2021-11-24T13:27:25","slug":"investimento","status":"publish","type":"page","link":"https:\/\/wordpress.ft.unicamp.br\/espho\/investimento\/","title":{"rendered":"Investimento"},"content":{"rendered":"","protected":false},"excerpt":{"rendered":"","protected":false},"author":81,"featured_media":0,"parent":0,"menu_order":0,"comment_status":"closed","ping_status":"closed","template":"","meta":{"footnotes":""},"class_list":["post-104","page","type-page","status-publish","hentry"],"yoast_head":"<!-- This site is optimized with the Yoast SEO plugin v27.3 - https:\/\/yoast.com\/product\/yoast-seo-wordpress\/ -->\n<title>Investimento - Especialidade Profissional em Higiene Ocupacional<\/title>\n<meta name=\"description\" content=\"O valor do investimento \u00e9 de R$15.804,24, pagos em 24 parcelas de R$658,51 contra a emiss\u00e3o de boleto banc\u00e1rio. Primeira parcela a ser paga em 15\/03\/2022.\" \/>\n<meta name=\"robots\" content=\"index, follow, max-snippet:-1, max-image-preview:large, max-video-preview:-1\" \/>\n<link rel=\"canonical\" href=\"https:\/\/wordpress.ft.unicamp.br\/espho\/investimento\/\" \/>\n<meta property=\"og:locale\" content=\"pt_BR\" \/>\n<meta property=\"og:type\" content=\"article\" \/>\n<meta property=\"og:title\" content=\"Investimento - Especialidade Profissional em Higiene Ocupacional\" \/>\n<meta property=\"og:description\" content=\"O valor do investimento \u00e9 de R$15.804,24, pagos em 24 parcelas de R$658,51 contra a emiss\u00e3o de boleto banc\u00e1rio. Primeira parcela a ser paga em 15\/03\/2022.\" \/>\n<meta property=\"og:url\" content=\"https:\/\/wordpress.ft.unicamp.br\/espho\/investimento\/\" \/>\n<meta property=\"og:site_name\" content=\"Especialidade Profissional em Higiene Ocupacional\" \/>\n<meta name=\"twitter:card\" content=\"summary_large_image\" \/>\n<script type=\"application\/ld+json\" class=\"yoast-schema-graph\">{\"@context\":\"https:\\\/\\\/schema.org\",\"@graph\":[{\"@type\":\"WebPage\",\"@id\":\"https:\\\/\\\/wordpress.ft.unicamp.br\\\/espho\\\/investimento\\\/\",\"url\":\"https:\\\/\\\/wordpress.ft.unicamp.br\\\/espho\\\/investimento\\\/\",\"name\":\"Investimento - Especialidade Profissional em Higiene Ocupacional\",\"isPartOf\":{\"@id\":\"https:\\\/\\\/wordpress.ft.unicamp.br\\\/espho\\\/#website\"},\"datePublished\":\"2021-11-24T13:27:25+00:00\",\"description\":\"O valor do investimento \u00e9 de R$15.804,24, pagos em 24 parcelas de R$658,51 contra a emiss\u00e3o de boleto banc\u00e1rio. Primeira parcela a ser paga em 15\\\/03\\\/2022.\",\"breadcrumb\":{\"@id\":\"https:\\\/\\\/wordpress.ft.unicamp.br\\\/espho\\\/investimento\\\/#breadcrumb\"},\"inLanguage\":\"pt-BR\",\"potentialAction\":[{\"@type\":\"ReadAction\",\"target\":[\"https:\\\/\\\/wordpress.ft.unicamp.br\\\/espho\\\/investimento\\\/\"]}]},{\"@type\":\"BreadcrumbList\",\"@id\":\"https:\\\/\\\/wordpress.ft.unicamp.br\\\/espho\\\/investimento\\\/#breadcrumb\",\"itemListElement\":[{\"@type\":\"ListItem\",\"position\":1,\"name\":\"Home\",\"item\":\"https:\\\/\\\/wordpress.ft.unicamp.br\\\/espho\\\/\"},{\"@type\":\"ListItem\",\"position\":2,\"name\":\"Investimento\"}]},{\"@type\":\"WebSite\",\"@id\":\"https:\\\/\\\/wordpress.ft.unicamp.br\\\/espho\\\/#website\",\"url\":\"https:\\\/\\\/wordpress.ft.unicamp.br\\\/espho\\\/\",\"name\":\"Especialidade Profissional em Higiene Ocupacional\",\"description\":\"Faculdade de Tecnologia - UNICAMP\",\"potentialAction\":[{\"@type\":\"SearchAction\",\"target\":{\"@type\":\"EntryPoint\",\"urlTemplate\":\"https:\\\/\\\/wordpress.ft.unicamp.br\\\/espho\\\/?s={search_term_string}\"},\"query-input\":{\"@type\":\"PropertyValueSpecification\",\"valueRequired\":true,\"valueName\":\"search_term_string\"}}],\"inLanguage\":\"pt-BR\"}]}<\/script>\n<!-- \/ Yoast SEO plugin. -->","yoast_head_json":{"title":"Investimento - Especialidade Profissional em Higiene Ocupacional","description":"O valor do investimento \u00e9 de R$15.804,24, pagos em 24 parcelas de R$658,51 contra a emiss\u00e3o de boleto banc\u00e1rio. Primeira parcela a ser paga em 15\/03\/2022.","robots":{"index":"index","follow":"follow","max-snippet":"max-snippet:-1","max-image-preview":"max-image-preview:large","max-video-preview":"max-video-preview:-1"},"canonical":"https:\/\/wordpress.ft.unicamp.br\/espho\/investimento\/","og_locale":"pt_BR","og_type":"article","og_title":"Investimento - Especialidade Profissional em Higiene Ocupacional","og_description":"O valor do investimento \u00e9 de R$15.804,24, pagos em 24 parcelas de R$658,51 contra a emiss\u00e3o de boleto banc\u00e1rio. Primeira parcela a ser paga em 15\/03\/2022.","og_url":"https:\/\/wordpress.ft.unicamp.br\/espho\/investimento\/","og_site_name":"Especialidade Profissional em Higiene Ocupacional","twitter_card":"summary_large_image","schema":{"@context":"https:\/\/schema.org","@graph":[{"@type":"WebPage","@id":"https:\/\/wordpress.ft.unicamp.br\/espho\/investimento\/","url":"https:\/\/wordpress.ft.unicamp.br\/espho\/investimento\/","name":"Investimento - Especialidade Profissional em Higiene Ocupacional","isPartOf":{"@id":"https:\/\/wordpress.ft.unicamp.br\/espho\/#website"},"datePublished":"2021-11-24T13:27:25+00:00","description":"O valor do investimento \u00e9 de R$15.804,24, pagos em 24 parcelas de R$658,51 contra a emiss\u00e3o de boleto banc\u00e1rio. Primeira parcela a ser paga em 15\/03\/2022.","breadcrumb":{"@id":"https:\/\/wordpress.ft.unicamp.br\/espho\/investimento\/#breadcrumb"},"inLanguage":"pt-BR","potentialAction":[{"@type":"ReadAction","target":["https:\/\/wordpress.ft.unicamp.br\/espho\/investimento\/"]}]},{"@type":"BreadcrumbList","@id":"https:\/\/wordpress.ft.unicamp.br\/espho\/investimento\/#breadcrumb","itemListElement":[{"@type":"ListItem","position":1,"name":"Home","item":"https:\/\/wordpress.ft.unicamp.br\/espho\/"},{"@type":"ListItem","position":2,"name":"Investimento"}]},{"@type":"WebSite","@id":"https:\/\/wordpress.ft.unicamp.br\/espho\/#website","url":"https:\/\/wordpress.ft.unicamp.br\/espho\/","name":"Especialidade Profissional em Higiene Ocupacional","description":"Faculdade de Tecnologia - UNICAMP","potentialAction":[{"@type":"SearchAction","target":{"@type":"EntryPoint","urlTemplate":"https:\/\/wordpress.ft.unicamp.br\/espho\/?s={search_term_string}"},"query-input":{"@type":"PropertyValueSpecification","valueRequired":true,"valueName":"search_term_string"}}],"inLanguage":"pt-BR"}]}},"_links":{"self":[{"href":"https:\/\/wordpress.ft.unicamp.br\/espho\/wp-json\/wp\/v2\/pages\/104","targetHints":{"allow":["GET"]}}],"collection":[{"href":"https:\/\/wordpress.ft.unicamp.br\/espho\/wp-json\/wp\/v2\/pages"}],"about":[{"href":"https:\/\/wordpress.ft.unicamp.br\/espho\/wp-json\/wp\/v2\/types\/page"}],"author":[{"embeddable":true,"href":"https:\/\/wordpress.ft.unicamp.br\/espho\/wp-json\/wp\/v2\/users\/81"}],"replies":[{"embeddable":true,"href":"https:\/\/wordpress.ft.unicamp.br\/espho\/wp-json\/wp\/v2\/comments?post=104"}],"version-history":[{"count":1,"href":"https:\/\/wordpress.ft.unicamp.br\/espho\/wp-json\/wp\/v2\/pages\/104\/revisions"}],"predecessor-version":[{"id":105,"href":"https:\/\/wordpress.ft.unicamp.br\/espho\/wp-json\/wp\/v2\/pages\/104\/revisions\/105"}],"wp:attachment":[{"href":"https:\/\/wordpress.ft.unicamp.br\/espho\/wp-json\/wp\/v2\/media?parent=104"}],"curies":[{"name":"wp","href":"https:\/\/api.w.org\/{rel}","templated":true}]}}