{"id":13,"date":"2015-10-14T18:12:39","date_gmt":"2015-10-14T18:12:39","guid":{"rendered":"http:\/\/www.ft.unicamp.br\/espho\/?page_id=2"},"modified":"2021-11-24T13:52:33","modified_gmt":"2021-11-24T13:52:33","slug":"pagina-exemplo","status":"publish","type":"page","link":"https:\/\/wordpress.ft.unicamp.br\/espho\/","title":{"rendered":"Objetivos"},"content":{"rendered":"<p>Ambientes saud\u00e1veis de trabalho que n\u00e3o gerem doen\u00e7as ocupacionais t\u00eam sido uma busca cada vez mais valorizada nas organiza\u00e7\u00f5es. Cientes de sua responsabilidade social, a par do lucro que as empresas buscam auferir, a sa\u00fade e o bem-estar daqueles que com elas alcan\u00e7am seus objetivos est\u00e1 cada vez mais em evid\u00eancia. E os gestores sabem que pessoas mais saud\u00e1veis trabalham melhor, mais satisfeitas e atingem resultados mais expressivos.<\/p>\n<p>O curso de P\u00f3s-Gradua\u00e7\u00e3o em Higiene Ocupacional, modalidade Especialidade Profissional, tem o objetivo de contribuir com a melhoria dos ambientes de trabalho das empresas com a forma\u00e7\u00e3o de especialistas que a partir da identifica\u00e7\u00e3o, an\u00e1lise e avalia\u00e7\u00e3o dos riscos ambientais possam sugerir medidas para sua elimina\u00e7\u00e3o e\/ou controle.<\/p>\n<p>Para tanto, o curso visa a fornecer aos profissionais de n\u00edvel superior, de diversas \u00e1reas afetas ao tema, conhecimentos espec\u00edficos em higiene ocupacional, de modo a estarem capacitados a identificar, analisar, avaliar e propor tratamento dos riscos relacionados \u00e0 exposi\u00e7\u00e3o de trabalhadores a agentes f\u00edsicos, qu\u00edmicos e biol\u00f3gicos originados nos ambientes de trabalho.<\/p>\n<p>Com isso, pretende-se formar especialistas em Higiene Ocupacional com a capacidade t\u00e9cnica para a solu\u00e7\u00e3o dos riscos que possam causar danos \u00e0 sa\u00fade dos trabalhadores nos mais diversos ambientes de trabalho. Tamb\u00e9m tem-se a inten\u00e7\u00e3o de contribuir com a vis\u00e3o estrat\u00e9gica de profissionais para, em conjunto com as empresas, definirem as melhores solu\u00e7\u00f5es na promo\u00e7\u00e3o de ambientes favor\u00e1veis ao bom desempenho e \u00e0 produtividade. Como consequ\u00eancia, previne-se tamb\u00e9m poss\u00edveis passivos trabalhistas das organiza\u00e7\u00f5es em rela\u00e7\u00e3o a seus trabalhadores.<\/p>\n<p>A conclus\u00e3o do curso se dar\u00e1 com a integraliza\u00e7\u00e3o de todas as disciplinas (360 h\/aula) em um prazo m\u00e1ximo de 4&nbsp;semestres. Caso o aluno n\u00e3o consiga a integraliza\u00e7\u00e3o neste prazo m\u00e1ximo, dever\u00e1 realizar nova matr\u00edcula em turma subsequente para realizar as disciplinas faltantes.<\/p>\n","protected":false},"excerpt":{"rendered":"<p>Ambientes saud\u00e1veis de trabalho que n\u00e3o gerem doen\u00e7as ocupacionais t\u00eam sido uma busca cada vez mais valorizada nas organiza\u00e7\u00f5es. Cientes de sua responsabilidade social, a par do lucro que as empresas buscam auferir, a sa\u00fade e o bem-estar daqueles que com elas alcan\u00e7am seus objetivos est\u00e1 cada vez mais em evid\u00eancia. E os gestores sabem &hellip; <a href=\"https:\/\/wordpress.ft.unicamp.br\/espho\/\" class=\"more-link\">Continue lendo <span class=\"screen-reader-text\">Objetivos<\/span> <span class=\"meta-nav\">&rarr;<\/span><\/a><\/p>\n","protected":false},"author":1,"featured_media":0,"parent":0,"menu_order":0,"comment_status":"closed","ping_status":"open","template":"","meta":{"footnotes":""},"class_list":["post-13","page","type-page","status-publish","hentry"],"yoast_head":"<!-- This site is optimized with the Yoast SEO plugin v27.2 - https:\/\/yoast.com\/product\/yoast-seo-wordpress\/ -->\n<title>Objetivos - Especialidade Profissional em Higiene Ocupacional<\/title>\n<meta name=\"robots\" content=\"index, follow, max-snippet:-1, max-image-preview:large, max-video-preview:-1\" \/>\n<link rel=\"canonical\" href=\"https:\/\/wordpress.ft.unicamp.br\/espho\/\" \/>\n<meta property=\"og:locale\" content=\"pt_BR\" \/>\n<meta property=\"og:type\" content=\"article\" \/>\n<meta property=\"og:title\" content=\"Objetivos - Especialidade Profissional em Higiene Ocupacional\" \/>\n<meta property=\"og:description\" content=\"Ambientes saud\u00e1veis de trabalho que n\u00e3o gerem doen\u00e7as ocupacionais t\u00eam sido uma busca cada vez mais valorizada nas organiza\u00e7\u00f5es. Cientes de sua responsabilidade social, a par do lucro que as empresas buscam auferir, a sa\u00fade e o bem-estar daqueles que com elas alcan\u00e7am seus objetivos est\u00e1 cada vez mais em evid\u00eancia. E os gestores sabem &hellip; Continue lendo Objetivos &rarr;\" \/>\n<meta property=\"og:url\" content=\"https:\/\/wordpress.ft.unicamp.br\/espho\/\" \/>\n<meta property=\"og:site_name\" content=\"Especialidade Profissional em Higiene Ocupacional\" \/>\n<meta property=\"article:modified_time\" content=\"2021-11-24T13:52:33+00:00\" \/>\n<meta name=\"twitter:card\" content=\"summary_large_image\" \/>\n<meta name=\"twitter:label1\" content=\"Est. tempo de leitura\" \/>\n\t<meta name=\"twitter:data1\" content=\"2 minutos\" \/>\n<script type=\"application\/ld+json\" class=\"yoast-schema-graph\">{\"@context\":\"https:\/\/schema.org\",\"@graph\":[{\"@type\":\"WebPage\",\"@id\":\"https:\/\/wordpress.ft.unicamp.br\/espho\/\",\"url\":\"https:\/\/wordpress.ft.unicamp.br\/espho\/\",\"name\":\"Objetivos - Especialidade Profissional em Higiene Ocupacional\",\"isPartOf\":{\"@id\":\"https:\/\/wordpress.ft.unicamp.br\/espho\/#website\"},\"datePublished\":\"2015-10-14T18:12:39+00:00\",\"dateModified\":\"2021-11-24T13:52:33+00:00\",\"breadcrumb\":{\"@id\":\"https:\/\/wordpress.ft.unicamp.br\/espho\/#breadcrumb\"},\"inLanguage\":\"pt-BR\",\"potentialAction\":[{\"@type\":\"ReadAction\",\"target\":[\"https:\/\/wordpress.ft.unicamp.br\/espho\/\"]}]},{\"@type\":\"BreadcrumbList\",\"@id\":\"https:\/\/wordpress.ft.unicamp.br\/espho\/#breadcrumb\",\"itemListElement\":[{\"@type\":\"ListItem\",\"position\":1,\"name\":\"Home\",\"item\":\"https:\/\/wordpress.ft.unicamp.br\/espho\/\"},{\"@type\":\"ListItem\",\"position\":2,\"name\":\"Objetivos\"}]},{\"@type\":\"WebSite\",\"@id\":\"https:\/\/wordpress.ft.unicamp.br\/espho\/#website\",\"url\":\"https:\/\/wordpress.ft.unicamp.br\/espho\/\",\"name\":\"Especialidade Profissional em Higiene Ocupacional\",\"description\":\"Faculdade de Tecnologia - UNICAMP\",\"potentialAction\":[{\"@type\":\"SearchAction\",\"target\":{\"@type\":\"EntryPoint\",\"urlTemplate\":\"https:\/\/wordpress.ft.unicamp.br\/espho\/?s={search_term_string}\"},\"query-input\":{\"@type\":\"PropertyValueSpecification\",\"valueRequired\":true,\"valueName\":\"search_term_string\"}}],\"inLanguage\":\"pt-BR\"}]}<\/script>\n<!-- \/ Yoast SEO plugin. -->","yoast_head_json":{"title":"Objetivos - Especialidade Profissional em Higiene Ocupacional","robots":{"index":"index","follow":"follow","max-snippet":"max-snippet:-1","max-image-preview":"max-image-preview:large","max-video-preview":"max-video-preview:-1"},"canonical":"https:\/\/wordpress.ft.unicamp.br\/espho\/","og_locale":"pt_BR","og_type":"article","og_title":"Objetivos - Especialidade Profissional em Higiene Ocupacional","og_description":"Ambientes saud\u00e1veis de trabalho que n\u00e3o gerem doen\u00e7as ocupacionais t\u00eam sido uma busca cada vez mais valorizada nas organiza\u00e7\u00f5es. Cientes de sua responsabilidade social, a par do lucro que as empresas buscam auferir, a sa\u00fade e o bem-estar daqueles que com elas alcan\u00e7am seus objetivos est\u00e1 cada vez mais em evid\u00eancia. E os gestores sabem &hellip; Continue lendo Objetivos &rarr;","og_url":"https:\/\/wordpress.ft.unicamp.br\/espho\/","og_site_name":"Especialidade Profissional em Higiene Ocupacional","article_modified_time":"2021-11-24T13:52:33+00:00","twitter_card":"summary_large_image","twitter_misc":{"Est. tempo de leitura":"2 minutos"},"schema":{"@context":"https:\/\/schema.org","@graph":[{"@type":"WebPage","@id":"https:\/\/wordpress.ft.unicamp.br\/espho\/","url":"https:\/\/wordpress.ft.unicamp.br\/espho\/","name":"Objetivos - Especialidade Profissional em Higiene Ocupacional","isPartOf":{"@id":"https:\/\/wordpress.ft.unicamp.br\/espho\/#website"},"datePublished":"2015-10-14T18:12:39+00:00","dateModified":"2021-11-24T13:52:33+00:00","breadcrumb":{"@id":"https:\/\/wordpress.ft.unicamp.br\/espho\/#breadcrumb"},"inLanguage":"pt-BR","potentialAction":[{"@type":"ReadAction","target":["https:\/\/wordpress.ft.unicamp.br\/espho\/"]}]},{"@type":"BreadcrumbList","@id":"https:\/\/wordpress.ft.unicamp.br\/espho\/#breadcrumb","itemListElement":[{"@type":"ListItem","position":1,"name":"Home","item":"https:\/\/wordpress.ft.unicamp.br\/espho\/"},{"@type":"ListItem","position":2,"name":"Objetivos"}]},{"@type":"WebSite","@id":"https:\/\/wordpress.ft.unicamp.br\/espho\/#website","url":"https:\/\/wordpress.ft.unicamp.br\/espho\/","name":"Especialidade Profissional em Higiene Ocupacional","description":"Faculdade de Tecnologia - UNICAMP","potentialAction":[{"@type":"SearchAction","target":{"@type":"EntryPoint","urlTemplate":"https:\/\/wordpress.ft.unicamp.br\/espho\/?s={search_term_string}"},"query-input":{"@type":"PropertyValueSpecification","valueRequired":true,"valueName":"search_term_string"}}],"inLanguage":"pt-BR"}]}},"_links":{"self":[{"href":"https:\/\/wordpress.ft.unicamp.br\/espho\/wp-json\/wp\/v2\/pages\/13","targetHints":{"allow":["GET"]}}],"collection":[{"href":"https:\/\/wordpress.ft.unicamp.br\/espho\/wp-json\/wp\/v2\/pages"}],"about":[{"href":"https:\/\/wordpress.ft.unicamp.br\/espho\/wp-json\/wp\/v2\/types\/page"}],"author":[{"embeddable":true,"href":"https:\/\/wordpress.ft.unicamp.br\/espho\/wp-json\/wp\/v2\/users\/1"}],"replies":[{"embeddable":true,"href":"https:\/\/wordpress.ft.unicamp.br\/espho\/wp-json\/wp\/v2\/comments?post=13"}],"version-history":[{"count":4,"href":"https:\/\/wordpress.ft.unicamp.br\/espho\/wp-json\/wp\/v2\/pages\/13\/revisions"}],"predecessor-version":[{"id":103,"href":"https:\/\/wordpress.ft.unicamp.br\/espho\/wp-json\/wp\/v2\/pages\/13\/revisions\/103"}],"wp:attachment":[{"href":"https:\/\/wordpress.ft.unicamp.br\/espho\/wp-json\/wp\/v2\/media?parent=13"}],"curies":[{"name":"wp","href":"https:\/\/api.w.org\/{rel}","templated":true}]}}