{"id":14,"date":"2015-10-15T16:30:59","date_gmt":"2015-10-15T16:30:59","guid":{"rendered":"http:\/\/www.ft.unicamp.br\/espho\/?page_id=11"},"modified":"2021-11-24T12:31:55","modified_gmt":"2021-11-24T12:31:55","slug":"disciplinas","status":"publish","type":"page","link":"https:\/\/wordpress.ft.unicamp.br\/espho\/disciplinas\/","title":{"rendered":"Disciplinas"},"content":{"rendered":"<ul>\n<li>Introdu\u00e7\u00e3o \u00e0 higiene ocupacional \u2013 16 horas.<\/li>\n<li>T\u00f3picos de sa\u00fade ambiental, de sa\u00fade p\u00fablica e de sa\u00fade ocupacional \u2013 40 horas.<\/li>\n<li>Estat\u00edstica aplicada \u00e0 sa\u00fade e \u00e0 confiabilidade de amostragens e dados \u2013 16 horas.<\/li>\n<li>T\u00f3picos de preven\u00e7\u00e3o de acidentes do trabalho e aspectos psicossociais associados \u00e0 preven\u00e7\u00e3o de acidentes e doen\u00e7as ocupacionais \u2013 24 horas.<\/li>\n<li>Legisla\u00e7\u00e3o aplicada \u00e0 higiene ocupacional \u2013 16 horas.<\/li>\n<li>Higiene ocupacional I \u2013 riscos f\u00edsicos: ru\u00eddo e vibra\u00e7\u00f5es \/ reconhecimento e controle \u2013 40 horas.<\/li>\n<li>Higiene ocupacional II \u2013 riscos f\u00edsicos: calor, frio e umidade \/ reconhecimento e controle \u2013 16 horas.<\/li>\n<li>Higiene ocupacional III \u2013 riscos f\u00edsicos: radia\u00e7\u00f5es n\u00e3o-ionizantes e radia\u00e7\u00f5es ionizantes \/ reconhecimento e controle \u2013 40 horas.<\/li>\n<li>Higiene ocupacional IV \u2013 riscos qu\u00edmicos e biol\u00f3gicos: agentes qu\u00edmicos e biol\u00f3gicos \/ reconhecimento e controle \u2013 32 horas.<\/li>\n<li>Laborat\u00f3rio de higiene ocupacional \u2013 agentes f\u00edsicos e qu\u00edmicos \/ utiliza\u00e7\u00e3o de equipamentos de avalia\u00e7\u00e3o e an\u00e1lises laboratoriais \u2013 32 horas.<\/li>\n<li>Introdu\u00e7\u00e3o a m\u00e9todos pr\u00e1ticos de ventila\u00e7\u00e3o ambiental \u2013 16 horas.<\/li>\n<li>T\u00f3picos de Ger\u00eancia de Riscos \u2013 16 horas.<\/li>\n<li>Elabora\u00e7\u00e3o e gest\u00e3o do Programa de Gerenciamento de Riscos &#8211; PGR com foco em riscos f\u00edsicos, qu\u00edmicos e biol\u00f3gicos e sistemas de gest\u00e3o volunt\u00e1rios: ISO 14000 e ISO 45001 \u2013 24 horas.<\/li>\n<li>Trabalho de Conclus\u00e3o de Curso &#8211; TCC \u2013 32 horas.<\/li>\n<\/ul>\n","protected":false},"excerpt":{"rendered":"<p>Introdu\u00e7\u00e3o \u00e0 higiene ocupacional \u2013 16 horas. T\u00f3picos de sa\u00fade ambiental, de sa\u00fade p\u00fablica e de sa\u00fade ocupacional \u2013 40 horas. Estat\u00edstica aplicada \u00e0 sa\u00fade e \u00e0 confiabilidade de amostragens e dados \u2013 16 horas. T\u00f3picos de preven\u00e7\u00e3o de acidentes do trabalho e aspectos psicossociais associados \u00e0 preven\u00e7\u00e3o de acidentes e doen\u00e7as ocupacionais \u2013 24 &hellip; <a href=\"https:\/\/wordpress.ft.unicamp.br\/espho\/disciplinas\/\" class=\"more-link\">Continue lendo <span class=\"screen-reader-text\">Disciplinas<\/span> <span class=\"meta-nav\">&rarr;<\/span><\/a><\/p>\n","protected":false},"author":56,"featured_media":0,"parent":0,"menu_order":1,"comment_status":"closed","ping_status":"closed","template":"","meta":{"footnotes":""},"class_list":["post-14","page","type-page","status-publish","hentry"],"yoast_head":"<!-- This site is optimized with the Yoast SEO plugin v27.2 - https:\/\/yoast.com\/product\/yoast-seo-wordpress\/ -->\n<title>Disciplinas - Especialidade Profissional em Higiene Ocupacional<\/title>\n<meta name=\"robots\" content=\"index, follow, max-snippet:-1, max-image-preview:large, max-video-preview:-1\" \/>\n<link rel=\"canonical\" href=\"https:\/\/wordpress.ft.unicamp.br\/espho\/disciplinas\/\" \/>\n<meta property=\"og:locale\" content=\"pt_BR\" \/>\n<meta property=\"og:type\" content=\"article\" \/>\n<meta property=\"og:title\" content=\"Disciplinas - Especialidade Profissional em Higiene Ocupacional\" \/>\n<meta property=\"og:description\" content=\"Introdu\u00e7\u00e3o \u00e0 higiene ocupacional \u2013 16 horas. T\u00f3picos de sa\u00fade ambiental, de sa\u00fade p\u00fablica e de sa\u00fade ocupacional \u2013 40 horas. Estat\u00edstica aplicada \u00e0 sa\u00fade e \u00e0 confiabilidade de amostragens e dados \u2013 16 horas. T\u00f3picos de preven\u00e7\u00e3o de acidentes do trabalho e aspectos psicossociais associados \u00e0 preven\u00e7\u00e3o de acidentes e doen\u00e7as ocupacionais \u2013 24 &hellip; Continue lendo Disciplinas &rarr;\" \/>\n<meta property=\"og:url\" content=\"https:\/\/wordpress.ft.unicamp.br\/espho\/disciplinas\/\" \/>\n<meta property=\"og:site_name\" content=\"Especialidade Profissional em Higiene Ocupacional\" \/>\n<meta property=\"article:modified_time\" content=\"2021-11-24T12:31:55+00:00\" \/>\n<meta name=\"twitter:card\" content=\"summary_large_image\" \/>\n<meta name=\"twitter:label1\" content=\"Est. tempo de leitura\" \/>\n\t<meta name=\"twitter:data1\" content=\"1 minuto\" \/>\n<script type=\"application\/ld+json\" class=\"yoast-schema-graph\">{\"@context\":\"https:\/\/schema.org\",\"@graph\":[{\"@type\":\"WebPage\",\"@id\":\"https:\/\/wordpress.ft.unicamp.br\/espho\/disciplinas\/\",\"url\":\"https:\/\/wordpress.ft.unicamp.br\/espho\/disciplinas\/\",\"name\":\"Disciplinas - Especialidade Profissional em Higiene Ocupacional\",\"isPartOf\":{\"@id\":\"https:\/\/wordpress.ft.unicamp.br\/espho\/#website\"},\"datePublished\":\"2015-10-15T16:30:59+00:00\",\"dateModified\":\"2021-11-24T12:31:55+00:00\",\"breadcrumb\":{\"@id\":\"https:\/\/wordpress.ft.unicamp.br\/espho\/disciplinas\/#breadcrumb\"},\"inLanguage\":\"pt-BR\",\"potentialAction\":[{\"@type\":\"ReadAction\",\"target\":[\"https:\/\/wordpress.ft.unicamp.br\/espho\/disciplinas\/\"]}]},{\"@type\":\"BreadcrumbList\",\"@id\":\"https:\/\/wordpress.ft.unicamp.br\/espho\/disciplinas\/#breadcrumb\",\"itemListElement\":[{\"@type\":\"ListItem\",\"position\":1,\"name\":\"Home\",\"item\":\"https:\/\/wordpress.ft.unicamp.br\/espho\/\"},{\"@type\":\"ListItem\",\"position\":2,\"name\":\"Disciplinas\"}]},{\"@type\":\"WebSite\",\"@id\":\"https:\/\/wordpress.ft.unicamp.br\/espho\/#website\",\"url\":\"https:\/\/wordpress.ft.unicamp.br\/espho\/\",\"name\":\"Especialidade Profissional em Higiene Ocupacional\",\"description\":\"Faculdade de Tecnologia - UNICAMP\",\"potentialAction\":[{\"@type\":\"SearchAction\",\"target\":{\"@type\":\"EntryPoint\",\"urlTemplate\":\"https:\/\/wordpress.ft.unicamp.br\/espho\/?s={search_term_string}\"},\"query-input\":{\"@type\":\"PropertyValueSpecification\",\"valueRequired\":true,\"valueName\":\"search_term_string\"}}],\"inLanguage\":\"pt-BR\"}]}<\/script>\n<!-- \/ Yoast SEO plugin. -->","yoast_head_json":{"title":"Disciplinas - Especialidade Profissional em Higiene Ocupacional","robots":{"index":"index","follow":"follow","max-snippet":"max-snippet:-1","max-image-preview":"max-image-preview:large","max-video-preview":"max-video-preview:-1"},"canonical":"https:\/\/wordpress.ft.unicamp.br\/espho\/disciplinas\/","og_locale":"pt_BR","og_type":"article","og_title":"Disciplinas - Especialidade Profissional em Higiene Ocupacional","og_description":"Introdu\u00e7\u00e3o \u00e0 higiene ocupacional \u2013 16 horas. T\u00f3picos de sa\u00fade ambiental, de sa\u00fade p\u00fablica e de sa\u00fade ocupacional \u2013 40 horas. Estat\u00edstica aplicada \u00e0 sa\u00fade e \u00e0 confiabilidade de amostragens e dados \u2013 16 horas. T\u00f3picos de preven\u00e7\u00e3o de acidentes do trabalho e aspectos psicossociais associados \u00e0 preven\u00e7\u00e3o de acidentes e doen\u00e7as ocupacionais \u2013 24 &hellip; Continue lendo Disciplinas &rarr;","og_url":"https:\/\/wordpress.ft.unicamp.br\/espho\/disciplinas\/","og_site_name":"Especialidade Profissional em Higiene Ocupacional","article_modified_time":"2021-11-24T12:31:55+00:00","twitter_card":"summary_large_image","twitter_misc":{"Est. tempo de leitura":"1 minuto"},"schema":{"@context":"https:\/\/schema.org","@graph":[{"@type":"WebPage","@id":"https:\/\/wordpress.ft.unicamp.br\/espho\/disciplinas\/","url":"https:\/\/wordpress.ft.unicamp.br\/espho\/disciplinas\/","name":"Disciplinas - Especialidade Profissional em Higiene Ocupacional","isPartOf":{"@id":"https:\/\/wordpress.ft.unicamp.br\/espho\/#website"},"datePublished":"2015-10-15T16:30:59+00:00","dateModified":"2021-11-24T12:31:55+00:00","breadcrumb":{"@id":"https:\/\/wordpress.ft.unicamp.br\/espho\/disciplinas\/#breadcrumb"},"inLanguage":"pt-BR","potentialAction":[{"@type":"ReadAction","target":["https:\/\/wordpress.ft.unicamp.br\/espho\/disciplinas\/"]}]},{"@type":"BreadcrumbList","@id":"https:\/\/wordpress.ft.unicamp.br\/espho\/disciplinas\/#breadcrumb","itemListElement":[{"@type":"ListItem","position":1,"name":"Home","item":"https:\/\/wordpress.ft.unicamp.br\/espho\/"},{"@type":"ListItem","position":2,"name":"Disciplinas"}]},{"@type":"WebSite","@id":"https:\/\/wordpress.ft.unicamp.br\/espho\/#website","url":"https:\/\/wordpress.ft.unicamp.br\/espho\/","name":"Especialidade Profissional em Higiene Ocupacional","description":"Faculdade de Tecnologia - UNICAMP","potentialAction":[{"@type":"SearchAction","target":{"@type":"EntryPoint","urlTemplate":"https:\/\/wordpress.ft.unicamp.br\/espho\/?s={search_term_string}"},"query-input":{"@type":"PropertyValueSpecification","valueRequired":true,"valueName":"search_term_string"}}],"inLanguage":"pt-BR"}]}},"_links":{"self":[{"href":"https:\/\/wordpress.ft.unicamp.br\/espho\/wp-json\/wp\/v2\/pages\/14","targetHints":{"allow":["GET"]}}],"collection":[{"href":"https:\/\/wordpress.ft.unicamp.br\/espho\/wp-json\/wp\/v2\/pages"}],"about":[{"href":"https:\/\/wordpress.ft.unicamp.br\/espho\/wp-json\/wp\/v2\/types\/page"}],"author":[{"embeddable":true,"href":"https:\/\/wordpress.ft.unicamp.br\/espho\/wp-json\/wp\/v2\/users\/56"}],"replies":[{"embeddable":true,"href":"https:\/\/wordpress.ft.unicamp.br\/espho\/wp-json\/wp\/v2\/comments?post=14"}],"version-history":[{"count":1,"href":"https:\/\/wordpress.ft.unicamp.br\/espho\/wp-json\/wp\/v2\/pages\/14\/revisions"}],"predecessor-version":[{"id":90,"href":"https:\/\/wordpress.ft.unicamp.br\/espho\/wp-json\/wp\/v2\/pages\/14\/revisions\/90"}],"wp:attachment":[{"href":"https:\/\/wordpress.ft.unicamp.br\/espho\/wp-json\/wp\/v2\/media?parent=14"}],"curies":[{"name":"wp","href":"https:\/\/api.w.org\/{rel}","templated":true}]}}