{"id":15,"date":"2015-10-15T16:32:07","date_gmt":"2015-10-15T16:32:07","guid":{"rendered":"http:\/\/www.ft.unicamp.br\/espho\/?page_id=13"},"modified":"2024-01-05T21:45:38","modified_gmt":"2024-01-05T21:45:38","slug":"publico","status":"publish","type":"page","link":"https:\/\/wordpress.ft.unicamp.br\/espho\/publico\/","title":{"rendered":"P\u00fablico"},"content":{"rendered":"<p>Em fun\u00e7\u00e3o do car\u00e1ter multidisciplinar da Higiene Ocupacional e dos temas por ela abordados, optou-se por oferecer a oportunidade da realiza\u00e7\u00e3o da especialidade profissional para profissionais de n\u00edvel superior de diversas \u00e1reas de forma\u00e7\u00e3o interessados no tema e que com ele tem alguma interface.<\/p>\n<p>A UNICAMP, atrav\u00e9s de sua Diretoria Acad\u00eamica (DAC), emitir\u00e1 certificado de especialista profissional para o aluno aprovado em todas as disciplinas do curso de Especializa\u00e7\u00e3o. Para aprova\u00e7\u00e3o, o limite m\u00ednimo de frequ\u00eancia para cada disciplina \u00e9 de 75% (setenta e cinco por cento) e a nota m\u00ednima para aprova\u00e7\u00e3o \u00e9 7,0 (sete), em uma escala de 0 a 10.<\/p>\n<p>O certificado indicar\u00e1 que o aluno concluiu o curso de Higiene Ocupacional na modalidade Especialidade Profissional.<\/p>\n","protected":false},"excerpt":{"rendered":"<p>Em fun\u00e7\u00e3o do car\u00e1ter multidisciplinar da Higiene Ocupacional e dos temas por ela abordados, optou-se por oferecer a oportunidade da realiza\u00e7\u00e3o da especialidade profissional para profissionais de n\u00edvel superior de diversas \u00e1reas de forma\u00e7\u00e3o interessados no tema e que com ele tem alguma interface. A UNICAMP, atrav\u00e9s de sua Diretoria Acad\u00eamica (DAC), emitir\u00e1 certificado de &hellip; <a href=\"https:\/\/wordpress.ft.unicamp.br\/espho\/publico\/\" class=\"more-link\">Continue lendo <span class=\"screen-reader-text\">P\u00fablico<\/span> <span class=\"meta-nav\">&rarr;<\/span><\/a><\/p>\n","protected":false},"author":56,"featured_media":0,"parent":0,"menu_order":3,"comment_status":"closed","ping_status":"closed","template":"","meta":{"footnotes":""},"class_list":["post-15","page","type-page","status-publish","hentry"],"yoast_head":"<!-- This site is optimized with the Yoast SEO plugin v27.2 - https:\/\/yoast.com\/product\/yoast-seo-wordpress\/ -->\n<title>P\u00fablico - Especialidade Profissional em Higiene Ocupacional<\/title>\n<meta name=\"robots\" content=\"index, follow, max-snippet:-1, max-image-preview:large, max-video-preview:-1\" \/>\n<link rel=\"canonical\" href=\"https:\/\/wordpress.ft.unicamp.br\/espho\/publico\/\" \/>\n<meta property=\"og:locale\" content=\"pt_BR\" \/>\n<meta property=\"og:type\" content=\"article\" \/>\n<meta property=\"og:title\" content=\"P\u00fablico - Especialidade Profissional em Higiene Ocupacional\" \/>\n<meta property=\"og:description\" content=\"Em fun\u00e7\u00e3o do car\u00e1ter multidisciplinar da Higiene Ocupacional e dos temas por ela abordados, optou-se por oferecer a oportunidade da realiza\u00e7\u00e3o da especialidade profissional para profissionais de n\u00edvel superior de diversas \u00e1reas de forma\u00e7\u00e3o interessados no tema e que com ele tem alguma interface. A UNICAMP, atrav\u00e9s de sua Diretoria Acad\u00eamica (DAC), emitir\u00e1 certificado de &hellip; Continue lendo P\u00fablico &rarr;\" \/>\n<meta property=\"og:url\" content=\"https:\/\/wordpress.ft.unicamp.br\/espho\/publico\/\" \/>\n<meta property=\"og:site_name\" content=\"Especialidade Profissional em Higiene Ocupacional\" \/>\n<meta property=\"article:modified_time\" content=\"2024-01-05T21:45:38+00:00\" \/>\n<meta name=\"twitter:card\" content=\"summary_large_image\" \/>\n<meta name=\"twitter:label1\" content=\"Est. tempo de leitura\" \/>\n\t<meta name=\"twitter:data1\" content=\"1 minuto\" \/>\n<script type=\"application\/ld+json\" class=\"yoast-schema-graph\">{\"@context\":\"https:\/\/schema.org\",\"@graph\":[{\"@type\":\"WebPage\",\"@id\":\"https:\/\/wordpress.ft.unicamp.br\/espho\/publico\/\",\"url\":\"https:\/\/wordpress.ft.unicamp.br\/espho\/publico\/\",\"name\":\"P\u00fablico - Especialidade Profissional em Higiene Ocupacional\",\"isPartOf\":{\"@id\":\"https:\/\/wordpress.ft.unicamp.br\/espho\/#website\"},\"datePublished\":\"2015-10-15T16:32:07+00:00\",\"dateModified\":\"2024-01-05T21:45:38+00:00\",\"breadcrumb\":{\"@id\":\"https:\/\/wordpress.ft.unicamp.br\/espho\/publico\/#breadcrumb\"},\"inLanguage\":\"pt-BR\",\"potentialAction\":[{\"@type\":\"ReadAction\",\"target\":[\"https:\/\/wordpress.ft.unicamp.br\/espho\/publico\/\"]}]},{\"@type\":\"BreadcrumbList\",\"@id\":\"https:\/\/wordpress.ft.unicamp.br\/espho\/publico\/#breadcrumb\",\"itemListElement\":[{\"@type\":\"ListItem\",\"position\":1,\"name\":\"Home\",\"item\":\"https:\/\/wordpress.ft.unicamp.br\/espho\/\"},{\"@type\":\"ListItem\",\"position\":2,\"name\":\"P\u00fablico\"}]},{\"@type\":\"WebSite\",\"@id\":\"https:\/\/wordpress.ft.unicamp.br\/espho\/#website\",\"url\":\"https:\/\/wordpress.ft.unicamp.br\/espho\/\",\"name\":\"Especialidade Profissional em Higiene Ocupacional\",\"description\":\"Faculdade de Tecnologia - UNICAMP\",\"potentialAction\":[{\"@type\":\"SearchAction\",\"target\":{\"@type\":\"EntryPoint\",\"urlTemplate\":\"https:\/\/wordpress.ft.unicamp.br\/espho\/?s={search_term_string}\"},\"query-input\":{\"@type\":\"PropertyValueSpecification\",\"valueRequired\":true,\"valueName\":\"search_term_string\"}}],\"inLanguage\":\"pt-BR\"}]}<\/script>\n<!-- \/ Yoast SEO plugin. -->","yoast_head_json":{"title":"P\u00fablico - Especialidade Profissional em Higiene Ocupacional","robots":{"index":"index","follow":"follow","max-snippet":"max-snippet:-1","max-image-preview":"max-image-preview:large","max-video-preview":"max-video-preview:-1"},"canonical":"https:\/\/wordpress.ft.unicamp.br\/espho\/publico\/","og_locale":"pt_BR","og_type":"article","og_title":"P\u00fablico - Especialidade Profissional em Higiene Ocupacional","og_description":"Em fun\u00e7\u00e3o do car\u00e1ter multidisciplinar da Higiene Ocupacional e dos temas por ela abordados, optou-se por oferecer a oportunidade da realiza\u00e7\u00e3o da especialidade profissional para profissionais de n\u00edvel superior de diversas \u00e1reas de forma\u00e7\u00e3o interessados no tema e que com ele tem alguma interface. A UNICAMP, atrav\u00e9s de sua Diretoria Acad\u00eamica (DAC), emitir\u00e1 certificado de &hellip; Continue lendo P\u00fablico &rarr;","og_url":"https:\/\/wordpress.ft.unicamp.br\/espho\/publico\/","og_site_name":"Especialidade Profissional em Higiene Ocupacional","article_modified_time":"2024-01-05T21:45:38+00:00","twitter_card":"summary_large_image","twitter_misc":{"Est. tempo de leitura":"1 minuto"},"schema":{"@context":"https:\/\/schema.org","@graph":[{"@type":"WebPage","@id":"https:\/\/wordpress.ft.unicamp.br\/espho\/publico\/","url":"https:\/\/wordpress.ft.unicamp.br\/espho\/publico\/","name":"P\u00fablico - Especialidade Profissional em Higiene Ocupacional","isPartOf":{"@id":"https:\/\/wordpress.ft.unicamp.br\/espho\/#website"},"datePublished":"2015-10-15T16:32:07+00:00","dateModified":"2024-01-05T21:45:38+00:00","breadcrumb":{"@id":"https:\/\/wordpress.ft.unicamp.br\/espho\/publico\/#breadcrumb"},"inLanguage":"pt-BR","potentialAction":[{"@type":"ReadAction","target":["https:\/\/wordpress.ft.unicamp.br\/espho\/publico\/"]}]},{"@type":"BreadcrumbList","@id":"https:\/\/wordpress.ft.unicamp.br\/espho\/publico\/#breadcrumb","itemListElement":[{"@type":"ListItem","position":1,"name":"Home","item":"https:\/\/wordpress.ft.unicamp.br\/espho\/"},{"@type":"ListItem","position":2,"name":"P\u00fablico"}]},{"@type":"WebSite","@id":"https:\/\/wordpress.ft.unicamp.br\/espho\/#website","url":"https:\/\/wordpress.ft.unicamp.br\/espho\/","name":"Especialidade Profissional em Higiene Ocupacional","description":"Faculdade de Tecnologia - UNICAMP","potentialAction":[{"@type":"SearchAction","target":{"@type":"EntryPoint","urlTemplate":"https:\/\/wordpress.ft.unicamp.br\/espho\/?s={search_term_string}"},"query-input":{"@type":"PropertyValueSpecification","valueRequired":true,"valueName":"search_term_string"}}],"inLanguage":"pt-BR"}]}},"_links":{"self":[{"href":"https:\/\/wordpress.ft.unicamp.br\/espho\/wp-json\/wp\/v2\/pages\/15","targetHints":{"allow":["GET"]}}],"collection":[{"href":"https:\/\/wordpress.ft.unicamp.br\/espho\/wp-json\/wp\/v2\/pages"}],"about":[{"href":"https:\/\/wordpress.ft.unicamp.br\/espho\/wp-json\/wp\/v2\/types\/page"}],"author":[{"embeddable":true,"href":"https:\/\/wordpress.ft.unicamp.br\/espho\/wp-json\/wp\/v2\/users\/56"}],"replies":[{"embeddable":true,"href":"https:\/\/wordpress.ft.unicamp.br\/espho\/wp-json\/wp\/v2\/comments?post=15"}],"version-history":[{"count":3,"href":"https:\/\/wordpress.ft.unicamp.br\/espho\/wp-json\/wp\/v2\/pages\/15\/revisions"}],"predecessor-version":[{"id":140,"href":"https:\/\/wordpress.ft.unicamp.br\/espho\/wp-json\/wp\/v2\/pages\/15\/revisions\/140"}],"wp:attachment":[{"href":"https:\/\/wordpress.ft.unicamp.br\/espho\/wp-json\/wp\/v2\/media?parent=15"}],"curies":[{"name":"wp","href":"https:\/\/api.w.org\/{rel}","templated":true}]}}