{"id":16,"date":"2015-10-15T16:32:44","date_gmt":"2015-10-15T16:32:44","guid":{"rendered":"http:\/\/www.ft.unicamp.br\/espho\/?page_id=15"},"modified":"2021-11-24T13:46:26","modified_gmt":"2021-11-24T13:46:26","slug":"docentes","status":"publish","type":"page","link":"https:\/\/wordpress.ft.unicamp.br\/espho\/docentes\/","title":{"rendered":"Docentes"},"content":{"rendered":"<ul>\n<li style=\"list-style-type: none\">\n<ul>\n<li>Amleto Landucci J\u00fanior \u2013 FACULDADES INTEGRADAS DE ARARAQUARA.<\/li>\n<li>C\u00e9sar Castro \u2013 S\u00c3O JUDAS \/ EXCELSU-INPG.<\/li>\n<li>Ilerson Mello \u2013 Coordenador de Higiene Ocupacional e Seguran\u00e7a do Produto para a Am\u00e9rica Latina na RHODIA POLIAMIDA E ESPECIALIDADES S.A.<\/li>\n<li>Jos\u00e9 C. Lameira Ottero \u2013 Higienista Ocupacional Certificado pela ASSOCIA\u00c7\u00c3O BRASILEIRA DE HIGIENISTAS OCUPACIONAIS &#8211; ABHO .<\/li>\n<li>Luiz Carlos de Miranda J\u00fanior \u2013 UNICAP\/FT \u2013 Higienista Ocupacional Certificado pela ASSOCIA\u00c7\u00c3O BRASILEIRA DE HIGIENISTAS OCUPACIONAIS &#8211; ABHO.<\/li>\n<li>Marcos A. B. Martins \u2013 Higienista Ocupacional Certificado pela ASSOCIA\u00c7\u00c3O BRASILEIRA DE HIGIENISTAS OCUPACIONAIS &#8211; ABHO.<\/li>\n<li>Mario Luiz Fantazzini \u2013 Higienista Ocupacional Certificado pela ASSOCIA\u00c7\u00c3O BRASILEIRA DE HIGIENISTAS OCUPACIONAIS &#8211; ABHO.<\/li>\n<li>Rafael Lanaro \u2013 UNICAMP\/FCM.<\/li>\n<li>Satoshi\u00a0<span class=\"m_7924759866672941686spelle\">Kitamura<\/span> \u2013 UNICAMP\/FCM.<\/li>\n<li>Stelamaris Rolla Bertoli \u2013 UNICAMP\/FEC.<\/li>\n<\/ul>\n<\/li>\n<\/ul>\n","protected":false},"excerpt":{"rendered":"<p>Amleto Landucci J\u00fanior \u2013 FACULDADES INTEGRADAS DE ARARAQUARA. C\u00e9sar Castro \u2013 S\u00c3O JUDAS \/ EXCELSU-INPG. Ilerson Mello \u2013 Coordenador de Higiene Ocupacional e Seguran\u00e7a do Produto para a Am\u00e9rica Latina na RHODIA POLIAMIDA E ESPECIALIDADES S.A. Jos\u00e9 C. Lameira Ottero \u2013 Higienista Ocupacional Certificado pela ASSOCIA\u00c7\u00c3O BRASILEIRA DE HIGIENISTAS OCUPACIONAIS &#8211; ABHO . Luiz Carlos &hellip; <a href=\"https:\/\/wordpress.ft.unicamp.br\/espho\/docentes\/\" class=\"more-link\">Continue lendo <span class=\"screen-reader-text\">Docentes<\/span> <span class=\"meta-nav\">&rarr;<\/span><\/a><\/p>\n","protected":false},"author":56,"featured_media":0,"parent":0,"menu_order":2,"comment_status":"closed","ping_status":"closed","template":"","meta":{"footnotes":""},"class_list":["post-16","page","type-page","status-publish","hentry"],"yoast_head":"<!-- This site is optimized with the Yoast SEO plugin v27.2 - https:\/\/yoast.com\/product\/yoast-seo-wordpress\/ -->\n<title>Docentes - Especialidade Profissional em Higiene Ocupacional<\/title>\n<meta name=\"robots\" content=\"index, follow, max-snippet:-1, max-image-preview:large, max-video-preview:-1\" \/>\n<link rel=\"canonical\" href=\"https:\/\/wordpress.ft.unicamp.br\/espho\/docentes\/\" \/>\n<meta property=\"og:locale\" content=\"pt_BR\" \/>\n<meta property=\"og:type\" content=\"article\" \/>\n<meta property=\"og:title\" content=\"Docentes - Especialidade Profissional em Higiene Ocupacional\" \/>\n<meta property=\"og:description\" content=\"Amleto Landucci J\u00fanior \u2013 FACULDADES INTEGRADAS DE ARARAQUARA. C\u00e9sar Castro \u2013 S\u00c3O JUDAS \/ EXCELSU-INPG. Ilerson Mello \u2013 Coordenador de Higiene Ocupacional e Seguran\u00e7a do Produto para a Am\u00e9rica Latina na RHODIA POLIAMIDA E ESPECIALIDADES S.A. Jos\u00e9 C. Lameira Ottero \u2013 Higienista Ocupacional Certificado pela ASSOCIA\u00c7\u00c3O BRASILEIRA DE HIGIENISTAS OCUPACIONAIS &#8211; ABHO . Luiz Carlos &hellip; Continue lendo Docentes &rarr;\" \/>\n<meta property=\"og:url\" content=\"https:\/\/wordpress.ft.unicamp.br\/espho\/docentes\/\" \/>\n<meta property=\"og:site_name\" content=\"Especialidade Profissional em Higiene Ocupacional\" \/>\n<meta property=\"article:modified_time\" content=\"2021-11-24T13:46:26+00:00\" \/>\n<meta name=\"twitter:card\" content=\"summary_large_image\" \/>\n<meta name=\"twitter:label1\" content=\"Est. tempo de leitura\" \/>\n\t<meta name=\"twitter:data1\" content=\"1 minuto\" \/>\n<script type=\"application\/ld+json\" class=\"yoast-schema-graph\">{\"@context\":\"https:\/\/schema.org\",\"@graph\":[{\"@type\":\"WebPage\",\"@id\":\"https:\/\/wordpress.ft.unicamp.br\/espho\/docentes\/\",\"url\":\"https:\/\/wordpress.ft.unicamp.br\/espho\/docentes\/\",\"name\":\"Docentes - Especialidade Profissional em Higiene Ocupacional\",\"isPartOf\":{\"@id\":\"https:\/\/wordpress.ft.unicamp.br\/espho\/#website\"},\"datePublished\":\"2015-10-15T16:32:44+00:00\",\"dateModified\":\"2021-11-24T13:46:26+00:00\",\"breadcrumb\":{\"@id\":\"https:\/\/wordpress.ft.unicamp.br\/espho\/docentes\/#breadcrumb\"},\"inLanguage\":\"pt-BR\",\"potentialAction\":[{\"@type\":\"ReadAction\",\"target\":[\"https:\/\/wordpress.ft.unicamp.br\/espho\/docentes\/\"]}]},{\"@type\":\"BreadcrumbList\",\"@id\":\"https:\/\/wordpress.ft.unicamp.br\/espho\/docentes\/#breadcrumb\",\"itemListElement\":[{\"@type\":\"ListItem\",\"position\":1,\"name\":\"Home\",\"item\":\"https:\/\/wordpress.ft.unicamp.br\/espho\/\"},{\"@type\":\"ListItem\",\"position\":2,\"name\":\"Docentes\"}]},{\"@type\":\"WebSite\",\"@id\":\"https:\/\/wordpress.ft.unicamp.br\/espho\/#website\",\"url\":\"https:\/\/wordpress.ft.unicamp.br\/espho\/\",\"name\":\"Especialidade Profissional em Higiene Ocupacional\",\"description\":\"Faculdade de Tecnologia - UNICAMP\",\"potentialAction\":[{\"@type\":\"SearchAction\",\"target\":{\"@type\":\"EntryPoint\",\"urlTemplate\":\"https:\/\/wordpress.ft.unicamp.br\/espho\/?s={search_term_string}\"},\"query-input\":{\"@type\":\"PropertyValueSpecification\",\"valueRequired\":true,\"valueName\":\"search_term_string\"}}],\"inLanguage\":\"pt-BR\"}]}<\/script>\n<!-- \/ Yoast SEO plugin. -->","yoast_head_json":{"title":"Docentes - Especialidade Profissional em Higiene Ocupacional","robots":{"index":"index","follow":"follow","max-snippet":"max-snippet:-1","max-image-preview":"max-image-preview:large","max-video-preview":"max-video-preview:-1"},"canonical":"https:\/\/wordpress.ft.unicamp.br\/espho\/docentes\/","og_locale":"pt_BR","og_type":"article","og_title":"Docentes - Especialidade Profissional em Higiene Ocupacional","og_description":"Amleto Landucci J\u00fanior \u2013 FACULDADES INTEGRADAS DE ARARAQUARA. C\u00e9sar Castro \u2013 S\u00c3O JUDAS \/ EXCELSU-INPG. Ilerson Mello \u2013 Coordenador de Higiene Ocupacional e Seguran\u00e7a do Produto para a Am\u00e9rica Latina na RHODIA POLIAMIDA E ESPECIALIDADES S.A. Jos\u00e9 C. Lameira Ottero \u2013 Higienista Ocupacional Certificado pela ASSOCIA\u00c7\u00c3O BRASILEIRA DE HIGIENISTAS OCUPACIONAIS &#8211; ABHO . Luiz Carlos &hellip; Continue lendo Docentes &rarr;","og_url":"https:\/\/wordpress.ft.unicamp.br\/espho\/docentes\/","og_site_name":"Especialidade Profissional em Higiene Ocupacional","article_modified_time":"2021-11-24T13:46:26+00:00","twitter_card":"summary_large_image","twitter_misc":{"Est. tempo de leitura":"1 minuto"},"schema":{"@context":"https:\/\/schema.org","@graph":[{"@type":"WebPage","@id":"https:\/\/wordpress.ft.unicamp.br\/espho\/docentes\/","url":"https:\/\/wordpress.ft.unicamp.br\/espho\/docentes\/","name":"Docentes - Especialidade Profissional em Higiene Ocupacional","isPartOf":{"@id":"https:\/\/wordpress.ft.unicamp.br\/espho\/#website"},"datePublished":"2015-10-15T16:32:44+00:00","dateModified":"2021-11-24T13:46:26+00:00","breadcrumb":{"@id":"https:\/\/wordpress.ft.unicamp.br\/espho\/docentes\/#breadcrumb"},"inLanguage":"pt-BR","potentialAction":[{"@type":"ReadAction","target":["https:\/\/wordpress.ft.unicamp.br\/espho\/docentes\/"]}]},{"@type":"BreadcrumbList","@id":"https:\/\/wordpress.ft.unicamp.br\/espho\/docentes\/#breadcrumb","itemListElement":[{"@type":"ListItem","position":1,"name":"Home","item":"https:\/\/wordpress.ft.unicamp.br\/espho\/"},{"@type":"ListItem","position":2,"name":"Docentes"}]},{"@type":"WebSite","@id":"https:\/\/wordpress.ft.unicamp.br\/espho\/#website","url":"https:\/\/wordpress.ft.unicamp.br\/espho\/","name":"Especialidade Profissional em Higiene Ocupacional","description":"Faculdade de Tecnologia - UNICAMP","potentialAction":[{"@type":"SearchAction","target":{"@type":"EntryPoint","urlTemplate":"https:\/\/wordpress.ft.unicamp.br\/espho\/?s={search_term_string}"},"query-input":{"@type":"PropertyValueSpecification","valueRequired":true,"valueName":"search_term_string"}}],"inLanguage":"pt-BR"}]}},"_links":{"self":[{"href":"https:\/\/wordpress.ft.unicamp.br\/espho\/wp-json\/wp\/v2\/pages\/16","targetHints":{"allow":["GET"]}}],"collection":[{"href":"https:\/\/wordpress.ft.unicamp.br\/espho\/wp-json\/wp\/v2\/pages"}],"about":[{"href":"https:\/\/wordpress.ft.unicamp.br\/espho\/wp-json\/wp\/v2\/types\/page"}],"author":[{"embeddable":true,"href":"https:\/\/wordpress.ft.unicamp.br\/espho\/wp-json\/wp\/v2\/users\/56"}],"replies":[{"embeddable":true,"href":"https:\/\/wordpress.ft.unicamp.br\/espho\/wp-json\/wp\/v2\/comments?post=16"}],"version-history":[{"count":9,"href":"https:\/\/wordpress.ft.unicamp.br\/espho\/wp-json\/wp\/v2\/pages\/16\/revisions"}],"predecessor-version":[{"id":108,"href":"https:\/\/wordpress.ft.unicamp.br\/espho\/wp-json\/wp\/v2\/pages\/16\/revisions\/108"}],"wp:attachment":[{"href":"https:\/\/wordpress.ft.unicamp.br\/espho\/wp-json\/wp\/v2\/media?parent=16"}],"curies":[{"name":"wp","href":"https:\/\/api.w.org\/{rel}","templated":true}]}}