{"id":17,"date":"2015-10-15T16:38:23","date_gmt":"2015-10-15T16:38:23","guid":{"rendered":"http:\/\/www.ft.unicamp.br\/espho\/?page_id=17"},"modified":"2021-11-24T17:59:10","modified_gmt":"2021-11-24T17:59:10","slug":"contato","status":"publish","type":"page","link":"https:\/\/wordpress.ft.unicamp.br\/espho\/contato\/","title":{"rendered":"Contato"},"content":{"rendered":"<h4><span style=\"font-weight: 400\">Coordena\u00e7\u00e3o do Curso<\/span><\/h4>\n<p><span style=\"font-weight: 400\">Prof. MSc. <\/span><b>Luiz Carlos de Miranda J\u00fanior<\/b><span style=\"font-weight: 400\"> \/ <a href=\"mailto:miranda@ft.unicamp.br\">miranda@ft.unicamp.br<\/a><\/span><\/p>\n<h4>Secretaria de Extens\u00e3o\u00a0<span style=\"font-weight: 400\">da<\/span>\u00a0Faculdade de Tecnologia da <span style=\"font-weight: 400\">UNICAMP<\/span><\/h4>\n<p><a href=\"mailto:marcial@ceset.unicamp.br\">extensao<\/a><a href=\"mailto:marcial@ceset.unicamp.br\">@ft.unicamp.br<\/a><\/p>\n<p><strong>Telefone:\u00a0(19) 2113-3353<\/strong><\/p>\n<p><strong>Hor\u00e1rios: <\/strong><\/p>\n<p>De segunda-feira a sexta-feira:<\/p>\n<ul>\n<li>De segunda-feira a sexta-feira das 08:00 \u00e0s 17:00.<\/li>\n<\/ul>\n<h4>Endere\u00e7o\u00a0para Correspond\u00eancias<\/h4>\n<p>Faculdade de Tecnologia \u2013 FT \/ Secretaria de Extens\u00e3o<br \/>\nUNICAMP \u2013 Campus I<br \/>\nRua Paschoal Marmo, 1888<br \/>\nJardim Nova It\u00e1lia,\u00a0CEP 13484-332<br \/>\nLimeira \u2013 SP<\/p>\n","protected":false},"excerpt":{"rendered":"<p>Coordena\u00e7\u00e3o do Curso Prof. MSc. Luiz Carlos de Miranda J\u00fanior \/ miranda@ft.unicamp.br Secretaria de Extens\u00e3o\u00a0da\u00a0Faculdade de Tecnologia da UNICAMP extensao@ft.unicamp.br Telefone:\u00a0(19) 2113-3353 Hor\u00e1rios: De segunda-feira a sexta-feira: De segunda-feira a sexta-feira das 08:00 \u00e0s 17:00. Endere\u00e7o\u00a0para Correspond\u00eancias Faculdade de Tecnologia \u2013 FT \/ Secretaria de Extens\u00e3o UNICAMP \u2013 Campus I Rua Paschoal Marmo, 1888 Jardim &hellip; <a href=\"https:\/\/wordpress.ft.unicamp.br\/espho\/contato\/\" class=\"more-link\">Continue lendo <span class=\"screen-reader-text\">Contato<\/span> <span class=\"meta-nav\">&rarr;<\/span><\/a><\/p>\n","protected":false},"author":56,"featured_media":0,"parent":0,"menu_order":5,"comment_status":"closed","ping_status":"closed","template":"","meta":{"footnotes":""},"class_list":["post-17","page","type-page","status-publish","hentry"],"yoast_head":"<!-- This site is optimized with the Yoast SEO plugin v27.2 - https:\/\/yoast.com\/product\/yoast-seo-wordpress\/ -->\n<title>Contato - Especialidade Profissional em Higiene Ocupacional<\/title>\n<meta name=\"robots\" content=\"index, follow, max-snippet:-1, max-image-preview:large, max-video-preview:-1\" \/>\n<link rel=\"canonical\" href=\"https:\/\/wordpress.ft.unicamp.br\/espho\/contato\/\" \/>\n<meta property=\"og:locale\" content=\"pt_BR\" \/>\n<meta property=\"og:type\" content=\"article\" \/>\n<meta property=\"og:title\" content=\"Contato - Especialidade Profissional em Higiene Ocupacional\" \/>\n<meta property=\"og:description\" content=\"Coordena\u00e7\u00e3o do Curso Prof. MSc. Luiz Carlos de Miranda J\u00fanior \/ miranda@ft.unicamp.br Secretaria de Extens\u00e3o\u00a0da\u00a0Faculdade de Tecnologia da UNICAMP extensao@ft.unicamp.br Telefone:\u00a0(19) 2113-3353 Hor\u00e1rios: De segunda-feira a sexta-feira: De segunda-feira a sexta-feira das 08:00 \u00e0s 17:00. Endere\u00e7o\u00a0para Correspond\u00eancias Faculdade de Tecnologia \u2013 FT \/ Secretaria de Extens\u00e3o UNICAMP \u2013 Campus I Rua Paschoal Marmo, 1888 Jardim &hellip; Continue lendo Contato &rarr;\" \/>\n<meta property=\"og:url\" content=\"https:\/\/wordpress.ft.unicamp.br\/espho\/contato\/\" \/>\n<meta property=\"og:site_name\" content=\"Especialidade Profissional em Higiene Ocupacional\" \/>\n<meta property=\"article:modified_time\" content=\"2021-11-24T17:59:10+00:00\" \/>\n<meta name=\"twitter:card\" content=\"summary_large_image\" \/>\n<meta name=\"twitter:label1\" content=\"Est. tempo de leitura\" \/>\n\t<meta name=\"twitter:data1\" content=\"1 minuto\" \/>\n<script type=\"application\/ld+json\" class=\"yoast-schema-graph\">{\"@context\":\"https:\/\/schema.org\",\"@graph\":[{\"@type\":\"WebPage\",\"@id\":\"https:\/\/wordpress.ft.unicamp.br\/espho\/contato\/\",\"url\":\"https:\/\/wordpress.ft.unicamp.br\/espho\/contato\/\",\"name\":\"Contato - Especialidade Profissional em Higiene Ocupacional\",\"isPartOf\":{\"@id\":\"https:\/\/wordpress.ft.unicamp.br\/espho\/#website\"},\"datePublished\":\"2015-10-15T16:38:23+00:00\",\"dateModified\":\"2021-11-24T17:59:10+00:00\",\"breadcrumb\":{\"@id\":\"https:\/\/wordpress.ft.unicamp.br\/espho\/contato\/#breadcrumb\"},\"inLanguage\":\"pt-BR\",\"potentialAction\":[{\"@type\":\"ReadAction\",\"target\":[\"https:\/\/wordpress.ft.unicamp.br\/espho\/contato\/\"]}]},{\"@type\":\"BreadcrumbList\",\"@id\":\"https:\/\/wordpress.ft.unicamp.br\/espho\/contato\/#breadcrumb\",\"itemListElement\":[{\"@type\":\"ListItem\",\"position\":1,\"name\":\"Home\",\"item\":\"https:\/\/wordpress.ft.unicamp.br\/espho\/\"},{\"@type\":\"ListItem\",\"position\":2,\"name\":\"Contato\"}]},{\"@type\":\"WebSite\",\"@id\":\"https:\/\/wordpress.ft.unicamp.br\/espho\/#website\",\"url\":\"https:\/\/wordpress.ft.unicamp.br\/espho\/\",\"name\":\"Especialidade Profissional em Higiene Ocupacional\",\"description\":\"Faculdade de Tecnologia - UNICAMP\",\"potentialAction\":[{\"@type\":\"SearchAction\",\"target\":{\"@type\":\"EntryPoint\",\"urlTemplate\":\"https:\/\/wordpress.ft.unicamp.br\/espho\/?s={search_term_string}\"},\"query-input\":{\"@type\":\"PropertyValueSpecification\",\"valueRequired\":true,\"valueName\":\"search_term_string\"}}],\"inLanguage\":\"pt-BR\"}]}<\/script>\n<!-- \/ Yoast SEO plugin. -->","yoast_head_json":{"title":"Contato - Especialidade Profissional em Higiene Ocupacional","robots":{"index":"index","follow":"follow","max-snippet":"max-snippet:-1","max-image-preview":"max-image-preview:large","max-video-preview":"max-video-preview:-1"},"canonical":"https:\/\/wordpress.ft.unicamp.br\/espho\/contato\/","og_locale":"pt_BR","og_type":"article","og_title":"Contato - Especialidade Profissional em Higiene Ocupacional","og_description":"Coordena\u00e7\u00e3o do Curso Prof. MSc. Luiz Carlos de Miranda J\u00fanior \/ miranda@ft.unicamp.br Secretaria de Extens\u00e3o\u00a0da\u00a0Faculdade de Tecnologia da UNICAMP extensao@ft.unicamp.br Telefone:\u00a0(19) 2113-3353 Hor\u00e1rios: De segunda-feira a sexta-feira: De segunda-feira a sexta-feira das 08:00 \u00e0s 17:00. Endere\u00e7o\u00a0para Correspond\u00eancias Faculdade de Tecnologia \u2013 FT \/ Secretaria de Extens\u00e3o UNICAMP \u2013 Campus I Rua Paschoal Marmo, 1888 Jardim &hellip; Continue lendo Contato &rarr;","og_url":"https:\/\/wordpress.ft.unicamp.br\/espho\/contato\/","og_site_name":"Especialidade Profissional em Higiene Ocupacional","article_modified_time":"2021-11-24T17:59:10+00:00","twitter_card":"summary_large_image","twitter_misc":{"Est. tempo de leitura":"1 minuto"},"schema":{"@context":"https:\/\/schema.org","@graph":[{"@type":"WebPage","@id":"https:\/\/wordpress.ft.unicamp.br\/espho\/contato\/","url":"https:\/\/wordpress.ft.unicamp.br\/espho\/contato\/","name":"Contato - Especialidade Profissional em Higiene Ocupacional","isPartOf":{"@id":"https:\/\/wordpress.ft.unicamp.br\/espho\/#website"},"datePublished":"2015-10-15T16:38:23+00:00","dateModified":"2021-11-24T17:59:10+00:00","breadcrumb":{"@id":"https:\/\/wordpress.ft.unicamp.br\/espho\/contato\/#breadcrumb"},"inLanguage":"pt-BR","potentialAction":[{"@type":"ReadAction","target":["https:\/\/wordpress.ft.unicamp.br\/espho\/contato\/"]}]},{"@type":"BreadcrumbList","@id":"https:\/\/wordpress.ft.unicamp.br\/espho\/contato\/#breadcrumb","itemListElement":[{"@type":"ListItem","position":1,"name":"Home","item":"https:\/\/wordpress.ft.unicamp.br\/espho\/"},{"@type":"ListItem","position":2,"name":"Contato"}]},{"@type":"WebSite","@id":"https:\/\/wordpress.ft.unicamp.br\/espho\/#website","url":"https:\/\/wordpress.ft.unicamp.br\/espho\/","name":"Especialidade Profissional em Higiene Ocupacional","description":"Faculdade de Tecnologia - UNICAMP","potentialAction":[{"@type":"SearchAction","target":{"@type":"EntryPoint","urlTemplate":"https:\/\/wordpress.ft.unicamp.br\/espho\/?s={search_term_string}"},"query-input":{"@type":"PropertyValueSpecification","valueRequired":true,"valueName":"search_term_string"}}],"inLanguage":"pt-BR"}]}},"_links":{"self":[{"href":"https:\/\/wordpress.ft.unicamp.br\/espho\/wp-json\/wp\/v2\/pages\/17","targetHints":{"allow":["GET"]}}],"collection":[{"href":"https:\/\/wordpress.ft.unicamp.br\/espho\/wp-json\/wp\/v2\/pages"}],"about":[{"href":"https:\/\/wordpress.ft.unicamp.br\/espho\/wp-json\/wp\/v2\/types\/page"}],"author":[{"embeddable":true,"href":"https:\/\/wordpress.ft.unicamp.br\/espho\/wp-json\/wp\/v2\/users\/56"}],"replies":[{"embeddable":true,"href":"https:\/\/wordpress.ft.unicamp.br\/espho\/wp-json\/wp\/v2\/comments?post=17"}],"version-history":[{"count":3,"href":"https:\/\/wordpress.ft.unicamp.br\/espho\/wp-json\/wp\/v2\/pages\/17\/revisions"}],"predecessor-version":[{"id":117,"href":"https:\/\/wordpress.ft.unicamp.br\/espho\/wp-json\/wp\/v2\/pages\/17\/revisions\/117"}],"wp:attachment":[{"href":"https:\/\/wordpress.ft.unicamp.br\/espho\/wp-json\/wp\/v2\/media?parent=17"}],"curies":[{"name":"wp","href":"https:\/\/api.w.org\/{rel}","templated":true}]}}