{"id":104,"date":"2015-09-01T04:24:25","date_gmt":"2015-09-01T04:24:25","guid":{"rendered":"http:\/\/www.ft.unicamp.br\/docentes\/espmec\/?page_id=104"},"modified":"2022-11-01T18:29:40","modified_gmt":"2022-11-01T18:29:40","slug":"localizacao","status":"publish","type":"page","link":"https:\/\/wordpress.ft.unicamp.br\/espmec\/localizacao\/","title":{"rendered":"Localiza\u00e7\u00e3o"},"content":{"rendered":"<hr \/>\n<h3>UNIVERSIDADE ESTADUAL DE CAMPINAS, UNICAMP &#8211; Campus I<\/h3>\n<p>Rua Paschoal Marmo, 1888 \u2013 Jardim Nova. Nova It\u00e1lia<\/p>\n<p>Caixa Postal 456, CEP 13484-332<\/p>\n<p>Limeira &#8211; S\u00e3o Paulo &#8211; Brasil<img decoding=\"async\" class=\"size-full wp-image-105 aligncenter\" src=\"http:\/\/wordpress.ft.unicamp.br\/espmec\/wp-content\/uploads\/sites\/22\/2015\/09\/image006.gif\" alt=\"image006\" width=\"100\" height=\"63\" \/><\/p>\n<hr \/>\n","protected":false},"excerpt":{"rendered":"<p>UNIVERSIDADE ESTADUAL DE CAMPINAS, UNICAMP &#8211; Campus I Rua Paschoal Marmo, 1888 \u2013 Jardim Nova. Nova It\u00e1lia Caixa Postal 456, CEP 13484-332 Limeira &#8211; S\u00e3o Paulo &#8211; Brasil<\/p>\n","protected":false},"author":1,"featured_media":0,"parent":0,"menu_order":7,"comment_status":"closed","ping_status":"closed","template":"","meta":{"footnotes":""},"class_list":["post-104","page","type-page","status-publish","hentry"],"yoast_head":"<!-- This site is optimized with the Yoast SEO plugin v27.3 - https:\/\/yoast.com\/product\/yoast-seo-wordpress\/ -->\n<title>Localiza\u00e7\u00e3o - Especialidade Profissional em Mecatr\u00f4nica (100% on-line)<\/title>\n<meta name=\"robots\" content=\"index, follow, max-snippet:-1, max-image-preview:large, max-video-preview:-1\" \/>\n<link rel=\"canonical\" href=\"https:\/\/wordpress.ft.unicamp.br\/espmec\/localizacao\/\" \/>\n<meta property=\"og:locale\" content=\"pt_BR\" \/>\n<meta property=\"og:type\" content=\"article\" \/>\n<meta property=\"og:title\" content=\"Localiza\u00e7\u00e3o - Especialidade Profissional em Mecatr\u00f4nica (100% on-line)\" \/>\n<meta property=\"og:description\" content=\"UNIVERSIDADE ESTADUAL DE CAMPINAS, UNICAMP &#8211; Campus I Rua Paschoal Marmo, 1888 \u2013 Jardim Nova. Nova It\u00e1lia Caixa Postal 456, CEP 13484-332 Limeira &#8211; S\u00e3o Paulo &#8211; Brasil\" \/>\n<meta property=\"og:url\" content=\"https:\/\/wordpress.ft.unicamp.br\/espmec\/localizacao\/\" \/>\n<meta property=\"og:site_name\" content=\"Especialidade Profissional em Mecatr\u00f4nica (100% on-line)\" \/>\n<meta property=\"article:modified_time\" content=\"2022-11-01T18:29:40+00:00\" \/>\n<meta property=\"og:image\" content=\"http:\/\/wordpress.ft.unicamp.br\/espmec\/wp-content\/uploads\/sites\/22\/2015\/09\/image006.gif\" \/>\n<meta name=\"twitter:card\" content=\"summary_large_image\" \/>\n<meta name=\"twitter:label1\" content=\"Est. tempo de leitura\" \/>\n\t<meta name=\"twitter:data1\" content=\"1 minuto\" \/>\n<script type=\"application\/ld+json\" class=\"yoast-schema-graph\">{\"@context\":\"https:\\\/\\\/schema.org\",\"@graph\":[{\"@type\":\"WebPage\",\"@id\":\"https:\\\/\\\/wordpress.ft.unicamp.br\\\/espmec\\\/localizacao\\\/\",\"url\":\"https:\\\/\\\/wordpress.ft.unicamp.br\\\/espmec\\\/localizacao\\\/\",\"name\":\"Localiza\u00e7\u00e3o - Especialidade Profissional em Mecatr\u00f4nica (100% on-line)\",\"isPartOf\":{\"@id\":\"https:\\\/\\\/wordpress.ft.unicamp.br\\\/espmec\\\/#website\"},\"primaryImageOfPage\":{\"@id\":\"https:\\\/\\\/wordpress.ft.unicamp.br\\\/espmec\\\/localizacao\\\/#primaryimage\"},\"image\":{\"@id\":\"https:\\\/\\\/wordpress.ft.unicamp.br\\\/espmec\\\/localizacao\\\/#primaryimage\"},\"thumbnailUrl\":\"http:\\\/\\\/wordpress.ft.unicamp.br\\\/espmec\\\/wp-content\\\/uploads\\\/sites\\\/22\\\/2015\\\/09\\\/image006.gif\",\"datePublished\":\"2015-09-01T04:24:25+00:00\",\"dateModified\":\"2022-11-01T18:29:40+00:00\",\"breadcrumb\":{\"@id\":\"https:\\\/\\\/wordpress.ft.unicamp.br\\\/espmec\\\/localizacao\\\/#breadcrumb\"},\"inLanguage\":\"pt-BR\",\"potentialAction\":[{\"@type\":\"ReadAction\",\"target\":[\"https:\\\/\\\/wordpress.ft.unicamp.br\\\/espmec\\\/localizacao\\\/\"]}]},{\"@type\":\"ImageObject\",\"inLanguage\":\"pt-BR\",\"@id\":\"https:\\\/\\\/wordpress.ft.unicamp.br\\\/espmec\\\/localizacao\\\/#primaryimage\",\"url\":\"https:\\\/\\\/wordpress.ft.unicamp.br\\\/espmec\\\/wp-content\\\/uploads\\\/sites\\\/22\\\/2015\\\/09\\\/image006.gif\",\"contentUrl\":\"https:\\\/\\\/wordpress.ft.unicamp.br\\\/espmec\\\/wp-content\\\/uploads\\\/sites\\\/22\\\/2015\\\/09\\\/image006.gif\",\"width\":100,\"height\":63},{\"@type\":\"BreadcrumbList\",\"@id\":\"https:\\\/\\\/wordpress.ft.unicamp.br\\\/espmec\\\/localizacao\\\/#breadcrumb\",\"itemListElement\":[{\"@type\":\"ListItem\",\"position\":1,\"name\":\"Home\",\"item\":\"https:\\\/\\\/wordpress.ft.unicamp.br\\\/espmec\\\/\"},{\"@type\":\"ListItem\",\"position\":2,\"name\":\"Localiza\u00e7\u00e3o\"}]},{\"@type\":\"WebSite\",\"@id\":\"https:\\\/\\\/wordpress.ft.unicamp.br\\\/espmec\\\/#website\",\"url\":\"https:\\\/\\\/wordpress.ft.unicamp.br\\\/espmec\\\/\",\"name\":\"Especialidade Profissional em Mecatr\u00f4nica (100% on-line)\",\"description\":\"Universidade Estadual de Campinas \u2013 Faculdade de Tecnologia\",\"potentialAction\":[{\"@type\":\"SearchAction\",\"target\":{\"@type\":\"EntryPoint\",\"urlTemplate\":\"https:\\\/\\\/wordpress.ft.unicamp.br\\\/espmec\\\/?s={search_term_string}\"},\"query-input\":{\"@type\":\"PropertyValueSpecification\",\"valueRequired\":true,\"valueName\":\"search_term_string\"}}],\"inLanguage\":\"pt-BR\"}]}<\/script>\n<!-- \/ Yoast SEO plugin. -->","yoast_head_json":{"title":"Localiza\u00e7\u00e3o - Especialidade Profissional em Mecatr\u00f4nica (100% on-line)","robots":{"index":"index","follow":"follow","max-snippet":"max-snippet:-1","max-image-preview":"max-image-preview:large","max-video-preview":"max-video-preview:-1"},"canonical":"https:\/\/wordpress.ft.unicamp.br\/espmec\/localizacao\/","og_locale":"pt_BR","og_type":"article","og_title":"Localiza\u00e7\u00e3o - Especialidade Profissional em Mecatr\u00f4nica (100% on-line)","og_description":"UNIVERSIDADE ESTADUAL DE CAMPINAS, UNICAMP &#8211; Campus I Rua Paschoal Marmo, 1888 \u2013 Jardim Nova. Nova It\u00e1lia Caixa Postal 456, CEP 13484-332 Limeira &#8211; S\u00e3o Paulo &#8211; Brasil","og_url":"https:\/\/wordpress.ft.unicamp.br\/espmec\/localizacao\/","og_site_name":"Especialidade Profissional em Mecatr\u00f4nica (100% on-line)","article_modified_time":"2022-11-01T18:29:40+00:00","og_image":[{"url":"http:\/\/wordpress.ft.unicamp.br\/espmec\/wp-content\/uploads\/sites\/22\/2015\/09\/image006.gif","type":"","width":"","height":""}],"twitter_card":"summary_large_image","twitter_misc":{"Est. tempo de leitura":"1 minuto"},"schema":{"@context":"https:\/\/schema.org","@graph":[{"@type":"WebPage","@id":"https:\/\/wordpress.ft.unicamp.br\/espmec\/localizacao\/","url":"https:\/\/wordpress.ft.unicamp.br\/espmec\/localizacao\/","name":"Localiza\u00e7\u00e3o - Especialidade Profissional em Mecatr\u00f4nica (100% on-line)","isPartOf":{"@id":"https:\/\/wordpress.ft.unicamp.br\/espmec\/#website"},"primaryImageOfPage":{"@id":"https:\/\/wordpress.ft.unicamp.br\/espmec\/localizacao\/#primaryimage"},"image":{"@id":"https:\/\/wordpress.ft.unicamp.br\/espmec\/localizacao\/#primaryimage"},"thumbnailUrl":"http:\/\/wordpress.ft.unicamp.br\/espmec\/wp-content\/uploads\/sites\/22\/2015\/09\/image006.gif","datePublished":"2015-09-01T04:24:25+00:00","dateModified":"2022-11-01T18:29:40+00:00","breadcrumb":{"@id":"https:\/\/wordpress.ft.unicamp.br\/espmec\/localizacao\/#breadcrumb"},"inLanguage":"pt-BR","potentialAction":[{"@type":"ReadAction","target":["https:\/\/wordpress.ft.unicamp.br\/espmec\/localizacao\/"]}]},{"@type":"ImageObject","inLanguage":"pt-BR","@id":"https:\/\/wordpress.ft.unicamp.br\/espmec\/localizacao\/#primaryimage","url":"https:\/\/wordpress.ft.unicamp.br\/espmec\/wp-content\/uploads\/sites\/22\/2015\/09\/image006.gif","contentUrl":"https:\/\/wordpress.ft.unicamp.br\/espmec\/wp-content\/uploads\/sites\/22\/2015\/09\/image006.gif","width":100,"height":63},{"@type":"BreadcrumbList","@id":"https:\/\/wordpress.ft.unicamp.br\/espmec\/localizacao\/#breadcrumb","itemListElement":[{"@type":"ListItem","position":1,"name":"Home","item":"https:\/\/wordpress.ft.unicamp.br\/espmec\/"},{"@type":"ListItem","position":2,"name":"Localiza\u00e7\u00e3o"}]},{"@type":"WebSite","@id":"https:\/\/wordpress.ft.unicamp.br\/espmec\/#website","url":"https:\/\/wordpress.ft.unicamp.br\/espmec\/","name":"Especialidade Profissional em Mecatr\u00f4nica (100% on-line)","description":"Universidade Estadual de Campinas \u2013 Faculdade de Tecnologia","potentialAction":[{"@type":"SearchAction","target":{"@type":"EntryPoint","urlTemplate":"https:\/\/wordpress.ft.unicamp.br\/espmec\/?s={search_term_string}"},"query-input":{"@type":"PropertyValueSpecification","valueRequired":true,"valueName":"search_term_string"}}],"inLanguage":"pt-BR"}]}},"_links":{"self":[{"href":"https:\/\/wordpress.ft.unicamp.br\/espmec\/wp-json\/wp\/v2\/pages\/104","targetHints":{"allow":["GET"]}}],"collection":[{"href":"https:\/\/wordpress.ft.unicamp.br\/espmec\/wp-json\/wp\/v2\/pages"}],"about":[{"href":"https:\/\/wordpress.ft.unicamp.br\/espmec\/wp-json\/wp\/v2\/types\/page"}],"author":[{"embeddable":true,"href":"https:\/\/wordpress.ft.unicamp.br\/espmec\/wp-json\/wp\/v2\/users\/1"}],"replies":[{"embeddable":true,"href":"https:\/\/wordpress.ft.unicamp.br\/espmec\/wp-json\/wp\/v2\/comments?post=104"}],"version-history":[{"count":2,"href":"https:\/\/wordpress.ft.unicamp.br\/espmec\/wp-json\/wp\/v2\/pages\/104\/revisions"}],"predecessor-version":[{"id":323,"href":"https:\/\/wordpress.ft.unicamp.br\/espmec\/wp-json\/wp\/v2\/pages\/104\/revisions\/323"}],"wp:attachment":[{"href":"https:\/\/wordpress.ft.unicamp.br\/espmec\/wp-json\/wp\/v2\/media?parent=104"}],"curies":[{"name":"wp","href":"https:\/\/api.w.org\/{rel}","templated":true}]}}