{"id":20,"date":"2015-08-13T05:13:07","date_gmt":"2015-08-13T05:13:07","guid":{"rendered":"https:\/\/localhost\/?page_id=20"},"modified":"2025-08-01T19:23:34","modified_gmt":"2025-08-01T19:23:34","slug":"objetivos","status":"publish","type":"page","link":"https:\/\/wordpress.ft.unicamp.br\/espmec\/objetivos\/","title":{"rendered":"Objetivos"},"content":{"rendered":"\t\t<div data-elementor-type=\"wp-page\" data-elementor-id=\"20\" class=\"elementor elementor-20\">\n\t\t\t\t\t\t<section class=\"elementor-section elementor-top-section elementor-element elementor-element-399449fe elementor-section-boxed elementor-section-height-default elementor-section-height-default\" data-id=\"399449fe\" data-element_type=\"section\" data-e-type=\"section\">\n\t\t\t\t\t\t<div class=\"elementor-container elementor-column-gap-default\">\n\t\t\t\t\t<div class=\"elementor-column elementor-col-100 elementor-top-column elementor-element elementor-element-5cf387ab\" data-id=\"5cf387ab\" data-element_type=\"column\" data-e-type=\"column\">\n\t\t\t<div class=\"elementor-widget-wrap elementor-element-populated\">\n\t\t\t\t\t\t<div class=\"elementor-element elementor-element-6f8ad711 elementor-widget elementor-widget-text-editor\" data-id=\"6f8ad711\" data-element_type=\"widget\" data-e-type=\"widget\" data-widget_type=\"text-editor.default\">\n\t\t\t\t<div class=\"elementor-widget-container\">\n\t\t\t\t\t\t\t\t\t<p><strong>Objetivos ( Habilidades &amp; Compet\u00eancias )<\/strong><\/p>\n<p>A evolu\u00e7\u00e3o e maior competitividade das empresas t\u00eam gerado elevados \u00edndices de automatiza\u00e7\u00e3o de processos. Isso significa uma maior demanda em diversas \u00e1reas do conhecimento como engenharias mec\u00e2nica, eletro-eletr\u00f4nica e sistemas de computa\u00e7\u00e3o, que podem ser traduzidas em um \u00fanico termo: Mecatr\u00f4nica.<\/p>\n<p>O Curso de P\u00f3s-Gradua\u00e7\u00e3o em Mecatr\u00f4nica visa formar profissionais com compet\u00eancia t\u00e9cnica para analisar, propor e gerir solu\u00e7\u00f5es para problemas nas \u00e1reas de controle e automa\u00e7\u00e3o de forma a provocar transforma\u00e7\u00f5es na ind\u00fastria, alinhando-a com a evolu\u00e7\u00e3o tecnol\u00f3gica de ponta.<\/p>\n<p>O Curso tem por finalidade capacitar pessoal qualificado para o exerc\u00edcio de atividades multidisciplinares de interesse na Mecatr\u00f4nica, dentre as quais:<\/p>\n<ul>\n<li>Especificar, projetar e empregar equipamentos controlados por computador, como rob\u00f4s e sistemas autom\u00e1ticos;<\/li>\n<li>Especificar, projetar e instalar sistemas automatizados de fabrica\u00e7\u00e3o, envolvendo equipamentos ligados a computadores para controle de processos produtivos e<\/li>\n<li>Projetar ferramentas de software, instrumenta\u00e7\u00e3o e outros recursos para simular, analisar e controlar processos.<\/li>\n<\/ul>\n<p><strong>Constru\u00e7\u00e3o do Perfil<\/strong><\/p>\n<p>O p\u00f3s-graduado em Mecatr\u00f4nica \u00e9 um profissional com alta capacidade t\u00e9cnica para realiza\u00e7\u00e3o de atividades de modelagem e implementa\u00e7\u00e3o de sistemas de controle e automa\u00e7\u00e3o e um agente de colabora\u00e7\u00e3o na elabora\u00e7\u00e3o de projetos para melhoria de plantas industriais em funcionamento.<\/p>\n<p>Entre os componentes deste perfil est\u00e3o:<\/p>\n<ul>\n<li>Conhecimento abrangente das atividades inerentes \u00e0 controle automatizado de processos de diferentes setores de produ\u00e7\u00e3o;<\/li>\n<li>Consci\u00eancia da import\u00e2ncia de um aprendizado permanente;<\/li>\n<li>Postura \u00e9tica como cidad\u00e3o e profissional, sustentada pela consci\u00eancia de uma responsabilidade no contexto amplo e individual.<\/li>\n<\/ul>\n<p><strong>Habilidades e Compet\u00eancias<\/strong><\/p>\n<p>O profissional nesta \u00e1rea deve capacitar-se para solucionar problemas, por meio da constru\u00e7\u00e3o de modelos matem\u00e1ticos, de sua implanta\u00e7\u00e3o e administra\u00e7\u00e3o. Amplamente, estas atividades envolvem habilidades em:<\/p>\n<ul>\n<li>planejamento e desenvolvimento projetos matem\u00e1ticos voltados a sistemas de controle;<\/li>\n<li>pesquisa dos requisitos e os recursos necess\u00e1rios;<\/li>\n<li>avaliar o ganho tecnol\u00f3gico do sistema a ser implantado, no curto e longo prazo;<\/li>\n<li>aplica\u00e7\u00e3o de t\u00e9cnicas e procedimentos de trabalho, instrumentos, ferramentas convencionais e informatizadas, de acordo com especifica\u00e7\u00f5es;<\/li>\n<li>projetar solu\u00e7\u00f5es de automa\u00e7\u00e3o, dentro dos princ\u00edpios de qualidade, produtividade, podendo, quando for o caso, prestar consultoria ou assessoria t\u00e9cnica;<\/li>\n<li>conceber e coordenar a elabora\u00e7\u00e3o de projetos de sistemas de controle e automa\u00e7\u00e3o, a partir de decis\u00f5es em grupo de trabalho;<\/li>\n<li>acompanhar a evolu\u00e7\u00e3o das tecnologias de automa\u00e7\u00e3o de forma aut\u00f4noma e independente;<\/li>\n<li>prospectar novas tecnologias da \u00e1rea de automa\u00e7\u00e3o e controle e auxiliar sua incorpora\u00e7\u00e3o \u00e0s estrat\u00e9gias, planejamentos e pr\u00e1ticas da organiza\u00e7\u00e3o;<\/li>\n<li>gerenciar projetos de sistemas industriais envolvendo atividades em equipe.<\/li>\n<\/ul>\n<p><strong>Integraliza\u00e7\u00e3o do Curso<\/strong><\/p>\n<p>O aluno dever\u00e1 integralizar todas as disciplinas referentes ao curso (400 h\/aula) em um prazo m\u00e1ximo de 6 semestres. Caso o aluno n\u00e3o consiga a integraliza\u00e7\u00e3o neste prazo m\u00e1ximo, dever\u00e1 realizar nova matr\u00edcula em turma subsequente para realizar as disciplinas faltantes.<\/p>\t\t\t\t\t\t\t\t<\/div>\n\t\t\t\t<\/div>\n\t\t\t\t\t<\/div>\n\t\t<\/div>\n\t\t\t\t\t<\/div>\n\t\t<\/section>\n\t\t\t\t<section class=\"elementor-section elementor-top-section elementor-element elementor-element-e320233 elementor-section-boxed elementor-section-height-default elementor-section-height-default\" data-id=\"e320233\" data-element_type=\"section\" data-e-type=\"section\">\n\t\t\t\t\t\t<div class=\"elementor-container elementor-column-gap-default\">\n\t\t\t\t\t<div class=\"elementor-column elementor-col-100 elementor-top-column elementor-element elementor-element-117c227\" data-id=\"117c227\" data-element_type=\"column\" data-e-type=\"column\">\n\t\t\t<div class=\"elementor-widget-wrap elementor-element-populated\">\n\t\t\t\t\t\t<div class=\"elementor-element elementor-element-f7b6a51 elementor-widget elementor-widget-wp-widget-archives\" data-id=\"f7b6a51\" data-element_type=\"widget\" data-e-type=\"widget\" data-widget_type=\"wp-widget-archives.default\">\n\t\t\t\t<div class=\"elementor-widget-container\">\n\t\t\t\t\t<h5>Arquivos<\/h5>\n\t\t\t<ul>\n\t\t\t\t\t<li><a href='https:\/\/wordpress.ft.unicamp.br\/espmec\/2024\/07\/'>julho 2024<\/a><\/li>\n\t<li><a href='https:\/\/wordpress.ft.unicamp.br\/espmec\/2022\/11\/'>novembro 2022<\/a><\/li>\n\t<li><a href='https:\/\/wordpress.ft.unicamp.br\/espmec\/2019\/06\/'>junho 2019<\/a><\/li>\n\t<li><a href='https:\/\/wordpress.ft.unicamp.br\/espmec\/2018\/04\/'>abril 2018<\/a><\/li>\n\t<li><a href='https:\/\/wordpress.ft.unicamp.br\/espmec\/2017\/04\/'>abril 2017<\/a><\/li>\n\t<li><a href='https:\/\/wordpress.ft.unicamp.br\/espmec\/2016\/05\/'>maio 2016<\/a><\/li>\n\t<li><a href='https:\/\/wordpress.ft.unicamp.br\/espmec\/2015\/09\/'>setembro 2015<\/a><\/li>\n\t\t\t<\/ul>\n\n\t\t\t\t\t\t\t<\/div>\n\t\t\t\t<\/div>\n\t\t\t\t\t<\/div>\n\t\t<\/div>\n\t\t\t\t\t<\/div>\n\t\t<\/section>\n\t\t\t\t<\/div>\n\t\t","protected":false},"excerpt":{"rendered":"<p>Objetivos ( Habilidades &amp; Compet\u00eancias ) A evolu\u00e7\u00e3o e maior competitividade das empresas t\u00eam gerado elevados \u00edndices de automatiza\u00e7\u00e3o de processos. Isso significa uma maior demanda em diversas \u00e1reas do conhecimento como engenharias mec\u00e2nica, eletro-eletr\u00f4nica e sistemas de computa\u00e7\u00e3o, que podem ser traduzidas em um \u00fanico termo: Mecatr\u00f4nica. O Curso de P\u00f3s-Gradua\u00e7\u00e3o em Mecatr\u00f4nica visa <a class=\"read-more\" href=\"https:\/\/wordpress.ft.unicamp.br\/espmec\/objetivos\/\">Read More<\/a><\/p>\n","protected":false},"author":1,"featured_media":0,"parent":0,"menu_order":0,"comment_status":"closed","ping_status":"closed","template":"","meta":{"footnotes":""},"class_list":["post-20","page","type-page","status-publish","hentry"],"yoast_head":"<!-- This site is optimized with the Yoast SEO plugin v27.3 - https:\/\/yoast.com\/product\/yoast-seo-wordpress\/ -->\n<title>Objetivos - Especialidade Profissional em Mecatr\u00f4nica (100% on-line)<\/title>\n<meta name=\"robots\" content=\"index, follow, max-snippet:-1, max-image-preview:large, max-video-preview:-1\" \/>\n<link rel=\"canonical\" href=\"https:\/\/wordpress.ft.unicamp.br\/espmec\/objetivos\/\" \/>\n<meta property=\"og:locale\" content=\"pt_BR\" \/>\n<meta property=\"og:type\" content=\"article\" \/>\n<meta property=\"og:title\" content=\"Objetivos - Especialidade Profissional em Mecatr\u00f4nica (100% on-line)\" \/>\n<meta property=\"og:description\" content=\"Objetivos ( Habilidades &amp; Compet\u00eancias ) A evolu\u00e7\u00e3o e maior competitividade das empresas t\u00eam gerado elevados \u00edndices de automatiza\u00e7\u00e3o de processos. Isso significa uma maior demanda em diversas \u00e1reas do conhecimento como engenharias mec\u00e2nica, eletro-eletr\u00f4nica e sistemas de computa\u00e7\u00e3o, que podem ser traduzidas em um \u00fanico termo: Mecatr\u00f4nica. O Curso de P\u00f3s-Gradua\u00e7\u00e3o em Mecatr\u00f4nica visa Read More\" \/>\n<meta property=\"og:url\" content=\"https:\/\/wordpress.ft.unicamp.br\/espmec\/objetivos\/\" \/>\n<meta property=\"og:site_name\" content=\"Especialidade Profissional em Mecatr\u00f4nica (100% on-line)\" \/>\n<meta property=\"article:modified_time\" content=\"2025-08-01T19:23:34+00:00\" \/>\n<meta name=\"twitter:card\" content=\"summary_large_image\" \/>\n<meta name=\"twitter:label1\" content=\"Est. tempo de leitura\" \/>\n\t<meta name=\"twitter:data1\" content=\"3 minutos\" \/>\n<script type=\"application\/ld+json\" class=\"yoast-schema-graph\">{\"@context\":\"https:\\\/\\\/schema.org\",\"@graph\":[{\"@type\":\"WebPage\",\"@id\":\"https:\\\/\\\/wordpress.ft.unicamp.br\\\/espmec\\\/objetivos\\\/\",\"url\":\"https:\\\/\\\/wordpress.ft.unicamp.br\\\/espmec\\\/objetivos\\\/\",\"name\":\"Objetivos - Especialidade Profissional em Mecatr\u00f4nica (100% on-line)\",\"isPartOf\":{\"@id\":\"https:\\\/\\\/wordpress.ft.unicamp.br\\\/espmec\\\/#website\"},\"datePublished\":\"2015-08-13T05:13:07+00:00\",\"dateModified\":\"2025-08-01T19:23:34+00:00\",\"breadcrumb\":{\"@id\":\"https:\\\/\\\/wordpress.ft.unicamp.br\\\/espmec\\\/objetivos\\\/#breadcrumb\"},\"inLanguage\":\"pt-BR\",\"potentialAction\":[{\"@type\":\"ReadAction\",\"target\":[\"https:\\\/\\\/wordpress.ft.unicamp.br\\\/espmec\\\/objetivos\\\/\"]}]},{\"@type\":\"BreadcrumbList\",\"@id\":\"https:\\\/\\\/wordpress.ft.unicamp.br\\\/espmec\\\/objetivos\\\/#breadcrumb\",\"itemListElement\":[{\"@type\":\"ListItem\",\"position\":1,\"name\":\"Home\",\"item\":\"https:\\\/\\\/wordpress.ft.unicamp.br\\\/espmec\\\/\"},{\"@type\":\"ListItem\",\"position\":2,\"name\":\"Objetivos\"}]},{\"@type\":\"WebSite\",\"@id\":\"https:\\\/\\\/wordpress.ft.unicamp.br\\\/espmec\\\/#website\",\"url\":\"https:\\\/\\\/wordpress.ft.unicamp.br\\\/espmec\\\/\",\"name\":\"Especialidade Profissional em Mecatr\u00f4nica (100% on-line)\",\"description\":\"Universidade Estadual de Campinas \u2013 Faculdade de Tecnologia\",\"potentialAction\":[{\"@type\":\"SearchAction\",\"target\":{\"@type\":\"EntryPoint\",\"urlTemplate\":\"https:\\\/\\\/wordpress.ft.unicamp.br\\\/espmec\\\/?s={search_term_string}\"},\"query-input\":{\"@type\":\"PropertyValueSpecification\",\"valueRequired\":true,\"valueName\":\"search_term_string\"}}],\"inLanguage\":\"pt-BR\"}]}<\/script>\n<!-- \/ Yoast SEO plugin. -->","yoast_head_json":{"title":"Objetivos - Especialidade Profissional em Mecatr\u00f4nica (100% on-line)","robots":{"index":"index","follow":"follow","max-snippet":"max-snippet:-1","max-image-preview":"max-image-preview:large","max-video-preview":"max-video-preview:-1"},"canonical":"https:\/\/wordpress.ft.unicamp.br\/espmec\/objetivos\/","og_locale":"pt_BR","og_type":"article","og_title":"Objetivos - Especialidade Profissional em Mecatr\u00f4nica (100% on-line)","og_description":"Objetivos ( Habilidades &amp; Compet\u00eancias ) A evolu\u00e7\u00e3o e maior competitividade das empresas t\u00eam gerado elevados \u00edndices de automatiza\u00e7\u00e3o de processos. Isso significa uma maior demanda em diversas \u00e1reas do conhecimento como engenharias mec\u00e2nica, eletro-eletr\u00f4nica e sistemas de computa\u00e7\u00e3o, que podem ser traduzidas em um \u00fanico termo: Mecatr\u00f4nica. O Curso de P\u00f3s-Gradua\u00e7\u00e3o em Mecatr\u00f4nica visa Read More","og_url":"https:\/\/wordpress.ft.unicamp.br\/espmec\/objetivos\/","og_site_name":"Especialidade Profissional em Mecatr\u00f4nica (100% on-line)","article_modified_time":"2025-08-01T19:23:34+00:00","twitter_card":"summary_large_image","twitter_misc":{"Est. tempo de leitura":"3 minutos"},"schema":{"@context":"https:\/\/schema.org","@graph":[{"@type":"WebPage","@id":"https:\/\/wordpress.ft.unicamp.br\/espmec\/objetivos\/","url":"https:\/\/wordpress.ft.unicamp.br\/espmec\/objetivos\/","name":"Objetivos - Especialidade Profissional em Mecatr\u00f4nica (100% on-line)","isPartOf":{"@id":"https:\/\/wordpress.ft.unicamp.br\/espmec\/#website"},"datePublished":"2015-08-13T05:13:07+00:00","dateModified":"2025-08-01T19:23:34+00:00","breadcrumb":{"@id":"https:\/\/wordpress.ft.unicamp.br\/espmec\/objetivos\/#breadcrumb"},"inLanguage":"pt-BR","potentialAction":[{"@type":"ReadAction","target":["https:\/\/wordpress.ft.unicamp.br\/espmec\/objetivos\/"]}]},{"@type":"BreadcrumbList","@id":"https:\/\/wordpress.ft.unicamp.br\/espmec\/objetivos\/#breadcrumb","itemListElement":[{"@type":"ListItem","position":1,"name":"Home","item":"https:\/\/wordpress.ft.unicamp.br\/espmec\/"},{"@type":"ListItem","position":2,"name":"Objetivos"}]},{"@type":"WebSite","@id":"https:\/\/wordpress.ft.unicamp.br\/espmec\/#website","url":"https:\/\/wordpress.ft.unicamp.br\/espmec\/","name":"Especialidade Profissional em Mecatr\u00f4nica (100% on-line)","description":"Universidade Estadual de Campinas \u2013 Faculdade de Tecnologia","potentialAction":[{"@type":"SearchAction","target":{"@type":"EntryPoint","urlTemplate":"https:\/\/wordpress.ft.unicamp.br\/espmec\/?s={search_term_string}"},"query-input":{"@type":"PropertyValueSpecification","valueRequired":true,"valueName":"search_term_string"}}],"inLanguage":"pt-BR"}]}},"_links":{"self":[{"href":"https:\/\/wordpress.ft.unicamp.br\/espmec\/wp-json\/wp\/v2\/pages\/20","targetHints":{"allow":["GET"]}}],"collection":[{"href":"https:\/\/wordpress.ft.unicamp.br\/espmec\/wp-json\/wp\/v2\/pages"}],"about":[{"href":"https:\/\/wordpress.ft.unicamp.br\/espmec\/wp-json\/wp\/v2\/types\/page"}],"author":[{"embeddable":true,"href":"https:\/\/wordpress.ft.unicamp.br\/espmec\/wp-json\/wp\/v2\/users\/1"}],"replies":[{"embeddable":true,"href":"https:\/\/wordpress.ft.unicamp.br\/espmec\/wp-json\/wp\/v2\/comments?post=20"}],"version-history":[{"count":36,"href":"https:\/\/wordpress.ft.unicamp.br\/espmec\/wp-json\/wp\/v2\/pages\/20\/revisions"}],"predecessor-version":[{"id":684,"href":"https:\/\/wordpress.ft.unicamp.br\/espmec\/wp-json\/wp\/v2\/pages\/20\/revisions\/684"}],"wp:attachment":[{"href":"https:\/\/wordpress.ft.unicamp.br\/espmec\/wp-json\/wp\/v2\/media?parent=20"}],"curies":[{"name":"wp","href":"https:\/\/api.w.org\/{rel}","templated":true}]}}