{"id":28,"date":"2015-08-13T05:23:57","date_gmt":"2015-08-13T05:23:57","guid":{"rendered":"https:\/\/localhost\/?page_id=28"},"modified":"2025-04-17T09:53:59","modified_gmt":"2025-04-17T09:53:59","slug":"publico","status":"publish","type":"page","link":"https:\/\/wordpress.ft.unicamp.br\/espmec\/publico\/","title":{"rendered":"P\u00fablico"},"content":{"rendered":"<p class=\"western\">P\u00f3s-gradua\u00e7\u00e3o dirigida a profissionais com gradua\u00e7\u00e3o em engenharia, computa\u00e7\u00e3o, cursos superiores de tecnologia e demais \u00e1reas afins. <span class=\"GramE\">Destina-se <\/span>ainda aos f\u00edsicos, matem\u00e1ticos, cientistas, professores do ensino t\u00e9cnico, do ensino universit\u00e1rio e demais interessados em especializar-se na \u00e1rea.<\/p>\n<p class=\"western\">\u00a0<b>Posi\u00e7\u00f5es de Atua\u00e7\u00e3o<\/b><\/p>\n<p class=\"western\">Em uma forma ampla, este profissional deve ser capaz de desempenhar os seguintes pap\u00e9is:<\/p>\n<ul>\n<li class=\"western\">Projetista de sistemas na \u00e1rea de Mecatr\u00f4nica;<\/li>\n<li class=\"western\">Consultor de tecnologia em Mecatr\u00f4nica;<\/li>\n<li>Projetista de redes e sistemas supervis\u00f3rios para plantas industriais.<\/li>\n<\/ul>\n<p class=\"western\">\u00a0<b>Certificado de Conclus\u00e3o<\/b><\/p>\n<p class=\"western\">A UNICAMP, atrav\u00e9s de sua Diretoria Acad\u00eamica (DAC), emitir\u00e1 certificado de especialista para o aluno aprovado em todas as disciplinas do curso de Especializa\u00e7\u00e3o. Para aprova\u00e7\u00e3o, o limite m\u00ednimo de frequ\u00eancia para cada disciplina \u00e9 de 75% (setenta e cinco por cento) e a nota m\u00ednima para aprova\u00e7\u00e3o \u00e9 7,0 (sete), em uma escala de 0 a 10.<br \/>\nO certificado indicar\u00e1 que o aluno concluiu o Curso de Especializa\u00e7\u00e3o, modalidade extens\u00e3o universit\u00e1ria, em Mecatr\u00f4nica.<\/p>\n<p class=\"western\">\u00a0<b>Setor Privado<\/b><\/p>\n<p class=\"western\">O curso destina-se aos profissionais interessados<span class=\"apple-converted-space\">\u00a0<\/span>estritamente pelo setor privado, para efeito de ingresso (sele\u00e7\u00e3o) ou progress\u00e3o de carreira, em empresas e corpora\u00e7\u00f5es no mercado de trabalho.<\/p>\n","protected":false},"excerpt":{"rendered":"<p>P\u00f3s-gradua\u00e7\u00e3o dirigida a profissionais com gradua\u00e7\u00e3o em engenharia, computa\u00e7\u00e3o, cursos superiores de tecnologia e demais \u00e1reas afins. Destina-se ainda aos f\u00edsicos, matem\u00e1ticos, cientistas, professores do ensino t\u00e9cnico, do ensino universit\u00e1rio e demais interessados em especializar-se na \u00e1rea. \u00a0Posi\u00e7\u00f5es de Atua\u00e7\u00e3o Em uma forma ampla, este profissional deve ser capaz de desempenhar os seguintes pap\u00e9is: Projetista <a class=\"read-more\" href=\"https:\/\/wordpress.ft.unicamp.br\/espmec\/publico\/\">Read More<\/a><\/p>\n","protected":false},"author":1,"featured_media":0,"parent":0,"menu_order":2,"comment_status":"closed","ping_status":"closed","template":"","meta":{"footnotes":""},"class_list":["post-28","page","type-page","status-publish","hentry"],"yoast_head":"<!-- This site is optimized with the Yoast SEO plugin v27.3 - https:\/\/yoast.com\/product\/yoast-seo-wordpress\/ -->\n<title>P\u00fablico - Especialidade Profissional em Mecatr\u00f4nica (100% on-line)<\/title>\n<meta name=\"robots\" content=\"index, follow, max-snippet:-1, max-image-preview:large, max-video-preview:-1\" \/>\n<link rel=\"canonical\" href=\"https:\/\/wordpress.ft.unicamp.br\/espmec\/publico\/\" \/>\n<meta property=\"og:locale\" content=\"pt_BR\" \/>\n<meta property=\"og:type\" content=\"article\" \/>\n<meta property=\"og:title\" content=\"P\u00fablico - Especialidade Profissional em Mecatr\u00f4nica (100% on-line)\" \/>\n<meta property=\"og:description\" content=\"P\u00f3s-gradua\u00e7\u00e3o dirigida a profissionais com gradua\u00e7\u00e3o em engenharia, computa\u00e7\u00e3o, cursos superiores de tecnologia e demais \u00e1reas afins. Destina-se ainda aos f\u00edsicos, matem\u00e1ticos, cientistas, professores do ensino t\u00e9cnico, do ensino universit\u00e1rio e demais interessados em especializar-se na \u00e1rea. \u00a0Posi\u00e7\u00f5es de Atua\u00e7\u00e3o Em uma forma ampla, este profissional deve ser capaz de desempenhar os seguintes pap\u00e9is: Projetista Read More\" \/>\n<meta property=\"og:url\" content=\"https:\/\/wordpress.ft.unicamp.br\/espmec\/publico\/\" \/>\n<meta property=\"og:site_name\" content=\"Especialidade Profissional em Mecatr\u00f4nica (100% on-line)\" \/>\n<meta property=\"article:modified_time\" content=\"2025-04-17T09:53:59+00:00\" \/>\n<meta name=\"twitter:card\" content=\"summary_large_image\" \/>\n<meta name=\"twitter:label1\" content=\"Est. tempo de leitura\" \/>\n\t<meta name=\"twitter:data1\" content=\"1 minuto\" \/>\n<script type=\"application\/ld+json\" class=\"yoast-schema-graph\">{\"@context\":\"https:\\\/\\\/schema.org\",\"@graph\":[{\"@type\":\"WebPage\",\"@id\":\"https:\\\/\\\/wordpress.ft.unicamp.br\\\/espmec\\\/publico\\\/\",\"url\":\"https:\\\/\\\/wordpress.ft.unicamp.br\\\/espmec\\\/publico\\\/\",\"name\":\"P\u00fablico - Especialidade Profissional em Mecatr\u00f4nica (100% on-line)\",\"isPartOf\":{\"@id\":\"https:\\\/\\\/wordpress.ft.unicamp.br\\\/espmec\\\/#website\"},\"datePublished\":\"2015-08-13T05:23:57+00:00\",\"dateModified\":\"2025-04-17T09:53:59+00:00\",\"breadcrumb\":{\"@id\":\"https:\\\/\\\/wordpress.ft.unicamp.br\\\/espmec\\\/publico\\\/#breadcrumb\"},\"inLanguage\":\"pt-BR\",\"potentialAction\":[{\"@type\":\"ReadAction\",\"target\":[\"https:\\\/\\\/wordpress.ft.unicamp.br\\\/espmec\\\/publico\\\/\"]}]},{\"@type\":\"BreadcrumbList\",\"@id\":\"https:\\\/\\\/wordpress.ft.unicamp.br\\\/espmec\\\/publico\\\/#breadcrumb\",\"itemListElement\":[{\"@type\":\"ListItem\",\"position\":1,\"name\":\"Home\",\"item\":\"https:\\\/\\\/wordpress.ft.unicamp.br\\\/espmec\\\/\"},{\"@type\":\"ListItem\",\"position\":2,\"name\":\"P\u00fablico\"}]},{\"@type\":\"WebSite\",\"@id\":\"https:\\\/\\\/wordpress.ft.unicamp.br\\\/espmec\\\/#website\",\"url\":\"https:\\\/\\\/wordpress.ft.unicamp.br\\\/espmec\\\/\",\"name\":\"Especialidade Profissional em Mecatr\u00f4nica (100% on-line)\",\"description\":\"Universidade Estadual de Campinas \u2013 Faculdade de Tecnologia\",\"potentialAction\":[{\"@type\":\"SearchAction\",\"target\":{\"@type\":\"EntryPoint\",\"urlTemplate\":\"https:\\\/\\\/wordpress.ft.unicamp.br\\\/espmec\\\/?s={search_term_string}\"},\"query-input\":{\"@type\":\"PropertyValueSpecification\",\"valueRequired\":true,\"valueName\":\"search_term_string\"}}],\"inLanguage\":\"pt-BR\"}]}<\/script>\n<!-- \/ Yoast SEO plugin. -->","yoast_head_json":{"title":"P\u00fablico - Especialidade Profissional em Mecatr\u00f4nica (100% on-line)","robots":{"index":"index","follow":"follow","max-snippet":"max-snippet:-1","max-image-preview":"max-image-preview:large","max-video-preview":"max-video-preview:-1"},"canonical":"https:\/\/wordpress.ft.unicamp.br\/espmec\/publico\/","og_locale":"pt_BR","og_type":"article","og_title":"P\u00fablico - Especialidade Profissional em Mecatr\u00f4nica (100% on-line)","og_description":"P\u00f3s-gradua\u00e7\u00e3o dirigida a profissionais com gradua\u00e7\u00e3o em engenharia, computa\u00e7\u00e3o, cursos superiores de tecnologia e demais \u00e1reas afins. Destina-se ainda aos f\u00edsicos, matem\u00e1ticos, cientistas, professores do ensino t\u00e9cnico, do ensino universit\u00e1rio e demais interessados em especializar-se na \u00e1rea. \u00a0Posi\u00e7\u00f5es de Atua\u00e7\u00e3o Em uma forma ampla, este profissional deve ser capaz de desempenhar os seguintes pap\u00e9is: Projetista Read More","og_url":"https:\/\/wordpress.ft.unicamp.br\/espmec\/publico\/","og_site_name":"Especialidade Profissional em Mecatr\u00f4nica (100% on-line)","article_modified_time":"2025-04-17T09:53:59+00:00","twitter_card":"summary_large_image","twitter_misc":{"Est. tempo de leitura":"1 minuto"},"schema":{"@context":"https:\/\/schema.org","@graph":[{"@type":"WebPage","@id":"https:\/\/wordpress.ft.unicamp.br\/espmec\/publico\/","url":"https:\/\/wordpress.ft.unicamp.br\/espmec\/publico\/","name":"P\u00fablico - Especialidade Profissional em Mecatr\u00f4nica (100% on-line)","isPartOf":{"@id":"https:\/\/wordpress.ft.unicamp.br\/espmec\/#website"},"datePublished":"2015-08-13T05:23:57+00:00","dateModified":"2025-04-17T09:53:59+00:00","breadcrumb":{"@id":"https:\/\/wordpress.ft.unicamp.br\/espmec\/publico\/#breadcrumb"},"inLanguage":"pt-BR","potentialAction":[{"@type":"ReadAction","target":["https:\/\/wordpress.ft.unicamp.br\/espmec\/publico\/"]}]},{"@type":"BreadcrumbList","@id":"https:\/\/wordpress.ft.unicamp.br\/espmec\/publico\/#breadcrumb","itemListElement":[{"@type":"ListItem","position":1,"name":"Home","item":"https:\/\/wordpress.ft.unicamp.br\/espmec\/"},{"@type":"ListItem","position":2,"name":"P\u00fablico"}]},{"@type":"WebSite","@id":"https:\/\/wordpress.ft.unicamp.br\/espmec\/#website","url":"https:\/\/wordpress.ft.unicamp.br\/espmec\/","name":"Especialidade Profissional em Mecatr\u00f4nica (100% on-line)","description":"Universidade Estadual de Campinas \u2013 Faculdade de Tecnologia","potentialAction":[{"@type":"SearchAction","target":{"@type":"EntryPoint","urlTemplate":"https:\/\/wordpress.ft.unicamp.br\/espmec\/?s={search_term_string}"},"query-input":{"@type":"PropertyValueSpecification","valueRequired":true,"valueName":"search_term_string"}}],"inLanguage":"pt-BR"}]}},"_links":{"self":[{"href":"https:\/\/wordpress.ft.unicamp.br\/espmec\/wp-json\/wp\/v2\/pages\/28","targetHints":{"allow":["GET"]}}],"collection":[{"href":"https:\/\/wordpress.ft.unicamp.br\/espmec\/wp-json\/wp\/v2\/pages"}],"about":[{"href":"https:\/\/wordpress.ft.unicamp.br\/espmec\/wp-json\/wp\/v2\/types\/page"}],"author":[{"embeddable":true,"href":"https:\/\/wordpress.ft.unicamp.br\/espmec\/wp-json\/wp\/v2\/users\/1"}],"replies":[{"embeddable":true,"href":"https:\/\/wordpress.ft.unicamp.br\/espmec\/wp-json\/wp\/v2\/comments?post=28"}],"version-history":[{"count":2,"href":"https:\/\/wordpress.ft.unicamp.br\/espmec\/wp-json\/wp\/v2\/pages\/28\/revisions"}],"predecessor-version":[{"id":676,"href":"https:\/\/wordpress.ft.unicamp.br\/espmec\/wp-json\/wp\/v2\/pages\/28\/revisions\/676"}],"wp:attachment":[{"href":"https:\/\/wordpress.ft.unicamp.br\/espmec\/wp-json\/wp\/v2\/media?parent=28"}],"curies":[{"name":"wp","href":"https:\/\/api.w.org\/{rel}","templated":true}]}}