{"id":30,"date":"2015-08-13T05:25:40","date_gmt":"2015-08-13T05:25:40","guid":{"rendered":"https:\/\/localhost\/?page_id=30"},"modified":"2024-07-16T00:19:25","modified_gmt":"2024-07-16T00:19:25","slug":"docentes","status":"publish","type":"page","link":"https:\/\/wordpress.ft.unicamp.br\/espmec\/docentes\/","title":{"rendered":"Docentes"},"content":{"rendered":"\t\t<div data-elementor-type=\"wp-page\" data-elementor-id=\"30\" class=\"elementor elementor-30\">\n\t\t\t\t\t\t<section class=\"elementor-section elementor-top-section elementor-element elementor-element-6ccacee0 elementor-section-boxed elementor-section-height-default elementor-section-height-default\" data-id=\"6ccacee0\" data-element_type=\"section\" data-e-type=\"section\">\n\t\t\t\t\t\t<div class=\"elementor-container elementor-column-gap-default\">\n\t\t\t\t\t<div class=\"elementor-column elementor-col-100 elementor-top-column elementor-element elementor-element-67b17ee3\" data-id=\"67b17ee3\" data-element_type=\"column\" data-e-type=\"column\">\n\t\t\t<div class=\"elementor-widget-wrap elementor-element-populated\">\n\t\t\t\t\t\t<div class=\"elementor-element elementor-element-470b1d66 elementor-widget elementor-widget-text-editor\" data-id=\"470b1d66\" data-element_type=\"widget\" data-e-type=\"widget\" data-widget_type=\"text-editor.default\">\n\t\t\t\t<div class=\"elementor-widget-container\">\n\t\t\t\t\t\t\t\t\t<table><tbody><tr><td width=\"548\"><h4><strong>Rangel Arthur<\/strong><\/h4><p>Doutorado, UNICAMP<\/p><p>\u00c1rea: Sistemas de Vis\u00e3o<\/p><p><u><a href=\"http:\/\/lattes.cnpq.br\/4346810447071054\">Curr\u00edculo<\/a><\/u><\/p><\/td><td width=\"359\">Professor Respons\u00e1vel pelo curso, Pesquisador e Consultor<br \/>Faculdade de Tecnologia &#8211; FT<br \/>Universidade Estadual de Campinas<br \/>UNICAMP<\/td><\/tr><tr><td width=\"548\"><h4><strong>Francisco Jos\u00e9 Arnold<\/strong><\/h4><p>Doutorado, UNICAMP<\/p><p>\u00c1rea: Eletr\u00f4nica<\/p><p><u><a href=\"http:\/\/lattes.cnpq.br\/2324929401155175\">Curr\u00edculo<\/a><\/u><\/p><\/td><td width=\"359\">Professor e Pesquisador<br \/>Faculdade de Tecnologia &#8211; FT<br \/>Universidade Estadual de Campinas<br \/>UNICAMP<\/td><\/tr><tr><td width=\"548\"><h4><strong>Talia<\/strong><strong> Sim\u00f5es dos Santos<\/strong><\/h4><p>Doutorado, UNICAMP<\/p><p>\u00c1rea: Controle e Automa\u00e7\u00e3o<\/p><p><u><a href=\"http:\/\/lattes.cnpq.br\/8764055579040640\">Curr\u00edculo<\/a><\/u><\/p><\/td><td width=\"359\">Professora, Pesquisadora e Consultora<br \/>Faculdade de Tecnologia &#8211; FT<br \/>Universidade Estadual de Campinas<br \/>UNICAMP<\/td><\/tr><tr><td width=\"548\"><h4><strong>Antonio<\/strong><strong> Carlos Zambon<\/strong><\/h4><p>Doutorado, UFSC<\/p><p>\u00c1rea: Engenharia de Produ\u00e7\u00e3o<\/p><p><u><a href=\"http:\/\/lattes.cnpq.br\/6938680728798425\">Curr\u00edculo<\/a><\/u><\/p><\/td><td width=\"359\">\u00a0Professor, Pesquisador e Consultor<br \/>Faculdade de Tecnologia &#8211; FT<br \/>Universidade Estadual de Campinas<br \/>UNICAMP<\/td><\/tr><tr><td width=\"548\"><h4><strong>Jo\u00e3o Francisco Foganholi<\/strong><\/h4><p>Mestre, Unicamp<\/p><p>\u00c1rea: Automa\u00e7\u00e3o<\/p><\/td><td width=\"359\">Professor e Pesquisador<br \/>Faculdade de Engenharia Mec\u00e2nica &#8211; FEM<br \/>Universidade Estadual de Campinas<br \/>UNICAMP<\/td><\/tr><tr><td width=\"548\"><h4><strong>Leandro Ronchini Ximenes<\/strong><\/h4><p>Doutorado, Fran\u00e7a<\/p><p>\u00c1rea: Processamento de Sinais<\/p><p><u><a href=\"http:\/\/lattes.cnpq.br\/7221501929005386\">Curr\u00edculo<\/a><\/u><\/p><\/td><td width=\"359\">Professor, Pesquisador e Consultor<br \/>Faculdade de Tecnologia &#8211; FT<br \/>Universidade Estadual de Campinas<br \/>UNICAMP<\/td><\/tr><tr><td width=\"548\"><h4><strong>Jos\u00e9 Martins Junior<\/strong><\/h4><p>Doutorado, EESC\/USP<\/p><p>\u00c1rea: Rob\u00f3tica<\/p><p><u><a href=\"http:\/\/lattes.cnpq.br\/8107811058749982\">Curr\u00edculo<\/a><\/u><\/p><\/td><td width=\"359\">Professor e Pesquisador EEP<\/td><\/tr><tr><td width=\"548\"><h4><strong>Francisco Frambrini<\/strong><\/h4><p>Doutorado, UFSCAR<\/p><p>\u00c1rea: Sistemas Microcontrolados<\/p><p><u><a href=\"http:\/\/lattes.cnpq.br\/2870135721044417\">Curr\u00edculo<\/a><\/u><\/p><\/td><td width=\"359\">UNIVESP<\/td><\/tr><tr><td width=\"548\"><h4><strong>Luis Augusto Lib\u00f3rio Fonseca<\/strong><\/h4><p>Doutorado, UNICAMP<\/p><p>\u00c1rea: Sistemas Inteligentes<\/p><p><u><a href=\"http:\/\/lattes.cnpq.br\/4250093618980711\">Curr\u00edculo<\/a><\/u><\/p><\/td><td width=\"359\">Projectista da Ford na \u00c1rea de Deep Learning<\/td><\/tr><tr><td width=\"548\">\u00a0<\/td><td width=\"359\">\u00a0<\/td><\/tr><\/tbody><\/table><p>* Grupo de colaboradores entre os quais s\u00e3o indicados os docentes de uma turma do curso.<\/p>\t\t\t\t\t\t\t\t<\/div>\n\t\t\t\t<\/div>\n\t\t\t\t\t<\/div>\n\t\t<\/div>\n\t\t\t\t\t<\/div>\n\t\t<\/section>\n\t\t\t\t<\/div>\n\t\t","protected":false},"excerpt":{"rendered":"<p>Rangel Arthur Doutorado, UNICAMP \u00c1rea: Sistemas de Vis\u00e3o Curr\u00edculo Professor Respons\u00e1vel pelo curso, Pesquisador e ConsultorFaculdade de Tecnologia &#8211; FTUniversidade Estadual de CampinasUNICAMP Francisco Jos\u00e9 Arnold Doutorado, UNICAMP \u00c1rea: Eletr\u00f4nica Curr\u00edculo Professor e PesquisadorFaculdade de Tecnologia &#8211; FTUniversidade Estadual de CampinasUNICAMP Talia Sim\u00f5es dos Santos Doutorado, UNICAMP \u00c1rea: Controle e Automa\u00e7\u00e3o Curr\u00edculo Professora, Pesquisadora e <a class=\"read-more\" href=\"https:\/\/wordpress.ft.unicamp.br\/espmec\/docentes\/\">Read More<\/a><\/p>\n","protected":false},"author":1,"featured_media":0,"parent":0,"menu_order":3,"comment_status":"closed","ping_status":"closed","template":"","meta":{"footnotes":""},"class_list":["post-30","page","type-page","status-publish","hentry"],"yoast_head":"<!-- This site is optimized with the Yoast SEO plugin v27.3 - https:\/\/yoast.com\/product\/yoast-seo-wordpress\/ -->\n<title>Docentes - Especialidade Profissional em Mecatr\u00f4nica (100% on-line)<\/title>\n<meta name=\"robots\" content=\"index, follow, max-snippet:-1, max-image-preview:large, max-video-preview:-1\" \/>\n<link rel=\"canonical\" href=\"https:\/\/wordpress.ft.unicamp.br\/espmec\/docentes\/\" \/>\n<meta property=\"og:locale\" content=\"pt_BR\" \/>\n<meta property=\"og:type\" content=\"article\" \/>\n<meta property=\"og:title\" content=\"Docentes - Especialidade Profissional em Mecatr\u00f4nica (100% on-line)\" \/>\n<meta property=\"og:description\" content=\"Rangel Arthur Doutorado, UNICAMP \u00c1rea: Sistemas de Vis\u00e3o Curr\u00edculo Professor Respons\u00e1vel pelo curso, Pesquisador e ConsultorFaculdade de Tecnologia &#8211; FTUniversidade Estadual de CampinasUNICAMP Francisco Jos\u00e9 Arnold Doutorado, UNICAMP \u00c1rea: Eletr\u00f4nica Curr\u00edculo Professor e PesquisadorFaculdade de Tecnologia &#8211; FTUniversidade Estadual de CampinasUNICAMP Talia Sim\u00f5es dos Santos Doutorado, UNICAMP \u00c1rea: Controle e Automa\u00e7\u00e3o Curr\u00edculo Professora, Pesquisadora e Read More\" \/>\n<meta property=\"og:url\" content=\"https:\/\/wordpress.ft.unicamp.br\/espmec\/docentes\/\" \/>\n<meta property=\"og:site_name\" content=\"Especialidade Profissional em Mecatr\u00f4nica (100% on-line)\" \/>\n<meta property=\"article:modified_time\" content=\"2024-07-16T00:19:25+00:00\" \/>\n<meta name=\"twitter:card\" content=\"summary_large_image\" \/>\n<meta name=\"twitter:label1\" content=\"Est. tempo de leitura\" \/>\n\t<meta name=\"twitter:data1\" content=\"2 minutos\" \/>\n<script type=\"application\/ld+json\" class=\"yoast-schema-graph\">{\"@context\":\"https:\\\/\\\/schema.org\",\"@graph\":[{\"@type\":\"WebPage\",\"@id\":\"https:\\\/\\\/wordpress.ft.unicamp.br\\\/espmec\\\/docentes\\\/\",\"url\":\"https:\\\/\\\/wordpress.ft.unicamp.br\\\/espmec\\\/docentes\\\/\",\"name\":\"Docentes - Especialidade Profissional em Mecatr\u00f4nica (100% on-line)\",\"isPartOf\":{\"@id\":\"https:\\\/\\\/wordpress.ft.unicamp.br\\\/espmec\\\/#website\"},\"datePublished\":\"2015-08-13T05:25:40+00:00\",\"dateModified\":\"2024-07-16T00:19:25+00:00\",\"breadcrumb\":{\"@id\":\"https:\\\/\\\/wordpress.ft.unicamp.br\\\/espmec\\\/docentes\\\/#breadcrumb\"},\"inLanguage\":\"pt-BR\",\"potentialAction\":[{\"@type\":\"ReadAction\",\"target\":[\"https:\\\/\\\/wordpress.ft.unicamp.br\\\/espmec\\\/docentes\\\/\"]}]},{\"@type\":\"BreadcrumbList\",\"@id\":\"https:\\\/\\\/wordpress.ft.unicamp.br\\\/espmec\\\/docentes\\\/#breadcrumb\",\"itemListElement\":[{\"@type\":\"ListItem\",\"position\":1,\"name\":\"Home\",\"item\":\"https:\\\/\\\/wordpress.ft.unicamp.br\\\/espmec\\\/\"},{\"@type\":\"ListItem\",\"position\":2,\"name\":\"Docentes\"}]},{\"@type\":\"WebSite\",\"@id\":\"https:\\\/\\\/wordpress.ft.unicamp.br\\\/espmec\\\/#website\",\"url\":\"https:\\\/\\\/wordpress.ft.unicamp.br\\\/espmec\\\/\",\"name\":\"Especialidade Profissional em Mecatr\u00f4nica (100% on-line)\",\"description\":\"Universidade Estadual de Campinas \u2013 Faculdade de Tecnologia\",\"potentialAction\":[{\"@type\":\"SearchAction\",\"target\":{\"@type\":\"EntryPoint\",\"urlTemplate\":\"https:\\\/\\\/wordpress.ft.unicamp.br\\\/espmec\\\/?s={search_term_string}\"},\"query-input\":{\"@type\":\"PropertyValueSpecification\",\"valueRequired\":true,\"valueName\":\"search_term_string\"}}],\"inLanguage\":\"pt-BR\"}]}<\/script>\n<!-- \/ Yoast SEO plugin. -->","yoast_head_json":{"title":"Docentes - Especialidade Profissional em Mecatr\u00f4nica (100% on-line)","robots":{"index":"index","follow":"follow","max-snippet":"max-snippet:-1","max-image-preview":"max-image-preview:large","max-video-preview":"max-video-preview:-1"},"canonical":"https:\/\/wordpress.ft.unicamp.br\/espmec\/docentes\/","og_locale":"pt_BR","og_type":"article","og_title":"Docentes - Especialidade Profissional em Mecatr\u00f4nica (100% on-line)","og_description":"Rangel Arthur Doutorado, UNICAMP \u00c1rea: Sistemas de Vis\u00e3o Curr\u00edculo Professor Respons\u00e1vel pelo curso, Pesquisador e ConsultorFaculdade de Tecnologia &#8211; FTUniversidade Estadual de CampinasUNICAMP Francisco Jos\u00e9 Arnold Doutorado, UNICAMP \u00c1rea: Eletr\u00f4nica Curr\u00edculo Professor e PesquisadorFaculdade de Tecnologia &#8211; FTUniversidade Estadual de CampinasUNICAMP Talia Sim\u00f5es dos Santos Doutorado, UNICAMP \u00c1rea: Controle e Automa\u00e7\u00e3o Curr\u00edculo Professora, Pesquisadora e Read More","og_url":"https:\/\/wordpress.ft.unicamp.br\/espmec\/docentes\/","og_site_name":"Especialidade Profissional em Mecatr\u00f4nica (100% on-line)","article_modified_time":"2024-07-16T00:19:25+00:00","twitter_card":"summary_large_image","twitter_misc":{"Est. tempo de leitura":"2 minutos"},"schema":{"@context":"https:\/\/schema.org","@graph":[{"@type":"WebPage","@id":"https:\/\/wordpress.ft.unicamp.br\/espmec\/docentes\/","url":"https:\/\/wordpress.ft.unicamp.br\/espmec\/docentes\/","name":"Docentes - Especialidade Profissional em Mecatr\u00f4nica (100% on-line)","isPartOf":{"@id":"https:\/\/wordpress.ft.unicamp.br\/espmec\/#website"},"datePublished":"2015-08-13T05:25:40+00:00","dateModified":"2024-07-16T00:19:25+00:00","breadcrumb":{"@id":"https:\/\/wordpress.ft.unicamp.br\/espmec\/docentes\/#breadcrumb"},"inLanguage":"pt-BR","potentialAction":[{"@type":"ReadAction","target":["https:\/\/wordpress.ft.unicamp.br\/espmec\/docentes\/"]}]},{"@type":"BreadcrumbList","@id":"https:\/\/wordpress.ft.unicamp.br\/espmec\/docentes\/#breadcrumb","itemListElement":[{"@type":"ListItem","position":1,"name":"Home","item":"https:\/\/wordpress.ft.unicamp.br\/espmec\/"},{"@type":"ListItem","position":2,"name":"Docentes"}]},{"@type":"WebSite","@id":"https:\/\/wordpress.ft.unicamp.br\/espmec\/#website","url":"https:\/\/wordpress.ft.unicamp.br\/espmec\/","name":"Especialidade Profissional em Mecatr\u00f4nica (100% on-line)","description":"Universidade Estadual de Campinas \u2013 Faculdade de Tecnologia","potentialAction":[{"@type":"SearchAction","target":{"@type":"EntryPoint","urlTemplate":"https:\/\/wordpress.ft.unicamp.br\/espmec\/?s={search_term_string}"},"query-input":{"@type":"PropertyValueSpecification","valueRequired":true,"valueName":"search_term_string"}}],"inLanguage":"pt-BR"}]}},"_links":{"self":[{"href":"https:\/\/wordpress.ft.unicamp.br\/espmec\/wp-json\/wp\/v2\/pages\/30","targetHints":{"allow":["GET"]}}],"collection":[{"href":"https:\/\/wordpress.ft.unicamp.br\/espmec\/wp-json\/wp\/v2\/pages"}],"about":[{"href":"https:\/\/wordpress.ft.unicamp.br\/espmec\/wp-json\/wp\/v2\/types\/page"}],"author":[{"embeddable":true,"href":"https:\/\/wordpress.ft.unicamp.br\/espmec\/wp-json\/wp\/v2\/users\/1"}],"replies":[{"embeddable":true,"href":"https:\/\/wordpress.ft.unicamp.br\/espmec\/wp-json\/wp\/v2\/comments?post=30"}],"version-history":[{"count":11,"href":"https:\/\/wordpress.ft.unicamp.br\/espmec\/wp-json\/wp\/v2\/pages\/30\/revisions"}],"predecessor-version":[{"id":666,"href":"https:\/\/wordpress.ft.unicamp.br\/espmec\/wp-json\/wp\/v2\/pages\/30\/revisions\/666"}],"wp:attachment":[{"href":"https:\/\/wordpress.ft.unicamp.br\/espmec\/wp-json\/wp\/v2\/media?parent=30"}],"curies":[{"name":"wp","href":"https:\/\/api.w.org\/{rel}","templated":true}]}}