{"id":59,"date":"2015-08-13T06:24:30","date_gmt":"2015-08-13T06:24:30","guid":{"rendered":"https:\/\/localhost\/?page_id=59"},"modified":"2019-12-07T10:43:43","modified_gmt":"2019-12-07T10:43:43","slug":"contato","status":"publish","type":"page","link":"https:\/\/wordpress.ft.unicamp.br\/espmec\/contato\/","title":{"rendered":"Contato"},"content":{"rendered":"<table width=\"100%\">\n<tbody>\n<tr>\n<td style=\"text-align: right\" width=\"451\"><strong>COORDENA\u00c7\u00c3O DO CURSO DE ESPECIALIZA\u00c7\u00c3O<\/strong>\u00a0<strong><br \/>\n<\/strong><strong>FT \/ UNICAMP\u00a0<\/strong><\/td>\n<td>\n<ul>\n<li><strong>Prof. Dr. Rangel Arthur.<\/strong><\/li>\n<li><a href=\"mailto:rangel@ft.unicamp.br\">rangel@ft.unicamp.br<\/a><\/li>\n<\/ul>\n<\/td>\n<\/tr>\n<tr>\n<td style=\"text-align: right\" width=\"451\"><strong>SECRET\u00c1RIA DE EXTENS\u00c3O<\/strong><br \/>\n<strong>FT \/ UNICAMP\u00a0<\/strong><\/td>\n<td>\n<ul>\n<li><a href=\"mailto:marcial@ceset.unicamp.br\">extensao<\/a><a href=\"mailto:marcial@ceset.unicamp.br\">@ft.unicamp.br<\/a><\/li>\n<li><strong>Telefone:\u00a0<\/strong><strong>(19) 2113-3353<\/strong><\/li>\n<li><strong>Hor\u00e1rios (segunda-feira a sexta-feira): das 13h as 22h<\/strong><\/li>\n<\/ul>\n<\/td>\n<\/tr>\n<tr>\n<td style=\"text-align: right\" width=\"451\"><\/td>\n<td><\/td>\n<\/tr>\n<\/tbody>\n<\/table>\n<p><strong>Endere\u00e7o\u00a0para Correspond\u00eancias:<\/strong><\/p>\n<p>Faculdade de Tecnologia &#8211; FT \/ Secretaria de Extens\u00e3o<\/p>\n<p>UNICAMP &#8211; Campus I<\/p>\n<p>Rua Paschoal Marmo, 1888<\/p>\n<p>Jardim Nova It\u00e1lia,\u00a0CEP 13484-332<\/p>\n<p>Limeira &#8211; SP<\/p>\n","protected":false},"excerpt":{"rendered":"<p>COORDENA\u00c7\u00c3O DO CURSO DE ESPECIALIZA\u00c7\u00c3O\u00a0 FT \/ UNICAMP\u00a0 Prof. Dr. Rangel Arthur. rangel@ft.unicamp.br SECRET\u00c1RIA DE EXTENS\u00c3O FT \/ UNICAMP\u00a0 extensao@ft.unicamp.br Telefone:\u00a0(19) 2113-3353 Hor\u00e1rios (segunda-feira a sexta-feira): das 13h as 22h Endere\u00e7o\u00a0para Correspond\u00eancias: Faculdade de Tecnologia &#8211; FT \/ Secretaria de Extens\u00e3o UNICAMP &#8211; Campus I Rua Paschoal Marmo, 1888 Jardim Nova It\u00e1lia,\u00a0CEP 13484-332 Limeira &#8211; <a class=\"read-more\" href=\"https:\/\/wordpress.ft.unicamp.br\/espmec\/contato\/\">Read More<\/a><\/p>\n","protected":false},"author":1,"featured_media":0,"parent":0,"menu_order":4,"comment_status":"closed","ping_status":"closed","template":"","meta":{"footnotes":""},"class_list":["post-59","page","type-page","status-publish","hentry"],"yoast_head":"<!-- This site is optimized with the Yoast SEO plugin v27.3 - https:\/\/yoast.com\/product\/yoast-seo-wordpress\/ -->\n<title>Contato - Especialidade Profissional em Mecatr\u00f4nica (100% on-line)<\/title>\n<meta name=\"robots\" content=\"index, follow, max-snippet:-1, max-image-preview:large, max-video-preview:-1\" \/>\n<link rel=\"canonical\" href=\"https:\/\/wordpress.ft.unicamp.br\/espmec\/contato\/\" \/>\n<meta property=\"og:locale\" content=\"pt_BR\" \/>\n<meta property=\"og:type\" content=\"article\" \/>\n<meta property=\"og:title\" content=\"Contato - Especialidade Profissional em Mecatr\u00f4nica (100% on-line)\" \/>\n<meta property=\"og:description\" content=\"COORDENA\u00c7\u00c3O DO CURSO DE ESPECIALIZA\u00c7\u00c3O\u00a0 FT \/ UNICAMP\u00a0 Prof. Dr. Rangel Arthur. rangel@ft.unicamp.br SECRET\u00c1RIA DE EXTENS\u00c3O FT \/ UNICAMP\u00a0 extensao@ft.unicamp.br Telefone:\u00a0(19) 2113-3353 Hor\u00e1rios (segunda-feira a sexta-feira): das 13h as 22h Endere\u00e7o\u00a0para Correspond\u00eancias: Faculdade de Tecnologia &#8211; FT \/ Secretaria de Extens\u00e3o UNICAMP &#8211; Campus I Rua Paschoal Marmo, 1888 Jardim Nova It\u00e1lia,\u00a0CEP 13484-332 Limeira &#8211; Read More\" \/>\n<meta property=\"og:url\" content=\"https:\/\/wordpress.ft.unicamp.br\/espmec\/contato\/\" \/>\n<meta property=\"og:site_name\" content=\"Especialidade Profissional em Mecatr\u00f4nica (100% on-line)\" \/>\n<meta property=\"article:modified_time\" content=\"2019-12-07T10:43:43+00:00\" \/>\n<meta name=\"twitter:card\" content=\"summary_large_image\" \/>\n<script type=\"application\/ld+json\" class=\"yoast-schema-graph\">{\"@context\":\"https:\\\/\\\/schema.org\",\"@graph\":[{\"@type\":\"WebPage\",\"@id\":\"https:\\\/\\\/wordpress.ft.unicamp.br\\\/espmec\\\/contato\\\/\",\"url\":\"https:\\\/\\\/wordpress.ft.unicamp.br\\\/espmec\\\/contato\\\/\",\"name\":\"Contato - Especialidade Profissional em Mecatr\u00f4nica (100% on-line)\",\"isPartOf\":{\"@id\":\"https:\\\/\\\/wordpress.ft.unicamp.br\\\/espmec\\\/#website\"},\"datePublished\":\"2015-08-13T06:24:30+00:00\",\"dateModified\":\"2019-12-07T10:43:43+00:00\",\"breadcrumb\":{\"@id\":\"https:\\\/\\\/wordpress.ft.unicamp.br\\\/espmec\\\/contato\\\/#breadcrumb\"},\"inLanguage\":\"pt-BR\",\"potentialAction\":[{\"@type\":\"ReadAction\",\"target\":[\"https:\\\/\\\/wordpress.ft.unicamp.br\\\/espmec\\\/contato\\\/\"]}]},{\"@type\":\"BreadcrumbList\",\"@id\":\"https:\\\/\\\/wordpress.ft.unicamp.br\\\/espmec\\\/contato\\\/#breadcrumb\",\"itemListElement\":[{\"@type\":\"ListItem\",\"position\":1,\"name\":\"Home\",\"item\":\"https:\\\/\\\/wordpress.ft.unicamp.br\\\/espmec\\\/\"},{\"@type\":\"ListItem\",\"position\":2,\"name\":\"Contato\"}]},{\"@type\":\"WebSite\",\"@id\":\"https:\\\/\\\/wordpress.ft.unicamp.br\\\/espmec\\\/#website\",\"url\":\"https:\\\/\\\/wordpress.ft.unicamp.br\\\/espmec\\\/\",\"name\":\"Especialidade Profissional em Mecatr\u00f4nica (100% on-line)\",\"description\":\"Universidade Estadual de Campinas \u2013 Faculdade de Tecnologia\",\"potentialAction\":[{\"@type\":\"SearchAction\",\"target\":{\"@type\":\"EntryPoint\",\"urlTemplate\":\"https:\\\/\\\/wordpress.ft.unicamp.br\\\/espmec\\\/?s={search_term_string}\"},\"query-input\":{\"@type\":\"PropertyValueSpecification\",\"valueRequired\":true,\"valueName\":\"search_term_string\"}}],\"inLanguage\":\"pt-BR\"}]}<\/script>\n<!-- \/ Yoast SEO plugin. -->","yoast_head_json":{"title":"Contato - Especialidade Profissional em Mecatr\u00f4nica (100% on-line)","robots":{"index":"index","follow":"follow","max-snippet":"max-snippet:-1","max-image-preview":"max-image-preview:large","max-video-preview":"max-video-preview:-1"},"canonical":"https:\/\/wordpress.ft.unicamp.br\/espmec\/contato\/","og_locale":"pt_BR","og_type":"article","og_title":"Contato - Especialidade Profissional em Mecatr\u00f4nica (100% on-line)","og_description":"COORDENA\u00c7\u00c3O DO CURSO DE ESPECIALIZA\u00c7\u00c3O\u00a0 FT \/ UNICAMP\u00a0 Prof. Dr. Rangel Arthur. rangel@ft.unicamp.br SECRET\u00c1RIA DE EXTENS\u00c3O FT \/ UNICAMP\u00a0 extensao@ft.unicamp.br Telefone:\u00a0(19) 2113-3353 Hor\u00e1rios (segunda-feira a sexta-feira): das 13h as 22h Endere\u00e7o\u00a0para Correspond\u00eancias: Faculdade de Tecnologia &#8211; FT \/ Secretaria de Extens\u00e3o UNICAMP &#8211; Campus I Rua Paschoal Marmo, 1888 Jardim Nova It\u00e1lia,\u00a0CEP 13484-332 Limeira &#8211; Read More","og_url":"https:\/\/wordpress.ft.unicamp.br\/espmec\/contato\/","og_site_name":"Especialidade Profissional em Mecatr\u00f4nica (100% on-line)","article_modified_time":"2019-12-07T10:43:43+00:00","twitter_card":"summary_large_image","schema":{"@context":"https:\/\/schema.org","@graph":[{"@type":"WebPage","@id":"https:\/\/wordpress.ft.unicamp.br\/espmec\/contato\/","url":"https:\/\/wordpress.ft.unicamp.br\/espmec\/contato\/","name":"Contato - Especialidade Profissional em Mecatr\u00f4nica (100% on-line)","isPartOf":{"@id":"https:\/\/wordpress.ft.unicamp.br\/espmec\/#website"},"datePublished":"2015-08-13T06:24:30+00:00","dateModified":"2019-12-07T10:43:43+00:00","breadcrumb":{"@id":"https:\/\/wordpress.ft.unicamp.br\/espmec\/contato\/#breadcrumb"},"inLanguage":"pt-BR","potentialAction":[{"@type":"ReadAction","target":["https:\/\/wordpress.ft.unicamp.br\/espmec\/contato\/"]}]},{"@type":"BreadcrumbList","@id":"https:\/\/wordpress.ft.unicamp.br\/espmec\/contato\/#breadcrumb","itemListElement":[{"@type":"ListItem","position":1,"name":"Home","item":"https:\/\/wordpress.ft.unicamp.br\/espmec\/"},{"@type":"ListItem","position":2,"name":"Contato"}]},{"@type":"WebSite","@id":"https:\/\/wordpress.ft.unicamp.br\/espmec\/#website","url":"https:\/\/wordpress.ft.unicamp.br\/espmec\/","name":"Especialidade Profissional em Mecatr\u00f4nica (100% on-line)","description":"Universidade Estadual de Campinas \u2013 Faculdade de Tecnologia","potentialAction":[{"@type":"SearchAction","target":{"@type":"EntryPoint","urlTemplate":"https:\/\/wordpress.ft.unicamp.br\/espmec\/?s={search_term_string}"},"query-input":{"@type":"PropertyValueSpecification","valueRequired":true,"valueName":"search_term_string"}}],"inLanguage":"pt-BR"}]}},"_links":{"self":[{"href":"https:\/\/wordpress.ft.unicamp.br\/espmec\/wp-json\/wp\/v2\/pages\/59","targetHints":{"allow":["GET"]}}],"collection":[{"href":"https:\/\/wordpress.ft.unicamp.br\/espmec\/wp-json\/wp\/v2\/pages"}],"about":[{"href":"https:\/\/wordpress.ft.unicamp.br\/espmec\/wp-json\/wp\/v2\/types\/page"}],"author":[{"embeddable":true,"href":"https:\/\/wordpress.ft.unicamp.br\/espmec\/wp-json\/wp\/v2\/users\/1"}],"replies":[{"embeddable":true,"href":"https:\/\/wordpress.ft.unicamp.br\/espmec\/wp-json\/wp\/v2\/comments?post=59"}],"version-history":[{"count":1,"href":"https:\/\/wordpress.ft.unicamp.br\/espmec\/wp-json\/wp\/v2\/pages\/59\/revisions"}],"predecessor-version":[{"id":283,"href":"https:\/\/wordpress.ft.unicamp.br\/espmec\/wp-json\/wp\/v2\/pages\/59\/revisions\/283"}],"wp:attachment":[{"href":"https:\/\/wordpress.ft.unicamp.br\/espmec\/wp-json\/wp\/v2\/media?parent=59"}],"curies":[{"name":"wp","href":"https:\/\/api.w.org\/{rel}","templated":true}]}}