{"id":61,"date":"2015-08-13T06:51:20","date_gmt":"2015-08-13T06:51:20","guid":{"rendered":"https:\/\/localhost\/?page_id=61"},"modified":"2025-08-01T19:19:22","modified_gmt":"2025-08-01T19:19:22","slug":"perguntas","status":"publish","type":"page","link":"https:\/\/wordpress.ft.unicamp.br\/espmec\/perguntas\/","title":{"rendered":"Perguntas"},"content":{"rendered":"<ul>\n<li><strong>Em que n\u00edvel de forma\u00e7\u00e3o continuada est\u00e1 posicionado o curso?<\/strong><\/li>\n<\/ul>\n<p>O aluno que possui a gradua\u00e7\u00e3o encontrar\u00e1 na especialidade profissional a oportunidade de aumentar o seu n\u00edvel de forma\u00e7\u00e3o profissional obtendo conhecimentos detalhados sobre a \u00e1rea de MECATR\u00d4NICA. Assim, poder\u00e1 se posicionar mais adequadamente para escolhas de tecnologias e solu\u00e7\u00f5es, que podem incluir a necessidade de certifica\u00e7\u00f5es.<\/p>\n<p>O aluno que j\u00e1 possui certifica\u00e7\u00f5es encontrar\u00e1 no curso a oportunidade de generalizar os seus conhecimentos, ampliando sua vis\u00e3o de diversas tecnologias relacionadas com MECATR\u00d4NICA, desvinculando-se de solu\u00e7\u00f5es espec\u00edficas adotadas pelas empresas fornecedoras de Gerenciadores de MECATR\u00d4NICA e de ferramentas.<\/p>\n<p>Entre cursos de gradua\u00e7\u00e3o, especializa\u00e7\u00e3o e certifica\u00e7\u00f5es, o curso de p\u00f3s-gradua\u00e7\u00e3o em Mecatr\u00f4nica se coloca em posi\u00e7\u00e3o intermedi\u00e1ria entre a gradua\u00e7\u00e3o e as certifica\u00e7\u00f5es, preocupando-se com a empregabilidade ao aluno.<\/p>\n<p>O aluno que possui a gradua\u00e7\u00e3o encontrar\u00e1 neste curso a oportunidade de aumentar o seu n\u00edvel de forma\u00e7\u00e3o profissional obtendo conhecimentos detalhados sobre a \u00e1rea de Mecatr\u00f4nica. Assim, poder\u00e1 se posicionar mais adequadamente para escolhas de tecnologias e solu\u00e7\u00f5es, que podem incluir a necessidade de certifica\u00e7\u00f5es.<\/p>\n<ul>\n<li><strong>Como est\u00e1 a demanda no mercado de trabalho para um especialista em Automa\u00e7\u00e3o?<\/strong><\/li>\n<\/ul>\n<p>De modo geral, a valoriza\u00e7\u00e3o do profissional especializado tem sido crescente no mercado de trabalho. A alta competitividade entre empresas tem levado ao aumento da procura por profissionais especialistas, al\u00e9m de boas remunera\u00e7\u00f5es. Na pr\u00f3pria macrorregi\u00e3o de Limeira, o n\u00famero de empresas no setor automobil\u00edstico, por exemplo, tem crescido de forma espantosa.<\/p>\n<ul>\n<li><strong>H\u00e1 um limite m\u00e1ximo de alunos por turma. Ao fazer minha inscri\u00e7\u00e3o, notei que j\u00e1 h\u00e1 uma quantidade de inscritos acima da quantidade m\u00e1xima. \u00c9 poss\u00edvel que se consiga uma vaga para matricula mesmo neste caso ?<\/strong><\/li>\n<\/ul>\n<p>Sim. Mesmo que j\u00e1 exista uma quantidade de inscritos acima do limite m\u00e1ximo de alunos, a ordem de inscri\u00e7\u00e3o n\u00e3o representa a ordem de sele\u00e7\u00e3o para matr\u00edcula. Al\u00e9m disso, alunos selecionados podem n\u00e3o efetivar a matr\u00edcula e tamb\u00e9m no conjunto de inscritos podem existir alunos n\u00e3o selecionados por n\u00e3o atender ao perfil.<\/p>\n<ul>\n<li><strong>Qual o n\u00edvel de conhecimento de Mecatr\u00f4nica necess\u00e1rio para realizar o curso?<\/strong><\/li>\n<\/ul>\n<p>No in\u00edcio do curso o aluno ter\u00e1 algumas disciplinas com conceitos b\u00e1sicos que permitir\u00e1 acompanhar as disciplinas de conte\u00fado avan\u00e7ado. Desse modo, n\u00e3o \u00e9 exigido conhecimento espec\u00edfico inicial.<\/p>\n<ul>\n<li><strong>A sele\u00e7\u00e3o de aceitos para matr\u00edcula ocorre seguindo a ordem de inscri\u00e7\u00e3o do sistema da EXTECAMP?<\/strong><\/li>\n<\/ul>\n<p>N\u00e3o. A sele\u00e7\u00e3o n\u00e3o prioriza a ordem das inscri\u00e7\u00f5es. A sele\u00e7\u00e3o de aceitos para matr\u00edcula segue crit\u00e9rios t\u00e9cnicos, com a avalia\u00e7\u00e3o do hist\u00f3rico acad\u00eamico e curr\u00edculo dos inscritos. A an\u00e1lise curricular envolve a avalia\u00e7\u00e3o das atividades profissionais exercidas pelos candidatos e o tempo de experi\u00eancia.<br \/>\nFuturamente, a coordena\u00e7\u00e3o do curso pretende criar uma prova de conhecimentos para utilizar na sele\u00e7\u00e3o.<\/p>\n<ul>\n<li><strong>Qual \u00e9 a fase de carreira ideal para se fazer um curso de p\u00f3s-gradua\u00e7\u00e3o ?<\/strong><\/li>\n<\/ul>\n<p>Depende do projeto de vida, mas entre as situa\u00e7\u00f5es mais comuns temos:<\/p>\n<ol>\n<li>O curso pode ser utilizando por rec\u00e9m formados para potencializar o ingresso no mercado de trabalho.<\/li>\n<li>O curso pode destacar as compet\u00eancias que sustentam uma carreira em estabiliza\u00e7\u00e3o ou progress\u00e3o.<\/li>\n<li>O curso pode reciclar os conhecimentos daqueles que n\u00e3o acompanham as inova\u00e7\u00f5es tecnol\u00f3gicas a algum tempo.<\/li>\n<li>O curso pode ser utilizado para alterar os rumos profissionais, estabelecendo novos caminhos e fronteiras.<\/li>\n<\/ol>\n<ul>\n<li><strong>Ao todo, o curso envolve quantos s\u00e1bados ?<\/strong><\/li>\n<\/ul>\n<p>O Curso ocorre em 44 s\u00e1bados para as 11 disciplinas (pr\u00e1tico\/te\u00f3ricas) obrigat\u00f3rias e 6 s\u00e1bados de realiza\u00e7\u00e3o do TCC (Trabalho de Conclus\u00e3o de Curso). Os 50 s\u00e1bados n\u00e3o s\u00e3o agendados de maneira a ocorrem ininterruptamente. Durante o curso, al\u00e9m dos feriados regulares, ocorrem os s\u00e1bados de recesso e f\u00e9rias acad\u00eamicas, tipicamente no final\/in\u00edcio (dezembro e janeiro) e meio do ano (julho) de cada ano.<\/p>\n<ul>\n<li><strong>A UNICAMP \u00e9 a emissora do certificado de conclus\u00e3o ?<\/strong><\/li>\n<\/ul>\n<p>Baseado em suas atribui\u00e7\u00f5es como universidade, a UNICAMP, atrav\u00e9s de sua Diretoria Acad\u00eamica (DAC), emitir\u00e1 certificado de especialista para o aluno aprovado em todas as disciplinas do curso de Especializa\u00e7\u00e3o.<br \/>\nPara ter o direito a este certificado, o aluno deve atender ao limite m\u00ednimo de freq\u00fc\u00eancia para cada disciplina ( 75% &#8211; setenta e cinco por cento ) e a nota m\u00ednima para aprova\u00e7\u00e3o ( 7,0 &#8211; sete, em uma escala de 0 a 10). O certificado indicar\u00e1 que o aluno concluiu o Curso de Especializa\u00e7\u00e3o, na modalidade extens\u00e3o, em Mecatr\u00f4nica.<br \/>\nO aluno que n\u00e3o desejar ou n\u00e3o conseguir concluir o curso, pode solicitar \u00e0 UNICAMP a emiss\u00e3o de certificado de conclus\u00e3o de disciplinas isoladas do curso de Especializa\u00e7\u00e3o.<\/p>\n<ul>\n<li><strong>H\u00e1 possibilidade de bolsa de estudos ?<\/strong><\/li>\n<\/ul>\n<p>O curso pode oferecer bolsa de estudo parcial (em pequena quantidade) apenas para candidatos aceitos para matr\u00edcula que comprovem (por documentos) terem renda baixa, em compara\u00e7\u00e3o com o valor das parcelas mensais do curso, mas que tenham condi\u00e7\u00f5es de realizar e completar o curso pagando uma porcentagem do custo do curso.\u00a0 Toda solicita\u00e7\u00e3o de bolsa \u00e9 avaliada, ap\u00f3s aceita\u00e7\u00e3o de matricula, considerando a documenta\u00e7\u00e3o de renda apresentada e a disponibilidade de bolsa, dentro da cota dispon\u00edvel.<\/p>\n<ul>\n<li><strong>As disciplinas do curso s\u00e3o pr\u00e1ticas em laborat\u00f3rio?<\/strong><\/li>\n<\/ul>\n<p>Todas as disciplinas do curso t\u00eam conte\u00fado de aplica\u00e7\u00e3o pr\u00e1tica (veja rela\u00e7\u00e3o de\u00a0<a href=\"http:\/\/www.ft.unicamp.br\/docentes\/espmec\/disciplinas\/\">disciplinas<\/a>), voltado \u00e0s demandas de conhecimento envolvidas com o trabalho em Automa\u00e7\u00e3o e Controle. Aproximadamente, 80% das aulas do curso envolvem pr\u00e1ticas, sendo as demais aulas correspondendo a atividades de estudo, pesquisa e trabalhos de avalia\u00e7\u00e3o.<\/p>\n<ul>\n<li><strong>Al\u00e9m da mensalidade, terei custos com o material did\u00e1tico?<\/strong><\/li>\n<\/ul>\n<p>Os materiais did\u00e1ticos utilizados no curso ficam dispon\u00edveis em formato digital, em\u00a0webgroup site\u00a0com acesso exclusivo. Al\u00e9m disso, como aluno da UNICAMP, voc\u00ea tem acesso a um grande acervo de livros das diversas bibliotecas da universidade (<a href=\"http:\/\/www.unicamp.br\/bc\/\">link<\/a>), nos campi de Limeira e Campinas,\u00a0 para complementar os estudos.<\/p>\n<ul>\n<li><strong>Al\u00e9m do hor\u00e1rio programado para as aulas, o curso ir\u00e1 requer horas adicionais para atividades?<\/strong><\/li>\n<\/ul>\n<p>O aluno deve gerenciar o seu tempo de dedica\u00e7\u00e3o ao curso. Considerando o volume e complexidade de conhecimento exigidos de um profissional que deseja ser um especialista em Mecatr\u00f4nica, ser\u00e1 necess\u00e1rio um tempo de dedica\u00e7\u00e3o, de acordo com cada disciplina, para a realiza\u00e7\u00e3o de estudos, pesquisas, programa\u00e7\u00e3o, projetos, instala\u00e7\u00f5es, simula\u00e7\u00f5es e etc., que podem ser realizadas individualmente ou em equipe, a crit\u00e9rio do professor. O aluno deve gerenciar o seu tempo para que aproveite ao m\u00e1ximo o curso sem preju\u00edzo de suas atividades profissionais, familiares e sociais.<\/p>\n<ul>\n<li><strong>Quais s\u00e3o as formas de pagamento ?<\/strong><\/li>\n<\/ul>\n<p>H\u00e1 somente duas formas de pagamento. O pagamento do valor total do curso, na matr\u00edcula, ou o mesmo valor parcelado mensalmente at\u00e9 o termino do curso. Ambas as formas de pagamento s\u00e3o realizadas por boleto banc\u00e1rio.<\/p>\n<ul>\n<li><strong>Onde \u00e9 realizado o curso ?<\/strong><\/li>\n<\/ul>\n<p>O curso \u00e9 totalmente on-line.<\/p>\n<ul>\n<li><strong>O curso est\u00e1 inserido na modalidade p\u00f3s-gradua\u00e7\u00e3o Lato-Sensu ?<\/strong><\/li>\n<\/ul>\n<p>A Especialidade Profissional em Mecatr\u00f4nica est\u00e1 na modalidade Extens\u00e3o Universit\u00e1ria, sendo regulamentada pela Pr\u00f3-Reitoria de Extens\u00e3o.<\/p>\n<p>Os cursos desta modalidade s\u00e3o integrantes do sistema de ensino da UNICAMP com oferecimento sob demanda, quando h\u00e1 quantidade suficiente de alunos inscritos\/matriculados. Com disponibilidade abrangente em diversas \u00e1reas do conhecimento, estes cursos n\u00e3o s\u00e3o gratuitos e s\u00e3o\u00a0destinados a portadores de diploma superior\u00a0que tenham\u00a0interesse pelo setor produtivo privado\u00a0(cargos e fun\u00e7\u00f5es em empresas), para efeito de ingresso ou progress\u00e3o de carreira em empresas e corpora\u00e7\u00f5es que concorrem no mercado de trabalho.<\/p>\n<p>A\u00a0Especializa\u00e7\u00e3o na modalidade\u00a0lato sensu, que n\u00e3o \u00e9 a modalidade deste curso, \u00e9 destinada a portadores de diploma superior que tenham interesse pelo setor p\u00fablico e doc\u00eancia (cargos e fun\u00e7\u00f5es governamentais, professores). A legisla\u00e7\u00e3o federal e estadual vigente estabelece que os cursos na modalidade lato sensu devem ser gratuitos.<\/p>\n<p>Ambas as p\u00f3s-gradua\u00e7\u00f5es contemplam:<\/p>\n<p>Carga hor\u00e1ria m\u00ednima de 360 horas de aula;<br \/>\nCorpo docente qualificado (mestres, doutores e especialistas);<br \/>\nRealiza\u00e7\u00e3o de trabalho de conclus\u00e3o de curso (opcional na extens\u00e3o e obrigat\u00f3rio no\u00a0lato-sensu); Frequ\u00eancia\u00a0m\u00ednima (75%) e notas m\u00ednimas (7.0)\u00a0 para aprova\u00e7\u00e3o.<\/p>\n<p>A maioria dos cursos de p\u00f3s-gradua\u00e7\u00e3o oferecidos pela UNICAMP s\u00e3o na modalidade extens\u00e3o universit\u00e1ria.\u00a0 S\u00e3o cursos oferecidos a mais de 30 anos, tendo ampla aceita\u00e7\u00e3o e reconhecimento no setor produtivo privado, em todas as \u00e1reas de atua\u00e7\u00e3o, incluindo inform\u00e1tica e computa\u00e7\u00e3o.<\/p>\n<ul>\n<li><strong>O formado no curso pode ministrar aulas em institui\u00e7\u00f5es de ensino de n\u00edvel superior ?<\/strong><\/li>\n<\/ul>\n<p>O curso de p\u00f3s-gradua\u00e7\u00e3o em Mecatr\u00f4nica n\u00e3o tem o objetivo de preparar o aluno para a docente, pois todas as disciplinas s\u00e3o estritamente tecnol\u00f3gicas, n\u00e3o havendo disciplinas de cunho educacional\/pedag\u00f3gico. Contudo, o aluno pode ter as compet\u00eancias para a doc\u00eancia oriundas de outro curso e desta forma, agregar ambas as capacita\u00e7\u00f5es. Institui\u00e7\u00f5es de ensino privado costumam n\u00e3o diferenciar as duas modalidades especializa\u00e7\u00e3o, contratando docentes que possuam especializa\u00e7\u00e3o em qualquer das modalidades.<\/p>\n<ul>\n<li><strong>Porque a p\u00f3s-gradua\u00e7\u00e3o em Mecatr\u00f4nica requer um trabalho de conclus\u00e3o, se ele n\u00e3o \u00e9 obrigat\u00f3rio para o modelo extens\u00e3o ?<\/strong><\/li>\n<\/ul>\n<p>A coordena\u00e7\u00e3o do curso optou pelo modelo extens\u00e3o, por estar mais alinhado com o interesse\/necessidade da maioria do p\u00fablico (profissionais) da \u00e1rea de Mecatr\u00f4nica, objetivando que o aluno tenha a m\u00e1xima profundidade nos estudos relacionados a esse tema.<br \/>\nPara atingir este objetivo pedag\u00f3gico, a coordena\u00e7\u00e3o elaborou o Projeto Pedag\u00f3gico do Curso (PPC) contemplando a realiza\u00e7\u00e3o obrigat\u00f3ria de um trabalho final, para que o aluno realize uma pesquisa pr\u00e1tica, com profundidade, sobre um tema de seu interesse dentro da \u00e1rea de Mecatr\u00f4nica, aplicando-o sobre as demandas atuais e futuras de seu trabalho em empresas.<\/p>\n<ul>\n<li><strong>Estou no \u00faltimo semestre de meu curso de gradua\u00e7\u00e3o. Posso realizar a inscri\u00e7\u00e3o mesmo n\u00e3o tendo conclu\u00eddo o curso ?<\/strong><\/li>\n<\/ul>\n<p>O per\u00edodo de inscri\u00e7\u00e3o \u00e9 encerrado em Setembro. At\u00e9 este m\u00eas, o interessado dever\u00e1 ter conclu\u00eddo a sua gradua\u00e7\u00e3o. Recomenda-se que o interessado aguarde at\u00e9 possuir a confirma\u00e7\u00e3o, de sua institui\u00e7\u00e3o, que concluiu o curso de gradua\u00e7\u00e3o para ent\u00e3o fazer a inscri\u00e7\u00e3o e poder consolid\u00e1-la com o envio de todos os documentos.<\/p>\n<ul>\n<li><strong>N\u00e3o disponho de um dos documentos solicitados. A matr\u00edcula \u00e9 poss\u00edvel neste caso ?<\/strong><\/li>\n<\/ul>\n<p>Todos os documentos solicitados nas instru\u00e7\u00f5es de inscri\u00e7\u00e3o devem ser obrigatoriamente entregues. Caso haja falta de algum documento ao final do per\u00edodo de inscri\u00e7\u00e3o, a inscri\u00e7\u00e3o n\u00e3o ser\u00e1 aceita para o processo de sele\u00e7\u00e3o de matr\u00edcula.<\/p>\n","protected":false},"excerpt":{"rendered":"<p>Em que n\u00edvel de forma\u00e7\u00e3o continuada est\u00e1 posicionado o curso? O aluno que possui a gradua\u00e7\u00e3o encontrar\u00e1 na especialidade profissional a oportunidade de aumentar o seu n\u00edvel de forma\u00e7\u00e3o profissional obtendo conhecimentos detalhados sobre a \u00e1rea de MECATR\u00d4NICA. Assim, poder\u00e1 se posicionar mais adequadamente para escolhas de tecnologias e solu\u00e7\u00f5es, que podem incluir a necessidade <a class=\"read-more\" href=\"https:\/\/wordpress.ft.unicamp.br\/espmec\/perguntas\/\">Read More<\/a><\/p>\n","protected":false},"author":1,"featured_media":0,"parent":0,"menu_order":5,"comment_status":"closed","ping_status":"closed","template":"","meta":{"footnotes":""},"class_list":["post-61","page","type-page","status-publish","hentry"],"yoast_head":"<!-- This site is optimized with the Yoast SEO plugin v27.3 - https:\/\/yoast.com\/product\/yoast-seo-wordpress\/ -->\n<title>Perguntas - Especialidade Profissional em Mecatr\u00f4nica (100% on-line)<\/title>\n<meta name=\"robots\" content=\"index, follow, max-snippet:-1, max-image-preview:large, max-video-preview:-1\" \/>\n<link rel=\"canonical\" href=\"https:\/\/wordpress.ft.unicamp.br\/espmec\/perguntas\/\" \/>\n<meta property=\"og:locale\" content=\"pt_BR\" \/>\n<meta property=\"og:type\" content=\"article\" \/>\n<meta property=\"og:title\" content=\"Perguntas - Especialidade Profissional em Mecatr\u00f4nica (100% on-line)\" \/>\n<meta property=\"og:description\" content=\"Em que n\u00edvel de forma\u00e7\u00e3o continuada est\u00e1 posicionado o curso? O aluno que possui a gradua\u00e7\u00e3o encontrar\u00e1 na especialidade profissional a oportunidade de aumentar o seu n\u00edvel de forma\u00e7\u00e3o profissional obtendo conhecimentos detalhados sobre a \u00e1rea de MECATR\u00d4NICA. Assim, poder\u00e1 se posicionar mais adequadamente para escolhas de tecnologias e solu\u00e7\u00f5es, que podem incluir a necessidade Read More\" \/>\n<meta property=\"og:url\" content=\"https:\/\/wordpress.ft.unicamp.br\/espmec\/perguntas\/\" \/>\n<meta property=\"og:site_name\" content=\"Especialidade Profissional em Mecatr\u00f4nica (100% on-line)\" \/>\n<meta property=\"article:modified_time\" content=\"2025-08-01T19:19:22+00:00\" \/>\n<meta name=\"twitter:card\" content=\"summary_large_image\" \/>\n<meta name=\"twitter:label1\" content=\"Est. tempo de leitura\" \/>\n\t<meta name=\"twitter:data1\" content=\"9 minutos\" \/>\n<script type=\"application\/ld+json\" class=\"yoast-schema-graph\">{\"@context\":\"https:\\\/\\\/schema.org\",\"@graph\":[{\"@type\":\"WebPage\",\"@id\":\"https:\\\/\\\/wordpress.ft.unicamp.br\\\/espmec\\\/perguntas\\\/\",\"url\":\"https:\\\/\\\/wordpress.ft.unicamp.br\\\/espmec\\\/perguntas\\\/\",\"name\":\"Perguntas - Especialidade Profissional em Mecatr\u00f4nica (100% on-line)\",\"isPartOf\":{\"@id\":\"https:\\\/\\\/wordpress.ft.unicamp.br\\\/espmec\\\/#website\"},\"datePublished\":\"2015-08-13T06:51:20+00:00\",\"dateModified\":\"2025-08-01T19:19:22+00:00\",\"breadcrumb\":{\"@id\":\"https:\\\/\\\/wordpress.ft.unicamp.br\\\/espmec\\\/perguntas\\\/#breadcrumb\"},\"inLanguage\":\"pt-BR\",\"potentialAction\":[{\"@type\":\"ReadAction\",\"target\":[\"https:\\\/\\\/wordpress.ft.unicamp.br\\\/espmec\\\/perguntas\\\/\"]}]},{\"@type\":\"BreadcrumbList\",\"@id\":\"https:\\\/\\\/wordpress.ft.unicamp.br\\\/espmec\\\/perguntas\\\/#breadcrumb\",\"itemListElement\":[{\"@type\":\"ListItem\",\"position\":1,\"name\":\"Home\",\"item\":\"https:\\\/\\\/wordpress.ft.unicamp.br\\\/espmec\\\/\"},{\"@type\":\"ListItem\",\"position\":2,\"name\":\"Perguntas\"}]},{\"@type\":\"WebSite\",\"@id\":\"https:\\\/\\\/wordpress.ft.unicamp.br\\\/espmec\\\/#website\",\"url\":\"https:\\\/\\\/wordpress.ft.unicamp.br\\\/espmec\\\/\",\"name\":\"Especialidade Profissional em Mecatr\u00f4nica (100% on-line)\",\"description\":\"Universidade Estadual de Campinas \u2013 Faculdade de Tecnologia\",\"potentialAction\":[{\"@type\":\"SearchAction\",\"target\":{\"@type\":\"EntryPoint\",\"urlTemplate\":\"https:\\\/\\\/wordpress.ft.unicamp.br\\\/espmec\\\/?s={search_term_string}\"},\"query-input\":{\"@type\":\"PropertyValueSpecification\",\"valueRequired\":true,\"valueName\":\"search_term_string\"}}],\"inLanguage\":\"pt-BR\"}]}<\/script>\n<!-- \/ Yoast SEO plugin. -->","yoast_head_json":{"title":"Perguntas - Especialidade Profissional em Mecatr\u00f4nica (100% on-line)","robots":{"index":"index","follow":"follow","max-snippet":"max-snippet:-1","max-image-preview":"max-image-preview:large","max-video-preview":"max-video-preview:-1"},"canonical":"https:\/\/wordpress.ft.unicamp.br\/espmec\/perguntas\/","og_locale":"pt_BR","og_type":"article","og_title":"Perguntas - Especialidade Profissional em Mecatr\u00f4nica (100% on-line)","og_description":"Em que n\u00edvel de forma\u00e7\u00e3o continuada est\u00e1 posicionado o curso? O aluno que possui a gradua\u00e7\u00e3o encontrar\u00e1 na especialidade profissional a oportunidade de aumentar o seu n\u00edvel de forma\u00e7\u00e3o profissional obtendo conhecimentos detalhados sobre a \u00e1rea de MECATR\u00d4NICA. Assim, poder\u00e1 se posicionar mais adequadamente para escolhas de tecnologias e solu\u00e7\u00f5es, que podem incluir a necessidade Read More","og_url":"https:\/\/wordpress.ft.unicamp.br\/espmec\/perguntas\/","og_site_name":"Especialidade Profissional em Mecatr\u00f4nica (100% on-line)","article_modified_time":"2025-08-01T19:19:22+00:00","twitter_card":"summary_large_image","twitter_misc":{"Est. tempo de leitura":"9 minutos"},"schema":{"@context":"https:\/\/schema.org","@graph":[{"@type":"WebPage","@id":"https:\/\/wordpress.ft.unicamp.br\/espmec\/perguntas\/","url":"https:\/\/wordpress.ft.unicamp.br\/espmec\/perguntas\/","name":"Perguntas - Especialidade Profissional em Mecatr\u00f4nica (100% on-line)","isPartOf":{"@id":"https:\/\/wordpress.ft.unicamp.br\/espmec\/#website"},"datePublished":"2015-08-13T06:51:20+00:00","dateModified":"2025-08-01T19:19:22+00:00","breadcrumb":{"@id":"https:\/\/wordpress.ft.unicamp.br\/espmec\/perguntas\/#breadcrumb"},"inLanguage":"pt-BR","potentialAction":[{"@type":"ReadAction","target":["https:\/\/wordpress.ft.unicamp.br\/espmec\/perguntas\/"]}]},{"@type":"BreadcrumbList","@id":"https:\/\/wordpress.ft.unicamp.br\/espmec\/perguntas\/#breadcrumb","itemListElement":[{"@type":"ListItem","position":1,"name":"Home","item":"https:\/\/wordpress.ft.unicamp.br\/espmec\/"},{"@type":"ListItem","position":2,"name":"Perguntas"}]},{"@type":"WebSite","@id":"https:\/\/wordpress.ft.unicamp.br\/espmec\/#website","url":"https:\/\/wordpress.ft.unicamp.br\/espmec\/","name":"Especialidade Profissional em Mecatr\u00f4nica (100% on-line)","description":"Universidade Estadual de Campinas \u2013 Faculdade de Tecnologia","potentialAction":[{"@type":"SearchAction","target":{"@type":"EntryPoint","urlTemplate":"https:\/\/wordpress.ft.unicamp.br\/espmec\/?s={search_term_string}"},"query-input":{"@type":"PropertyValueSpecification","valueRequired":true,"valueName":"search_term_string"}}],"inLanguage":"pt-BR"}]}},"_links":{"self":[{"href":"https:\/\/wordpress.ft.unicamp.br\/espmec\/wp-json\/wp\/v2\/pages\/61","targetHints":{"allow":["GET"]}}],"collection":[{"href":"https:\/\/wordpress.ft.unicamp.br\/espmec\/wp-json\/wp\/v2\/pages"}],"about":[{"href":"https:\/\/wordpress.ft.unicamp.br\/espmec\/wp-json\/wp\/v2\/types\/page"}],"author":[{"embeddable":true,"href":"https:\/\/wordpress.ft.unicamp.br\/espmec\/wp-json\/wp\/v2\/users\/1"}],"replies":[{"embeddable":true,"href":"https:\/\/wordpress.ft.unicamp.br\/espmec\/wp-json\/wp\/v2\/comments?post=61"}],"version-history":[{"count":3,"href":"https:\/\/wordpress.ft.unicamp.br\/espmec\/wp-json\/wp\/v2\/pages\/61\/revisions"}],"predecessor-version":[{"id":681,"href":"https:\/\/wordpress.ft.unicamp.br\/espmec\/wp-json\/wp\/v2\/pages\/61\/revisions\/681"}],"wp:attachment":[{"href":"https:\/\/wordpress.ft.unicamp.br\/espmec\/wp-json\/wp\/v2\/media?parent=61"}],"curies":[{"name":"wp","href":"https:\/\/api.w.org\/{rel}","templated":true}]}}