{"id":63,"date":"2015-08-13T06:57:44","date_gmt":"2015-08-13T06:57:44","guid":{"rendered":"https:\/\/localhost\/?page_id=63"},"modified":"2025-11-24T19:20:46","modified_gmt":"2025-11-24T19:20:46","slug":"inscricao-no-curso","status":"publish","type":"page","link":"https:\/\/wordpress.ft.unicamp.br\/espmec\/inscricao-no-curso\/","title":{"rendered":"Inscri\u00e7\u00e3o no Curso"},"content":{"rendered":"<h2>Pr\u00f3xima Turma:\u00a0 2026\u00a0 (15a Turma)<\/h2>\n<table>\n<tbody>\n<tr bgcolor=\"#ccccff\">\n<td width=\"40%\"><strong>Per\u00edodo de Inscri\u00e7\u00e3o<\/strong><\/td>\n<td width=\"60%\">\n<p style=\"text-align: center\"><strong>In\u00edcio: 17\/11\/2025<\/strong><\/p>\n<p style=\"text-align: center\"><strong>T\u00e9rmino: 25\/01\/2026<\/strong><\/p>\n<p style=\"text-align: center\">Data limite de recebimento da documenta\u00e7\u00e3o exigida: <strong>25\/01\/2026<\/strong><\/p>\n<\/td>\n<\/tr>\n<tr>\n<td><strong>Resultado da Sele\u00e7\u00e3o\u00a0<\/strong><br \/>\n<strong>(para inscritos com toda a documenta\u00e7\u00e3o entregue)<\/strong><\/td>\n<td>\n<p style=\"text-align: center\"><strong>Divulga\u00e7\u00e3o da Lista de Aprovados<\/strong><\/p>\n<p style=\"text-align: center\"><strong>26\/01\/2026<\/strong><\/p>\n<\/td>\n<\/tr>\n<tr bgcolor=\"#ccccff\">\n<td><strong>Per\u00edodo de Matr\u00edcula\u00a0<\/strong><br \/>\n<strong>(para selecionados)<\/strong><\/td>\n<td width=\"75%\">\n<p style=\"text-align: center\"><strong>In\u00edcio: 26\/01\/2026<\/strong><\/p>\n<p style=\"text-align: center\"><strong>T\u00e9rmino: 06\/02\/2026*<\/strong><\/p>\n<p style=\"text-align: center\">*\u00a0Data limite de pagamento da matr\u00edcula.<\/p>\n<\/td>\n<\/tr>\n<tr>\n<td><strong>Per\u00edodo do Curso<\/strong><\/td>\n<td>\n<p style=\"text-align: center\"><strong>07\/02\/2026 a 13\/07\/2027<\/strong><\/p>\n<p style=\"text-align: center\">Hor\u00e1rio das aulas:<b>\u00a0<\/b> das 8h \u00e0s 16h<br \/>\nDias das aulas:\u00a0S\u00e1bados<\/p>\n<\/td>\n<\/tr>\n<\/tbody>\n<\/table>\n<p>Interessados em receber uma vers\u00e3o preliminar do\u00a0CALEND\u00c1RIO do CURSO\u00a0poder\u00e3o solicita-la por email (<a href=\"mailto:rangel@ft.unicamp.br\">rangel@ft.unicamp.br<\/a>).\u00a0<strong>Aten\u00e7\u00e3o<\/strong>: Ser\u00e1 enviado o calend\u00e1rio apenas para aqueles que realizaram o cadastro de inscri\u00e7\u00e3o no site da Extecamp (indicado abaixo).<\/p>\n<p>O curso est\u00e1 distribu\u00eddo ao longo de 4 semestres, sendo:<\/p>\n<p><strong>3 semestres<\/strong> para realiza\u00e7\u00e3o dos 44 s\u00e1bados de aulas e<\/p>\n<p><strong>3 meses<\/strong>\u00a0para realiza\u00e7\u00e3o e supervis\u00e3o\/assist\u00eancia remota de TCC.<\/p>\n<p><strong>Investimento<\/strong><\/p>\n<p>Matr\u00edcula (R$ 69,00) + 20 parcelas de R$ 624,45<\/p>\n<p><strong>Requisitos<\/strong><\/p>\n<p>O candidato dever\u00e1 ter conclu\u00eddo curso de n\u00edvel superior, reconhecido pelo MEC, at\u00e9 o final do per\u00edodo de inscri\u00e7\u00f5es.<\/p>\n<p><strong>Procedimentos<\/strong><strong>\u00a0<\/strong><strong>de Inscri\u00e7\u00e3o<\/strong><\/p>\n<p>As inscri\u00e7\u00f5es devem ser realizadas pelo site indicado abaixo.<\/p>\n<blockquote><p>https:\/\/www.extecamp.unicamp.br\/dados.asp?sigla=%84g%CD%C2%5E%EB%DD%9E&amp;of=%F7%13%AC<\/p><\/blockquote>\n<p>As inscri\u00e7\u00f5es pelo site estar\u00e3o dispon\u00edveis somente dentro do per\u00edodo de inscri\u00e7\u00e3o da turma. At\u00e9 o encerramento do prazo de inscri\u00e7\u00e3o, o candidato deve entregar ou enviar pelo correio todos os documentos listados.<\/p>\n<p>DOCUMENTOS :<\/p>\n<ul>\n<li><strong>Formul\u00e1rio de Inscri\u00e7\u00e3o (original assinado), dispon\u00edvel no site de inscri\u00e7\u00e3o<\/strong><\/li>\n<li><strong>RG (c\u00f3pia autenticada). (<\/strong><strong>Carteira de Motorista n\u00e3o \u00e9 aceita pela UNICAMP<\/strong><strong>)<\/strong><\/li>\n<li><strong>CPF (c\u00f3pia simples)<\/strong><\/li>\n<li><strong>Diploma de conclus\u00e3o do Curso Superior<\/strong><strong>(c\u00f3pia autenticada, Frente e Verso)<\/strong><strong>\u00a0<\/strong><strong><br \/>\n(<\/strong><strong>Certificado de Conclus\u00e3o pode ser entregue provisoriamente<\/strong><strong>)<\/strong><\/li>\n<li><strong>Curr\u00edculo resumido (m\u00e1ximo 2 p\u00e1ginas)<\/strong><\/li>\n<\/ul>\n<p>ENDERE\u00c7O (para envio):<\/p>\n<p>Faculdade de Tecnologia &#8211; FT \/ SECRETARIA DE EXTENS\u00c3O<\/p>\n<p>UNICAMP &#8211; Campus I<\/p>\n<p>Rua Paschoal Marmo, 1888<\/p>\n<p>Jd. Nova It\u00e1lia<\/p>\n<p>CEP 13484-332 &#8211; Limeira &#8211; SP<\/p>\n<p>Ap\u00f3s o encerramento do prazo de inscri\u00e7\u00e3o, as documenta\u00e7\u00f5es ser\u00e3o avaliadas e os candidatos selecionados ser\u00e3o notificados da aprova\u00e7\u00e3o (ou pend\u00eancia em lista de espera) e para procederem a matr\u00edcula no prazo que antecede ao in\u00edcio do curso.<\/p>\n","protected":false},"excerpt":{"rendered":"<p>Pr\u00f3xima Turma:\u00a0 2026\u00a0 (15a Turma) Per\u00edodo de Inscri\u00e7\u00e3o In\u00edcio: 17\/11\/2025 T\u00e9rmino: 25\/01\/2026 Data limite de recebimento da documenta\u00e7\u00e3o exigida: 25\/01\/2026 Resultado da Sele\u00e7\u00e3o\u00a0 (para inscritos com toda a documenta\u00e7\u00e3o entregue) Divulga\u00e7\u00e3o da Lista de Aprovados 26\/01\/2026 Per\u00edodo de Matr\u00edcula\u00a0 (para selecionados) In\u00edcio: 26\/01\/2026 T\u00e9rmino: 06\/02\/2026* *\u00a0Data limite de pagamento da matr\u00edcula. Per\u00edodo do Curso 07\/02\/2026 <a class=\"read-more\" href=\"https:\/\/wordpress.ft.unicamp.br\/espmec\/inscricao-no-curso\/\">Read More<\/a><\/p>\n","protected":false},"author":1,"featured_media":0,"parent":0,"menu_order":6,"comment_status":"closed","ping_status":"closed","template":"","meta":{"footnotes":""},"class_list":["post-63","page","type-page","status-publish","hentry"],"yoast_head":"<!-- This site is optimized with the Yoast SEO plugin v27.3 - https:\/\/yoast.com\/product\/yoast-seo-wordpress\/ -->\n<title>Inscri\u00e7\u00e3o no Curso - Especialidade Profissional em Mecatr\u00f4nica (100% on-line)<\/title>\n<meta name=\"robots\" content=\"index, follow, max-snippet:-1, max-image-preview:large, max-video-preview:-1\" \/>\n<link rel=\"canonical\" href=\"https:\/\/wordpress.ft.unicamp.br\/espmec\/inscricao-no-curso\/\" \/>\n<meta property=\"og:locale\" content=\"pt_BR\" \/>\n<meta property=\"og:type\" content=\"article\" \/>\n<meta property=\"og:title\" content=\"Inscri\u00e7\u00e3o no Curso - Especialidade Profissional em Mecatr\u00f4nica (100% on-line)\" \/>\n<meta property=\"og:description\" content=\"Pr\u00f3xima Turma:\u00a0 2026\u00a0 (15a Turma) Per\u00edodo de Inscri\u00e7\u00e3o In\u00edcio: 17\/11\/2025 T\u00e9rmino: 25\/01\/2026 Data limite de recebimento da documenta\u00e7\u00e3o exigida: 25\/01\/2026 Resultado da Sele\u00e7\u00e3o\u00a0 (para inscritos com toda a documenta\u00e7\u00e3o entregue) Divulga\u00e7\u00e3o da Lista de Aprovados 26\/01\/2026 Per\u00edodo de Matr\u00edcula\u00a0 (para selecionados) In\u00edcio: 26\/01\/2026 T\u00e9rmino: 06\/02\/2026* *\u00a0Data limite de pagamento da matr\u00edcula. Per\u00edodo do Curso 07\/02\/2026 Read More\" \/>\n<meta property=\"og:url\" content=\"https:\/\/wordpress.ft.unicamp.br\/espmec\/inscricao-no-curso\/\" \/>\n<meta property=\"og:site_name\" content=\"Especialidade Profissional em Mecatr\u00f4nica (100% on-line)\" \/>\n<meta property=\"article:modified_time\" content=\"2025-11-24T19:20:46+00:00\" \/>\n<meta name=\"twitter:card\" content=\"summary_large_image\" \/>\n<meta name=\"twitter:label1\" content=\"Est. tempo de leitura\" \/>\n\t<meta name=\"twitter:data1\" content=\"2 minutos\" \/>\n<script type=\"application\/ld+json\" class=\"yoast-schema-graph\">{\"@context\":\"https:\\\/\\\/schema.org\",\"@graph\":[{\"@type\":\"WebPage\",\"@id\":\"https:\\\/\\\/wordpress.ft.unicamp.br\\\/espmec\\\/inscricao-no-curso\\\/\",\"url\":\"https:\\\/\\\/wordpress.ft.unicamp.br\\\/espmec\\\/inscricao-no-curso\\\/\",\"name\":\"Inscri\u00e7\u00e3o no Curso - Especialidade Profissional em Mecatr\u00f4nica (100% on-line)\",\"isPartOf\":{\"@id\":\"https:\\\/\\\/wordpress.ft.unicamp.br\\\/espmec\\\/#website\"},\"datePublished\":\"2015-08-13T06:57:44+00:00\",\"dateModified\":\"2025-11-24T19:20:46+00:00\",\"breadcrumb\":{\"@id\":\"https:\\\/\\\/wordpress.ft.unicamp.br\\\/espmec\\\/inscricao-no-curso\\\/#breadcrumb\"},\"inLanguage\":\"pt-BR\",\"potentialAction\":[{\"@type\":\"ReadAction\",\"target\":[\"https:\\\/\\\/wordpress.ft.unicamp.br\\\/espmec\\\/inscricao-no-curso\\\/\"]}]},{\"@type\":\"BreadcrumbList\",\"@id\":\"https:\\\/\\\/wordpress.ft.unicamp.br\\\/espmec\\\/inscricao-no-curso\\\/#breadcrumb\",\"itemListElement\":[{\"@type\":\"ListItem\",\"position\":1,\"name\":\"Home\",\"item\":\"https:\\\/\\\/wordpress.ft.unicamp.br\\\/espmec\\\/\"},{\"@type\":\"ListItem\",\"position\":2,\"name\":\"Inscri\u00e7\u00e3o no Curso\"}]},{\"@type\":\"WebSite\",\"@id\":\"https:\\\/\\\/wordpress.ft.unicamp.br\\\/espmec\\\/#website\",\"url\":\"https:\\\/\\\/wordpress.ft.unicamp.br\\\/espmec\\\/\",\"name\":\"Especialidade Profissional em Mecatr\u00f4nica (100% on-line)\",\"description\":\"Universidade Estadual de Campinas \u2013 Faculdade de Tecnologia\",\"potentialAction\":[{\"@type\":\"SearchAction\",\"target\":{\"@type\":\"EntryPoint\",\"urlTemplate\":\"https:\\\/\\\/wordpress.ft.unicamp.br\\\/espmec\\\/?s={search_term_string}\"},\"query-input\":{\"@type\":\"PropertyValueSpecification\",\"valueRequired\":true,\"valueName\":\"search_term_string\"}}],\"inLanguage\":\"pt-BR\"}]}<\/script>\n<!-- \/ Yoast SEO plugin. -->","yoast_head_json":{"title":"Inscri\u00e7\u00e3o no Curso - Especialidade Profissional em Mecatr\u00f4nica (100% on-line)","robots":{"index":"index","follow":"follow","max-snippet":"max-snippet:-1","max-image-preview":"max-image-preview:large","max-video-preview":"max-video-preview:-1"},"canonical":"https:\/\/wordpress.ft.unicamp.br\/espmec\/inscricao-no-curso\/","og_locale":"pt_BR","og_type":"article","og_title":"Inscri\u00e7\u00e3o no Curso - Especialidade Profissional em Mecatr\u00f4nica (100% on-line)","og_description":"Pr\u00f3xima Turma:\u00a0 2026\u00a0 (15a Turma) Per\u00edodo de Inscri\u00e7\u00e3o In\u00edcio: 17\/11\/2025 T\u00e9rmino: 25\/01\/2026 Data limite de recebimento da documenta\u00e7\u00e3o exigida: 25\/01\/2026 Resultado da Sele\u00e7\u00e3o\u00a0 (para inscritos com toda a documenta\u00e7\u00e3o entregue) Divulga\u00e7\u00e3o da Lista de Aprovados 26\/01\/2026 Per\u00edodo de Matr\u00edcula\u00a0 (para selecionados) In\u00edcio: 26\/01\/2026 T\u00e9rmino: 06\/02\/2026* *\u00a0Data limite de pagamento da matr\u00edcula. Per\u00edodo do Curso 07\/02\/2026 Read More","og_url":"https:\/\/wordpress.ft.unicamp.br\/espmec\/inscricao-no-curso\/","og_site_name":"Especialidade Profissional em Mecatr\u00f4nica (100% on-line)","article_modified_time":"2025-11-24T19:20:46+00:00","twitter_card":"summary_large_image","twitter_misc":{"Est. tempo de leitura":"2 minutos"},"schema":{"@context":"https:\/\/schema.org","@graph":[{"@type":"WebPage","@id":"https:\/\/wordpress.ft.unicamp.br\/espmec\/inscricao-no-curso\/","url":"https:\/\/wordpress.ft.unicamp.br\/espmec\/inscricao-no-curso\/","name":"Inscri\u00e7\u00e3o no Curso - Especialidade Profissional em Mecatr\u00f4nica (100% on-line)","isPartOf":{"@id":"https:\/\/wordpress.ft.unicamp.br\/espmec\/#website"},"datePublished":"2015-08-13T06:57:44+00:00","dateModified":"2025-11-24T19:20:46+00:00","breadcrumb":{"@id":"https:\/\/wordpress.ft.unicamp.br\/espmec\/inscricao-no-curso\/#breadcrumb"},"inLanguage":"pt-BR","potentialAction":[{"@type":"ReadAction","target":["https:\/\/wordpress.ft.unicamp.br\/espmec\/inscricao-no-curso\/"]}]},{"@type":"BreadcrumbList","@id":"https:\/\/wordpress.ft.unicamp.br\/espmec\/inscricao-no-curso\/#breadcrumb","itemListElement":[{"@type":"ListItem","position":1,"name":"Home","item":"https:\/\/wordpress.ft.unicamp.br\/espmec\/"},{"@type":"ListItem","position":2,"name":"Inscri\u00e7\u00e3o no Curso"}]},{"@type":"WebSite","@id":"https:\/\/wordpress.ft.unicamp.br\/espmec\/#website","url":"https:\/\/wordpress.ft.unicamp.br\/espmec\/","name":"Especialidade Profissional em Mecatr\u00f4nica (100% on-line)","description":"Universidade Estadual de Campinas \u2013 Faculdade de Tecnologia","potentialAction":[{"@type":"SearchAction","target":{"@type":"EntryPoint","urlTemplate":"https:\/\/wordpress.ft.unicamp.br\/espmec\/?s={search_term_string}"},"query-input":{"@type":"PropertyValueSpecification","valueRequired":true,"valueName":"search_term_string"}}],"inLanguage":"pt-BR"}]}},"_links":{"self":[{"href":"https:\/\/wordpress.ft.unicamp.br\/espmec\/wp-json\/wp\/v2\/pages\/63","targetHints":{"allow":["GET"]}}],"collection":[{"href":"https:\/\/wordpress.ft.unicamp.br\/espmec\/wp-json\/wp\/v2\/pages"}],"about":[{"href":"https:\/\/wordpress.ft.unicamp.br\/espmec\/wp-json\/wp\/v2\/types\/page"}],"author":[{"embeddable":true,"href":"https:\/\/wordpress.ft.unicamp.br\/espmec\/wp-json\/wp\/v2\/users\/1"}],"replies":[{"embeddable":true,"href":"https:\/\/wordpress.ft.unicamp.br\/espmec\/wp-json\/wp\/v2\/comments?post=63"}],"version-history":[{"count":29,"href":"https:\/\/wordpress.ft.unicamp.br\/espmec\/wp-json\/wp\/v2\/pages\/63\/revisions"}],"predecessor-version":[{"id":696,"href":"https:\/\/wordpress.ft.unicamp.br\/espmec\/wp-json\/wp\/v2\/pages\/63\/revisions\/696"}],"wp:attachment":[{"href":"https:\/\/wordpress.ft.unicamp.br\/espmec\/wp-json\/wp\/v2\/media?parent=63"}],"curies":[{"name":"wp","href":"https:\/\/api.w.org\/{rel}","templated":true}]}}