{"id":16,"date":"2017-04-10T17:02:08","date_gmt":"2017-04-10T17:02:08","guid":{"rendered":"http:\/\/wordpress.ft.unicamp.br\/esptel\/?page_id=16"},"modified":"2022-11-01T18:10:32","modified_gmt":"2022-11-01T18:10:32","slug":"objetivos","status":"publish","type":"page","link":"https:\/\/wordpress.ft.unicamp.br\/esptel\/","title":{"rendered":"Objetivos"},"content":{"rendered":"<h1>Objetivos do Curso<\/h1>\n<blockquote><p>Formar especialistas com compet\u00eancia t\u00e9cnica para analisar, propor e gerir solu\u00e7\u00f5es para problemas nas \u00e1reas de telecomunica\u00e7\u00f5es cabeadas e sem-fio de forma a provocar transforma\u00e7\u00f5es na ind\u00fastria e sociedade, alinhando-a com a evolu\u00e7\u00e3o tecnol\u00f3gica de ponta.<\/p><\/blockquote>\n<p><strong>Justificativa de oferta<\/strong>:<\/p>\n<p>A evolu\u00e7\u00e3o das tecnologias que envolvem a \u00e1rea de telecomunica\u00e7\u00f5es t\u00eam sido intensa nas \u00faltimas d\u00e9cadas. No cen\u00e1rio de globaliza\u00e7\u00e3o de mercados, a integra\u00e7\u00e3o de sistemas de telecomunica\u00e7\u00f5es com capacidade de transmiss\u00e3o cada vez maiores, exige equipamentos vers\u00e1teis e que permitem o processamento dessa informa\u00e7\u00e3o em tempo real. Segundo o d\u00e9cimo&nbsp;<a href=\"http:\/\/www.cisco.com\/c\/en\/us\/solutions\/collateral\/service-provider\/ip-ngn-ip-next-generation-network\/white_paper_c11-481360.html\"><em>Relat\u00f3rio Cisco\u00ae Visual Networking Index (VNI) Global Forecast and Service Adoption 2014-2019<\/em><\/a>, o tr\u00e1fego IP anual vai triplicar \u2013 atingindo os 2 zettabytes (mais de dois bilh\u00f5es de Gigabytes anuais) \u2013 entre 2014 e 2019, o que representa uma taxa de crescimento anual composta de&nbsp; 23% entre 2014 e 2019 (vide Fig. 1). Entre os principais fatores de crescimento est\u00e3o o aumento do n\u00famero de utilizadores da Internet, dispositivos pessoais e conex\u00f5es M\u00e1quina-a-M\u00e1quina (M2M), maiores velocidades nos acessos de banda larga e a ado\u00e7\u00e3o de servi\u00e7os de v\u00eddeo avan\u00e7ados. Em conjunto, espera-se que estas vari\u00e1veis gerem um tr\u00e1fego IP global com uma taxa de crescimento anual de 23%.&nbsp; O aumento das conex\u00f5es M2M \u2013 que v\u00e3o triplicar nos pr\u00f3ximos cinco anos at\u00e9 alcan\u00e7arem 10.500 milh\u00f5es a n\u00edvel global \u2013 contribuem significativamente para a evolu\u00e7\u00e3o da Internet das Coisas. A Internet das Coisas est\u00e1 sendo adotada por diversos setores \u2013 incluindo ind\u00fastria, retalho, transporte, cuidados de sa\u00fade ou agricultura \u2013 e para casas inteligentes (contadores inteligentes, c\u00e2maras de vigil\u00e2ncia, controladores de temperatura e ilumina\u00e7\u00e3o, etc.).<\/p>\n<p><img fetchpriority=\"high\" decoding=\"async\" class=\"size-medium wp-image-34 aligncenter\" src=\"http:\/\/wordpress.ft.unicamp.br\/esptel\/wp-content\/uploads\/sites\/20\/2017\/04\/graf-300x174.jpg\" alt=\"\" width=\"300\" height=\"174\" srcset=\"https:\/\/wordpress.ft.unicamp.br\/esptel\/wp-content\/uploads\/sites\/20\/2017\/04\/graf-300x174.jpg 300w, https:\/\/wordpress.ft.unicamp.br\/esptel\/wp-content\/uploads\/sites\/20\/2017\/04\/graf.jpg 500w\" sizes=\"(max-width: 300px) 100vw, 300px\" \/><\/p>\n<p style=\"text-align: center\">Fig.1. Previs\u00e3o de tr\u00e1fego mundial de dados. Fonte: Cisco rel. 2014-2019<\/p>\n<p>Aliado a este contexto, est\u00e1 sendo proposto um novos padr\u00e3o para transmiss\u00e3o de sinais para servi\u00e7os de telefonia m\u00f3vel celular (padr\u00e3o 5G), que visa otimizar o uso de troncos de fibra \u00f3ptica com c\u00e9lulas de radiofrequ\u00eancia de raios de abrang\u00eancia cada vez menores e com altas taxas de codifica\u00e7\u00e3o de canal. Outro exemplo pode ser encontrado em novos padr\u00f5es de TV Digital que baseiam-se em modula\u00e7\u00f5es de alta ordem com t\u00e9cnicas de multicamadas de transmiss\u00e3o. O dinamismo necess\u00e1rio para as implementa\u00e7\u00f5es desses sistemas de telecomunica\u00e7\u00f5es pode ser obtido por meio de t\u00e9cnicas de prototipagem r\u00e1pida, como as utilizadas no <em>Software Defined Radio<\/em> (SDS). A implementa\u00e7\u00e3o e reconfigura\u00e7\u00e3o de redes a partir dessa t\u00e9cnica representam uma evolu\u00e7\u00e3o nos equipamentos de telecomunica\u00e7\u00f5es, o que eleva a necessidade de profissionais que dominem a t\u00e9cnica. Por fim, o conhecimento de t\u00e9cnicas de gerenciamento de projetos em telecomunica\u00e7\u00f5es \u00e9 fundamental os profissionais que trabalham com projeto e desenvolvimento na \u00e1rea.<\/p>\n","protected":false},"excerpt":{"rendered":"<p>Objetivos do Curso Formar especialistas com compet\u00eancia t\u00e9cnica para analisar, propor e gerir solu\u00e7\u00f5es para problemas nas \u00e1reas de telecomunica\u00e7\u00f5es cabeadas e sem-fio de forma a provocar transforma\u00e7\u00f5es na ind\u00fastria e sociedade, alinhando-a com a evolu\u00e7\u00e3o tecnol\u00f3gica de ponta. Justificativa de oferta: A evolu\u00e7\u00e3o das tecnologias que envolvem a \u00e1rea de telecomunica\u00e7\u00f5es t\u00eam sido intensa <a class=\"read-more\" href=\"https:\/\/wordpress.ft.unicamp.br\/esptel\/\">Leia mais<\/a><\/p>\n","protected":false},"author":56,"featured_media":0,"parent":0,"menu_order":0,"comment_status":"closed","ping_status":"closed","template":"","meta":{"footnotes":""},"class_list":["post-16","page","type-page","status-publish","hentry"],"yoast_head":"<!-- This site is optimized with the Yoast SEO plugin v27.5 - https:\/\/yoast.com\/product\/yoast-seo-wordpress\/ -->\n<title>Objetivos - Especializa\u00e7\u00e3o em Telecomunica\u00e7\u00f5es<\/title>\n<meta name=\"robots\" content=\"index, follow, max-snippet:-1, max-image-preview:large, max-video-preview:-1\" \/>\n<link rel=\"canonical\" href=\"https:\/\/wordpress.ft.unicamp.br\/esptel\/\" \/>\n<meta property=\"og:locale\" content=\"pt_BR\" \/>\n<meta property=\"og:type\" content=\"article\" \/>\n<meta property=\"og:title\" content=\"Objetivos - Especializa\u00e7\u00e3o em Telecomunica\u00e7\u00f5es\" \/>\n<meta property=\"og:description\" content=\"Objetivos do Curso Formar especialistas com compet\u00eancia t\u00e9cnica para analisar, propor e gerir solu\u00e7\u00f5es para problemas nas \u00e1reas de telecomunica\u00e7\u00f5es cabeadas e sem-fio de forma a provocar transforma\u00e7\u00f5es na ind\u00fastria e sociedade, alinhando-a com a evolu\u00e7\u00e3o tecnol\u00f3gica de ponta. Justificativa de oferta: A evolu\u00e7\u00e3o das tecnologias que envolvem a \u00e1rea de telecomunica\u00e7\u00f5es t\u00eam sido intensa Leia mais\" \/>\n<meta property=\"og:url\" content=\"https:\/\/wordpress.ft.unicamp.br\/esptel\/\" \/>\n<meta property=\"og:site_name\" content=\"Especializa\u00e7\u00e3o em Telecomunica\u00e7\u00f5es\" \/>\n<meta property=\"article:modified_time\" content=\"2022-11-01T18:10:32+00:00\" \/>\n<meta property=\"og:image\" content=\"http:\/\/wordpress.ft.unicamp.br\/esptel\/wp-content\/uploads\/sites\/20\/2017\/04\/graf-300x174.jpg\" \/>\n<meta name=\"twitter:card\" content=\"summary_large_image\" \/>\n<meta name=\"twitter:label1\" content=\"Est. tempo de leitura\" \/>\n\t<meta name=\"twitter:data1\" content=\"3 minutos\" \/>\n<script type=\"application\/ld+json\" class=\"yoast-schema-graph\">{\"@context\":\"https:\\\/\\\/schema.org\",\"@graph\":[{\"@type\":\"WebPage\",\"@id\":\"https:\\\/\\\/wordpress.ft.unicamp.br\\\/esptel\\\/\",\"url\":\"https:\\\/\\\/wordpress.ft.unicamp.br\\\/esptel\\\/\",\"name\":\"Objetivos - Especializa\u00e7\u00e3o em Telecomunica\u00e7\u00f5es\",\"isPartOf\":{\"@id\":\"https:\\\/\\\/wordpress.ft.unicamp.br\\\/esptel\\\/#website\"},\"primaryImageOfPage\":{\"@id\":\"https:\\\/\\\/wordpress.ft.unicamp.br\\\/esptel\\\/#primaryimage\"},\"image\":{\"@id\":\"https:\\\/\\\/wordpress.ft.unicamp.br\\\/esptel\\\/#primaryimage\"},\"thumbnailUrl\":\"http:\\\/\\\/wordpress.ft.unicamp.br\\\/esptel\\\/wp-content\\\/uploads\\\/sites\\\/20\\\/2017\\\/04\\\/graf-300x174.jpg\",\"datePublished\":\"2017-04-10T17:02:08+00:00\",\"dateModified\":\"2022-11-01T18:10:32+00:00\",\"breadcrumb\":{\"@id\":\"https:\\\/\\\/wordpress.ft.unicamp.br\\\/esptel\\\/#breadcrumb\"},\"inLanguage\":\"pt-BR\",\"potentialAction\":[{\"@type\":\"ReadAction\",\"target\":[\"https:\\\/\\\/wordpress.ft.unicamp.br\\\/esptel\\\/\"]}]},{\"@type\":\"ImageObject\",\"inLanguage\":\"pt-BR\",\"@id\":\"https:\\\/\\\/wordpress.ft.unicamp.br\\\/esptel\\\/#primaryimage\",\"url\":\"http:\\\/\\\/wordpress.ft.unicamp.br\\\/esptel\\\/wp-content\\\/uploads\\\/sites\\\/20\\\/2017\\\/04\\\/graf-300x174.jpg\",\"contentUrl\":\"http:\\\/\\\/wordpress.ft.unicamp.br\\\/esptel\\\/wp-content\\\/uploads\\\/sites\\\/20\\\/2017\\\/04\\\/graf-300x174.jpg\"},{\"@type\":\"BreadcrumbList\",\"@id\":\"https:\\\/\\\/wordpress.ft.unicamp.br\\\/esptel\\\/#breadcrumb\",\"itemListElement\":[{\"@type\":\"ListItem\",\"position\":1,\"name\":\"Home\",\"item\":\"https:\\\/\\\/wordpress.ft.unicamp.br\\\/esptel\\\/\"},{\"@type\":\"ListItem\",\"position\":2,\"name\":\"Objetivos\"}]},{\"@type\":\"WebSite\",\"@id\":\"https:\\\/\\\/wordpress.ft.unicamp.br\\\/esptel\\\/#website\",\"url\":\"https:\\\/\\\/wordpress.ft.unicamp.br\\\/esptel\\\/\",\"name\":\"Especializa\u00e7\u00e3o em Telecomunica\u00e7\u00f5es\",\"description\":\"Faculdade de Tecnologia da UNICAMP\",\"potentialAction\":[{\"@type\":\"SearchAction\",\"target\":{\"@type\":\"EntryPoint\",\"urlTemplate\":\"https:\\\/\\\/wordpress.ft.unicamp.br\\\/esptel\\\/?s={search_term_string}\"},\"query-input\":{\"@type\":\"PropertyValueSpecification\",\"valueRequired\":true,\"valueName\":\"search_term_string\"}}],\"inLanguage\":\"pt-BR\"}]}<\/script>\n<!-- \/ Yoast SEO plugin. -->","yoast_head_json":{"title":"Objetivos - Especializa\u00e7\u00e3o em Telecomunica\u00e7\u00f5es","robots":{"index":"index","follow":"follow","max-snippet":"max-snippet:-1","max-image-preview":"max-image-preview:large","max-video-preview":"max-video-preview:-1"},"canonical":"https:\/\/wordpress.ft.unicamp.br\/esptel\/","og_locale":"pt_BR","og_type":"article","og_title":"Objetivos - Especializa\u00e7\u00e3o em Telecomunica\u00e7\u00f5es","og_description":"Objetivos do Curso Formar especialistas com compet\u00eancia t\u00e9cnica para analisar, propor e gerir solu\u00e7\u00f5es para problemas nas \u00e1reas de telecomunica\u00e7\u00f5es cabeadas e sem-fio de forma a provocar transforma\u00e7\u00f5es na ind\u00fastria e sociedade, alinhando-a com a evolu\u00e7\u00e3o tecnol\u00f3gica de ponta. Justificativa de oferta: A evolu\u00e7\u00e3o das tecnologias que envolvem a \u00e1rea de telecomunica\u00e7\u00f5es t\u00eam sido intensa Leia mais","og_url":"https:\/\/wordpress.ft.unicamp.br\/esptel\/","og_site_name":"Especializa\u00e7\u00e3o em Telecomunica\u00e7\u00f5es","article_modified_time":"2022-11-01T18:10:32+00:00","og_image":[{"url":"http:\/\/wordpress.ft.unicamp.br\/esptel\/wp-content\/uploads\/sites\/20\/2017\/04\/graf-300x174.jpg","type":"","width":"","height":""}],"twitter_card":"summary_large_image","twitter_misc":{"Est. tempo de leitura":"3 minutos"},"schema":{"@context":"https:\/\/schema.org","@graph":[{"@type":"WebPage","@id":"https:\/\/wordpress.ft.unicamp.br\/esptel\/","url":"https:\/\/wordpress.ft.unicamp.br\/esptel\/","name":"Objetivos - Especializa\u00e7\u00e3o em Telecomunica\u00e7\u00f5es","isPartOf":{"@id":"https:\/\/wordpress.ft.unicamp.br\/esptel\/#website"},"primaryImageOfPage":{"@id":"https:\/\/wordpress.ft.unicamp.br\/esptel\/#primaryimage"},"image":{"@id":"https:\/\/wordpress.ft.unicamp.br\/esptel\/#primaryimage"},"thumbnailUrl":"http:\/\/wordpress.ft.unicamp.br\/esptel\/wp-content\/uploads\/sites\/20\/2017\/04\/graf-300x174.jpg","datePublished":"2017-04-10T17:02:08+00:00","dateModified":"2022-11-01T18:10:32+00:00","breadcrumb":{"@id":"https:\/\/wordpress.ft.unicamp.br\/esptel\/#breadcrumb"},"inLanguage":"pt-BR","potentialAction":[{"@type":"ReadAction","target":["https:\/\/wordpress.ft.unicamp.br\/esptel\/"]}]},{"@type":"ImageObject","inLanguage":"pt-BR","@id":"https:\/\/wordpress.ft.unicamp.br\/esptel\/#primaryimage","url":"http:\/\/wordpress.ft.unicamp.br\/esptel\/wp-content\/uploads\/sites\/20\/2017\/04\/graf-300x174.jpg","contentUrl":"http:\/\/wordpress.ft.unicamp.br\/esptel\/wp-content\/uploads\/sites\/20\/2017\/04\/graf-300x174.jpg"},{"@type":"BreadcrumbList","@id":"https:\/\/wordpress.ft.unicamp.br\/esptel\/#breadcrumb","itemListElement":[{"@type":"ListItem","position":1,"name":"Home","item":"https:\/\/wordpress.ft.unicamp.br\/esptel\/"},{"@type":"ListItem","position":2,"name":"Objetivos"}]},{"@type":"WebSite","@id":"https:\/\/wordpress.ft.unicamp.br\/esptel\/#website","url":"https:\/\/wordpress.ft.unicamp.br\/esptel\/","name":"Especializa\u00e7\u00e3o em Telecomunica\u00e7\u00f5es","description":"Faculdade de Tecnologia da UNICAMP","potentialAction":[{"@type":"SearchAction","target":{"@type":"EntryPoint","urlTemplate":"https:\/\/wordpress.ft.unicamp.br\/esptel\/?s={search_term_string}"},"query-input":{"@type":"PropertyValueSpecification","valueRequired":true,"valueName":"search_term_string"}}],"inLanguage":"pt-BR"}]}},"_links":{"self":[{"href":"https:\/\/wordpress.ft.unicamp.br\/esptel\/wp-json\/wp\/v2\/pages\/16","targetHints":{"allow":["GET"]}}],"collection":[{"href":"https:\/\/wordpress.ft.unicamp.br\/esptel\/wp-json\/wp\/v2\/pages"}],"about":[{"href":"https:\/\/wordpress.ft.unicamp.br\/esptel\/wp-json\/wp\/v2\/types\/page"}],"author":[{"embeddable":true,"href":"https:\/\/wordpress.ft.unicamp.br\/esptel\/wp-json\/wp\/v2\/users\/56"}],"replies":[{"embeddable":true,"href":"https:\/\/wordpress.ft.unicamp.br\/esptel\/wp-json\/wp\/v2\/comments?post=16"}],"version-history":[{"count":5,"href":"https:\/\/wordpress.ft.unicamp.br\/esptel\/wp-json\/wp\/v2\/pages\/16\/revisions"}],"predecessor-version":[{"id":80,"href":"https:\/\/wordpress.ft.unicamp.br\/esptel\/wp-json\/wp\/v2\/pages\/16\/revisions\/80"}],"wp:attachment":[{"href":"https:\/\/wordpress.ft.unicamp.br\/esptel\/wp-json\/wp\/v2\/media?parent=16"}],"curies":[{"name":"wp","href":"https:\/\/api.w.org\/{rel}","templated":true}]}}