{"id":19,"date":"2017-04-10T17:06:40","date_gmt":"2017-04-10T17:06:40","guid":{"rendered":"http:\/\/wordpress.ft.unicamp.br\/esptel\/?page_id=19"},"modified":"2017-07-14T21:04:16","modified_gmt":"2017-07-14T21:04:16","slug":"disciplinas","status":"publish","type":"page","link":"https:\/\/wordpress.ft.unicamp.br\/esptel\/disciplinas\/","title":{"rendered":"Disciplinas"},"content":{"rendered":"<p><a href=\"http:\/\/wordpress.ft.unicamp.br\/esptel\/contato\/\">As disciplinas s\u00e3o ministradas no Campus da UNICAMP em Bar\u00e3o Geraldo.<\/a><\/p>\n<table width=\"100%\">\n<tbody>\n<tr>\n<td><strong>Introdu\u00e7\u00e3o \u00e0s\u00a0Telecomunica\u00e7\u00f5es<\/strong><\/p>\n<p>Hist\u00f3ria das Telecomunica\u00e7\u00f5es. Componentes b\u00e1sicos dos sistemas de telecomunica\u00e7\u00f5es. Introdu\u00e7\u00e3o aos sistemas de comunica\u00e7\u00f5es via r\u00e1dio, via sat\u00e9lites, via meios \u00f3pticos e m\u00f3veis. No\u00e7\u00f5es de redes integradas e servi\u00e7os de telecomunica\u00e7\u00f5es. Evolu\u00e7\u00e3o dos sistemas de telecomunica\u00e7\u00f5es.<\/td>\n<\/tr>\n<tr>\n<td><strong>Introdu\u00e7\u00e3o \u00e0s Redes de Telecomunica\u00e7\u00f5es<\/strong><\/p>\n<p>Teleprocessamento, comuta\u00e7\u00e3o e sinaliza\u00e7\u00e3o. Comuta\u00e7\u00e3o por circuitos. Comuta\u00e7\u00e3o por pacotes. Enlaces e canais de comunica\u00e7\u00e3o. Protocolos e Servi\u00e7os. Modelos de refer\u00eancia. Camada de Aplica\u00e7\u00e3o. Camada de Transporte, Camada de Rede, Camada de Enlace, Camada F\u00edsica.<\/td>\n<\/tr>\n<tr>\n<td><strong>Teoria da Informa\u00e7\u00e3o e Codifica\u00e7\u00e3o<\/strong><\/p>\n<p>Fundamentos da teoria da informa\u00e7\u00e3o. Capacidade de canal. Codifica\u00e7\u00e3o de fonte. Introdu\u00e7\u00e3o aos campos finitos. C\u00f3digos de bloco lineares. C\u00f3digos c\u00edclicos; C\u00f3digos convolucionais. Protocolos ARQ. Introdu\u00e7\u00e3o \u00e0 criptografia.<\/p>\n<p>&nbsp;<\/td>\n<\/tr>\n<tr>\n<td><strong>Processamento Digital de Sinais<\/strong><\/p>\n<p>Estrutura de realiza\u00e7\u00e3o de sistemas discretos: equa\u00e7\u00e3o de diferen\u00e7a e fun\u00e7\u00e3o de transpar\u00eancia, resposta em frequ\u00eancia e estabilidade. Filtros Digitais: classifica\u00e7\u00e3o e estruturas de realiza\u00e7\u00e3o.Transformada de Fourier: transformada discreta de Fourier e convolu\u00e7\u00e3o circular, algoritmo da transformada r\u00e1pida de Fourier e aplica\u00e7\u00f5es. Efeitos de quantiza\u00e7\u00e3o de coeficientes e vari\u00e1veis. Projeto de filtros digitais: projeto de filtros recursivos, projeto de filtros n\u00e3o recursivos, considera\u00e7\u00f5es pr\u00e1ticas para implementa\u00e7\u00e3o.<\/p>\n<p>&nbsp;<\/td>\n<\/tr>\n<tr>\n<td><strong>Antenas e microondas<\/strong><\/p>\n<p>Tipos de Propaga\u00e7\u00e3o. Propaga\u00e7\u00e3o no espa\u00e7o livre. Propaga\u00e7\u00e3o na atmosfera. Influ\u00eancia do solo e de obst\u00e1culos. Propaga\u00e7\u00e3o ionosf\u00e9rica. Efeitos da atmosfera na propaga\u00e7\u00e3o de freq\u00fc\u00eancia e de ondas milim\u00e9tricas. Caracter\u00edsticas Gerais das Antenas. Antenas Lineares de onda estacion\u00e1ria. Antenas de ondas caminhantes. Filtros, Casadores de Imped\u00e2ncia, Transmissores, Receptores, Amplificadores Sintonizados de Baixo Sinal, Osciladores de RF. Modula\u00e7\u00e3o Anal\u00f3gica em Amplitude, Frequ\u00eancia e Fase, Misturadores, PLL e Sintetizadores de Frequ\u00eancia. Par\u00e2metros de Espalhamento (par\u00e2metro S). Dispositivos Passivos de Micro-ondas. Projeto de radares.<\/p>\n<p>&nbsp;<\/td>\n<\/tr>\n<tr>\n<td><strong>Comunica\u00e7\u00f5es M\u00f3veis<\/strong><\/p>\n<p>Sistemas de Comunica\u00e7\u00f5es M\u00f3veis: Introdu\u00e7\u00e3o. T\u00e9cnicas de predi\u00e7\u00e3o de sinais: modelos de propaga\u00e7\u00e3o e cobertura estat\u00edstica. Caracteriza\u00e7\u00e3o do canal r\u00e1dio m\u00f3vel em ambientes internos e externos. Estudos de interfer\u00eancia. Modula\u00e7\u00e3o e sistemas de transmiss\u00e3o: C\u00e1lculo de rela\u00e7\u00e3o S\/N em ambiente com desvanecimento. M\u00e9todos de acessoem comunica\u00e7\u00f5es m\u00f3veis. Novos padr\u00f5es.<\/p>\n<p>&nbsp;<\/td>\n<\/tr>\n<tr>\n<td><strong>Redes de Comunica\u00e7\u00e3o \u00d3ptica<\/strong><\/p>\n<p>Sistemas Ponto-Ponto. Sistemas WDM. Tend\u00eancias Evolutivas. Capacidade e fatores limitantes. Balan\u00e7o de Pot\u00eancia. Crit\u00e9rios de Projeto. Enlaces com Amplificadores \u00d3pticos. Compensa\u00e7\u00e3o de dispers\u00e3o. Efeitos n\u00e3o-lineares. Sistemas \u00d3pticos em rede. Tipos de servi\u00e7os. Redes locais. Redes metropolitanas. Redes CATV. Redes Integradas. Comuta\u00e7\u00e3o \u00d3ptica. Medidas e caracteriza\u00e7\u00e3o de enlaces. Caracteriza\u00e7\u00e3o de fontes, receptores e sistemas. Ru\u00eddos. Dispositivos e subsistemas fot\u00f4nicos avan\u00e7ados.<\/p>\n<p>&nbsp;<\/td>\n<\/tr>\n<tr>\n<td><strong>Televis\u00e3o Digital<\/strong><\/p>\n<p>Introdu\u00e7\u00e3o. Sistemas de TV acrom\u00e1ticos de baixa resolu\u00e7\u00e3o e sinais envolvidos. Sistemas de TV a cores e sinais envolvidos. Modula\u00e7\u00e3o e demodula\u00e7\u00e3o de sinais de TV em AM-VSB. Transmissores e receptores e sua caracter\u00edsticas. Dimensionamento de enlaces em UHF e SHF. Modula\u00e7\u00e3o demodula\u00e7\u00e3o FM. An\u00e1lise e dimensionamento de TV a cabo. Fundamentos de TV de alta defini\u00e7\u00e3o \u2013 HDTV: Principais sistemas, sinais de \u00e1udio e v\u00eddeo, digitaliza\u00e7\u00e3o, compress\u00e3o, corre\u00e7\u00e3o de erro e multiplexa\u00e7\u00e3o. Padr\u00f5es de TV Digital. Projeto de Sistemas de Televis\u00e3o.<\/p>\n<p>&nbsp;<\/td>\n<\/tr>\n<tr>\n<td><strong>Internet das coisas<\/strong><\/p>\n<p>Conceitos Gerais\u00a0: Apresenta\u00e7\u00e3o do curso e da disciplina. Introdu\u00e7\u00e3o\/ Revis\u00e3o de Conceitos Gerais \/ A Evolu\u00e7\u00e3o da Internet e suas Limita\u00e7\u00f5es \/ Aparecimento da Internet das Coisas. Conceitos Gerais\u00a0: Apresenta\u00e7\u00e3o do curso e da disciplina. Introdu\u00e7\u00e3o\/ Revis\u00e3o de Conceitos Gerais \/ A Evolu\u00e7\u00e3o da Internet e suas Limita\u00e7\u00f5es \/ Aparecimento da Internet das Coisas. Arquiteturas envolvidas na IoT\u00a0: OSI, TCP IP, \u00a0IoT, RFID, IPV6, WWW, COAP, Aplica\u00e7\u00f5es :\u00a0Smart Grid, Healthcare, Infraestrutura, Ve\u00edculos Aut\u00f4nomos, Pr\u00e9dios Inteligentes, Casas Inteligentes, Cidades Inteligentes.<\/p>\n<p>&nbsp;<\/td>\n<\/tr>\n<tr>\n<td><strong>Radio Definido por Software<\/strong><\/p>\n<p>Formar especialistas com compet\u00eancia t\u00e9cnica para analisar, propor e gerir solu\u00e7\u00f5es para problemas nas \u00e1reas de telecomunica\u00e7\u00f5es cabeadas e sem-fio de forma a provocar transforma\u00e7\u00f5es na ind\u00fastria e sociedade, alinhando-a com a evolu\u00e7\u00e3o tecnol\u00f3gica de ponta.<\/p>\n<p>&nbsp;<\/td>\n<\/tr>\n<tr>\n<td><strong>Gest\u00e3o de Projetos em Telecomunica\u00e7\u00f5es<\/strong><\/p>\n<p>Fundamentos sobre ger\u00eancia de projeto de telecomunica\u00e7\u00e3o, Tipos de estruturas organizacionais de empresa, Tipos de inova\u00e7\u00e3o, Contextos de execu\u00e7\u00e3o dos projetos de telecomunica\u00e7\u00f5es, Dimens\u00f5es de um projeto de telecomunica\u00e7\u00f5es, Motivos do sucesso e fracasso de projetos de telecomunica\u00e7\u00f5es, Identificando um projeto de telecomunica\u00e7\u00e3o, Gerenciamento de integra\u00e7\u00e3o de um projeto de telecomunica\u00e7\u00f5es, Detalhando a declara\u00e7\u00e3o do escopo de um projeto de telecomunica\u00e7\u00f5es, Elabora\u00e7\u00e3o da agenda, Gerenciamento de aquisi\u00e7\u00f5es, Gerenciando os riscos em projetos de telecomunica\u00e7\u00f5es, Gerenciamento do or\u00e7amento em projetos de telecomunica\u00e7\u00f5es, Gerenciamento da comunica\u00e7\u00e3o em projetos de telecomunica\u00e7\u00f5es, Qualidade em projetos de telecomunica\u00e7\u00f5es, Gest\u00e3o de projetos de telecomunica\u00e7\u00f5es adaptativa.<\/p>\n<p>&nbsp;<\/td>\n<\/tr>\n<tr>\n<td><strong>Trabalho de Conclus\u00e3o de Curso<\/strong><\/p>\n<p>Apresentar subs\u00eddios te\u00f3rico-metodol\u00f3gicos que contribuem para a compreens\u00e3o da Ci\u00eancia, seu M\u00e9todo e sua evolu\u00e7\u00e3o hist\u00f3rica. Concep\u00e7\u00e3o do projeto de um produto ou servi\u00e7o na \u00e1rea de Telecomunica\u00e7\u00f5es. Proposta de mudan\u00e7a organizacional, (re-) modelagem e implanta\u00e7\u00e3o de processos, planejamento de um sistema de telecomunica\u00e7\u00e3o.<\/p>\n<p>&nbsp;<\/td>\n<\/tr>\n<\/tbody>\n<\/table>\n","protected":false},"excerpt":{"rendered":"<p>As disciplinas s\u00e3o ministradas no Campus da UNICAMP em Bar\u00e3o Geraldo. Introdu\u00e7\u00e3o \u00e0s\u00a0Telecomunica\u00e7\u00f5es Hist\u00f3ria das Telecomunica\u00e7\u00f5es. Componentes b\u00e1sicos dos sistemas de telecomunica\u00e7\u00f5es. Introdu\u00e7\u00e3o aos sistemas de comunica\u00e7\u00f5es via r\u00e1dio, via sat\u00e9lites, via meios \u00f3pticos e m\u00f3veis. No\u00e7\u00f5es de redes integradas e servi\u00e7os de telecomunica\u00e7\u00f5es. Evolu\u00e7\u00e3o dos sistemas de telecomunica\u00e7\u00f5es. Introdu\u00e7\u00e3o \u00e0s Redes de Telecomunica\u00e7\u00f5es Teleprocessamento, <a class=\"read-more\" href=\"https:\/\/wordpress.ft.unicamp.br\/esptel\/disciplinas\/\">Leia mais<\/a><\/p>\n","protected":false},"author":56,"featured_media":0,"parent":0,"menu_order":0,"comment_status":"closed","ping_status":"closed","template":"","meta":{"footnotes":""},"class_list":["post-19","page","type-page","status-publish","hentry"],"yoast_head":"<!-- This site is optimized with the Yoast SEO plugin v27.5 - https:\/\/yoast.com\/product\/yoast-seo-wordpress\/ -->\n<title>Disciplinas - Especializa\u00e7\u00e3o em Telecomunica\u00e7\u00f5es<\/title>\n<meta name=\"robots\" content=\"index, follow, max-snippet:-1, max-image-preview:large, max-video-preview:-1\" \/>\n<link rel=\"canonical\" href=\"https:\/\/wordpress.ft.unicamp.br\/esptel\/disciplinas\/\" \/>\n<meta property=\"og:locale\" content=\"pt_BR\" \/>\n<meta property=\"og:type\" content=\"article\" \/>\n<meta property=\"og:title\" content=\"Disciplinas - Especializa\u00e7\u00e3o em Telecomunica\u00e7\u00f5es\" \/>\n<meta property=\"og:description\" content=\"As disciplinas s\u00e3o ministradas no Campus da UNICAMP em Bar\u00e3o Geraldo. Introdu\u00e7\u00e3o \u00e0s\u00a0Telecomunica\u00e7\u00f5es Hist\u00f3ria das Telecomunica\u00e7\u00f5es. Componentes b\u00e1sicos dos sistemas de telecomunica\u00e7\u00f5es. Introdu\u00e7\u00e3o aos sistemas de comunica\u00e7\u00f5es via r\u00e1dio, via sat\u00e9lites, via meios \u00f3pticos e m\u00f3veis. No\u00e7\u00f5es de redes integradas e servi\u00e7os de telecomunica\u00e7\u00f5es. Evolu\u00e7\u00e3o dos sistemas de telecomunica\u00e7\u00f5es. Introdu\u00e7\u00e3o \u00e0s Redes de Telecomunica\u00e7\u00f5es Teleprocessamento, Leia mais\" \/>\n<meta property=\"og:url\" content=\"https:\/\/wordpress.ft.unicamp.br\/esptel\/disciplinas\/\" \/>\n<meta property=\"og:site_name\" content=\"Especializa\u00e7\u00e3o em Telecomunica\u00e7\u00f5es\" \/>\n<meta property=\"article:modified_time\" content=\"2017-07-14T21:04:16+00:00\" \/>\n<meta name=\"twitter:card\" content=\"summary_large_image\" \/>\n<meta name=\"twitter:label1\" content=\"Est. tempo de leitura\" \/>\n\t<meta name=\"twitter:data1\" content=\"5 minutos\" \/>\n<script type=\"application\/ld+json\" class=\"yoast-schema-graph\">{\"@context\":\"https:\\\/\\\/schema.org\",\"@graph\":[{\"@type\":\"WebPage\",\"@id\":\"https:\\\/\\\/wordpress.ft.unicamp.br\\\/esptel\\\/disciplinas\\\/\",\"url\":\"https:\\\/\\\/wordpress.ft.unicamp.br\\\/esptel\\\/disciplinas\\\/\",\"name\":\"Disciplinas - Especializa\u00e7\u00e3o em Telecomunica\u00e7\u00f5es\",\"isPartOf\":{\"@id\":\"https:\\\/\\\/wordpress.ft.unicamp.br\\\/esptel\\\/#website\"},\"datePublished\":\"2017-04-10T17:06:40+00:00\",\"dateModified\":\"2017-07-14T21:04:16+00:00\",\"breadcrumb\":{\"@id\":\"https:\\\/\\\/wordpress.ft.unicamp.br\\\/esptel\\\/disciplinas\\\/#breadcrumb\"},\"inLanguage\":\"pt-BR\",\"potentialAction\":[{\"@type\":\"ReadAction\",\"target\":[\"https:\\\/\\\/wordpress.ft.unicamp.br\\\/esptel\\\/disciplinas\\\/\"]}]},{\"@type\":\"BreadcrumbList\",\"@id\":\"https:\\\/\\\/wordpress.ft.unicamp.br\\\/esptel\\\/disciplinas\\\/#breadcrumb\",\"itemListElement\":[{\"@type\":\"ListItem\",\"position\":1,\"name\":\"Home\",\"item\":\"https:\\\/\\\/wordpress.ft.unicamp.br\\\/esptel\\\/\"},{\"@type\":\"ListItem\",\"position\":2,\"name\":\"Disciplinas\"}]},{\"@type\":\"WebSite\",\"@id\":\"https:\\\/\\\/wordpress.ft.unicamp.br\\\/esptel\\\/#website\",\"url\":\"https:\\\/\\\/wordpress.ft.unicamp.br\\\/esptel\\\/\",\"name\":\"Especializa\u00e7\u00e3o em Telecomunica\u00e7\u00f5es\",\"description\":\"Faculdade de Tecnologia da UNICAMP\",\"potentialAction\":[{\"@type\":\"SearchAction\",\"target\":{\"@type\":\"EntryPoint\",\"urlTemplate\":\"https:\\\/\\\/wordpress.ft.unicamp.br\\\/esptel\\\/?s={search_term_string}\"},\"query-input\":{\"@type\":\"PropertyValueSpecification\",\"valueRequired\":true,\"valueName\":\"search_term_string\"}}],\"inLanguage\":\"pt-BR\"}]}<\/script>\n<!-- \/ Yoast SEO plugin. -->","yoast_head_json":{"title":"Disciplinas - Especializa\u00e7\u00e3o em Telecomunica\u00e7\u00f5es","robots":{"index":"index","follow":"follow","max-snippet":"max-snippet:-1","max-image-preview":"max-image-preview:large","max-video-preview":"max-video-preview:-1"},"canonical":"https:\/\/wordpress.ft.unicamp.br\/esptel\/disciplinas\/","og_locale":"pt_BR","og_type":"article","og_title":"Disciplinas - Especializa\u00e7\u00e3o em Telecomunica\u00e7\u00f5es","og_description":"As disciplinas s\u00e3o ministradas no Campus da UNICAMP em Bar\u00e3o Geraldo. Introdu\u00e7\u00e3o \u00e0s\u00a0Telecomunica\u00e7\u00f5es Hist\u00f3ria das Telecomunica\u00e7\u00f5es. Componentes b\u00e1sicos dos sistemas de telecomunica\u00e7\u00f5es. Introdu\u00e7\u00e3o aos sistemas de comunica\u00e7\u00f5es via r\u00e1dio, via sat\u00e9lites, via meios \u00f3pticos e m\u00f3veis. No\u00e7\u00f5es de redes integradas e servi\u00e7os de telecomunica\u00e7\u00f5es. Evolu\u00e7\u00e3o dos sistemas de telecomunica\u00e7\u00f5es. Introdu\u00e7\u00e3o \u00e0s Redes de Telecomunica\u00e7\u00f5es Teleprocessamento, Leia mais","og_url":"https:\/\/wordpress.ft.unicamp.br\/esptel\/disciplinas\/","og_site_name":"Especializa\u00e7\u00e3o em Telecomunica\u00e7\u00f5es","article_modified_time":"2017-07-14T21:04:16+00:00","twitter_card":"summary_large_image","twitter_misc":{"Est. tempo de leitura":"5 minutos"},"schema":{"@context":"https:\/\/schema.org","@graph":[{"@type":"WebPage","@id":"https:\/\/wordpress.ft.unicamp.br\/esptel\/disciplinas\/","url":"https:\/\/wordpress.ft.unicamp.br\/esptel\/disciplinas\/","name":"Disciplinas - Especializa\u00e7\u00e3o em Telecomunica\u00e7\u00f5es","isPartOf":{"@id":"https:\/\/wordpress.ft.unicamp.br\/esptel\/#website"},"datePublished":"2017-04-10T17:06:40+00:00","dateModified":"2017-07-14T21:04:16+00:00","breadcrumb":{"@id":"https:\/\/wordpress.ft.unicamp.br\/esptel\/disciplinas\/#breadcrumb"},"inLanguage":"pt-BR","potentialAction":[{"@type":"ReadAction","target":["https:\/\/wordpress.ft.unicamp.br\/esptel\/disciplinas\/"]}]},{"@type":"BreadcrumbList","@id":"https:\/\/wordpress.ft.unicamp.br\/esptel\/disciplinas\/#breadcrumb","itemListElement":[{"@type":"ListItem","position":1,"name":"Home","item":"https:\/\/wordpress.ft.unicamp.br\/esptel\/"},{"@type":"ListItem","position":2,"name":"Disciplinas"}]},{"@type":"WebSite","@id":"https:\/\/wordpress.ft.unicamp.br\/esptel\/#website","url":"https:\/\/wordpress.ft.unicamp.br\/esptel\/","name":"Especializa\u00e7\u00e3o em Telecomunica\u00e7\u00f5es","description":"Faculdade de Tecnologia da UNICAMP","potentialAction":[{"@type":"SearchAction","target":{"@type":"EntryPoint","urlTemplate":"https:\/\/wordpress.ft.unicamp.br\/esptel\/?s={search_term_string}"},"query-input":{"@type":"PropertyValueSpecification","valueRequired":true,"valueName":"search_term_string"}}],"inLanguage":"pt-BR"}]}},"_links":{"self":[{"href":"https:\/\/wordpress.ft.unicamp.br\/esptel\/wp-json\/wp\/v2\/pages\/19","targetHints":{"allow":["GET"]}}],"collection":[{"href":"https:\/\/wordpress.ft.unicamp.br\/esptel\/wp-json\/wp\/v2\/pages"}],"about":[{"href":"https:\/\/wordpress.ft.unicamp.br\/esptel\/wp-json\/wp\/v2\/types\/page"}],"author":[{"embeddable":true,"href":"https:\/\/wordpress.ft.unicamp.br\/esptel\/wp-json\/wp\/v2\/users\/56"}],"replies":[{"embeddable":true,"href":"https:\/\/wordpress.ft.unicamp.br\/esptel\/wp-json\/wp\/v2\/comments?post=19"}],"version-history":[{"count":6,"href":"https:\/\/wordpress.ft.unicamp.br\/esptel\/wp-json\/wp\/v2\/pages\/19\/revisions"}],"predecessor-version":[{"id":59,"href":"https:\/\/wordpress.ft.unicamp.br\/esptel\/wp-json\/wp\/v2\/pages\/19\/revisions\/59"}],"wp:attachment":[{"href":"https:\/\/wordpress.ft.unicamp.br\/esptel\/wp-json\/wp\/v2\/media?parent=19"}],"curies":[{"name":"wp","href":"https:\/\/api.w.org\/{rel}","templated":true}]}}