{"id":21,"date":"2017-04-10T17:10:07","date_gmt":"2017-04-10T17:10:07","guid":{"rendered":"http:\/\/wordpress.ft.unicamp.br\/esptel\/?page_id=21"},"modified":"2017-07-14T20:39:26","modified_gmt":"2017-07-14T20:39:26","slug":"docentes","status":"publish","type":"page","link":"https:\/\/wordpress.ft.unicamp.br\/esptel\/docentes\/","title":{"rendered":"Docentes"},"content":{"rendered":"<table width=\"729\">\n<tbody>\n<tr>\n<td width=\"303\"><strong>Professores da Unicamp:<\/strong><\/p>\n<p>Rangel Arthur<\/p>\n<p>Edson Luis Ursini<\/p>\n<p>Leonardo\u00a0Lorenzo\u00a0Bravo Roger<\/p>\n<p>Leandro Ronchini Ximenes<\/p>\n<p>Jo\u00e3o Marcos Travassos Romano<\/p>\n<p>Renato da Rocha Lopes<\/p>\n<p>Max Henrique Machado Costa<\/td>\n<td width=\"153\">Institui\u00e7\u00e3o\/Unidade\/Depto<\/p>\n<p>UNICAMP\/FT<\/p>\n<p>UNICAMP\/FT<\/p>\n<p>UNICAMP\/FT<\/p>\n<p>UNICAMP\/FT<\/p>\n<p>UNICAMP\/FEEC<\/p>\n<p>UNICAMP\/FEEC<\/p>\n<p>UNICAMP\/FEEC<\/td>\n<td width=\"88\">Titula\u00e7\u00e3o:<\/p>\n<p>Doutor, <a href=\"http:\/\/lattes.cnpq.br\/4346810447071054\">Lattes<\/a><\/p>\n<p>Doutor, <a href=\"http:\/\/lattes.cnpq.br\/7150028902000426\">Lattes<\/a><\/p>\n<p>Doutor, <a href=\"http:\/\/lattes.cnpq.br\/0847386182199613\">Lattes<\/a><\/p>\n<p>Doutor, <a href=\"http:\/\/lattes.cnpq.br\/7221501929005386\">Lattes<\/a><\/p>\n<p>Doutor, <a href=\"http:\/\/lattes.cnpq.br\/6161888127051479\">Lattes<\/a><\/p>\n<p>Doutor, <a href=\"http:\/\/lattes.cnpq.br\/6599887542836981\">Lattes<\/a><\/p>\n<p>Doutor, <a href=\"http:\/\/lattes.cnpq.br\/1091280846383980\">Lattes<\/a><\/td>\n<\/tr>\n<tr>\n<td width=\"303\"><strong>Professores Convidados<\/strong><\/p>\n<p><strong>\u00a0<\/strong>Eduardo Tude<\/p>\n<p>Cristiano Akamine<\/p>\n<p>Jos\u00e9 Roberto Emiliano<\/p>\n<p>Silvio Renato Messias de Carvalho<\/p>\n<p>Juliano de Oliveira<\/p>\n<p>&nbsp;<\/td>\n<td width=\"153\">&nbsp;<\/p>\n<p>Teleco<\/p>\n<p>Univ. Mackenzie<\/p>\n<p>CPqD<\/p>\n<p>EPTV<\/p>\n<p>BR Photonics<\/td>\n<td width=\"88\">&nbsp;<\/p>\n<p>Mestre<\/p>\n<p>Doutor, <a href=\"http:\/\/lattes.cnpq.br\/0394598624993168\">Lattes<\/a><\/p>\n<p>Mestre, <a href=\"http:\/\/lattes.cnpq.br\/2752503087387960\">Lattes<\/a><\/p>\n<p>Doutor, <a href=\"http:\/\/lattes.cnpq.br\/5518106264559106\">Lattes<\/a><\/p>\n<p>Doutor<\/td>\n<\/tr>\n<\/tbody>\n<\/table>\n","protected":false},"excerpt":{"rendered":"<p>Professores da Unicamp: Rangel Arthur Edson Luis Ursini Leonardo\u00a0Lorenzo\u00a0Bravo Roger Leandro Ronchini Ximenes Jo\u00e3o Marcos Travassos Romano Renato da Rocha Lopes Max Henrique Machado Costa Institui\u00e7\u00e3o\/Unidade\/Depto UNICAMP\/FT UNICAMP\/FT UNICAMP\/FT UNICAMP\/FT UNICAMP\/FEEC UNICAMP\/FEEC UNICAMP\/FEEC Titula\u00e7\u00e3o: Doutor, Lattes Doutor, Lattes Doutor, Lattes Doutor, Lattes Doutor, Lattes Doutor, Lattes Doutor, Lattes Professores Convidados \u00a0Eduardo Tude Cristiano Akamine Jos\u00e9 <a class=\"read-more\" href=\"https:\/\/wordpress.ft.unicamp.br\/esptel\/docentes\/\">Leia mais<\/a><\/p>\n","protected":false},"author":56,"featured_media":0,"parent":0,"menu_order":0,"comment_status":"closed","ping_status":"closed","template":"","meta":{"footnotes":""},"class_list":["post-21","page","type-page","status-publish","hentry"],"yoast_head":"<!-- This site is optimized with the Yoast SEO plugin v27.5 - https:\/\/yoast.com\/product\/yoast-seo-wordpress\/ -->\n<title>Docentes - Especializa\u00e7\u00e3o em Telecomunica\u00e7\u00f5es<\/title>\n<meta name=\"robots\" content=\"index, follow, max-snippet:-1, max-image-preview:large, max-video-preview:-1\" \/>\n<link rel=\"canonical\" href=\"https:\/\/wordpress.ft.unicamp.br\/esptel\/docentes\/\" \/>\n<meta property=\"og:locale\" content=\"pt_BR\" \/>\n<meta property=\"og:type\" content=\"article\" \/>\n<meta property=\"og:title\" content=\"Docentes - Especializa\u00e7\u00e3o em Telecomunica\u00e7\u00f5es\" \/>\n<meta property=\"og:description\" content=\"Professores da Unicamp: Rangel Arthur Edson Luis Ursini Leonardo\u00a0Lorenzo\u00a0Bravo Roger Leandro Ronchini Ximenes Jo\u00e3o Marcos Travassos Romano Renato da Rocha Lopes Max Henrique Machado Costa Institui\u00e7\u00e3o\/Unidade\/Depto UNICAMP\/FT UNICAMP\/FT UNICAMP\/FT UNICAMP\/FT UNICAMP\/FEEC UNICAMP\/FEEC UNICAMP\/FEEC Titula\u00e7\u00e3o: Doutor, Lattes Doutor, Lattes Doutor, Lattes Doutor, Lattes Doutor, Lattes Doutor, Lattes Doutor, Lattes Professores Convidados \u00a0Eduardo Tude Cristiano Akamine Jos\u00e9 Leia mais\" \/>\n<meta property=\"og:url\" content=\"https:\/\/wordpress.ft.unicamp.br\/esptel\/docentes\/\" \/>\n<meta property=\"og:site_name\" content=\"Especializa\u00e7\u00e3o em Telecomunica\u00e7\u00f5es\" \/>\n<meta property=\"article:modified_time\" content=\"2017-07-14T20:39:26+00:00\" \/>\n<meta name=\"twitter:card\" content=\"summary_large_image\" \/>\n<script type=\"application\/ld+json\" class=\"yoast-schema-graph\">{\"@context\":\"https:\\\/\\\/schema.org\",\"@graph\":[{\"@type\":\"WebPage\",\"@id\":\"https:\\\/\\\/wordpress.ft.unicamp.br\\\/esptel\\\/docentes\\\/\",\"url\":\"https:\\\/\\\/wordpress.ft.unicamp.br\\\/esptel\\\/docentes\\\/\",\"name\":\"Docentes - Especializa\u00e7\u00e3o em Telecomunica\u00e7\u00f5es\",\"isPartOf\":{\"@id\":\"https:\\\/\\\/wordpress.ft.unicamp.br\\\/esptel\\\/#website\"},\"datePublished\":\"2017-04-10T17:10:07+00:00\",\"dateModified\":\"2017-07-14T20:39:26+00:00\",\"breadcrumb\":{\"@id\":\"https:\\\/\\\/wordpress.ft.unicamp.br\\\/esptel\\\/docentes\\\/#breadcrumb\"},\"inLanguage\":\"pt-BR\",\"potentialAction\":[{\"@type\":\"ReadAction\",\"target\":[\"https:\\\/\\\/wordpress.ft.unicamp.br\\\/esptel\\\/docentes\\\/\"]}]},{\"@type\":\"BreadcrumbList\",\"@id\":\"https:\\\/\\\/wordpress.ft.unicamp.br\\\/esptel\\\/docentes\\\/#breadcrumb\",\"itemListElement\":[{\"@type\":\"ListItem\",\"position\":1,\"name\":\"Home\",\"item\":\"https:\\\/\\\/wordpress.ft.unicamp.br\\\/esptel\\\/\"},{\"@type\":\"ListItem\",\"position\":2,\"name\":\"Docentes\"}]},{\"@type\":\"WebSite\",\"@id\":\"https:\\\/\\\/wordpress.ft.unicamp.br\\\/esptel\\\/#website\",\"url\":\"https:\\\/\\\/wordpress.ft.unicamp.br\\\/esptel\\\/\",\"name\":\"Especializa\u00e7\u00e3o em Telecomunica\u00e7\u00f5es\",\"description\":\"Faculdade de Tecnologia da UNICAMP\",\"potentialAction\":[{\"@type\":\"SearchAction\",\"target\":{\"@type\":\"EntryPoint\",\"urlTemplate\":\"https:\\\/\\\/wordpress.ft.unicamp.br\\\/esptel\\\/?s={search_term_string}\"},\"query-input\":{\"@type\":\"PropertyValueSpecification\",\"valueRequired\":true,\"valueName\":\"search_term_string\"}}],\"inLanguage\":\"pt-BR\"}]}<\/script>\n<!-- \/ Yoast SEO plugin. -->","yoast_head_json":{"title":"Docentes - Especializa\u00e7\u00e3o em Telecomunica\u00e7\u00f5es","robots":{"index":"index","follow":"follow","max-snippet":"max-snippet:-1","max-image-preview":"max-image-preview:large","max-video-preview":"max-video-preview:-1"},"canonical":"https:\/\/wordpress.ft.unicamp.br\/esptel\/docentes\/","og_locale":"pt_BR","og_type":"article","og_title":"Docentes - Especializa\u00e7\u00e3o em Telecomunica\u00e7\u00f5es","og_description":"Professores da Unicamp: Rangel Arthur Edson Luis Ursini Leonardo\u00a0Lorenzo\u00a0Bravo Roger Leandro Ronchini Ximenes Jo\u00e3o Marcos Travassos Romano Renato da Rocha Lopes Max Henrique Machado Costa Institui\u00e7\u00e3o\/Unidade\/Depto UNICAMP\/FT UNICAMP\/FT UNICAMP\/FT UNICAMP\/FT UNICAMP\/FEEC UNICAMP\/FEEC UNICAMP\/FEEC Titula\u00e7\u00e3o: Doutor, Lattes Doutor, Lattes Doutor, Lattes Doutor, Lattes Doutor, Lattes Doutor, Lattes Doutor, Lattes Professores Convidados \u00a0Eduardo Tude Cristiano Akamine Jos\u00e9 Leia mais","og_url":"https:\/\/wordpress.ft.unicamp.br\/esptel\/docentes\/","og_site_name":"Especializa\u00e7\u00e3o em Telecomunica\u00e7\u00f5es","article_modified_time":"2017-07-14T20:39:26+00:00","twitter_card":"summary_large_image","schema":{"@context":"https:\/\/schema.org","@graph":[{"@type":"WebPage","@id":"https:\/\/wordpress.ft.unicamp.br\/esptel\/docentes\/","url":"https:\/\/wordpress.ft.unicamp.br\/esptel\/docentes\/","name":"Docentes - Especializa\u00e7\u00e3o em Telecomunica\u00e7\u00f5es","isPartOf":{"@id":"https:\/\/wordpress.ft.unicamp.br\/esptel\/#website"},"datePublished":"2017-04-10T17:10:07+00:00","dateModified":"2017-07-14T20:39:26+00:00","breadcrumb":{"@id":"https:\/\/wordpress.ft.unicamp.br\/esptel\/docentes\/#breadcrumb"},"inLanguage":"pt-BR","potentialAction":[{"@type":"ReadAction","target":["https:\/\/wordpress.ft.unicamp.br\/esptel\/docentes\/"]}]},{"@type":"BreadcrumbList","@id":"https:\/\/wordpress.ft.unicamp.br\/esptel\/docentes\/#breadcrumb","itemListElement":[{"@type":"ListItem","position":1,"name":"Home","item":"https:\/\/wordpress.ft.unicamp.br\/esptel\/"},{"@type":"ListItem","position":2,"name":"Docentes"}]},{"@type":"WebSite","@id":"https:\/\/wordpress.ft.unicamp.br\/esptel\/#website","url":"https:\/\/wordpress.ft.unicamp.br\/esptel\/","name":"Especializa\u00e7\u00e3o em Telecomunica\u00e7\u00f5es","description":"Faculdade de Tecnologia da UNICAMP","potentialAction":[{"@type":"SearchAction","target":{"@type":"EntryPoint","urlTemplate":"https:\/\/wordpress.ft.unicamp.br\/esptel\/?s={search_term_string}"},"query-input":{"@type":"PropertyValueSpecification","valueRequired":true,"valueName":"search_term_string"}}],"inLanguage":"pt-BR"}]}},"_links":{"self":[{"href":"https:\/\/wordpress.ft.unicamp.br\/esptel\/wp-json\/wp\/v2\/pages\/21","targetHints":{"allow":["GET"]}}],"collection":[{"href":"https:\/\/wordpress.ft.unicamp.br\/esptel\/wp-json\/wp\/v2\/pages"}],"about":[{"href":"https:\/\/wordpress.ft.unicamp.br\/esptel\/wp-json\/wp\/v2\/types\/page"}],"author":[{"embeddable":true,"href":"https:\/\/wordpress.ft.unicamp.br\/esptel\/wp-json\/wp\/v2\/users\/56"}],"replies":[{"embeddable":true,"href":"https:\/\/wordpress.ft.unicamp.br\/esptel\/wp-json\/wp\/v2\/comments?post=21"}],"version-history":[{"count":3,"href":"https:\/\/wordpress.ft.unicamp.br\/esptel\/wp-json\/wp\/v2\/pages\/21\/revisions"}],"predecessor-version":[{"id":48,"href":"https:\/\/wordpress.ft.unicamp.br\/esptel\/wp-json\/wp\/v2\/pages\/21\/revisions\/48"}],"wp:attachment":[{"href":"https:\/\/wordpress.ft.unicamp.br\/esptel\/wp-json\/wp\/v2\/media?parent=21"}],"curies":[{"name":"wp","href":"https:\/\/api.w.org\/{rel}","templated":true}]}}