{"id":23,"date":"2017-04-10T17:11:11","date_gmt":"2017-04-10T17:11:11","guid":{"rendered":"http:\/\/wordpress.ft.unicamp.br\/esptel\/?page_id=23"},"modified":"2017-04-10T17:55:49","modified_gmt":"2017-04-10T17:55:49","slug":"publico","status":"publish","type":"page","link":"https:\/\/wordpress.ft.unicamp.br\/esptel\/publico\/","title":{"rendered":"P\u00fablico"},"content":{"rendered":"<blockquote><p>Profissionais com gradua\u00e7\u00e3o em engenharia, computa\u00e7\u00e3o, cursos superiores de tecnologia e demais \u00e1reas afins. Destina-se ainda aos f\u00edsicos, matem\u00e1ticos, cientistas, professores do ensino t\u00e9cnico e universit\u00e1rio e demais interessados em especializar-se na \u00e1rea.<\/p><\/blockquote>\n<p>As disciplinas s\u00e3o ministradas no Campus da UNICAMP em Bar\u00e3o Geraldo.<\/p>\n","protected":false},"excerpt":{"rendered":"<p>Profissionais com gradua\u00e7\u00e3o em engenharia, computa\u00e7\u00e3o, cursos superiores de tecnologia e demais \u00e1reas afins. Destina-se ainda aos f\u00edsicos, matem\u00e1ticos, cientistas, professores do ensino t\u00e9cnico e universit\u00e1rio e demais interessados em especializar-se na \u00e1rea. As disciplinas s\u00e3o ministradas no Campus da UNICAMP em Bar\u00e3o Geraldo.<\/p>\n","protected":false},"author":56,"featured_media":0,"parent":0,"menu_order":0,"comment_status":"closed","ping_status":"closed","template":"","meta":{"footnotes":""},"class_list":["post-23","page","type-page","status-publish","hentry"],"yoast_head":"<!-- This site is optimized with the Yoast SEO plugin v27.5 - https:\/\/yoast.com\/product\/yoast-seo-wordpress\/ -->\n<title>P\u00fablico - Especializa\u00e7\u00e3o em Telecomunica\u00e7\u00f5es<\/title>\n<meta name=\"robots\" content=\"index, follow, max-snippet:-1, max-image-preview:large, max-video-preview:-1\" \/>\n<link rel=\"canonical\" href=\"https:\/\/wordpress.ft.unicamp.br\/esptel\/publico\/\" \/>\n<meta property=\"og:locale\" content=\"pt_BR\" \/>\n<meta property=\"og:type\" content=\"article\" \/>\n<meta property=\"og:title\" content=\"P\u00fablico - Especializa\u00e7\u00e3o em Telecomunica\u00e7\u00f5es\" \/>\n<meta property=\"og:description\" content=\"Profissionais com gradua\u00e7\u00e3o em engenharia, computa\u00e7\u00e3o, cursos superiores de tecnologia e demais \u00e1reas afins. Destina-se ainda aos f\u00edsicos, matem\u00e1ticos, cientistas, professores do ensino t\u00e9cnico e universit\u00e1rio e demais interessados em especializar-se na \u00e1rea. As disciplinas s\u00e3o ministradas no Campus da UNICAMP em Bar\u00e3o Geraldo.\" \/>\n<meta property=\"og:url\" content=\"https:\/\/wordpress.ft.unicamp.br\/esptel\/publico\/\" \/>\n<meta property=\"og:site_name\" content=\"Especializa\u00e7\u00e3o em Telecomunica\u00e7\u00f5es\" \/>\n<meta property=\"article:modified_time\" content=\"2017-04-10T17:55:49+00:00\" \/>\n<meta name=\"twitter:card\" content=\"summary_large_image\" \/>\n<script type=\"application\/ld+json\" class=\"yoast-schema-graph\">{\"@context\":\"https:\\\/\\\/schema.org\",\"@graph\":[{\"@type\":\"WebPage\",\"@id\":\"https:\\\/\\\/wordpress.ft.unicamp.br\\\/esptel\\\/publico\\\/\",\"url\":\"https:\\\/\\\/wordpress.ft.unicamp.br\\\/esptel\\\/publico\\\/\",\"name\":\"P\u00fablico - Especializa\u00e7\u00e3o em Telecomunica\u00e7\u00f5es\",\"isPartOf\":{\"@id\":\"https:\\\/\\\/wordpress.ft.unicamp.br\\\/esptel\\\/#website\"},\"datePublished\":\"2017-04-10T17:11:11+00:00\",\"dateModified\":\"2017-04-10T17:55:49+00:00\",\"breadcrumb\":{\"@id\":\"https:\\\/\\\/wordpress.ft.unicamp.br\\\/esptel\\\/publico\\\/#breadcrumb\"},\"inLanguage\":\"pt-BR\",\"potentialAction\":[{\"@type\":\"ReadAction\",\"target\":[\"https:\\\/\\\/wordpress.ft.unicamp.br\\\/esptel\\\/publico\\\/\"]}]},{\"@type\":\"BreadcrumbList\",\"@id\":\"https:\\\/\\\/wordpress.ft.unicamp.br\\\/esptel\\\/publico\\\/#breadcrumb\",\"itemListElement\":[{\"@type\":\"ListItem\",\"position\":1,\"name\":\"Home\",\"item\":\"https:\\\/\\\/wordpress.ft.unicamp.br\\\/esptel\\\/\"},{\"@type\":\"ListItem\",\"position\":2,\"name\":\"P\u00fablico\"}]},{\"@type\":\"WebSite\",\"@id\":\"https:\\\/\\\/wordpress.ft.unicamp.br\\\/esptel\\\/#website\",\"url\":\"https:\\\/\\\/wordpress.ft.unicamp.br\\\/esptel\\\/\",\"name\":\"Especializa\u00e7\u00e3o em Telecomunica\u00e7\u00f5es\",\"description\":\"Faculdade de Tecnologia da UNICAMP\",\"potentialAction\":[{\"@type\":\"SearchAction\",\"target\":{\"@type\":\"EntryPoint\",\"urlTemplate\":\"https:\\\/\\\/wordpress.ft.unicamp.br\\\/esptel\\\/?s={search_term_string}\"},\"query-input\":{\"@type\":\"PropertyValueSpecification\",\"valueRequired\":true,\"valueName\":\"search_term_string\"}}],\"inLanguage\":\"pt-BR\"}]}<\/script>\n<!-- \/ Yoast SEO plugin. -->","yoast_head_json":{"title":"P\u00fablico - Especializa\u00e7\u00e3o em Telecomunica\u00e7\u00f5es","robots":{"index":"index","follow":"follow","max-snippet":"max-snippet:-1","max-image-preview":"max-image-preview:large","max-video-preview":"max-video-preview:-1"},"canonical":"https:\/\/wordpress.ft.unicamp.br\/esptel\/publico\/","og_locale":"pt_BR","og_type":"article","og_title":"P\u00fablico - Especializa\u00e7\u00e3o em Telecomunica\u00e7\u00f5es","og_description":"Profissionais com gradua\u00e7\u00e3o em engenharia, computa\u00e7\u00e3o, cursos superiores de tecnologia e demais \u00e1reas afins. Destina-se ainda aos f\u00edsicos, matem\u00e1ticos, cientistas, professores do ensino t\u00e9cnico e universit\u00e1rio e demais interessados em especializar-se na \u00e1rea. As disciplinas s\u00e3o ministradas no Campus da UNICAMP em Bar\u00e3o Geraldo.","og_url":"https:\/\/wordpress.ft.unicamp.br\/esptel\/publico\/","og_site_name":"Especializa\u00e7\u00e3o em Telecomunica\u00e7\u00f5es","article_modified_time":"2017-04-10T17:55:49+00:00","twitter_card":"summary_large_image","schema":{"@context":"https:\/\/schema.org","@graph":[{"@type":"WebPage","@id":"https:\/\/wordpress.ft.unicamp.br\/esptel\/publico\/","url":"https:\/\/wordpress.ft.unicamp.br\/esptel\/publico\/","name":"P\u00fablico - Especializa\u00e7\u00e3o em Telecomunica\u00e7\u00f5es","isPartOf":{"@id":"https:\/\/wordpress.ft.unicamp.br\/esptel\/#website"},"datePublished":"2017-04-10T17:11:11+00:00","dateModified":"2017-04-10T17:55:49+00:00","breadcrumb":{"@id":"https:\/\/wordpress.ft.unicamp.br\/esptel\/publico\/#breadcrumb"},"inLanguage":"pt-BR","potentialAction":[{"@type":"ReadAction","target":["https:\/\/wordpress.ft.unicamp.br\/esptel\/publico\/"]}]},{"@type":"BreadcrumbList","@id":"https:\/\/wordpress.ft.unicamp.br\/esptel\/publico\/#breadcrumb","itemListElement":[{"@type":"ListItem","position":1,"name":"Home","item":"https:\/\/wordpress.ft.unicamp.br\/esptel\/"},{"@type":"ListItem","position":2,"name":"P\u00fablico"}]},{"@type":"WebSite","@id":"https:\/\/wordpress.ft.unicamp.br\/esptel\/#website","url":"https:\/\/wordpress.ft.unicamp.br\/esptel\/","name":"Especializa\u00e7\u00e3o em Telecomunica\u00e7\u00f5es","description":"Faculdade de Tecnologia da UNICAMP","potentialAction":[{"@type":"SearchAction","target":{"@type":"EntryPoint","urlTemplate":"https:\/\/wordpress.ft.unicamp.br\/esptel\/?s={search_term_string}"},"query-input":{"@type":"PropertyValueSpecification","valueRequired":true,"valueName":"search_term_string"}}],"inLanguage":"pt-BR"}]}},"_links":{"self":[{"href":"https:\/\/wordpress.ft.unicamp.br\/esptel\/wp-json\/wp\/v2\/pages\/23","targetHints":{"allow":["GET"]}}],"collection":[{"href":"https:\/\/wordpress.ft.unicamp.br\/esptel\/wp-json\/wp\/v2\/pages"}],"about":[{"href":"https:\/\/wordpress.ft.unicamp.br\/esptel\/wp-json\/wp\/v2\/types\/page"}],"author":[{"embeddable":true,"href":"https:\/\/wordpress.ft.unicamp.br\/esptel\/wp-json\/wp\/v2\/users\/56"}],"replies":[{"embeddable":true,"href":"https:\/\/wordpress.ft.unicamp.br\/esptel\/wp-json\/wp\/v2\/comments?post=23"}],"version-history":[{"count":2,"href":"https:\/\/wordpress.ft.unicamp.br\/esptel\/wp-json\/wp\/v2\/pages\/23\/revisions"}],"predecessor-version":[{"id":42,"href":"https:\/\/wordpress.ft.unicamp.br\/esptel\/wp-json\/wp\/v2\/pages\/23\/revisions\/42"}],"wp:attachment":[{"href":"https:\/\/wordpress.ft.unicamp.br\/esptel\/wp-json\/wp\/v2\/media?parent=23"}],"curies":[{"name":"wp","href":"https:\/\/api.w.org\/{rel}","templated":true}]}}