{"id":25,"date":"2017-04-10T17:12:51","date_gmt":"2017-04-10T17:12:51","guid":{"rendered":"http:\/\/wordpress.ft.unicamp.br\/esptel\/?page_id=25"},"modified":"2019-12-07T10:41:36","modified_gmt":"2019-12-07T10:41:36","slug":"contato","status":"publish","type":"page","link":"https:\/\/wordpress.ft.unicamp.br\/esptel\/contato\/","title":{"rendered":"Contato"},"content":{"rendered":"<table border=\"0\" width=\"100%\">\n<tbody>\n<tr>\n<td width=\"50%\">\n<h5>Coordena\u00e7\u00e3o do Curso<\/h5>\n<p>Prof. Dr. <b>Rangel Arthur<\/b>\/ <a href=\"mailto:rangel@ft.unicamp.br\">rangel@ft.unicamp.br<\/a><\/p>\n<p>Secretaria de Extens\u00e3o\u00a0da\u00a0Faculdade de Tecnologia da UNICAMP<\/p>\n<p><a href=\"mailto:marcial@ceset.unicamp.br\">extensao<\/a><a href=\"mailto:marcial@ceset.unicamp.br\">@ft.unicamp.br<\/a><\/p>\n<p><strong>Telefone:\u00a0(19) 2113-3353<\/strong><\/p>\n<p><strong>Hor\u00e1rios:<\/strong><\/p>\n<p>De segunda-feira a sexta-feira:<\/p>\n<ul>\n<li>Das 13 as 22h.<\/li>\n<\/ul>\n<h5>Endere\u00e7o\u00a0para Correspond\u00eancias<\/h5>\n<p>Faculdade de Tecnologia \u2013 FT \/ Secretaria de Extens\u00e3o<br \/>\nUNICAMP \u2013 Campus I<br \/>\nRua Paschoal Marmo, 1888<br \/>\nJardim Nova It\u00e1lia,\u00a0CEP 13484-332<br \/>\nLimeira \u2013 SP<\/td>\n<td width=\"50%\">\n<div><\/div>\n<\/td>\n<\/tr>\n<\/tbody>\n<\/table>\n","protected":false},"excerpt":{"rendered":"<p>Coordena\u00e7\u00e3o do Curso Prof. Dr. Rangel Arthur\/ rangel@ft.unicamp.br Secretaria de Extens\u00e3o\u00a0da\u00a0Faculdade de Tecnologia da UNICAMP extensao@ft.unicamp.br Telefone:\u00a0(19) 2113-3353 Hor\u00e1rios: De segunda-feira a sexta-feira: Das 13 as 22h. Endere\u00e7o\u00a0para Correspond\u00eancias Faculdade de Tecnologia \u2013 FT \/ Secretaria de Extens\u00e3o UNICAMP \u2013 Campus I Rua Paschoal Marmo, 1888 Jardim Nova It\u00e1lia,\u00a0CEP 13484-332 Limeira \u2013 SP<\/p>\n","protected":false},"author":56,"featured_media":74,"parent":0,"menu_order":0,"comment_status":"closed","ping_status":"closed","template":"","meta":{"footnotes":""},"class_list":["post-25","page","type-page","status-publish","has-post-thumbnail","hentry"],"yoast_head":"<!-- This site is optimized with the Yoast SEO plugin v27.5 - https:\/\/yoast.com\/product\/yoast-seo-wordpress\/ -->\n<title>Contato - Especializa\u00e7\u00e3o em Telecomunica\u00e7\u00f5es<\/title>\n<meta name=\"robots\" content=\"index, follow, max-snippet:-1, max-image-preview:large, max-video-preview:-1\" \/>\n<link rel=\"canonical\" href=\"https:\/\/wordpress.ft.unicamp.br\/esptel\/contato\/\" \/>\n<meta property=\"og:locale\" content=\"pt_BR\" \/>\n<meta property=\"og:type\" content=\"article\" \/>\n<meta property=\"og:title\" content=\"Contato - Especializa\u00e7\u00e3o em Telecomunica\u00e7\u00f5es\" \/>\n<meta property=\"og:description\" content=\"Coordena\u00e7\u00e3o do Curso Prof. Dr. Rangel Arthur\/ rangel@ft.unicamp.br Secretaria de Extens\u00e3o\u00a0da\u00a0Faculdade de Tecnologia da UNICAMP extensao@ft.unicamp.br Telefone:\u00a0(19) 2113-3353 Hor\u00e1rios: De segunda-feira a sexta-feira: Das 13 as 22h. Endere\u00e7o\u00a0para Correspond\u00eancias Faculdade de Tecnologia \u2013 FT \/ Secretaria de Extens\u00e3o UNICAMP \u2013 Campus I Rua Paschoal Marmo, 1888 Jardim Nova It\u00e1lia,\u00a0CEP 13484-332 Limeira \u2013 SP\" \/>\n<meta property=\"og:url\" content=\"https:\/\/wordpress.ft.unicamp.br\/esptel\/contato\/\" \/>\n<meta property=\"og:site_name\" content=\"Especializa\u00e7\u00e3o em Telecomunica\u00e7\u00f5es\" \/>\n<meta property=\"article:modified_time\" content=\"2019-12-07T10:41:36+00:00\" \/>\n<meta property=\"og:image\" content=\"https:\/\/wordpress.ft.unicamp.br\/esptel\/wp-content\/uploads\/sites\/20\/2019\/12\/logo2.png\" \/>\n\t<meta property=\"og:image:width\" content=\"150\" \/>\n\t<meta property=\"og:image:height\" content=\"150\" \/>\n\t<meta property=\"og:image:type\" content=\"image\/png\" \/>\n<meta name=\"twitter:card\" content=\"summary_large_image\" \/>\n<meta name=\"twitter:label1\" content=\"Est. tempo de leitura\" \/>\n\t<meta name=\"twitter:data1\" content=\"1 minuto\" \/>\n<script type=\"application\/ld+json\" class=\"yoast-schema-graph\">{\"@context\":\"https:\\\/\\\/schema.org\",\"@graph\":[{\"@type\":\"WebPage\",\"@id\":\"https:\\\/\\\/wordpress.ft.unicamp.br\\\/esptel\\\/contato\\\/\",\"url\":\"https:\\\/\\\/wordpress.ft.unicamp.br\\\/esptel\\\/contato\\\/\",\"name\":\"Contato - Especializa\u00e7\u00e3o em Telecomunica\u00e7\u00f5es\",\"isPartOf\":{\"@id\":\"https:\\\/\\\/wordpress.ft.unicamp.br\\\/esptel\\\/#website\"},\"primaryImageOfPage\":{\"@id\":\"https:\\\/\\\/wordpress.ft.unicamp.br\\\/esptel\\\/contato\\\/#primaryimage\"},\"image\":{\"@id\":\"https:\\\/\\\/wordpress.ft.unicamp.br\\\/esptel\\\/contato\\\/#primaryimage\"},\"thumbnailUrl\":\"https:\\\/\\\/wordpress.ft.unicamp.br\\\/esptel\\\/wp-content\\\/uploads\\\/sites\\\/20\\\/2019\\\/12\\\/logo2.png\",\"datePublished\":\"2017-04-10T17:12:51+00:00\",\"dateModified\":\"2019-12-07T10:41:36+00:00\",\"breadcrumb\":{\"@id\":\"https:\\\/\\\/wordpress.ft.unicamp.br\\\/esptel\\\/contato\\\/#breadcrumb\"},\"inLanguage\":\"pt-BR\",\"potentialAction\":[{\"@type\":\"ReadAction\",\"target\":[\"https:\\\/\\\/wordpress.ft.unicamp.br\\\/esptel\\\/contato\\\/\"]}]},{\"@type\":\"ImageObject\",\"inLanguage\":\"pt-BR\",\"@id\":\"https:\\\/\\\/wordpress.ft.unicamp.br\\\/esptel\\\/contato\\\/#primaryimage\",\"url\":\"https:\\\/\\\/wordpress.ft.unicamp.br\\\/esptel\\\/wp-content\\\/uploads\\\/sites\\\/20\\\/2019\\\/12\\\/logo2.png\",\"contentUrl\":\"https:\\\/\\\/wordpress.ft.unicamp.br\\\/esptel\\\/wp-content\\\/uploads\\\/sites\\\/20\\\/2019\\\/12\\\/logo2.png\",\"width\":150,\"height\":150},{\"@type\":\"BreadcrumbList\",\"@id\":\"https:\\\/\\\/wordpress.ft.unicamp.br\\\/esptel\\\/contato\\\/#breadcrumb\",\"itemListElement\":[{\"@type\":\"ListItem\",\"position\":1,\"name\":\"Home\",\"item\":\"https:\\\/\\\/wordpress.ft.unicamp.br\\\/esptel\\\/\"},{\"@type\":\"ListItem\",\"position\":2,\"name\":\"Contato\"}]},{\"@type\":\"WebSite\",\"@id\":\"https:\\\/\\\/wordpress.ft.unicamp.br\\\/esptel\\\/#website\",\"url\":\"https:\\\/\\\/wordpress.ft.unicamp.br\\\/esptel\\\/\",\"name\":\"Especializa\u00e7\u00e3o em Telecomunica\u00e7\u00f5es\",\"description\":\"Faculdade de Tecnologia da UNICAMP\",\"potentialAction\":[{\"@type\":\"SearchAction\",\"target\":{\"@type\":\"EntryPoint\",\"urlTemplate\":\"https:\\\/\\\/wordpress.ft.unicamp.br\\\/esptel\\\/?s={search_term_string}\"},\"query-input\":{\"@type\":\"PropertyValueSpecification\",\"valueRequired\":true,\"valueName\":\"search_term_string\"}}],\"inLanguage\":\"pt-BR\"}]}<\/script>\n<!-- \/ Yoast SEO plugin. -->","yoast_head_json":{"title":"Contato - Especializa\u00e7\u00e3o em Telecomunica\u00e7\u00f5es","robots":{"index":"index","follow":"follow","max-snippet":"max-snippet:-1","max-image-preview":"max-image-preview:large","max-video-preview":"max-video-preview:-1"},"canonical":"https:\/\/wordpress.ft.unicamp.br\/esptel\/contato\/","og_locale":"pt_BR","og_type":"article","og_title":"Contato - Especializa\u00e7\u00e3o em Telecomunica\u00e7\u00f5es","og_description":"Coordena\u00e7\u00e3o do Curso Prof. Dr. Rangel Arthur\/ rangel@ft.unicamp.br Secretaria de Extens\u00e3o\u00a0da\u00a0Faculdade de Tecnologia da UNICAMP extensao@ft.unicamp.br Telefone:\u00a0(19) 2113-3353 Hor\u00e1rios: De segunda-feira a sexta-feira: Das 13 as 22h. Endere\u00e7o\u00a0para Correspond\u00eancias Faculdade de Tecnologia \u2013 FT \/ Secretaria de Extens\u00e3o UNICAMP \u2013 Campus I Rua Paschoal Marmo, 1888 Jardim Nova It\u00e1lia,\u00a0CEP 13484-332 Limeira \u2013 SP","og_url":"https:\/\/wordpress.ft.unicamp.br\/esptel\/contato\/","og_site_name":"Especializa\u00e7\u00e3o em Telecomunica\u00e7\u00f5es","article_modified_time":"2019-12-07T10:41:36+00:00","og_image":[{"width":150,"height":150,"url":"https:\/\/wordpress.ft.unicamp.br\/esptel\/wp-content\/uploads\/sites\/20\/2019\/12\/logo2.png","type":"image\/png"}],"twitter_card":"summary_large_image","twitter_misc":{"Est. tempo de leitura":"1 minuto"},"schema":{"@context":"https:\/\/schema.org","@graph":[{"@type":"WebPage","@id":"https:\/\/wordpress.ft.unicamp.br\/esptel\/contato\/","url":"https:\/\/wordpress.ft.unicamp.br\/esptel\/contato\/","name":"Contato - Especializa\u00e7\u00e3o em Telecomunica\u00e7\u00f5es","isPartOf":{"@id":"https:\/\/wordpress.ft.unicamp.br\/esptel\/#website"},"primaryImageOfPage":{"@id":"https:\/\/wordpress.ft.unicamp.br\/esptel\/contato\/#primaryimage"},"image":{"@id":"https:\/\/wordpress.ft.unicamp.br\/esptel\/contato\/#primaryimage"},"thumbnailUrl":"https:\/\/wordpress.ft.unicamp.br\/esptel\/wp-content\/uploads\/sites\/20\/2019\/12\/logo2.png","datePublished":"2017-04-10T17:12:51+00:00","dateModified":"2019-12-07T10:41:36+00:00","breadcrumb":{"@id":"https:\/\/wordpress.ft.unicamp.br\/esptel\/contato\/#breadcrumb"},"inLanguage":"pt-BR","potentialAction":[{"@type":"ReadAction","target":["https:\/\/wordpress.ft.unicamp.br\/esptel\/contato\/"]}]},{"@type":"ImageObject","inLanguage":"pt-BR","@id":"https:\/\/wordpress.ft.unicamp.br\/esptel\/contato\/#primaryimage","url":"https:\/\/wordpress.ft.unicamp.br\/esptel\/wp-content\/uploads\/sites\/20\/2019\/12\/logo2.png","contentUrl":"https:\/\/wordpress.ft.unicamp.br\/esptel\/wp-content\/uploads\/sites\/20\/2019\/12\/logo2.png","width":150,"height":150},{"@type":"BreadcrumbList","@id":"https:\/\/wordpress.ft.unicamp.br\/esptel\/contato\/#breadcrumb","itemListElement":[{"@type":"ListItem","position":1,"name":"Home","item":"https:\/\/wordpress.ft.unicamp.br\/esptel\/"},{"@type":"ListItem","position":2,"name":"Contato"}]},{"@type":"WebSite","@id":"https:\/\/wordpress.ft.unicamp.br\/esptel\/#website","url":"https:\/\/wordpress.ft.unicamp.br\/esptel\/","name":"Especializa\u00e7\u00e3o em Telecomunica\u00e7\u00f5es","description":"Faculdade de Tecnologia da UNICAMP","potentialAction":[{"@type":"SearchAction","target":{"@type":"EntryPoint","urlTemplate":"https:\/\/wordpress.ft.unicamp.br\/esptel\/?s={search_term_string}"},"query-input":{"@type":"PropertyValueSpecification","valueRequired":true,"valueName":"search_term_string"}}],"inLanguage":"pt-BR"}]}},"_links":{"self":[{"href":"https:\/\/wordpress.ft.unicamp.br\/esptel\/wp-json\/wp\/v2\/pages\/25","targetHints":{"allow":["GET"]}}],"collection":[{"href":"https:\/\/wordpress.ft.unicamp.br\/esptel\/wp-json\/wp\/v2\/pages"}],"about":[{"href":"https:\/\/wordpress.ft.unicamp.br\/esptel\/wp-json\/wp\/v2\/types\/page"}],"author":[{"embeddable":true,"href":"https:\/\/wordpress.ft.unicamp.br\/esptel\/wp-json\/wp\/v2\/users\/56"}],"replies":[{"embeddable":true,"href":"https:\/\/wordpress.ft.unicamp.br\/esptel\/wp-json\/wp\/v2\/comments?post=25"}],"version-history":[{"count":20,"href":"https:\/\/wordpress.ft.unicamp.br\/esptel\/wp-json\/wp\/v2\/pages\/25\/revisions"}],"predecessor-version":[{"id":81,"href":"https:\/\/wordpress.ft.unicamp.br\/esptel\/wp-json\/wp\/v2\/pages\/25\/revisions\/81"}],"wp:featuredmedia":[{"embeddable":true,"href":"https:\/\/wordpress.ft.unicamp.br\/esptel\/wp-json\/wp\/v2\/media\/74"}],"wp:attachment":[{"href":"https:\/\/wordpress.ft.unicamp.br\/esptel\/wp-json\/wp\/v2\/media?parent=25"}],"curies":[{"name":"wp","href":"https:\/\/api.w.org\/{rel}","templated":true}]}}