{"id":28,"date":"2017-04-10T17:15:53","date_gmt":"2017-04-10T17:15:53","guid":{"rendered":"http:\/\/wordpress.ft.unicamp.br\/esptel\/?page_id=28"},"modified":"2017-07-14T21:05:19","modified_gmt":"2017-07-14T21:05:19","slug":"inscricao","status":"publish","type":"page","link":"https:\/\/wordpress.ft.unicamp.br\/esptel\/inscricao\/","title":{"rendered":"Inscri\u00e7\u00e3o"},"content":{"rendered":"<h2>Matr\u00edculas\u00a0\u00a0 \/\u00a0\u00a0\u00a0<strong>Pr\u00f3xima Turma\u00a0 :\u00a0<\/strong><strong>\u00a0<\/strong><strong>2017<\/strong><\/h2>\n<p>&nbsp;<\/p>\n<table width=\"100%\">\n<tbody>\n<tr>\n<td width=\"208\"><strong>Per\u00edodo de Inscri\u00e7\u00e3o<\/strong><\/td>\n<td width=\"358\"><strong>In\u00edcio: <b>10 de Julho de 2017<\/b><\/strong><\/p>\n<p><strong>T\u00e9rmino: <b>22 de Setembro de 2017 *<\/b><\/strong><\/p>\n<p>*\u00a0Data limite de recebimento da documenta\u00e7\u00e3o exigida.<\/td>\n<\/tr>\n<tr>\n<td width=\"208\"><strong>Resultado da Sele\u00e7\u00e3o<\/strong><\/p>\n<p><strong>(para inscritos com toda a documenta\u00e7\u00e3o entregue)<\/strong><\/td>\n<td width=\"358\"><strong>Divulga\u00e7\u00e3o da Lista de Aprovados<\/strong><\/p>\n<p><b>\u00a026 de Setembro\u00a0de 2017<\/b><\/td>\n<\/tr>\n<tr>\n<td width=\"208\"><strong>Per\u00edodo de Matr\u00edcula<\/strong><\/p>\n<p><strong>(para selecionados)<\/strong><\/td>\n<td width=\"358\"><strong>In\u00edcio: <b>27 de Setembro de 2017<\/b><\/strong><\/p>\n<p><strong>T\u00e9rmino:\u00a0<b>\u00a004 de Outubro de 2017<\/b>*<\/strong><\/p>\n<p>*\u00a0Data limite de pagamento da matr\u00edcula.<\/td>\n<\/tr>\n<tr>\n<td width=\"208\"><strong>In\u00edcio das aulas<\/strong><\/p>\n<p>&nbsp;<\/td>\n<td width=\"358\"><b>07 de Outubro de 2017<\/b><\/p>\n<p>Hor\u00e1rio das aulas:<strong>\u00a0<\/strong>\u00a0das 8:30h as 14:30h<br \/>\nDias das aulas:\u00a0S\u00e1bados<\/td>\n<\/tr>\n<tr>\n<td width=\"208\"><strong>T\u00e9rmino das aulas presenciais<\/strong><\/p>\n<p>&nbsp;<\/td>\n<td width=\"358\"><b>22 de Junho de 2019<\/b><\/p>\n<p>&nbsp;<\/td>\n<\/tr>\n<\/tbody>\n<\/table>\n<p><span style=\"color: #ff0000\"><em><strong>As disciplinas s\u00e3o ministradas no Campus da UNICAMP em Bar\u00e3o Geraldo: <a href=\"http:\/\/wordpress.ft.unicamp.br\/esptel\/contato\/\">Ver mapa<\/a><\/strong><\/em><\/span><\/p>\n<p><strong>LINK DA EXTECAMP PARA MATR\u00cdCULA<\/strong>:\u00a0<a href=\"http:\/\/www.extecamp.unicamp.br\/dados.asp?sigla=%84g%CD%C2%5F%E1%DD%9E&amp;of=%F7%12%A8\">http:\/\/www.extecamp.unicamp.br\/dados.asp?sigla=%84g%CD%C2%5F%E1%DD%9E&amp;of=%F7%12%A8<\/a><\/p>\n","protected":false},"excerpt":{"rendered":"<p>Matr\u00edculas\u00a0\u00a0 \/\u00a0\u00a0\u00a0Pr\u00f3xima Turma\u00a0 :\u00a0\u00a02017 &nbsp; Per\u00edodo de Inscri\u00e7\u00e3o In\u00edcio: 10 de Julho de 2017 T\u00e9rmino: 22 de Setembro de 2017 * *\u00a0Data limite de recebimento da documenta\u00e7\u00e3o exigida. Resultado da Sele\u00e7\u00e3o (para inscritos com toda a documenta\u00e7\u00e3o entregue) Divulga\u00e7\u00e3o da Lista de Aprovados \u00a026 de Setembro\u00a0de 2017 Per\u00edodo de Matr\u00edcula (para selecionados) In\u00edcio: 27 de <a class=\"read-more\" href=\"https:\/\/wordpress.ft.unicamp.br\/esptel\/inscricao\/\">Leia mais<\/a><\/p>\n","protected":false},"author":56,"featured_media":0,"parent":0,"menu_order":0,"comment_status":"closed","ping_status":"closed","template":"","meta":{"footnotes":""},"class_list":["post-28","page","type-page","status-publish","hentry"],"yoast_head":"<!-- This site is optimized with the Yoast SEO plugin v27.5 - https:\/\/yoast.com\/product\/yoast-seo-wordpress\/ -->\n<title>Inscri\u00e7\u00e3o - Especializa\u00e7\u00e3o em Telecomunica\u00e7\u00f5es<\/title>\n<meta name=\"robots\" content=\"index, follow, max-snippet:-1, max-image-preview:large, max-video-preview:-1\" \/>\n<link rel=\"canonical\" href=\"https:\/\/wordpress.ft.unicamp.br\/esptel\/inscricao\/\" \/>\n<meta property=\"og:locale\" content=\"pt_BR\" \/>\n<meta property=\"og:type\" content=\"article\" \/>\n<meta property=\"og:title\" content=\"Inscri\u00e7\u00e3o - Especializa\u00e7\u00e3o em Telecomunica\u00e7\u00f5es\" \/>\n<meta property=\"og:description\" content=\"Matr\u00edculas\u00a0\u00a0 \/\u00a0\u00a0\u00a0Pr\u00f3xima Turma\u00a0 :\u00a0\u00a02017 &nbsp; Per\u00edodo de Inscri\u00e7\u00e3o In\u00edcio: 10 de Julho de 2017 T\u00e9rmino: 22 de Setembro de 2017 * *\u00a0Data limite de recebimento da documenta\u00e7\u00e3o exigida. Resultado da Sele\u00e7\u00e3o (para inscritos com toda a documenta\u00e7\u00e3o entregue) Divulga\u00e7\u00e3o da Lista de Aprovados \u00a026 de Setembro\u00a0de 2017 Per\u00edodo de Matr\u00edcula (para selecionados) In\u00edcio: 27 de Leia mais\" \/>\n<meta property=\"og:url\" content=\"https:\/\/wordpress.ft.unicamp.br\/esptel\/inscricao\/\" \/>\n<meta property=\"og:site_name\" content=\"Especializa\u00e7\u00e3o em Telecomunica\u00e7\u00f5es\" \/>\n<meta property=\"article:modified_time\" content=\"2017-07-14T21:05:19+00:00\" \/>\n<meta name=\"twitter:card\" content=\"summary_large_image\" \/>\n<meta name=\"twitter:label1\" content=\"Est. tempo de leitura\" \/>\n\t<meta name=\"twitter:data1\" content=\"1 minuto\" \/>\n<script type=\"application\/ld+json\" class=\"yoast-schema-graph\">{\"@context\":\"https:\\\/\\\/schema.org\",\"@graph\":[{\"@type\":\"WebPage\",\"@id\":\"https:\\\/\\\/wordpress.ft.unicamp.br\\\/esptel\\\/inscricao\\\/\",\"url\":\"https:\\\/\\\/wordpress.ft.unicamp.br\\\/esptel\\\/inscricao\\\/\",\"name\":\"Inscri\u00e7\u00e3o - Especializa\u00e7\u00e3o em Telecomunica\u00e7\u00f5es\",\"isPartOf\":{\"@id\":\"https:\\\/\\\/wordpress.ft.unicamp.br\\\/esptel\\\/#website\"},\"datePublished\":\"2017-04-10T17:15:53+00:00\",\"dateModified\":\"2017-07-14T21:05:19+00:00\",\"breadcrumb\":{\"@id\":\"https:\\\/\\\/wordpress.ft.unicamp.br\\\/esptel\\\/inscricao\\\/#breadcrumb\"},\"inLanguage\":\"pt-BR\",\"potentialAction\":[{\"@type\":\"ReadAction\",\"target\":[\"https:\\\/\\\/wordpress.ft.unicamp.br\\\/esptel\\\/inscricao\\\/\"]}]},{\"@type\":\"BreadcrumbList\",\"@id\":\"https:\\\/\\\/wordpress.ft.unicamp.br\\\/esptel\\\/inscricao\\\/#breadcrumb\",\"itemListElement\":[{\"@type\":\"ListItem\",\"position\":1,\"name\":\"Home\",\"item\":\"https:\\\/\\\/wordpress.ft.unicamp.br\\\/esptel\\\/\"},{\"@type\":\"ListItem\",\"position\":2,\"name\":\"Inscri\u00e7\u00e3o\"}]},{\"@type\":\"WebSite\",\"@id\":\"https:\\\/\\\/wordpress.ft.unicamp.br\\\/esptel\\\/#website\",\"url\":\"https:\\\/\\\/wordpress.ft.unicamp.br\\\/esptel\\\/\",\"name\":\"Especializa\u00e7\u00e3o em Telecomunica\u00e7\u00f5es\",\"description\":\"Faculdade de Tecnologia da UNICAMP\",\"potentialAction\":[{\"@type\":\"SearchAction\",\"target\":{\"@type\":\"EntryPoint\",\"urlTemplate\":\"https:\\\/\\\/wordpress.ft.unicamp.br\\\/esptel\\\/?s={search_term_string}\"},\"query-input\":{\"@type\":\"PropertyValueSpecification\",\"valueRequired\":true,\"valueName\":\"search_term_string\"}}],\"inLanguage\":\"pt-BR\"}]}<\/script>\n<!-- \/ Yoast SEO plugin. -->","yoast_head_json":{"title":"Inscri\u00e7\u00e3o - Especializa\u00e7\u00e3o em Telecomunica\u00e7\u00f5es","robots":{"index":"index","follow":"follow","max-snippet":"max-snippet:-1","max-image-preview":"max-image-preview:large","max-video-preview":"max-video-preview:-1"},"canonical":"https:\/\/wordpress.ft.unicamp.br\/esptel\/inscricao\/","og_locale":"pt_BR","og_type":"article","og_title":"Inscri\u00e7\u00e3o - Especializa\u00e7\u00e3o em Telecomunica\u00e7\u00f5es","og_description":"Matr\u00edculas\u00a0\u00a0 \/\u00a0\u00a0\u00a0Pr\u00f3xima Turma\u00a0 :\u00a0\u00a02017 &nbsp; Per\u00edodo de Inscri\u00e7\u00e3o In\u00edcio: 10 de Julho de 2017 T\u00e9rmino: 22 de Setembro de 2017 * *\u00a0Data limite de recebimento da documenta\u00e7\u00e3o exigida. Resultado da Sele\u00e7\u00e3o (para inscritos com toda a documenta\u00e7\u00e3o entregue) Divulga\u00e7\u00e3o da Lista de Aprovados \u00a026 de Setembro\u00a0de 2017 Per\u00edodo de Matr\u00edcula (para selecionados) In\u00edcio: 27 de Leia mais","og_url":"https:\/\/wordpress.ft.unicamp.br\/esptel\/inscricao\/","og_site_name":"Especializa\u00e7\u00e3o em Telecomunica\u00e7\u00f5es","article_modified_time":"2017-07-14T21:05:19+00:00","twitter_card":"summary_large_image","twitter_misc":{"Est. tempo de leitura":"1 minuto"},"schema":{"@context":"https:\/\/schema.org","@graph":[{"@type":"WebPage","@id":"https:\/\/wordpress.ft.unicamp.br\/esptel\/inscricao\/","url":"https:\/\/wordpress.ft.unicamp.br\/esptel\/inscricao\/","name":"Inscri\u00e7\u00e3o - Especializa\u00e7\u00e3o em Telecomunica\u00e7\u00f5es","isPartOf":{"@id":"https:\/\/wordpress.ft.unicamp.br\/esptel\/#website"},"datePublished":"2017-04-10T17:15:53+00:00","dateModified":"2017-07-14T21:05:19+00:00","breadcrumb":{"@id":"https:\/\/wordpress.ft.unicamp.br\/esptel\/inscricao\/#breadcrumb"},"inLanguage":"pt-BR","potentialAction":[{"@type":"ReadAction","target":["https:\/\/wordpress.ft.unicamp.br\/esptel\/inscricao\/"]}]},{"@type":"BreadcrumbList","@id":"https:\/\/wordpress.ft.unicamp.br\/esptel\/inscricao\/#breadcrumb","itemListElement":[{"@type":"ListItem","position":1,"name":"Home","item":"https:\/\/wordpress.ft.unicamp.br\/esptel\/"},{"@type":"ListItem","position":2,"name":"Inscri\u00e7\u00e3o"}]},{"@type":"WebSite","@id":"https:\/\/wordpress.ft.unicamp.br\/esptel\/#website","url":"https:\/\/wordpress.ft.unicamp.br\/esptel\/","name":"Especializa\u00e7\u00e3o em Telecomunica\u00e7\u00f5es","description":"Faculdade de Tecnologia da UNICAMP","potentialAction":[{"@type":"SearchAction","target":{"@type":"EntryPoint","urlTemplate":"https:\/\/wordpress.ft.unicamp.br\/esptel\/?s={search_term_string}"},"query-input":{"@type":"PropertyValueSpecification","valueRequired":true,"valueName":"search_term_string"}}],"inLanguage":"pt-BR"}]}},"_links":{"self":[{"href":"https:\/\/wordpress.ft.unicamp.br\/esptel\/wp-json\/wp\/v2\/pages\/28","targetHints":{"allow":["GET"]}}],"collection":[{"href":"https:\/\/wordpress.ft.unicamp.br\/esptel\/wp-json\/wp\/v2\/pages"}],"about":[{"href":"https:\/\/wordpress.ft.unicamp.br\/esptel\/wp-json\/wp\/v2\/types\/page"}],"author":[{"embeddable":true,"href":"https:\/\/wordpress.ft.unicamp.br\/esptel\/wp-json\/wp\/v2\/users\/56"}],"replies":[{"embeddable":true,"href":"https:\/\/wordpress.ft.unicamp.br\/esptel\/wp-json\/wp\/v2\/comments?post=28"}],"version-history":[{"count":8,"href":"https:\/\/wordpress.ft.unicamp.br\/esptel\/wp-json\/wp\/v2\/pages\/28\/revisions"}],"predecessor-version":[{"id":60,"href":"https:\/\/wordpress.ft.unicamp.br\/esptel\/wp-json\/wp\/v2\/pages\/28\/revisions\/60"}],"wp:attachment":[{"href":"https:\/\/wordpress.ft.unicamp.br\/esptel\/wp-json\/wp\/v2\/media?parent=28"}],"curies":[{"name":"wp","href":"https:\/\/api.w.org\/{rel}","templated":true}]}}