{"id":325,"date":"2023-08-05T14:55:41","date_gmt":"2023-08-05T17:55:41","guid":{"rendered":"https:\/\/wordpress.ft.unicamp.br\/etr\/?page_id=325"},"modified":"2023-08-05T16:09:11","modified_gmt":"2023-08-05T19:09:11","slug":"atuacao-academica-2","status":"publish","type":"page","link":"https:\/\/wordpress.ft.unicamp.br\/etr\/institucional\/atuacao-academica-2\/","title":{"rendered":"Atua\u00e7\u00e3o Acad\u00eamica"},"content":{"rendered":"\t\t<div data-elementor-type=\"wp-page\" data-elementor-id=\"325\" class=\"elementor elementor-325\">\n\t\t\t\t\t\t<section class=\"elementor-section elementor-top-section elementor-element elementor-element-e35985d elementor-section-boxed elementor-section-height-default elementor-section-height-default\" data-id=\"e35985d\" data-element_type=\"section\" data-e-type=\"section\">\n\t\t\t\t\t\t<div class=\"elementor-container elementor-column-gap-default\">\n\t\t\t\t\t<div class=\"elementor-column elementor-col-100 elementor-top-column elementor-element elementor-element-40e5ad0\" data-id=\"40e5ad0\" data-element_type=\"column\" data-e-type=\"column\">\n\t\t\t<div class=\"elementor-widget-wrap elementor-element-populated\">\n\t\t\t\t\t\t<div class=\"elementor-element elementor-element-5269688 elementor-widget elementor-widget-heading\" data-id=\"5269688\" data-element_type=\"widget\" data-e-type=\"widget\" data-widget_type=\"heading.default\">\n\t\t\t\t<div class=\"elementor-widget-container\">\n\t\t\t\t\t<h2 class=\"elementor-heading-title elementor-size-default\">ATUA\u00c7\u00c3O ACAD\u00caMICA<\/h2>\t\t\t\t<\/div>\n\t\t\t\t<\/div>\n\t\t\t\t\t<\/div>\n\t\t<\/div>\n\t\t\t\t\t<\/div>\n\t\t<\/section>\n\t\t\t\t<section class=\"elementor-section elementor-top-section elementor-element elementor-element-f94260c elementor-section-boxed elementor-section-height-default elementor-section-height-default\" data-id=\"f94260c\" data-element_type=\"section\" data-e-type=\"section\">\n\t\t\t\t\t\t<div class=\"elementor-container elementor-column-gap-default\">\n\t\t\t\t\t<div class=\"elementor-column elementor-col-100 elementor-top-column elementor-element elementor-element-bd2c812\" data-id=\"bd2c812\" data-element_type=\"column\" data-e-type=\"column\">\n\t\t\t<div class=\"elementor-widget-wrap elementor-element-populated\">\n\t\t\t\t\t\t<div class=\"elementor-element elementor-element-d9fa574 elementor-widget elementor-widget-text-editor\" data-id=\"d9fa574\" data-element_type=\"widget\" data-e-type=\"widget\" data-widget_type=\"text-editor.default\">\n\t\t\t\t<div class=\"elementor-widget-container\">\n\t\t\t\t\t\t\t\t\t<p><span style=\"font-size: 15px;color: var( --e-global-color-text )\"><strong>E<\/strong><b>nsino:<\/b> S\u00e3o as atividades voltadas ao aprendizado dos alunos: as horas destinadas \u00e0s aulas em sala, laborat\u00f3rios, atividades de monitoria, grupos de estudo, entre outras. A maior parte das disciplinas do curso de Engenharia de Transportes possuem de 2 a 4 vetores de Teoria, e de 1 a 2 vetores de Pr\u00e1tica Laboratorial.<\/span><\/p>\n<p><strong>Extens\u00e3o:<\/strong> Possui o objetivo de criar uma rela\u00e7\u00e3o entre a comunidade e a universidade. Ent\u00e3o, s\u00e3o desenvolvidos projetos e a\u00e7\u00f5es que possibilitem esse contato. Assim, pode-se difundir e aplicar os conhecimentos adquiridos nas disciplinas da universidade para aux\u00edlio gratuito da comunidade. Algumas disciplinas da Engenharia de Transportes possuem vetores de extens\u00e3o, como:<\/p>\n<ul>\n<li><em>R<\/em><i>epresenta\u00e7\u00e3o Gr\u00e1fica;<\/i><\/li>\n<li><i>Introdu\u00e7\u00e3o \u00e0 Extens\u00e3o;<\/i><\/li>\n<li><i>Projeto Integrador I, II e III;<\/i><\/li>\n<li><i>Topografia II;<\/i><\/li>\n<li><i>Mec\u00e2nica dos Solos I;<\/i><\/li>\n<li><i>Sistema de Informa\u00e7\u00f5es Geogr\u00e1ficas;<\/i><\/li>\n<li><i>Seguran\u00e7a de Vias;<\/i><\/li>\n<li><i>Pavimenta\u00e7\u00e3o II;<\/i><\/li>\n<li><i>Introdu\u00e7\u00e3o \u00e0 Administra\u00e7\u00e3o de Organiza\u00e7\u00f5es;<\/i><\/li>\n<li><i>Impactos Ambientais dos Transportes.<\/i><\/li>\n<li><br><p style=\"font-family: Roboto, sans-serif;font-size: 15px;font-style: normal\"><span style=\"color: var( --e-global-color-text );font-size: 15px\"><b>Pesquisa: <\/b>Envolve atividades que fomentem a pesquisa dentro das universidades, como o Trabalho de Conclus\u00e3o de Curso (TCC), ou a Inicia\u00e7\u00e3o Cient\u00edfica. Entre as linhas de pesquisa da Engenharia de Transportes, as principais s\u00e3o:<\/span><\/p>\n<\/li>\n<\/ul>\n<ul>\n<li><em>T<\/em><i>ecnologias de Monitoramento de Tr\u00e1fego;<\/i><\/li>\n<li><i>T\u00e9cnicas de An\u00e1lise de Dados;<\/i><\/li>\n<li><i>Modelagem de Tr\u00e1fego;<\/i><\/li>\n<li><i>Planejamento de Transportes e Previs\u00e3o de Demanda;<\/i><\/li>\n<li><i>Seguran\u00e7a Vi\u00e1ria;<\/i><\/li>\n<li><i>Transporte de Material Perigoso;<\/i><\/li>\n<li><i>Drenagem de Vias;<\/i><\/li>\n<li><span style=\"font-size: 15px;color: var( --e-global-color-text )\"><i>Infraestruturas Cinzas e Verdes Associadas aos Transportes.<\/i><\/span><\/li>\n<\/ul>\t\t\t\t\t\t\t\t<\/div>\n\t\t\t\t<\/div>\n\t\t\t\t\t<\/div>\n\t\t<\/div>\n\t\t\t\t\t<\/div>\n\t\t<\/section>\n\t\t\t\t<\/div>\n\t\t","protected":false},"excerpt":{"rendered":"<p>ATUA\u00c7\u00c3O ACAD\u00caMICA Ensino: S\u00e3o as atividades voltadas ao aprendizado dos alunos: as horas destinadas \u00e0s aulas em sala, laborat\u00f3rios, atividades&hellip; <\/p>\n","protected":false},"author":98,"featured_media":0,"parent":329,"menu_order":0,"comment_status":"closed","ping_status":"closed","template":"","meta":{"footnotes":""},"class_list":["post-325","page","type-page","status-publish","hentry"],"yoast_head":"<!-- This site is optimized with the Yoast SEO plugin v27.5 - https:\/\/yoast.com\/product\/yoast-seo-wordpress\/ -->\n<title>Atua\u00e7\u00e3o Acad\u00eamica -<\/title>\n<meta name=\"robots\" content=\"index, follow, max-snippet:-1, max-image-preview:large, max-video-preview:-1\" \/>\n<link rel=\"canonical\" href=\"https:\/\/wordpress.ft.unicamp.br\/etr\/institucional\/atuacao-academica-2\/\" \/>\n<meta property=\"og:locale\" content=\"pt_BR\" \/>\n<meta property=\"og:type\" content=\"article\" \/>\n<meta property=\"og:title\" content=\"Atua\u00e7\u00e3o Acad\u00eamica -\" \/>\n<meta property=\"og:description\" content=\"ATUA\u00c7\u00c3O ACAD\u00caMICA Ensino: S\u00e3o as atividades voltadas ao aprendizado dos alunos: as horas destinadas \u00e0s aulas em sala, laborat\u00f3rios, atividades&hellip;\" \/>\n<meta property=\"og:url\" content=\"https:\/\/wordpress.ft.unicamp.br\/etr\/institucional\/atuacao-academica-2\/\" \/>\n<meta property=\"article:modified_time\" content=\"2023-08-05T19:09:11+00:00\" \/>\n<meta name=\"twitter:card\" content=\"summary_large_image\" \/>\n<meta name=\"twitter:label1\" content=\"Est. tempo de leitura\" \/>\n\t<meta name=\"twitter:data1\" content=\"2 minutos\" \/>\n<script type=\"application\/ld+json\" class=\"yoast-schema-graph\">{\"@context\":\"https:\\\/\\\/schema.org\",\"@graph\":[{\"@type\":\"WebPage\",\"@id\":\"https:\\\/\\\/wordpress.ft.unicamp.br\\\/etr\\\/institucional\\\/atuacao-academica-2\\\/\",\"url\":\"https:\\\/\\\/wordpress.ft.unicamp.br\\\/etr\\\/institucional\\\/atuacao-academica-2\\\/\",\"name\":\"Atua\u00e7\u00e3o Acad\u00eamica -\",\"isPartOf\":{\"@id\":\"https:\\\/\\\/wordpress.ft.unicamp.br\\\/etr\\\/#website\"},\"datePublished\":\"2023-08-05T17:55:41+00:00\",\"dateModified\":\"2023-08-05T19:09:11+00:00\",\"breadcrumb\":{\"@id\":\"https:\\\/\\\/wordpress.ft.unicamp.br\\\/etr\\\/institucional\\\/atuacao-academica-2\\\/#breadcrumb\"},\"inLanguage\":\"pt-BR\",\"potentialAction\":[{\"@type\":\"ReadAction\",\"target\":[\"https:\\\/\\\/wordpress.ft.unicamp.br\\\/etr\\\/institucional\\\/atuacao-academica-2\\\/\"]}]},{\"@type\":\"BreadcrumbList\",\"@id\":\"https:\\\/\\\/wordpress.ft.unicamp.br\\\/etr\\\/institucional\\\/atuacao-academica-2\\\/#breadcrumb\",\"itemListElement\":[{\"@type\":\"ListItem\",\"position\":1,\"name\":\"Home\",\"item\":\"https:\\\/\\\/wordpress.ft.unicamp.br\\\/etr\\\/\"},{\"@type\":\"ListItem\",\"position\":2,\"name\":\"INSTITUCIONAL\",\"item\":\"https:\\\/\\\/wordpress.ft.unicamp.br\\\/etr\\\/institucional\\\/\"},{\"@type\":\"ListItem\",\"position\":3,\"name\":\"Atua\u00e7\u00e3o Acad\u00eamica\"}]},{\"@type\":\"WebSite\",\"@id\":\"https:\\\/\\\/wordpress.ft.unicamp.br\\\/etr\\\/#website\",\"url\":\"https:\\\/\\\/wordpress.ft.unicamp.br\\\/etr\\\/\",\"name\":\"\",\"description\":\"Faculdade de Tecnologia, UNICAMP\",\"potentialAction\":[{\"@type\":\"SearchAction\",\"target\":{\"@type\":\"EntryPoint\",\"urlTemplate\":\"https:\\\/\\\/wordpress.ft.unicamp.br\\\/etr\\\/?s={search_term_string}\"},\"query-input\":{\"@type\":\"PropertyValueSpecification\",\"valueRequired\":true,\"valueName\":\"search_term_string\"}}],\"inLanguage\":\"pt-BR\"}]}<\/script>\n<!-- \/ Yoast SEO plugin. -->","yoast_head_json":{"title":"Atua\u00e7\u00e3o Acad\u00eamica -","robots":{"index":"index","follow":"follow","max-snippet":"max-snippet:-1","max-image-preview":"max-image-preview:large","max-video-preview":"max-video-preview:-1"},"canonical":"https:\/\/wordpress.ft.unicamp.br\/etr\/institucional\/atuacao-academica-2\/","og_locale":"pt_BR","og_type":"article","og_title":"Atua\u00e7\u00e3o Acad\u00eamica -","og_description":"ATUA\u00c7\u00c3O ACAD\u00caMICA Ensino: S\u00e3o as atividades voltadas ao aprendizado dos alunos: as horas destinadas \u00e0s aulas em sala, laborat\u00f3rios, atividades&hellip;","og_url":"https:\/\/wordpress.ft.unicamp.br\/etr\/institucional\/atuacao-academica-2\/","article_modified_time":"2023-08-05T19:09:11+00:00","twitter_card":"summary_large_image","twitter_misc":{"Est. tempo de leitura":"2 minutos"},"schema":{"@context":"https:\/\/schema.org","@graph":[{"@type":"WebPage","@id":"https:\/\/wordpress.ft.unicamp.br\/etr\/institucional\/atuacao-academica-2\/","url":"https:\/\/wordpress.ft.unicamp.br\/etr\/institucional\/atuacao-academica-2\/","name":"Atua\u00e7\u00e3o Acad\u00eamica -","isPartOf":{"@id":"https:\/\/wordpress.ft.unicamp.br\/etr\/#website"},"datePublished":"2023-08-05T17:55:41+00:00","dateModified":"2023-08-05T19:09:11+00:00","breadcrumb":{"@id":"https:\/\/wordpress.ft.unicamp.br\/etr\/institucional\/atuacao-academica-2\/#breadcrumb"},"inLanguage":"pt-BR","potentialAction":[{"@type":"ReadAction","target":["https:\/\/wordpress.ft.unicamp.br\/etr\/institucional\/atuacao-academica-2\/"]}]},{"@type":"BreadcrumbList","@id":"https:\/\/wordpress.ft.unicamp.br\/etr\/institucional\/atuacao-academica-2\/#breadcrumb","itemListElement":[{"@type":"ListItem","position":1,"name":"Home","item":"https:\/\/wordpress.ft.unicamp.br\/etr\/"},{"@type":"ListItem","position":2,"name":"INSTITUCIONAL","item":"https:\/\/wordpress.ft.unicamp.br\/etr\/institucional\/"},{"@type":"ListItem","position":3,"name":"Atua\u00e7\u00e3o Acad\u00eamica"}]},{"@type":"WebSite","@id":"https:\/\/wordpress.ft.unicamp.br\/etr\/#website","url":"https:\/\/wordpress.ft.unicamp.br\/etr\/","name":"","description":"Faculdade de Tecnologia, UNICAMP","potentialAction":[{"@type":"SearchAction","target":{"@type":"EntryPoint","urlTemplate":"https:\/\/wordpress.ft.unicamp.br\/etr\/?s={search_term_string}"},"query-input":{"@type":"PropertyValueSpecification","valueRequired":true,"valueName":"search_term_string"}}],"inLanguage":"pt-BR"}]}},"_links":{"self":[{"href":"https:\/\/wordpress.ft.unicamp.br\/etr\/wp-json\/wp\/v2\/pages\/325","targetHints":{"allow":["GET"]}}],"collection":[{"href":"https:\/\/wordpress.ft.unicamp.br\/etr\/wp-json\/wp\/v2\/pages"}],"about":[{"href":"https:\/\/wordpress.ft.unicamp.br\/etr\/wp-json\/wp\/v2\/types\/page"}],"author":[{"embeddable":true,"href":"https:\/\/wordpress.ft.unicamp.br\/etr\/wp-json\/wp\/v2\/users\/98"}],"replies":[{"embeddable":true,"href":"https:\/\/wordpress.ft.unicamp.br\/etr\/wp-json\/wp\/v2\/comments?post=325"}],"version-history":[{"count":12,"href":"https:\/\/wordpress.ft.unicamp.br\/etr\/wp-json\/wp\/v2\/pages\/325\/revisions"}],"predecessor-version":[{"id":1086,"href":"https:\/\/wordpress.ft.unicamp.br\/etr\/wp-json\/wp\/v2\/pages\/325\/revisions\/1086"}],"up":[{"embeddable":true,"href":"https:\/\/wordpress.ft.unicamp.br\/etr\/wp-json\/wp\/v2\/pages\/329"}],"wp:attachment":[{"href":"https:\/\/wordpress.ft.unicamp.br\/etr\/wp-json\/wp\/v2\/media?parent=325"}],"curies":[{"name":"wp","href":"https:\/\/api.w.org\/{rel}","templated":true}]}}