{"id":332,"date":"2023-08-05T14:56:44","date_gmt":"2023-08-05T17:56:44","guid":{"rendered":"https:\/\/wordpress.ft.unicamp.br\/etr\/?page_id=332"},"modified":"2023-08-05T14:53:00","modified_gmt":"2023-08-05T17:53:00","slug":"atuacao-profissional","status":"publish","type":"page","link":"https:\/\/wordpress.ft.unicamp.br\/etr\/institucional\/atuacao-profissional\/","title":{"rendered":"Atua\u00e7\u00e3o Profissional"},"content":{"rendered":"\t\t<div data-elementor-type=\"wp-page\" data-elementor-id=\"332\" class=\"elementor elementor-332\">\n\t\t\t\t\t\t<section class=\"elementor-section elementor-top-section elementor-element elementor-element-2891ea3 elementor-section-boxed elementor-section-height-default elementor-section-height-default\" data-id=\"2891ea3\" data-element_type=\"section\" data-e-type=\"section\">\n\t\t\t\t\t\t<div class=\"elementor-container elementor-column-gap-default\">\n\t\t\t\t\t<div class=\"elementor-column elementor-col-100 elementor-top-column elementor-element elementor-element-2cadb8f\" data-id=\"2cadb8f\" data-element_type=\"column\" data-e-type=\"column\">\n\t\t\t<div class=\"elementor-widget-wrap elementor-element-populated\">\n\t\t\t\t\t\t<div class=\"elementor-element elementor-element-2b60885 elementor-widget elementor-widget-heading\" data-id=\"2b60885\" data-element_type=\"widget\" data-e-type=\"widget\" data-widget_type=\"heading.default\">\n\t\t\t\t<div class=\"elementor-widget-container\">\n\t\t\t\t\t<h2 class=\"elementor-heading-title elementor-size-default\">ATUA\u00c7\u00c3O PROFISSIONAL<\/h2>\t\t\t\t<\/div>\n\t\t\t\t<\/div>\n\t\t\t\t\t<\/div>\n\t\t<\/div>\n\t\t\t\t\t<\/div>\n\t\t<\/section>\n\t\t\t\t<section class=\"elementor-section elementor-top-section elementor-element elementor-element-fef08f8 elementor-section-boxed elementor-section-height-default elementor-section-height-default\" data-id=\"fef08f8\" data-element_type=\"section\" data-e-type=\"section\">\n\t\t\t\t\t\t<div class=\"elementor-container elementor-column-gap-default\">\n\t\t\t\t\t<div class=\"elementor-column elementor-col-100 elementor-top-column elementor-element elementor-element-611ce1c\" data-id=\"611ce1c\" data-element_type=\"column\" data-e-type=\"column\">\n\t\t\t<div class=\"elementor-widget-wrap elementor-element-populated\">\n\t\t\t\t\t\t<div class=\"elementor-element elementor-element-ba0b998 elementor-widget elementor-widget-text-editor\" data-id=\"ba0b998\" data-element_type=\"widget\" data-e-type=\"widget\" data-widget_type=\"text-editor.default\">\n\t\t\t\t<div class=\"elementor-widget-container\">\n\t\t\t\t\t\t\t\t\t<p><span style=\"font-size: 15px;color: var( --e-global-color-text )\">A Engenharia de Transportes \u00e9 uma <b>modalidade nova<\/b> no Brasil, por\u00e9m, <b>reconhecida pelo Minist\u00e9rio da Educa\u00e7\u00e3o<\/b> (MEC), pelo <b>Conselho Federal de Engenharia e Agronomia<\/b> (CONFEA) e pela <b>Coordena\u00e7\u00e3o de Aperfei\u00e7oamento de Pessoal de N\u00edvel Superior<\/b> (CAPES).<\/span><\/p><ol><li>Em resumo, o profissional da Engenharia de Transportes poder\u00e1 trabalhar em empresas, p\u00fablicas ou privadas, e cargos relacionados aos temas abaixo. Podem ser empresas de concess\u00e3o de obras, consultorias de projeto ou tr\u00e1fego, escrit\u00f3rios de engenharia e terraplanagem, transportadoras.<\/li><li>\u00a0<\/li><li><i>Infraestrutura de Transportes;<\/i><\/li><li><span style=\"font-size: 15px;color: var( --e-global-color-text )\"><i>Opera\u00e7\u00e3o de Transportes;<\/i><\/span><\/li><li><i>Mobilidade Urbana;<\/i><\/li><li><i>Distribui\u00e7\u00e3o e Log\u00edstica;<\/i><\/li><li><i>Entre outros.<\/i><\/li><\/ol><p><!-- [if !supportLists]--><\/p>\t\t\t\t\t\t\t\t<\/div>\n\t\t\t\t<\/div>\n\t\t\t\t\t<\/div>\n\t\t<\/div>\n\t\t\t\t\t<\/div>\n\t\t<\/section>\n\t\t\t\t<section class=\"elementor-section elementor-top-section elementor-element elementor-element-84930e0 elementor-section-boxed elementor-section-height-default elementor-section-height-default\" data-id=\"84930e0\" data-element_type=\"section\" data-e-type=\"section\">\n\t\t\t\t\t\t<div class=\"elementor-container elementor-column-gap-default\">\n\t\t\t\t\t<div class=\"elementor-column elementor-col-100 elementor-top-column elementor-element elementor-element-061cfcf\" data-id=\"061cfcf\" data-element_type=\"column\" data-e-type=\"column\">\n\t\t\t<div class=\"elementor-widget-wrap elementor-element-populated\">\n\t\t\t\t\t\t<div class=\"elementor-element elementor-element-afb7b8b elementor-widget-divider--view-line elementor-widget elementor-widget-divider\" data-id=\"afb7b8b\" data-element_type=\"widget\" data-e-type=\"widget\" data-widget_type=\"divider.default\">\n\t\t\t\t<div class=\"elementor-widget-container\">\n\t\t\t\t\t\t\t<div class=\"elementor-divider\">\n\t\t\t<span class=\"elementor-divider-separator\">\n\t\t\t\t\t\t<\/span>\n\t\t<\/div>\n\t\t\t\t\t\t<\/div>\n\t\t\t\t<\/div>\n\t\t\t\t<div class=\"elementor-element elementor-element-8cffa8c elementor-widget elementor-widget-text-editor\" data-id=\"8cffa8c\" data-element_type=\"widget\" data-e-type=\"widget\" data-widget_type=\"text-editor.default\">\n\t\t\t\t<div class=\"elementor-widget-container\">\n\t\t\t\t\t\t\t\t\t<p><span style=\"font-family: Roboto, sans-serif;font-size: 15px;font-style: normal;font-weight: 400;color: var( --e-global-color-text )\">A publica\u00e7\u00e3o oficial para inser\u00e7\u00e3o do ENGENHEIRO DE TRANSPORTES na Tabela de T\u00edtulos Profissionais do Sistema CONFEA\/CREA ocorreu na <\/span><span style=\"font-family: Roboto, sans-serif;font-size: 15px;font-style: normal;color: var( --e-global-color-text )\"><b>Resolu\u00e7\u00e3o N\u00ba 1.096 de 13 de dezembro de 2017<\/b><\/span><span style=\"font-family: Roboto, sans-serif;font-size: 15px;font-style: normal;font-weight: 400;color: var( --e-global-color-text )\">.\u00a0<\/span><\/p><p><span style=\"color: var( --e-global-color-text );font-size: 15px\">Di\u00e1rio Oficial da Uni\u00e3o (DOU) \u2013 15\/12\/2017 | Edi\u00e7\u00e3o: 240 | Se\u00e7\u00e3o: 1 | P\u00e1gina: 272 &#8211; Confira abaixo:<\/span><\/p>\t\t\t\t\t\t\t\t<\/div>\n\t\t\t\t<\/div>\n\t\t\t\t<div class=\"elementor-element elementor-element-0e37749 elementor-widget elementor-widget-button\" data-id=\"0e37749\" data-element_type=\"widget\" data-e-type=\"widget\" data-widget_type=\"button.default\">\n\t\t\t\t<div class=\"elementor-widget-container\">\n\t\t\t\t\t\t\t\t\t<div class=\"elementor-button-wrapper\">\n\t\t\t\t\t<a class=\"elementor-button elementor-button-link elementor-size-sm\" href=\"https:\/\/pesquisa.in.gov.br\/imprensa\/jsp\/visualiza\/index.jsp?data=15\/12\/2017&#038;jornal=515&#038;pagina=272\" target=\"_blank\">\n\t\t\t\t\t\t<span class=\"elementor-button-content-wrapper\">\n\t\t\t\t\t\t\t\t\t<span class=\"elementor-button-text\">Clique aqui<\/span>\n\t\t\t\t\t<\/span>\n\t\t\t\t\t<\/a>\n\t\t\t\t<\/div>\n\t\t\t\t\t\t\t\t<\/div>\n\t\t\t\t<\/div>\n\t\t\t\t\t<\/div>\n\t\t<\/div>\n\t\t\t\t\t<\/div>\n\t\t<\/section>\n\t\t\t\t<section class=\"elementor-section elementor-top-section elementor-element elementor-element-7c335a7 elementor-section-boxed elementor-section-height-default elementor-section-height-default\" data-id=\"7c335a7\" data-element_type=\"section\" data-e-type=\"section\">\n\t\t\t\t\t\t<div class=\"elementor-container elementor-column-gap-default\">\n\t\t\t\t\t<div class=\"elementor-column elementor-col-100 elementor-top-column elementor-element elementor-element-842730a\" data-id=\"842730a\" data-element_type=\"column\" data-e-type=\"column\">\n\t\t\t<div class=\"elementor-widget-wrap elementor-element-populated\">\n\t\t\t\t\t\t<div class=\"elementor-element elementor-element-1c16582 elementor-widget elementor-widget-text-editor\" data-id=\"1c16582\" data-element_type=\"widget\" data-e-type=\"widget\" data-widget_type=\"text-editor.default\">\n\t\t\t\t<div class=\"elementor-widget-container\">\n\t\t\t\t\t\t\t\t\t<p><span style=\"font-family: Roboto;font-size: 11.5pt;color: var( --e-global-color-text )\">O aluno formado no curso de Engenharia da Unicamp recebe um diploma como Engenheiro de Transportes e recebe atribui\u00e7\u00f5es do CONFEA\/CREA para&nbsp;<\/span><span style=\"font-family: Roboto;font-size: 11.5pt;color: var( --e-global-color-text )\">atuar nos diferentes modais de transportes: aerovi\u00e1rio, rodovi\u00e1rio, ferrovi\u00e1rio, mar\u00edtimo e dutovi\u00e1rio.<\/span><\/p>\n<p><span style=\"color: var( --e-global-color-text );font-size: 11.5pt;font-family: Roboto\">Segundo o CONFEA\/CREA em sua publica\u00e7\u00e3o oficial, as atribui\u00e7\u00f5es do Engenheiro de Transportes est\u00e3o descritas nas&nbsp;<\/span><span style=\"font-size: 15px;color: var( --e-global-color-text )\">atividades 1 a 18, do art. 5\u00ba, \u00a7 1\u00ba, da&nbsp;<\/span><span style=\"color: var( --e-global-color-text );font-family: Roboto;font-size: 11.5pt\"><b>Resolu\u00e7\u00e3o N\u00ba 1.073 de 19 de abril de 2016<\/b>. Confira abaixo:<\/span><\/p>\t\t\t\t\t\t\t\t<\/div>\n\t\t\t\t<\/div>\n\t\t\t\t<div class=\"elementor-element elementor-element-d2a09c3 elementor-widget elementor-widget-button\" data-id=\"d2a09c3\" data-element_type=\"widget\" data-e-type=\"widget\" data-widget_type=\"button.default\">\n\t\t\t\t<div class=\"elementor-widget-container\">\n\t\t\t\t\t\t\t\t\t<div class=\"elementor-button-wrapper\">\n\t\t\t\t\t<a class=\"elementor-button elementor-button-link elementor-size-sm\" href=\"https:\/\/www.in.gov.br\/web\/guest\/materia\/-\/asset_publisher\/Kujrw0TZC2Mb\/content\/id\/24775268\/do1-2016-04-22-resolucao-n-1-073-de-19-de-abril-de-2016-24775171\" target=\"_blank\">\n\t\t\t\t\t\t<span class=\"elementor-button-content-wrapper\">\n\t\t\t\t\t\t\t\t\t<span class=\"elementor-button-text\">Clique aqui<\/span>\n\t\t\t\t\t<\/span>\n\t\t\t\t\t<\/a>\n\t\t\t\t<\/div>\n\t\t\t\t\t\t\t\t<\/div>\n\t\t\t\t<\/div>\n\t\t\t\t\t<\/div>\n\t\t<\/div>\n\t\t\t\t\t<\/div>\n\t\t<\/section>\n\t\t\t\t<section class=\"elementor-section elementor-top-section elementor-element elementor-element-bb8ef5a elementor-section-boxed elementor-section-height-default elementor-section-height-default\" data-id=\"bb8ef5a\" data-element_type=\"section\" data-e-type=\"section\">\n\t\t\t\t\t\t<div class=\"elementor-container elementor-column-gap-default\">\n\t\t\t\t\t<div class=\"elementor-column elementor-col-100 elementor-top-column elementor-element elementor-element-c585699\" data-id=\"c585699\" data-element_type=\"column\" data-e-type=\"column\">\n\t\t\t<div class=\"elementor-widget-wrap\">\n\t\t\t\t\t\t\t<\/div>\n\t\t<\/div>\n\t\t\t\t\t<\/div>\n\t\t<\/section>\n\t\t\t\t<\/div>\n\t\t","protected":false},"excerpt":{"rendered":"<p>ATUA\u00c7\u00c3O PROFISSIONAL A Engenharia de Transportes \u00e9 uma modalidade nova no Brasil, por\u00e9m, reconhecida pelo Minist\u00e9rio da Educa\u00e7\u00e3o (MEC), pelo&hellip; <\/p>\n","protected":false},"author":98,"featured_media":0,"parent":329,"menu_order":0,"comment_status":"closed","ping_status":"closed","template":"","meta":{"footnotes":""},"class_list":["post-332","page","type-page","status-publish","hentry"],"yoast_head":"<!-- This site is optimized with the Yoast SEO plugin v27.3 - https:\/\/yoast.com\/product\/yoast-seo-wordpress\/ -->\n<title>Atua\u00e7\u00e3o Profissional -<\/title>\n<meta name=\"robots\" content=\"index, follow, max-snippet:-1, max-image-preview:large, max-video-preview:-1\" \/>\n<link rel=\"canonical\" href=\"https:\/\/wordpress.ft.unicamp.br\/etr\/institucional\/atuacao-profissional\/\" \/>\n<meta property=\"og:locale\" content=\"pt_BR\" \/>\n<meta property=\"og:type\" content=\"article\" \/>\n<meta property=\"og:title\" content=\"Atua\u00e7\u00e3o Profissional -\" \/>\n<meta property=\"og:description\" content=\"ATUA\u00c7\u00c3O PROFISSIONAL A Engenharia de Transportes \u00e9 uma modalidade nova no Brasil, por\u00e9m, reconhecida pelo Minist\u00e9rio da Educa\u00e7\u00e3o (MEC), pelo&hellip;\" \/>\n<meta property=\"og:url\" content=\"https:\/\/wordpress.ft.unicamp.br\/etr\/institucional\/atuacao-profissional\/\" \/>\n<meta name=\"twitter:card\" content=\"summary_large_image\" \/>\n<meta name=\"twitter:label1\" content=\"Est. tempo de leitura\" \/>\n\t<meta name=\"twitter:data1\" content=\"2 minutos\" \/>\n<script type=\"application\/ld+json\" class=\"yoast-schema-graph\">{\"@context\":\"https:\\\/\\\/schema.org\",\"@graph\":[{\"@type\":\"WebPage\",\"@id\":\"https:\\\/\\\/wordpress.ft.unicamp.br\\\/etr\\\/institucional\\\/atuacao-profissional\\\/\",\"url\":\"https:\\\/\\\/wordpress.ft.unicamp.br\\\/etr\\\/institucional\\\/atuacao-profissional\\\/\",\"name\":\"Atua\u00e7\u00e3o Profissional -\",\"isPartOf\":{\"@id\":\"https:\\\/\\\/wordpress.ft.unicamp.br\\\/etr\\\/#website\"},\"datePublished\":\"2023-08-05T17:56:44+00:00\",\"breadcrumb\":{\"@id\":\"https:\\\/\\\/wordpress.ft.unicamp.br\\\/etr\\\/institucional\\\/atuacao-profissional\\\/#breadcrumb\"},\"inLanguage\":\"pt-BR\",\"potentialAction\":[{\"@type\":\"ReadAction\",\"target\":[\"https:\\\/\\\/wordpress.ft.unicamp.br\\\/etr\\\/institucional\\\/atuacao-profissional\\\/\"]}]},{\"@type\":\"BreadcrumbList\",\"@id\":\"https:\\\/\\\/wordpress.ft.unicamp.br\\\/etr\\\/institucional\\\/atuacao-profissional\\\/#breadcrumb\",\"itemListElement\":[{\"@type\":\"ListItem\",\"position\":1,\"name\":\"Home\",\"item\":\"https:\\\/\\\/wordpress.ft.unicamp.br\\\/etr\\\/\"},{\"@type\":\"ListItem\",\"position\":2,\"name\":\"INSTITUCIONAL\",\"item\":\"https:\\\/\\\/wordpress.ft.unicamp.br\\\/etr\\\/institucional\\\/\"},{\"@type\":\"ListItem\",\"position\":3,\"name\":\"Atua\u00e7\u00e3o Profissional\"}]},{\"@type\":\"WebSite\",\"@id\":\"https:\\\/\\\/wordpress.ft.unicamp.br\\\/etr\\\/#website\",\"url\":\"https:\\\/\\\/wordpress.ft.unicamp.br\\\/etr\\\/\",\"name\":\"\",\"description\":\"Faculdade de Tecnologia, UNICAMP\",\"potentialAction\":[{\"@type\":\"SearchAction\",\"target\":{\"@type\":\"EntryPoint\",\"urlTemplate\":\"https:\\\/\\\/wordpress.ft.unicamp.br\\\/etr\\\/?s={search_term_string}\"},\"query-input\":{\"@type\":\"PropertyValueSpecification\",\"valueRequired\":true,\"valueName\":\"search_term_string\"}}],\"inLanguage\":\"pt-BR\"}]}<\/script>\n<!-- \/ Yoast SEO plugin. -->","yoast_head_json":{"title":"Atua\u00e7\u00e3o Profissional -","robots":{"index":"index","follow":"follow","max-snippet":"max-snippet:-1","max-image-preview":"max-image-preview:large","max-video-preview":"max-video-preview:-1"},"canonical":"https:\/\/wordpress.ft.unicamp.br\/etr\/institucional\/atuacao-profissional\/","og_locale":"pt_BR","og_type":"article","og_title":"Atua\u00e7\u00e3o Profissional -","og_description":"ATUA\u00c7\u00c3O PROFISSIONAL A Engenharia de Transportes \u00e9 uma modalidade nova no Brasil, por\u00e9m, reconhecida pelo Minist\u00e9rio da Educa\u00e7\u00e3o (MEC), pelo&hellip;","og_url":"https:\/\/wordpress.ft.unicamp.br\/etr\/institucional\/atuacao-profissional\/","twitter_card":"summary_large_image","twitter_misc":{"Est. tempo de leitura":"2 minutos"},"schema":{"@context":"https:\/\/schema.org","@graph":[{"@type":"WebPage","@id":"https:\/\/wordpress.ft.unicamp.br\/etr\/institucional\/atuacao-profissional\/","url":"https:\/\/wordpress.ft.unicamp.br\/etr\/institucional\/atuacao-profissional\/","name":"Atua\u00e7\u00e3o Profissional -","isPartOf":{"@id":"https:\/\/wordpress.ft.unicamp.br\/etr\/#website"},"datePublished":"2023-08-05T17:56:44+00:00","breadcrumb":{"@id":"https:\/\/wordpress.ft.unicamp.br\/etr\/institucional\/atuacao-profissional\/#breadcrumb"},"inLanguage":"pt-BR","potentialAction":[{"@type":"ReadAction","target":["https:\/\/wordpress.ft.unicamp.br\/etr\/institucional\/atuacao-profissional\/"]}]},{"@type":"BreadcrumbList","@id":"https:\/\/wordpress.ft.unicamp.br\/etr\/institucional\/atuacao-profissional\/#breadcrumb","itemListElement":[{"@type":"ListItem","position":1,"name":"Home","item":"https:\/\/wordpress.ft.unicamp.br\/etr\/"},{"@type":"ListItem","position":2,"name":"INSTITUCIONAL","item":"https:\/\/wordpress.ft.unicamp.br\/etr\/institucional\/"},{"@type":"ListItem","position":3,"name":"Atua\u00e7\u00e3o Profissional"}]},{"@type":"WebSite","@id":"https:\/\/wordpress.ft.unicamp.br\/etr\/#website","url":"https:\/\/wordpress.ft.unicamp.br\/etr\/","name":"","description":"Faculdade de Tecnologia, UNICAMP","potentialAction":[{"@type":"SearchAction","target":{"@type":"EntryPoint","urlTemplate":"https:\/\/wordpress.ft.unicamp.br\/etr\/?s={search_term_string}"},"query-input":{"@type":"PropertyValueSpecification","valueRequired":true,"valueName":"search_term_string"}}],"inLanguage":"pt-BR"}]}},"_links":{"self":[{"href":"https:\/\/wordpress.ft.unicamp.br\/etr\/wp-json\/wp\/v2\/pages\/332","targetHints":{"allow":["GET"]}}],"collection":[{"href":"https:\/\/wordpress.ft.unicamp.br\/etr\/wp-json\/wp\/v2\/pages"}],"about":[{"href":"https:\/\/wordpress.ft.unicamp.br\/etr\/wp-json\/wp\/v2\/types\/page"}],"author":[{"embeddable":true,"href":"https:\/\/wordpress.ft.unicamp.br\/etr\/wp-json\/wp\/v2\/users\/98"}],"replies":[{"embeddable":true,"href":"https:\/\/wordpress.ft.unicamp.br\/etr\/wp-json\/wp\/v2\/comments?post=332"}],"version-history":[{"count":35,"href":"https:\/\/wordpress.ft.unicamp.br\/etr\/wp-json\/wp\/v2\/pages\/332\/revisions"}],"predecessor-version":[{"id":1046,"href":"https:\/\/wordpress.ft.unicamp.br\/etr\/wp-json\/wp\/v2\/pages\/332\/revisions\/1046"}],"up":[{"embeddable":true,"href":"https:\/\/wordpress.ft.unicamp.br\/etr\/wp-json\/wp\/v2\/pages\/329"}],"wp:attachment":[{"href":"https:\/\/wordpress.ft.unicamp.br\/etr\/wp-json\/wp\/v2\/media?parent=332"}],"curies":[{"name":"wp","href":"https:\/\/api.w.org\/{rel}","templated":true}]}}