{"id":369,"date":"2023-08-03T17:07:26","date_gmt":"2023-08-03T20:07:26","guid":{"rendered":"https:\/\/wordpress.ft.unicamp.br\/etr\/?page_id=369"},"modified":"2023-11-08T15:56:25","modified_gmt":"2023-11-08T18:56:25","slug":"normas-internas","status":"publish","type":"page","link":"https:\/\/wordpress.ft.unicamp.br\/etr\/documentos\/normas-internas\/","title":{"rendered":"Est\u00e1gios"},"content":{"rendered":"\t\t<div data-elementor-type=\"wp-page\" data-elementor-id=\"369\" class=\"elementor elementor-369\">\n\t\t\t\t\t\t<section class=\"elementor-section elementor-top-section elementor-element elementor-element-bf52708 elementor-section-boxed elementor-section-height-default elementor-section-height-default\" data-id=\"bf52708\" data-element_type=\"section\" data-e-type=\"section\">\n\t\t\t\t\t\t<div class=\"elementor-container elementor-column-gap-default\">\n\t\t\t\t\t<div class=\"elementor-column elementor-col-100 elementor-top-column elementor-element elementor-element-c5f570d\" data-id=\"c5f570d\" data-element_type=\"column\" data-e-type=\"column\">\n\t\t\t<div class=\"elementor-widget-wrap elementor-element-populated\">\n\t\t\t\t\t\t<div class=\"elementor-element elementor-element-f15640e elementor-widget elementor-widget-heading\" data-id=\"f15640e\" data-element_type=\"widget\" data-e-type=\"widget\" data-widget_type=\"heading.default\">\n\t\t\t\t<div class=\"elementor-widget-container\">\n\t\t\t\t\t<h5 class=\"elementor-heading-title elementor-size-default\">EST\u00c1GIO<\/h5>\t\t\t\t<\/div>\n\t\t\t\t<\/div>\n\t\t\t\t\t<\/div>\n\t\t<\/div>\n\t\t\t\t\t<\/div>\n\t\t<\/section>\n\t\t\t\t<section class=\"elementor-section elementor-top-section elementor-element elementor-element-97d5144 elementor-section-boxed elementor-section-height-default elementor-section-height-default\" data-id=\"97d5144\" data-element_type=\"section\" data-e-type=\"section\">\n\t\t\t\t\t\t<div class=\"elementor-container elementor-column-gap-default\">\n\t\t\t\t\t<div class=\"elementor-column elementor-col-100 elementor-top-column elementor-element elementor-element-1cfa436\" data-id=\"1cfa436\" data-element_type=\"column\" data-e-type=\"column\">\n\t\t\t<div class=\"elementor-widget-wrap elementor-element-populated\">\n\t\t\t\t\t\t<div class=\"elementor-element elementor-element-1daa255 elementor-widget elementor-widget-text-editor\" data-id=\"1daa255\" data-element_type=\"widget\" data-e-type=\"widget\" data-widget_type=\"text-editor.default\">\n\t\t\t\t<div class=\"elementor-widget-container\">\n\t\t\t\t\t\t\t\t\t<h5>Para ficar por dentro de todo o regimento vigente basta clicar em um dos bot\u00f5es abaixo.\u00a0<\/h5>\t\t\t\t\t\t\t\t<\/div>\n\t\t\t\t<\/div>\n\t\t\t\t\t<\/div>\n\t\t<\/div>\n\t\t\t\t\t<\/div>\n\t\t<\/section>\n\t\t\t\t<section class=\"elementor-section elementor-top-section elementor-element elementor-element-c3058e4 elementor-section-boxed elementor-section-height-default elementor-section-height-default\" data-id=\"c3058e4\" data-element_type=\"section\" data-e-type=\"section\">\n\t\t\t\t\t\t<div class=\"elementor-container elementor-column-gap-default\">\n\t\t\t\t\t<div class=\"elementor-column elementor-col-100 elementor-top-column elementor-element elementor-element-b26929c\" data-id=\"b26929c\" data-element_type=\"column\" data-e-type=\"column\">\n\t\t\t<div class=\"elementor-widget-wrap elementor-element-populated\">\n\t\t\t\t\t\t<div class=\"elementor-element elementor-element-a4d2a6d elementor-widget__width-initial elementor-align-justify elementor-widget-mobile__width-initial elementor-widget elementor-widget-button\" data-id=\"a4d2a6d\" data-element_type=\"widget\" data-e-type=\"widget\" data-widget_type=\"button.default\">\n\t\t\t\t<div class=\"elementor-widget-container\">\n\t\t\t\t\t\t\t\t\t<div class=\"elementor-button-wrapper\">\n\t\t\t\t\t<a class=\"elementor-button elementor-button-link elementor-size-sm\" href=\"http:\/\/wordpress.ft.unicamp.br\/etr\/wp-content\/uploads\/sites\/68\/2023\/11\/NORMAS-ESTAGIO-TRANSPORTES.pdf\" target=\"_blank\">\n\t\t\t\t\t\t<span class=\"elementor-button-content-wrapper\">\n\t\t\t\t\t\t\t\t\t<span class=\"elementor-button-text\">NORMAS DE EST\u00c1GIO PARA ENGENHARIA DE TRANSPORTES<\/span>\n\t\t\t\t\t<\/span>\n\t\t\t\t\t<\/a>\n\t\t\t\t<\/div>\n\t\t\t\t\t\t\t\t<\/div>\n\t\t\t\t<\/div>\n\t\t\t\t<div class=\"elementor-element elementor-element-d44f6ad elementor-widget elementor-widget-spacer\" data-id=\"d44f6ad\" data-element_type=\"widget\" data-e-type=\"widget\" data-widget_type=\"spacer.default\">\n\t\t\t\t<div class=\"elementor-widget-container\">\n\t\t\t\t\t\t\t<div class=\"elementor-spacer\">\n\t\t\t<div class=\"elementor-spacer-inner\"><\/div>\n\t\t<\/div>\n\t\t\t\t\t\t<\/div>\n\t\t\t\t<\/div>\n\t\t\t\t<div class=\"elementor-element elementor-element-0fc1d0c elementor-align-justify elementor-widget__width-initial elementor-widget-mobile__width-inherit elementor-widget elementor-widget-button\" data-id=\"0fc1d0c\" data-element_type=\"widget\" data-e-type=\"widget\" data-widget_type=\"button.default\">\n\t\t\t\t<div class=\"elementor-widget-container\">\n\t\t\t\t\t\t\t\t\t<div class=\"elementor-button-wrapper\">\n\t\t\t\t\t<a class=\"elementor-button elementor-button-link elementor-size-md\" href=\"http:\/\/wordpress.ft.unicamp.br\/etr\/wp-content\/uploads\/sites\/68\/2023\/11\/REGIMENTO-UNICAMP.pdf\" target=\"_blank\">\n\t\t\t\t\t\t<span class=\"elementor-button-content-wrapper\">\n\t\t\t\t\t\t\t\t\t<span class=\"elementor-button-text\">RESOLU\u00c7\u00c3O UNICAMP<\/span>\n\t\t\t\t\t<\/span>\n\t\t\t\t\t<\/a>\n\t\t\t\t<\/div>\n\t\t\t\t\t\t\t\t<\/div>\n\t\t\t\t<\/div>\n\t\t\t\t<div class=\"elementor-element elementor-element-7c60104 elementor-widget elementor-widget-spacer\" data-id=\"7c60104\" data-element_type=\"widget\" data-e-type=\"widget\" data-widget_type=\"spacer.default\">\n\t\t\t\t<div class=\"elementor-widget-container\">\n\t\t\t\t\t\t\t<div class=\"elementor-spacer\">\n\t\t\t<div class=\"elementor-spacer-inner\"><\/div>\n\t\t<\/div>\n\t\t\t\t\t\t<\/div>\n\t\t\t\t<\/div>\n\t\t\t\t<div class=\"elementor-element elementor-element-1ddeb5c elementor-align-justify elementor-widget__width-initial elementor-widget-mobile__width-initial elementor-widget elementor-widget-button\" data-id=\"1ddeb5c\" data-element_type=\"widget\" data-e-type=\"widget\" data-widget_type=\"button.default\">\n\t\t\t\t<div class=\"elementor-widget-container\">\n\t\t\t\t\t\t\t\t\t<div class=\"elementor-button-wrapper\">\n\t\t\t\t\t<a class=\"elementor-button elementor-button-link elementor-size-md\" href=\"https:\/\/www.planalto.gov.br\/ccivil_03\/_ato2007-2010\/2008\/lei\/l11788.htm\" target=\"_blank\">\n\t\t\t\t\t\t<span class=\"elementor-button-content-wrapper\">\n\t\t\t\t\t\t\t\t\t<span class=\"elementor-button-text\">LEGISLA\u00c7\u00c3O FEDERAL<\/span>\n\t\t\t\t\t<\/span>\n\t\t\t\t\t<\/a>\n\t\t\t\t<\/div>\n\t\t\t\t\t\t\t\t<\/div>\n\t\t\t\t<\/div>\n\t\t\t\t\t<\/div>\n\t\t<\/div>\n\t\t\t\t\t<\/div>\n\t\t<\/section>\n\t\t\t\t<\/div>\n\t\t","protected":false},"excerpt":{"rendered":"<p>EST\u00c1GIO Para ficar por dentro de todo o regimento vigente basta clicar em um dos bot\u00f5es abaixo.\u00a0 NORMAS DE EST\u00c1GIO&hellip; <\/p>\n","protected":false},"author":98,"featured_media":0,"parent":351,"menu_order":0,"comment_status":"closed","ping_status":"closed","template":"","meta":{"footnotes":""},"class_list":["post-369","page","type-page","status-publish","hentry"],"yoast_head":"<!-- This site is optimized with the Yoast SEO plugin v27.2 - https:\/\/yoast.com\/product\/yoast-seo-wordpress\/ -->\n<title>Est\u00e1gios -<\/title>\n<meta name=\"robots\" content=\"index, follow, max-snippet:-1, max-image-preview:large, max-video-preview:-1\" \/>\n<link rel=\"canonical\" href=\"https:\/\/wordpress.ft.unicamp.br\/etr\/documentos\/normas-internas\/\" \/>\n<meta property=\"og:locale\" content=\"pt_BR\" \/>\n<meta property=\"og:type\" content=\"article\" \/>\n<meta property=\"og:title\" content=\"Est\u00e1gios -\" \/>\n<meta property=\"og:description\" content=\"EST\u00c1GIO Para ficar por dentro de todo o regimento vigente basta clicar em um dos bot\u00f5es abaixo.\u00a0 NORMAS DE EST\u00c1GIO&hellip;\" \/>\n<meta property=\"og:url\" content=\"https:\/\/wordpress.ft.unicamp.br\/etr\/documentos\/normas-internas\/\" \/>\n<meta property=\"article:modified_time\" content=\"2023-11-08T18:56:25+00:00\" \/>\n<meta name=\"twitter:card\" content=\"summary_large_image\" \/>\n<meta name=\"twitter:label1\" content=\"Est. tempo de leitura\" \/>\n\t<meta name=\"twitter:data1\" content=\"1 minuto\" \/>\n<script type=\"application\/ld+json\" class=\"yoast-schema-graph\">{\"@context\":\"https:\/\/schema.org\",\"@graph\":[{\"@type\":\"WebPage\",\"@id\":\"https:\/\/wordpress.ft.unicamp.br\/etr\/documentos\/normas-internas\/\",\"url\":\"https:\/\/wordpress.ft.unicamp.br\/etr\/documentos\/normas-internas\/\",\"name\":\"Est\u00e1gios -\",\"isPartOf\":{\"@id\":\"https:\/\/wordpress.ft.unicamp.br\/etr\/#website\"},\"datePublished\":\"2023-08-03T20:07:26+00:00\",\"dateModified\":\"2023-11-08T18:56:25+00:00\",\"breadcrumb\":{\"@id\":\"https:\/\/wordpress.ft.unicamp.br\/etr\/documentos\/normas-internas\/#breadcrumb\"},\"inLanguage\":\"pt-BR\",\"potentialAction\":[{\"@type\":\"ReadAction\",\"target\":[\"https:\/\/wordpress.ft.unicamp.br\/etr\/documentos\/normas-internas\/\"]}]},{\"@type\":\"BreadcrumbList\",\"@id\":\"https:\/\/wordpress.ft.unicamp.br\/etr\/documentos\/normas-internas\/#breadcrumb\",\"itemListElement\":[{\"@type\":\"ListItem\",\"position\":1,\"name\":\"Home\",\"item\":\"https:\/\/wordpress.ft.unicamp.br\/etr\/\"},{\"@type\":\"ListItem\",\"position\":2,\"name\":\"DOCUMENTOS\",\"item\":\"https:\/\/wordpress.ft.unicamp.br\/etr\/documentos\/\"},{\"@type\":\"ListItem\",\"position\":3,\"name\":\"Est\u00e1gios\"}]},{\"@type\":\"WebSite\",\"@id\":\"https:\/\/wordpress.ft.unicamp.br\/etr\/#website\",\"url\":\"https:\/\/wordpress.ft.unicamp.br\/etr\/\",\"name\":\"\",\"description\":\"Faculdade de Tecnologia, UNICAMP\",\"potentialAction\":[{\"@type\":\"SearchAction\",\"target\":{\"@type\":\"EntryPoint\",\"urlTemplate\":\"https:\/\/wordpress.ft.unicamp.br\/etr\/?s={search_term_string}\"},\"query-input\":{\"@type\":\"PropertyValueSpecification\",\"valueRequired\":true,\"valueName\":\"search_term_string\"}}],\"inLanguage\":\"pt-BR\"}]}<\/script>\n<!-- \/ Yoast SEO plugin. -->","yoast_head_json":{"title":"Est\u00e1gios -","robots":{"index":"index","follow":"follow","max-snippet":"max-snippet:-1","max-image-preview":"max-image-preview:large","max-video-preview":"max-video-preview:-1"},"canonical":"https:\/\/wordpress.ft.unicamp.br\/etr\/documentos\/normas-internas\/","og_locale":"pt_BR","og_type":"article","og_title":"Est\u00e1gios -","og_description":"EST\u00c1GIO Para ficar por dentro de todo o regimento vigente basta clicar em um dos bot\u00f5es abaixo.\u00a0 NORMAS DE EST\u00c1GIO&hellip;","og_url":"https:\/\/wordpress.ft.unicamp.br\/etr\/documentos\/normas-internas\/","article_modified_time":"2023-11-08T18:56:25+00:00","twitter_card":"summary_large_image","twitter_misc":{"Est. tempo de leitura":"1 minuto"},"schema":{"@context":"https:\/\/schema.org","@graph":[{"@type":"WebPage","@id":"https:\/\/wordpress.ft.unicamp.br\/etr\/documentos\/normas-internas\/","url":"https:\/\/wordpress.ft.unicamp.br\/etr\/documentos\/normas-internas\/","name":"Est\u00e1gios -","isPartOf":{"@id":"https:\/\/wordpress.ft.unicamp.br\/etr\/#website"},"datePublished":"2023-08-03T20:07:26+00:00","dateModified":"2023-11-08T18:56:25+00:00","breadcrumb":{"@id":"https:\/\/wordpress.ft.unicamp.br\/etr\/documentos\/normas-internas\/#breadcrumb"},"inLanguage":"pt-BR","potentialAction":[{"@type":"ReadAction","target":["https:\/\/wordpress.ft.unicamp.br\/etr\/documentos\/normas-internas\/"]}]},{"@type":"BreadcrumbList","@id":"https:\/\/wordpress.ft.unicamp.br\/etr\/documentos\/normas-internas\/#breadcrumb","itemListElement":[{"@type":"ListItem","position":1,"name":"Home","item":"https:\/\/wordpress.ft.unicamp.br\/etr\/"},{"@type":"ListItem","position":2,"name":"DOCUMENTOS","item":"https:\/\/wordpress.ft.unicamp.br\/etr\/documentos\/"},{"@type":"ListItem","position":3,"name":"Est\u00e1gios"}]},{"@type":"WebSite","@id":"https:\/\/wordpress.ft.unicamp.br\/etr\/#website","url":"https:\/\/wordpress.ft.unicamp.br\/etr\/","name":"","description":"Faculdade de Tecnologia, UNICAMP","potentialAction":[{"@type":"SearchAction","target":{"@type":"EntryPoint","urlTemplate":"https:\/\/wordpress.ft.unicamp.br\/etr\/?s={search_term_string}"},"query-input":{"@type":"PropertyValueSpecification","valueRequired":true,"valueName":"search_term_string"}}],"inLanguage":"pt-BR"}]}},"_links":{"self":[{"href":"https:\/\/wordpress.ft.unicamp.br\/etr\/wp-json\/wp\/v2\/pages\/369","targetHints":{"allow":["GET"]}}],"collection":[{"href":"https:\/\/wordpress.ft.unicamp.br\/etr\/wp-json\/wp\/v2\/pages"}],"about":[{"href":"https:\/\/wordpress.ft.unicamp.br\/etr\/wp-json\/wp\/v2\/types\/page"}],"author":[{"embeddable":true,"href":"https:\/\/wordpress.ft.unicamp.br\/etr\/wp-json\/wp\/v2\/users\/98"}],"replies":[{"embeddable":true,"href":"https:\/\/wordpress.ft.unicamp.br\/etr\/wp-json\/wp\/v2\/comments?post=369"}],"version-history":[{"count":74,"href":"https:\/\/wordpress.ft.unicamp.br\/etr\/wp-json\/wp\/v2\/pages\/369\/revisions"}],"predecessor-version":[{"id":1350,"href":"https:\/\/wordpress.ft.unicamp.br\/etr\/wp-json\/wp\/v2\/pages\/369\/revisions\/1350"}],"up":[{"embeddable":true,"href":"https:\/\/wordpress.ft.unicamp.br\/etr\/wp-json\/wp\/v2\/pages\/351"}],"wp:attachment":[{"href":"https:\/\/wordpress.ft.unicamp.br\/etr\/wp-json\/wp\/v2\/media?parent=369"}],"curies":[{"name":"wp","href":"https:\/\/api.w.org\/{rel}","templated":true}]}}