{"id":371,"date":"2022-05-09T11:23:05","date_gmt":"2022-05-09T14:23:05","guid":{"rendered":"https:\/\/wordpress.ft.unicamp.br\/etr\/?page_id=371"},"modified":"2023-11-08T15:19:33","modified_gmt":"2023-11-08T18:19:33","slug":"manual-de-gestao","status":"publish","type":"page","link":"https:\/\/wordpress.ft.unicamp.br\/etr\/documentos\/manual-de-gestao\/","title":{"rendered":"Projeto Pedag\u00f3gico"},"content":{"rendered":"\t\t<div data-elementor-type=\"wp-page\" data-elementor-id=\"371\" class=\"elementor elementor-371\">\n\t\t\t\t\t\t<section class=\"elementor-section elementor-top-section elementor-element elementor-element-401d66b elementor-section-boxed elementor-section-height-default elementor-section-height-default\" data-id=\"401d66b\" data-element_type=\"section\" data-e-type=\"section\">\n\t\t\t\t\t\t<div class=\"elementor-container elementor-column-gap-default\">\n\t\t\t\t\t<div class=\"elementor-column elementor-col-100 elementor-top-column elementor-element elementor-element-b4eb3b8\" data-id=\"b4eb3b8\" data-element_type=\"column\" data-e-type=\"column\">\n\t\t\t<div class=\"elementor-widget-wrap elementor-element-populated\">\n\t\t\t\t\t\t<div class=\"elementor-element elementor-element-978ac57 elementor-widget elementor-widget-heading\" data-id=\"978ac57\" data-element_type=\"widget\" data-e-type=\"widget\" data-widget_type=\"heading.default\">\n\t\t\t\t<div class=\"elementor-widget-container\">\n\t\t\t\t\t<h2 class=\"elementor-heading-title elementor-size-default\">PROJETOS PEDAG\u00d3GICOS<\/h2>\t\t\t\t<\/div>\n\t\t\t\t<\/div>\n\t\t\t\t\t<\/div>\n\t\t<\/div>\n\t\t\t\t\t<\/div>\n\t\t<\/section>\n\t\t\t\t<section class=\"elementor-section elementor-top-section elementor-element elementor-element-9c8594d elementor-section-boxed elementor-section-height-default elementor-section-height-default\" data-id=\"9c8594d\" data-element_type=\"section\" data-e-type=\"section\">\n\t\t\t\t\t\t<div class=\"elementor-container elementor-column-gap-default\">\n\t\t\t\t\t<div class=\"elementor-column elementor-col-100 elementor-top-column elementor-element elementor-element-1169dbe\" data-id=\"1169dbe\" data-element_type=\"column\" data-e-type=\"column\">\n\t\t\t<div class=\"elementor-widget-wrap elementor-element-populated\">\n\t\t\t\t\t\t<div class=\"elementor-element elementor-element-b34929a elementor-widget elementor-widget-text-editor\" data-id=\"b34929a\" data-element_type=\"widget\" data-e-type=\"widget\" data-widget_type=\"text-editor.default\">\n\t\t\t\t<div class=\"elementor-widget-container\">\n\t\t\t\t\t\t\t\t\t<p>De acordo com o Minist\u00e9rio da Educa\u00e7\u00e3o (MEC), o Projeto Pedag\u00f3gico \u00e9 a &#8220;materializa\u00e7\u00e3o de como o novo curr\u00edculo ir\u00e1 impactar e como vai ser trabalhado no cotidiano da escola&#8221;. Este documento deve ser baseado na Base Nacional Comum Curricular, e dever\u00e1 servir como modelo de desenvolvimento das ementas das disciplinas e da elabora\u00e7\u00e3o das din\u00e2micas de aula dos professores.<\/p><p><b>Consulte abaixo o projeto pedag\u00f3gico vigente para as pr\u00f3ximas turmas da Engenharia de Transportes.<\/b><\/p>\t\t\t\t\t\t\t\t<\/div>\n\t\t\t\t<\/div>\n\t\t\t\t<div class=\"elementor-element elementor-element-0d9ba83 elementor-mobile-align-justify elementor-widget elementor-widget-button\" data-id=\"0d9ba83\" data-element_type=\"widget\" data-e-type=\"widget\" data-widget_type=\"button.default\">\n\t\t\t\t<div class=\"elementor-widget-container\">\n\t\t\t\t\t\t\t\t\t<div class=\"elementor-button-wrapper\">\n\t\t\t\t\t<a class=\"elementor-button elementor-button-link elementor-size-md\" href=\"http:\/\/wordpress.ft.unicamp.br\/etr\/wp-content\/uploads\/sites\/68\/2023\/11\/Projeto-Pedagogico-Engenharia-de-Transportes-2017.pdf\" target=\"_blank\">\n\t\t\t\t\t\t<span class=\"elementor-button-content-wrapper\">\n\t\t\t\t\t\t\t\t\t<span class=\"elementor-button-text\">TURMAS 019, 020 e 021<\/span>\n\t\t\t\t\t<\/span>\n\t\t\t\t\t<\/a>\n\t\t\t\t<\/div>\n\t\t\t\t\t\t\t\t<\/div>\n\t\t\t\t<\/div>\n\t\t\t\t<div class=\"elementor-element elementor-element-22e9c45 elementor-align-left elementor-mobile-align-justify elementor-widget elementor-widget-button\" data-id=\"22e9c45\" data-element_type=\"widget\" data-e-type=\"widget\" data-widget_type=\"button.default\">\n\t\t\t\t<div class=\"elementor-widget-container\">\n\t\t\t\t\t\t\t\t\t<div class=\"elementor-button-wrapper\">\n\t\t\t\t\t<a class=\"elementor-button elementor-button-link elementor-size-md\" href=\"http:\/\/wordpress.ft.unicamp.br\/etr\/wp-content\/uploads\/sites\/68\/2023\/11\/PPCEngTransp-23.pdf\" target=\"_blank\">\n\t\t\t\t\t\t<span class=\"elementor-button-content-wrapper\">\n\t\t\t\t\t\t\t\t\t<span class=\"elementor-button-text\">TURMAS 022, 023 e 024<\/span>\n\t\t\t\t\t<\/span>\n\t\t\t\t\t<\/a>\n\t\t\t\t<\/div>\n\t\t\t\t\t\t\t\t<\/div>\n\t\t\t\t<\/div>\n\t\t\t\t\t<\/div>\n\t\t<\/div>\n\t\t\t\t\t<\/div>\n\t\t<\/section>\n\t\t\t\t<\/div>\n\t\t","protected":false},"excerpt":{"rendered":"<p>PROJETOS PEDAG\u00d3GICOS De acordo com o Minist\u00e9rio da Educa\u00e7\u00e3o (MEC), o Projeto Pedag\u00f3gico \u00e9 a &#8220;materializa\u00e7\u00e3o de como o novo&hellip; <\/p>\n","protected":false},"author":99,"featured_media":0,"parent":351,"menu_order":0,"comment_status":"closed","ping_status":"closed","template":"elementor_header_footer","meta":{"footnotes":""},"class_list":["post-371","page","type-page","status-publish","hentry"],"yoast_head":"<!-- This site is optimized with the Yoast SEO plugin v27.2 - https:\/\/yoast.com\/product\/yoast-seo-wordpress\/ -->\n<title>Projeto Pedag\u00f3gico -<\/title>\n<meta name=\"description\" content=\"Projeto Pedag\u00f3gico Engenharia de Transportes Unicamp\" \/>\n<meta name=\"robots\" content=\"index, follow, max-snippet:-1, max-image-preview:large, max-video-preview:-1\" \/>\n<link rel=\"canonical\" href=\"https:\/\/wordpress.ft.unicamp.br\/etr\/documentos\/manual-de-gestao\/\" \/>\n<meta property=\"og:locale\" content=\"pt_BR\" \/>\n<meta property=\"og:type\" content=\"article\" \/>\n<meta property=\"og:title\" content=\"Projeto Pedag\u00f3gico -\" \/>\n<meta property=\"og:description\" content=\"Projeto Pedag\u00f3gico Engenharia de Transportes Unicamp\" \/>\n<meta property=\"og:url\" content=\"https:\/\/wordpress.ft.unicamp.br\/etr\/documentos\/manual-de-gestao\/\" \/>\n<meta property=\"article:modified_time\" content=\"2023-11-08T18:19:33+00:00\" \/>\n<meta name=\"twitter:card\" content=\"summary_large_image\" \/>\n<meta name=\"twitter:label1\" content=\"Est. tempo de leitura\" \/>\n\t<meta name=\"twitter:data1\" content=\"1 minuto\" \/>\n<script type=\"application\/ld+json\" class=\"yoast-schema-graph\">{\"@context\":\"https:\/\/schema.org\",\"@graph\":[{\"@type\":\"WebPage\",\"@id\":\"https:\/\/wordpress.ft.unicamp.br\/etr\/documentos\/manual-de-gestao\/\",\"url\":\"https:\/\/wordpress.ft.unicamp.br\/etr\/documentos\/manual-de-gestao\/\",\"name\":\"Projeto Pedag\u00f3gico -\",\"isPartOf\":{\"@id\":\"https:\/\/wordpress.ft.unicamp.br\/etr\/#website\"},\"datePublished\":\"2022-05-09T14:23:05+00:00\",\"dateModified\":\"2023-11-08T18:19:33+00:00\",\"description\":\"Projeto Pedag\u00f3gico Engenharia de Transportes Unicamp\",\"breadcrumb\":{\"@id\":\"https:\/\/wordpress.ft.unicamp.br\/etr\/documentos\/manual-de-gestao\/#breadcrumb\"},\"inLanguage\":\"pt-BR\",\"potentialAction\":[{\"@type\":\"ReadAction\",\"target\":[\"https:\/\/wordpress.ft.unicamp.br\/etr\/documentos\/manual-de-gestao\/\"]}]},{\"@type\":\"BreadcrumbList\",\"@id\":\"https:\/\/wordpress.ft.unicamp.br\/etr\/documentos\/manual-de-gestao\/#breadcrumb\",\"itemListElement\":[{\"@type\":\"ListItem\",\"position\":1,\"name\":\"Home\",\"item\":\"https:\/\/wordpress.ft.unicamp.br\/etr\/\"},{\"@type\":\"ListItem\",\"position\":2,\"name\":\"DOCUMENTOS\",\"item\":\"https:\/\/wordpress.ft.unicamp.br\/etr\/documentos\/\"},{\"@type\":\"ListItem\",\"position\":3,\"name\":\"Projeto Pedag\u00f3gico\"}]},{\"@type\":\"WebSite\",\"@id\":\"https:\/\/wordpress.ft.unicamp.br\/etr\/#website\",\"url\":\"https:\/\/wordpress.ft.unicamp.br\/etr\/\",\"name\":\"\",\"description\":\"Faculdade de Tecnologia, UNICAMP\",\"potentialAction\":[{\"@type\":\"SearchAction\",\"target\":{\"@type\":\"EntryPoint\",\"urlTemplate\":\"https:\/\/wordpress.ft.unicamp.br\/etr\/?s={search_term_string}\"},\"query-input\":{\"@type\":\"PropertyValueSpecification\",\"valueRequired\":true,\"valueName\":\"search_term_string\"}}],\"inLanguage\":\"pt-BR\"}]}<\/script>\n<!-- \/ Yoast SEO plugin. -->","yoast_head_json":{"title":"Projeto Pedag\u00f3gico -","description":"Projeto Pedag\u00f3gico Engenharia de Transportes Unicamp","robots":{"index":"index","follow":"follow","max-snippet":"max-snippet:-1","max-image-preview":"max-image-preview:large","max-video-preview":"max-video-preview:-1"},"canonical":"https:\/\/wordpress.ft.unicamp.br\/etr\/documentos\/manual-de-gestao\/","og_locale":"pt_BR","og_type":"article","og_title":"Projeto Pedag\u00f3gico -","og_description":"Projeto Pedag\u00f3gico Engenharia de Transportes Unicamp","og_url":"https:\/\/wordpress.ft.unicamp.br\/etr\/documentos\/manual-de-gestao\/","article_modified_time":"2023-11-08T18:19:33+00:00","twitter_card":"summary_large_image","twitter_misc":{"Est. tempo de leitura":"1 minuto"},"schema":{"@context":"https:\/\/schema.org","@graph":[{"@type":"WebPage","@id":"https:\/\/wordpress.ft.unicamp.br\/etr\/documentos\/manual-de-gestao\/","url":"https:\/\/wordpress.ft.unicamp.br\/etr\/documentos\/manual-de-gestao\/","name":"Projeto Pedag\u00f3gico -","isPartOf":{"@id":"https:\/\/wordpress.ft.unicamp.br\/etr\/#website"},"datePublished":"2022-05-09T14:23:05+00:00","dateModified":"2023-11-08T18:19:33+00:00","description":"Projeto Pedag\u00f3gico Engenharia de Transportes Unicamp","breadcrumb":{"@id":"https:\/\/wordpress.ft.unicamp.br\/etr\/documentos\/manual-de-gestao\/#breadcrumb"},"inLanguage":"pt-BR","potentialAction":[{"@type":"ReadAction","target":["https:\/\/wordpress.ft.unicamp.br\/etr\/documentos\/manual-de-gestao\/"]}]},{"@type":"BreadcrumbList","@id":"https:\/\/wordpress.ft.unicamp.br\/etr\/documentos\/manual-de-gestao\/#breadcrumb","itemListElement":[{"@type":"ListItem","position":1,"name":"Home","item":"https:\/\/wordpress.ft.unicamp.br\/etr\/"},{"@type":"ListItem","position":2,"name":"DOCUMENTOS","item":"https:\/\/wordpress.ft.unicamp.br\/etr\/documentos\/"},{"@type":"ListItem","position":3,"name":"Projeto Pedag\u00f3gico"}]},{"@type":"WebSite","@id":"https:\/\/wordpress.ft.unicamp.br\/etr\/#website","url":"https:\/\/wordpress.ft.unicamp.br\/etr\/","name":"","description":"Faculdade de Tecnologia, UNICAMP","potentialAction":[{"@type":"SearchAction","target":{"@type":"EntryPoint","urlTemplate":"https:\/\/wordpress.ft.unicamp.br\/etr\/?s={search_term_string}"},"query-input":{"@type":"PropertyValueSpecification","valueRequired":true,"valueName":"search_term_string"}}],"inLanguage":"pt-BR"}]}},"_links":{"self":[{"href":"https:\/\/wordpress.ft.unicamp.br\/etr\/wp-json\/wp\/v2\/pages\/371","targetHints":{"allow":["GET"]}}],"collection":[{"href":"https:\/\/wordpress.ft.unicamp.br\/etr\/wp-json\/wp\/v2\/pages"}],"about":[{"href":"https:\/\/wordpress.ft.unicamp.br\/etr\/wp-json\/wp\/v2\/types\/page"}],"author":[{"embeddable":true,"href":"https:\/\/wordpress.ft.unicamp.br\/etr\/wp-json\/wp\/v2\/users\/99"}],"replies":[{"embeddable":true,"href":"https:\/\/wordpress.ft.unicamp.br\/etr\/wp-json\/wp\/v2\/comments?post=371"}],"version-history":[{"count":36,"href":"https:\/\/wordpress.ft.unicamp.br\/etr\/wp-json\/wp\/v2\/pages\/371\/revisions"}],"predecessor-version":[{"id":1272,"href":"https:\/\/wordpress.ft.unicamp.br\/etr\/wp-json\/wp\/v2\/pages\/371\/revisions\/1272"}],"up":[{"embeddable":true,"href":"https:\/\/wordpress.ft.unicamp.br\/etr\/wp-json\/wp\/v2\/pages\/351"}],"wp:attachment":[{"href":"https:\/\/wordpress.ft.unicamp.br\/etr\/wp-json\/wp\/v2\/media?parent=371"}],"curies":[{"name":"wp","href":"https:\/\/api.w.org\/{rel}","templated":true}]}}