{"id":391,"date":"2023-08-03T17:01:35","date_gmt":"2023-08-03T20:01:35","guid":{"rendered":"https:\/\/wordpress.ft.unicamp.br\/etr\/?page_id=391"},"modified":"2023-08-05T12:11:08","modified_gmt":"2023-08-05T15:11:08","slug":"sistema-de-agendamento-de-salas-ft","status":"publish","type":"page","link":"https:\/\/wordpress.ft.unicamp.br\/etr\/sistema-de-agendamento-de-salas-ft\/","title":{"rendered":"Agendamento de Salas"},"content":{"rendered":"\t\t<div data-elementor-type=\"wp-page\" data-elementor-id=\"391\" class=\"elementor elementor-391\">\n\t\t\t\t\t\t<section class=\"elementor-section elementor-top-section elementor-element elementor-element-a765193 elementor-section-boxed elementor-section-height-default elementor-section-height-default\" data-id=\"a765193\" data-element_type=\"section\" data-e-type=\"section\">\n\t\t\t\t\t\t<div class=\"elementor-container elementor-column-gap-default\">\n\t\t\t\t\t<div class=\"elementor-column elementor-col-100 elementor-top-column elementor-element elementor-element-38333d8\" data-id=\"38333d8\" data-element_type=\"column\" data-e-type=\"column\">\n\t\t\t<div class=\"elementor-widget-wrap elementor-element-populated\">\n\t\t\t\t\t\t<div class=\"elementor-element elementor-element-62a10a2 elementor-widget elementor-widget-heading\" data-id=\"62a10a2\" data-element_type=\"widget\" data-e-type=\"widget\" data-widget_type=\"heading.default\">\n\t\t\t\t<div class=\"elementor-widget-container\">\n\t\t\t\t\t<h1 class=\"elementor-heading-title elementor-size-default\">AGENDAMENTO DE SALAS<\/h1>\t\t\t\t<\/div>\n\t\t\t\t<\/div>\n\t\t\t\t\t<\/div>\n\t\t<\/div>\n\t\t\t\t\t<\/div>\n\t\t<\/section>\n\t\t\t\t<section class=\"elementor-section elementor-top-section elementor-element elementor-element-4c18ef6 elementor-section-boxed elementor-section-height-default elementor-section-height-default\" data-id=\"4c18ef6\" data-element_type=\"section\" data-e-type=\"section\">\n\t\t\t\t\t\t<div class=\"elementor-container elementor-column-gap-default\">\n\t\t\t\t\t<div class=\"elementor-column elementor-col-100 elementor-top-column elementor-element elementor-element-1da21e3\" data-id=\"1da21e3\" data-element_type=\"column\" data-e-type=\"column\">\n\t\t\t<div class=\"elementor-widget-wrap elementor-element-populated\">\n\t\t\t\t\t\t<div class=\"elementor-element elementor-element-4abf8b1 elementor-widget__width-initial elementor-widget elementor-widget-text-editor\" data-id=\"4abf8b1\" data-element_type=\"widget\" data-e-type=\"widget\" data-widget_type=\"text-editor.default\">\n\t\t\t\t<div class=\"elementor-widget-container\">\n\t\t\t\t\t\t\t\t\t<p>Para utilizar uma sala da Faculdade de Tecnologia da Unicamp, seja para estudo, ou para reuni\u00f5es, \u00e9 necess\u00e1rio realizar o agendamento.<\/p><p>Acesse o link abaixo para realizar o agendamento de uma sala ou laborat\u00f3rio da FT:<\/p>\t\t\t\t\t\t\t\t<\/div>\n\t\t\t\t<\/div>\n\t\t\t\t<div class=\"elementor-element elementor-element-7f73be9 elementor-align-left elementor-widget elementor-widget-button\" data-id=\"7f73be9\" data-element_type=\"widget\" data-e-type=\"widget\" data-widget_type=\"button.default\">\n\t\t\t\t<div class=\"elementor-widget-container\">\n\t\t\t\t\t\t\t\t\t<div class=\"elementor-button-wrapper\">\n\t\t\t\t\t<a class=\"elementor-button elementor-button-link elementor-size-sm\" href=\"http:\/\/sistemas.ft.unicamp.br\/salas\" target=\"_blank\">\n\t\t\t\t\t\t<span class=\"elementor-button-content-wrapper\">\n\t\t\t\t\t\t\t\t\t<span class=\"elementor-button-text\">Clique aqui<\/span>\n\t\t\t\t\t<\/span>\n\t\t\t\t\t<\/a>\n\t\t\t\t<\/div>\n\t\t\t\t\t\t\t\t<\/div>\n\t\t\t\t<\/div>\n\t\t\t\t\t<\/div>\n\t\t<\/div>\n\t\t\t\t\t<\/div>\n\t\t<\/section>\n\t\t\t\t<\/div>\n\t\t","protected":false},"excerpt":{"rendered":"<p>AGENDAMENTO DE SALAS Para utilizar uma sala da Faculdade de Tecnologia da Unicamp, seja para estudo, ou para reuni\u00f5es, \u00e9&hellip; <\/p>\n","protected":false},"author":99,"featured_media":0,"parent":0,"menu_order":0,"comment_status":"closed","ping_status":"closed","template":"","meta":{"footnotes":""},"class_list":["post-391","page","type-page","status-publish","hentry"],"yoast_head":"<!-- This site is optimized with the Yoast SEO plugin v27.3 - https:\/\/yoast.com\/product\/yoast-seo-wordpress\/ -->\n<title>Agendamento de Salas -<\/title>\n<meta name=\"description\" content=\"Para utilizar uma sala da Faculdade de Tecnologia da Unicamp, seja para estudo, ou para reuni\u00f5es, \u00e9 necess\u00e1rio realizar o agendamento.\" \/>\n<meta name=\"robots\" content=\"index, follow, max-snippet:-1, max-image-preview:large, max-video-preview:-1\" \/>\n<link rel=\"canonical\" href=\"https:\/\/wordpress.ft.unicamp.br\/etr\/sistema-de-agendamento-de-salas-ft\/\" \/>\n<meta property=\"og:locale\" content=\"pt_BR\" \/>\n<meta property=\"og:type\" content=\"article\" \/>\n<meta property=\"og:title\" content=\"Agendamento de Salas -\" \/>\n<meta property=\"og:description\" content=\"Para utilizar uma sala da Faculdade de Tecnologia da Unicamp, seja para estudo, ou para reuni\u00f5es, \u00e9 necess\u00e1rio realizar o agendamento.\" \/>\n<meta property=\"og:url\" content=\"https:\/\/wordpress.ft.unicamp.br\/etr\/sistema-de-agendamento-de-salas-ft\/\" \/>\n<meta property=\"article:modified_time\" content=\"2023-08-05T15:11:08+00:00\" \/>\n<meta name=\"twitter:card\" content=\"summary_large_image\" \/>\n<meta name=\"twitter:label1\" content=\"Est. tempo de leitura\" \/>\n\t<meta name=\"twitter:data1\" content=\"1 minuto\" \/>\n<script type=\"application\/ld+json\" class=\"yoast-schema-graph\">{\"@context\":\"https:\\\/\\\/schema.org\",\"@graph\":[{\"@type\":\"WebPage\",\"@id\":\"https:\\\/\\\/wordpress.ft.unicamp.br\\\/etr\\\/sistema-de-agendamento-de-salas-ft\\\/\",\"url\":\"https:\\\/\\\/wordpress.ft.unicamp.br\\\/etr\\\/sistema-de-agendamento-de-salas-ft\\\/\",\"name\":\"Agendamento de Salas -\",\"isPartOf\":{\"@id\":\"https:\\\/\\\/wordpress.ft.unicamp.br\\\/etr\\\/#website\"},\"datePublished\":\"2023-08-03T20:01:35+00:00\",\"dateModified\":\"2023-08-05T15:11:08+00:00\",\"description\":\"Para utilizar uma sala da Faculdade de Tecnologia da Unicamp, seja para estudo, ou para reuni\u00f5es, \u00e9 necess\u00e1rio realizar o agendamento.\",\"breadcrumb\":{\"@id\":\"https:\\\/\\\/wordpress.ft.unicamp.br\\\/etr\\\/sistema-de-agendamento-de-salas-ft\\\/#breadcrumb\"},\"inLanguage\":\"pt-BR\",\"potentialAction\":[{\"@type\":\"ReadAction\",\"target\":[\"https:\\\/\\\/wordpress.ft.unicamp.br\\\/etr\\\/sistema-de-agendamento-de-salas-ft\\\/\"]}]},{\"@type\":\"BreadcrumbList\",\"@id\":\"https:\\\/\\\/wordpress.ft.unicamp.br\\\/etr\\\/sistema-de-agendamento-de-salas-ft\\\/#breadcrumb\",\"itemListElement\":[{\"@type\":\"ListItem\",\"position\":1,\"name\":\"Home\",\"item\":\"https:\\\/\\\/wordpress.ft.unicamp.br\\\/etr\\\/\"},{\"@type\":\"ListItem\",\"position\":2,\"name\":\"Agendamento de Salas\"}]},{\"@type\":\"WebSite\",\"@id\":\"https:\\\/\\\/wordpress.ft.unicamp.br\\\/etr\\\/#website\",\"url\":\"https:\\\/\\\/wordpress.ft.unicamp.br\\\/etr\\\/\",\"name\":\"\",\"description\":\"Faculdade de Tecnologia, UNICAMP\",\"potentialAction\":[{\"@type\":\"SearchAction\",\"target\":{\"@type\":\"EntryPoint\",\"urlTemplate\":\"https:\\\/\\\/wordpress.ft.unicamp.br\\\/etr\\\/?s={search_term_string}\"},\"query-input\":{\"@type\":\"PropertyValueSpecification\",\"valueRequired\":true,\"valueName\":\"search_term_string\"}}],\"inLanguage\":\"pt-BR\"}]}<\/script>\n<!-- \/ Yoast SEO plugin. -->","yoast_head_json":{"title":"Agendamento de Salas -","description":"Para utilizar uma sala da Faculdade de Tecnologia da Unicamp, seja para estudo, ou para reuni\u00f5es, \u00e9 necess\u00e1rio realizar o agendamento.","robots":{"index":"index","follow":"follow","max-snippet":"max-snippet:-1","max-image-preview":"max-image-preview:large","max-video-preview":"max-video-preview:-1"},"canonical":"https:\/\/wordpress.ft.unicamp.br\/etr\/sistema-de-agendamento-de-salas-ft\/","og_locale":"pt_BR","og_type":"article","og_title":"Agendamento de Salas -","og_description":"Para utilizar uma sala da Faculdade de Tecnologia da Unicamp, seja para estudo, ou para reuni\u00f5es, \u00e9 necess\u00e1rio realizar o agendamento.","og_url":"https:\/\/wordpress.ft.unicamp.br\/etr\/sistema-de-agendamento-de-salas-ft\/","article_modified_time":"2023-08-05T15:11:08+00:00","twitter_card":"summary_large_image","twitter_misc":{"Est. tempo de leitura":"1 minuto"},"schema":{"@context":"https:\/\/schema.org","@graph":[{"@type":"WebPage","@id":"https:\/\/wordpress.ft.unicamp.br\/etr\/sistema-de-agendamento-de-salas-ft\/","url":"https:\/\/wordpress.ft.unicamp.br\/etr\/sistema-de-agendamento-de-salas-ft\/","name":"Agendamento de Salas -","isPartOf":{"@id":"https:\/\/wordpress.ft.unicamp.br\/etr\/#website"},"datePublished":"2023-08-03T20:01:35+00:00","dateModified":"2023-08-05T15:11:08+00:00","description":"Para utilizar uma sala da Faculdade de Tecnologia da Unicamp, seja para estudo, ou para reuni\u00f5es, \u00e9 necess\u00e1rio realizar o agendamento.","breadcrumb":{"@id":"https:\/\/wordpress.ft.unicamp.br\/etr\/sistema-de-agendamento-de-salas-ft\/#breadcrumb"},"inLanguage":"pt-BR","potentialAction":[{"@type":"ReadAction","target":["https:\/\/wordpress.ft.unicamp.br\/etr\/sistema-de-agendamento-de-salas-ft\/"]}]},{"@type":"BreadcrumbList","@id":"https:\/\/wordpress.ft.unicamp.br\/etr\/sistema-de-agendamento-de-salas-ft\/#breadcrumb","itemListElement":[{"@type":"ListItem","position":1,"name":"Home","item":"https:\/\/wordpress.ft.unicamp.br\/etr\/"},{"@type":"ListItem","position":2,"name":"Agendamento de Salas"}]},{"@type":"WebSite","@id":"https:\/\/wordpress.ft.unicamp.br\/etr\/#website","url":"https:\/\/wordpress.ft.unicamp.br\/etr\/","name":"","description":"Faculdade de Tecnologia, UNICAMP","potentialAction":[{"@type":"SearchAction","target":{"@type":"EntryPoint","urlTemplate":"https:\/\/wordpress.ft.unicamp.br\/etr\/?s={search_term_string}"},"query-input":{"@type":"PropertyValueSpecification","valueRequired":true,"valueName":"search_term_string"}}],"inLanguage":"pt-BR"}]}},"_links":{"self":[{"href":"https:\/\/wordpress.ft.unicamp.br\/etr\/wp-json\/wp\/v2\/pages\/391","targetHints":{"allow":["GET"]}}],"collection":[{"href":"https:\/\/wordpress.ft.unicamp.br\/etr\/wp-json\/wp\/v2\/pages"}],"about":[{"href":"https:\/\/wordpress.ft.unicamp.br\/etr\/wp-json\/wp\/v2\/types\/page"}],"author":[{"embeddable":true,"href":"https:\/\/wordpress.ft.unicamp.br\/etr\/wp-json\/wp\/v2\/users\/99"}],"replies":[{"embeddable":true,"href":"https:\/\/wordpress.ft.unicamp.br\/etr\/wp-json\/wp\/v2\/comments?post=391"}],"version-history":[{"count":30,"href":"https:\/\/wordpress.ft.unicamp.br\/etr\/wp-json\/wp\/v2\/pages\/391\/revisions"}],"predecessor-version":[{"id":862,"href":"https:\/\/wordpress.ft.unicamp.br\/etr\/wp-json\/wp\/v2\/pages\/391\/revisions\/862"}],"wp:attachment":[{"href":"https:\/\/wordpress.ft.unicamp.br\/etr\/wp-json\/wp\/v2\/media?parent=391"}],"curies":[{"name":"wp","href":"https:\/\/api.w.org\/{rel}","templated":true}]}}