{"id":396,"date":"2022-05-09T11:32:00","date_gmt":"2022-05-09T14:32:00","guid":{"rendered":"https:\/\/wordpress.ft.unicamp.br\/etr\/?page_id=396"},"modified":"2023-08-05T15:29:26","modified_gmt":"2023-08-05T18:29:26","slug":"regimento-de-graduacao","status":"publish","type":"page","link":"https:\/\/wordpress.ft.unicamp.br\/etr\/documentos\/regimento-de-graduacao\/","title":{"rendered":"Regimento de Gradua\u00e7\u00e3o"},"content":{"rendered":"\t\t<div data-elementor-type=\"wp-page\" data-elementor-id=\"396\" class=\"elementor elementor-396\">\n\t\t\t\t\t\t<section class=\"elementor-section elementor-top-section elementor-element elementor-element-18c1c01 elementor-section-boxed elementor-section-height-default elementor-section-height-default\" data-id=\"18c1c01\" data-element_type=\"section\" data-e-type=\"section\">\n\t\t\t\t\t\t<div class=\"elementor-container elementor-column-gap-default\">\n\t\t\t\t\t<div class=\"elementor-column elementor-col-100 elementor-top-column elementor-element elementor-element-ade8de7\" data-id=\"ade8de7\" data-element_type=\"column\" data-e-type=\"column\">\n\t\t\t<div class=\"elementor-widget-wrap elementor-element-populated\">\n\t\t\t\t\t\t<div class=\"elementor-element elementor-element-47cee64 elementor-widget elementor-widget-heading\" data-id=\"47cee64\" data-element_type=\"widget\" data-e-type=\"widget\" data-widget_type=\"heading.default\">\n\t\t\t\t<div class=\"elementor-widget-container\">\n\t\t\t\t\t<h2 class=\"elementor-heading-title elementor-size-default\">REGIMENTO DE GRADUA\u00c7\u00c3O<\/h2>\t\t\t\t<\/div>\n\t\t\t\t<\/div>\n\t\t\t\t<div class=\"elementor-element elementor-element-0557262 elementor-widget elementor-widget-text-editor\" data-id=\"0557262\" data-element_type=\"widget\" data-e-type=\"widget\" data-widget_type=\"text-editor.default\">\n\t\t\t\t<div class=\"elementor-widget-container\">\n\t\t\t\t\t\t\t\t\t<p>O Regimento Geral de Gradua\u00e7\u00e3o \u00e9 a mais importante instru\u00e7\u00e3o normativa que rege todos os cursos de gradua\u00e7\u00e3o da Unicamp.\u00a0<span style=\"font-size: 15px;color: var( --e-global-color-text )\">\u00c9 neste documento que ficam definidas importantes temas para os alunos, professores e funcion\u00e1rios, como:<\/span><\/p><ul><li><em>F<\/em><i>ormas de ingresso em cursos de gradua\u00e7\u00e3o da Unicamp;<\/i><\/li><li><i>Cargas hor\u00e1rias de disciplinas;<\/i><\/li><li>P<i>r\u00e9-Requisitos de disciplinas;<\/i><\/li><li><i>Regras para trancamento do curso;<\/i><\/li><li><i>Nota m\u00ednima para aprova\u00e7\u00e3o em disciplina;<\/i><\/li><li><i>Presen\u00e7a m\u00ednima para aprova\u00e7\u00e3o em disciplina;<\/i><\/li><li><i>Poss\u00edveis justificativas e abonos para faltas;<\/i><\/li><li><i>Entre outros.<\/i><\/li><li><span style=\"font-family: Roboto, sans-serif;font-size: 15px;font-style: normal;font-weight: 400;color: var( --e-global-color-text )\">\u00a0<\/span><\/li><\/ul><p><span style=\"font-family: Roboto, sans-serif;font-size: 15px;font-style: normal;font-weight: 400;color: var( --e-global-color-text )\">C<\/span><span style=\"font-family: Roboto, sans-serif;font-size: 15px;font-style: normal;font-weight: 400;color: var( --e-global-color-text )\">onfira abaixo o Regimento Geral de Gradua\u00e7\u00e3o da Unicamp.<\/span><\/p>\t\t\t\t\t\t\t\t<\/div>\n\t\t\t\t<\/div>\n\t\t\t\t\t<\/div>\n\t\t<\/div>\n\t\t\t\t\t<\/div>\n\t\t<\/section>\n\t\t\t\t<section class=\"elementor-section elementor-top-section elementor-element elementor-element-8e21cf6 elementor-section-boxed elementor-section-height-default elementor-section-height-default\" data-id=\"8e21cf6\" data-element_type=\"section\" data-e-type=\"section\">\n\t\t\t\t\t\t<div class=\"elementor-container elementor-column-gap-default\">\n\t\t\t\t\t<div class=\"elementor-column elementor-col-100 elementor-top-column elementor-element elementor-element-840bcbf\" data-id=\"840bcbf\" data-element_type=\"column\" data-e-type=\"column\">\n\t\t\t<div class=\"elementor-widget-wrap elementor-element-populated\">\n\t\t\t\t\t\t<div class=\"elementor-element elementor-element-d3705fe elementor-mobile-align-justify elementor-widget elementor-widget-button\" data-id=\"d3705fe\" data-element_type=\"widget\" data-e-type=\"widget\" data-widget_type=\"button.default\">\n\t\t\t\t<div class=\"elementor-widget-container\">\n\t\t\t\t\t\t\t\t\t<div class=\"elementor-button-wrapper\">\n\t\t\t\t\t<a class=\"elementor-button elementor-button-link elementor-size-sm\" href=\"https:\/\/www.dac.unicamp.br\/portal\/graduacao\/regimento-geral\" target=\"_blank\">\n\t\t\t\t\t\t<span class=\"elementor-button-content-wrapper\">\n\t\t\t\t\t\t\t\t\t<span class=\"elementor-button-text\">Clique aqui<\/span>\n\t\t\t\t\t<\/span>\n\t\t\t\t\t<\/a>\n\t\t\t\t<\/div>\n\t\t\t\t\t\t\t\t<\/div>\n\t\t\t\t<\/div>\n\t\t\t\t\t<\/div>\n\t\t<\/div>\n\t\t\t\t\t<\/div>\n\t\t<\/section>\n\t\t\t\t<\/div>\n\t\t","protected":false},"excerpt":{"rendered":"<p>REGIMENTO DE GRADUA\u00c7\u00c3O O Regimento Geral de Gradua\u00e7\u00e3o \u00e9 a mais importante instru\u00e7\u00e3o normativa que rege todos os cursos de&hellip; <\/p>\n","protected":false},"author":70,"featured_media":0,"parent":351,"menu_order":0,"comment_status":"closed","ping_status":"closed","template":"","meta":{"footnotes":""},"class_list":["post-396","page","type-page","status-publish","hentry"],"yoast_head":"<!-- This site is optimized with the Yoast SEO plugin v27.2 - https:\/\/yoast.com\/product\/yoast-seo-wordpress\/ -->\n<title>Regimento de Gradua\u00e7\u00e3o -<\/title>\n<meta name=\"description\" content=\"Regimento de Gradua\u00e7\u00e3o Unicamp\" \/>\n<meta name=\"robots\" content=\"index, follow, max-snippet:-1, max-image-preview:large, max-video-preview:-1\" \/>\n<link rel=\"canonical\" href=\"https:\/\/wordpress.ft.unicamp.br\/etr\/documentos\/regimento-de-graduacao\/\" \/>\n<meta property=\"og:locale\" content=\"pt_BR\" \/>\n<meta property=\"og:type\" content=\"article\" \/>\n<meta property=\"og:title\" content=\"Regimento de Gradua\u00e7\u00e3o -\" \/>\n<meta property=\"og:description\" content=\"Regimento de Gradua\u00e7\u00e3o Unicamp\" \/>\n<meta property=\"og:url\" content=\"https:\/\/wordpress.ft.unicamp.br\/etr\/documentos\/regimento-de-graduacao\/\" \/>\n<meta property=\"article:modified_time\" content=\"2023-08-05T18:29:26+00:00\" \/>\n<meta name=\"twitter:card\" content=\"summary_large_image\" \/>\n<meta name=\"twitter:label1\" content=\"Est. tempo de leitura\" \/>\n\t<meta name=\"twitter:data1\" content=\"1 minuto\" \/>\n<script type=\"application\/ld+json\" class=\"yoast-schema-graph\">{\"@context\":\"https:\/\/schema.org\",\"@graph\":[{\"@type\":\"WebPage\",\"@id\":\"https:\/\/wordpress.ft.unicamp.br\/etr\/documentos\/regimento-de-graduacao\/\",\"url\":\"https:\/\/wordpress.ft.unicamp.br\/etr\/documentos\/regimento-de-graduacao\/\",\"name\":\"Regimento de Gradua\u00e7\u00e3o -\",\"isPartOf\":{\"@id\":\"https:\/\/wordpress.ft.unicamp.br\/etr\/#website\"},\"datePublished\":\"2022-05-09T14:32:00+00:00\",\"dateModified\":\"2023-08-05T18:29:26+00:00\",\"description\":\"Regimento de Gradua\u00e7\u00e3o Unicamp\",\"breadcrumb\":{\"@id\":\"https:\/\/wordpress.ft.unicamp.br\/etr\/documentos\/regimento-de-graduacao\/#breadcrumb\"},\"inLanguage\":\"pt-BR\",\"potentialAction\":[{\"@type\":\"ReadAction\",\"target\":[\"https:\/\/wordpress.ft.unicamp.br\/etr\/documentos\/regimento-de-graduacao\/\"]}]},{\"@type\":\"BreadcrumbList\",\"@id\":\"https:\/\/wordpress.ft.unicamp.br\/etr\/documentos\/regimento-de-graduacao\/#breadcrumb\",\"itemListElement\":[{\"@type\":\"ListItem\",\"position\":1,\"name\":\"Home\",\"item\":\"https:\/\/wordpress.ft.unicamp.br\/etr\/\"},{\"@type\":\"ListItem\",\"position\":2,\"name\":\"DOCUMENTOS\",\"item\":\"https:\/\/wordpress.ft.unicamp.br\/etr\/documentos\/\"},{\"@type\":\"ListItem\",\"position\":3,\"name\":\"Regimento de Gradua\u00e7\u00e3o\"}]},{\"@type\":\"WebSite\",\"@id\":\"https:\/\/wordpress.ft.unicamp.br\/etr\/#website\",\"url\":\"https:\/\/wordpress.ft.unicamp.br\/etr\/\",\"name\":\"\",\"description\":\"Faculdade de Tecnologia, UNICAMP\",\"potentialAction\":[{\"@type\":\"SearchAction\",\"target\":{\"@type\":\"EntryPoint\",\"urlTemplate\":\"https:\/\/wordpress.ft.unicamp.br\/etr\/?s={search_term_string}\"},\"query-input\":{\"@type\":\"PropertyValueSpecification\",\"valueRequired\":true,\"valueName\":\"search_term_string\"}}],\"inLanguage\":\"pt-BR\"}]}<\/script>\n<!-- \/ Yoast SEO plugin. -->","yoast_head_json":{"title":"Regimento de Gradua\u00e7\u00e3o -","description":"Regimento de Gradua\u00e7\u00e3o Unicamp","robots":{"index":"index","follow":"follow","max-snippet":"max-snippet:-1","max-image-preview":"max-image-preview:large","max-video-preview":"max-video-preview:-1"},"canonical":"https:\/\/wordpress.ft.unicamp.br\/etr\/documentos\/regimento-de-graduacao\/","og_locale":"pt_BR","og_type":"article","og_title":"Regimento de Gradua\u00e7\u00e3o -","og_description":"Regimento de Gradua\u00e7\u00e3o Unicamp","og_url":"https:\/\/wordpress.ft.unicamp.br\/etr\/documentos\/regimento-de-graduacao\/","article_modified_time":"2023-08-05T18:29:26+00:00","twitter_card":"summary_large_image","twitter_misc":{"Est. tempo de leitura":"1 minuto"},"schema":{"@context":"https:\/\/schema.org","@graph":[{"@type":"WebPage","@id":"https:\/\/wordpress.ft.unicamp.br\/etr\/documentos\/regimento-de-graduacao\/","url":"https:\/\/wordpress.ft.unicamp.br\/etr\/documentos\/regimento-de-graduacao\/","name":"Regimento de Gradua\u00e7\u00e3o -","isPartOf":{"@id":"https:\/\/wordpress.ft.unicamp.br\/etr\/#website"},"datePublished":"2022-05-09T14:32:00+00:00","dateModified":"2023-08-05T18:29:26+00:00","description":"Regimento de Gradua\u00e7\u00e3o Unicamp","breadcrumb":{"@id":"https:\/\/wordpress.ft.unicamp.br\/etr\/documentos\/regimento-de-graduacao\/#breadcrumb"},"inLanguage":"pt-BR","potentialAction":[{"@type":"ReadAction","target":["https:\/\/wordpress.ft.unicamp.br\/etr\/documentos\/regimento-de-graduacao\/"]}]},{"@type":"BreadcrumbList","@id":"https:\/\/wordpress.ft.unicamp.br\/etr\/documentos\/regimento-de-graduacao\/#breadcrumb","itemListElement":[{"@type":"ListItem","position":1,"name":"Home","item":"https:\/\/wordpress.ft.unicamp.br\/etr\/"},{"@type":"ListItem","position":2,"name":"DOCUMENTOS","item":"https:\/\/wordpress.ft.unicamp.br\/etr\/documentos\/"},{"@type":"ListItem","position":3,"name":"Regimento de Gradua\u00e7\u00e3o"}]},{"@type":"WebSite","@id":"https:\/\/wordpress.ft.unicamp.br\/etr\/#website","url":"https:\/\/wordpress.ft.unicamp.br\/etr\/","name":"","description":"Faculdade de Tecnologia, UNICAMP","potentialAction":[{"@type":"SearchAction","target":{"@type":"EntryPoint","urlTemplate":"https:\/\/wordpress.ft.unicamp.br\/etr\/?s={search_term_string}"},"query-input":{"@type":"PropertyValueSpecification","valueRequired":true,"valueName":"search_term_string"}}],"inLanguage":"pt-BR"}]}},"_links":{"self":[{"href":"https:\/\/wordpress.ft.unicamp.br\/etr\/wp-json\/wp\/v2\/pages\/396","targetHints":{"allow":["GET"]}}],"collection":[{"href":"https:\/\/wordpress.ft.unicamp.br\/etr\/wp-json\/wp\/v2\/pages"}],"about":[{"href":"https:\/\/wordpress.ft.unicamp.br\/etr\/wp-json\/wp\/v2\/types\/page"}],"author":[{"embeddable":true,"href":"https:\/\/wordpress.ft.unicamp.br\/etr\/wp-json\/wp\/v2\/users\/70"}],"replies":[{"embeddable":true,"href":"https:\/\/wordpress.ft.unicamp.br\/etr\/wp-json\/wp\/v2\/comments?post=396"}],"version-history":[{"count":32,"href":"https:\/\/wordpress.ft.unicamp.br\/etr\/wp-json\/wp\/v2\/pages\/396\/revisions"}],"predecessor-version":[{"id":1080,"href":"https:\/\/wordpress.ft.unicamp.br\/etr\/wp-json\/wp\/v2\/pages\/396\/revisions\/1080"}],"up":[{"embeddable":true,"href":"https:\/\/wordpress.ft.unicamp.br\/etr\/wp-json\/wp\/v2\/pages\/351"}],"wp:attachment":[{"href":"https:\/\/wordpress.ft.unicamp.br\/etr\/wp-json\/wp\/v2\/media?parent=396"}],"curies":[{"name":"wp","href":"https:\/\/api.w.org\/{rel}","templated":true}]}}