{"id":106,"date":"2020-09-10T20:15:44","date_gmt":"2020-09-10T20:15:44","guid":{"rendered":"http:\/\/wordpress.ft.unicamp.br\/gachet\/?page_id=106"},"modified":"2020-09-10T20:15:44","modified_gmt":"2020-09-10T20:15:44","slug":"premios","status":"publish","type":"page","link":"https:\/\/wordpress.ft.unicamp.br\/gachet\/premios\/","title":{"rendered":"Pr\u00eamios"},"content":{"rendered":"\n<p><strong>2019<\/strong> &#8211; Pr\u00eamio de Reconhecimento Acad\u00eamico &#8220;Zeferino Vaz&#8221;, UNICAMP.<\/p>\n\n\n\n<p><strong>2018<\/strong> &#8211; Indica\u00e7\u00e3o pela PRP UNICAMP para Concorrer ao 15 Premio destaque de IC organizado pelo CNPq em 2018., CNPq.<\/p>\n\n\n\n<p><strong>2016<\/strong> &#8211; Homenageada na C\u00e2mara Municipal de Limeira recebendo Diploma em Homenagem ao Dia Internacional da Mulher, estando entre as 21 Limeirense de destaques no Munic\u00edpio.<\/p>\n\n\n\n<p><strong>2013 &#8211;&nbsp;<\/strong>Reconhecimento Docente pela Dedica\u00e7\u00e3o ao Ensino de Gradua\u00e7\u00e3o, UNICAMP.<\/p>\n\n\n\n<p><strong>2012 &#8211;&nbsp;<\/strong>Concurso Internacional de p\u00f4steres de Inicia\u00e7\u00e3o Cient\u00edfica, King Abdullah University of Science and Technology (Kaust), na Ar\u00e1bia Saudita.<\/p>\n\n\n\n<p><strong>2009 &#8211;&nbsp;<\/strong>Cidadania sem fronteiras, Minist\u00e9rio da Ci\u00eancia e Tecnologia e Instituto da Cidadania Brasil.<\/p>\n","protected":false},"excerpt":{"rendered":"<p>2019 &#8211; Pr\u00eamio de Reconhecimento Acad\u00eamico &#8220;Zeferino Vaz&#8221;, UNICAMP. 2018 &#8211; Indica\u00e7\u00e3o pela PRP UNICAMP para Concorrer ao 15 Premio destaque de IC organizado pelo CNPq em 2018., CNPq. 2016 &#8211; Homenageada na C\u00e2mara Municipal de Limeira recebendo Diploma em Homenagem ao Dia Internacional da Mulher, estando entre as 21 Limeirense de destaques no Munic\u00edpio. &hellip; <\/p>\n<p class=\"link-more\"><a href=\"https:\/\/wordpress.ft.unicamp.br\/gachet\/premios\/\" class=\"more-link\">Continue lendo<span class=\"screen-reader-text\"> &#8220;Pr\u00eamios&#8221;<\/span><\/a><\/p>\n","protected":false},"author":2,"featured_media":0,"parent":0,"menu_order":0,"comment_status":"closed","ping_status":"closed","template":"","meta":{"footnotes":""},"class_list":["post-106","page","type-page","status-publish","hentry"],"yoast_head":"<!-- This site is optimized with the Yoast SEO plugin v27.5 - https:\/\/yoast.com\/product\/yoast-seo-wordpress\/ -->\n<title>Pr\u00eamios - Profa. Dra Lu\u00edsa Andr\u00e9ia Gachet<\/title>\n<meta name=\"robots\" content=\"index, follow, max-snippet:-1, max-image-preview:large, max-video-preview:-1\" \/>\n<link rel=\"canonical\" href=\"https:\/\/wordpress.ft.unicamp.br\/gachet\/premios\/\" \/>\n<meta property=\"og:locale\" content=\"pt_BR\" \/>\n<meta property=\"og:type\" content=\"article\" \/>\n<meta property=\"og:title\" content=\"Pr\u00eamios - Profa. Dra Lu\u00edsa Andr\u00e9ia Gachet\" \/>\n<meta property=\"og:description\" content=\"2019 &#8211; Pr\u00eamio de Reconhecimento Acad\u00eamico &#8220;Zeferino Vaz&#8221;, UNICAMP. 2018 &#8211; Indica\u00e7\u00e3o pela PRP UNICAMP para Concorrer ao 15 Premio destaque de IC organizado pelo CNPq em 2018., CNPq. 2016 &#8211; Homenageada na C\u00e2mara Municipal de Limeira recebendo Diploma em Homenagem ao Dia Internacional da Mulher, estando entre as 21 Limeirense de destaques no Munic\u00edpio. &hellip; Continue lendo &quot;Pr\u00eamios&quot;\" \/>\n<meta property=\"og:url\" content=\"https:\/\/wordpress.ft.unicamp.br\/gachet\/premios\/\" \/>\n<meta property=\"og:site_name\" content=\"Profa. Dra Lu\u00edsa Andr\u00e9ia Gachet\" \/>\n<meta name=\"twitter:card\" content=\"summary_large_image\" \/>\n<meta name=\"twitter:label1\" content=\"Est. tempo de leitura\" \/>\n\t<meta name=\"twitter:data1\" content=\"1 minuto\" \/>\n<script type=\"application\/ld+json\" class=\"yoast-schema-graph\">{\"@context\":\"https:\\\/\\\/schema.org\",\"@graph\":[{\"@type\":\"WebPage\",\"@id\":\"https:\\\/\\\/wordpress.ft.unicamp.br\\\/gachet\\\/premios\\\/\",\"url\":\"https:\\\/\\\/wordpress.ft.unicamp.br\\\/gachet\\\/premios\\\/\",\"name\":\"Pr\u00eamios - Profa. Dra Lu\u00edsa Andr\u00e9ia Gachet\",\"isPartOf\":{\"@id\":\"https:\\\/\\\/wordpress.ft.unicamp.br\\\/gachet\\\/#website\"},\"datePublished\":\"2020-09-10T20:15:44+00:00\",\"breadcrumb\":{\"@id\":\"https:\\\/\\\/wordpress.ft.unicamp.br\\\/gachet\\\/premios\\\/#breadcrumb\"},\"inLanguage\":\"pt-BR\",\"potentialAction\":[{\"@type\":\"ReadAction\",\"target\":[\"https:\\\/\\\/wordpress.ft.unicamp.br\\\/gachet\\\/premios\\\/\"]}]},{\"@type\":\"BreadcrumbList\",\"@id\":\"https:\\\/\\\/wordpress.ft.unicamp.br\\\/gachet\\\/premios\\\/#breadcrumb\",\"itemListElement\":[{\"@type\":\"ListItem\",\"position\":1,\"name\":\"Home\",\"item\":\"https:\\\/\\\/wordpress.ft.unicamp.br\\\/gachet\\\/\"},{\"@type\":\"ListItem\",\"position\":2,\"name\":\"Pr\u00eamios\"}]},{\"@type\":\"WebSite\",\"@id\":\"https:\\\/\\\/wordpress.ft.unicamp.br\\\/gachet\\\/#website\",\"url\":\"https:\\\/\\\/wordpress.ft.unicamp.br\\\/gachet\\\/\",\"name\":\"Profa. Dra Lu\u00edsa Andr\u00e9ia Gachet\",\"description\":\"\",\"potentialAction\":[{\"@type\":\"SearchAction\",\"target\":{\"@type\":\"EntryPoint\",\"urlTemplate\":\"https:\\\/\\\/wordpress.ft.unicamp.br\\\/gachet\\\/?s={search_term_string}\"},\"query-input\":{\"@type\":\"PropertyValueSpecification\",\"valueRequired\":true,\"valueName\":\"search_term_string\"}}],\"inLanguage\":\"pt-BR\"}]}<\/script>\n<!-- \/ Yoast SEO plugin. -->","yoast_head_json":{"title":"Pr\u00eamios - Profa. Dra Lu\u00edsa Andr\u00e9ia Gachet","robots":{"index":"index","follow":"follow","max-snippet":"max-snippet:-1","max-image-preview":"max-image-preview:large","max-video-preview":"max-video-preview:-1"},"canonical":"https:\/\/wordpress.ft.unicamp.br\/gachet\/premios\/","og_locale":"pt_BR","og_type":"article","og_title":"Pr\u00eamios - Profa. Dra Lu\u00edsa Andr\u00e9ia Gachet","og_description":"2019 &#8211; Pr\u00eamio de Reconhecimento Acad\u00eamico &#8220;Zeferino Vaz&#8221;, UNICAMP. 2018 &#8211; Indica\u00e7\u00e3o pela PRP UNICAMP para Concorrer ao 15 Premio destaque de IC organizado pelo CNPq em 2018., CNPq. 2016 &#8211; Homenageada na C\u00e2mara Municipal de Limeira recebendo Diploma em Homenagem ao Dia Internacional da Mulher, estando entre as 21 Limeirense de destaques no Munic\u00edpio. &hellip; Continue lendo \"Pr\u00eamios\"","og_url":"https:\/\/wordpress.ft.unicamp.br\/gachet\/premios\/","og_site_name":"Profa. Dra Lu\u00edsa Andr\u00e9ia Gachet","twitter_card":"summary_large_image","twitter_misc":{"Est. tempo de leitura":"1 minuto"},"schema":{"@context":"https:\/\/schema.org","@graph":[{"@type":"WebPage","@id":"https:\/\/wordpress.ft.unicamp.br\/gachet\/premios\/","url":"https:\/\/wordpress.ft.unicamp.br\/gachet\/premios\/","name":"Pr\u00eamios - Profa. Dra Lu\u00edsa Andr\u00e9ia Gachet","isPartOf":{"@id":"https:\/\/wordpress.ft.unicamp.br\/gachet\/#website"},"datePublished":"2020-09-10T20:15:44+00:00","breadcrumb":{"@id":"https:\/\/wordpress.ft.unicamp.br\/gachet\/premios\/#breadcrumb"},"inLanguage":"pt-BR","potentialAction":[{"@type":"ReadAction","target":["https:\/\/wordpress.ft.unicamp.br\/gachet\/premios\/"]}]},{"@type":"BreadcrumbList","@id":"https:\/\/wordpress.ft.unicamp.br\/gachet\/premios\/#breadcrumb","itemListElement":[{"@type":"ListItem","position":1,"name":"Home","item":"https:\/\/wordpress.ft.unicamp.br\/gachet\/"},{"@type":"ListItem","position":2,"name":"Pr\u00eamios"}]},{"@type":"WebSite","@id":"https:\/\/wordpress.ft.unicamp.br\/gachet\/#website","url":"https:\/\/wordpress.ft.unicamp.br\/gachet\/","name":"Profa. Dra Lu\u00edsa Andr\u00e9ia Gachet","description":"","potentialAction":[{"@type":"SearchAction","target":{"@type":"EntryPoint","urlTemplate":"https:\/\/wordpress.ft.unicamp.br\/gachet\/?s={search_term_string}"},"query-input":{"@type":"PropertyValueSpecification","valueRequired":true,"valueName":"search_term_string"}}],"inLanguage":"pt-BR"}]}},"_links":{"self":[{"href":"https:\/\/wordpress.ft.unicamp.br\/gachet\/wp-json\/wp\/v2\/pages\/106","targetHints":{"allow":["GET"]}}],"collection":[{"href":"https:\/\/wordpress.ft.unicamp.br\/gachet\/wp-json\/wp\/v2\/pages"}],"about":[{"href":"https:\/\/wordpress.ft.unicamp.br\/gachet\/wp-json\/wp\/v2\/types\/page"}],"author":[{"embeddable":true,"href":"https:\/\/wordpress.ft.unicamp.br\/gachet\/wp-json\/wp\/v2\/users\/2"}],"replies":[{"embeddable":true,"href":"https:\/\/wordpress.ft.unicamp.br\/gachet\/wp-json\/wp\/v2\/comments?post=106"}],"version-history":[{"count":1,"href":"https:\/\/wordpress.ft.unicamp.br\/gachet\/wp-json\/wp\/v2\/pages\/106\/revisions"}],"predecessor-version":[{"id":107,"href":"https:\/\/wordpress.ft.unicamp.br\/gachet\/wp-json\/wp\/v2\/pages\/106\/revisions\/107"}],"wp:attachment":[{"href":"https:\/\/wordpress.ft.unicamp.br\/gachet\/wp-json\/wp\/v2\/media?parent=106"}],"curies":[{"name":"wp","href":"https:\/\/api.w.org\/{rel}","templated":true}]}}