{"id":70,"date":"2020-09-10T16:58:15","date_gmt":"2020-09-10T16:58:15","guid":{"rendered":"http:\/\/wordpress.ft.unicamp.br\/gachet\/?page_id=70"},"modified":"2020-09-10T20:22:51","modified_gmt":"2020-09-10T20:22:51","slug":"formacao","status":"publish","type":"page","link":"https:\/\/wordpress.ft.unicamp.br\/gachet\/formacao\/","title":{"rendered":"Forma\u00e7\u00e3o"},"content":{"rendered":"\n<p>Livre-Docencia<br>Universidade Estadual de Campinas Faculdade de Tecnologia-FT- S.P. defesa 2018<br><br>Doutora em Engenharia Civil, concentra\u00e7\u00e3o Engenharia de Estruturas pela Escola Polit\u00e9cnica da Universidade de S\u00e3o Paulo (EPUSP) S\u00e3o Paulo S.P. defesa 2002.<br><br>Mestre em Engenharia Civil, concentra\u00e7\u00e3o Engenharia de Estruturas pela Universidade Estadual de Campinas Faculdade de Engenharia Civil Campinas S.P.defesa 1997.<br><br>Engenheira Civil pela Funda\u00e7\u00e3o Municipal de Ensino, Escola de Engenharia de Piracicaba &#8211; Piracicaba S.P. 1993.<br><\/p>\n","protected":false},"excerpt":{"rendered":"<p>Livre-DocenciaUniversidade Estadual de Campinas Faculdade de Tecnologia-FT- S.P. defesa 2018 Doutora em Engenharia Civil, concentra\u00e7\u00e3o Engenharia de Estruturas pela Escola Polit\u00e9cnica da Universidade de S\u00e3o Paulo (EPUSP) S\u00e3o Paulo S.P. defesa 2002. Mestre em Engenharia Civil, concentra\u00e7\u00e3o Engenharia de Estruturas pela Universidade Estadual de Campinas Faculdade de Engenharia Civil Campinas S.P.defesa 1997. Engenheira Civil pela &hellip; <\/p>\n<p class=\"link-more\"><a href=\"https:\/\/wordpress.ft.unicamp.br\/gachet\/formacao\/\" class=\"more-link\">Continue lendo<span class=\"screen-reader-text\"> &#8220;Forma\u00e7\u00e3o&#8221;<\/span><\/a><\/p>\n","protected":false},"author":2,"featured_media":0,"parent":0,"menu_order":0,"comment_status":"closed","ping_status":"closed","template":"","meta":{"footnotes":""},"class_list":["post-70","page","type-page","status-publish","hentry"],"yoast_head":"<!-- This site is optimized with the Yoast SEO plugin v27.5 - https:\/\/yoast.com\/product\/yoast-seo-wordpress\/ -->\n<title>Forma\u00e7\u00e3o - Profa. Dra Lu\u00edsa Andr\u00e9ia Gachet<\/title>\n<meta name=\"robots\" content=\"index, follow, max-snippet:-1, max-image-preview:large, max-video-preview:-1\" \/>\n<link rel=\"canonical\" href=\"https:\/\/wordpress.ft.unicamp.br\/gachet\/formacao\/\" \/>\n<meta property=\"og:locale\" content=\"pt_BR\" \/>\n<meta property=\"og:type\" content=\"article\" \/>\n<meta property=\"og:title\" content=\"Forma\u00e7\u00e3o - Profa. Dra Lu\u00edsa Andr\u00e9ia Gachet\" \/>\n<meta property=\"og:description\" content=\"Livre-DocenciaUniversidade Estadual de Campinas Faculdade de Tecnologia-FT- S.P. defesa 2018 Doutora em Engenharia Civil, concentra\u00e7\u00e3o Engenharia de Estruturas pela Escola Polit\u00e9cnica da Universidade de S\u00e3o Paulo (EPUSP) S\u00e3o Paulo S.P. defesa 2002. Mestre em Engenharia Civil, concentra\u00e7\u00e3o Engenharia de Estruturas pela Universidade Estadual de Campinas Faculdade de Engenharia Civil Campinas S.P.defesa 1997. Engenheira Civil pela &hellip; Continue lendo &quot;Forma\u00e7\u00e3o&quot;\" \/>\n<meta property=\"og:url\" content=\"https:\/\/wordpress.ft.unicamp.br\/gachet\/formacao\/\" \/>\n<meta property=\"og:site_name\" content=\"Profa. Dra Lu\u00edsa Andr\u00e9ia Gachet\" \/>\n<meta property=\"article:modified_time\" content=\"2020-09-10T20:22:51+00:00\" \/>\n<meta name=\"twitter:card\" content=\"summary_large_image\" \/>\n<script type=\"application\/ld+json\" class=\"yoast-schema-graph\">{\"@context\":\"https:\\\/\\\/schema.org\",\"@graph\":[{\"@type\":\"WebPage\",\"@id\":\"https:\\\/\\\/wordpress.ft.unicamp.br\\\/gachet\\\/formacao\\\/\",\"url\":\"https:\\\/\\\/wordpress.ft.unicamp.br\\\/gachet\\\/formacao\\\/\",\"name\":\"Forma\u00e7\u00e3o - Profa. Dra Lu\u00edsa Andr\u00e9ia Gachet\",\"isPartOf\":{\"@id\":\"https:\\\/\\\/wordpress.ft.unicamp.br\\\/gachet\\\/#website\"},\"datePublished\":\"2020-09-10T16:58:15+00:00\",\"dateModified\":\"2020-09-10T20:22:51+00:00\",\"breadcrumb\":{\"@id\":\"https:\\\/\\\/wordpress.ft.unicamp.br\\\/gachet\\\/formacao\\\/#breadcrumb\"},\"inLanguage\":\"pt-BR\",\"potentialAction\":[{\"@type\":\"ReadAction\",\"target\":[\"https:\\\/\\\/wordpress.ft.unicamp.br\\\/gachet\\\/formacao\\\/\"]}]},{\"@type\":\"BreadcrumbList\",\"@id\":\"https:\\\/\\\/wordpress.ft.unicamp.br\\\/gachet\\\/formacao\\\/#breadcrumb\",\"itemListElement\":[{\"@type\":\"ListItem\",\"position\":1,\"name\":\"Home\",\"item\":\"https:\\\/\\\/wordpress.ft.unicamp.br\\\/gachet\\\/\"},{\"@type\":\"ListItem\",\"position\":2,\"name\":\"Forma\u00e7\u00e3o\"}]},{\"@type\":\"WebSite\",\"@id\":\"https:\\\/\\\/wordpress.ft.unicamp.br\\\/gachet\\\/#website\",\"url\":\"https:\\\/\\\/wordpress.ft.unicamp.br\\\/gachet\\\/\",\"name\":\"Profa. Dra Lu\u00edsa Andr\u00e9ia Gachet\",\"description\":\"\",\"potentialAction\":[{\"@type\":\"SearchAction\",\"target\":{\"@type\":\"EntryPoint\",\"urlTemplate\":\"https:\\\/\\\/wordpress.ft.unicamp.br\\\/gachet\\\/?s={search_term_string}\"},\"query-input\":{\"@type\":\"PropertyValueSpecification\",\"valueRequired\":true,\"valueName\":\"search_term_string\"}}],\"inLanguage\":\"pt-BR\"}]}<\/script>\n<!-- \/ Yoast SEO plugin. -->","yoast_head_json":{"title":"Forma\u00e7\u00e3o - Profa. Dra Lu\u00edsa Andr\u00e9ia Gachet","robots":{"index":"index","follow":"follow","max-snippet":"max-snippet:-1","max-image-preview":"max-image-preview:large","max-video-preview":"max-video-preview:-1"},"canonical":"https:\/\/wordpress.ft.unicamp.br\/gachet\/formacao\/","og_locale":"pt_BR","og_type":"article","og_title":"Forma\u00e7\u00e3o - Profa. Dra Lu\u00edsa Andr\u00e9ia Gachet","og_description":"Livre-DocenciaUniversidade Estadual de Campinas Faculdade de Tecnologia-FT- S.P. defesa 2018 Doutora em Engenharia Civil, concentra\u00e7\u00e3o Engenharia de Estruturas pela Escola Polit\u00e9cnica da Universidade de S\u00e3o Paulo (EPUSP) S\u00e3o Paulo S.P. defesa 2002. Mestre em Engenharia Civil, concentra\u00e7\u00e3o Engenharia de Estruturas pela Universidade Estadual de Campinas Faculdade de Engenharia Civil Campinas S.P.defesa 1997. Engenheira Civil pela &hellip; Continue lendo \"Forma\u00e7\u00e3o\"","og_url":"https:\/\/wordpress.ft.unicamp.br\/gachet\/formacao\/","og_site_name":"Profa. Dra Lu\u00edsa Andr\u00e9ia Gachet","article_modified_time":"2020-09-10T20:22:51+00:00","twitter_card":"summary_large_image","schema":{"@context":"https:\/\/schema.org","@graph":[{"@type":"WebPage","@id":"https:\/\/wordpress.ft.unicamp.br\/gachet\/formacao\/","url":"https:\/\/wordpress.ft.unicamp.br\/gachet\/formacao\/","name":"Forma\u00e7\u00e3o - Profa. Dra Lu\u00edsa Andr\u00e9ia Gachet","isPartOf":{"@id":"https:\/\/wordpress.ft.unicamp.br\/gachet\/#website"},"datePublished":"2020-09-10T16:58:15+00:00","dateModified":"2020-09-10T20:22:51+00:00","breadcrumb":{"@id":"https:\/\/wordpress.ft.unicamp.br\/gachet\/formacao\/#breadcrumb"},"inLanguage":"pt-BR","potentialAction":[{"@type":"ReadAction","target":["https:\/\/wordpress.ft.unicamp.br\/gachet\/formacao\/"]}]},{"@type":"BreadcrumbList","@id":"https:\/\/wordpress.ft.unicamp.br\/gachet\/formacao\/#breadcrumb","itemListElement":[{"@type":"ListItem","position":1,"name":"Home","item":"https:\/\/wordpress.ft.unicamp.br\/gachet\/"},{"@type":"ListItem","position":2,"name":"Forma\u00e7\u00e3o"}]},{"@type":"WebSite","@id":"https:\/\/wordpress.ft.unicamp.br\/gachet\/#website","url":"https:\/\/wordpress.ft.unicamp.br\/gachet\/","name":"Profa. Dra Lu\u00edsa Andr\u00e9ia Gachet","description":"","potentialAction":[{"@type":"SearchAction","target":{"@type":"EntryPoint","urlTemplate":"https:\/\/wordpress.ft.unicamp.br\/gachet\/?s={search_term_string}"},"query-input":{"@type":"PropertyValueSpecification","valueRequired":true,"valueName":"search_term_string"}}],"inLanguage":"pt-BR"}]}},"_links":{"self":[{"href":"https:\/\/wordpress.ft.unicamp.br\/gachet\/wp-json\/wp\/v2\/pages\/70","targetHints":{"allow":["GET"]}}],"collection":[{"href":"https:\/\/wordpress.ft.unicamp.br\/gachet\/wp-json\/wp\/v2\/pages"}],"about":[{"href":"https:\/\/wordpress.ft.unicamp.br\/gachet\/wp-json\/wp\/v2\/types\/page"}],"author":[{"embeddable":true,"href":"https:\/\/wordpress.ft.unicamp.br\/gachet\/wp-json\/wp\/v2\/users\/2"}],"replies":[{"embeddable":true,"href":"https:\/\/wordpress.ft.unicamp.br\/gachet\/wp-json\/wp\/v2\/comments?post=70"}],"version-history":[{"count":2,"href":"https:\/\/wordpress.ft.unicamp.br\/gachet\/wp-json\/wp\/v2\/pages\/70\/revisions"}],"predecessor-version":[{"id":110,"href":"https:\/\/wordpress.ft.unicamp.br\/gachet\/wp-json\/wp\/v2\/pages\/70\/revisions\/110"}],"wp:attachment":[{"href":"https:\/\/wordpress.ft.unicamp.br\/gachet\/wp-json\/wp\/v2\/media?parent=70"}],"curies":[{"name":"wp","href":"https:\/\/api.w.org\/{rel}","templated":true}]}}