{"id":76,"date":"2020-09-10T17:00:20","date_gmt":"2020-09-10T17:00:20","guid":{"rendered":"http:\/\/wordpress.ft.unicamp.br\/gachet\/?page_id=76"},"modified":"2020-09-11T20:05:53","modified_gmt":"2020-09-11T20:05:53","slug":"disciplinas","status":"publish","type":"page","link":"https:\/\/wordpress.ft.unicamp.br\/gachet\/disciplinas\/","title":{"rendered":"Disciplinas"},"content":{"rendered":"\n<p><\/p>\n\n\n\n<ul class=\"wp-block-list\"><li>FT 047 \u2013 A: Aspectos Tecnol\u00f3gicos de Mat. Constru\u00e7\u00e3o.<\/li><li>FT 042 \/ FT 044 \u2013 A: T\u00f3picos em Tecnologia para o Ambiente.<\/li><li>FT069 \u2013 T\u00f3picos em Materiais I: Argamassas e Concretos leves<\/li><li>ST729 &#8211; No\u00e7\u00f5es de Concreto protendido<\/li><li>ST727 &#8211; Concreto armado 3<\/li><li>ST304 &#8211; Materiais de Constru\u00e7\u00e3o 1<\/li><li>ST420 &#8211; Materiais de Constru\u00e7\u00e3o 2<\/li><\/ul>\n\n\n\n<p><\/p>\n","protected":false},"excerpt":{"rendered":"<p>FT 047 \u2013 A: Aspectos Tecnol\u00f3gicos de Mat. Constru\u00e7\u00e3o. FT 042 \/ FT 044 \u2013 A: T\u00f3picos em Tecnologia para o Ambiente. FT069 \u2013 T\u00f3picos em Materiais I: Argamassas e Concretos leves ST729 &#8211; No\u00e7\u00f5es de Concreto protendido ST727 &#8211; Concreto armado 3 ST304 &#8211; Materiais de Constru\u00e7\u00e3o 1 ST420 &#8211; Materiais de Constru\u00e7\u00e3o 2<\/p>\n","protected":false},"author":2,"featured_media":0,"parent":0,"menu_order":0,"comment_status":"closed","ping_status":"closed","template":"","meta":{"footnotes":""},"class_list":["post-76","page","type-page","status-publish","hentry"],"yoast_head":"<!-- This site is optimized with the Yoast SEO plugin v27.5 - https:\/\/yoast.com\/product\/yoast-seo-wordpress\/ -->\n<title>Disciplinas - Profa. Dra Lu\u00edsa Andr\u00e9ia Gachet<\/title>\n<meta name=\"robots\" content=\"index, follow, max-snippet:-1, max-image-preview:large, max-video-preview:-1\" \/>\n<link rel=\"canonical\" href=\"https:\/\/wordpress.ft.unicamp.br\/gachet\/disciplinas\/\" \/>\n<meta property=\"og:locale\" content=\"pt_BR\" \/>\n<meta property=\"og:type\" content=\"article\" \/>\n<meta property=\"og:title\" content=\"Disciplinas - Profa. Dra Lu\u00edsa Andr\u00e9ia Gachet\" \/>\n<meta property=\"og:description\" content=\"FT 047 \u2013 A: Aspectos Tecnol\u00f3gicos de Mat. Constru\u00e7\u00e3o. FT 042 \/ FT 044 \u2013 A: T\u00f3picos em Tecnologia para o Ambiente. FT069 \u2013 T\u00f3picos em Materiais I: Argamassas e Concretos leves ST729 &#8211; No\u00e7\u00f5es de Concreto protendido ST727 &#8211; Concreto armado 3 ST304 &#8211; Materiais de Constru\u00e7\u00e3o 1 ST420 &#8211; Materiais de Constru\u00e7\u00e3o 2\" \/>\n<meta property=\"og:url\" content=\"https:\/\/wordpress.ft.unicamp.br\/gachet\/disciplinas\/\" \/>\n<meta property=\"og:site_name\" content=\"Profa. Dra Lu\u00edsa Andr\u00e9ia Gachet\" \/>\n<meta property=\"article:modified_time\" content=\"2020-09-11T20:05:53+00:00\" \/>\n<meta name=\"twitter:card\" content=\"summary_large_image\" \/>\n<script type=\"application\/ld+json\" class=\"yoast-schema-graph\">{\"@context\":\"https:\\\/\\\/schema.org\",\"@graph\":[{\"@type\":\"WebPage\",\"@id\":\"https:\\\/\\\/wordpress.ft.unicamp.br\\\/gachet\\\/disciplinas\\\/\",\"url\":\"https:\\\/\\\/wordpress.ft.unicamp.br\\\/gachet\\\/disciplinas\\\/\",\"name\":\"Disciplinas - Profa. Dra Lu\u00edsa Andr\u00e9ia Gachet\",\"isPartOf\":{\"@id\":\"https:\\\/\\\/wordpress.ft.unicamp.br\\\/gachet\\\/#website\"},\"datePublished\":\"2020-09-10T17:00:20+00:00\",\"dateModified\":\"2020-09-11T20:05:53+00:00\",\"breadcrumb\":{\"@id\":\"https:\\\/\\\/wordpress.ft.unicamp.br\\\/gachet\\\/disciplinas\\\/#breadcrumb\"},\"inLanguage\":\"pt-BR\",\"potentialAction\":[{\"@type\":\"ReadAction\",\"target\":[\"https:\\\/\\\/wordpress.ft.unicamp.br\\\/gachet\\\/disciplinas\\\/\"]}]},{\"@type\":\"BreadcrumbList\",\"@id\":\"https:\\\/\\\/wordpress.ft.unicamp.br\\\/gachet\\\/disciplinas\\\/#breadcrumb\",\"itemListElement\":[{\"@type\":\"ListItem\",\"position\":1,\"name\":\"Home\",\"item\":\"https:\\\/\\\/wordpress.ft.unicamp.br\\\/gachet\\\/\"},{\"@type\":\"ListItem\",\"position\":2,\"name\":\"Disciplinas\"}]},{\"@type\":\"WebSite\",\"@id\":\"https:\\\/\\\/wordpress.ft.unicamp.br\\\/gachet\\\/#website\",\"url\":\"https:\\\/\\\/wordpress.ft.unicamp.br\\\/gachet\\\/\",\"name\":\"Profa. Dra Lu\u00edsa Andr\u00e9ia Gachet\",\"description\":\"\",\"potentialAction\":[{\"@type\":\"SearchAction\",\"target\":{\"@type\":\"EntryPoint\",\"urlTemplate\":\"https:\\\/\\\/wordpress.ft.unicamp.br\\\/gachet\\\/?s={search_term_string}\"},\"query-input\":{\"@type\":\"PropertyValueSpecification\",\"valueRequired\":true,\"valueName\":\"search_term_string\"}}],\"inLanguage\":\"pt-BR\"}]}<\/script>\n<!-- \/ Yoast SEO plugin. -->","yoast_head_json":{"title":"Disciplinas - Profa. Dra Lu\u00edsa Andr\u00e9ia Gachet","robots":{"index":"index","follow":"follow","max-snippet":"max-snippet:-1","max-image-preview":"max-image-preview:large","max-video-preview":"max-video-preview:-1"},"canonical":"https:\/\/wordpress.ft.unicamp.br\/gachet\/disciplinas\/","og_locale":"pt_BR","og_type":"article","og_title":"Disciplinas - Profa. Dra Lu\u00edsa Andr\u00e9ia Gachet","og_description":"FT 047 \u2013 A: Aspectos Tecnol\u00f3gicos de Mat. Constru\u00e7\u00e3o. FT 042 \/ FT 044 \u2013 A: T\u00f3picos em Tecnologia para o Ambiente. FT069 \u2013 T\u00f3picos em Materiais I: Argamassas e Concretos leves ST729 &#8211; No\u00e7\u00f5es de Concreto protendido ST727 &#8211; Concreto armado 3 ST304 &#8211; Materiais de Constru\u00e7\u00e3o 1 ST420 &#8211; Materiais de Constru\u00e7\u00e3o 2","og_url":"https:\/\/wordpress.ft.unicamp.br\/gachet\/disciplinas\/","og_site_name":"Profa. Dra Lu\u00edsa Andr\u00e9ia Gachet","article_modified_time":"2020-09-11T20:05:53+00:00","twitter_card":"summary_large_image","schema":{"@context":"https:\/\/schema.org","@graph":[{"@type":"WebPage","@id":"https:\/\/wordpress.ft.unicamp.br\/gachet\/disciplinas\/","url":"https:\/\/wordpress.ft.unicamp.br\/gachet\/disciplinas\/","name":"Disciplinas - Profa. Dra Lu\u00edsa Andr\u00e9ia Gachet","isPartOf":{"@id":"https:\/\/wordpress.ft.unicamp.br\/gachet\/#website"},"datePublished":"2020-09-10T17:00:20+00:00","dateModified":"2020-09-11T20:05:53+00:00","breadcrumb":{"@id":"https:\/\/wordpress.ft.unicamp.br\/gachet\/disciplinas\/#breadcrumb"},"inLanguage":"pt-BR","potentialAction":[{"@type":"ReadAction","target":["https:\/\/wordpress.ft.unicamp.br\/gachet\/disciplinas\/"]}]},{"@type":"BreadcrumbList","@id":"https:\/\/wordpress.ft.unicamp.br\/gachet\/disciplinas\/#breadcrumb","itemListElement":[{"@type":"ListItem","position":1,"name":"Home","item":"https:\/\/wordpress.ft.unicamp.br\/gachet\/"},{"@type":"ListItem","position":2,"name":"Disciplinas"}]},{"@type":"WebSite","@id":"https:\/\/wordpress.ft.unicamp.br\/gachet\/#website","url":"https:\/\/wordpress.ft.unicamp.br\/gachet\/","name":"Profa. Dra Lu\u00edsa Andr\u00e9ia Gachet","description":"","potentialAction":[{"@type":"SearchAction","target":{"@type":"EntryPoint","urlTemplate":"https:\/\/wordpress.ft.unicamp.br\/gachet\/?s={search_term_string}"},"query-input":{"@type":"PropertyValueSpecification","valueRequired":true,"valueName":"search_term_string"}}],"inLanguage":"pt-BR"}]}},"_links":{"self":[{"href":"https:\/\/wordpress.ft.unicamp.br\/gachet\/wp-json\/wp\/v2\/pages\/76","targetHints":{"allow":["GET"]}}],"collection":[{"href":"https:\/\/wordpress.ft.unicamp.br\/gachet\/wp-json\/wp\/v2\/pages"}],"about":[{"href":"https:\/\/wordpress.ft.unicamp.br\/gachet\/wp-json\/wp\/v2\/types\/page"}],"author":[{"embeddable":true,"href":"https:\/\/wordpress.ft.unicamp.br\/gachet\/wp-json\/wp\/v2\/users\/2"}],"replies":[{"embeddable":true,"href":"https:\/\/wordpress.ft.unicamp.br\/gachet\/wp-json\/wp\/v2\/comments?post=76"}],"version-history":[{"count":4,"href":"https:\/\/wordpress.ft.unicamp.br\/gachet\/wp-json\/wp\/v2\/pages\/76\/revisions"}],"predecessor-version":[{"id":184,"href":"https:\/\/wordpress.ft.unicamp.br\/gachet\/wp-json\/wp\/v2\/pages\/76\/revisions\/184"}],"wp:attachment":[{"href":"https:\/\/wordpress.ft.unicamp.br\/gachet\/wp-json\/wp\/v2\/media?parent=76"}],"curies":[{"name":"wp","href":"https:\/\/api.w.org\/{rel}","templated":true}]}}