{"id":12,"date":"2019-11-06T14:29:48","date_gmt":"2019-11-06T14:29:48","guid":{"rendered":"http:\/\/wordpress.ft.unicamp.br\/gallep\/?page_id=12"},"modified":"2019-11-06T14:29:48","modified_gmt":"2019-11-06T14:29:48","slug":"disciplinas","status":"publish","type":"page","link":"https:\/\/wordpress.ft.unicamp.br\/gallep\/disciplinas\/","title":{"rendered":"Disciplinas"},"content":{"rendered":"\n<ul class=\"wp-block-list\"><li>TT216_ST00 &#8211; Met. Tr. Cient\u00edfico&nbsp;&nbsp;<a href=\"https:\/\/www.ft.unicamp.br\/webdidat\/matdidat.php?cod=TT216_ST00&amp;nome=Cristiano+de+Mello+Gallep\" target=\"_blank\" rel=\"noreferrer noopener\">Material Did\u00e1tico<\/a><\/li><li>TT702 &#8211; Com. \u00d3pticas&nbsp;&nbsp;<a href=\"https:\/\/www.ft.unicamp.br\/webdidat\/matdidat.php?cod=TT702&amp;nome=Cristiano+de+Mello+Gallep\" target=\"_blank\" rel=\"noreferrer noopener\">Material Did\u00e1tico<\/a>&nbsp;&nbsp;&nbsp;<a href=\"https:\/\/www.ft.unicamp.br\/webdidat\/links.php?cod=TT702&amp;nome=Cristiano+de+Mello+Gallep\" target=\"_blank\" rel=\"noreferrer noopener\">Links<\/a><\/li><li>TT708 &#8211; Disp. Fotonicos&nbsp;&nbsp;<a href=\"https:\/\/www.ft.unicamp.br\/webdidat\/matdidat.php?cod=TT708&amp;nome=Cristiano+de+Mello+Gallep\" target=\"_blank\" rel=\"noreferrer noopener\">Material Did\u00e1tico<\/a><\/li><li>TT213EB204 &#8211; labFis_2&nbsp;&nbsp;<a href=\"https:\/\/www.ft.unicamp.br\/webdidat\/matdidat.php?cod=TT213EB204&amp;nome=Cristiano+de+Mello+Gallep\" target=\"_blank\" rel=\"noreferrer noopener\">Material Did\u00e1tico<\/a><\/li><li>EB104_TT11 &#8211; Lab.Fis.1&nbsp;&nbsp;<a href=\"https:\/\/www.ft.unicamp.br\/webdidat\/matdidat.php?cod=EB104_TT11&amp;nome=Cristiano+de+Mello+Gallep\" target=\"_blank\" rel=\"noreferrer noopener\">Material Did\u00e1tico<\/a><\/li><\/ul>\n","protected":false},"excerpt":{"rendered":"<p>TT216_ST00 &#8211; Met. Tr. Cient\u00edfico&nbsp;&nbsp;Material Did\u00e1tico TT702 &#8211; Com. \u00d3pticas&nbsp;&nbsp;Material Did\u00e1tico&nbsp;&nbsp;&nbsp;Links TT708 &#8211; Disp. Fotonicos&nbsp;&nbsp;Material Did\u00e1tico TT213EB204 &#8211; labFis_2&nbsp;&nbsp;Material Did\u00e1tico EB104_TT11 &#8211; Lab.Fis.1&nbsp;&nbsp;Material Did\u00e1tico<\/p>\n","protected":false},"author":1,"featured_media":0,"parent":0,"menu_order":0,"comment_status":"closed","ping_status":"closed","template":"","meta":{"footnotes":""},"class_list":["post-12","page","type-page","status-publish","hentry"],"yoast_head":"<!-- This site is optimized with the Yoast SEO plugin v27.5 - https:\/\/yoast.com\/product\/yoast-seo-wordpress\/ -->\n<title>Disciplinas - Prof. Dr. Cristiano Gallep<\/title>\n<meta name=\"robots\" content=\"index, follow, max-snippet:-1, max-image-preview:large, max-video-preview:-1\" \/>\n<link rel=\"canonical\" href=\"https:\/\/wordpress.ft.unicamp.br\/gallep\/disciplinas\/\" \/>\n<meta property=\"og:locale\" content=\"pt_BR\" \/>\n<meta property=\"og:type\" content=\"article\" \/>\n<meta property=\"og:title\" content=\"Disciplinas - Prof. Dr. Cristiano Gallep\" \/>\n<meta property=\"og:description\" content=\"TT216_ST00 &#8211; Met. Tr. Cient\u00edfico&nbsp;&nbsp;Material Did\u00e1tico TT702 &#8211; Com. \u00d3pticas&nbsp;&nbsp;Material Did\u00e1tico&nbsp;&nbsp;&nbsp;Links TT708 &#8211; Disp. Fotonicos&nbsp;&nbsp;Material Did\u00e1tico TT213EB204 &#8211; labFis_2&nbsp;&nbsp;Material Did\u00e1tico EB104_TT11 &#8211; Lab.Fis.1&nbsp;&nbsp;Material Did\u00e1tico\" \/>\n<meta property=\"og:url\" content=\"https:\/\/wordpress.ft.unicamp.br\/gallep\/disciplinas\/\" \/>\n<meta property=\"og:site_name\" content=\"Prof. Dr. Cristiano Gallep\" \/>\n<meta name=\"twitter:card\" content=\"summary_large_image\" \/>\n<script type=\"application\/ld+json\" class=\"yoast-schema-graph\">{\"@context\":\"https:\\\/\\\/schema.org\",\"@graph\":[{\"@type\":\"WebPage\",\"@id\":\"https:\\\/\\\/wordpress.ft.unicamp.br\\\/gallep\\\/disciplinas\\\/\",\"url\":\"https:\\\/\\\/wordpress.ft.unicamp.br\\\/gallep\\\/disciplinas\\\/\",\"name\":\"Disciplinas - Prof. Dr. Cristiano Gallep\",\"isPartOf\":{\"@id\":\"https:\\\/\\\/wordpress.ft.unicamp.br\\\/gallep\\\/#website\"},\"datePublished\":\"2019-11-06T14:29:48+00:00\",\"breadcrumb\":{\"@id\":\"https:\\\/\\\/wordpress.ft.unicamp.br\\\/gallep\\\/disciplinas\\\/#breadcrumb\"},\"inLanguage\":\"pt-BR\",\"potentialAction\":[{\"@type\":\"ReadAction\",\"target\":[\"https:\\\/\\\/wordpress.ft.unicamp.br\\\/gallep\\\/disciplinas\\\/\"]}]},{\"@type\":\"BreadcrumbList\",\"@id\":\"https:\\\/\\\/wordpress.ft.unicamp.br\\\/gallep\\\/disciplinas\\\/#breadcrumb\",\"itemListElement\":[{\"@type\":\"ListItem\",\"position\":1,\"name\":\"Home\",\"item\":\"https:\\\/\\\/wordpress.ft.unicamp.br\\\/gallep\\\/\"},{\"@type\":\"ListItem\",\"position\":2,\"name\":\"Disciplinas\"}]},{\"@type\":\"WebSite\",\"@id\":\"https:\\\/\\\/wordpress.ft.unicamp.br\\\/gallep\\\/#website\",\"url\":\"https:\\\/\\\/wordpress.ft.unicamp.br\\\/gallep\\\/\",\"name\":\"Prof. Dr. Cristiano Gallep\",\"description\":\"Professor Doutor II - MS3.2 RDIDP\",\"potentialAction\":[{\"@type\":\"SearchAction\",\"target\":{\"@type\":\"EntryPoint\",\"urlTemplate\":\"https:\\\/\\\/wordpress.ft.unicamp.br\\\/gallep\\\/?s={search_term_string}\"},\"query-input\":{\"@type\":\"PropertyValueSpecification\",\"valueRequired\":true,\"valueName\":\"search_term_string\"}}],\"inLanguage\":\"pt-BR\"}]}<\/script>\n<!-- \/ Yoast SEO plugin. -->","yoast_head_json":{"title":"Disciplinas - Prof. Dr. Cristiano Gallep","robots":{"index":"index","follow":"follow","max-snippet":"max-snippet:-1","max-image-preview":"max-image-preview:large","max-video-preview":"max-video-preview:-1"},"canonical":"https:\/\/wordpress.ft.unicamp.br\/gallep\/disciplinas\/","og_locale":"pt_BR","og_type":"article","og_title":"Disciplinas - Prof. Dr. Cristiano Gallep","og_description":"TT216_ST00 &#8211; Met. Tr. Cient\u00edfico&nbsp;&nbsp;Material Did\u00e1tico TT702 &#8211; Com. \u00d3pticas&nbsp;&nbsp;Material Did\u00e1tico&nbsp;&nbsp;&nbsp;Links TT708 &#8211; Disp. Fotonicos&nbsp;&nbsp;Material Did\u00e1tico TT213EB204 &#8211; labFis_2&nbsp;&nbsp;Material Did\u00e1tico EB104_TT11 &#8211; Lab.Fis.1&nbsp;&nbsp;Material Did\u00e1tico","og_url":"https:\/\/wordpress.ft.unicamp.br\/gallep\/disciplinas\/","og_site_name":"Prof. Dr. Cristiano Gallep","twitter_card":"summary_large_image","schema":{"@context":"https:\/\/schema.org","@graph":[{"@type":"WebPage","@id":"https:\/\/wordpress.ft.unicamp.br\/gallep\/disciplinas\/","url":"https:\/\/wordpress.ft.unicamp.br\/gallep\/disciplinas\/","name":"Disciplinas - Prof. Dr. Cristiano Gallep","isPartOf":{"@id":"https:\/\/wordpress.ft.unicamp.br\/gallep\/#website"},"datePublished":"2019-11-06T14:29:48+00:00","breadcrumb":{"@id":"https:\/\/wordpress.ft.unicamp.br\/gallep\/disciplinas\/#breadcrumb"},"inLanguage":"pt-BR","potentialAction":[{"@type":"ReadAction","target":["https:\/\/wordpress.ft.unicamp.br\/gallep\/disciplinas\/"]}]},{"@type":"BreadcrumbList","@id":"https:\/\/wordpress.ft.unicamp.br\/gallep\/disciplinas\/#breadcrumb","itemListElement":[{"@type":"ListItem","position":1,"name":"Home","item":"https:\/\/wordpress.ft.unicamp.br\/gallep\/"},{"@type":"ListItem","position":2,"name":"Disciplinas"}]},{"@type":"WebSite","@id":"https:\/\/wordpress.ft.unicamp.br\/gallep\/#website","url":"https:\/\/wordpress.ft.unicamp.br\/gallep\/","name":"Prof. Dr. Cristiano Gallep","description":"Professor Doutor II - MS3.2 RDIDP","potentialAction":[{"@type":"SearchAction","target":{"@type":"EntryPoint","urlTemplate":"https:\/\/wordpress.ft.unicamp.br\/gallep\/?s={search_term_string}"},"query-input":{"@type":"PropertyValueSpecification","valueRequired":true,"valueName":"search_term_string"}}],"inLanguage":"pt-BR"}]}},"_links":{"self":[{"href":"https:\/\/wordpress.ft.unicamp.br\/gallep\/wp-json\/wp\/v2\/pages\/12","targetHints":{"allow":["GET"]}}],"collection":[{"href":"https:\/\/wordpress.ft.unicamp.br\/gallep\/wp-json\/wp\/v2\/pages"}],"about":[{"href":"https:\/\/wordpress.ft.unicamp.br\/gallep\/wp-json\/wp\/v2\/types\/page"}],"author":[{"embeddable":true,"href":"https:\/\/wordpress.ft.unicamp.br\/gallep\/wp-json\/wp\/v2\/users\/1"}],"replies":[{"embeddable":true,"href":"https:\/\/wordpress.ft.unicamp.br\/gallep\/wp-json\/wp\/v2\/comments?post=12"}],"version-history":[{"count":1,"href":"https:\/\/wordpress.ft.unicamp.br\/gallep\/wp-json\/wp\/v2\/pages\/12\/revisions"}],"predecessor-version":[{"id":13,"href":"https:\/\/wordpress.ft.unicamp.br\/gallep\/wp-json\/wp\/v2\/pages\/12\/revisions\/13"}],"wp:attachment":[{"href":"https:\/\/wordpress.ft.unicamp.br\/gallep\/wp-json\/wp\/v2\/media?parent=12"}],"curies":[{"name":"wp","href":"https:\/\/api.w.org\/{rel}","templated":true}]}}