{"id":6,"date":"2019-11-06T14:27:57","date_gmt":"2019-11-06T14:27:57","guid":{"rendered":"http:\/\/wordpress.ft.unicamp.br\/gallep\/?page_id=6"},"modified":"2019-11-06T14:27:57","modified_gmt":"2019-11-06T14:27:57","slug":"home","status":"publish","type":"page","link":"https:\/\/wordpress.ft.unicamp.br\/gallep\/","title":{"rendered":"Home"},"content":{"rendered":"\n<p><strong>1989\/1992 &#8211; T\u00e9cnico em Eletrot\u00e9cnica, ETE &#8220;Rubens de Faria e Souza&#8221;, Sorocaba\/SP<br>1993\/1997 &#8211; Engenheiro El\u00e9trico, \u00eanfase em Telecomunica\u00e7\u00f5es &#8211; FEEC\/Unicamp &#8211; SP<br>1998\/1999 &#8211; Mestre em Eng. El\u00e9trica, Optoeletr\u00f4nica &#8211; DMO\/FEEC\/Unicamp &#8211; SP<br>1999\/2003 &#8211; Doutor em Eng. El\u00e9trica, Optoeletr\u00f4nica &#8211; DMO\/FEEC\/Unicamp<br>2003\/2004 &#8211; pesquisador colaborador DMO\/FEEC (p\u00f3s-doutor)<br>2004 &#8211; professor colaborador DMO\/FEEC<br>2009\/2010 &#8211; p\u00f3s-doc Univ. T\u00e9cnica de Eindhoven<br><br>1997 &#8211; Capoeira Angola, SJA (n\u00facleo Limeira)<br>1993-1996 Capoeira Regional CDO<br><br><br><\/strong>E-Mail:&nbsp;<a href=\"mailto:gallep@ft.unicamp.br\">gallep@ft.unicamp.br<\/a><br>Telefone: (19) 2113-3492\n\n<\/p>\n","protected":false},"excerpt":{"rendered":"<p>1989\/1992 &#8211; T\u00e9cnico em Eletrot\u00e9cnica, ETE &#8220;Rubens de Faria e Souza&#8221;, Sorocaba\/SP1993\/1997 &#8211; Engenheiro El\u00e9trico, \u00eanfase em Telecomunica\u00e7\u00f5es &#8211; FEEC\/Unicamp &#8211; SP1998\/1999 &#8211; Mestre em Eng. El\u00e9trica, Optoeletr\u00f4nica &#8211; DMO\/FEEC\/Unicamp &#8211; SP1999\/2003 &#8211; Doutor em Eng. El\u00e9trica, Optoeletr\u00f4nica &#8211; DMO\/FEEC\/Unicamp2003\/2004 &hellip; <a href=\"https:\/\/wordpress.ft.unicamp.br\/gallep\/\">Continue lendo <span class=\"meta-nav\">&rarr;<\/span><\/a><\/p>\n","protected":false},"author":1,"featured_media":0,"parent":0,"menu_order":0,"comment_status":"closed","ping_status":"closed","template":"","meta":{"footnotes":""},"class_list":["post-6","page","type-page","status-publish","hentry"],"yoast_head":"<!-- This site is optimized with the Yoast SEO plugin v27.5 - https:\/\/yoast.com\/product\/yoast-seo-wordpress\/ -->\n<title>Home - Prof. Dr. Cristiano Gallep<\/title>\n<meta name=\"robots\" content=\"index, follow, max-snippet:-1, max-image-preview:large, max-video-preview:-1\" \/>\n<link rel=\"canonical\" href=\"https:\/\/wordpress.ft.unicamp.br\/gallep\/\" \/>\n<meta property=\"og:locale\" content=\"pt_BR\" \/>\n<meta property=\"og:type\" content=\"article\" \/>\n<meta property=\"og:title\" content=\"Home - Prof. Dr. Cristiano Gallep\" \/>\n<meta property=\"og:description\" content=\"1989\/1992 &#8211; T\u00e9cnico em Eletrot\u00e9cnica, ETE &#8220;Rubens de Faria e Souza&#8221;, Sorocaba\/SP1993\/1997 &#8211; Engenheiro El\u00e9trico, \u00eanfase em Telecomunica\u00e7\u00f5es &#8211; FEEC\/Unicamp &#8211; SP1998\/1999 &#8211; Mestre em Eng. El\u00e9trica, Optoeletr\u00f4nica &#8211; DMO\/FEEC\/Unicamp &#8211; SP1999\/2003 &#8211; Doutor em Eng. El\u00e9trica, Optoeletr\u00f4nica &#8211; DMO\/FEEC\/Unicamp2003\/2004 &hellip; Continue lendo &rarr;\" \/>\n<meta property=\"og:url\" content=\"https:\/\/wordpress.ft.unicamp.br\/gallep\/\" \/>\n<meta property=\"og:site_name\" content=\"Prof. Dr. Cristiano Gallep\" \/>\n<meta name=\"twitter:card\" content=\"summary_large_image\" \/>\n<script type=\"application\/ld+json\" class=\"yoast-schema-graph\">{\"@context\":\"https:\\\/\\\/schema.org\",\"@graph\":[{\"@type\":\"WebPage\",\"@id\":\"https:\\\/\\\/wordpress.ft.unicamp.br\\\/gallep\\\/\",\"url\":\"https:\\\/\\\/wordpress.ft.unicamp.br\\\/gallep\\\/\",\"name\":\"Home - Prof. Dr. Cristiano Gallep\",\"isPartOf\":{\"@id\":\"https:\\\/\\\/wordpress.ft.unicamp.br\\\/gallep\\\/#website\"},\"datePublished\":\"2019-11-06T14:27:57+00:00\",\"breadcrumb\":{\"@id\":\"https:\\\/\\\/wordpress.ft.unicamp.br\\\/gallep\\\/#breadcrumb\"},\"inLanguage\":\"pt-BR\",\"potentialAction\":[{\"@type\":\"ReadAction\",\"target\":[\"https:\\\/\\\/wordpress.ft.unicamp.br\\\/gallep\\\/\"]}]},{\"@type\":\"BreadcrumbList\",\"@id\":\"https:\\\/\\\/wordpress.ft.unicamp.br\\\/gallep\\\/#breadcrumb\",\"itemListElement\":[{\"@type\":\"ListItem\",\"position\":1,\"name\":\"Home\",\"item\":\"https:\\\/\\\/wordpress.ft.unicamp.br\\\/gallep\\\/\"},{\"@type\":\"ListItem\",\"position\":2,\"name\":\"Home\"}]},{\"@type\":\"WebSite\",\"@id\":\"https:\\\/\\\/wordpress.ft.unicamp.br\\\/gallep\\\/#website\",\"url\":\"https:\\\/\\\/wordpress.ft.unicamp.br\\\/gallep\\\/\",\"name\":\"Prof. Dr. Cristiano Gallep\",\"description\":\"Professor Doutor II - MS3.2 RDIDP\",\"potentialAction\":[{\"@type\":\"SearchAction\",\"target\":{\"@type\":\"EntryPoint\",\"urlTemplate\":\"https:\\\/\\\/wordpress.ft.unicamp.br\\\/gallep\\\/?s={search_term_string}\"},\"query-input\":{\"@type\":\"PropertyValueSpecification\",\"valueRequired\":true,\"valueName\":\"search_term_string\"}}],\"inLanguage\":\"pt-BR\"}]}<\/script>\n<!-- \/ Yoast SEO plugin. -->","yoast_head_json":{"title":"Home - Prof. Dr. Cristiano Gallep","robots":{"index":"index","follow":"follow","max-snippet":"max-snippet:-1","max-image-preview":"max-image-preview:large","max-video-preview":"max-video-preview:-1"},"canonical":"https:\/\/wordpress.ft.unicamp.br\/gallep\/","og_locale":"pt_BR","og_type":"article","og_title":"Home - Prof. Dr. Cristiano Gallep","og_description":"1989\/1992 &#8211; T\u00e9cnico em Eletrot\u00e9cnica, ETE &#8220;Rubens de Faria e Souza&#8221;, Sorocaba\/SP1993\/1997 &#8211; Engenheiro El\u00e9trico, \u00eanfase em Telecomunica\u00e7\u00f5es &#8211; FEEC\/Unicamp &#8211; SP1998\/1999 &#8211; Mestre em Eng. El\u00e9trica, Optoeletr\u00f4nica &#8211; DMO\/FEEC\/Unicamp &#8211; SP1999\/2003 &#8211; Doutor em Eng. El\u00e9trica, Optoeletr\u00f4nica &#8211; DMO\/FEEC\/Unicamp2003\/2004 &hellip; Continue lendo &rarr;","og_url":"https:\/\/wordpress.ft.unicamp.br\/gallep\/","og_site_name":"Prof. Dr. Cristiano Gallep","twitter_card":"summary_large_image","schema":{"@context":"https:\/\/schema.org","@graph":[{"@type":"WebPage","@id":"https:\/\/wordpress.ft.unicamp.br\/gallep\/","url":"https:\/\/wordpress.ft.unicamp.br\/gallep\/","name":"Home - Prof. Dr. Cristiano Gallep","isPartOf":{"@id":"https:\/\/wordpress.ft.unicamp.br\/gallep\/#website"},"datePublished":"2019-11-06T14:27:57+00:00","breadcrumb":{"@id":"https:\/\/wordpress.ft.unicamp.br\/gallep\/#breadcrumb"},"inLanguage":"pt-BR","potentialAction":[{"@type":"ReadAction","target":["https:\/\/wordpress.ft.unicamp.br\/gallep\/"]}]},{"@type":"BreadcrumbList","@id":"https:\/\/wordpress.ft.unicamp.br\/gallep\/#breadcrumb","itemListElement":[{"@type":"ListItem","position":1,"name":"Home","item":"https:\/\/wordpress.ft.unicamp.br\/gallep\/"},{"@type":"ListItem","position":2,"name":"Home"}]},{"@type":"WebSite","@id":"https:\/\/wordpress.ft.unicamp.br\/gallep\/#website","url":"https:\/\/wordpress.ft.unicamp.br\/gallep\/","name":"Prof. Dr. Cristiano Gallep","description":"Professor Doutor II - MS3.2 RDIDP","potentialAction":[{"@type":"SearchAction","target":{"@type":"EntryPoint","urlTemplate":"https:\/\/wordpress.ft.unicamp.br\/gallep\/?s={search_term_string}"},"query-input":{"@type":"PropertyValueSpecification","valueRequired":true,"valueName":"search_term_string"}}],"inLanguage":"pt-BR"}]}},"_links":{"self":[{"href":"https:\/\/wordpress.ft.unicamp.br\/gallep\/wp-json\/wp\/v2\/pages\/6","targetHints":{"allow":["GET"]}}],"collection":[{"href":"https:\/\/wordpress.ft.unicamp.br\/gallep\/wp-json\/wp\/v2\/pages"}],"about":[{"href":"https:\/\/wordpress.ft.unicamp.br\/gallep\/wp-json\/wp\/v2\/types\/page"}],"author":[{"embeddable":true,"href":"https:\/\/wordpress.ft.unicamp.br\/gallep\/wp-json\/wp\/v2\/users\/1"}],"replies":[{"embeddable":true,"href":"https:\/\/wordpress.ft.unicamp.br\/gallep\/wp-json\/wp\/v2\/comments?post=6"}],"version-history":[{"count":1,"href":"https:\/\/wordpress.ft.unicamp.br\/gallep\/wp-json\/wp\/v2\/pages\/6\/revisions"}],"predecessor-version":[{"id":7,"href":"https:\/\/wordpress.ft.unicamp.br\/gallep\/wp-json\/wp\/v2\/pages\/6\/revisions\/7"}],"wp:attachment":[{"href":"https:\/\/wordpress.ft.unicamp.br\/gallep\/wp-json\/wp\/v2\/media?parent=6"}],"curies":[{"name":"wp","href":"https:\/\/api.w.org\/{rel}","templated":true}]}}