{"id":21,"date":"2017-09-06T16:28:04","date_gmt":"2017-09-06T16:28:04","guid":{"rendered":"http:\/\/wordpress.ft.unicamp.br\/gotas\/?page_id=21"},"modified":"2022-08-17T01:51:15","modified_gmt":"2022-08-17T01:51:15","slug":"home","status":"publish","type":"page","link":"https:\/\/wordpress.ft.unicamp.br\/gotas\/","title":{"rendered":"Sejam bem vindos ao site do GOTAS!"},"content":{"rendered":"<p><img fetchpriority=\"high\" decoding=\"async\" class=\"size-medium wp-image-125 aligncenter\" src=\"http:\/\/wordpress.ft.unicamp.br\/gotas\/wp-content\/uploads\/sites\/35\/2017\/09\/Frontal-GOTAS-1-300x169.jpeg\" alt=\"\" width=\"300\" height=\"169\" srcset=\"https:\/\/wordpress.ft.unicamp.br\/gotas\/wp-content\/uploads\/sites\/35\/2017\/09\/Frontal-GOTAS-1-300x169.jpeg 300w, https:\/\/wordpress.ft.unicamp.br\/gotas\/wp-content\/uploads\/sites\/35\/2017\/09\/Frontal-GOTAS-1-768x432.jpeg 768w, https:\/\/wordpress.ft.unicamp.br\/gotas\/wp-content\/uploads\/sites\/35\/2017\/09\/Frontal-GOTAS-1-1024x576.jpeg 1024w, https:\/\/wordpress.ft.unicamp.br\/gotas\/wp-content\/uploads\/sites\/35\/2017\/09\/Frontal-GOTAS-1-500x281.jpeg 500w, https:\/\/wordpress.ft.unicamp.br\/gotas\/wp-content\/uploads\/sites\/35\/2017\/09\/Frontal-GOTAS-1.jpeg 1280w\" sizes=\"(max-width: 300px) 100vw, 300px\" \/><\/p>\n<p style=\"text-align: center\"><a href=\"http:\/\/wordpress.ft.unicamp.br\/gotas\/home\/folder-ft-pt-2017-menor\/\" rel=\"attachment wp-att-164\"><img decoding=\"async\" class=\"alignnone size-medium wp-image-164\" src=\"http:\/\/wordpress.ft.unicamp.br\/gotas\/wp-content\/uploads\/sites\/35\/2017\/11\/Folder-FT-PT-2017-menor-222x300.jpg\" alt=\"\" width=\"222\" height=\"300\" srcset=\"https:\/\/wordpress.ft.unicamp.br\/gotas\/wp-content\/uploads\/sites\/35\/2017\/11\/Folder-FT-PT-2017-menor-222x300.jpg 222w, https:\/\/wordpress.ft.unicamp.br\/gotas\/wp-content\/uploads\/sites\/35\/2017\/11\/Folder-FT-PT-2017-menor-768x1036.jpg 768w, https:\/\/wordpress.ft.unicamp.br\/gotas\/wp-content\/uploads\/sites\/35\/2017\/11\/Folder-FT-PT-2017-menor-759x1024.jpg 759w, https:\/\/wordpress.ft.unicamp.br\/gotas\/wp-content\/uploads\/sites\/35\/2017\/11\/Folder-FT-PT-2017-menor.jpg 1460w\" sizes=\"(max-width: 222px) 100vw, 222px\" \/><\/a><\/p>\n<p>Endere\u00e7o: <span style=\"font-size: revert\">Rua Paschoal Marmo, 1888 &#8211; Jd. Nova It\u00e1lia. CEP: 13484-332, Limeira-SP (Brasil).\u00a0 Tel.: +55 19 2113-3459\u00a0 \/ GPS: -22.5608 S; -47.4242 O<\/span><\/p>\n","protected":false},"excerpt":{"rendered":"<p>Endere\u00e7o: Rua Paschoal Marmo, 1888 &#8211; Jd. Nova It\u00e1lia. CEP: 13484-332, Limeira-SP (Brasil).\u00a0 Tel.: +55 19 2113-3459\u00a0 \/ GPS: -22.5608 S; -47.4242 O<\/p>\n","protected":false},"author":1,"featured_media":0,"parent":0,"menu_order":0,"comment_status":"closed","ping_status":"closed","template":"","meta":{"footnotes":""},"class_list":["post-21","page","type-page","status-publish","hentry"],"yoast_head":"<!-- This site is optimized with the Yoast SEO plugin v27.3 - https:\/\/yoast.com\/product\/yoast-seo-wordpress\/ -->\n<title>Sejam bem vindos ao site do GOTAS! - GOTAS<\/title>\n<meta name=\"robots\" content=\"index, follow, max-snippet:-1, max-image-preview:large, max-video-preview:-1\" \/>\n<link rel=\"canonical\" href=\"https:\/\/wordpress.ft.unicamp.br\/gotas\/\" \/>\n<meta property=\"og:locale\" content=\"pt_BR\" \/>\n<meta property=\"og:type\" content=\"article\" \/>\n<meta property=\"og:title\" content=\"Sejam bem vindos ao site do GOTAS! - GOTAS\" \/>\n<meta property=\"og:description\" content=\"Endere\u00e7o: Rua Paschoal Marmo, 1888 &#8211; Jd. Nova It\u00e1lia. CEP: 13484-332, Limeira-SP (Brasil).\u00a0 Tel.: +55 19 2113-3459\u00a0 \/ GPS: -22.5608 S; -47.4242 O\" \/>\n<meta property=\"og:url\" content=\"https:\/\/wordpress.ft.unicamp.br\/gotas\/\" \/>\n<meta property=\"og:site_name\" content=\"GOTAS\" \/>\n<meta property=\"article:modified_time\" content=\"2022-08-17T01:51:15+00:00\" \/>\n<meta property=\"og:image\" content=\"http:\/\/wordpress.ft.unicamp.br\/gotas\/wp-content\/uploads\/sites\/35\/2017\/09\/Frontal-GOTAS-1-300x169.jpeg\" \/>\n<meta name=\"twitter:card\" content=\"summary_large_image\" \/>\n<meta name=\"twitter:label1\" content=\"Est. tempo de leitura\" \/>\n\t<meta name=\"twitter:data1\" content=\"1 minuto\" \/>\n<script type=\"application\/ld+json\" class=\"yoast-schema-graph\">{\"@context\":\"https:\\\/\\\/schema.org\",\"@graph\":[{\"@type\":\"WebPage\",\"@id\":\"https:\\\/\\\/wordpress.ft.unicamp.br\\\/gotas\\\/\",\"url\":\"https:\\\/\\\/wordpress.ft.unicamp.br\\\/gotas\\\/\",\"name\":\"Sejam bem vindos ao site do GOTAS! - GOTAS\",\"isPartOf\":{\"@id\":\"https:\\\/\\\/wordpress.ft.unicamp.br\\\/gotas\\\/#website\"},\"primaryImageOfPage\":{\"@id\":\"https:\\\/\\\/wordpress.ft.unicamp.br\\\/gotas\\\/#primaryimage\"},\"image\":{\"@id\":\"https:\\\/\\\/wordpress.ft.unicamp.br\\\/gotas\\\/#primaryimage\"},\"thumbnailUrl\":\"http:\\\/\\\/wordpress.ft.unicamp.br\\\/gotas\\\/wp-content\\\/uploads\\\/sites\\\/35\\\/2017\\\/09\\\/Frontal-GOTAS-1-300x169.jpeg\",\"datePublished\":\"2017-09-06T16:28:04+00:00\",\"dateModified\":\"2022-08-17T01:51:15+00:00\",\"breadcrumb\":{\"@id\":\"https:\\\/\\\/wordpress.ft.unicamp.br\\\/gotas\\\/#breadcrumb\"},\"inLanguage\":\"pt-BR\",\"potentialAction\":[{\"@type\":\"ReadAction\",\"target\":[\"https:\\\/\\\/wordpress.ft.unicamp.br\\\/gotas\\\/\"]}]},{\"@type\":\"ImageObject\",\"inLanguage\":\"pt-BR\",\"@id\":\"https:\\\/\\\/wordpress.ft.unicamp.br\\\/gotas\\\/#primaryimage\",\"url\":\"http:\\\/\\\/wordpress.ft.unicamp.br\\\/gotas\\\/wp-content\\\/uploads\\\/sites\\\/35\\\/2017\\\/09\\\/Frontal-GOTAS-1-300x169.jpeg\",\"contentUrl\":\"http:\\\/\\\/wordpress.ft.unicamp.br\\\/gotas\\\/wp-content\\\/uploads\\\/sites\\\/35\\\/2017\\\/09\\\/Frontal-GOTAS-1-300x169.jpeg\"},{\"@type\":\"BreadcrumbList\",\"@id\":\"https:\\\/\\\/wordpress.ft.unicamp.br\\\/gotas\\\/#breadcrumb\",\"itemListElement\":[{\"@type\":\"ListItem\",\"position\":1,\"name\":\"Home\",\"item\":\"https:\\\/\\\/wordpress.ft.unicamp.br\\\/gotas\\\/en\\\/home-2\\\/\"},{\"@type\":\"ListItem\",\"position\":2,\"name\":\"Sejam bem vindos ao site do GOTAS!\"}]},{\"@type\":\"WebSite\",\"@id\":\"https:\\\/\\\/wordpress.ft.unicamp.br\\\/gotas\\\/#website\",\"url\":\"https:\\\/\\\/wordpress.ft.unicamp.br\\\/gotas\\\/\",\"name\":\"GOTAS\",\"description\":\"Grupo de Otimiza\u00e7\u00e3o de Tecnologias Anal\u00edticas Aplicadas a Amostras Ambientais e Sanit\u00e1rias\",\"potentialAction\":[{\"@type\":\"SearchAction\",\"target\":{\"@type\":\"EntryPoint\",\"urlTemplate\":\"https:\\\/\\\/wordpress.ft.unicamp.br\\\/gotas\\\/?s={search_term_string}\"},\"query-input\":{\"@type\":\"PropertyValueSpecification\",\"valueRequired\":true,\"valueName\":\"search_term_string\"}}],\"inLanguage\":\"pt-BR\"}]}<\/script>\n<!-- \/ Yoast SEO plugin. -->","yoast_head_json":{"title":"Sejam bem vindos ao site do GOTAS! - GOTAS","robots":{"index":"index","follow":"follow","max-snippet":"max-snippet:-1","max-image-preview":"max-image-preview:large","max-video-preview":"max-video-preview:-1"},"canonical":"https:\/\/wordpress.ft.unicamp.br\/gotas\/","og_locale":"pt_BR","og_type":"article","og_title":"Sejam bem vindos ao site do GOTAS! - GOTAS","og_description":"Endere\u00e7o: Rua Paschoal Marmo, 1888 &#8211; Jd. Nova It\u00e1lia. CEP: 13484-332, Limeira-SP (Brasil).\u00a0 Tel.: +55 19 2113-3459\u00a0 \/ GPS: -22.5608 S; -47.4242 O","og_url":"https:\/\/wordpress.ft.unicamp.br\/gotas\/","og_site_name":"GOTAS","article_modified_time":"2022-08-17T01:51:15+00:00","og_image":[{"url":"http:\/\/wordpress.ft.unicamp.br\/gotas\/wp-content\/uploads\/sites\/35\/2017\/09\/Frontal-GOTAS-1-300x169.jpeg","type":"","width":"","height":""}],"twitter_card":"summary_large_image","twitter_misc":{"Est. tempo de leitura":"1 minuto"},"schema":{"@context":"https:\/\/schema.org","@graph":[{"@type":"WebPage","@id":"https:\/\/wordpress.ft.unicamp.br\/gotas\/","url":"https:\/\/wordpress.ft.unicamp.br\/gotas\/","name":"Sejam bem vindos ao site do GOTAS! - GOTAS","isPartOf":{"@id":"https:\/\/wordpress.ft.unicamp.br\/gotas\/#website"},"primaryImageOfPage":{"@id":"https:\/\/wordpress.ft.unicamp.br\/gotas\/#primaryimage"},"image":{"@id":"https:\/\/wordpress.ft.unicamp.br\/gotas\/#primaryimage"},"thumbnailUrl":"http:\/\/wordpress.ft.unicamp.br\/gotas\/wp-content\/uploads\/sites\/35\/2017\/09\/Frontal-GOTAS-1-300x169.jpeg","datePublished":"2017-09-06T16:28:04+00:00","dateModified":"2022-08-17T01:51:15+00:00","breadcrumb":{"@id":"https:\/\/wordpress.ft.unicamp.br\/gotas\/#breadcrumb"},"inLanguage":"pt-BR","potentialAction":[{"@type":"ReadAction","target":["https:\/\/wordpress.ft.unicamp.br\/gotas\/"]}]},{"@type":"ImageObject","inLanguage":"pt-BR","@id":"https:\/\/wordpress.ft.unicamp.br\/gotas\/#primaryimage","url":"http:\/\/wordpress.ft.unicamp.br\/gotas\/wp-content\/uploads\/sites\/35\/2017\/09\/Frontal-GOTAS-1-300x169.jpeg","contentUrl":"http:\/\/wordpress.ft.unicamp.br\/gotas\/wp-content\/uploads\/sites\/35\/2017\/09\/Frontal-GOTAS-1-300x169.jpeg"},{"@type":"BreadcrumbList","@id":"https:\/\/wordpress.ft.unicamp.br\/gotas\/#breadcrumb","itemListElement":[{"@type":"ListItem","position":1,"name":"Home","item":"https:\/\/wordpress.ft.unicamp.br\/gotas\/en\/home-2\/"},{"@type":"ListItem","position":2,"name":"Sejam bem vindos ao site do GOTAS!"}]},{"@type":"WebSite","@id":"https:\/\/wordpress.ft.unicamp.br\/gotas\/#website","url":"https:\/\/wordpress.ft.unicamp.br\/gotas\/","name":"GOTAS","description":"Grupo de Otimiza\u00e7\u00e3o de Tecnologias Anal\u00edticas Aplicadas a Amostras Ambientais e Sanit\u00e1rias","potentialAction":[{"@type":"SearchAction","target":{"@type":"EntryPoint","urlTemplate":"https:\/\/wordpress.ft.unicamp.br\/gotas\/?s={search_term_string}"},"query-input":{"@type":"PropertyValueSpecification","valueRequired":true,"valueName":"search_term_string"}}],"inLanguage":"pt-BR"}]}},"_links":{"self":[{"href":"https:\/\/wordpress.ft.unicamp.br\/gotas\/wp-json\/wp\/v2\/pages\/21","targetHints":{"allow":["GET"]}}],"collection":[{"href":"https:\/\/wordpress.ft.unicamp.br\/gotas\/wp-json\/wp\/v2\/pages"}],"about":[{"href":"https:\/\/wordpress.ft.unicamp.br\/gotas\/wp-json\/wp\/v2\/types\/page"}],"author":[{"embeddable":true,"href":"https:\/\/wordpress.ft.unicamp.br\/gotas\/wp-json\/wp\/v2\/users\/1"}],"replies":[{"embeddable":true,"href":"https:\/\/wordpress.ft.unicamp.br\/gotas\/wp-json\/wp\/v2\/comments?post=21"}],"version-history":[{"count":5,"href":"https:\/\/wordpress.ft.unicamp.br\/gotas\/wp-json\/wp\/v2\/pages\/21\/revisions"}],"predecessor-version":[{"id":310,"href":"https:\/\/wordpress.ft.unicamp.br\/gotas\/wp-json\/wp\/v2\/pages\/21\/revisions\/310"}],"wp:attachment":[{"href":"https:\/\/wordpress.ft.unicamp.br\/gotas\/wp-json\/wp\/v2\/media?parent=21"}],"curies":[{"name":"wp","href":"https:\/\/api.w.org\/{rel}","templated":true}]}}