{"id":25,"date":"2017-09-11T15:16:32","date_gmt":"2017-09-11T15:16:32","guid":{"rendered":"http:\/\/wordpress.ft.unicamp.br\/gotas\/?page_id=25"},"modified":"2022-09-14T22:04:42","modified_gmt":"2022-09-14T22:04:42","slug":"quem-somos","status":"publish","type":"page","link":"https:\/\/wordpress.ft.unicamp.br\/gotas\/quem-somos\/","title":{"rendered":"Quem Somos"},"content":{"rendered":"\n<p><\/p>\n\n\n\n<p><\/p>\n\n\n\n<p><\/p>\n\n\n<p><u>Coordenador<\/u>:<\/p>\n<p><a href=\"http:\/\/buscatextual.cnpq.br\/buscatextual\/visualizacv.do?id=K4766949T6\">Prof. Dr. Enelton Fagnani<\/a> &#8211; Faculdade de Tecnologia (UNICAMP, Limeira-SP)<\/p>\n<p><a href=\"https:\/\/www.unicamp.br\/sipex\/CurriculoPesquisador\/curriculo\/212326.html?nocache=1583942538758\">Curr\u00edculo SIPEX<\/a>\u00a0 \u00a0 \u00a0<a href=\"http:\/\/buscatextual.cnpq.br\/buscatextual\/visualizacv.do?id=K4766949T6&amp;tokenCaptchar=03AERD8XqrjtRgTbJrtpLXksIefaFvxJc_ibIaCGdesUnlCpk9lcKwKaXK6Ho0TOY3KEuFtNfHE3QmCrhqcKKytjIguH2gUpobyMz3u3LZYcAKWYw3ZCA6VfnBKG0n4PxkA6Nlh-d4I9ag3Uo0PUlW4MTDzVWxZ8FEFH7Clg6BG1wruMO1czA-G_DD7wmpCmOMYSHRzhFHGMYMYU1DacqXRX-4pszg_2QYgT3FxsNcYHf3agMzvi8GERzPgNIdoeRP3ZeWVEHDizkZUnYyo0FNCvvuvMCHuM88195lay4ntTkiw-Loo-uSsxFg_KxUZBPYEoYJQo3PkDWhIxvDvjngdHMOnr4mpk7nRuVHOvCFmD5yL986u5weCbuFTPp9EoPqLI94EfYWMsfI8vVm-3Ark96VvrXR5U-LoQ\">Curr\u00edculo Lattes<\/a>\u00a0 \u00a0 \u00a0<a href=\"https:\/\/orcid.org\/0000-0002-2409-5070\">ORCID<\/a>\u00a0 \u00a0 \u00a0 \u00a0 <a href=\"https:\/\/www.researchgate.net\/profile\/Enelton_Fagnani\">ResearchGate<\/a>\u00a0 \u00a0 \u00a0 \u00a0<a href=\"https:\/\/wordpress.ft.unicamp.br\/enelton\/\">P\u00e1gina Pessoal\u00a0<\/a> \u00a0 \u00a0 \u00a0 \u00a0 \u00a0 \u00a0 \u00a0 \u00a0 \u00a0 \u00a0 \u00a0 \u00a0\u00a0<\/p>\n<p>\u00a0<\/p>\n<p><u>Pesquisadores colaboradores<\/u>:<\/p>\n<p><a href=\"http:\/\/buscatextual.cnpq.br\/buscatextual\/visualizacv.do?id=K4768963E8\">Prof. Dr. Edenir Rodrigues Pereira-FIlho<\/a> &#8211; Departamento de Qu\u00edmica (UFSCar, S\u00e3o Carlos-SP)<\/p>\n<p><a href=\"http:\/\/buscatextual.cnpq.br\/buscatextual\/visualizacv.do?id=K4789679U7\">Prof. Dr. Jos\u00e9 Roberto Guimar\u00e3es<\/a> &#8211; Faculdade de Engenharia Civil, Arquitetura e Urbanismo (UNICAMP, Campinas-SP)<\/p>\n<p><a href=\"http:\/\/buscatextual.cnpq.br\/buscatextual\/visualizacv.do?id=K4785034Y7\">Prof. Dr. Pedro S\u00e9rgio Fadini<\/a> &#8211; Departamento de Qu\u00edmica (UFSCar, S\u00e3o Carlos-SP)<\/p>\n<p><a href=\"http:\/\/buscatextual.cnpq.br\/buscatextual\/visualizacv.do?id=K4702078Y6\">Prof. Dr. Renato Falc\u00e3o Dantas<\/a> &#8211; Faculdade de Tecnologia (UNICAMP, Limeira-SP)<\/p>\n<p><a href=\"http:\/\/buscatextual.cnpq.br\/buscatextual\/visualizacv.do?id=K4759557H7\">MSc. Fernando Pena Candello<\/a> &#8211; pesquisador &#8211;\u00a0Faculdade de Engenharia Civil, Arquitetura e Urbanismo (UNICAMP, Campinas-SP)<\/p>\n<p><a href=\"http:\/\/buscatextual.cnpq.br\/buscatextual\/visualizacv.do?id=K4751117E8\">Dra. Joyce Cristale<\/a> &#8211; pesquisadora &#8211; Faculdade de Tecnologia (UNICAMP, Limeira-SP) e Centro de Energia Nuclear na Agricultura (CENA-USP, Piracicaba-SP)<\/p>\n<p><a href=\"http:\/\/buscatextual.cnpq.br\/buscatextual\/visualizacv.do?id=K4760529D7\">Paulo Eduardo dos Santos Soldera<\/a> &#8211; pesquisador (<a href=\"http:\/\/www.gerenciaambiental.com.br\/\">Gerenciamento Ambiental,<\/a> Campinas-SP)<\/p>\n<p>\u00a0<\/p>\n<p><u>Alunos atualmente vinculados<\/u>:<\/p>\n<p><a href=\"http:\/\/buscatextual.cnpq.br\/buscatextual\/visualizacv.do?id=K8498577H0\">Amanda Ara\u00fajo da Silva<\/a> &#8211; doutoranda em Tecnologia (FT UNICAMP)<\/p>\n<p><a href=\"http:\/\/buscatextual.cnpq.br\/buscatextual\/visualizacv.do?id=K8498577H0\">Belisa Lima Soares<\/a> &#8211; doutoranda em Tecnologia (FT UNICAMP)<\/p>\n<p><a href=\"http:\/\/buscatextual.cnpq.br\/buscatextual\/visualizacv.do?id=K8816245A6&amp;tokenCaptchar=03AERD8Xoa_8chGuToWd1ovSOsDR8r0CIe0CPbOw_XDZWW1wS-e4Vk1VBmqMb0oBQrHJuKhwHMYdqUtIfE9-VV2W4lkI1EapBvvxpsCOQqbSMom1D_zJDBdQvg45B1E4GQ33xyym1iEY-c14XqZfkLoGcg-XnLY-13CrfV-6ymcLCbrdNayMbFwrCLqksXNaYb5mBYJpWGk2MgcScGS-zOHVwkosxlq7HGC-l0sN9af1CGsQ1M_AL8KpHdOAsS-jk4LteC6X_BRK4bV7_A91fUxB8Qxm2r3Cz8PjKrdu_3f5xor2Yj637KNOtBS1QVjUeRVMx56bPnL4HMF5Yc0VC8GimlaukUVv2XRybJtYnFdnP4gC5Goy-NLc-uxP0ZuKI8G6fAVPi8TFQro0GtLzsd_MzobqTs64U3Qw\">Caroline Mayara Pessoa<\/a> &#8211; mestranda em Tecnologia (FT UNICAMP)<\/p>\n\n\n<p>Livia Saldanha Bolognese &#8211; inicia\u00e7\u00e3o cient\u00edfica (FT UNICAMP)<\/p>\n\n\n\n<p>Nadiely Cristina Silva &#8211; inicia\u00e7\u00e3o cient\u00edfica (FT UNICAMP)<\/p>\n","protected":false},"excerpt":{"rendered":"<p>Coordenador: Prof. Dr. Enelton Fagnani &#8211; Faculdade de Tecnologia (UNICAMP, Limeira-SP) Curr\u00edculo SIPEX\u00a0 \u00a0 \u00a0Curr\u00edculo Lattes\u00a0 \u00a0 \u00a0ORCID\u00a0 \u00a0 \u00a0 \u00a0 ResearchGate\u00a0 \u00a0 \u00a0 \u00a0P\u00e1gina Pessoal\u00a0 \u00a0 \u00a0 \u00a0 \u00a0 \u00a0 \u00a0 \u00a0 \u00a0 \u00a0 \u00a0 \u00a0 \u00a0\u00a0 \u00a0 Pesquisadores &hellip; <a href=\"https:\/\/wordpress.ft.unicamp.br\/gotas\/quem-somos\/\">Continue lendo <span class=\"meta-nav\">&rarr;<\/span><\/a><\/p>\n","protected":false},"author":1,"featured_media":81,"parent":0,"menu_order":0,"comment_status":"closed","ping_status":"closed","template":"","meta":{"footnotes":""},"class_list":["post-25","page","type-page","status-publish","has-post-thumbnail","hentry"],"yoast_head":"<!-- This site is optimized with the Yoast SEO plugin v27.3 - https:\/\/yoast.com\/product\/yoast-seo-wordpress\/ -->\n<title>Quem Somos - GOTAS<\/title>\n<meta name=\"robots\" content=\"index, follow, max-snippet:-1, max-image-preview:large, max-video-preview:-1\" \/>\n<link rel=\"canonical\" href=\"https:\/\/wordpress.ft.unicamp.br\/gotas\/quem-somos\/\" \/>\n<meta property=\"og:locale\" content=\"pt_BR\" \/>\n<meta property=\"og:type\" content=\"article\" \/>\n<meta property=\"og:title\" content=\"Quem Somos - GOTAS\" \/>\n<meta property=\"og:description\" content=\"Coordenador: Prof. Dr. Enelton Fagnani &#8211; Faculdade de Tecnologia (UNICAMP, Limeira-SP) Curr\u00edculo SIPEX\u00a0 \u00a0 \u00a0Curr\u00edculo Lattes\u00a0 \u00a0 \u00a0ORCID\u00a0 \u00a0 \u00a0 \u00a0 ResearchGate\u00a0 \u00a0 \u00a0 \u00a0P\u00e1gina Pessoal\u00a0 \u00a0 \u00a0 \u00a0 \u00a0 \u00a0 \u00a0 \u00a0 \u00a0 \u00a0 \u00a0 \u00a0 \u00a0\u00a0 \u00a0 Pesquisadores &hellip; Continue lendo &rarr;\" \/>\n<meta property=\"og:url\" content=\"https:\/\/wordpress.ft.unicamp.br\/gotas\/quem-somos\/\" \/>\n<meta property=\"og:site_name\" content=\"GOTAS\" \/>\n<meta property=\"article:modified_time\" content=\"2022-09-14T22:04:42+00:00\" \/>\n<meta property=\"og:image\" content=\"http:\/\/wordpress.ft.unicamp.br\/gotas\/wp-content\/uploads\/sites\/35\/2017\/09\/Legendas-Quimiometria-JPEG.jpg\" \/>\n\t<meta property=\"og:image:width\" content=\"960\" \/>\n\t<meta property=\"og:image:height\" content=\"720\" \/>\n\t<meta property=\"og:image:type\" content=\"image\/jpeg\" \/>\n<meta name=\"twitter:card\" content=\"summary_large_image\" \/>\n<meta name=\"twitter:label1\" content=\"Est. tempo de leitura\" \/>\n\t<meta name=\"twitter:data1\" content=\"1 minuto\" \/>\n<script type=\"application\/ld+json\" class=\"yoast-schema-graph\">{\"@context\":\"https:\\\/\\\/schema.org\",\"@graph\":[{\"@type\":\"WebPage\",\"@id\":\"https:\\\/\\\/wordpress.ft.unicamp.br\\\/gotas\\\/quem-somos\\\/\",\"url\":\"https:\\\/\\\/wordpress.ft.unicamp.br\\\/gotas\\\/quem-somos\\\/\",\"name\":\"Quem Somos - GOTAS\",\"isPartOf\":{\"@id\":\"https:\\\/\\\/wordpress.ft.unicamp.br\\\/gotas\\\/#website\"},\"primaryImageOfPage\":{\"@id\":\"https:\\\/\\\/wordpress.ft.unicamp.br\\\/gotas\\\/quem-somos\\\/#primaryimage\"},\"image\":{\"@id\":\"https:\\\/\\\/wordpress.ft.unicamp.br\\\/gotas\\\/quem-somos\\\/#primaryimage\"},\"thumbnailUrl\":\"https:\\\/\\\/wordpress.ft.unicamp.br\\\/gotas\\\/wp-content\\\/uploads\\\/sites\\\/35\\\/2017\\\/09\\\/Legendas-Quimiometria-JPEG.jpg\",\"datePublished\":\"2017-09-11T15:16:32+00:00\",\"dateModified\":\"2022-09-14T22:04:42+00:00\",\"breadcrumb\":{\"@id\":\"https:\\\/\\\/wordpress.ft.unicamp.br\\\/gotas\\\/quem-somos\\\/#breadcrumb\"},\"inLanguage\":\"pt-BR\",\"potentialAction\":[{\"@type\":\"ReadAction\",\"target\":[\"https:\\\/\\\/wordpress.ft.unicamp.br\\\/gotas\\\/quem-somos\\\/\"]}]},{\"@type\":\"ImageObject\",\"inLanguage\":\"pt-BR\",\"@id\":\"https:\\\/\\\/wordpress.ft.unicamp.br\\\/gotas\\\/quem-somos\\\/#primaryimage\",\"url\":\"https:\\\/\\\/wordpress.ft.unicamp.br\\\/gotas\\\/wp-content\\\/uploads\\\/sites\\\/35\\\/2017\\\/09\\\/Legendas-Quimiometria-JPEG.jpg\",\"contentUrl\":\"https:\\\/\\\/wordpress.ft.unicamp.br\\\/gotas\\\/wp-content\\\/uploads\\\/sites\\\/35\\\/2017\\\/09\\\/Legendas-Quimiometria-JPEG.jpg\",\"width\":960,\"height\":720},{\"@type\":\"BreadcrumbList\",\"@id\":\"https:\\\/\\\/wordpress.ft.unicamp.br\\\/gotas\\\/quem-somos\\\/#breadcrumb\",\"itemListElement\":[{\"@type\":\"ListItem\",\"position\":1,\"name\":\"Home\",\"item\":\"https:\\\/\\\/wordpress.ft.unicamp.br\\\/gotas\\\/en\\\/home-2\\\/\"},{\"@type\":\"ListItem\",\"position\":2,\"name\":\"Quem Somos\"}]},{\"@type\":\"WebSite\",\"@id\":\"https:\\\/\\\/wordpress.ft.unicamp.br\\\/gotas\\\/#website\",\"url\":\"https:\\\/\\\/wordpress.ft.unicamp.br\\\/gotas\\\/\",\"name\":\"GOTAS\",\"description\":\"Grupo de Otimiza\u00e7\u00e3o de Tecnologias Anal\u00edticas Aplicadas a Amostras Ambientais e Sanit\u00e1rias\",\"potentialAction\":[{\"@type\":\"SearchAction\",\"target\":{\"@type\":\"EntryPoint\",\"urlTemplate\":\"https:\\\/\\\/wordpress.ft.unicamp.br\\\/gotas\\\/?s={search_term_string}\"},\"query-input\":{\"@type\":\"PropertyValueSpecification\",\"valueRequired\":true,\"valueName\":\"search_term_string\"}}],\"inLanguage\":\"pt-BR\"}]}<\/script>\n<!-- \/ Yoast SEO plugin. -->","yoast_head_json":{"title":"Quem Somos - GOTAS","robots":{"index":"index","follow":"follow","max-snippet":"max-snippet:-1","max-image-preview":"max-image-preview:large","max-video-preview":"max-video-preview:-1"},"canonical":"https:\/\/wordpress.ft.unicamp.br\/gotas\/quem-somos\/","og_locale":"pt_BR","og_type":"article","og_title":"Quem Somos - GOTAS","og_description":"Coordenador: Prof. Dr. Enelton Fagnani &#8211; Faculdade de Tecnologia (UNICAMP, Limeira-SP) Curr\u00edculo SIPEX\u00a0 \u00a0 \u00a0Curr\u00edculo Lattes\u00a0 \u00a0 \u00a0ORCID\u00a0 \u00a0 \u00a0 \u00a0 ResearchGate\u00a0 \u00a0 \u00a0 \u00a0P\u00e1gina Pessoal\u00a0 \u00a0 \u00a0 \u00a0 \u00a0 \u00a0 \u00a0 \u00a0 \u00a0 \u00a0 \u00a0 \u00a0 \u00a0\u00a0 \u00a0 Pesquisadores &hellip; Continue lendo &rarr;","og_url":"https:\/\/wordpress.ft.unicamp.br\/gotas\/quem-somos\/","og_site_name":"GOTAS","article_modified_time":"2022-09-14T22:04:42+00:00","og_image":[{"width":960,"height":720,"url":"http:\/\/wordpress.ft.unicamp.br\/gotas\/wp-content\/uploads\/sites\/35\/2017\/09\/Legendas-Quimiometria-JPEG.jpg","type":"image\/jpeg"}],"twitter_card":"summary_large_image","twitter_misc":{"Est. tempo de leitura":"1 minuto"},"schema":{"@context":"https:\/\/schema.org","@graph":[{"@type":"WebPage","@id":"https:\/\/wordpress.ft.unicamp.br\/gotas\/quem-somos\/","url":"https:\/\/wordpress.ft.unicamp.br\/gotas\/quem-somos\/","name":"Quem Somos - GOTAS","isPartOf":{"@id":"https:\/\/wordpress.ft.unicamp.br\/gotas\/#website"},"primaryImageOfPage":{"@id":"https:\/\/wordpress.ft.unicamp.br\/gotas\/quem-somos\/#primaryimage"},"image":{"@id":"https:\/\/wordpress.ft.unicamp.br\/gotas\/quem-somos\/#primaryimage"},"thumbnailUrl":"https:\/\/wordpress.ft.unicamp.br\/gotas\/wp-content\/uploads\/sites\/35\/2017\/09\/Legendas-Quimiometria-JPEG.jpg","datePublished":"2017-09-11T15:16:32+00:00","dateModified":"2022-09-14T22:04:42+00:00","breadcrumb":{"@id":"https:\/\/wordpress.ft.unicamp.br\/gotas\/quem-somos\/#breadcrumb"},"inLanguage":"pt-BR","potentialAction":[{"@type":"ReadAction","target":["https:\/\/wordpress.ft.unicamp.br\/gotas\/quem-somos\/"]}]},{"@type":"ImageObject","inLanguage":"pt-BR","@id":"https:\/\/wordpress.ft.unicamp.br\/gotas\/quem-somos\/#primaryimage","url":"https:\/\/wordpress.ft.unicamp.br\/gotas\/wp-content\/uploads\/sites\/35\/2017\/09\/Legendas-Quimiometria-JPEG.jpg","contentUrl":"https:\/\/wordpress.ft.unicamp.br\/gotas\/wp-content\/uploads\/sites\/35\/2017\/09\/Legendas-Quimiometria-JPEG.jpg","width":960,"height":720},{"@type":"BreadcrumbList","@id":"https:\/\/wordpress.ft.unicamp.br\/gotas\/quem-somos\/#breadcrumb","itemListElement":[{"@type":"ListItem","position":1,"name":"Home","item":"https:\/\/wordpress.ft.unicamp.br\/gotas\/en\/home-2\/"},{"@type":"ListItem","position":2,"name":"Quem Somos"}]},{"@type":"WebSite","@id":"https:\/\/wordpress.ft.unicamp.br\/gotas\/#website","url":"https:\/\/wordpress.ft.unicamp.br\/gotas\/","name":"GOTAS","description":"Grupo de Otimiza\u00e7\u00e3o de Tecnologias Anal\u00edticas Aplicadas a Amostras Ambientais e Sanit\u00e1rias","potentialAction":[{"@type":"SearchAction","target":{"@type":"EntryPoint","urlTemplate":"https:\/\/wordpress.ft.unicamp.br\/gotas\/?s={search_term_string}"},"query-input":{"@type":"PropertyValueSpecification","valueRequired":true,"valueName":"search_term_string"}}],"inLanguage":"pt-BR"}]}},"_links":{"self":[{"href":"https:\/\/wordpress.ft.unicamp.br\/gotas\/wp-json\/wp\/v2\/pages\/25","targetHints":{"allow":["GET"]}}],"collection":[{"href":"https:\/\/wordpress.ft.unicamp.br\/gotas\/wp-json\/wp\/v2\/pages"}],"about":[{"href":"https:\/\/wordpress.ft.unicamp.br\/gotas\/wp-json\/wp\/v2\/types\/page"}],"author":[{"embeddable":true,"href":"https:\/\/wordpress.ft.unicamp.br\/gotas\/wp-json\/wp\/v2\/users\/1"}],"replies":[{"embeddable":true,"href":"https:\/\/wordpress.ft.unicamp.br\/gotas\/wp-json\/wp\/v2\/comments?post=25"}],"version-history":[{"count":18,"href":"https:\/\/wordpress.ft.unicamp.br\/gotas\/wp-json\/wp\/v2\/pages\/25\/revisions"}],"predecessor-version":[{"id":377,"href":"https:\/\/wordpress.ft.unicamp.br\/gotas\/wp-json\/wp\/v2\/pages\/25\/revisions\/377"}],"wp:featuredmedia":[{"embeddable":true,"href":"https:\/\/wordpress.ft.unicamp.br\/gotas\/wp-json\/wp\/v2\/media\/81"}],"wp:attachment":[{"href":"https:\/\/wordpress.ft.unicamp.br\/gotas\/wp-json\/wp\/v2\/media?parent=25"}],"curies":[{"name":"wp","href":"https:\/\/api.w.org\/{rel}","templated":true}]}}