{"id":316,"date":"2022-08-12T14:11:38","date_gmt":"2022-08-12T14:11:38","guid":{"rendered":"https:\/\/wordpress.ft.unicamp.br\/gotas\/welcome-to-gotas-espanol\/"},"modified":"2022-08-26T20:15:34","modified_gmt":"2022-08-26T20:15:34","slug":"welcome-to-gotas-espanol","status":"publish","type":"page","link":"https:\/\/wordpress.ft.unicamp.br\/gotas\/es\/welcome-to-gotas-espanol\/","title":{"rendered":"\u00a1Bienvenido a GOTAS!"},"content":{"rendered":"\n<p><strong>Grupo de Optimizaci\u00f3n de Tecnolog\u00edas Anal\u00edticas Aplicadas a Muestras Ambientales y Sanitarias<\/strong><\/p>\n\n\n<div class=\"wp-block-image\">\n<figure class=\"aligncenter\"><img fetchpriority=\"high\" decoding=\"async\" width=\"300\" height=\"169\" src=\"http:\/\/wordpress.ft.unicamp.br\/gotas\/wp-content\/uploads\/sites\/35\/2017\/09\/Frontal-GOTAS-1-300x169.jpeg\" alt=\"\" class=\"wp-image-125\" srcset=\"https:\/\/wordpress.ft.unicamp.br\/gotas\/wp-content\/uploads\/sites\/35\/2017\/09\/Frontal-GOTAS-1-300x169.jpeg 300w, https:\/\/wordpress.ft.unicamp.br\/gotas\/wp-content\/uploads\/sites\/35\/2017\/09\/Frontal-GOTAS-1-768x432.jpeg 768w, https:\/\/wordpress.ft.unicamp.br\/gotas\/wp-content\/uploads\/sites\/35\/2017\/09\/Frontal-GOTAS-1-1024x576.jpeg 1024w, https:\/\/wordpress.ft.unicamp.br\/gotas\/wp-content\/uploads\/sites\/35\/2017\/09\/Frontal-GOTAS-1-500x281.jpeg 500w, https:\/\/wordpress.ft.unicamp.br\/gotas\/wp-content\/uploads\/sites\/35\/2017\/09\/Frontal-GOTAS-1.jpeg 1280w\" sizes=\"(max-width: 300px) 100vw, 300px\" \/><\/figure>\n<\/div>\n\n<div class=\"wp-block-image\">\n<figure class=\"aligncenter\"><a href=\"http:\/\/wordpress.ft.unicamp.br\/gotas\/en\/home-2\/folder-ft-en-2017-menor\/\"><img decoding=\"async\" width=\"223\" height=\"300\" src=\"http:\/\/wordpress.ft.unicamp.br\/gotas\/wp-content\/uploads\/sites\/35\/2017\/11\/Folder-FT-EN-2017-menor-223x300.jpg\" alt=\"\" class=\"wp-image-166\" srcset=\"https:\/\/wordpress.ft.unicamp.br\/gotas\/wp-content\/uploads\/sites\/35\/2017\/11\/Folder-FT-EN-2017-menor-223x300.jpg 223w, https:\/\/wordpress.ft.unicamp.br\/gotas\/wp-content\/uploads\/sites\/35\/2017\/11\/Folder-FT-EN-2017-menor-768x1034.jpg 768w, https:\/\/wordpress.ft.unicamp.br\/gotas\/wp-content\/uploads\/sites\/35\/2017\/11\/Folder-FT-EN-2017-menor-761x1024.jpg 761w, https:\/\/wordpress.ft.unicamp.br\/gotas\/wp-content\/uploads\/sites\/35\/2017\/11\/Folder-FT-EN-2017-menor.jpg 1462w\" sizes=\"(max-width: 223px) 100vw, 223px\" \/><\/a><\/figure>\n<\/div>\n\n\n<p class=\"has-text-align-center\">Direcci\u00f3n:&nbsp;Rua Paschoal Marmo, 1888 \u2013 Jd. Nova It\u00e1lia. CEP: 13484-332, Limeira-SP (Brasil).&nbsp; Tel.: +55 19 2113-3459&nbsp; \/ GPS: -22.5608 S; -47.4242 O<\/p>\n","protected":false},"excerpt":{"rendered":"<p>Grupo de Optimizaci\u00f3n de Tecnolog\u00edas Anal\u00edticas Aplicadas a Muestras Ambientales y Sanitarias Direcci\u00f3n:&nbsp;Rua Paschoal Marmo, 1888 \u2013 Jd. Nova It\u00e1lia. CEP: 13484-332, Limeira-SP (Brasil).&nbsp; Tel.: +55 19 2113-3459&nbsp; \/ GPS: -22.5608 S; -47.4242 O<\/p>\n","protected":false},"author":2,"featured_media":0,"parent":0,"menu_order":0,"comment_status":"closed","ping_status":"closed","template":"","meta":{"footnotes":""},"class_list":["post-316","page","type-page","status-publish","hentry"],"yoast_head":"<!-- This site is optimized with the Yoast SEO plugin v27.3 - https:\/\/yoast.com\/product\/yoast-seo-wordpress\/ -->\n<title>\u00a1Bienvenido a GOTAS! - GOTAS<\/title>\n<meta name=\"robots\" content=\"index, follow, max-snippet:-1, max-image-preview:large, max-video-preview:-1\" \/>\n<link rel=\"canonical\" href=\"https:\/\/wordpress.ft.unicamp.br\/gotas\/es\/welcome-to-gotas-espanol\/\" \/>\n<meta property=\"og:locale\" content=\"pt_BR\" \/>\n<meta property=\"og:type\" content=\"article\" \/>\n<meta property=\"og:title\" content=\"\u00a1Bienvenido a GOTAS! - GOTAS\" \/>\n<meta property=\"og:description\" content=\"Grupo de Optimizaci\u00f3n de Tecnolog\u00edas Anal\u00edticas Aplicadas a Muestras Ambientales y Sanitarias Direcci\u00f3n:&nbsp;Rua Paschoal Marmo, 1888 \u2013 Jd. Nova It\u00e1lia. CEP: 13484-332, Limeira-SP (Brasil).&nbsp; Tel.: +55 19 2113-3459&nbsp; \/ GPS: -22.5608 S; -47.4242 O\" \/>\n<meta property=\"og:url\" content=\"https:\/\/wordpress.ft.unicamp.br\/gotas\/es\/welcome-to-gotas-espanol\/\" \/>\n<meta property=\"og:site_name\" content=\"GOTAS\" \/>\n<meta property=\"article:modified_time\" content=\"2022-08-26T20:15:34+00:00\" \/>\n<meta property=\"og:image\" content=\"http:\/\/wordpress.ft.unicamp.br\/gotas\/wp-content\/uploads\/sites\/35\/2017\/09\/Frontal-GOTAS-1-300x169.jpeg\" \/>\n<meta name=\"twitter:card\" content=\"summary_large_image\" \/>\n<meta name=\"twitter:label1\" content=\"Est. tempo de leitura\" \/>\n\t<meta name=\"twitter:data1\" content=\"1 minuto\" \/>\n<script type=\"application\/ld+json\" class=\"yoast-schema-graph\">{\"@context\":\"https:\\\/\\\/schema.org\",\"@graph\":[{\"@type\":\"WebPage\",\"@id\":\"https:\\\/\\\/wordpress.ft.unicamp.br\\\/gotas\\\/es\\\/welcome-to-gotas-espanol\\\/\",\"url\":\"https:\\\/\\\/wordpress.ft.unicamp.br\\\/gotas\\\/es\\\/welcome-to-gotas-espanol\\\/\",\"name\":\"\u00a1Bienvenido a GOTAS! - GOTAS\",\"isPartOf\":{\"@id\":\"https:\\\/\\\/wordpress.ft.unicamp.br\\\/gotas\\\/#website\"},\"primaryImageOfPage\":{\"@id\":\"https:\\\/\\\/wordpress.ft.unicamp.br\\\/gotas\\\/es\\\/welcome-to-gotas-espanol\\\/#primaryimage\"},\"image\":{\"@id\":\"https:\\\/\\\/wordpress.ft.unicamp.br\\\/gotas\\\/es\\\/welcome-to-gotas-espanol\\\/#primaryimage\"},\"thumbnailUrl\":\"http:\\\/\\\/wordpress.ft.unicamp.br\\\/gotas\\\/wp-content\\\/uploads\\\/sites\\\/35\\\/2017\\\/09\\\/Frontal-GOTAS-1-300x169.jpeg\",\"datePublished\":\"2022-08-12T14:11:38+00:00\",\"dateModified\":\"2022-08-26T20:15:34+00:00\",\"breadcrumb\":{\"@id\":\"https:\\\/\\\/wordpress.ft.unicamp.br\\\/gotas\\\/es\\\/welcome-to-gotas-espanol\\\/#breadcrumb\"},\"inLanguage\":\"pt-BR\",\"potentialAction\":[{\"@type\":\"ReadAction\",\"target\":[\"https:\\\/\\\/wordpress.ft.unicamp.br\\\/gotas\\\/es\\\/welcome-to-gotas-espanol\\\/\"]}]},{\"@type\":\"ImageObject\",\"inLanguage\":\"pt-BR\",\"@id\":\"https:\\\/\\\/wordpress.ft.unicamp.br\\\/gotas\\\/es\\\/welcome-to-gotas-espanol\\\/#primaryimage\",\"url\":\"http:\\\/\\\/wordpress.ft.unicamp.br\\\/gotas\\\/wp-content\\\/uploads\\\/sites\\\/35\\\/2017\\\/09\\\/Frontal-GOTAS-1-300x169.jpeg\",\"contentUrl\":\"http:\\\/\\\/wordpress.ft.unicamp.br\\\/gotas\\\/wp-content\\\/uploads\\\/sites\\\/35\\\/2017\\\/09\\\/Frontal-GOTAS-1-300x169.jpeg\"},{\"@type\":\"BreadcrumbList\",\"@id\":\"https:\\\/\\\/wordpress.ft.unicamp.br\\\/gotas\\\/es\\\/welcome-to-gotas-espanol\\\/#breadcrumb\",\"itemListElement\":[{\"@type\":\"ListItem\",\"position\":1,\"name\":\"Home\",\"item\":\"https:\\\/\\\/wordpress.ft.unicamp.br\\\/gotas\\\/en\\\/home-2\\\/\"},{\"@type\":\"ListItem\",\"position\":2,\"name\":\"\u00a1Bienvenido a GOTAS!\"}]},{\"@type\":\"WebSite\",\"@id\":\"https:\\\/\\\/wordpress.ft.unicamp.br\\\/gotas\\\/#website\",\"url\":\"https:\\\/\\\/wordpress.ft.unicamp.br\\\/gotas\\\/\",\"name\":\"GOTAS\",\"description\":\"Grupo de Otimiza\u00e7\u00e3o de Tecnologias Anal\u00edticas Aplicadas a Amostras Ambientais e Sanit\u00e1rias\",\"potentialAction\":[{\"@type\":\"SearchAction\",\"target\":{\"@type\":\"EntryPoint\",\"urlTemplate\":\"https:\\\/\\\/wordpress.ft.unicamp.br\\\/gotas\\\/?s={search_term_string}\"},\"query-input\":{\"@type\":\"PropertyValueSpecification\",\"valueRequired\":true,\"valueName\":\"search_term_string\"}}],\"inLanguage\":\"pt-BR\"}]}<\/script>\n<!-- \/ Yoast SEO plugin. -->","yoast_head_json":{"title":"\u00a1Bienvenido a GOTAS! - GOTAS","robots":{"index":"index","follow":"follow","max-snippet":"max-snippet:-1","max-image-preview":"max-image-preview:large","max-video-preview":"max-video-preview:-1"},"canonical":"https:\/\/wordpress.ft.unicamp.br\/gotas\/es\/welcome-to-gotas-espanol\/","og_locale":"pt_BR","og_type":"article","og_title":"\u00a1Bienvenido a GOTAS! - GOTAS","og_description":"Grupo de Optimizaci\u00f3n de Tecnolog\u00edas Anal\u00edticas Aplicadas a Muestras Ambientales y Sanitarias Direcci\u00f3n:&nbsp;Rua Paschoal Marmo, 1888 \u2013 Jd. Nova It\u00e1lia. CEP: 13484-332, Limeira-SP (Brasil).&nbsp; Tel.: +55 19 2113-3459&nbsp; \/ GPS: -22.5608 S; -47.4242 O","og_url":"https:\/\/wordpress.ft.unicamp.br\/gotas\/es\/welcome-to-gotas-espanol\/","og_site_name":"GOTAS","article_modified_time":"2022-08-26T20:15:34+00:00","og_image":[{"url":"http:\/\/wordpress.ft.unicamp.br\/gotas\/wp-content\/uploads\/sites\/35\/2017\/09\/Frontal-GOTAS-1-300x169.jpeg","type":"","width":"","height":""}],"twitter_card":"summary_large_image","twitter_misc":{"Est. tempo de leitura":"1 minuto"},"schema":{"@context":"https:\/\/schema.org","@graph":[{"@type":"WebPage","@id":"https:\/\/wordpress.ft.unicamp.br\/gotas\/es\/welcome-to-gotas-espanol\/","url":"https:\/\/wordpress.ft.unicamp.br\/gotas\/es\/welcome-to-gotas-espanol\/","name":"\u00a1Bienvenido a GOTAS! - GOTAS","isPartOf":{"@id":"https:\/\/wordpress.ft.unicamp.br\/gotas\/#website"},"primaryImageOfPage":{"@id":"https:\/\/wordpress.ft.unicamp.br\/gotas\/es\/welcome-to-gotas-espanol\/#primaryimage"},"image":{"@id":"https:\/\/wordpress.ft.unicamp.br\/gotas\/es\/welcome-to-gotas-espanol\/#primaryimage"},"thumbnailUrl":"http:\/\/wordpress.ft.unicamp.br\/gotas\/wp-content\/uploads\/sites\/35\/2017\/09\/Frontal-GOTAS-1-300x169.jpeg","datePublished":"2022-08-12T14:11:38+00:00","dateModified":"2022-08-26T20:15:34+00:00","breadcrumb":{"@id":"https:\/\/wordpress.ft.unicamp.br\/gotas\/es\/welcome-to-gotas-espanol\/#breadcrumb"},"inLanguage":"pt-BR","potentialAction":[{"@type":"ReadAction","target":["https:\/\/wordpress.ft.unicamp.br\/gotas\/es\/welcome-to-gotas-espanol\/"]}]},{"@type":"ImageObject","inLanguage":"pt-BR","@id":"https:\/\/wordpress.ft.unicamp.br\/gotas\/es\/welcome-to-gotas-espanol\/#primaryimage","url":"http:\/\/wordpress.ft.unicamp.br\/gotas\/wp-content\/uploads\/sites\/35\/2017\/09\/Frontal-GOTAS-1-300x169.jpeg","contentUrl":"http:\/\/wordpress.ft.unicamp.br\/gotas\/wp-content\/uploads\/sites\/35\/2017\/09\/Frontal-GOTAS-1-300x169.jpeg"},{"@type":"BreadcrumbList","@id":"https:\/\/wordpress.ft.unicamp.br\/gotas\/es\/welcome-to-gotas-espanol\/#breadcrumb","itemListElement":[{"@type":"ListItem","position":1,"name":"Home","item":"https:\/\/wordpress.ft.unicamp.br\/gotas\/en\/home-2\/"},{"@type":"ListItem","position":2,"name":"\u00a1Bienvenido a GOTAS!"}]},{"@type":"WebSite","@id":"https:\/\/wordpress.ft.unicamp.br\/gotas\/#website","url":"https:\/\/wordpress.ft.unicamp.br\/gotas\/","name":"GOTAS","description":"Grupo de Otimiza\u00e7\u00e3o de Tecnologias Anal\u00edticas Aplicadas a Amostras Ambientais e Sanit\u00e1rias","potentialAction":[{"@type":"SearchAction","target":{"@type":"EntryPoint","urlTemplate":"https:\/\/wordpress.ft.unicamp.br\/gotas\/?s={search_term_string}"},"query-input":{"@type":"PropertyValueSpecification","valueRequired":true,"valueName":"search_term_string"}}],"inLanguage":"pt-BR"}]}},"_links":{"self":[{"href":"https:\/\/wordpress.ft.unicamp.br\/gotas\/wp-json\/wp\/v2\/pages\/316","targetHints":{"allow":["GET"]}}],"collection":[{"href":"https:\/\/wordpress.ft.unicamp.br\/gotas\/wp-json\/wp\/v2\/pages"}],"about":[{"href":"https:\/\/wordpress.ft.unicamp.br\/gotas\/wp-json\/wp\/v2\/types\/page"}],"author":[{"embeddable":true,"href":"https:\/\/wordpress.ft.unicamp.br\/gotas\/wp-json\/wp\/v2\/users\/2"}],"replies":[{"embeddable":true,"href":"https:\/\/wordpress.ft.unicamp.br\/gotas\/wp-json\/wp\/v2\/comments?post=316"}],"version-history":[{"count":5,"href":"https:\/\/wordpress.ft.unicamp.br\/gotas\/wp-json\/wp\/v2\/pages\/316\/revisions"}],"predecessor-version":[{"id":368,"href":"https:\/\/wordpress.ft.unicamp.br\/gotas\/wp-json\/wp\/v2\/pages\/316\/revisions\/368"}],"wp:attachment":[{"href":"https:\/\/wordpress.ft.unicamp.br\/gotas\/wp-json\/wp\/v2\/media?parent=316"}],"curies":[{"name":"wp","href":"https:\/\/api.w.org\/{rel}","templated":true}]}}