{"id":338,"date":"2022-08-22T17:31:51","date_gmt":"2022-08-22T17:31:51","guid":{"rendered":"https:\/\/wordpress.ft.unicamp.br\/gotas\/?page_id=338"},"modified":"2024-11-13T17:48:53","modified_gmt":"2024-11-13T17:48:53","slug":"publicaciones","status":"publish","type":"page","link":"https:\/\/wordpress.ft.unicamp.br\/gotas\/es\/publicaciones\/","title":{"rendered":"Publicaciones t\u00e9cnicas y cient\u00edficas"},"content":{"rendered":"\n<ul class=\"wp-block-list\">\n<li>TEDESCO, G.C., SOARES, B.L.,FAGNANI, E., CRISTALE, J., JOLL, C.A., HENRY, D.J.\u00a0 <a href=\"https:\/\/link.springer.com\/article\/10.1007\/s11356-024-35465-2\">Photoelectrocatalytic degradation of organophosphate esters using TiO<sub>2<\/sub> electrodes produced from 3D-printed Ti substrates<\/a>. <strong>Environ. Sci. Pollut. Res<\/strong>., 2024 (DOI: 10.1007\/s11356-024-35465-2)<\/li>\n\n\n\n<li>SANTOS, G.R., FAGNANI, E. <a href=\"https:\/\/link.springer.com\/article\/10.1007\/s10661-024-13257-y\">Statistical assessment for reusing permeate from dewatering water treatment sludge process: more sustainability in environmental sanitation<\/a>. <strong>Environ. Monit. Assess.<\/strong>, 196, 1066, 2024 (DOI: 10.1007\/s10661-024-13257-y)<\/li>\n\n\n\n<li>SOLDERA, P.E.S., DANTAS, R.F.,&nbsp;FAGNANI, E. <a href=\"https:\/\/pubs.rsc.org\/en\/content\/articlelanding\/2024\/ew\/d4ew00557k\">Mathematical modeling to size anaerobic stabilization ponds intended for slaughterhouse wastewater treatment &#8211; the role of temperature and hydraulic retention time<\/a>. <strong>Environ. Sci.: Water Res. Technol.<\/strong>, 10, 2882-2896, 2024 (DOI: 10.1039\/D4EW00557K)<\/li>\n\n\n\n<li>SILVA, A.A.,&nbsp;FAGNANI, E., CRISTALE, J. <a href=\"https:\/\/authors.elsevier.com\/c\/1h7XaAOMA1Pj3\">A modified QuEChERS method for determination of organophosphate esters in milk by GC-MS<\/a>. <strong>Chemosphere<\/strong>, 334, 138974, 2023 (DOI: 10.1016\/j.chemosphere.2023.138974)<\/li>\n\n\n\n<li>FAGNANI, E., MONTEMURRO, N., P\u00c9REZ, S. <a href=\"https:\/\/www.sciencedirect.com\/science\/article\/pii\/S0021967321008827?via%3Dihub\">Multilayered solid phase extraction and ultra performance liquid chromatographic method for suspect screening of halogenated pharmaceuticals and photo-transformation products in freshwater &#8211; comparison between data-dependent and data-independent acquisition mass spectrometry<\/a>. <strong>J. Chrom. A<\/strong>, 1663, 462760,<strong> 2022<\/strong> (DOI: 10.1016\/j.chroma.2021.462760)<\/li>\n\n\n\n<li>NUNES, W.B., DANTAS, R.F., FAGNANI, E. <a href=\"https:\/\/iwaponline.com\/wst\/article\/doi\/10.2166\/wst.2021.311\/83312\/Ferroin-in-dyes-degradation-by-Fenton-like-process\">Ferroin in dyes degradation by Fenton-like process: a chemical waste recycling perspective<\/a>. <strong>Water Sci. Technol.<\/strong>, 84(5), 1217-1227,<strong> 2021<\/strong> (DOI: 10.2166\/wst.2021.311)<\/li>\n\n\n\n<li>AISSAOUI, S., FAGNANI, E., P\u00c9REZ, S., OULED-HADDAR, H., SIFOUR, M. <a href=\"https:\/\/rdcu.be\/chvkO\">Removal of diclofenac by a local baterial consortium: UHPLC-ESI-MS\/MS analysis of metabolites and ecotoxicity assessment<\/a>. <strong>Braz. J. Microbiol.<\/strong>, 52, 749-759, 2021 (DOI: 10.1007\/s42770-021-00464-9 )<\/li>\n\n\n\n<li>CRISTALE, J., SANTOS, I.O., UMBUZEIRO, G.A., FAGNANI, E. Ocurrence and risk assessment of organophosphate esters in urban rivers from Piracicaba watershed (Brazil). <strong>Environ. Sci. Pollut. Res.<\/strong>, 28, 59244-59255, <strong>2021<\/strong>&nbsp;(DOI: 10.1007\/s11356-020-10150-2)<\/li>\n\n\n\n<li>SOLDERA, P.E.S., FIGUEIREDO, T.S., DANTAS, R.F., FAGNANI, E. <a href=\"http:\/\/revistadae.com.br\/artigos\/artigo_edicao_225_n_1888.pdf\">Bartha\u00b4s respirometry as tool for evaluating abattoir wastewater anaerobic decomposition<\/a>. <strong>Revista DAE<\/strong>, 68 (225), 80-92, <strong>2020<\/strong> (DOI: 10.36659\/dae.2020.054)<\/li>\n\n\n\n<li>CRISTALE, J., SANTOS, I.O., FAGNANI, E. Organophosphate esters by GC-MS: an optimized method for aquatic risk assessment. <strong>J. Sep.Sci<\/strong>, 43, 748-755, <strong>2020<\/strong> (DOI: 10.1002\/jssc.201900875)<\/li>\n\n\n\n<li>ARRUDA, P.M., PEREIRA-FILHO, E.R., LIB\u00c2NIO, M., FAGNANI, E. Response surface methodology applied to tropical freshwater treatment. <strong>Environ. Technol.<\/strong>, 41(7), 901-911, <strong>2020<\/strong> (DOI: 10.1080\/09593330.2018.1514072)<\/li>\n\n\n\n<li>MALVESTITI, J.A., FAGNANI, E., SIM\u00c3O, D., DANTAS, R.F. Optimization of UV\/H<sub>2<\/sub>O<sub>2<\/sub> and ozone wastewater treatment by experimental design methodology. <strong>Environ. Technol<\/strong>., 40(15), 1910-1922, <strong>2019<\/strong> (DOI: 10.1080\/09593330.2018.1432698)<\/li>\n\n\n\n<li>QUINTANA, G.O., FAGNANI, E, CANDELLO, F.P., GUIMAR\u00c3ES, J.R. <a href=\"http:\/\/jbcs.sbq.org.br\/imagebank\/pdf\/2017-0298AR.pdf\">The dichromate method <em>versus<\/em> the photoelectrochemical method: synergistic influence of turbidity and chlorides on chemical oxygen demand analysis<\/a>. <strong>J. Braz. Chem. Soc<\/strong>., 29(3), 490-498, <strong>2018<\/strong> (DOI: 10.21577\/0103-5053.20170161)<\/li>\n\n\n\n<li>FAGNANI, E., GUIMAR\u00c3ES, J.R. Waste management plan for higher education institutions in developing countries: the Continuous Improvement Cycle model. <strong>J. Clean. Prod<\/strong>., 147, 108-118, <strong>2017<\/strong> (DOI: 10.1016\/j.jclepro.2017.01.080)<\/li>\n<\/ul>\n","protected":false},"excerpt":{"rendered":"","protected":false},"author":25,"featured_media":0,"parent":0,"menu_order":0,"comment_status":"closed","ping_status":"closed","template":"","meta":{"footnotes":""},"class_list":["post-338","page","type-page","status-publish","hentry"],"yoast_head":"<!-- This site is optimized with the Yoast SEO plugin v27.3 - https:\/\/yoast.com\/product\/yoast-seo-wordpress\/ -->\n<title>Publicaciones t\u00e9cnicas y cient\u00edficas - GOTAS<\/title>\n<meta name=\"robots\" content=\"index, follow, max-snippet:-1, max-image-preview:large, max-video-preview:-1\" \/>\n<link rel=\"canonical\" href=\"https:\/\/wordpress.ft.unicamp.br\/gotas\/es\/publicaciones\/\" \/>\n<meta property=\"og:locale\" content=\"pt_BR\" \/>\n<meta property=\"og:type\" content=\"article\" \/>\n<meta property=\"og:title\" content=\"Publicaciones t\u00e9cnicas y cient\u00edficas - GOTAS\" \/>\n<meta property=\"og:url\" content=\"https:\/\/wordpress.ft.unicamp.br\/gotas\/es\/publicaciones\/\" \/>\n<meta property=\"og:site_name\" content=\"GOTAS\" \/>\n<meta property=\"article:modified_time\" content=\"2024-11-13T17:48:53+00:00\" \/>\n<meta name=\"twitter:card\" content=\"summary_large_image\" \/>\n<meta name=\"twitter:label1\" content=\"Est. tempo de leitura\" \/>\n\t<meta name=\"twitter:data1\" content=\"3 minutos\" \/>\n<script type=\"application\/ld+json\" class=\"yoast-schema-graph\">{\"@context\":\"https:\\\/\\\/schema.org\",\"@graph\":[{\"@type\":\"WebPage\",\"@id\":\"https:\\\/\\\/wordpress.ft.unicamp.br\\\/gotas\\\/es\\\/publicaciones\\\/\",\"url\":\"https:\\\/\\\/wordpress.ft.unicamp.br\\\/gotas\\\/es\\\/publicaciones\\\/\",\"name\":\"Publicaciones t\u00e9cnicas y cient\u00edficas - GOTAS\",\"isPartOf\":{\"@id\":\"https:\\\/\\\/wordpress.ft.unicamp.br\\\/gotas\\\/#website\"},\"datePublished\":\"2022-08-22T17:31:51+00:00\",\"dateModified\":\"2024-11-13T17:48:53+00:00\",\"breadcrumb\":{\"@id\":\"https:\\\/\\\/wordpress.ft.unicamp.br\\\/gotas\\\/es\\\/publicaciones\\\/#breadcrumb\"},\"inLanguage\":\"pt-BR\",\"potentialAction\":[{\"@type\":\"ReadAction\",\"target\":[\"https:\\\/\\\/wordpress.ft.unicamp.br\\\/gotas\\\/es\\\/publicaciones\\\/\"]}]},{\"@type\":\"BreadcrumbList\",\"@id\":\"https:\\\/\\\/wordpress.ft.unicamp.br\\\/gotas\\\/es\\\/publicaciones\\\/#breadcrumb\",\"itemListElement\":[{\"@type\":\"ListItem\",\"position\":1,\"name\":\"Home\",\"item\":\"https:\\\/\\\/wordpress.ft.unicamp.br\\\/gotas\\\/en\\\/home-2\\\/\"},{\"@type\":\"ListItem\",\"position\":2,\"name\":\"Publicaciones t\u00e9cnicas y cient\u00edficas\"}]},{\"@type\":\"WebSite\",\"@id\":\"https:\\\/\\\/wordpress.ft.unicamp.br\\\/gotas\\\/#website\",\"url\":\"https:\\\/\\\/wordpress.ft.unicamp.br\\\/gotas\\\/\",\"name\":\"GOTAS\",\"description\":\"Grupo de Otimiza\u00e7\u00e3o de Tecnologias Anal\u00edticas Aplicadas a Amostras Ambientais e Sanit\u00e1rias\",\"potentialAction\":[{\"@type\":\"SearchAction\",\"target\":{\"@type\":\"EntryPoint\",\"urlTemplate\":\"https:\\\/\\\/wordpress.ft.unicamp.br\\\/gotas\\\/?s={search_term_string}\"},\"query-input\":{\"@type\":\"PropertyValueSpecification\",\"valueRequired\":true,\"valueName\":\"search_term_string\"}}],\"inLanguage\":\"pt-BR\"}]}<\/script>\n<!-- \/ Yoast SEO plugin. -->","yoast_head_json":{"title":"Publicaciones t\u00e9cnicas y cient\u00edficas - GOTAS","robots":{"index":"index","follow":"follow","max-snippet":"max-snippet:-1","max-image-preview":"max-image-preview:large","max-video-preview":"max-video-preview:-1"},"canonical":"https:\/\/wordpress.ft.unicamp.br\/gotas\/es\/publicaciones\/","og_locale":"pt_BR","og_type":"article","og_title":"Publicaciones t\u00e9cnicas y cient\u00edficas - GOTAS","og_url":"https:\/\/wordpress.ft.unicamp.br\/gotas\/es\/publicaciones\/","og_site_name":"GOTAS","article_modified_time":"2024-11-13T17:48:53+00:00","twitter_card":"summary_large_image","twitter_misc":{"Est. tempo de leitura":"3 minutos"},"schema":{"@context":"https:\/\/schema.org","@graph":[{"@type":"WebPage","@id":"https:\/\/wordpress.ft.unicamp.br\/gotas\/es\/publicaciones\/","url":"https:\/\/wordpress.ft.unicamp.br\/gotas\/es\/publicaciones\/","name":"Publicaciones t\u00e9cnicas y cient\u00edficas - GOTAS","isPartOf":{"@id":"https:\/\/wordpress.ft.unicamp.br\/gotas\/#website"},"datePublished":"2022-08-22T17:31:51+00:00","dateModified":"2024-11-13T17:48:53+00:00","breadcrumb":{"@id":"https:\/\/wordpress.ft.unicamp.br\/gotas\/es\/publicaciones\/#breadcrumb"},"inLanguage":"pt-BR","potentialAction":[{"@type":"ReadAction","target":["https:\/\/wordpress.ft.unicamp.br\/gotas\/es\/publicaciones\/"]}]},{"@type":"BreadcrumbList","@id":"https:\/\/wordpress.ft.unicamp.br\/gotas\/es\/publicaciones\/#breadcrumb","itemListElement":[{"@type":"ListItem","position":1,"name":"Home","item":"https:\/\/wordpress.ft.unicamp.br\/gotas\/en\/home-2\/"},{"@type":"ListItem","position":2,"name":"Publicaciones t\u00e9cnicas y cient\u00edficas"}]},{"@type":"WebSite","@id":"https:\/\/wordpress.ft.unicamp.br\/gotas\/#website","url":"https:\/\/wordpress.ft.unicamp.br\/gotas\/","name":"GOTAS","description":"Grupo de Otimiza\u00e7\u00e3o de Tecnologias Anal\u00edticas Aplicadas a Amostras Ambientais e Sanit\u00e1rias","potentialAction":[{"@type":"SearchAction","target":{"@type":"EntryPoint","urlTemplate":"https:\/\/wordpress.ft.unicamp.br\/gotas\/?s={search_term_string}"},"query-input":{"@type":"PropertyValueSpecification","valueRequired":true,"valueName":"search_term_string"}}],"inLanguage":"pt-BR"}]}},"_links":{"self":[{"href":"https:\/\/wordpress.ft.unicamp.br\/gotas\/wp-json\/wp\/v2\/pages\/338","targetHints":{"allow":["GET"]}}],"collection":[{"href":"https:\/\/wordpress.ft.unicamp.br\/gotas\/wp-json\/wp\/v2\/pages"}],"about":[{"href":"https:\/\/wordpress.ft.unicamp.br\/gotas\/wp-json\/wp\/v2\/types\/page"}],"author":[{"embeddable":true,"href":"https:\/\/wordpress.ft.unicamp.br\/gotas\/wp-json\/wp\/v2\/users\/25"}],"replies":[{"embeddable":true,"href":"https:\/\/wordpress.ft.unicamp.br\/gotas\/wp-json\/wp\/v2\/comments?post=338"}],"version-history":[{"count":7,"href":"https:\/\/wordpress.ft.unicamp.br\/gotas\/wp-json\/wp\/v2\/pages\/338\/revisions"}],"predecessor-version":[{"id":434,"href":"https:\/\/wordpress.ft.unicamp.br\/gotas\/wp-json\/wp\/v2\/pages\/338\/revisions\/434"}],"wp:attachment":[{"href":"https:\/\/wordpress.ft.unicamp.br\/gotas\/wp-json\/wp\/v2\/media?parent=338"}],"curies":[{"name":"wp","href":"https:\/\/api.w.org\/{rel}","templated":true}]}}