{"id":341,"date":"2022-08-22T17:33:47","date_gmt":"2022-08-22T17:33:47","guid":{"rendered":"https:\/\/wordpress.ft.unicamp.br\/gotas\/?page_id=341"},"modified":"2022-08-22T17:33:48","modified_gmt":"2022-08-22T17:33:48","slug":"historial-2","status":"publish","type":"page","link":"https:\/\/wordpress.ft.unicamp.br\/gotas\/es\/historial-2\/","title":{"rendered":"Historial"},"content":{"rendered":"\n<p>El Grupo de Optimizaci\u00f3n de Tecnolog\u00edas Anal\u00edticas Aplicadas a Muestras Medioambientales y Sanitarias (GOTAS) ha sido criado junto al Consejo Nacional de Desarrollo Cient\u00edfico y Tecnol\u00f3gico (CNPq) en 28 de octubre de 2016, bajo la coordinaci\u00f3n de Prof. Enelton Fagnani. El logo puede ser visto abajo:<\/p>\n\n\n\n<figure class=\"wp-block-image size-full\"><img decoding=\"async\" width=\"300\" height=\"102\" src=\"https:\/\/wordpress.ft.unicamp.br\/gotas\/wp-content\/uploads\/sites\/35\/2022\/08\/image.png\" alt=\"\" class=\"wp-image-325\" \/><\/figure>\n\n\n\n<p>El logo se refiere al acr\u00f3nimo del grupo, con la letra \u201cO\u201d dise\u00f1ada como gotas, pues el matriz medioambiental agua es predominante en las investigaciones. La letra \u201cT\u201d es una adaptaci\u00f3n del s\u00edmbolo de la Facultad de Tecnolog\u00eda, referenciando a un grifo, de donde las gotas se originan. <\/p>\n\n\n\n<figure class=\"wp-block-image size-full\"><img fetchpriority=\"high\" decoding=\"async\" width=\"300\" height=\"272\" src=\"https:\/\/wordpress.ft.unicamp.br\/gotas\/wp-content\/uploads\/sites\/35\/2022\/08\/image-1.png\" alt=\"\" class=\"wp-image-326\" \/><\/figure>\n\n\n\n<p>La letra \u201cA\u201d presenta el n\u00famero 4 resaltado en negro, referenciando las quatro palabras empezadas con esa letra y que componen el nombre del grupo en Portugu\u00e9s (Anal\u00edticas Aplicadas a Amostras Ambientais). Por fin, la letra \u201cS\u201d hace alusi\u00f3n a la area sanitaria. Piensando siempre en colaborar humildemente con el escenario nacional e internacional, el nombre del grupo como un todo hace menci\u00f3n al poema intitulado <em><a href=\"https:\/\/wordpress.ft.unicamp.br\/gotas\/wp-content\/uploads\/sites\/35\/2017\/10\/Oceans-are-made-of-water-drops.pdf\">Oceanos son hechos de gotas de agua<\/a><\/em>, adoptando-o como lema e inspiraci\u00f3n. Al fin y al cabo, \u201c\u2026 son peque\u00f1as gotas de \u00e1gua que hacen todo el gran oceano\u201d<\/p>\n","protected":false},"excerpt":{"rendered":"<p>El Grupo de Optimizaci\u00f3n de Tecnolog\u00edas Anal\u00edticas Aplicadas a Muestras Medioambientales y Sanitarias (GOTAS) ha sido criado junto al Consejo Nacional de Desarrollo Cient\u00edfico y Tecnol\u00f3gico (CNPq) en 28 de octubre de 2016, bajo la coordinaci\u00f3n de Prof. Enelton Fagnani. &hellip; <a href=\"https:\/\/wordpress.ft.unicamp.br\/gotas\/es\/historial-2\/\">Continue lendo <span class=\"meta-nav\">&rarr;<\/span><\/a><\/p>\n","protected":false},"author":25,"featured_media":0,"parent":0,"menu_order":0,"comment_status":"closed","ping_status":"closed","template":"","meta":{"footnotes":""},"class_list":["post-341","page","type-page","status-publish","hentry"],"yoast_head":"<!-- This site is optimized with the Yoast SEO plugin v27.3 - https:\/\/yoast.com\/product\/yoast-seo-wordpress\/ -->\n<title>Historial - GOTAS<\/title>\n<meta name=\"robots\" content=\"index, follow, max-snippet:-1, max-image-preview:large, max-video-preview:-1\" \/>\n<link rel=\"canonical\" href=\"https:\/\/wordpress.ft.unicamp.br\/gotas\/es\/historial-2\/\" \/>\n<meta property=\"og:locale\" content=\"pt_BR\" \/>\n<meta property=\"og:type\" content=\"article\" \/>\n<meta property=\"og:title\" content=\"Historial - GOTAS\" \/>\n<meta property=\"og:description\" content=\"El Grupo de Optimizaci\u00f3n de Tecnolog\u00edas Anal\u00edticas Aplicadas a Muestras Medioambientales y Sanitarias (GOTAS) ha sido criado junto al Consejo Nacional de Desarrollo Cient\u00edfico y Tecnol\u00f3gico (CNPq) en 28 de octubre de 2016, bajo la coordinaci\u00f3n de Prof. Enelton Fagnani. &hellip; Continue lendo &rarr;\" \/>\n<meta property=\"og:url\" content=\"https:\/\/wordpress.ft.unicamp.br\/gotas\/es\/historial-2\/\" \/>\n<meta property=\"og:site_name\" content=\"GOTAS\" \/>\n<meta property=\"article:modified_time\" content=\"2022-08-22T17:33:48+00:00\" \/>\n<meta property=\"og:image\" content=\"https:\/\/wordpress.ft.unicamp.br\/gotas\/wp-content\/uploads\/sites\/35\/2022\/08\/image.png\" \/>\n<meta name=\"twitter:card\" content=\"summary_large_image\" \/>\n<meta name=\"twitter:label1\" content=\"Est. tempo de leitura\" \/>\n\t<meta name=\"twitter:data1\" content=\"2 minutos\" \/>\n<script type=\"application\/ld+json\" class=\"yoast-schema-graph\">{\"@context\":\"https:\\\/\\\/schema.org\",\"@graph\":[{\"@type\":\"WebPage\",\"@id\":\"https:\\\/\\\/wordpress.ft.unicamp.br\\\/gotas\\\/es\\\/historial-2\\\/\",\"url\":\"https:\\\/\\\/wordpress.ft.unicamp.br\\\/gotas\\\/es\\\/historial-2\\\/\",\"name\":\"Historial - GOTAS\",\"isPartOf\":{\"@id\":\"https:\\\/\\\/wordpress.ft.unicamp.br\\\/gotas\\\/#website\"},\"primaryImageOfPage\":{\"@id\":\"https:\\\/\\\/wordpress.ft.unicamp.br\\\/gotas\\\/es\\\/historial-2\\\/#primaryimage\"},\"image\":{\"@id\":\"https:\\\/\\\/wordpress.ft.unicamp.br\\\/gotas\\\/es\\\/historial-2\\\/#primaryimage\"},\"thumbnailUrl\":\"https:\\\/\\\/wordpress.ft.unicamp.br\\\/gotas\\\/wp-content\\\/uploads\\\/sites\\\/35\\\/2022\\\/08\\\/image.png\",\"datePublished\":\"2022-08-22T17:33:47+00:00\",\"dateModified\":\"2022-08-22T17:33:48+00:00\",\"breadcrumb\":{\"@id\":\"https:\\\/\\\/wordpress.ft.unicamp.br\\\/gotas\\\/es\\\/historial-2\\\/#breadcrumb\"},\"inLanguage\":\"pt-BR\",\"potentialAction\":[{\"@type\":\"ReadAction\",\"target\":[\"https:\\\/\\\/wordpress.ft.unicamp.br\\\/gotas\\\/es\\\/historial-2\\\/\"]}]},{\"@type\":\"ImageObject\",\"inLanguage\":\"pt-BR\",\"@id\":\"https:\\\/\\\/wordpress.ft.unicamp.br\\\/gotas\\\/es\\\/historial-2\\\/#primaryimage\",\"url\":\"https:\\\/\\\/wordpress.ft.unicamp.br\\\/gotas\\\/wp-content\\\/uploads\\\/sites\\\/35\\\/2022\\\/08\\\/image.png\",\"contentUrl\":\"https:\\\/\\\/wordpress.ft.unicamp.br\\\/gotas\\\/wp-content\\\/uploads\\\/sites\\\/35\\\/2022\\\/08\\\/image.png\",\"width\":300,\"height\":102},{\"@type\":\"BreadcrumbList\",\"@id\":\"https:\\\/\\\/wordpress.ft.unicamp.br\\\/gotas\\\/es\\\/historial-2\\\/#breadcrumb\",\"itemListElement\":[{\"@type\":\"ListItem\",\"position\":1,\"name\":\"Home\",\"item\":\"https:\\\/\\\/wordpress.ft.unicamp.br\\\/gotas\\\/en\\\/home-2\\\/\"},{\"@type\":\"ListItem\",\"position\":2,\"name\":\"Historial\"}]},{\"@type\":\"WebSite\",\"@id\":\"https:\\\/\\\/wordpress.ft.unicamp.br\\\/gotas\\\/#website\",\"url\":\"https:\\\/\\\/wordpress.ft.unicamp.br\\\/gotas\\\/\",\"name\":\"GOTAS\",\"description\":\"Grupo de Otimiza\u00e7\u00e3o de Tecnologias Anal\u00edticas Aplicadas a Amostras Ambientais e Sanit\u00e1rias\",\"potentialAction\":[{\"@type\":\"SearchAction\",\"target\":{\"@type\":\"EntryPoint\",\"urlTemplate\":\"https:\\\/\\\/wordpress.ft.unicamp.br\\\/gotas\\\/?s={search_term_string}\"},\"query-input\":{\"@type\":\"PropertyValueSpecification\",\"valueRequired\":true,\"valueName\":\"search_term_string\"}}],\"inLanguage\":\"pt-BR\"}]}<\/script>\n<!-- \/ Yoast SEO plugin. -->","yoast_head_json":{"title":"Historial - GOTAS","robots":{"index":"index","follow":"follow","max-snippet":"max-snippet:-1","max-image-preview":"max-image-preview:large","max-video-preview":"max-video-preview:-1"},"canonical":"https:\/\/wordpress.ft.unicamp.br\/gotas\/es\/historial-2\/","og_locale":"pt_BR","og_type":"article","og_title":"Historial - GOTAS","og_description":"El Grupo de Optimizaci\u00f3n de Tecnolog\u00edas Anal\u00edticas Aplicadas a Muestras Medioambientales y Sanitarias (GOTAS) ha sido criado junto al Consejo Nacional de Desarrollo Cient\u00edfico y Tecnol\u00f3gico (CNPq) en 28 de octubre de 2016, bajo la coordinaci\u00f3n de Prof. Enelton Fagnani. &hellip; Continue lendo &rarr;","og_url":"https:\/\/wordpress.ft.unicamp.br\/gotas\/es\/historial-2\/","og_site_name":"GOTAS","article_modified_time":"2022-08-22T17:33:48+00:00","og_image":[{"url":"https:\/\/wordpress.ft.unicamp.br\/gotas\/wp-content\/uploads\/sites\/35\/2022\/08\/image.png","type":"","width":"","height":""}],"twitter_card":"summary_large_image","twitter_misc":{"Est. tempo de leitura":"2 minutos"},"schema":{"@context":"https:\/\/schema.org","@graph":[{"@type":"WebPage","@id":"https:\/\/wordpress.ft.unicamp.br\/gotas\/es\/historial-2\/","url":"https:\/\/wordpress.ft.unicamp.br\/gotas\/es\/historial-2\/","name":"Historial - GOTAS","isPartOf":{"@id":"https:\/\/wordpress.ft.unicamp.br\/gotas\/#website"},"primaryImageOfPage":{"@id":"https:\/\/wordpress.ft.unicamp.br\/gotas\/es\/historial-2\/#primaryimage"},"image":{"@id":"https:\/\/wordpress.ft.unicamp.br\/gotas\/es\/historial-2\/#primaryimage"},"thumbnailUrl":"https:\/\/wordpress.ft.unicamp.br\/gotas\/wp-content\/uploads\/sites\/35\/2022\/08\/image.png","datePublished":"2022-08-22T17:33:47+00:00","dateModified":"2022-08-22T17:33:48+00:00","breadcrumb":{"@id":"https:\/\/wordpress.ft.unicamp.br\/gotas\/es\/historial-2\/#breadcrumb"},"inLanguage":"pt-BR","potentialAction":[{"@type":"ReadAction","target":["https:\/\/wordpress.ft.unicamp.br\/gotas\/es\/historial-2\/"]}]},{"@type":"ImageObject","inLanguage":"pt-BR","@id":"https:\/\/wordpress.ft.unicamp.br\/gotas\/es\/historial-2\/#primaryimage","url":"https:\/\/wordpress.ft.unicamp.br\/gotas\/wp-content\/uploads\/sites\/35\/2022\/08\/image.png","contentUrl":"https:\/\/wordpress.ft.unicamp.br\/gotas\/wp-content\/uploads\/sites\/35\/2022\/08\/image.png","width":300,"height":102},{"@type":"BreadcrumbList","@id":"https:\/\/wordpress.ft.unicamp.br\/gotas\/es\/historial-2\/#breadcrumb","itemListElement":[{"@type":"ListItem","position":1,"name":"Home","item":"https:\/\/wordpress.ft.unicamp.br\/gotas\/en\/home-2\/"},{"@type":"ListItem","position":2,"name":"Historial"}]},{"@type":"WebSite","@id":"https:\/\/wordpress.ft.unicamp.br\/gotas\/#website","url":"https:\/\/wordpress.ft.unicamp.br\/gotas\/","name":"GOTAS","description":"Grupo de Otimiza\u00e7\u00e3o de Tecnologias Anal\u00edticas Aplicadas a Amostras Ambientais e Sanit\u00e1rias","potentialAction":[{"@type":"SearchAction","target":{"@type":"EntryPoint","urlTemplate":"https:\/\/wordpress.ft.unicamp.br\/gotas\/?s={search_term_string}"},"query-input":{"@type":"PropertyValueSpecification","valueRequired":true,"valueName":"search_term_string"}}],"inLanguage":"pt-BR"}]}},"_links":{"self":[{"href":"https:\/\/wordpress.ft.unicamp.br\/gotas\/wp-json\/wp\/v2\/pages\/341","targetHints":{"allow":["GET"]}}],"collection":[{"href":"https:\/\/wordpress.ft.unicamp.br\/gotas\/wp-json\/wp\/v2\/pages"}],"about":[{"href":"https:\/\/wordpress.ft.unicamp.br\/gotas\/wp-json\/wp\/v2\/types\/page"}],"author":[{"embeddable":true,"href":"https:\/\/wordpress.ft.unicamp.br\/gotas\/wp-json\/wp\/v2\/users\/25"}],"replies":[{"embeddable":true,"href":"https:\/\/wordpress.ft.unicamp.br\/gotas\/wp-json\/wp\/v2\/comments?post=341"}],"version-history":[{"count":1,"href":"https:\/\/wordpress.ft.unicamp.br\/gotas\/wp-json\/wp\/v2\/pages\/341\/revisions"}],"predecessor-version":[{"id":342,"href":"https:\/\/wordpress.ft.unicamp.br\/gotas\/wp-json\/wp\/v2\/pages\/341\/revisions\/342"}],"wp:attachment":[{"href":"https:\/\/wordpress.ft.unicamp.br\/gotas\/wp-json\/wp\/v2\/media?parent=341"}],"curies":[{"name":"wp","href":"https:\/\/api.w.org\/{rel}","templated":true}]}}