{"id":343,"date":"2022-08-22T17:35:22","date_gmt":"2022-08-22T17:35:22","guid":{"rendered":"https:\/\/wordpress.ft.unicamp.br\/gotas\/?page_id=343"},"modified":"2022-09-01T16:56:54","modified_gmt":"2022-09-01T16:56:54","slug":"quienes-somos-2","status":"publish","type":"page","link":"https:\/\/wordpress.ft.unicamp.br\/gotas\/es\/quienes-somos-2\/","title":{"rendered":"Quienes somos"},"content":{"rendered":"\n<p>Coordinador:<\/p>\n\n\n\n<p>Prof. Dr. Enelton Fagnani \u2013 Facultad de Tecnolog\u00eda (UNICAMP, Limeira-SP)<\/p>\n\n\n\n<p><a href=\"https:\/\/orcid.org\/0000-0002-2409-5070\">ORCiD<\/a>&nbsp;&nbsp;&nbsp;&nbsp;&nbsp;&nbsp;&nbsp;&nbsp;&nbsp;&nbsp;&nbsp;&nbsp;&nbsp;&nbsp;&nbsp;&nbsp;&nbsp;&nbsp; <a href=\"https:\/\/www.researchgate.net\/profile\/Enelton-Fagnani-2\">ResearchGate<\/a>&nbsp;&nbsp;&nbsp;&nbsp;&nbsp;&nbsp;&nbsp;&nbsp;&nbsp;&nbsp;&nbsp;&nbsp;&nbsp;&nbsp;&nbsp;&nbsp;&nbsp; <a href=\"https:\/\/wordpress.ft.unicamp.br\/enelton\/en\/home-2\/\">P\u00e1gina web personal<\/a><\/p>\n\n\n\n<p>Investigadores colaboradores:<\/p>\n\n\n\n<p><a href=\"https:\/\/orcid.org\/0000-0003-0608-0278\">Prof. Dr. Edenir Rodrigues Pereira-Filho<\/a> \u2013 Departamento de Qu\u00edmica (UFSCar, S\u00e3o Carlos-SP)<\/p>\n\n\n\n<p><a href=\"https:\/\/orcid.org\/0000-0003-4967-6573\">Prof. Dr. Jos\u00e9 Roberto Guimar\u00e3es<\/a> \u2013 Facultad de Ingenier\u00eda Civil, Arquitectura y Dise\u00f1o Urbano (UNICAMP, Campinas-SP)<\/p>\n\n\n\n<p><a href=\"https:\/\/orcid.org\/0000-0003-1518-1804\">Prof. Dr. Pedro S\u00e9rgio Fadini<\/a> \u2013 Departamento de Qu\u00edmica (UFSCar, S\u00e3o Carlos-SP)<\/p>\n\n\n\n<p><a href=\"https:\/\/orcid.org\/0000-0001-6208-8763\">Prof. Dr. Renato Falc\u00e3o Dantas<\/a> &#8211; Facultad de Tecnolog\u00eda (UNICAMP, Limeira-SP)<\/p>\n\n\n\n<p>MSc. Fernando Pena Candello \u2013 investigador &#8211; Facultad de Ingenier\u00eda Civil, Arquitectura y Dise\u00f1o Urbano (UNICAMP, Campinas-SP)<\/p>\n\n\n\n<p><a href=\"https:\/\/orcid.org\/0000-0002-8973-2149\">Dra. Joyce Cristale<\/a> \u2013 investigadora &#8211; Facultad de Tecnolog\u00eda (UNICAMP, Limeira-SP) y Centro de Energ\u00eda Nuclear en la Agricultura (CENA-USP, Piracicaba-SP)<\/p>\n\n\n\n<p>Dr. Paulo Eduardo dos Santos Soldera \u2013 investigador \u2013 Gerenciamento Ambiental Ltda (Campinas-SP)<\/p>\n\n\n\n<p>Estudiantes actualmente involucrados:<\/p>\n\n\n\n<p>Amanda Ara\u00fajo da Silva \u2013 Pre-doctorado en Tecnolog\u00eda (FT UNICAMP)<\/p>\n\n\n\n<p>Belisa Lima Soares \u2013 Pre-doctorado en Tecnolog\u00eda (FT UNICAMP)<\/p>\n\n\n\n<p>Caroline Mayara Pessoa \u2013 Pre-M\u00e1ster en Tecnolog\u00eda (FT UNICAMP)<\/p>\n\n\n\n<p>Livia Saldanha Bolognese &#8211; Iniciaci\u00f3n a la investigaci\u00f3n &#8211; nivel grado (FT UNICAMP)<\/p>\n\n\n\n<p>Nadiely Cristina Silva &#8211; Iniciaci\u00f3n a la investigaci\u00f3n &#8211; nivel grado (FT UNICAMP)<\/p>\n\n\n\n<p><\/p>\n","protected":false},"excerpt":{"rendered":"<p>Coordinador: Prof. Dr. Enelton Fagnani \u2013 Facultad de Tecnolog\u00eda (UNICAMP, Limeira-SP) ORCiD&nbsp;&nbsp;&nbsp;&nbsp;&nbsp;&nbsp;&nbsp;&nbsp;&nbsp;&nbsp;&nbsp;&nbsp;&nbsp;&nbsp;&nbsp;&nbsp;&nbsp;&nbsp; ResearchGate&nbsp;&nbsp;&nbsp;&nbsp;&nbsp;&nbsp;&nbsp;&nbsp;&nbsp;&nbsp;&nbsp;&nbsp;&nbsp;&nbsp;&nbsp;&nbsp;&nbsp; P\u00e1gina web personal Investigadores colaboradores: Prof. Dr. Edenir Rodrigues Pereira-Filho \u2013 Departamento de Qu\u00edmica (UFSCar, S\u00e3o Carlos-SP) Prof. Dr. Jos\u00e9 Roberto Guimar\u00e3es \u2013 Facultad de Ingenier\u00eda Civil, &hellip; <a href=\"https:\/\/wordpress.ft.unicamp.br\/gotas\/es\/quienes-somos-2\/\">Continue lendo <span class=\"meta-nav\">&rarr;<\/span><\/a><\/p>\n","protected":false},"author":25,"featured_media":81,"parent":0,"menu_order":-2,"comment_status":"closed","ping_status":"closed","template":"","meta":{"footnotes":""},"class_list":["post-343","page","type-page","status-publish","has-post-thumbnail","hentry"],"yoast_head":"<!-- This site is optimized with the Yoast SEO plugin v27.3 - https:\/\/yoast.com\/product\/yoast-seo-wordpress\/ -->\n<title>Quienes somos - GOTAS<\/title>\n<meta name=\"robots\" content=\"index, follow, max-snippet:-1, max-image-preview:large, max-video-preview:-1\" \/>\n<link rel=\"canonical\" href=\"https:\/\/wordpress.ft.unicamp.br\/gotas\/es\/quienes-somos-2\/\" \/>\n<meta property=\"og:locale\" content=\"pt_BR\" \/>\n<meta property=\"og:type\" content=\"article\" \/>\n<meta property=\"og:title\" content=\"Quienes somos - GOTAS\" \/>\n<meta property=\"og:description\" content=\"Coordinador: Prof. Dr. Enelton Fagnani \u2013 Facultad de Tecnolog\u00eda (UNICAMP, Limeira-SP) ORCiD&nbsp;&nbsp;&nbsp;&nbsp;&nbsp;&nbsp;&nbsp;&nbsp;&nbsp;&nbsp;&nbsp;&nbsp;&nbsp;&nbsp;&nbsp;&nbsp;&nbsp;&nbsp; ResearchGate&nbsp;&nbsp;&nbsp;&nbsp;&nbsp;&nbsp;&nbsp;&nbsp;&nbsp;&nbsp;&nbsp;&nbsp;&nbsp;&nbsp;&nbsp;&nbsp;&nbsp; P\u00e1gina web personal Investigadores colaboradores: Prof. Dr. Edenir Rodrigues Pereira-Filho \u2013 Departamento de Qu\u00edmica (UFSCar, S\u00e3o Carlos-SP) Prof. Dr. Jos\u00e9 Roberto Guimar\u00e3es \u2013 Facultad de Ingenier\u00eda Civil, &hellip; Continue lendo &rarr;\" \/>\n<meta property=\"og:url\" content=\"https:\/\/wordpress.ft.unicamp.br\/gotas\/es\/quienes-somos-2\/\" \/>\n<meta property=\"og:site_name\" content=\"GOTAS\" \/>\n<meta property=\"article:modified_time\" content=\"2022-09-01T16:56:54+00:00\" \/>\n<meta property=\"og:image\" content=\"http:\/\/wordpress.ft.unicamp.br\/gotas\/wp-content\/uploads\/sites\/35\/2017\/09\/Legendas-Quimiometria-JPEG.jpg\" \/>\n\t<meta property=\"og:image:width\" content=\"960\" \/>\n\t<meta property=\"og:image:height\" content=\"720\" \/>\n\t<meta property=\"og:image:type\" content=\"image\/jpeg\" \/>\n<meta name=\"twitter:card\" content=\"summary_large_image\" \/>\n<meta name=\"twitter:label1\" content=\"Est. tempo de leitura\" \/>\n\t<meta name=\"twitter:data1\" content=\"1 minuto\" \/>\n<script type=\"application\/ld+json\" class=\"yoast-schema-graph\">{\"@context\":\"https:\\\/\\\/schema.org\",\"@graph\":[{\"@type\":\"WebPage\",\"@id\":\"https:\\\/\\\/wordpress.ft.unicamp.br\\\/gotas\\\/es\\\/quienes-somos-2\\\/\",\"url\":\"https:\\\/\\\/wordpress.ft.unicamp.br\\\/gotas\\\/es\\\/quienes-somos-2\\\/\",\"name\":\"Quienes somos - GOTAS\",\"isPartOf\":{\"@id\":\"https:\\\/\\\/wordpress.ft.unicamp.br\\\/gotas\\\/#website\"},\"primaryImageOfPage\":{\"@id\":\"https:\\\/\\\/wordpress.ft.unicamp.br\\\/gotas\\\/es\\\/quienes-somos-2\\\/#primaryimage\"},\"image\":{\"@id\":\"https:\\\/\\\/wordpress.ft.unicamp.br\\\/gotas\\\/es\\\/quienes-somos-2\\\/#primaryimage\"},\"thumbnailUrl\":\"https:\\\/\\\/wordpress.ft.unicamp.br\\\/gotas\\\/wp-content\\\/uploads\\\/sites\\\/35\\\/2017\\\/09\\\/Legendas-Quimiometria-JPEG.jpg\",\"datePublished\":\"2022-08-22T17:35:22+00:00\",\"dateModified\":\"2022-09-01T16:56:54+00:00\",\"breadcrumb\":{\"@id\":\"https:\\\/\\\/wordpress.ft.unicamp.br\\\/gotas\\\/es\\\/quienes-somos-2\\\/#breadcrumb\"},\"inLanguage\":\"pt-BR\",\"potentialAction\":[{\"@type\":\"ReadAction\",\"target\":[\"https:\\\/\\\/wordpress.ft.unicamp.br\\\/gotas\\\/es\\\/quienes-somos-2\\\/\"]}]},{\"@type\":\"ImageObject\",\"inLanguage\":\"pt-BR\",\"@id\":\"https:\\\/\\\/wordpress.ft.unicamp.br\\\/gotas\\\/es\\\/quienes-somos-2\\\/#primaryimage\",\"url\":\"https:\\\/\\\/wordpress.ft.unicamp.br\\\/gotas\\\/wp-content\\\/uploads\\\/sites\\\/35\\\/2017\\\/09\\\/Legendas-Quimiometria-JPEG.jpg\",\"contentUrl\":\"https:\\\/\\\/wordpress.ft.unicamp.br\\\/gotas\\\/wp-content\\\/uploads\\\/sites\\\/35\\\/2017\\\/09\\\/Legendas-Quimiometria-JPEG.jpg\",\"width\":960,\"height\":720},{\"@type\":\"BreadcrumbList\",\"@id\":\"https:\\\/\\\/wordpress.ft.unicamp.br\\\/gotas\\\/es\\\/quienes-somos-2\\\/#breadcrumb\",\"itemListElement\":[{\"@type\":\"ListItem\",\"position\":1,\"name\":\"Home\",\"item\":\"https:\\\/\\\/wordpress.ft.unicamp.br\\\/gotas\\\/en\\\/home-2\\\/\"},{\"@type\":\"ListItem\",\"position\":2,\"name\":\"Quienes somos\"}]},{\"@type\":\"WebSite\",\"@id\":\"https:\\\/\\\/wordpress.ft.unicamp.br\\\/gotas\\\/#website\",\"url\":\"https:\\\/\\\/wordpress.ft.unicamp.br\\\/gotas\\\/\",\"name\":\"GOTAS\",\"description\":\"Grupo de Otimiza\u00e7\u00e3o de Tecnologias Anal\u00edticas Aplicadas a Amostras Ambientais e Sanit\u00e1rias\",\"potentialAction\":[{\"@type\":\"SearchAction\",\"target\":{\"@type\":\"EntryPoint\",\"urlTemplate\":\"https:\\\/\\\/wordpress.ft.unicamp.br\\\/gotas\\\/?s={search_term_string}\"},\"query-input\":{\"@type\":\"PropertyValueSpecification\",\"valueRequired\":true,\"valueName\":\"search_term_string\"}}],\"inLanguage\":\"pt-BR\"}]}<\/script>\n<!-- \/ Yoast SEO plugin. -->","yoast_head_json":{"title":"Quienes somos - GOTAS","robots":{"index":"index","follow":"follow","max-snippet":"max-snippet:-1","max-image-preview":"max-image-preview:large","max-video-preview":"max-video-preview:-1"},"canonical":"https:\/\/wordpress.ft.unicamp.br\/gotas\/es\/quienes-somos-2\/","og_locale":"pt_BR","og_type":"article","og_title":"Quienes somos - GOTAS","og_description":"Coordinador: Prof. Dr. Enelton Fagnani \u2013 Facultad de Tecnolog\u00eda (UNICAMP, Limeira-SP) ORCiD&nbsp;&nbsp;&nbsp;&nbsp;&nbsp;&nbsp;&nbsp;&nbsp;&nbsp;&nbsp;&nbsp;&nbsp;&nbsp;&nbsp;&nbsp;&nbsp;&nbsp;&nbsp; ResearchGate&nbsp;&nbsp;&nbsp;&nbsp;&nbsp;&nbsp;&nbsp;&nbsp;&nbsp;&nbsp;&nbsp;&nbsp;&nbsp;&nbsp;&nbsp;&nbsp;&nbsp; P\u00e1gina web personal Investigadores colaboradores: Prof. Dr. Edenir Rodrigues Pereira-Filho \u2013 Departamento de Qu\u00edmica (UFSCar, S\u00e3o Carlos-SP) Prof. Dr. Jos\u00e9 Roberto Guimar\u00e3es \u2013 Facultad de Ingenier\u00eda Civil, &hellip; Continue lendo &rarr;","og_url":"https:\/\/wordpress.ft.unicamp.br\/gotas\/es\/quienes-somos-2\/","og_site_name":"GOTAS","article_modified_time":"2022-09-01T16:56:54+00:00","og_image":[{"width":960,"height":720,"url":"http:\/\/wordpress.ft.unicamp.br\/gotas\/wp-content\/uploads\/sites\/35\/2017\/09\/Legendas-Quimiometria-JPEG.jpg","type":"image\/jpeg"}],"twitter_card":"summary_large_image","twitter_misc":{"Est. tempo de leitura":"1 minuto"},"schema":{"@context":"https:\/\/schema.org","@graph":[{"@type":"WebPage","@id":"https:\/\/wordpress.ft.unicamp.br\/gotas\/es\/quienes-somos-2\/","url":"https:\/\/wordpress.ft.unicamp.br\/gotas\/es\/quienes-somos-2\/","name":"Quienes somos - GOTAS","isPartOf":{"@id":"https:\/\/wordpress.ft.unicamp.br\/gotas\/#website"},"primaryImageOfPage":{"@id":"https:\/\/wordpress.ft.unicamp.br\/gotas\/es\/quienes-somos-2\/#primaryimage"},"image":{"@id":"https:\/\/wordpress.ft.unicamp.br\/gotas\/es\/quienes-somos-2\/#primaryimage"},"thumbnailUrl":"https:\/\/wordpress.ft.unicamp.br\/gotas\/wp-content\/uploads\/sites\/35\/2017\/09\/Legendas-Quimiometria-JPEG.jpg","datePublished":"2022-08-22T17:35:22+00:00","dateModified":"2022-09-01T16:56:54+00:00","breadcrumb":{"@id":"https:\/\/wordpress.ft.unicamp.br\/gotas\/es\/quienes-somos-2\/#breadcrumb"},"inLanguage":"pt-BR","potentialAction":[{"@type":"ReadAction","target":["https:\/\/wordpress.ft.unicamp.br\/gotas\/es\/quienes-somos-2\/"]}]},{"@type":"ImageObject","inLanguage":"pt-BR","@id":"https:\/\/wordpress.ft.unicamp.br\/gotas\/es\/quienes-somos-2\/#primaryimage","url":"https:\/\/wordpress.ft.unicamp.br\/gotas\/wp-content\/uploads\/sites\/35\/2017\/09\/Legendas-Quimiometria-JPEG.jpg","contentUrl":"https:\/\/wordpress.ft.unicamp.br\/gotas\/wp-content\/uploads\/sites\/35\/2017\/09\/Legendas-Quimiometria-JPEG.jpg","width":960,"height":720},{"@type":"BreadcrumbList","@id":"https:\/\/wordpress.ft.unicamp.br\/gotas\/es\/quienes-somos-2\/#breadcrumb","itemListElement":[{"@type":"ListItem","position":1,"name":"Home","item":"https:\/\/wordpress.ft.unicamp.br\/gotas\/en\/home-2\/"},{"@type":"ListItem","position":2,"name":"Quienes somos"}]},{"@type":"WebSite","@id":"https:\/\/wordpress.ft.unicamp.br\/gotas\/#website","url":"https:\/\/wordpress.ft.unicamp.br\/gotas\/","name":"GOTAS","description":"Grupo de Otimiza\u00e7\u00e3o de Tecnologias Anal\u00edticas Aplicadas a Amostras Ambientais e Sanit\u00e1rias","potentialAction":[{"@type":"SearchAction","target":{"@type":"EntryPoint","urlTemplate":"https:\/\/wordpress.ft.unicamp.br\/gotas\/?s={search_term_string}"},"query-input":{"@type":"PropertyValueSpecification","valueRequired":true,"valueName":"search_term_string"}}],"inLanguage":"pt-BR"}]}},"_links":{"self":[{"href":"https:\/\/wordpress.ft.unicamp.br\/gotas\/wp-json\/wp\/v2\/pages\/343","targetHints":{"allow":["GET"]}}],"collection":[{"href":"https:\/\/wordpress.ft.unicamp.br\/gotas\/wp-json\/wp\/v2\/pages"}],"about":[{"href":"https:\/\/wordpress.ft.unicamp.br\/gotas\/wp-json\/wp\/v2\/types\/page"}],"author":[{"embeddable":true,"href":"https:\/\/wordpress.ft.unicamp.br\/gotas\/wp-json\/wp\/v2\/users\/25"}],"replies":[{"embeddable":true,"href":"https:\/\/wordpress.ft.unicamp.br\/gotas\/wp-json\/wp\/v2\/comments?post=343"}],"version-history":[{"count":4,"href":"https:\/\/wordpress.ft.unicamp.br\/gotas\/wp-json\/wp\/v2\/pages\/343\/revisions"}],"predecessor-version":[{"id":374,"href":"https:\/\/wordpress.ft.unicamp.br\/gotas\/wp-json\/wp\/v2\/pages\/343\/revisions\/374"}],"wp:featuredmedia":[{"embeddable":true,"href":"https:\/\/wordpress.ft.unicamp.br\/gotas\/wp-json\/wp\/v2\/media\/81"}],"wp:attachment":[{"href":"https:\/\/wordpress.ft.unicamp.br\/gotas\/wp-json\/wp\/v2\/media?parent=343"}],"curies":[{"name":"wp","href":"https:\/\/api.w.org\/{rel}","templated":true}]}}